{"id":103,"date":"2023-11-16T12:02:47","date_gmt":"2023-11-16T12:02:47","guid":{"rendered":"https:\/\/exceladvisor.org\/es\/este-cuaderno\/"},"modified":"2023-12-25T10:31:33","modified_gmt":"2023-12-25T10:31:33","slug":"este-cuaderno","status":"publish","type":"page","link":"https:\/\/exceladvisor.org\/es\/este-cuaderno\/","title":{"rendered":"\u00bfc\u00f3mo utilizar la variable vba thisworkbook en excel?"},"content":{"rendered":"<div class=\"excel-antes-del-contenido\" id=\"excel-3678042580\"><script type=\"text\/javascript\">\r\n\tatOptions = {\r\n\t\t'key' : 'c1158f160081d6540a8409e6925dab94',\r\n\t\t'format' : 'iframe',\r\n\t\t'height' : 250,\r\n\t\t'width' : 300,\r\n\t\t'params' : {}\r\n\t};\r\n<\/script>\r\n<script type=\"text\/javascript\" src=\"\/\/www.highperformanceformat.com\/c1158f160081d6540a8409e6925dab94\/invoke.js\"><\/script><\/div><p>En VBA, puede utilizar la propiedad ThisWorkbook para hacer referencia al libro de trabajo en el que escribe el c\u00f3digo. Cuando lo usa, tiene acceso a todas las propiedades y m\u00e9todos del libro actual. En pocas palabras, puede <strong>ejecutar todas las tareas en el libro actual<\/strong> sin usar el nombre.<\/p>\n<p> Suponga que desea contar las hojas del libro actual. El c\u00f3digo que necesitas escribir ser\u00eda el siguiente. <\/p>\n<pre class=\"wp-block-code\"> <code class=\"language-visual-basic\" lang=\"visual-basic\">Sub vba_thisworkbook() MsgBox ThisWorkbook.Sheets.Count End Sub<\/code><\/pre>\n<div class=\"wp-block-image\">\n<figure class=\"aligncenter size-large is-resized\"><img loading=\"lazy\" decoding=\"async\" class=\"wp-image-52718\" src=\"https:\/\/exceladvisor.org\/wp-content\/uploads\/2023\/08\/1-vba-ce-classeur.png\" sizes=\"auto, \" srcset=\"\" alt=\"vba-este libro de trabajo\" width=\"724\" height=\"283\"><\/figure>\n<\/div>\n<p> Cuando ejecuta este c\u00f3digo, aparece un cuadro de mensaje con la cantidad de hojas que tiene en el libro actual. <\/p>\n<div class=\"wp-block-image\">\n<figure class=\"aligncenter size-large is-resized\"><img loading=\"lazy\" decoding=\"async\" class=\"wp-image-52719\" src=\"https:\/\/exceladvisor.org\/wp-content\/uploads\/2023\/08\/2-boites-de-message-avec-le-nombre-de-feuilles.png\" sizes=\"auto, \" srcset=\"\" alt=\"cuadro-de-mensaje-con-recuento-de-hojas\" width=\"316\" height=\"281\"><\/figure>\n<\/div>\n<p> Como dije, cuando usas ThisWorkbook, te da acceso a las propiedades y al m\u00e9todo del libro de trabajo actual. Puede ver todo esto cuando ingresa un punto (.) para ver la lista completa. <\/p>\n<div class=\"wp-block-image\">\n<figure class=\"aligncenter size-large is-resized\"><img loading=\"lazy\" decoding=\"async\" class=\"wp-image-52720\" src=\"https:\/\/exceladvisor.org\/wp-content\/uploads\/2023\/08\/3-acces-aux-proprietes.png\" sizes=\"auto, \" srcset=\"\" alt=\"acceso a propiedades\" width=\"362\" height=\"220\"><\/figure>\n<\/div>\n<p class=\"content-box-grey\"> <em>Enlaces \u00fatiles: <a href=\"https:\/\/exceladvisor.org\/es\/ejecutar-una-macro-2\/\">Ejecutar una macro<\/a> \u2013 <a href=\"https:\/\/exceladvisor.org\/es\/grabar-una-macro\/\">Grabador de macros<\/a> \u2013 <a href=\"https:\/\/exceladvisor.org\/es\/editor-visual-basico\/\">Editor de Visual Basic<\/a> \u2013 <a href=\"https:\/\/exceladvisor.org\/es\/cuaderno-macro-personal\/\">Manual de macros personales<\/a><\/em><\/p>\n<h2 class=\"wp-block-heading\"> Usando ThisWorkbook con una variable<\/h2>\n<p> A continuaci\u00f3n, le mostrar\u00e9 un ejemplo de c\u00f3digo real para declarar una variable para usar la propiedad ThisWorkbook. Suponga que desea realizar varias actividades en el libro de trabajo actual.<\/p>\n<pre class=\"wp-block-code\"> <code class=\"language-visual-basic\" lang=\"visual-basic\">Sub vba_thisworkbook() Dim myWB As Workbook Set myWB = ThisWorkbook With myWB .Activate .Sheets(1).Activate .Range(\"A1\") = Now .Save .Close End With End Sub<\/code><\/pre>\n<p> En la primera parte de este c\u00f3digo, tiene una variable, luego as\u00edgnele la propiedad \u00abThisWorkbook\u00bb. Y luego, en la segunda parte, tienes la DECLARACI\u00d3N CON para realizar m\u00faltiples actividades con la variable actual.<\/p>\n<h2 class=\"wp-block-heading\"> ActiveWorkBook versus este libro de trabajo<\/h2>\n<p> D\u00e9jame explic\u00e1rtelo con una simple analog\u00eda, as\u00ed que ten paciencia durante los pr\u00f3ximos 2 minutos.<\/p>\n<p> Tiene dos libros abiertos al mismo tiempo (Libro1 y Libro2). <strong>Escribe c\u00f3digo en el libro1<\/strong> pero el libro2 est\u00e1 activo en este punto. Entonces, cuando ejecute este c\u00f3digo que hace referencia a ActiveWorkbook, <strong>realizar\u00e1 esta actividad en Book2<\/strong> .<\/p>\n<p> Pero cuando usa ThisWorkbook, VBA siempre hace referencia al libro de trabajo en el que est\u00e1 escrito el c\u00f3digo.<\/p>\n<p> <strong>Aqu\u00ed est\u00e1 la cuesti\u00f3n:<\/strong> siempre es mejor utilizar ThisWorkbook porque elimina la posibilidad de error.<\/p>\n<h2 class=\"wp-block-heading\" style=\"font-size: 22px;\"> Obtenga m\u00e1s informaci\u00f3n sobre los libros de trabajo de VBA<\/h2>\n<ul>\n<li class=\"has-normal-font-size\"> <a href=\"https:\/\/exceladvisor.org\/es\/guardar-libro-de-trabajo\/\">Guardar libro de trabajo de VBA<\/a><\/li>\n<li class=\"has-normal-font-size\"> <a href=\"https:\/\/exceladvisor.org\/es\/cerrar-el-libro-de-trabajo\/\">VBA Cerrar libro de trabajo<\/a><\/li>\n<li class=\"has-normal-font-size\"> <a href=\"https:\/\/exceladvisor.org\/es\/borrar-archivo\/\">VBA Eliminar libro de trabajo<\/a><\/li>\n<li class=\"has-normal-font-size\"> <a href=\"https:\/\/exceladvisor.org\/es\/cambiar-el-nombre-del-libro-de-trabajo\/\">Libro de trabajo de cambio de nombre de VBA<\/a><\/li>\n<li class=\"has-normal-font-size\"> <a href=\"https:\/\/exceladvisor.org\/es\/activar-libro-de-trabajo\/\">Libro de trabajo de activaci\u00f3n de VBA<\/a><\/li>\n<\/ul>\n","protected":false},"excerpt":{"rendered":"<p>En VBA, puede utilizar la propiedad ThisWorkbook para hacer referencia al libro de trabajo en el que escribe el c\u00f3digo. Cuando lo usa, tiene acceso a todas las propiedades y m\u00e9todos del libro actual. En pocas palabras, puede ejecutar todas las tareas en el libro actual sin usar el nombre. Suponga que desea contar las [&hellip;]<\/p>\n","protected":false},"author":1,"featured_media":0,"parent":0,"menu_order":0,"comment_status":"open","ping_status":"closed","template":"","meta":{"ub_ctt_via":"","footnotes":""},"class_list":["post-103","page","type-page","status-publish","hentry"],"featured_image_src":null,"yoast_head":"<!-- This site is optimized with the Yoast SEO plugin v25.4 - https:\/\/yoast.com\/wordpress\/plugins\/seo\/ -->\n<title>\u00bfc\u00f3mo utilizar la variable vba thisworkbook en excel?<\/title>\n<meta name=\"robots\" content=\"index, follow, max-snippet:-1, max-image-preview:large, max-video-preview:-1\" \/>\n<link rel=\"canonical\" href=\"https:\/\/exceladvisor.org\/es\/este-cuaderno\/\" \/>\n<meta property=\"og:locale\" content=\"es_ES\" \/>\n<meta property=\"og:type\" content=\"article\" \/>\n<meta property=\"og:title\" content=\"\u00bfc\u00f3mo utilizar la variable vba thisworkbook en excel?\" \/>\n<meta property=\"og:description\" content=\"En VBA, puede utilizar la propiedad ThisWorkbook para hacer referencia al libro de trabajo en el que escribe el c\u00f3digo. Cuando lo usa, tiene acceso a todas las propiedades y m\u00e9todos del libro actual. En pocas palabras, puede ejecutar todas las tareas en el libro actual sin usar el nombre. Suponga que desea contar las [&hellip;]\" \/>\n<meta property=\"og:url\" content=\"https:\/\/exceladvisor.org\/es\/este-cuaderno\/\" \/>\n<meta property=\"og:site_name\" content=\"Excel Advisor\" \/>\n<meta property=\"article:modified_time\" content=\"2023-12-25T10:31:33+00:00\" \/>\n<meta property=\"og:image\" content=\"https:\/\/exceladvisor.org\/wp-content\/uploads\/2023\/08\/1-vba-ce-classeur.png\" \/>\n<meta name=\"twitter:card\" content=\"summary_large_image\" \/>\n<meta name=\"twitter:label1\" content=\"Tiempo de lectura\" \/>\n\t<meta name=\"twitter:data1\" content=\"2 minutos\" \/>\n<script type=\"application\/ld+json\" class=\"yoast-schema-graph\">{\"@context\":\"https:\/\/schema.org\",\"@graph\":[{\"@type\":\"WebPage\",\"@id\":\"https:\/\/exceladvisor.org\/es\/este-cuaderno\/\",\"url\":\"https:\/\/exceladvisor.org\/es\/este-cuaderno\/\",\"name\":\"\u00bfc\u00f3mo utilizar la variable vba thisworkbook en excel?\",\"isPartOf\":{\"@id\":\"https:\/\/exceladvisor.org\/es\/#website\"},\"primaryImageOfPage\":{\"@id\":\"https:\/\/exceladvisor.org\/es\/este-cuaderno\/#primaryimage\"},\"image\":{\"@id\":\"https:\/\/exceladvisor.org\/es\/este-cuaderno\/#primaryimage\"},\"thumbnailUrl\":\"https:\/\/exceladvisor.org\/wp-content\/uploads\/2023\/08\/1-vba-ce-classeur.png\",\"datePublished\":\"2023-11-16T12:02:47+00:00\",\"dateModified\":\"2023-12-25T10:31:33+00:00\",\"breadcrumb\":{\"@id\":\"https:\/\/exceladvisor.org\/es\/este-cuaderno\/#breadcrumb\"},\"inLanguage\":\"es\",\"potentialAction\":[{\"@type\":\"ReadAction\",\"target\":[\"https:\/\/exceladvisor.org\/es\/este-cuaderno\/\"]}]},{\"@type\":\"ImageObject\",\"inLanguage\":\"es\",\"@id\":\"https:\/\/exceladvisor.org\/es\/este-cuaderno\/#primaryimage\",\"url\":\"https:\/\/exceladvisor.org\/wp-content\/uploads\/2023\/08\/1-vba-ce-classeur.png\",\"contentUrl\":\"https:\/\/exceladvisor.org\/wp-content\/uploads\/2023\/08\/1-vba-ce-classeur.png\"},{\"@type\":\"BreadcrumbList\",\"@id\":\"https:\/\/exceladvisor.org\/es\/este-cuaderno\/#breadcrumb\",\"itemListElement\":[{\"@type\":\"ListItem\",\"position\":1,\"name\":\"Hogar\",\"item\":\"https:\/\/exceladvisor.org\/es\/\"},{\"@type\":\"ListItem\",\"position\":2,\"name\":\"\u00bfc\u00f3mo utilizar la variable vba thisworkbook en excel?\"}]},{\"@type\":\"WebSite\",\"@id\":\"https:\/\/exceladvisor.org\/es\/#website\",\"url\":\"https:\/\/exceladvisor.org\/es\/\",\"name\":\"Excel Advisor\",\"description\":\"Su gu\u00eda para la dominaci\u00f3n de datos!\",\"publisher\":{\"@id\":\"https:\/\/exceladvisor.org\/es\/#organization\"},\"potentialAction\":[{\"@type\":\"SearchAction\",\"target\":{\"@type\":\"EntryPoint\",\"urlTemplate\":\"https:\/\/exceladvisor.org\/es\/?s={search_term_string}\"},\"query-input\":{\"@type\":\"PropertyValueSpecification\",\"valueRequired\":true,\"valueName\":\"search_term_string\"}}],\"inLanguage\":\"es\"},{\"@type\":\"Organization\",\"@id\":\"https:\/\/exceladvisor.org\/es\/#organization\",\"name\":\"Excel Advisor\",\"url\":\"https:\/\/exceladvisor.org\/es\/\",\"logo\":{\"@type\":\"ImageObject\",\"inLanguage\":\"es\",\"@id\":\"https:\/\/exceladvisor.org\/es\/#\/schema\/logo\/image\/\",\"url\":\"https:\/\/exceladvisor.org\/es\/wp-content\/uploads\/2023\/12\/exceladvisor.org_.png\",\"contentUrl\":\"https:\/\/exceladvisor.org\/es\/wp-content\/uploads\/2023\/12\/exceladvisor.org_.png\",\"width\":105,\"height\":36,\"caption\":\"Excel Advisor\"},\"image\":{\"@id\":\"https:\/\/exceladvisor.org\/es\/#\/schema\/logo\/image\/\"}}]}<\/script>\n<!-- \/ Yoast SEO plugin. -->","yoast_head_json":{"title":"\u00bfc\u00f3mo utilizar la variable vba thisworkbook en excel?","robots":{"index":"index","follow":"follow","max-snippet":"max-snippet:-1","max-image-preview":"max-image-preview:large","max-video-preview":"max-video-preview:-1"},"canonical":"https:\/\/exceladvisor.org\/es\/este-cuaderno\/","og_locale":"es_ES","og_type":"article","og_title":"\u00bfc\u00f3mo utilizar la variable vba thisworkbook en excel?","og_description":"En VBA, puede utilizar la propiedad ThisWorkbook para hacer referencia al libro de trabajo en el que escribe el c\u00f3digo. Cuando lo usa, tiene acceso a todas las propiedades y m\u00e9todos del libro actual. En pocas palabras, puede ejecutar todas las tareas en el libro actual sin usar el nombre. Suponga que desea contar las [&hellip;]","og_url":"https:\/\/exceladvisor.org\/es\/este-cuaderno\/","og_site_name":"Excel Advisor","article_modified_time":"2023-12-25T10:31:33+00:00","og_image":[{"url":"https:\/\/exceladvisor.org\/wp-content\/uploads\/2023\/08\/1-vba-ce-classeur.png","type":"","width":"","height":""}],"twitter_card":"summary_large_image","twitter_misc":{"Tiempo de lectura":"2 minutos"},"schema":{"@context":"https:\/\/schema.org","@graph":[{"@type":"WebPage","@id":"https:\/\/exceladvisor.org\/es\/este-cuaderno\/","url":"https:\/\/exceladvisor.org\/es\/este-cuaderno\/","name":"\u00bfc\u00f3mo utilizar la variable vba thisworkbook en excel?","isPartOf":{"@id":"https:\/\/exceladvisor.org\/es\/#website"},"primaryImageOfPage":{"@id":"https:\/\/exceladvisor.org\/es\/este-cuaderno\/#primaryimage"},"image":{"@id":"https:\/\/exceladvisor.org\/es\/este-cuaderno\/#primaryimage"},"thumbnailUrl":"https:\/\/exceladvisor.org\/wp-content\/uploads\/2023\/08\/1-vba-ce-classeur.png","datePublished":"2023-11-16T12:02:47+00:00","dateModified":"2023-12-25T10:31:33+00:00","breadcrumb":{"@id":"https:\/\/exceladvisor.org\/es\/este-cuaderno\/#breadcrumb"},"inLanguage":"es","potentialAction":[{"@type":"ReadAction","target":["https:\/\/exceladvisor.org\/es\/este-cuaderno\/"]}]},{"@type":"ImageObject","inLanguage":"es","@id":"https:\/\/exceladvisor.org\/es\/este-cuaderno\/#primaryimage","url":"https:\/\/exceladvisor.org\/wp-content\/uploads\/2023\/08\/1-vba-ce-classeur.png","contentUrl":"https:\/\/exceladvisor.org\/wp-content\/uploads\/2023\/08\/1-vba-ce-classeur.png"},{"@type":"BreadcrumbList","@id":"https:\/\/exceladvisor.org\/es\/este-cuaderno\/#breadcrumb","itemListElement":[{"@type":"ListItem","position":1,"name":"Hogar","item":"https:\/\/exceladvisor.org\/es\/"},{"@type":"ListItem","position":2,"name":"\u00bfc\u00f3mo utilizar la variable vba thisworkbook en excel?"}]},{"@type":"WebSite","@id":"https:\/\/exceladvisor.org\/es\/#website","url":"https:\/\/exceladvisor.org\/es\/","name":"Excel Advisor","description":"Su gu\u00eda para la dominaci\u00f3n de datos!","publisher":{"@id":"https:\/\/exceladvisor.org\/es\/#organization"},"potentialAction":[{"@type":"SearchAction","target":{"@type":"EntryPoint","urlTemplate":"https:\/\/exceladvisor.org\/es\/?s={search_term_string}"},"query-input":{"@type":"PropertyValueSpecification","valueRequired":true,"valueName":"search_term_string"}}],"inLanguage":"es"},{"@type":"Organization","@id":"https:\/\/exceladvisor.org\/es\/#organization","name":"Excel Advisor","url":"https:\/\/exceladvisor.org\/es\/","logo":{"@type":"ImageObject","inLanguage":"es","@id":"https:\/\/exceladvisor.org\/es\/#\/schema\/logo\/image\/","url":"https:\/\/exceladvisor.org\/es\/wp-content\/uploads\/2023\/12\/exceladvisor.org_.png","contentUrl":"https:\/\/exceladvisor.org\/es\/wp-content\/uploads\/2023\/12\/exceladvisor.org_.png","width":105,"height":36,"caption":"Excel Advisor"},"image":{"@id":"https:\/\/exceladvisor.org\/es\/#\/schema\/logo\/image\/"}}]}},"yoast_meta":{"yoast_wpseo_title":"","yoast_wpseo_metadesc":"","yoast_wpseo_canonical":""},"_links":{"self":[{"href":"https:\/\/exceladvisor.org\/es\/wp-json\/wp\/v2\/pages\/103","targetHints":{"allow":["GET"]}}],"collection":[{"href":"https:\/\/exceladvisor.org\/es\/wp-json\/wp\/v2\/pages"}],"about":[{"href":"https:\/\/exceladvisor.org\/es\/wp-json\/wp\/v2\/types\/page"}],"author":[{"embeddable":true,"href":"https:\/\/exceladvisor.org\/es\/wp-json\/wp\/v2\/users\/1"}],"replies":[{"embeddable":true,"href":"https:\/\/exceladvisor.org\/es\/wp-json\/wp\/v2\/comments?post=103"}],"version-history":[{"count":1,"href":"https:\/\/exceladvisor.org\/es\/wp-json\/wp\/v2\/pages\/103\/revisions"}],"predecessor-version":[{"id":1367,"href":"https:\/\/exceladvisor.org\/es\/wp-json\/wp\/v2\/pages\/103\/revisions\/1367"}],"wp:attachment":[{"href":"https:\/\/exceladvisor.org\/es\/wp-json\/wp\/v2\/media?parent=103"}],"curies":[{"name":"wp","href":"https:\/\/api.w.org\/{rel}","templated":true}]}}