{"id":106,"date":"2023-11-16T09:57:07","date_gmt":"2023-11-16T09:57:07","guid":{"rendered":"https:\/\/exceladvisor.org\/es\/rango-de-fechas\/"},"modified":"2023-12-25T10:25:22","modified_gmt":"2023-12-25T10:25:22","slug":"rango-de-fechas","status":"publish","type":"page","link":"https:\/\/exceladvisor.org\/es\/rango-de-fechas\/","title":{"rendered":"\u00bfc\u00f3mo crear un rango de fechas en excel?"},"content":{"rendered":"<div class=\"excel-antes-del-contenido\" id=\"excel-2799140582\"><script type=\"text\/javascript\">\r\n\tatOptions = {\r\n\t\t'key' : 'c1158f160081d6540a8409e6925dab94',\r\n\t\t'format' : 'iframe',\r\n\t\t'height' : 250,\r\n\t\t'width' : 300,\r\n\t\t'params' : {}\r\n\t};\r\n<\/script>\r\n<script type=\"text\/javascript\" src=\"\/\/www.highperformanceformat.com\/c1158f160081d6540a8409e6925dab94\/invoke.js\"><\/script><\/div><p>Cuando trabaje con datos que contienen fechas, es posible que necesite crear un rango de fechas. Un rango es algo que tiene una fecha de inicio y una fecha de finalizaci\u00f3n. En este tutorial, aprender\u00e1 c\u00f3mo crear un rango de fechas.<\/p>\n<h2 class=\"wp-block-heading\"> Crear un rango de fechas a partir de hoy<\/h2>\n<p> Ahora digamos que desea crear un rango de fechas a partir de siete d\u00edas a partir de hoy. En el siguiente ejemplo, tenemos la fecha de hoy en la celda A1 que obtuvimos usando la funci\u00f3n hoy. <\/p>\n<div class=\"wp-block-image\">\n<figure class=\"aligncenter size-full is-resized\"><img loading=\"lazy\" decoding=\"async\" class=\"wp-image-64220\" src=\"https:\/\/exceladvisor.org\/wp-content\/uploads\/2023\/08\/1-plage-de-dates-a-partir-daujourdhui.png\" sizes=\"auto, \" srcset=\"\" alt=\"rango de fechas desde hoy\" width=\"387\" height=\"284\"><\/figure>\n<\/div>\n<pre class=\"wp-block-code\"> <code class=\"language-excel-formula\" lang=\"excel-formula\">=A1+7<\/code><\/pre>\n<p> Para crear un rango de fechas, siga estos sencillos pasos:<\/p>\n<ol type=\"1\">\n<li> Ingrese el \u201c=\u00bb en la celda B1 o en cualquier otra celda.<\/li>\n<li> Consulte la celda A1, donde tiene la fecha de inicio del rango.<\/li>\n<li> Utilice el signo \u00ab+\u00bb para agregar d\u00edas a la fecha de hoy.<\/li>\n<li> Especifique la cantidad de d\u00edas que desea agregar a la fecha de hoy. <\/li>\n<\/ol>\n<div class=\"wp-block-image\">\n<figure class=\"aligncenter size-full is-resized\"><img loading=\"lazy\" decoding=\"async\" class=\"wp-image-64221\" src=\"https:\/\/exceladvisor.org\/wp-content\/uploads\/2023\/08\/2-creer-une-plage-de-dates.png\" sizes=\"auto, \" srcset=\"\" alt=\"crear un rango de fechas\" width=\"395\" height=\"239\"><\/figure>\n<\/div>\n<h2 class=\"wp-block-heading\"> Crear un rango de fechas en una sola celda<\/h2>\n<p> Vayamos un paso m\u00e1s all\u00e1 y creemos un rango de fechas en una sola celda. Y para ello necesitamos combinar tanto la fecha de inicio como la fecha de finalizaci\u00f3n en una sola celda. Pero el problema es que cuando intentas combinar dos fechas en una sola celda, devuelve algo como lo siguiente. <\/p>\n<div class=\"wp-block-image\">\n<figure class=\"aligncenter size-full is-resized\"><img loading=\"lazy\" decoding=\"async\" class=\"wp-image-64222\" src=\"https:\/\/exceladvisor.org\/wp-content\/uploads\/2023\/08\/3-creer-une-plage-de-dates-dans-une-seule-cellule.png\" sizes=\"auto, \" srcset=\"\" alt=\"crear-un-intervalo-de-fechas-en-una-sola-celda\" width=\"452\" height=\"242\"><\/figure>\n<\/div>\n<p> Ahora, para superar este problema, necesitamos usar la funci\u00f3n TEXTO para convertir las fechas en texto y luego combinarlas en un rango de fechas. La f\u00f3rmula ser\u00eda algo as\u00ed como la siguiente. <\/p>\n<div class=\"wp-block-image\">\n<figure class=\"aligncenter size-full is-resized\"><img loading=\"lazy\" decoding=\"async\" class=\"wp-image-64224\" src=\"https:\/\/exceladvisor.org\/wp-content\/uploads\/2023\/08\/4-fonction-de-texte-pour-la-plage-de-dates.png\" sizes=\"auto, \" srcset=\"\" alt=\"funci\u00f3n de texto para rango de fechas\" width=\"626\" height=\"268\"><\/figure>\n<\/div>\n<pre class=\"wp-block-code\"> <code class=\"language-excel-formula\" lang=\"excel-formula\">=TEXT(A1,\"dd\/mmm\/yy\")&amp;\" --- \"&amp;TEXT(B1,\"dd\/mmm\/yy\")<\/code><\/pre>\n<p> Ahora, como puedes ver, tenemos un rango de fechas en la celda C1 del 8, 22 de febrero al 15, 22 de febrero. Y si quieres crear un rango de fechas en una sola celda, puedes usar la siguiente f\u00f3rmula.<\/p>\n<pre class=\"wp-block-code\"> <code class=\"language-excel-formula\" lang=\"excel-formula\">=TEXT(TODAY(),\"dd\/mmm\/yy\")&amp;\" --- \"&amp;TEXT(A1+7,\"dd\/mmm\/yy\")<\/code><\/pre>\n<p> En la parte sobre el uso de la funci\u00f3n TEXTO, puede cambiar el formato de fecha como desee. <\/p>\n<div class=\"gb-container gb-container-52dfcee1 gb-container-sample-file\">\n<h2 class=\"gb-headline gb-headline-e289c143 gb-headline-text gb-headline-4f7959c2\"> Obtener el archivo Excel<\/h2>\n<p> <a class=\"gb-button gb-button-e88d6bee gb-button-text gb-button-button1\" href=\"https:\/\/exceladvisor.org\/wp-content\/uploads\/2023\/08\/creer-une-plage-de-dates.xlsx\" rel=\"nofollow\">Descargar<\/a><\/div>\n<div class=\"gb-container gb-container-0df56012 gb-container-mt\"> <a class=\"gb-button gb-button-f9f432f4 gb-button-text gb-button-mt-button\" href=\"https:\/\/exceladvisor.org\/es\/formulas\/\">Lista de f\u00f3rmulas de Excel<\/a><\/p>\n<h2 class=\"gb-headline gb-headline-233444e8 gb-headline-text gb-headline-mt-heading\"> F\u00f3rmulas relacionadas <\/h2>\n<div class=\"gb-grid-wrapper gb-grid-wrapper-a16fa65c gb-grid-wrapper-mt-grid\">\n<div class=\"gb-grid-column gb-grid-column-50d07e0d\">\n<div class=\"gb-container gb-container-50d07e0d\">\n<ul>\n<li> <a href=\"https:\/\/exceladvisor.org\/es\/comparar-dos-fechas\/\">Comparar dos fechas en Excel<\/a><\/li>\n<li> <a href=\"https:\/\/exceladvisor.org\/es\/convertir-fecha-a-numero\/\">Convertir fecha a n\u00famero en Excel<\/a><\/li>\n<li> <a href=\"https:\/\/exceladvisor.org\/es\/texto-hasta-la-fecha\/\">Convertir texto a fecha en Excel<\/a><\/li>\n<li> <a href=\"https:\/\/exceladvisor.org\/es\/formatos-de-fecha-personalizados\/\">Formatos de fecha personalizados en Excel<\/a> <\/li>\n<\/ul>\n<\/div>\n<\/div>\n<div class=\"gb-grid-column gb-grid-column-5b4a0cf9\">\n<div class=\"gb-container gb-container-5b4a0cf9\">\n<ul>\n<li> <a href=\"https:\/\/exceladvisor.org\/es\/resaltando-entre-dos-fechas\/\">Resaltar fechas entre dos fechas en Excel<\/a><\/li>\n<li> <a href=\"https:\/\/exceladvisor.org\/es\/concatenar-dos-fechas\/\">Concatenar r\u00e1pidamente dos fechas en Excel<\/a><\/li>\n<li> <a href=\"https:\/\/exceladvisor.org\/es\/generador-de-fechas-aleatorias\/\">Generador de fechas aleatorias (f\u00f3rmula de Excel) en Excel<\/a><\/li>\n<li> <a href=\"https:\/\/exceladvisor.org\/es\/combinar-fecha-y-hora\/\">Combinar fecha y hora en Excel<\/a><\/li>\n<\/ul>\n<\/div>\n<\/div>\n<\/div>\n<\/div>\n","protected":false},"excerpt":{"rendered":"<p>Cuando trabaje con datos que contienen fechas, es posible que necesite crear un rango de fechas. Un rango es algo que tiene una fecha de inicio y una fecha de finalizaci\u00f3n. En este tutorial, aprender\u00e1 c\u00f3mo crear un rango de fechas. Crear un rango de fechas a partir de hoy Ahora digamos que desea crear [&hellip;]<\/p>\n","protected":false},"author":1,"featured_media":0,"parent":0,"menu_order":0,"comment_status":"open","ping_status":"closed","template":"","meta":{"ub_ctt_via":"","footnotes":""},"class_list":["post-106","page","type-page","status-publish","hentry"],"featured_image_src":null,"yoast_head":"<!-- This site is optimized with the Yoast SEO plugin v25.4 - https:\/\/yoast.com\/wordpress\/plugins\/seo\/ -->\n<title>\u00bfc\u00f3mo crear un rango de fechas en excel?<\/title>\n<meta name=\"robots\" content=\"index, follow, max-snippet:-1, max-image-preview:large, max-video-preview:-1\" \/>\n<link rel=\"canonical\" href=\"https:\/\/exceladvisor.org\/es\/rango-de-fechas\/\" \/>\n<meta property=\"og:locale\" content=\"es_ES\" \/>\n<meta property=\"og:type\" content=\"article\" \/>\n<meta property=\"og:title\" content=\"\u00bfc\u00f3mo crear un rango de fechas en excel?\" \/>\n<meta property=\"og:description\" content=\"Cuando trabaje con datos que contienen fechas, es posible que necesite crear un rango de fechas. Un rango es algo que tiene una fecha de inicio y una fecha de finalizaci\u00f3n. En este tutorial, aprender\u00e1 c\u00f3mo crear un rango de fechas. Crear un rango de fechas a partir de hoy Ahora digamos que desea crear [&hellip;]\" \/>\n<meta property=\"og:url\" content=\"https:\/\/exceladvisor.org\/es\/rango-de-fechas\/\" \/>\n<meta property=\"og:site_name\" content=\"Excel Advisor\" \/>\n<meta property=\"article:modified_time\" content=\"2023-12-25T10:25:22+00:00\" \/>\n<meta property=\"og:image\" content=\"https:\/\/exceladvisor.org\/wp-content\/uploads\/2023\/08\/1-plage-de-dates-a-partir-daujourdhui.png\" \/>\n<meta name=\"twitter:card\" content=\"summary_large_image\" \/>\n<meta name=\"twitter:label1\" content=\"Tiempo de lectura\" \/>\n\t<meta name=\"twitter:data1\" content=\"2 minutos\" \/>\n<script type=\"application\/ld+json\" class=\"yoast-schema-graph\">{\"@context\":\"https:\/\/schema.org\",\"@graph\":[{\"@type\":\"WebPage\",\"@id\":\"https:\/\/exceladvisor.org\/es\/rango-de-fechas\/\",\"url\":\"https:\/\/exceladvisor.org\/es\/rango-de-fechas\/\",\"name\":\"\u00bfc\u00f3mo crear un rango de fechas en excel?\",\"isPartOf\":{\"@id\":\"https:\/\/exceladvisor.org\/es\/#website\"},\"primaryImageOfPage\":{\"@id\":\"https:\/\/exceladvisor.org\/es\/rango-de-fechas\/#primaryimage\"},\"image\":{\"@id\":\"https:\/\/exceladvisor.org\/es\/rango-de-fechas\/#primaryimage\"},\"thumbnailUrl\":\"https:\/\/exceladvisor.org\/wp-content\/uploads\/2023\/08\/1-plage-de-dates-a-partir-daujourdhui.png\",\"datePublished\":\"2023-11-16T09:57:07+00:00\",\"dateModified\":\"2023-12-25T10:25:22+00:00\",\"breadcrumb\":{\"@id\":\"https:\/\/exceladvisor.org\/es\/rango-de-fechas\/#breadcrumb\"},\"inLanguage\":\"es\",\"potentialAction\":[{\"@type\":\"ReadAction\",\"target\":[\"https:\/\/exceladvisor.org\/es\/rango-de-fechas\/\"]}]},{\"@type\":\"ImageObject\",\"inLanguage\":\"es\",\"@id\":\"https:\/\/exceladvisor.org\/es\/rango-de-fechas\/#primaryimage\",\"url\":\"https:\/\/exceladvisor.org\/wp-content\/uploads\/2023\/08\/1-plage-de-dates-a-partir-daujourdhui.png\",\"contentUrl\":\"https:\/\/exceladvisor.org\/wp-content\/uploads\/2023\/08\/1-plage-de-dates-a-partir-daujourdhui.png\"},{\"@type\":\"BreadcrumbList\",\"@id\":\"https:\/\/exceladvisor.org\/es\/rango-de-fechas\/#breadcrumb\",\"itemListElement\":[{\"@type\":\"ListItem\",\"position\":1,\"name\":\"Hogar\",\"item\":\"https:\/\/exceladvisor.org\/es\/\"},{\"@type\":\"ListItem\",\"position\":2,\"name\":\"\u00bfc\u00f3mo crear un rango de fechas en excel?\"}]},{\"@type\":\"WebSite\",\"@id\":\"https:\/\/exceladvisor.org\/es\/#website\",\"url\":\"https:\/\/exceladvisor.org\/es\/\",\"name\":\"Excel Advisor\",\"description\":\"Su gu\u00eda para la dominaci\u00f3n de datos!\",\"publisher\":{\"@id\":\"https:\/\/exceladvisor.org\/es\/#organization\"},\"potentialAction\":[{\"@type\":\"SearchAction\",\"target\":{\"@type\":\"EntryPoint\",\"urlTemplate\":\"https:\/\/exceladvisor.org\/es\/?s={search_term_string}\"},\"query-input\":{\"@type\":\"PropertyValueSpecification\",\"valueRequired\":true,\"valueName\":\"search_term_string\"}}],\"inLanguage\":\"es\"},{\"@type\":\"Organization\",\"@id\":\"https:\/\/exceladvisor.org\/es\/#organization\",\"name\":\"Excel Advisor\",\"url\":\"https:\/\/exceladvisor.org\/es\/\",\"logo\":{\"@type\":\"ImageObject\",\"inLanguage\":\"es\",\"@id\":\"https:\/\/exceladvisor.org\/es\/#\/schema\/logo\/image\/\",\"url\":\"https:\/\/exceladvisor.org\/es\/wp-content\/uploads\/2023\/12\/exceladvisor.org_.png\",\"contentUrl\":\"https:\/\/exceladvisor.org\/es\/wp-content\/uploads\/2023\/12\/exceladvisor.org_.png\",\"width\":105,\"height\":36,\"caption\":\"Excel Advisor\"},\"image\":{\"@id\":\"https:\/\/exceladvisor.org\/es\/#\/schema\/logo\/image\/\"}}]}<\/script>\n<!-- \/ Yoast SEO plugin. -->","yoast_head_json":{"title":"\u00bfc\u00f3mo crear un rango de fechas en excel?","robots":{"index":"index","follow":"follow","max-snippet":"max-snippet:-1","max-image-preview":"max-image-preview:large","max-video-preview":"max-video-preview:-1"},"canonical":"https:\/\/exceladvisor.org\/es\/rango-de-fechas\/","og_locale":"es_ES","og_type":"article","og_title":"\u00bfc\u00f3mo crear un rango de fechas en excel?","og_description":"Cuando trabaje con datos que contienen fechas, es posible que necesite crear un rango de fechas. Un rango es algo que tiene una fecha de inicio y una fecha de finalizaci\u00f3n. En este tutorial, aprender\u00e1 c\u00f3mo crear un rango de fechas. Crear un rango de fechas a partir de hoy Ahora digamos que desea crear [&hellip;]","og_url":"https:\/\/exceladvisor.org\/es\/rango-de-fechas\/","og_site_name":"Excel Advisor","article_modified_time":"2023-12-25T10:25:22+00:00","og_image":[{"url":"https:\/\/exceladvisor.org\/wp-content\/uploads\/2023\/08\/1-plage-de-dates-a-partir-daujourdhui.png","type":"","width":"","height":""}],"twitter_card":"summary_large_image","twitter_misc":{"Tiempo de lectura":"2 minutos"},"schema":{"@context":"https:\/\/schema.org","@graph":[{"@type":"WebPage","@id":"https:\/\/exceladvisor.org\/es\/rango-de-fechas\/","url":"https:\/\/exceladvisor.org\/es\/rango-de-fechas\/","name":"\u00bfc\u00f3mo crear un rango de fechas en excel?","isPartOf":{"@id":"https:\/\/exceladvisor.org\/es\/#website"},"primaryImageOfPage":{"@id":"https:\/\/exceladvisor.org\/es\/rango-de-fechas\/#primaryimage"},"image":{"@id":"https:\/\/exceladvisor.org\/es\/rango-de-fechas\/#primaryimage"},"thumbnailUrl":"https:\/\/exceladvisor.org\/wp-content\/uploads\/2023\/08\/1-plage-de-dates-a-partir-daujourdhui.png","datePublished":"2023-11-16T09:57:07+00:00","dateModified":"2023-12-25T10:25:22+00:00","breadcrumb":{"@id":"https:\/\/exceladvisor.org\/es\/rango-de-fechas\/#breadcrumb"},"inLanguage":"es","potentialAction":[{"@type":"ReadAction","target":["https:\/\/exceladvisor.org\/es\/rango-de-fechas\/"]}]},{"@type":"ImageObject","inLanguage":"es","@id":"https:\/\/exceladvisor.org\/es\/rango-de-fechas\/#primaryimage","url":"https:\/\/exceladvisor.org\/wp-content\/uploads\/2023\/08\/1-plage-de-dates-a-partir-daujourdhui.png","contentUrl":"https:\/\/exceladvisor.org\/wp-content\/uploads\/2023\/08\/1-plage-de-dates-a-partir-daujourdhui.png"},{"@type":"BreadcrumbList","@id":"https:\/\/exceladvisor.org\/es\/rango-de-fechas\/#breadcrumb","itemListElement":[{"@type":"ListItem","position":1,"name":"Hogar","item":"https:\/\/exceladvisor.org\/es\/"},{"@type":"ListItem","position":2,"name":"\u00bfc\u00f3mo crear un rango de fechas en excel?"}]},{"@type":"WebSite","@id":"https:\/\/exceladvisor.org\/es\/#website","url":"https:\/\/exceladvisor.org\/es\/","name":"Excel Advisor","description":"Su gu\u00eda para la dominaci\u00f3n de datos!","publisher":{"@id":"https:\/\/exceladvisor.org\/es\/#organization"},"potentialAction":[{"@type":"SearchAction","target":{"@type":"EntryPoint","urlTemplate":"https:\/\/exceladvisor.org\/es\/?s={search_term_string}"},"query-input":{"@type":"PropertyValueSpecification","valueRequired":true,"valueName":"search_term_string"}}],"inLanguage":"es"},{"@type":"Organization","@id":"https:\/\/exceladvisor.org\/es\/#organization","name":"Excel Advisor","url":"https:\/\/exceladvisor.org\/es\/","logo":{"@type":"ImageObject","inLanguage":"es","@id":"https:\/\/exceladvisor.org\/es\/#\/schema\/logo\/image\/","url":"https:\/\/exceladvisor.org\/es\/wp-content\/uploads\/2023\/12\/exceladvisor.org_.png","contentUrl":"https:\/\/exceladvisor.org\/es\/wp-content\/uploads\/2023\/12\/exceladvisor.org_.png","width":105,"height":36,"caption":"Excel Advisor"},"image":{"@id":"https:\/\/exceladvisor.org\/es\/#\/schema\/logo\/image\/"}}]}},"yoast_meta":{"yoast_wpseo_title":"","yoast_wpseo_metadesc":"","yoast_wpseo_canonical":""},"_links":{"self":[{"href":"https:\/\/exceladvisor.org\/es\/wp-json\/wp\/v2\/pages\/106","targetHints":{"allow":["GET"]}}],"collection":[{"href":"https:\/\/exceladvisor.org\/es\/wp-json\/wp\/v2\/pages"}],"about":[{"href":"https:\/\/exceladvisor.org\/es\/wp-json\/wp\/v2\/types\/page"}],"author":[{"embeddable":true,"href":"https:\/\/exceladvisor.org\/es\/wp-json\/wp\/v2\/users\/1"}],"replies":[{"embeddable":true,"href":"https:\/\/exceladvisor.org\/es\/wp-json\/wp\/v2\/comments?post=106"}],"version-history":[{"count":1,"href":"https:\/\/exceladvisor.org\/es\/wp-json\/wp\/v2\/pages\/106\/revisions"}],"predecessor-version":[{"id":1047,"href":"https:\/\/exceladvisor.org\/es\/wp-json\/wp\/v2\/pages\/106\/revisions\/1047"}],"wp:attachment":[{"href":"https:\/\/exceladvisor.org\/es\/wp-json\/wp\/v2\/media?parent=106"}],"curies":[{"name":"wp","href":"https:\/\/api.w.org\/{rel}","templated":true}]}}