{"id":107,"date":"2023-11-16T09:48:27","date_gmt":"2023-11-16T09:48:27","guid":{"rendered":"https:\/\/exceladvisor.org\/es\/obtener-el-nombre-de-la-hoja\/"},"modified":"2023-12-25T10:26:17","modified_gmt":"2023-12-25T10:26:17","slug":"obtener-el-nombre-de-la-hoja","status":"publish","type":"page","link":"https:\/\/exceladvisor.org\/es\/obtener-el-nombre-de-la-hoja\/","title":{"rendered":"\u00bfc\u00f3mo obtener el nombre de la hoja en excel?"},"content":{"rendered":"<div class=\"excel-antes-del-contenido\" id=\"excel-3375319610\"><script type=\"text\/javascript\">\r\n\tatOptions = {\r\n\t\t'key' : 'c1158f160081d6540a8409e6925dab94',\r\n\t\t'format' : 'iframe',\r\n\t\t'height' : 250,\r\n\t\t'width' : 300,\r\n\t\t'params' : {}\r\n\t};\r\n<\/script>\r\n<script type=\"text\/javascript\" src=\"\/\/www.highperformanceformat.com\/c1158f160081d6540a8409e6925dab94\/invoke.js\"><\/script><\/div><p>En Excel, no existe una funci\u00f3n directa para obtener el nombre de la hoja activa. Ahora la soluci\u00f3n a este problema es crear una f\u00f3rmula usando m\u00faltiples funciones o usar una funci\u00f3n personalizada creada usando VBA.<\/p>\n<p> En este tutorial, aprender\u00e1 ambos m\u00e9todos con ejemplos.<\/p>\n<h2 class=\"wp-block-heading\"> Utilice una f\u00f3rmula para obtener el nombre de la hoja de trabajo<\/h2>\n<p> Para crear una f\u00f3rmula para obtener el nombre de la hoja de trabajo, necesitamos usar las funciones CELLS, FIND y MID. Aqu\u00ed est\u00e1 la funci\u00f3n donde puede obtener el nombre de la hoja.<\/p>\n<pre class=\"wp-block-code\"> <code class=\"language-excel-formula\" lang=\"excel-formula\">=MID(CELL(\"filename\"),FIND(\"]\",CELL(\"filename\"))+1,LEN(CELL(\"filename\")))<\/code><\/pre>\n<p> Ingresa la f\u00f3rmula anterior en una de las celdas de la hoja de trabajo cuyo nombre desea tener. Ahora entendamos esta f\u00f3rmula, y para entenderla necesitamos dividirla en cuatro partes.<\/p>\n<p> En la primera parte, tenemos una funci\u00f3n CELDA que devuelve la direcci\u00f3n del libro con el nombre de la hoja actual. <\/p>\n<div class=\"wp-block-image\">\n<figure class=\"aligncenter size-full is-resized\"><img loading=\"lazy\" decoding=\"async\" class=\"wp-image-64178\" src=\"https:\/\/exceladvisor.org\/wp-content\/uploads\/2023\/08\/1-formule-pour-obtenir-le-nom-de-la-feuille-de-calcul.png\" sizes=\"auto, \" srcset=\"\" alt=\"f\u00f3rmula para obtener el nombre de la hoja de trabajo\" width=\"577\" height=\"129\"><\/figure>\n<\/div>\n<p> Y aqu\u00ed est\u00e1 la direcci\u00f3n que obtuvimos de la funci\u00f3n celular. Aqu\u00ed puedes ver que tienes el nombre de la hoja al final de la direcci\u00f3n y necesitas obtener el nombre de la misma. <\/p>\n<div class=\"wp-block-image\">\n<figure class=\"aligncenter size-full is-resized\"><img loading=\"lazy\" decoding=\"async\" class=\"wp-image-64179\" src=\"https:\/\/exceladvisor.org\/wp-content\/uploads\/2023\/08\/2-adresse-de-feuille-de-calcul.png\" sizes=\"auto, \" srcset=\"\" alt=\"direcci\u00f3n de hoja de c\u00e1lculo\" width=\"353\" height=\"41\"><\/figure>\n<\/div>\n<p> Ahora, en la segunda parte tenemos la funci\u00f3n ENCONTRAR que usa la funci\u00f3n de celda para obtener la direcci\u00f3n y encontrar la posici\u00f3n del car\u00e1cter que tiene exactamente una posici\u00f3n delante del nombre de la hoja. <\/p>\n<div class=\"wp-block-image\">\n<figure class=\"aligncenter size-full is-resized\"><img loading=\"lazy\" decoding=\"async\" class=\"wp-image-64180\" src=\"https:\/\/exceladvisor.org\/wp-content\/uploads\/2023\/08\/3-fonction-de-recherche.png\" sizes=\"auto, \" srcset=\"\" alt=\"buscando funci\u00f3n\" width=\"559\" height=\"131\"><\/figure>\n<\/div>\n<p> Y una vez que obtenga el n\u00famero de posici\u00f3n de \u00ab]\u00bb, deber\u00e1 agregarle 1 para obtener la posici\u00f3n del primer car\u00e1cter del nombre de la hoja. <\/p>\n<div class=\"wp-block-image\">\n<figure class=\"aligncenter size-full is-resized\"><img loading=\"lazy\" decoding=\"async\" class=\"wp-image-64181\" src=\"https:\/\/exceladvisor.org\/wp-content\/uploads\/2023\/08\/4-ajouter-1-pour-obtenir-la-position.png\" sizes=\"auto, \" srcset=\"\" alt=\"agregar-1-para-obtener-posici\u00f3n\" width=\"451\" height=\"125\"><\/figure>\n<\/div>\n<p> Ahora en la tercera parte tienes las funciones LEN y CELL para contar los caracteres en todo el camino. <\/p>\n<div class=\"wp-block-image\">\n<figure class=\"aligncenter size-full is-resized\"><img loading=\"lazy\" decoding=\"async\" class=\"wp-image-64182\" src=\"https:\/\/exceladvisor.org\/wp-content\/uploads\/2023\/08\/5-fonction-len-et-cellule.png\" sizes=\"auto, \" srcset=\"\" alt=\"funci\u00f3n len-y-celda\" width=\"563\" height=\"94\"><\/figure>\n<\/div>\n<p> Ahora, en este punto, tenemos la ruta de la direcci\u00f3n, la posici\u00f3n del primer car\u00e1cter del nombre de la hoja y la cantidad de caracteres que tenemos en la ruta de la direcci\u00f3n. <\/p>\n<div class=\"wp-block-image\">\n<figure class=\"aligncenter size-full is-resized\"><img loading=\"lazy\" decoding=\"async\" class=\"wp-image-64183\" src=\"https:\/\/exceladvisor.org\/wp-content\/uploads\/2023\/08\/6-chemin-dadresse-de-feuille-de-calcul.png\" sizes=\"auto, \" srcset=\"\" alt=\"ruta-direcci\u00f3n-hoja de c\u00e1lculo\" width=\"495\" height=\"140\"><\/figure>\n<\/div>\n<p> Y en la cuarta parte, usando la funci\u00f3n MID, tienes el nombre de la hoja en el resultado.<\/p>\n<h2 class=\"wp-block-heading\"> Cree una funci\u00f3n definida por el usuario para obtener el nombre de la hoja<\/h2>\n<p> Obtener el nombre de una hoja a trav\u00e9s de una UDF es la forma m\u00e1s sencilla. No necesitas crear una f\u00f3rmula compleja, sino un c\u00f3digo simple como este. <\/p>\n<div class=\"wp-block-image\">\n<figure class=\"aligncenter size-full is-resized\"><img loading=\"lazy\" decoding=\"async\" class=\"wp-image-64184\" src=\"https:\/\/exceladvisor.org\/wp-content\/uploads\/2023\/08\/7-fonction-definie-par-lutilisateur-pour-obtenir-le-nom-de-la-feuille.png\" sizes=\"auto, \" srcset=\"\" alt=\"funci\u00f3n definida por el usuario para obtener el nombre de la hoja\" width=\"540\" height=\"282\"><\/figure>\n<\/div>\n<pre class=\"wp-block-code\"> <code class=\"language-visual-basic line-numbers\" lang=\"visual-basic\">Function mySheetName() mySheetName = ActiveSheet.Name End Function<\/code><\/pre>\n<p> Ahora veamos c\u00f3mo usar este c\u00f3digo para extraer el nombre de la hoja de trabajo actual en una celda. Utilice los siguientes pasos:<\/p>\n<ol>\n<li> Primero, vaya a la pesta\u00f1a Desarrollador y haga clic en Visual Basic. <br \/><img loading=\"lazy\" decoding=\"async\" title=\"desarrollador de 8 pesta\u00f1as\" src=\"https:\/\/exceladvisor.org\/wp-content\/uploads\/2023\/08\/8-onglet-developpeur.png\" sizes=\"auto, \" srcset=\"\" alt=\"developer-tab\" width=\"653\" height=\"188\"><\/li>\n<li> Ahora en el Editor de Visual Basic, vaya a la opci\u00f3n Insertar y haga clic en m\u00f3dulo para insertar un m\u00f3dulo. <br \/><img loading=\"lazy\" decoding=\"async\" title=\"9 m\u00f3dulos para insertar\" src=\"https:\/\/exceladvisor.org\/wp-content\/uploads\/2023\/08\/9-module-pour-inserer-le-module.png\" sizes=\"auto, \" srcset=\"\" alt=\"module-to-insert-module\" width=\"221\" height=\"221\"><\/li>\n<li> Despu\u00e9s de eso, vaya a la ventana de c\u00f3digo y pegue all\u00ed el c\u00f3digo anterior. <br \/><img loading=\"lazy\" decoding=\"async\" title=\"ventana de 10 c\u00f3digos\" src=\"https:\/\/exceladvisor.org\/wp-content\/uploads\/2023\/08\/fenetre-de-10-codes.png\" sizes=\"auto, \" srcset=\"\" alt=\"code-window\" width=\"628\" height=\"380\"><\/li>\n<li> Al final, cierre el editor de Visual Basic y regrese a la hoja de c\u00e1lculo.<\/li>\n<\/ol>\n<p> Ahora, seleccione una de las celdas de la hoja de trabajo cuyo nombre desea obtener e ingrese la siguiente funci\u00f3n en ella. <\/p>\n<div class=\"wp-block-image\">\n<figure class=\"aligncenter size-full is-resized\"><img loading=\"lazy\" decoding=\"async\" class=\"wp-image-64188\" src=\"https:\/\/exceladvisor.org\/wp-content\/uploads\/2023\/08\/11-selectionnez-nimporte-quelle-cellule-pour-obtenir-le-nom.png\" sizes=\"auto, \" srcset=\"\" alt=\"seleccione-cualquier-celda-para-obtener-nombre\" width=\"442\" height=\"120\"><\/figure>\n<\/div>\n<p> Puede obtener m\u00e1s informaci\u00f3n sobre c\u00f3mo crear una funci\u00f3n personalizada en este tutorial. <\/p>\n<div class=\"gb-container gb-container-52dfcee1 gb-container-sample-file\">\n<h2 class=\"gb-headline gb-headline-e289c143 gb-headline-text gb-headline-4f7959c2\"> Obtener el archivo Excel<\/h2>\n<p> <a class=\"gb-button gb-button-e88d6bee gb-button-text gb-button-button1\" href=\"https:\/\/exceladvisor.org\/wp-content\/uploads\/2023\/08\/obtenir-le-nom-de-la-feuille-2.xlsx\" rel=\"nofollow\">Descargar<\/a><\/div>\n<div class=\"gb-container gb-container-0df56012 gb-container-mt\"> <a class=\"gb-button gb-button-f9f432f4 gb-button-text gb-button-mt-button\" href=\"https:\/\/exceladvisor.org\/es\/formulas\/\">Lista de f\u00f3rmulas de Excel<\/a><\/p>\n<h2 class=\"gb-headline gb-headline-233444e8 gb-headline-text gb-headline-mt-heading\"> F\u00f3rmulas relacionadas <\/h2>\n<div class=\"gb-grid-wrapper gb-grid-wrapper-a16fa65c gb-grid-wrapper-mt-grid\">\n<div class=\"gb-grid-column gb-grid-column-50d07e0d\">\n<div class=\"gb-container gb-container-50d07e0d\">\n<ul>\n<li> <a href=\"https:\/\/exceladvisor.org\/es\/filtro-horizontal\/\">Crear un filtro horizontal en Excel<\/a><\/li>\n<li> <a href=\"https:\/\/exceladvisor.org\/es\/calificacion-de-estrellas\/\">Cree una plantilla de calificaci\u00f3n de estrellas en Excel<\/a><\/li>\n<li> <a href=\"https:\/\/exceladvisor.org\/es\/obtener-nombre-de-archivo\/\">Obtener nombre de archivo en Excel<\/a><\/li>\n<li> <a href=\"https:\/\/exceladvisor.org\/es\/generar-letras-aleatorias\/\">Genera r\u00e1pidamente letras aleatorias en Excel<\/a><\/li>\n<li> <a href=\"https:\/\/exceladvisor.org\/es\/aleatorizar-la-lista\/\">Aleatorizar una lista (clasificaci\u00f3n aleatoria) en Excel<\/a> <\/li>\n<\/ul>\n<\/div>\n<\/div>\n<div class=\"gb-grid-column gb-grid-column-5b4a0cf9\">\n<div class=\"gb-container gb-container-5b4a0cf9\"><\/div>\n<\/div>\n<\/div>\n<\/div>\n","protected":false},"excerpt":{"rendered":"<p>En Excel, no existe una funci\u00f3n directa para obtener el nombre de la hoja activa. Ahora la soluci\u00f3n a este problema es crear una f\u00f3rmula usando m\u00faltiples funciones o usar una funci\u00f3n personalizada creada usando VBA. En este tutorial, aprender\u00e1 ambos m\u00e9todos con ejemplos. Utilice una f\u00f3rmula para obtener el nombre de la hoja de [&hellip;]<\/p>\n","protected":false},"author":1,"featured_media":0,"parent":0,"menu_order":0,"comment_status":"open","ping_status":"closed","template":"","meta":{"ub_ctt_via":"","footnotes":""},"class_list":["post-107","page","type-page","status-publish","hentry"],"featured_image_src":null,"yoast_head":"<!-- This site is optimized with the Yoast SEO plugin v25.4 - https:\/\/yoast.com\/wordpress\/plugins\/seo\/ -->\n<title>\u00bfc\u00f3mo obtener el nombre de la hoja en excel?<\/title>\n<meta name=\"robots\" content=\"index, follow, max-snippet:-1, max-image-preview:large, max-video-preview:-1\" \/>\n<link rel=\"canonical\" href=\"https:\/\/exceladvisor.org\/es\/obtener-el-nombre-de-la-hoja\/\" \/>\n<meta property=\"og:locale\" content=\"es_ES\" \/>\n<meta property=\"og:type\" content=\"article\" \/>\n<meta property=\"og:title\" content=\"\u00bfc\u00f3mo obtener el nombre de la hoja en excel?\" \/>\n<meta property=\"og:description\" content=\"En Excel, no existe una funci\u00f3n directa para obtener el nombre de la hoja activa. Ahora la soluci\u00f3n a este problema es crear una f\u00f3rmula usando m\u00faltiples funciones o usar una funci\u00f3n personalizada creada usando VBA. En este tutorial, aprender\u00e1 ambos m\u00e9todos con ejemplos. Utilice una f\u00f3rmula para obtener el nombre de la hoja de [&hellip;]\" \/>\n<meta property=\"og:url\" content=\"https:\/\/exceladvisor.org\/es\/obtener-el-nombre-de-la-hoja\/\" \/>\n<meta property=\"og:site_name\" content=\"Excel Advisor\" \/>\n<meta property=\"article:modified_time\" content=\"2023-12-25T10:26:17+00:00\" \/>\n<meta property=\"og:image\" content=\"https:\/\/exceladvisor.org\/wp-content\/uploads\/2023\/08\/1-formule-pour-obtenir-le-nom-de-la-feuille-de-calcul.png\" \/>\n<meta name=\"twitter:card\" content=\"summary_large_image\" \/>\n<meta name=\"twitter:label1\" content=\"Tiempo de lectura\" \/>\n\t<meta name=\"twitter:data1\" content=\"3 minutos\" \/>\n<script type=\"application\/ld+json\" class=\"yoast-schema-graph\">{\"@context\":\"https:\/\/schema.org\",\"@graph\":[{\"@type\":\"WebPage\",\"@id\":\"https:\/\/exceladvisor.org\/es\/obtener-el-nombre-de-la-hoja\/\",\"url\":\"https:\/\/exceladvisor.org\/es\/obtener-el-nombre-de-la-hoja\/\",\"name\":\"\u00bfc\u00f3mo obtener el nombre de la hoja en excel?\",\"isPartOf\":{\"@id\":\"https:\/\/exceladvisor.org\/es\/#website\"},\"primaryImageOfPage\":{\"@id\":\"https:\/\/exceladvisor.org\/es\/obtener-el-nombre-de-la-hoja\/#primaryimage\"},\"image\":{\"@id\":\"https:\/\/exceladvisor.org\/es\/obtener-el-nombre-de-la-hoja\/#primaryimage\"},\"thumbnailUrl\":\"https:\/\/exceladvisor.org\/wp-content\/uploads\/2023\/08\/1-formule-pour-obtenir-le-nom-de-la-feuille-de-calcul.png\",\"datePublished\":\"2023-11-16T09:48:27+00:00\",\"dateModified\":\"2023-12-25T10:26:17+00:00\",\"breadcrumb\":{\"@id\":\"https:\/\/exceladvisor.org\/es\/obtener-el-nombre-de-la-hoja\/#breadcrumb\"},\"inLanguage\":\"es\",\"potentialAction\":[{\"@type\":\"ReadAction\",\"target\":[\"https:\/\/exceladvisor.org\/es\/obtener-el-nombre-de-la-hoja\/\"]}]},{\"@type\":\"ImageObject\",\"inLanguage\":\"es\",\"@id\":\"https:\/\/exceladvisor.org\/es\/obtener-el-nombre-de-la-hoja\/#primaryimage\",\"url\":\"https:\/\/exceladvisor.org\/wp-content\/uploads\/2023\/08\/1-formule-pour-obtenir-le-nom-de-la-feuille-de-calcul.png\",\"contentUrl\":\"https:\/\/exceladvisor.org\/wp-content\/uploads\/2023\/08\/1-formule-pour-obtenir-le-nom-de-la-feuille-de-calcul.png\"},{\"@type\":\"BreadcrumbList\",\"@id\":\"https:\/\/exceladvisor.org\/es\/obtener-el-nombre-de-la-hoja\/#breadcrumb\",\"itemListElement\":[{\"@type\":\"ListItem\",\"position\":1,\"name\":\"Hogar\",\"item\":\"https:\/\/exceladvisor.org\/es\/\"},{\"@type\":\"ListItem\",\"position\":2,\"name\":\"\u00bfc\u00f3mo obtener el nombre de la hoja en excel?\"}]},{\"@type\":\"WebSite\",\"@id\":\"https:\/\/exceladvisor.org\/es\/#website\",\"url\":\"https:\/\/exceladvisor.org\/es\/\",\"name\":\"Excel Advisor\",\"description\":\"Su gu\u00eda para la dominaci\u00f3n de datos!\",\"publisher\":{\"@id\":\"https:\/\/exceladvisor.org\/es\/#organization\"},\"potentialAction\":[{\"@type\":\"SearchAction\",\"target\":{\"@type\":\"EntryPoint\",\"urlTemplate\":\"https:\/\/exceladvisor.org\/es\/?s={search_term_string}\"},\"query-input\":{\"@type\":\"PropertyValueSpecification\",\"valueRequired\":true,\"valueName\":\"search_term_string\"}}],\"inLanguage\":\"es\"},{\"@type\":\"Organization\",\"@id\":\"https:\/\/exceladvisor.org\/es\/#organization\",\"name\":\"Excel Advisor\",\"url\":\"https:\/\/exceladvisor.org\/es\/\",\"logo\":{\"@type\":\"ImageObject\",\"inLanguage\":\"es\",\"@id\":\"https:\/\/exceladvisor.org\/es\/#\/schema\/logo\/image\/\",\"url\":\"https:\/\/exceladvisor.org\/es\/wp-content\/uploads\/2023\/12\/exceladvisor.org_.png\",\"contentUrl\":\"https:\/\/exceladvisor.org\/es\/wp-content\/uploads\/2023\/12\/exceladvisor.org_.png\",\"width\":105,\"height\":36,\"caption\":\"Excel Advisor\"},\"image\":{\"@id\":\"https:\/\/exceladvisor.org\/es\/#\/schema\/logo\/image\/\"}}]}<\/script>\n<!-- \/ Yoast SEO plugin. -->","yoast_head_json":{"title":"\u00bfc\u00f3mo obtener el nombre de la hoja en excel?","robots":{"index":"index","follow":"follow","max-snippet":"max-snippet:-1","max-image-preview":"max-image-preview:large","max-video-preview":"max-video-preview:-1"},"canonical":"https:\/\/exceladvisor.org\/es\/obtener-el-nombre-de-la-hoja\/","og_locale":"es_ES","og_type":"article","og_title":"\u00bfc\u00f3mo obtener el nombre de la hoja en excel?","og_description":"En Excel, no existe una funci\u00f3n directa para obtener el nombre de la hoja activa. Ahora la soluci\u00f3n a este problema es crear una f\u00f3rmula usando m\u00faltiples funciones o usar una funci\u00f3n personalizada creada usando VBA. En este tutorial, aprender\u00e1 ambos m\u00e9todos con ejemplos. Utilice una f\u00f3rmula para obtener el nombre de la hoja de [&hellip;]","og_url":"https:\/\/exceladvisor.org\/es\/obtener-el-nombre-de-la-hoja\/","og_site_name":"Excel Advisor","article_modified_time":"2023-12-25T10:26:17+00:00","og_image":[{"url":"https:\/\/exceladvisor.org\/wp-content\/uploads\/2023\/08\/1-formule-pour-obtenir-le-nom-de-la-feuille-de-calcul.png","type":"","width":"","height":""}],"twitter_card":"summary_large_image","twitter_misc":{"Tiempo de lectura":"3 minutos"},"schema":{"@context":"https:\/\/schema.org","@graph":[{"@type":"WebPage","@id":"https:\/\/exceladvisor.org\/es\/obtener-el-nombre-de-la-hoja\/","url":"https:\/\/exceladvisor.org\/es\/obtener-el-nombre-de-la-hoja\/","name":"\u00bfc\u00f3mo obtener el nombre de la hoja en excel?","isPartOf":{"@id":"https:\/\/exceladvisor.org\/es\/#website"},"primaryImageOfPage":{"@id":"https:\/\/exceladvisor.org\/es\/obtener-el-nombre-de-la-hoja\/#primaryimage"},"image":{"@id":"https:\/\/exceladvisor.org\/es\/obtener-el-nombre-de-la-hoja\/#primaryimage"},"thumbnailUrl":"https:\/\/exceladvisor.org\/wp-content\/uploads\/2023\/08\/1-formule-pour-obtenir-le-nom-de-la-feuille-de-calcul.png","datePublished":"2023-11-16T09:48:27+00:00","dateModified":"2023-12-25T10:26:17+00:00","breadcrumb":{"@id":"https:\/\/exceladvisor.org\/es\/obtener-el-nombre-de-la-hoja\/#breadcrumb"},"inLanguage":"es","potentialAction":[{"@type":"ReadAction","target":["https:\/\/exceladvisor.org\/es\/obtener-el-nombre-de-la-hoja\/"]}]},{"@type":"ImageObject","inLanguage":"es","@id":"https:\/\/exceladvisor.org\/es\/obtener-el-nombre-de-la-hoja\/#primaryimage","url":"https:\/\/exceladvisor.org\/wp-content\/uploads\/2023\/08\/1-formule-pour-obtenir-le-nom-de-la-feuille-de-calcul.png","contentUrl":"https:\/\/exceladvisor.org\/wp-content\/uploads\/2023\/08\/1-formule-pour-obtenir-le-nom-de-la-feuille-de-calcul.png"},{"@type":"BreadcrumbList","@id":"https:\/\/exceladvisor.org\/es\/obtener-el-nombre-de-la-hoja\/#breadcrumb","itemListElement":[{"@type":"ListItem","position":1,"name":"Hogar","item":"https:\/\/exceladvisor.org\/es\/"},{"@type":"ListItem","position":2,"name":"\u00bfc\u00f3mo obtener el nombre de la hoja en excel?"}]},{"@type":"WebSite","@id":"https:\/\/exceladvisor.org\/es\/#website","url":"https:\/\/exceladvisor.org\/es\/","name":"Excel Advisor","description":"Su gu\u00eda para la dominaci\u00f3n de datos!","publisher":{"@id":"https:\/\/exceladvisor.org\/es\/#organization"},"potentialAction":[{"@type":"SearchAction","target":{"@type":"EntryPoint","urlTemplate":"https:\/\/exceladvisor.org\/es\/?s={search_term_string}"},"query-input":{"@type":"PropertyValueSpecification","valueRequired":true,"valueName":"search_term_string"}}],"inLanguage":"es"},{"@type":"Organization","@id":"https:\/\/exceladvisor.org\/es\/#organization","name":"Excel Advisor","url":"https:\/\/exceladvisor.org\/es\/","logo":{"@type":"ImageObject","inLanguage":"es","@id":"https:\/\/exceladvisor.org\/es\/#\/schema\/logo\/image\/","url":"https:\/\/exceladvisor.org\/es\/wp-content\/uploads\/2023\/12\/exceladvisor.org_.png","contentUrl":"https:\/\/exceladvisor.org\/es\/wp-content\/uploads\/2023\/12\/exceladvisor.org_.png","width":105,"height":36,"caption":"Excel Advisor"},"image":{"@id":"https:\/\/exceladvisor.org\/es\/#\/schema\/logo\/image\/"}}]}},"yoast_meta":{"yoast_wpseo_title":"","yoast_wpseo_metadesc":"","yoast_wpseo_canonical":""},"_links":{"self":[{"href":"https:\/\/exceladvisor.org\/es\/wp-json\/wp\/v2\/pages\/107","targetHints":{"allow":["GET"]}}],"collection":[{"href":"https:\/\/exceladvisor.org\/es\/wp-json\/wp\/v2\/pages"}],"about":[{"href":"https:\/\/exceladvisor.org\/es\/wp-json\/wp\/v2\/types\/page"}],"author":[{"embeddable":true,"href":"https:\/\/exceladvisor.org\/es\/wp-json\/wp\/v2\/users\/1"}],"replies":[{"embeddable":true,"href":"https:\/\/exceladvisor.org\/es\/wp-json\/wp\/v2\/comments?post=107"}],"version-history":[{"count":1,"href":"https:\/\/exceladvisor.org\/es\/wp-json\/wp\/v2\/pages\/107\/revisions"}],"predecessor-version":[{"id":1131,"href":"https:\/\/exceladvisor.org\/es\/wp-json\/wp\/v2\/pages\/107\/revisions\/1131"}],"wp:attachment":[{"href":"https:\/\/exceladvisor.org\/es\/wp-json\/wp\/v2\/media?parent=107"}],"curies":[{"name":"wp","href":"https:\/\/api.w.org\/{rel}","templated":true}]}}