{"id":108,"date":"2023-11-16T09:26:42","date_gmt":"2023-11-16T09:26:42","guid":{"rendered":"https:\/\/exceladvisor.org\/es\/tiempo-militar\/"},"modified":"2023-12-25T10:24:50","modified_gmt":"2023-12-25T10:24:50","slug":"tiempo-militar","status":"publish","type":"page","link":"https:\/\/exceladvisor.org\/es\/tiempo-militar\/","title":{"rendered":"\u00bfc\u00f3mo convertir la hora est\u00e1ndar a la hora militar?"},"content":{"rendered":"<div class=\"excel-antes-del-contenido\" id=\"excel-112341106\"><script type=\"text\/javascript\">\r\n\tatOptions = {\r\n\t\t'key' : 'c1158f160081d6540a8409e6925dab94',\r\n\t\t'format' : 'iframe',\r\n\t\t'height' : 250,\r\n\t\t'width' : 300,\r\n\t\t'params' : {}\r\n\t};\r\n<\/script>\r\n<script type=\"text\/javascript\" src=\"\/\/www.highperformanceformat.com\/c1158f160081d6540a8409e6925dab94\/invoke.js\"><\/script><\/div><figure class=\"wp-block-embed is-type-video is-provider-youtube wp-block-embed-youtube wp-embed-aspect-16-9 wp-has-aspect-ratio\">\n<div class=\"wp-block-embed__wrapper\"><\/div>\n<\/figure>\n<h2 class=\"wp-block-heading\"> Convertir hora est\u00e1ndar a hora militar<\/h2>\n<p> Puede utilizar la funci\u00f3n TEXTO para convertir la hora est\u00e1ndar a hora militar en Excel. En el siguiente ejemplo, tenemos la hora en las celdas A1 y A2. La primera vez es en AM y la segunda en PM. <\/p>\n<div class=\"wp-block-image\">\n<figure class=\"aligncenter size-full is-resized\"><img loading=\"lazy\" decoding=\"async\" class=\"wp-image-64171\" src=\"https:\/\/exceladvisor.org\/wp-content\/uploads\/2023\/08\/1-convertir-le-temps-normal.png\" sizes=\"auto, \" srcset=\"\" alt=\"convertir-tiempo-normal\" width=\"233\" height=\"146\"><\/figure>\n<\/div>\n<p> Ahora, usando la funci\u00f3n de texto, puedes convertir esta hora a hora militar y la f\u00f3rmula ser\u00eda la siguiente. <\/p>\n<pre class=\"wp-block-code\"> <code class=\"language-excel-formula\" lang=\"excel-formula\">=TEXT(A1,\"HHMM\")<\/code><\/pre>\n<div class=\"wp-block-image\">\n<figure class=\"aligncenter size-full is-resized\"><img loading=\"lazy\" decoding=\"async\" class=\"wp-image-64172\" src=\"https:\/\/exceladvisor.org\/wp-content\/uploads\/2023\/08\/2-temps-militaire.png\" sizes=\"auto, \" srcset=\"\" alt=\"tiempo militar\" width=\"393\" height=\"149\"><\/figure>\n<\/div>\n<p> En el argumento de formato tiene el formato \u00abHHMM\u00bb, que no tiene dos puntos y muestra la hora como hora militar.<\/p>\n<h2 class=\"wp-block-heading\"> Obtenga tiempo militar usando formato personalizado<\/h2>\n<p> Para utilizar un formato personalizado, debe seleccionar la celda o el rango de celdas donde desea obtener la hora militar. <\/p>\n<div class=\"wp-block-image\">\n<figure class=\"aligncenter size-full is-resized\"><img loading=\"lazy\" decoding=\"async\" class=\"wp-image-64173\" src=\"https:\/\/exceladvisor.org\/wp-content\/uploads\/2023\/08\/3-heures-militaires-utilisant-un-formatage-personnalise.png\" sizes=\"auto, \" srcset=\"\" alt=\"hora-militar-usando-formato-personalizado\" width=\"490\" height=\"484\"><\/figure>\n<\/div>\n<ol type=\"1\">\n<li> Una vez que tengas la celda seleccionada, usa la tecla de acceso directo Control + 1 para abrir las opciones de formato.<\/li>\n<li> Haga clic en Personalizado para acceder a la opci\u00f3n de formato personalizado.<\/li>\n<li> Desde all\u00ed, haga clic en el cuadro de entrada y el formato que ya tiene all\u00ed.<\/li>\n<li> Al final, ingrese \u201cHHMM\u201d como formato y haga clic en Aceptar. <\/li>\n<\/ol>\n<div class=\"gb-container gb-container-52dfcee1 gb-container-sample-file\">\n<h2 class=\"gb-headline gb-headline-e289c143 gb-headline-text gb-headline-4f7959c2\"> Obtener el archivo Excel<\/h2>\n<p> <a class=\"gb-button gb-button-e88d6bee gb-button-text gb-button-button1\" href=\"https:\/\/exceladvisor.org\/wp-content\/uploads\/2023\/08\/temps-militaire-2.xlsx\" rel=\"nofollow\">Descargar<\/a> <\/p>\n<\/div>\n<div class=\"wp-block-group more-tutorials is-layout-flow\">\n<div class=\"wp-block-group__inner-container\">\n<h2 class=\"wp-block-heading\"> M\u00e1s f\u00f3rmulas <\/h2>\n<div class=\"wp-block-columns is-layout-flex wp-container-7\">\n<div class=\"wp-block-column is-layout-flow\">\n<ul>\n<li> <a href=\"https:\/\/exceladvisor.org\/es\/agregar-horas-en-el-tiempo\/\">Agregar horas al tiempo en Excel<\/a><\/li>\n<li> <a href=\"https:\/\/exceladvisor.org\/es\/agregar-minutos-al-tiempo\/\">Agregar minutos al tiempo en Excel<\/a><\/li>\n<li> <a href=\"https:\/\/exceladvisor.org\/es\/calcular-la-diferencia-horaria\/\">Diferencia entre dos tiempos en Excel<\/a><\/li>\n<li> <a href=\"https:\/\/exceladvisor.org\/es\/cambiar-formato-de-hora\/\">Cambiar formato de hora en Excel<\/a><\/li>\n<li> <a href=\"https:\/\/exceladvisor.org\/es\/fecha-y-hora-separadas-2\/\">Separar fecha y hora en Excel<\/a><\/li>\n<\/ul>\n<\/div>\n<div class=\"wp-block-column is-layout-flow\">\n<ul>\n<li> <a href=\"https:\/\/exceladvisor.org\/es\/tiempo-en-segundos-2\/\">Convertir el valor del tiempo a segundos<\/a><\/li>\n<li> <a href=\"https:\/\/exceladvisor.org\/es\/hora-actual-2\/\">Obtener la hora actual (f\u00f3rmula de Excel)<\/a><\/li>\n<li> <a href=\"https:\/\/exceladvisor.org\/es\/hora-de-la-siesta-2\/\">Suma de tiempo en Excel (f\u00f3rmula de Excel)<\/a><\/li>\n<li> <a href=\"https:\/\/exceladvisor.org\/es\/agregar-segundos-al-tiempo\/\">A\u00f1adir segundos al tiempo<\/a><\/li>\n<li> <a href=\"https:\/\/exceladvisor.org\/es\/segundos-a-horas-minutos\/\">Convertir segundos a horas y minutos<\/a><\/li>\n<\/ul>\n<\/div>\n<\/div>\n<p> \u21e0 Volver a <a href=\"https:\/\/exceladvisor.org\/es\/formulas\/\">la lista de m\u00e1s de 100 f\u00f3rmulas de Excel (b\u00e1sicas + avanzadas)<\/a><\/p>\n<\/div>\n<\/div>\n","protected":false},"excerpt":{"rendered":"<p>Convertir hora est\u00e1ndar a hora militar Puede utilizar la funci\u00f3n TEXTO para convertir la hora est\u00e1ndar a hora militar en Excel. En el siguiente ejemplo, tenemos la hora en las celdas A1 y A2. La primera vez es en AM y la segunda en PM. Ahora, usando la funci\u00f3n de texto, puedes convertir esta hora [&hellip;]<\/p>\n","protected":false},"author":1,"featured_media":0,"parent":0,"menu_order":0,"comment_status":"open","ping_status":"closed","template":"","meta":{"ub_ctt_via":"","footnotes":""},"class_list":["post-108","page","type-page","status-publish","hentry"],"featured_image_src":null,"yoast_head":"<!-- This site is optimized with the Yoast SEO plugin v25.4 - https:\/\/yoast.com\/wordpress\/plugins\/seo\/ -->\n<title>\u00bfc\u00f3mo convertir la hora est\u00e1ndar a la hora militar?<\/title>\n<meta name=\"robots\" content=\"index, follow, max-snippet:-1, max-image-preview:large, max-video-preview:-1\" \/>\n<link rel=\"canonical\" href=\"https:\/\/exceladvisor.org\/es\/tiempo-militar\/\" \/>\n<meta property=\"og:locale\" content=\"es_ES\" \/>\n<meta property=\"og:type\" content=\"article\" \/>\n<meta property=\"og:title\" content=\"\u00bfc\u00f3mo convertir la hora est\u00e1ndar a la hora militar?\" \/>\n<meta property=\"og:description\" content=\"Convertir hora est\u00e1ndar a hora militar Puede utilizar la funci\u00f3n TEXTO para convertir la hora est\u00e1ndar a hora militar en Excel. En el siguiente ejemplo, tenemos la hora en las celdas A1 y A2. La primera vez es en AM y la segunda en PM. Ahora, usando la funci\u00f3n de texto, puedes convertir esta hora [&hellip;]\" \/>\n<meta property=\"og:url\" content=\"https:\/\/exceladvisor.org\/es\/tiempo-militar\/\" \/>\n<meta property=\"og:site_name\" content=\"Excel Advisor\" \/>\n<meta property=\"article:modified_time\" content=\"2023-12-25T10:24:50+00:00\" \/>\n<meta property=\"og:image\" content=\"https:\/\/exceladvisor.org\/wp-content\/uploads\/2023\/08\/1-convertir-le-temps-normal.png\" \/>\n<meta name=\"twitter:card\" content=\"summary_large_image\" \/>\n<meta name=\"twitter:label1\" content=\"Tiempo de lectura\" \/>\n\t<meta name=\"twitter:data1\" content=\"1 minuto\" \/>\n<script type=\"application\/ld+json\" class=\"yoast-schema-graph\">{\"@context\":\"https:\/\/schema.org\",\"@graph\":[{\"@type\":\"WebPage\",\"@id\":\"https:\/\/exceladvisor.org\/es\/tiempo-militar\/\",\"url\":\"https:\/\/exceladvisor.org\/es\/tiempo-militar\/\",\"name\":\"\u00bfc\u00f3mo convertir la hora est\u00e1ndar a la hora militar?\",\"isPartOf\":{\"@id\":\"https:\/\/exceladvisor.org\/es\/#website\"},\"primaryImageOfPage\":{\"@id\":\"https:\/\/exceladvisor.org\/es\/tiempo-militar\/#primaryimage\"},\"image\":{\"@id\":\"https:\/\/exceladvisor.org\/es\/tiempo-militar\/#primaryimage\"},\"thumbnailUrl\":\"https:\/\/exceladvisor.org\/wp-content\/uploads\/2023\/08\/1-convertir-le-temps-normal.png\",\"datePublished\":\"2023-11-16T09:26:42+00:00\",\"dateModified\":\"2023-12-25T10:24:50+00:00\",\"breadcrumb\":{\"@id\":\"https:\/\/exceladvisor.org\/es\/tiempo-militar\/#breadcrumb\"},\"inLanguage\":\"es\",\"potentialAction\":[{\"@type\":\"ReadAction\",\"target\":[\"https:\/\/exceladvisor.org\/es\/tiempo-militar\/\"]}]},{\"@type\":\"ImageObject\",\"inLanguage\":\"es\",\"@id\":\"https:\/\/exceladvisor.org\/es\/tiempo-militar\/#primaryimage\",\"url\":\"https:\/\/exceladvisor.org\/wp-content\/uploads\/2023\/08\/1-convertir-le-temps-normal.png\",\"contentUrl\":\"https:\/\/exceladvisor.org\/wp-content\/uploads\/2023\/08\/1-convertir-le-temps-normal.png\"},{\"@type\":\"BreadcrumbList\",\"@id\":\"https:\/\/exceladvisor.org\/es\/tiempo-militar\/#breadcrumb\",\"itemListElement\":[{\"@type\":\"ListItem\",\"position\":1,\"name\":\"Hogar\",\"item\":\"https:\/\/exceladvisor.org\/es\/\"},{\"@type\":\"ListItem\",\"position\":2,\"name\":\"\u00bfc\u00f3mo convertir la hora est\u00e1ndar a la hora militar?\"}]},{\"@type\":\"WebSite\",\"@id\":\"https:\/\/exceladvisor.org\/es\/#website\",\"url\":\"https:\/\/exceladvisor.org\/es\/\",\"name\":\"Excel Advisor\",\"description\":\"Su gu\u00eda para la dominaci\u00f3n de datos!\",\"publisher\":{\"@id\":\"https:\/\/exceladvisor.org\/es\/#organization\"},\"potentialAction\":[{\"@type\":\"SearchAction\",\"target\":{\"@type\":\"EntryPoint\",\"urlTemplate\":\"https:\/\/exceladvisor.org\/es\/?s={search_term_string}\"},\"query-input\":{\"@type\":\"PropertyValueSpecification\",\"valueRequired\":true,\"valueName\":\"search_term_string\"}}],\"inLanguage\":\"es\"},{\"@type\":\"Organization\",\"@id\":\"https:\/\/exceladvisor.org\/es\/#organization\",\"name\":\"Excel Advisor\",\"url\":\"https:\/\/exceladvisor.org\/es\/\",\"logo\":{\"@type\":\"ImageObject\",\"inLanguage\":\"es\",\"@id\":\"https:\/\/exceladvisor.org\/es\/#\/schema\/logo\/image\/\",\"url\":\"https:\/\/exceladvisor.org\/es\/wp-content\/uploads\/2023\/12\/exceladvisor.org_.png\",\"contentUrl\":\"https:\/\/exceladvisor.org\/es\/wp-content\/uploads\/2023\/12\/exceladvisor.org_.png\",\"width\":105,\"height\":36,\"caption\":\"Excel Advisor\"},\"image\":{\"@id\":\"https:\/\/exceladvisor.org\/es\/#\/schema\/logo\/image\/\"}}]}<\/script>\n<!-- \/ Yoast SEO plugin. -->","yoast_head_json":{"title":"\u00bfc\u00f3mo convertir la hora est\u00e1ndar a la hora militar?","robots":{"index":"index","follow":"follow","max-snippet":"max-snippet:-1","max-image-preview":"max-image-preview:large","max-video-preview":"max-video-preview:-1"},"canonical":"https:\/\/exceladvisor.org\/es\/tiempo-militar\/","og_locale":"es_ES","og_type":"article","og_title":"\u00bfc\u00f3mo convertir la hora est\u00e1ndar a la hora militar?","og_description":"Convertir hora est\u00e1ndar a hora militar Puede utilizar la funci\u00f3n TEXTO para convertir la hora est\u00e1ndar a hora militar en Excel. En el siguiente ejemplo, tenemos la hora en las celdas A1 y A2. La primera vez es en AM y la segunda en PM. Ahora, usando la funci\u00f3n de texto, puedes convertir esta hora [&hellip;]","og_url":"https:\/\/exceladvisor.org\/es\/tiempo-militar\/","og_site_name":"Excel Advisor","article_modified_time":"2023-12-25T10:24:50+00:00","og_image":[{"url":"https:\/\/exceladvisor.org\/wp-content\/uploads\/2023\/08\/1-convertir-le-temps-normal.png","type":"","width":"","height":""}],"twitter_card":"summary_large_image","twitter_misc":{"Tiempo de lectura":"1 minuto"},"schema":{"@context":"https:\/\/schema.org","@graph":[{"@type":"WebPage","@id":"https:\/\/exceladvisor.org\/es\/tiempo-militar\/","url":"https:\/\/exceladvisor.org\/es\/tiempo-militar\/","name":"\u00bfc\u00f3mo convertir la hora est\u00e1ndar a la hora militar?","isPartOf":{"@id":"https:\/\/exceladvisor.org\/es\/#website"},"primaryImageOfPage":{"@id":"https:\/\/exceladvisor.org\/es\/tiempo-militar\/#primaryimage"},"image":{"@id":"https:\/\/exceladvisor.org\/es\/tiempo-militar\/#primaryimage"},"thumbnailUrl":"https:\/\/exceladvisor.org\/wp-content\/uploads\/2023\/08\/1-convertir-le-temps-normal.png","datePublished":"2023-11-16T09:26:42+00:00","dateModified":"2023-12-25T10:24:50+00:00","breadcrumb":{"@id":"https:\/\/exceladvisor.org\/es\/tiempo-militar\/#breadcrumb"},"inLanguage":"es","potentialAction":[{"@type":"ReadAction","target":["https:\/\/exceladvisor.org\/es\/tiempo-militar\/"]}]},{"@type":"ImageObject","inLanguage":"es","@id":"https:\/\/exceladvisor.org\/es\/tiempo-militar\/#primaryimage","url":"https:\/\/exceladvisor.org\/wp-content\/uploads\/2023\/08\/1-convertir-le-temps-normal.png","contentUrl":"https:\/\/exceladvisor.org\/wp-content\/uploads\/2023\/08\/1-convertir-le-temps-normal.png"},{"@type":"BreadcrumbList","@id":"https:\/\/exceladvisor.org\/es\/tiempo-militar\/#breadcrumb","itemListElement":[{"@type":"ListItem","position":1,"name":"Hogar","item":"https:\/\/exceladvisor.org\/es\/"},{"@type":"ListItem","position":2,"name":"\u00bfc\u00f3mo convertir la hora est\u00e1ndar a la hora militar?"}]},{"@type":"WebSite","@id":"https:\/\/exceladvisor.org\/es\/#website","url":"https:\/\/exceladvisor.org\/es\/","name":"Excel Advisor","description":"Su gu\u00eda para la dominaci\u00f3n de datos!","publisher":{"@id":"https:\/\/exceladvisor.org\/es\/#organization"},"potentialAction":[{"@type":"SearchAction","target":{"@type":"EntryPoint","urlTemplate":"https:\/\/exceladvisor.org\/es\/?s={search_term_string}"},"query-input":{"@type":"PropertyValueSpecification","valueRequired":true,"valueName":"search_term_string"}}],"inLanguage":"es"},{"@type":"Organization","@id":"https:\/\/exceladvisor.org\/es\/#organization","name":"Excel Advisor","url":"https:\/\/exceladvisor.org\/es\/","logo":{"@type":"ImageObject","inLanguage":"es","@id":"https:\/\/exceladvisor.org\/es\/#\/schema\/logo\/image\/","url":"https:\/\/exceladvisor.org\/es\/wp-content\/uploads\/2023\/12\/exceladvisor.org_.png","contentUrl":"https:\/\/exceladvisor.org\/es\/wp-content\/uploads\/2023\/12\/exceladvisor.org_.png","width":105,"height":36,"caption":"Excel Advisor"},"image":{"@id":"https:\/\/exceladvisor.org\/es\/#\/schema\/logo\/image\/"}}]}},"yoast_meta":{"yoast_wpseo_title":"","yoast_wpseo_metadesc":"","yoast_wpseo_canonical":""},"_links":{"self":[{"href":"https:\/\/exceladvisor.org\/es\/wp-json\/wp\/v2\/pages\/108","targetHints":{"allow":["GET"]}}],"collection":[{"href":"https:\/\/exceladvisor.org\/es\/wp-json\/wp\/v2\/pages"}],"about":[{"href":"https:\/\/exceladvisor.org\/es\/wp-json\/wp\/v2\/types\/page"}],"author":[{"embeddable":true,"href":"https:\/\/exceladvisor.org\/es\/wp-json\/wp\/v2\/users\/1"}],"replies":[{"embeddable":true,"href":"https:\/\/exceladvisor.org\/es\/wp-json\/wp\/v2\/comments?post=108"}],"version-history":[{"count":1,"href":"https:\/\/exceladvisor.org\/es\/wp-json\/wp\/v2\/pages\/108\/revisions"}],"predecessor-version":[{"id":965,"href":"https:\/\/exceladvisor.org\/es\/wp-json\/wp\/v2\/pages\/108\/revisions\/965"}],"wp:attachment":[{"href":"https:\/\/exceladvisor.org\/es\/wp-json\/wp\/v2\/media?parent=108"}],"curies":[{"name":"wp","href":"https:\/\/api.w.org\/{rel}","templated":true}]}}