{"id":118,"date":"2023-11-16T01:36:42","date_gmt":"2023-11-16T01:36:42","guid":{"rendered":"https:\/\/exceladvisor.org\/es\/transponer-2\/"},"modified":"2023-12-25T10:27:43","modified_gmt":"2023-12-25T10:27:43","slug":"transponer-2","status":"publish","type":"page","link":"https:\/\/exceladvisor.org\/es\/transponer-2\/","title":{"rendered":"\u00bfc\u00f3mo transponer datos mediante un atajo de excel?"},"content":{"rendered":"<div class=\"excel-antes-del-contenido\" id=\"excel-1817776488\"><script type=\"text\/javascript\">\r\n\tatOptions = {\r\n\t\t'key' : 'c1158f160081d6540a8409e6925dab94',\r\n\t\t'format' : 'iframe',\r\n\t\t'height' : 250,\r\n\t\t'width' : 300,\r\n\t\t'params' : {}\r\n\t};\r\n<\/script>\r\n<script type=\"text\/javascript\" src=\"\/\/www.highperformanceformat.com\/c1158f160081d6540a8409e6925dab94\/invoke.js\"><\/script><\/div><p>Transponer es una funci\u00f3n y f\u00f3rmula en Excel que le permite transponer datos de filas a columnas y viceversa.<\/p>\n<p> Si est\u00e1 trabajando con datos, a menudo necesita transponer datos de filas a columnas o de columnas a filas, y la mejor manera de hacerlo es utilizar la opci\u00f3n de m\u00e9todo abreviado de teclado transponer.<\/p>\n<p> Hay varias formas de transponer datos, pero en este tutorial hemos explicado ambas formas de utilizar los atajos de teclado de transposici\u00f3n para transponer datos.<\/p>\n<h2 class=\"wp-block-heading\"> Atajo de teclado para transponer datos en Excel<\/h2>\n<p> <kbd>Alt<\/kbd> \u2192 <kbd>H<\/kbd> \u2192 <kbd>V<\/kbd> \u2192 <kbd>T<\/kbd> <strong>(recomendado)<\/strong> <\/p>\n<div class=\"wp-block-image\">\n<figure class=\"aligncenter size-full is-resized\"><img loading=\"lazy\" decoding=\"async\" class=\"wp-image-70471\" src=\"https:\/\/exceladvisor.org\/wp-content\/uploads\/2023\/08\/1-raccourci-pour-transposer.png\" sizes=\"auto, \" srcset=\"\" alt=\"atajo para transponer\" width=\"845\" height=\"331\"><\/figure>\n<\/div>\n<ul>\n<li> <kbd>Ctrl<\/kbd> + <kbd>Alt<\/kbd> + <kbd>V<\/kbd> luego, <kbd>E<\/kbd> \u2192 <kbd>Enter<\/kbd> (para transponer incluido el formato de celda)<\/li>\n<li> <kbd>Ctrl<\/kbd> + <kbd>Alt<\/kbd> + <kbd>V<\/kbd> luego, <kbd>E<\/kbd> \u2192 <kbd>V<\/kbd> \u2192 <kbd>Enter<\/kbd> (Para transponer datos solo a valores)<\/li>\n<\/ul>\n<h2 class=\"wp-block-heading\"> Pasos para transponer datos usando el m\u00e9todo abreviado de teclado<\/h2>\n<ol>\n<li> Primero seleccione los datos que desea transponer, luego presione las teclas \u00abCtrl + C\u00bb para copiar los datos seleccionados. <br \/><img loading=\"lazy\" decoding=\"async\" title=\"3-seleccionar-datos\" src=\"https:\/\/exceladvisor.org\/wp-content\/uploads\/2023\/08\/3-selectionnez-les-donnees.png\" sizes=\"auto, \" srcset=\"\" alt=\"select-the-data\" width=\"567\" height=\"134\"><\/li>\n<li> Despu\u00e9s de eso, vaya a la celda donde desea transponer los datos copiados, luego presione las teclas \u201cAlt \u2192 H \u2192 V \u2192 T\u201d en secuencia y sus datos se pegar\u00e1n como transposici\u00f3n. <br \/><img loading=\"lazy\" decoding=\"async\" title=\"5-datos-transpuestos\" src=\"https:\/\/exceladvisor.org\/wp-content\/uploads\/2023\/08\/5-donnees-transposees.png\" sizes=\"auto, \" srcset=\"\" alt=\"transposed-data\" width=\"583\" height=\"248\"><\/li>\n<li> O presione las teclas \u201cCtrl + Alt + V\u201d y abrir\u00e1 el cuadro de di\u00e1logo \u201cPegado especial\u201d.<\/li>\n<li> Ahora presione \u00abE\u00bb para marcar la opci\u00f3n \u00abTransponer\u00bb y luego presione la tecla \u00abEntrar\u00bb. <em>(Si desea transponer los datos solo como valores, presione \u00abV\u00bb despu\u00e9s de presionar \u00abE\u00bb y luego presione \u00abEntrar\u00bb) <br \/><img loading=\"lazy\" decoding=\"async\" title=\"Di\u00e1logo de pegado especial 4\" src=\"https:\/\/exceladvisor.org\/wp-content\/uploads\/2023\/08\/4-coller-la-boite-de-dialogue-speciale.png\" sizes=\"auto, \" srcset=\"\" alt=\"paste-special-dialog-box\" width=\"620\" height=\"422\"><\/em> <\/li>\n<\/ol>\n<div class=\"wp-block-group more-tutorials is-layout-flow\">\n<div class=\"wp-block-group__inner-container\">\n<h2 class=\"wp-block-heading\"> M\u00e1s tutoriales <\/h2>\n<div class=\"wp-block-columns is-layout-flex wp-container-23\">\n<div class=\"wp-block-column is-layout-flow\">\n<ul>\n<li> <a href=\"https:\/\/exceladvisor.org\/es\/referencia-absoluta\/\">referencia absoluta<\/a><\/li>\n<li> <a href=\"https:\/\/exceladvisor.org\/es\/copiar-pegar\/\">Copiar y pegar<\/a><\/li>\n<li> <a href=\"https:\/\/exceladvisor.org\/es\/cortar-y-pegar\/\">Cortar y pegar<\/a><\/li>\n<\/ul>\n<\/div>\n<div class=\"wp-block-column is-layout-flow\">\n<ul>\n<li> <a href=\"https:\/\/exceladvisor.org\/es\/pegar-valores\/\">Pegar valores<\/a><\/li>\n<li> <a href=\"https:\/\/exceladvisor.org\/es\/seleccione-una-linea\/\">Seleccione una l\u00ednea<\/a><\/li>\n<li> <a href=\"https:\/\/exceladvisor.org\/es\/ir-a\/\">Abrir Ir a la opci\u00f3n<\/a><\/li>\n<\/ul>\n<\/div>\n<\/div>\n<p> \u21e0 Volver a <a href=\"https:\/\/exceladvisor.org\/es\/atajos-de-teclado\/\">los atajos de Excel (hoja de referencia en PDF)<\/a><\/p>\n<\/div>\n<\/div>\n","protected":false},"excerpt":{"rendered":"<p>Transponer es una funci\u00f3n y f\u00f3rmula en Excel que le permite transponer datos de filas a columnas y viceversa. Si est\u00e1 trabajando con datos, a menudo necesita transponer datos de filas a columnas o de columnas a filas, y la mejor manera de hacerlo es utilizar la opci\u00f3n de m\u00e9todo abreviado de teclado transponer. Hay [&hellip;]<\/p>\n","protected":false},"author":1,"featured_media":0,"parent":0,"menu_order":0,"comment_status":"open","ping_status":"closed","template":"","meta":{"ub_ctt_via":"","footnotes":""},"class_list":["post-118","page","type-page","status-publish","hentry"],"featured_image_src":null,"yoast_head":"<!-- This site is optimized with the Yoast SEO plugin v25.4 - https:\/\/yoast.com\/wordpress\/plugins\/seo\/ -->\n<title>\u00bfc\u00f3mo transponer datos mediante un atajo de excel?<\/title>\n<meta name=\"robots\" content=\"index, follow, max-snippet:-1, max-image-preview:large, max-video-preview:-1\" \/>\n<link rel=\"canonical\" href=\"https:\/\/exceladvisor.org\/es\/transponer-2\/\" \/>\n<meta property=\"og:locale\" content=\"es_ES\" \/>\n<meta property=\"og:type\" content=\"article\" \/>\n<meta property=\"og:title\" content=\"\u00bfc\u00f3mo transponer datos mediante un atajo de excel?\" \/>\n<meta property=\"og:description\" content=\"Transponer es una funci\u00f3n y f\u00f3rmula en Excel que le permite transponer datos de filas a columnas y viceversa. Si est\u00e1 trabajando con datos, a menudo necesita transponer datos de filas a columnas o de columnas a filas, y la mejor manera de hacerlo es utilizar la opci\u00f3n de m\u00e9todo abreviado de teclado transponer. Hay [&hellip;]\" \/>\n<meta property=\"og:url\" content=\"https:\/\/exceladvisor.org\/es\/transponer-2\/\" \/>\n<meta property=\"og:site_name\" content=\"Excel Advisor\" \/>\n<meta property=\"article:modified_time\" content=\"2023-12-25T10:27:43+00:00\" \/>\n<meta property=\"og:image\" content=\"https:\/\/exceladvisor.org\/wp-content\/uploads\/2023\/08\/1-raccourci-pour-transposer.png\" \/>\n<meta name=\"twitter:card\" content=\"summary_large_image\" \/>\n<meta name=\"twitter:label1\" content=\"Tiempo de lectura\" \/>\n\t<meta name=\"twitter:data1\" content=\"1 minuto\" \/>\n<script type=\"application\/ld+json\" class=\"yoast-schema-graph\">{\"@context\":\"https:\/\/schema.org\",\"@graph\":[{\"@type\":\"WebPage\",\"@id\":\"https:\/\/exceladvisor.org\/es\/transponer-2\/\",\"url\":\"https:\/\/exceladvisor.org\/es\/transponer-2\/\",\"name\":\"\u00bfc\u00f3mo transponer datos mediante un atajo de excel?\",\"isPartOf\":{\"@id\":\"https:\/\/exceladvisor.org\/es\/#website\"},\"primaryImageOfPage\":{\"@id\":\"https:\/\/exceladvisor.org\/es\/transponer-2\/#primaryimage\"},\"image\":{\"@id\":\"https:\/\/exceladvisor.org\/es\/transponer-2\/#primaryimage\"},\"thumbnailUrl\":\"https:\/\/exceladvisor.org\/wp-content\/uploads\/2023\/08\/1-raccourci-pour-transposer.png\",\"datePublished\":\"2023-11-16T01:36:42+00:00\",\"dateModified\":\"2023-12-25T10:27:43+00:00\",\"breadcrumb\":{\"@id\":\"https:\/\/exceladvisor.org\/es\/transponer-2\/#breadcrumb\"},\"inLanguage\":\"es\",\"potentialAction\":[{\"@type\":\"ReadAction\",\"target\":[\"https:\/\/exceladvisor.org\/es\/transponer-2\/\"]}]},{\"@type\":\"ImageObject\",\"inLanguage\":\"es\",\"@id\":\"https:\/\/exceladvisor.org\/es\/transponer-2\/#primaryimage\",\"url\":\"https:\/\/exceladvisor.org\/wp-content\/uploads\/2023\/08\/1-raccourci-pour-transposer.png\",\"contentUrl\":\"https:\/\/exceladvisor.org\/wp-content\/uploads\/2023\/08\/1-raccourci-pour-transposer.png\"},{\"@type\":\"BreadcrumbList\",\"@id\":\"https:\/\/exceladvisor.org\/es\/transponer-2\/#breadcrumb\",\"itemListElement\":[{\"@type\":\"ListItem\",\"position\":1,\"name\":\"Hogar\",\"item\":\"https:\/\/exceladvisor.org\/es\/\"},{\"@type\":\"ListItem\",\"position\":2,\"name\":\"\u00bfc\u00f3mo transponer datos mediante un atajo de excel?\"}]},{\"@type\":\"WebSite\",\"@id\":\"https:\/\/exceladvisor.org\/es\/#website\",\"url\":\"https:\/\/exceladvisor.org\/es\/\",\"name\":\"Excel Advisor\",\"description\":\"Su gu\u00eda para la dominaci\u00f3n de datos!\",\"publisher\":{\"@id\":\"https:\/\/exceladvisor.org\/es\/#organization\"},\"potentialAction\":[{\"@type\":\"SearchAction\",\"target\":{\"@type\":\"EntryPoint\",\"urlTemplate\":\"https:\/\/exceladvisor.org\/es\/?s={search_term_string}\"},\"query-input\":{\"@type\":\"PropertyValueSpecification\",\"valueRequired\":true,\"valueName\":\"search_term_string\"}}],\"inLanguage\":\"es\"},{\"@type\":\"Organization\",\"@id\":\"https:\/\/exceladvisor.org\/es\/#organization\",\"name\":\"Excel Advisor\",\"url\":\"https:\/\/exceladvisor.org\/es\/\",\"logo\":{\"@type\":\"ImageObject\",\"inLanguage\":\"es\",\"@id\":\"https:\/\/exceladvisor.org\/es\/#\/schema\/logo\/image\/\",\"url\":\"https:\/\/exceladvisor.org\/es\/wp-content\/uploads\/2023\/12\/exceladvisor.org_.png\",\"contentUrl\":\"https:\/\/exceladvisor.org\/es\/wp-content\/uploads\/2023\/12\/exceladvisor.org_.png\",\"width\":105,\"height\":36,\"caption\":\"Excel Advisor\"},\"image\":{\"@id\":\"https:\/\/exceladvisor.org\/es\/#\/schema\/logo\/image\/\"}}]}<\/script>\n<!-- \/ Yoast SEO plugin. -->","yoast_head_json":{"title":"\u00bfc\u00f3mo transponer datos mediante un atajo de excel?","robots":{"index":"index","follow":"follow","max-snippet":"max-snippet:-1","max-image-preview":"max-image-preview:large","max-video-preview":"max-video-preview:-1"},"canonical":"https:\/\/exceladvisor.org\/es\/transponer-2\/","og_locale":"es_ES","og_type":"article","og_title":"\u00bfc\u00f3mo transponer datos mediante un atajo de excel?","og_description":"Transponer es una funci\u00f3n y f\u00f3rmula en Excel que le permite transponer datos de filas a columnas y viceversa. Si est\u00e1 trabajando con datos, a menudo necesita transponer datos de filas a columnas o de columnas a filas, y la mejor manera de hacerlo es utilizar la opci\u00f3n de m\u00e9todo abreviado de teclado transponer. Hay [&hellip;]","og_url":"https:\/\/exceladvisor.org\/es\/transponer-2\/","og_site_name":"Excel Advisor","article_modified_time":"2023-12-25T10:27:43+00:00","og_image":[{"url":"https:\/\/exceladvisor.org\/wp-content\/uploads\/2023\/08\/1-raccourci-pour-transposer.png","type":"","width":"","height":""}],"twitter_card":"summary_large_image","twitter_misc":{"Tiempo de lectura":"1 minuto"},"schema":{"@context":"https:\/\/schema.org","@graph":[{"@type":"WebPage","@id":"https:\/\/exceladvisor.org\/es\/transponer-2\/","url":"https:\/\/exceladvisor.org\/es\/transponer-2\/","name":"\u00bfc\u00f3mo transponer datos mediante un atajo de excel?","isPartOf":{"@id":"https:\/\/exceladvisor.org\/es\/#website"},"primaryImageOfPage":{"@id":"https:\/\/exceladvisor.org\/es\/transponer-2\/#primaryimage"},"image":{"@id":"https:\/\/exceladvisor.org\/es\/transponer-2\/#primaryimage"},"thumbnailUrl":"https:\/\/exceladvisor.org\/wp-content\/uploads\/2023\/08\/1-raccourci-pour-transposer.png","datePublished":"2023-11-16T01:36:42+00:00","dateModified":"2023-12-25T10:27:43+00:00","breadcrumb":{"@id":"https:\/\/exceladvisor.org\/es\/transponer-2\/#breadcrumb"},"inLanguage":"es","potentialAction":[{"@type":"ReadAction","target":["https:\/\/exceladvisor.org\/es\/transponer-2\/"]}]},{"@type":"ImageObject","inLanguage":"es","@id":"https:\/\/exceladvisor.org\/es\/transponer-2\/#primaryimage","url":"https:\/\/exceladvisor.org\/wp-content\/uploads\/2023\/08\/1-raccourci-pour-transposer.png","contentUrl":"https:\/\/exceladvisor.org\/wp-content\/uploads\/2023\/08\/1-raccourci-pour-transposer.png"},{"@type":"BreadcrumbList","@id":"https:\/\/exceladvisor.org\/es\/transponer-2\/#breadcrumb","itemListElement":[{"@type":"ListItem","position":1,"name":"Hogar","item":"https:\/\/exceladvisor.org\/es\/"},{"@type":"ListItem","position":2,"name":"\u00bfc\u00f3mo transponer datos mediante un atajo de excel?"}]},{"@type":"WebSite","@id":"https:\/\/exceladvisor.org\/es\/#website","url":"https:\/\/exceladvisor.org\/es\/","name":"Excel Advisor","description":"Su gu\u00eda para la dominaci\u00f3n de datos!","publisher":{"@id":"https:\/\/exceladvisor.org\/es\/#organization"},"potentialAction":[{"@type":"SearchAction","target":{"@type":"EntryPoint","urlTemplate":"https:\/\/exceladvisor.org\/es\/?s={search_term_string}"},"query-input":{"@type":"PropertyValueSpecification","valueRequired":true,"valueName":"search_term_string"}}],"inLanguage":"es"},{"@type":"Organization","@id":"https:\/\/exceladvisor.org\/es\/#organization","name":"Excel Advisor","url":"https:\/\/exceladvisor.org\/es\/","logo":{"@type":"ImageObject","inLanguage":"es","@id":"https:\/\/exceladvisor.org\/es\/#\/schema\/logo\/image\/","url":"https:\/\/exceladvisor.org\/es\/wp-content\/uploads\/2023\/12\/exceladvisor.org_.png","contentUrl":"https:\/\/exceladvisor.org\/es\/wp-content\/uploads\/2023\/12\/exceladvisor.org_.png","width":105,"height":36,"caption":"Excel Advisor"},"image":{"@id":"https:\/\/exceladvisor.org\/es\/#\/schema\/logo\/image\/"}}]}},"yoast_meta":{"yoast_wpseo_title":"","yoast_wpseo_metadesc":"","yoast_wpseo_canonical":""},"_links":{"self":[{"href":"https:\/\/exceladvisor.org\/es\/wp-json\/wp\/v2\/pages\/118","targetHints":{"allow":["GET"]}}],"collection":[{"href":"https:\/\/exceladvisor.org\/es\/wp-json\/wp\/v2\/pages"}],"about":[{"href":"https:\/\/exceladvisor.org\/es\/wp-json\/wp\/v2\/types\/page"}],"author":[{"embeddable":true,"href":"https:\/\/exceladvisor.org\/es\/wp-json\/wp\/v2\/users\/1"}],"replies":[{"embeddable":true,"href":"https:\/\/exceladvisor.org\/es\/wp-json\/wp\/v2\/comments?post=118"}],"version-history":[{"count":1,"href":"https:\/\/exceladvisor.org\/es\/wp-json\/wp\/v2\/pages\/118\/revisions"}],"predecessor-version":[{"id":1222,"href":"https:\/\/exceladvisor.org\/es\/wp-json\/wp\/v2\/pages\/118\/revisions\/1222"}],"wp:attachment":[{"href":"https:\/\/exceladvisor.org\/es\/wp-json\/wp\/v2\/media?parent=118"}],"curies":[{"name":"wp","href":"https:\/\/api.w.org\/{rel}","templated":true}]}}