{"id":119,"date":"2023-11-15T23:33:52","date_gmt":"2023-11-15T23:33:52","guid":{"rendered":"https:\/\/exceladvisor.org\/es\/eliminar-una-hoja\/"},"modified":"2023-12-25T10:25:04","modified_gmt":"2023-12-25T10:25:04","slug":"eliminar-una-hoja","status":"publish","type":"page","link":"https:\/\/exceladvisor.org\/es\/eliminar-una-hoja\/","title":{"rendered":"\u00bfc\u00f3mo eliminar una hoja usando el acceso directo de excel?"},"content":{"rendered":"<div class=\"excel-antes-del-contenido\" id=\"excel-1338137936\"><script type=\"text\/javascript\">\r\n\tatOptions = {\r\n\t\t'key' : 'c1158f160081d6540a8409e6925dab94',\r\n\t\t'format' : 'iframe',\r\n\t\t'height' : 250,\r\n\t\t'width' : 300,\r\n\t\t'params' : {}\r\n\t};\r\n<\/script>\r\n<script type=\"text\/javascript\" src=\"\/\/www.highperformanceformat.com\/c1158f160081d6540a8409e6925dab94\/invoke.js\"><\/script><\/div><p>Como todos saben, un libro de trabajo es un archivo compuesto por hojas de c\u00e1lculo con las que trabajar, capturar y administrar los datos que contiene. De forma predeterminada, encontrar\u00e1 tres hojas de c\u00e1lculo en versiones anteriores de Excel de 2013 y 2016 y una sola hoja en Excel 2019 y otras versiones m\u00e1s nuevas.<\/p>\n<p> Pero los usuarios pueden crear varias hojas de trabajo en un solo libro y tambi\u00e9n eliminarlas si es necesario. Entonces, cuando los usuarios no sienten la necesidad de algunas de las hojas de trabajo existentes en el libro, pueden eliminarlas para limpiar el libro.<\/p>\n<h2 class=\"wp-block-heading\"> Atajo de teclado para eliminar una hoja en Excel<\/h2>\n<p> <kbd>Alt<\/kbd> \u2192 <kbd>H<\/kbd> \u2192 <kbd>D<\/kbd> \u2192 <kbd>S<\/kbd> (recomendado) <\/p>\n<div class=\"wp-block-image\">\n<figure class=\"aligncenter size-full is-resized\"><img loading=\"lazy\" decoding=\"async\" class=\"wp-image-70429\" src=\"https:\/\/exceladvisor.org\/wp-content\/uploads\/2023\/08\/1-raccourci-pour-supprimer-la-feuille.png\" sizes=\"auto, \" srcset=\"\" alt=\"acceso directo para eliminar hoja\" width=\"770\" height=\"302\"><\/figure>\n<\/div>\n<p> <kbd>Alt<\/kbd> \u2192 <kbd>E<\/kbd> \u2192 <kbd>L<\/kbd> <\/p>\n<div class=\"wp-block-image\">\n<figure class=\"aligncenter size-full is-resized\"><img loading=\"lazy\" decoding=\"async\" class=\"wp-image-70430\" src=\"https:\/\/exceladvisor.org\/wp-content\/uploads\/2023\/08\/2-anciens-raccourcis-pour-supprimer-la-feuille.png\" sizes=\"auto, \" srcset=\"\" alt=\"antiguo-atajo-para-eliminar-hoja\" width=\"766\" height=\"300\"><\/figure>\n<\/div>\n<h2 class=\"wp-block-heading\"> Pasos para eliminar una hoja usando un atajo de teclado<\/h2>\n<ol>\n<li> Vaya a la hoja de trabajo o seleccione pesta\u00f1as de varias hojas de trabajo juntas si desea eliminar las hojas seleccionadas a la vez.<\/li>\n<li> Despu\u00e9s de eso, presione las teclas \u201cAlt \u2192 H \u2192 D \u2192 S\u201d o \u201cAlt \u2192 E \u2192 L\u201d en secuencia y obtendr\u00e1 las hojas eliminadas.<\/li>\n<li> Si tienes un valor en alguna de las hojas seleccionadas o en la hoja \u00fanica que deseas eliminar, te mostrar\u00e1 la ventana emergente para confirmar la eliminaci\u00f3n y solo tendr\u00e1s que presionar Enter para confirmar. <\/li>\n<\/ol>\n<div class=\"wp-block-image\">\n<figure class=\"aligncenter size-full is-resized\"><img loading=\"lazy\" decoding=\"async\" class=\"wp-image-70431\" src=\"https:\/\/exceladvisor.org\/wp-content\/uploads\/2023\/08\/3-feuille-de-suppression-pop-up.png\" sizes=\"auto, \" srcset=\"\" alt=\"ventana emergente de eliminaci\u00f3n de hoja\" width=\"477\" height=\"133\"><\/figure>\n<\/div>\n<div class=\"wp-block-group more-tutorials is-layout-flow\">\n<div class=\"wp-block-group__inner-container\">\n<h2 class=\"wp-block-heading\"> M\u00e1s tutoriales <\/h2>\n<div class=\"wp-block-columns is-layout-flex wp-container-7\">\n<div class=\"wp-block-column is-layout-flow\">\n<ul>\n<li> <a href=\"https:\/\/exceladvisor.org\/es\/agregar-una-nueva-hoja\/\">Agregar una nueva hoja<\/a><\/li>\n<li> <a href=\"https:\/\/exceladvisor.org\/es\/encontrar-reemplazar-1\/\">Encontrar y reemplazar<\/a><\/li>\n<li> <a href=\"https:\/\/exceladvisor.org\/es\/ampliar-reducir\/\">Ampliar reducir<\/a><\/li>\n<\/ul>\n<\/div>\n<div class=\"wp-block-column is-layout-flow\">\n<ul>\n<li> <a href=\"https:\/\/exceladvisor.org\/es\/congelar-el-obturador\/\">congelar la sart\u00e9n<\/a><\/li>\n<li> <a href=\"https:\/\/exceladvisor.org\/es\/hipervinculo-2\/\">Hiperv\u00ednculo<\/a><\/li>\n<\/ul>\n<\/div>\n<\/div>\n<p> \u21e0 Volver a <a href=\"https:\/\/exceladvisor.org\/es\/atajos-de-teclado\/\">los atajos de Excel (hoja de referencia en PDF)<\/a><\/p>\n<\/div>\n<\/div>\n","protected":false},"excerpt":{"rendered":"<p>Como todos saben, un libro de trabajo es un archivo compuesto por hojas de c\u00e1lculo con las que trabajar, capturar y administrar los datos que contiene. De forma predeterminada, encontrar\u00e1 tres hojas de c\u00e1lculo en versiones anteriores de Excel de 2013 y 2016 y una sola hoja en Excel 2019 y otras versiones m\u00e1s nuevas. [&hellip;]<\/p>\n","protected":false},"author":1,"featured_media":0,"parent":0,"menu_order":0,"comment_status":"open","ping_status":"closed","template":"","meta":{"ub_ctt_via":"","footnotes":""},"class_list":["post-119","page","type-page","status-publish","hentry"],"featured_image_src":null,"yoast_head":"<!-- This site is optimized with the Yoast SEO plugin v25.4 - https:\/\/yoast.com\/wordpress\/plugins\/seo\/ -->\n<title>\u00bfc\u00f3mo eliminar una hoja usando el acceso directo de excel?<\/title>\n<meta name=\"robots\" content=\"index, follow, max-snippet:-1, max-image-preview:large, max-video-preview:-1\" \/>\n<link rel=\"canonical\" href=\"https:\/\/exceladvisor.org\/es\/eliminar-una-hoja\/\" \/>\n<meta property=\"og:locale\" content=\"es_ES\" \/>\n<meta property=\"og:type\" content=\"article\" \/>\n<meta property=\"og:title\" content=\"\u00bfc\u00f3mo eliminar una hoja usando el acceso directo de excel?\" \/>\n<meta property=\"og:description\" content=\"Como todos saben, un libro de trabajo es un archivo compuesto por hojas de c\u00e1lculo con las que trabajar, capturar y administrar los datos que contiene. De forma predeterminada, encontrar\u00e1 tres hojas de c\u00e1lculo en versiones anteriores de Excel de 2013 y 2016 y una sola hoja en Excel 2019 y otras versiones m\u00e1s nuevas. [&hellip;]\" \/>\n<meta property=\"og:url\" content=\"https:\/\/exceladvisor.org\/es\/eliminar-una-hoja\/\" \/>\n<meta property=\"og:site_name\" content=\"Excel Advisor\" \/>\n<meta property=\"article:modified_time\" content=\"2023-12-25T10:25:04+00:00\" \/>\n<meta property=\"og:image\" content=\"https:\/\/exceladvisor.org\/wp-content\/uploads\/2023\/08\/1-raccourci-pour-supprimer-la-feuille.png\" \/>\n<meta name=\"twitter:card\" content=\"summary_large_image\" \/>\n<meta name=\"twitter:label1\" content=\"Tiempo de lectura\" \/>\n\t<meta name=\"twitter:data1\" content=\"1 minuto\" \/>\n<script type=\"application\/ld+json\" class=\"yoast-schema-graph\">{\"@context\":\"https:\/\/schema.org\",\"@graph\":[{\"@type\":\"WebPage\",\"@id\":\"https:\/\/exceladvisor.org\/es\/eliminar-una-hoja\/\",\"url\":\"https:\/\/exceladvisor.org\/es\/eliminar-una-hoja\/\",\"name\":\"\u00bfc\u00f3mo eliminar una hoja usando el acceso directo de excel?\",\"isPartOf\":{\"@id\":\"https:\/\/exceladvisor.org\/es\/#website\"},\"primaryImageOfPage\":{\"@id\":\"https:\/\/exceladvisor.org\/es\/eliminar-una-hoja\/#primaryimage\"},\"image\":{\"@id\":\"https:\/\/exceladvisor.org\/es\/eliminar-una-hoja\/#primaryimage\"},\"thumbnailUrl\":\"https:\/\/exceladvisor.org\/wp-content\/uploads\/2023\/08\/1-raccourci-pour-supprimer-la-feuille.png\",\"datePublished\":\"2023-11-15T23:33:52+00:00\",\"dateModified\":\"2023-12-25T10:25:04+00:00\",\"breadcrumb\":{\"@id\":\"https:\/\/exceladvisor.org\/es\/eliminar-una-hoja\/#breadcrumb\"},\"inLanguage\":\"es\",\"potentialAction\":[{\"@type\":\"ReadAction\",\"target\":[\"https:\/\/exceladvisor.org\/es\/eliminar-una-hoja\/\"]}]},{\"@type\":\"ImageObject\",\"inLanguage\":\"es\",\"@id\":\"https:\/\/exceladvisor.org\/es\/eliminar-una-hoja\/#primaryimage\",\"url\":\"https:\/\/exceladvisor.org\/wp-content\/uploads\/2023\/08\/1-raccourci-pour-supprimer-la-feuille.png\",\"contentUrl\":\"https:\/\/exceladvisor.org\/wp-content\/uploads\/2023\/08\/1-raccourci-pour-supprimer-la-feuille.png\"},{\"@type\":\"BreadcrumbList\",\"@id\":\"https:\/\/exceladvisor.org\/es\/eliminar-una-hoja\/#breadcrumb\",\"itemListElement\":[{\"@type\":\"ListItem\",\"position\":1,\"name\":\"Hogar\",\"item\":\"https:\/\/exceladvisor.org\/es\/\"},{\"@type\":\"ListItem\",\"position\":2,\"name\":\"\u00bfc\u00f3mo eliminar una hoja usando el acceso directo de excel?\"}]},{\"@type\":\"WebSite\",\"@id\":\"https:\/\/exceladvisor.org\/es\/#website\",\"url\":\"https:\/\/exceladvisor.org\/es\/\",\"name\":\"Excel Advisor\",\"description\":\"Su gu\u00eda para la dominaci\u00f3n de datos!\",\"publisher\":{\"@id\":\"https:\/\/exceladvisor.org\/es\/#organization\"},\"potentialAction\":[{\"@type\":\"SearchAction\",\"target\":{\"@type\":\"EntryPoint\",\"urlTemplate\":\"https:\/\/exceladvisor.org\/es\/?s={search_term_string}\"},\"query-input\":{\"@type\":\"PropertyValueSpecification\",\"valueRequired\":true,\"valueName\":\"search_term_string\"}}],\"inLanguage\":\"es\"},{\"@type\":\"Organization\",\"@id\":\"https:\/\/exceladvisor.org\/es\/#organization\",\"name\":\"Excel Advisor\",\"url\":\"https:\/\/exceladvisor.org\/es\/\",\"logo\":{\"@type\":\"ImageObject\",\"inLanguage\":\"es\",\"@id\":\"https:\/\/exceladvisor.org\/es\/#\/schema\/logo\/image\/\",\"url\":\"https:\/\/exceladvisor.org\/es\/wp-content\/uploads\/2023\/12\/exceladvisor.org_.png\",\"contentUrl\":\"https:\/\/exceladvisor.org\/es\/wp-content\/uploads\/2023\/12\/exceladvisor.org_.png\",\"width\":105,\"height\":36,\"caption\":\"Excel Advisor\"},\"image\":{\"@id\":\"https:\/\/exceladvisor.org\/es\/#\/schema\/logo\/image\/\"}}]}<\/script>\n<!-- \/ Yoast SEO plugin. -->","yoast_head_json":{"title":"\u00bfc\u00f3mo eliminar una hoja usando el acceso directo de excel?","robots":{"index":"index","follow":"follow","max-snippet":"max-snippet:-1","max-image-preview":"max-image-preview:large","max-video-preview":"max-video-preview:-1"},"canonical":"https:\/\/exceladvisor.org\/es\/eliminar-una-hoja\/","og_locale":"es_ES","og_type":"article","og_title":"\u00bfc\u00f3mo eliminar una hoja usando el acceso directo de excel?","og_description":"Como todos saben, un libro de trabajo es un archivo compuesto por hojas de c\u00e1lculo con las que trabajar, capturar y administrar los datos que contiene. De forma predeterminada, encontrar\u00e1 tres hojas de c\u00e1lculo en versiones anteriores de Excel de 2013 y 2016 y una sola hoja en Excel 2019 y otras versiones m\u00e1s nuevas. [&hellip;]","og_url":"https:\/\/exceladvisor.org\/es\/eliminar-una-hoja\/","og_site_name":"Excel Advisor","article_modified_time":"2023-12-25T10:25:04+00:00","og_image":[{"url":"https:\/\/exceladvisor.org\/wp-content\/uploads\/2023\/08\/1-raccourci-pour-supprimer-la-feuille.png","type":"","width":"","height":""}],"twitter_card":"summary_large_image","twitter_misc":{"Tiempo de lectura":"1 minuto"},"schema":{"@context":"https:\/\/schema.org","@graph":[{"@type":"WebPage","@id":"https:\/\/exceladvisor.org\/es\/eliminar-una-hoja\/","url":"https:\/\/exceladvisor.org\/es\/eliminar-una-hoja\/","name":"\u00bfc\u00f3mo eliminar una hoja usando el acceso directo de excel?","isPartOf":{"@id":"https:\/\/exceladvisor.org\/es\/#website"},"primaryImageOfPage":{"@id":"https:\/\/exceladvisor.org\/es\/eliminar-una-hoja\/#primaryimage"},"image":{"@id":"https:\/\/exceladvisor.org\/es\/eliminar-una-hoja\/#primaryimage"},"thumbnailUrl":"https:\/\/exceladvisor.org\/wp-content\/uploads\/2023\/08\/1-raccourci-pour-supprimer-la-feuille.png","datePublished":"2023-11-15T23:33:52+00:00","dateModified":"2023-12-25T10:25:04+00:00","breadcrumb":{"@id":"https:\/\/exceladvisor.org\/es\/eliminar-una-hoja\/#breadcrumb"},"inLanguage":"es","potentialAction":[{"@type":"ReadAction","target":["https:\/\/exceladvisor.org\/es\/eliminar-una-hoja\/"]}]},{"@type":"ImageObject","inLanguage":"es","@id":"https:\/\/exceladvisor.org\/es\/eliminar-una-hoja\/#primaryimage","url":"https:\/\/exceladvisor.org\/wp-content\/uploads\/2023\/08\/1-raccourci-pour-supprimer-la-feuille.png","contentUrl":"https:\/\/exceladvisor.org\/wp-content\/uploads\/2023\/08\/1-raccourci-pour-supprimer-la-feuille.png"},{"@type":"BreadcrumbList","@id":"https:\/\/exceladvisor.org\/es\/eliminar-una-hoja\/#breadcrumb","itemListElement":[{"@type":"ListItem","position":1,"name":"Hogar","item":"https:\/\/exceladvisor.org\/es\/"},{"@type":"ListItem","position":2,"name":"\u00bfc\u00f3mo eliminar una hoja usando el acceso directo de excel?"}]},{"@type":"WebSite","@id":"https:\/\/exceladvisor.org\/es\/#website","url":"https:\/\/exceladvisor.org\/es\/","name":"Excel Advisor","description":"Su gu\u00eda para la dominaci\u00f3n de datos!","publisher":{"@id":"https:\/\/exceladvisor.org\/es\/#organization"},"potentialAction":[{"@type":"SearchAction","target":{"@type":"EntryPoint","urlTemplate":"https:\/\/exceladvisor.org\/es\/?s={search_term_string}"},"query-input":{"@type":"PropertyValueSpecification","valueRequired":true,"valueName":"search_term_string"}}],"inLanguage":"es"},{"@type":"Organization","@id":"https:\/\/exceladvisor.org\/es\/#organization","name":"Excel Advisor","url":"https:\/\/exceladvisor.org\/es\/","logo":{"@type":"ImageObject","inLanguage":"es","@id":"https:\/\/exceladvisor.org\/es\/#\/schema\/logo\/image\/","url":"https:\/\/exceladvisor.org\/es\/wp-content\/uploads\/2023\/12\/exceladvisor.org_.png","contentUrl":"https:\/\/exceladvisor.org\/es\/wp-content\/uploads\/2023\/12\/exceladvisor.org_.png","width":105,"height":36,"caption":"Excel Advisor"},"image":{"@id":"https:\/\/exceladvisor.org\/es\/#\/schema\/logo\/image\/"}}]}},"yoast_meta":{"yoast_wpseo_title":"","yoast_wpseo_metadesc":"","yoast_wpseo_canonical":""},"_links":{"self":[{"href":"https:\/\/exceladvisor.org\/es\/wp-json\/wp\/v2\/pages\/119","targetHints":{"allow":["GET"]}}],"collection":[{"href":"https:\/\/exceladvisor.org\/es\/wp-json\/wp\/v2\/pages"}],"about":[{"href":"https:\/\/exceladvisor.org\/es\/wp-json\/wp\/v2\/types\/page"}],"author":[{"embeddable":true,"href":"https:\/\/exceladvisor.org\/es\/wp-json\/wp\/v2\/users\/1"}],"replies":[{"embeddable":true,"href":"https:\/\/exceladvisor.org\/es\/wp-json\/wp\/v2\/comments?post=119"}],"version-history":[{"count":1,"href":"https:\/\/exceladvisor.org\/es\/wp-json\/wp\/v2\/pages\/119\/revisions"}],"predecessor-version":[{"id":1000,"href":"https:\/\/exceladvisor.org\/es\/wp-json\/wp\/v2\/pages\/119\/revisions\/1000"}],"wp:attachment":[{"href":"https:\/\/exceladvisor.org\/es\/wp-json\/wp\/v2\/media?parent=119"}],"curies":[{"name":"wp","href":"https:\/\/api.w.org\/{rel}","templated":true}]}}