{"id":120,"date":"2023-11-15T21:59:40","date_gmt":"2023-11-15T21:59:40","guid":{"rendered":"https:\/\/exceladvisor.org\/es\/color-de-relleno\/"},"modified":"2023-12-25T10:26:57","modified_gmt":"2023-12-25T10:26:57","slug":"color-de-relleno","status":"publish","type":"page","link":"https:\/\/exceladvisor.org\/es\/color-de-relleno\/","title":{"rendered":"\u00bfc\u00f3mo rellenar color en excel?"},"content":{"rendered":"<div class=\"excel-antes-del-contenido\" id=\"excel-1253042981\"><script type=\"text\/javascript\">\r\n\tatOptions = {\r\n\t\t'key' : 'c1158f160081d6540a8409e6925dab94',\r\n\t\t'format' : 'iframe',\r\n\t\t'height' : 250,\r\n\t\t'width' : 300,\r\n\t\t'params' : {}\r\n\t};\r\n<\/script>\r\n<script type=\"text\/javascript\" src=\"\/\/www.highperformanceformat.com\/c1158f160081d6540a8409e6925dab94\/invoke.js\"><\/script><\/div><p>A menudo, los usuarios quieren que ciertas celdas sean f\u00e1cilmente visibles para todos y, para eso, prefieren resaltar esas celdas agreg\u00e1ndoles color usando la opci\u00f3n de color de relleno. El color de relleno en Excel se utiliza para rellenar el color de las celdas. Los usuarios pueden elegir cualquier color de los disponibles y llenar las celdas.<\/p>\n<h2 class=\"wp-block-heading\"> Atajo de teclado para rellenar color en Excel<\/h2>\n<p> <kbd>Alt<\/kbd> \u2192 <kbd>H<\/kbd> \u2192 <kbd>H<\/kbd> <\/p>\n<div class=\"wp-block-image\">\n<figure class=\"aligncenter size-full is-resized\"><img loading=\"lazy\" decoding=\"async\" class=\"wp-image-72789\" src=\"https:\/\/exceladvisor.org\/wp-content\/uploads\/2023\/08\/1-raccourci-de-couleur-de-remplissage.png\" sizes=\"auto, \" srcset=\"\" alt=\"atajo de color de relleno\" width=\"774\" height=\"303\"><\/figure>\n<\/div>\n<p> No existe un m\u00e9todo abreviado de teclado directo para elegir, seleccionar y rellenar el color de la celda, pero a\u00fan as\u00ed el usuario puede ahorrar tiempo yendo directamente al men\u00fa de selecci\u00f3n de color y seleccionando el color requerido desde all\u00ed.<\/p>\n<h2 class=\"wp-block-heading\"> Pasos para rellenar color usando el atajo de teclado<\/h2>\n<ol>\n<li> Primero, seleccione las celdas donde desea rellenar el color.<\/li>\n<li> Despu\u00e9s de eso, presione las teclas <kbd>Alt<\/kbd> \u2192 <kbd>H<\/kbd> \u2192 <kbd>H<\/kbd> en orden y abrir\u00e1 el men\u00fa \u201cColores del tema\u201d para elegir el color.<\/li>\n<li> Ahora, usando las teclas de flecha \u201cIzquierda, Derecha, Arriba y Abajo\u201d del teclado, mueva la selecci\u00f3n al color que desea rellenar y luego presione Entrar. <br \/><img loading=\"lazy\" decoding=\"async\" title=\"2 colores seleccionados\" src=\"https:\/\/exceladvisor.org\/wp-content\/uploads\/2023\/08\/2-selectionnez-la-couleur.png\" sizes=\"auto, \" srcset=\"\" alt=\"select-the-color\" width=\"482\" height=\"361\"><\/li>\n<li> Una vez que presione Enter, las celdas seleccionadas se rellenar\u00e1n con ese color. <br \/><img loading=\"lazy\" decoding=\"async\" title=\"3 celdas con color seleccionado\" src=\"https:\/\/exceladvisor.org\/wp-content\/uploads\/2023\/08\/3-cellules-avec-la-couleur-selectionnee.png\" sizes=\"auto, \" srcset=\"\" alt=\"cells-with-selected-color\" width=\"438\" height=\"188\"><\/li>\n<\/ol>\n<h2 class=\"wp-block-heading\"> Comidas para llevar<\/h2>\n<ol>\n<li> El color que agreg\u00f3 usando la opci\u00f3n \u00abColor de relleno\u00bb no se cambiar\u00e1\/eliminar\u00e1 a menos que cambie\/elimine el color intencionalmente. Por lo tanto, si desea que el color cambie con el cambio de valor, debe utilizar la opci\u00f3n \u00abFormato condicional\u00bb. para llenar el color.<\/li>\n<li> Para eliminar el color de cualquier celda, seleccione la celda y presione <kbd>Alt<\/kbd> \u2192 <kbd>H<\/kbd> \u2192 <kbd>H<\/kbd> \u2192 <kbd>N<\/kbd> y se eliminar\u00e1 el color.<\/li>\n<li> Para encontrar m\u00e1s opciones de color para elegir, presione <kbd>Alt<\/kbd> \u2192 <kbd>H<\/kbd> \u2192 <kbd>H<\/kbd> \u2192 <kbd>M<\/kbd> y abrir\u00e1 el cuadro de di\u00e1logo \u201cColores\u201d. <\/li>\n<\/ol>\n<div class=\"wp-block-image\">\n<figure class=\"aligncenter size-full is-resized\"><img loading=\"lazy\" decoding=\"async\" class=\"wp-image-72792\" src=\"https:\/\/exceladvisor.org\/wp-content\/uploads\/2023\/08\/Boite-de-dialogue-4-couleurs.png\" sizes=\"auto, \" srcset=\"\" alt=\"cuadro de di\u00e1logo de colores\" width=\"316\" height=\"342\"><\/figure>\n<\/div>\n<div class=\"gb-container gb-container-2116538e gb-container-mt\"> <a class=\"gb-button gb-button-f7d2c131 gb-button-text gb-button-mt-button\" href=\"https:\/\/exceladvisor.org\/es\/atajos-de-teclado\/\">Atajos de teclado para PDF de Excel<\/a><\/p>\n<h2 class=\"gb-headline gb-headline-7ed68554 gb-headline-text gb-headline-mt-heading\"> M\u00e1s atajos <\/h2>\n<div class=\"gb-grid-wrapper gb-grid-wrapper-edeef538 gb-grid-wrapper-mt-grid\">\n<div class=\"gb-grid-column gb-grid-column-6ab6fbc6\">\n<div class=\"gb-container gb-container-6ab6fbc6\">\n<ul>\n<li> <a href=\"https:\/\/exceladvisor.org\/es\/opciones-de-celda-de-formato-abierto\/\">Opci\u00f3n para abrir celdas de formato.<\/a><\/li>\n<li> <a href=\"https:\/\/exceladvisor.org\/es\/ajuste-automatico\/\">Ajuste autom\u00e1tico<\/a><\/li>\n<li> <a href=\"https:\/\/exceladvisor.org\/es\/formato-pintor-1\/\">Formato pintor<\/a><\/li>\n<li> <a href=\"https:\/\/exceladvisor.org\/es\/ajustar-texto\/\">Ajustar texto<\/a><\/li>\n<li> <a href=\"https:\/\/exceladvisor.org\/es\/anadir-comentarios\/\">A\u00f1adir comentarios<\/a> <\/li>\n<\/ul>\n<\/div>\n<\/div>\n<div class=\"gb-grid-column gb-grid-column-766d598b\">\n<div class=\"gb-container gb-container-766d598b\"><\/div>\n<\/div>\n<\/div>\n<\/div>\n","protected":false},"excerpt":{"rendered":"<p>A menudo, los usuarios quieren que ciertas celdas sean f\u00e1cilmente visibles para todos y, para eso, prefieren resaltar esas celdas agreg\u00e1ndoles color usando la opci\u00f3n de color de relleno. El color de relleno en Excel se utiliza para rellenar el color de las celdas. Los usuarios pueden elegir cualquier color de los disponibles y llenar [&hellip;]<\/p>\n","protected":false},"author":1,"featured_media":0,"parent":0,"menu_order":0,"comment_status":"open","ping_status":"closed","template":"","meta":{"ub_ctt_via":"","footnotes":""},"class_list":["post-120","page","type-page","status-publish","hentry"],"featured_image_src":null,"yoast_head":"<!-- This site is optimized with the Yoast SEO plugin v25.4 - https:\/\/yoast.com\/wordpress\/plugins\/seo\/ -->\n<title>\u00bfc\u00f3mo rellenar color en excel?<\/title>\n<meta name=\"robots\" content=\"index, follow, max-snippet:-1, max-image-preview:large, max-video-preview:-1\" \/>\n<link rel=\"canonical\" href=\"https:\/\/exceladvisor.org\/es\/color-de-relleno\/\" \/>\n<meta property=\"og:locale\" content=\"es_ES\" \/>\n<meta property=\"og:type\" content=\"article\" \/>\n<meta property=\"og:title\" content=\"\u00bfc\u00f3mo rellenar color en excel?\" \/>\n<meta property=\"og:description\" content=\"A menudo, los usuarios quieren que ciertas celdas sean f\u00e1cilmente visibles para todos y, para eso, prefieren resaltar esas celdas agreg\u00e1ndoles color usando la opci\u00f3n de color de relleno. El color de relleno en Excel se utiliza para rellenar el color de las celdas. Los usuarios pueden elegir cualquier color de los disponibles y llenar [&hellip;]\" \/>\n<meta property=\"og:url\" content=\"https:\/\/exceladvisor.org\/es\/color-de-relleno\/\" \/>\n<meta property=\"og:site_name\" content=\"Excel Advisor\" \/>\n<meta property=\"article:modified_time\" content=\"2023-12-25T10:26:57+00:00\" \/>\n<meta property=\"og:image\" content=\"https:\/\/exceladvisor.org\/wp-content\/uploads\/2023\/08\/1-raccourci-de-couleur-de-remplissage.png\" \/>\n<meta name=\"twitter:card\" content=\"summary_large_image\" \/>\n<meta name=\"twitter:label1\" content=\"Tiempo de lectura\" \/>\n\t<meta name=\"twitter:data1\" content=\"2 minutos\" \/>\n<script type=\"application\/ld+json\" class=\"yoast-schema-graph\">{\"@context\":\"https:\/\/schema.org\",\"@graph\":[{\"@type\":\"WebPage\",\"@id\":\"https:\/\/exceladvisor.org\/es\/color-de-relleno\/\",\"url\":\"https:\/\/exceladvisor.org\/es\/color-de-relleno\/\",\"name\":\"\u00bfc\u00f3mo rellenar color en excel?\",\"isPartOf\":{\"@id\":\"https:\/\/exceladvisor.org\/es\/#website\"},\"primaryImageOfPage\":{\"@id\":\"https:\/\/exceladvisor.org\/es\/color-de-relleno\/#primaryimage\"},\"image\":{\"@id\":\"https:\/\/exceladvisor.org\/es\/color-de-relleno\/#primaryimage\"},\"thumbnailUrl\":\"https:\/\/exceladvisor.org\/wp-content\/uploads\/2023\/08\/1-raccourci-de-couleur-de-remplissage.png\",\"datePublished\":\"2023-11-15T21:59:40+00:00\",\"dateModified\":\"2023-12-25T10:26:57+00:00\",\"breadcrumb\":{\"@id\":\"https:\/\/exceladvisor.org\/es\/color-de-relleno\/#breadcrumb\"},\"inLanguage\":\"es\",\"potentialAction\":[{\"@type\":\"ReadAction\",\"target\":[\"https:\/\/exceladvisor.org\/es\/color-de-relleno\/\"]}]},{\"@type\":\"ImageObject\",\"inLanguage\":\"es\",\"@id\":\"https:\/\/exceladvisor.org\/es\/color-de-relleno\/#primaryimage\",\"url\":\"https:\/\/exceladvisor.org\/wp-content\/uploads\/2023\/08\/1-raccourci-de-couleur-de-remplissage.png\",\"contentUrl\":\"https:\/\/exceladvisor.org\/wp-content\/uploads\/2023\/08\/1-raccourci-de-couleur-de-remplissage.png\"},{\"@type\":\"BreadcrumbList\",\"@id\":\"https:\/\/exceladvisor.org\/es\/color-de-relleno\/#breadcrumb\",\"itemListElement\":[{\"@type\":\"ListItem\",\"position\":1,\"name\":\"Hogar\",\"item\":\"https:\/\/exceladvisor.org\/es\/\"},{\"@type\":\"ListItem\",\"position\":2,\"name\":\"\u00bfc\u00f3mo rellenar color en excel?\"}]},{\"@type\":\"WebSite\",\"@id\":\"https:\/\/exceladvisor.org\/es\/#website\",\"url\":\"https:\/\/exceladvisor.org\/es\/\",\"name\":\"Excel Advisor\",\"description\":\"Su gu\u00eda para la dominaci\u00f3n de datos!\",\"publisher\":{\"@id\":\"https:\/\/exceladvisor.org\/es\/#organization\"},\"potentialAction\":[{\"@type\":\"SearchAction\",\"target\":{\"@type\":\"EntryPoint\",\"urlTemplate\":\"https:\/\/exceladvisor.org\/es\/?s={search_term_string}\"},\"query-input\":{\"@type\":\"PropertyValueSpecification\",\"valueRequired\":true,\"valueName\":\"search_term_string\"}}],\"inLanguage\":\"es\"},{\"@type\":\"Organization\",\"@id\":\"https:\/\/exceladvisor.org\/es\/#organization\",\"name\":\"Excel Advisor\",\"url\":\"https:\/\/exceladvisor.org\/es\/\",\"logo\":{\"@type\":\"ImageObject\",\"inLanguage\":\"es\",\"@id\":\"https:\/\/exceladvisor.org\/es\/#\/schema\/logo\/image\/\",\"url\":\"https:\/\/exceladvisor.org\/es\/wp-content\/uploads\/2023\/12\/exceladvisor.org_.png\",\"contentUrl\":\"https:\/\/exceladvisor.org\/es\/wp-content\/uploads\/2023\/12\/exceladvisor.org_.png\",\"width\":105,\"height\":36,\"caption\":\"Excel Advisor\"},\"image\":{\"@id\":\"https:\/\/exceladvisor.org\/es\/#\/schema\/logo\/image\/\"}}]}<\/script>\n<!-- \/ Yoast SEO plugin. -->","yoast_head_json":{"title":"\u00bfc\u00f3mo rellenar color en excel?","robots":{"index":"index","follow":"follow","max-snippet":"max-snippet:-1","max-image-preview":"max-image-preview:large","max-video-preview":"max-video-preview:-1"},"canonical":"https:\/\/exceladvisor.org\/es\/color-de-relleno\/","og_locale":"es_ES","og_type":"article","og_title":"\u00bfc\u00f3mo rellenar color en excel?","og_description":"A menudo, los usuarios quieren que ciertas celdas sean f\u00e1cilmente visibles para todos y, para eso, prefieren resaltar esas celdas agreg\u00e1ndoles color usando la opci\u00f3n de color de relleno. El color de relleno en Excel se utiliza para rellenar el color de las celdas. Los usuarios pueden elegir cualquier color de los disponibles y llenar [&hellip;]","og_url":"https:\/\/exceladvisor.org\/es\/color-de-relleno\/","og_site_name":"Excel Advisor","article_modified_time":"2023-12-25T10:26:57+00:00","og_image":[{"url":"https:\/\/exceladvisor.org\/wp-content\/uploads\/2023\/08\/1-raccourci-de-couleur-de-remplissage.png","type":"","width":"","height":""}],"twitter_card":"summary_large_image","twitter_misc":{"Tiempo de lectura":"2 minutos"},"schema":{"@context":"https:\/\/schema.org","@graph":[{"@type":"WebPage","@id":"https:\/\/exceladvisor.org\/es\/color-de-relleno\/","url":"https:\/\/exceladvisor.org\/es\/color-de-relleno\/","name":"\u00bfc\u00f3mo rellenar color en excel?","isPartOf":{"@id":"https:\/\/exceladvisor.org\/es\/#website"},"primaryImageOfPage":{"@id":"https:\/\/exceladvisor.org\/es\/color-de-relleno\/#primaryimage"},"image":{"@id":"https:\/\/exceladvisor.org\/es\/color-de-relleno\/#primaryimage"},"thumbnailUrl":"https:\/\/exceladvisor.org\/wp-content\/uploads\/2023\/08\/1-raccourci-de-couleur-de-remplissage.png","datePublished":"2023-11-15T21:59:40+00:00","dateModified":"2023-12-25T10:26:57+00:00","breadcrumb":{"@id":"https:\/\/exceladvisor.org\/es\/color-de-relleno\/#breadcrumb"},"inLanguage":"es","potentialAction":[{"@type":"ReadAction","target":["https:\/\/exceladvisor.org\/es\/color-de-relleno\/"]}]},{"@type":"ImageObject","inLanguage":"es","@id":"https:\/\/exceladvisor.org\/es\/color-de-relleno\/#primaryimage","url":"https:\/\/exceladvisor.org\/wp-content\/uploads\/2023\/08\/1-raccourci-de-couleur-de-remplissage.png","contentUrl":"https:\/\/exceladvisor.org\/wp-content\/uploads\/2023\/08\/1-raccourci-de-couleur-de-remplissage.png"},{"@type":"BreadcrumbList","@id":"https:\/\/exceladvisor.org\/es\/color-de-relleno\/#breadcrumb","itemListElement":[{"@type":"ListItem","position":1,"name":"Hogar","item":"https:\/\/exceladvisor.org\/es\/"},{"@type":"ListItem","position":2,"name":"\u00bfc\u00f3mo rellenar color en excel?"}]},{"@type":"WebSite","@id":"https:\/\/exceladvisor.org\/es\/#website","url":"https:\/\/exceladvisor.org\/es\/","name":"Excel Advisor","description":"Su gu\u00eda para la dominaci\u00f3n de datos!","publisher":{"@id":"https:\/\/exceladvisor.org\/es\/#organization"},"potentialAction":[{"@type":"SearchAction","target":{"@type":"EntryPoint","urlTemplate":"https:\/\/exceladvisor.org\/es\/?s={search_term_string}"},"query-input":{"@type":"PropertyValueSpecification","valueRequired":true,"valueName":"search_term_string"}}],"inLanguage":"es"},{"@type":"Organization","@id":"https:\/\/exceladvisor.org\/es\/#organization","name":"Excel Advisor","url":"https:\/\/exceladvisor.org\/es\/","logo":{"@type":"ImageObject","inLanguage":"es","@id":"https:\/\/exceladvisor.org\/es\/#\/schema\/logo\/image\/","url":"https:\/\/exceladvisor.org\/es\/wp-content\/uploads\/2023\/12\/exceladvisor.org_.png","contentUrl":"https:\/\/exceladvisor.org\/es\/wp-content\/uploads\/2023\/12\/exceladvisor.org_.png","width":105,"height":36,"caption":"Excel Advisor"},"image":{"@id":"https:\/\/exceladvisor.org\/es\/#\/schema\/logo\/image\/"}}]}},"yoast_meta":{"yoast_wpseo_title":"","yoast_wpseo_metadesc":"","yoast_wpseo_canonical":""},"_links":{"self":[{"href":"https:\/\/exceladvisor.org\/es\/wp-json\/wp\/v2\/pages\/120","targetHints":{"allow":["GET"]}}],"collection":[{"href":"https:\/\/exceladvisor.org\/es\/wp-json\/wp\/v2\/pages"}],"about":[{"href":"https:\/\/exceladvisor.org\/es\/wp-json\/wp\/v2\/types\/page"}],"author":[{"embeddable":true,"href":"https:\/\/exceladvisor.org\/es\/wp-json\/wp\/v2\/users\/1"}],"replies":[{"embeddable":true,"href":"https:\/\/exceladvisor.org\/es\/wp-json\/wp\/v2\/comments?post=120"}],"version-history":[{"count":1,"href":"https:\/\/exceladvisor.org\/es\/wp-json\/wp\/v2\/pages\/120\/revisions"}],"predecessor-version":[{"id":1171,"href":"https:\/\/exceladvisor.org\/es\/wp-json\/wp\/v2\/pages\/120\/revisions\/1171"}],"wp:attachment":[{"href":"https:\/\/exceladvisor.org\/es\/wp-json\/wp\/v2\/media?parent=120"}],"curies":[{"name":"wp","href":"https:\/\/api.w.org\/{rel}","templated":true}]}}