{"id":121,"date":"2023-11-15T21:48:44","date_gmt":"2023-11-15T21:48:44","guid":{"rendered":"https:\/\/exceladvisor.org\/es\/eliminar-celda\/"},"modified":"2023-12-25T10:25:01","modified_gmt":"2023-12-25T10:25:01","slug":"eliminar-celda","status":"publish","type":"page","link":"https:\/\/exceladvisor.org\/es\/eliminar-celda\/","title":{"rendered":"\u00bfc\u00f3mo eliminar un acceso directo de excel de una celda?"},"content":{"rendered":"<div class=\"excel-antes-del-contenido\" id=\"excel-4025050874\"><script type=\"text\/javascript\">\r\n\tatOptions = {\r\n\t\t'key' : 'c1158f160081d6540a8409e6925dab94',\r\n\t\t'format' : 'iframe',\r\n\t\t'height' : 250,\r\n\t\t'width' : 300,\r\n\t\t'params' : {}\r\n\t};\r\n<\/script>\r\n<script type=\"text\/javascript\" src=\"\/\/www.highperformanceformat.com\/c1158f160081d6540a8409e6925dab94\/invoke.js\"><\/script><\/div><p>Como sugiere el nombre, eliminar celda se refiere a eliminar la celda.<\/p>\n<p> Excel tambi\u00e9n tiene la opci\u00f3n de eliminar la celda o rango de celdas espec\u00edfico en lugar de eliminar toda la fila o columna.<\/p>\n<p> Entonces, cada vez que el usuario quiera eliminar o eliminar una celda de la hoja de trabajo, puede eliminar esa celda espec\u00edfica y ajustar los datos.<\/p>\n<h2 class=\"wp-block-heading\"> Atajo de teclado para eliminar una celda en Excel<\/h2>\n<p> El m\u00e9todo abreviado de teclado para eliminar la celda o rango de celdas espec\u00edfico es el que se menciona a continuaci\u00f3n:<\/p>\n<p> <kbd>Ctrl<\/kbd> + <kbd>-<\/kbd> <\/p>\n<div class=\"wp-block-image\">\n<figure class=\"aligncenter size-full is-resized\"><img loading=\"lazy\" decoding=\"async\" class=\"wp-image-72783\" src=\"https:\/\/exceladvisor.org\/wp-content\/uploads\/2023\/08\/1-supprimer-le-raccourci-de-cellule.png\" sizes=\"auto, \" srcset=\"\" alt=\"atajo-eliminar-celda\" width=\"748\" height=\"293\"><\/figure>\n<\/div>\n<h2 class=\"wp-block-heading\"> Pasos para eliminar una celda usando un atajo de teclado<\/h2>\n<ol>\n<li> Primero, seleccione las celdas que desea eliminar o eliminar de la hoja de trabajo.<\/li>\n<li> Despu\u00e9s de eso, simplemente presione las teclas <kbd>Ctrl<\/kbd> + <kbd>-<\/kbd> juntas y se abrir\u00e1 el cuadro de di\u00e1logo \u00abEliminar\u00bb.<\/li>\n<li> Ahora elija la opci\u00f3n donde desea mover el resto de las celdas para reemplazar la celda seleccionada para que se ajuste a los datos en la hoja de trabajo.<\/li>\n<li> Una vez seleccionado presiona Enter y tu celda seleccionada ser\u00e1 eliminada y se ajustar\u00e1n los datos. <\/li>\n<\/ol>\n<div class=\"wp-block-image\">\n<figure class=\"aligncenter size-full\"><img loading=\"lazy\" decoding=\"async\" class=\"wp-image-72784\" src=\"https:\/\/exceladvisor.org\/wp-content\/uploads\/2023\/08\/2-supprimer-la-boite-de-dialogue.png\" sizes=\"auto, \" srcset=\"\" alt=\"eliminar di\u00e1logo\" width=\"216\" height=\"228\"><\/figure>\n<\/div>\n<p class=\"qt-tip\"> Nota: Si tiene sus datos en formato de rango de tabla y selecciona una celda espec\u00edfica y presiona <kbd>Ctrl<\/kbd> + <kbd>-<\/kbd> , se eliminar\u00e1 toda esa fila y no solo esa celda espec\u00edfica. <\/p>\n<div class=\"wp-block-group more-tutorials is-layout-flow\">\n<div class=\"wp-block-group__inner-container\">\n<h2 class=\"wp-block-heading\"> M\u00e1s tutoriales <\/h2>\n<div class=\"wp-block-columns is-layout-flex wp-container-139\">\n<div class=\"wp-block-column is-layout-flow\">\n<ul>\n<li> <a href=\"https:\/\/exceladvisor.org\/es\/agregar-la-columna-1\/\">Agregar una columna<\/a><\/li>\n<li> <a href=\"https:\/\/exceladvisor.org\/es\/eliminar-linea\/\">Eliminar filas<\/a><\/li>\n<li> <a href=\"https:\/\/exceladvisor.org\/es\/editar-celda\/\">Editar celda<\/a><\/li>\n<li> <a href=\"https:\/\/exceladvisor.org\/es\/mostrar-columnas\/\">Mostrar columnas<\/a><\/li>\n<\/ul>\n<\/div>\n<div class=\"wp-block-column is-layout-flow\">\n<ul>\n<li> <a href=\"https:\/\/exceladvisor.org\/es\/insertar-una-celda\/\">Insertar una celda<\/a><\/li>\n<li> <a href=\"https:\/\/exceladvisor.org\/es\/insertar-una-linea\/\">Insertar \u2013 Agregar filas<\/a><\/li>\n<li> <a href=\"https:\/\/exceladvisor.org\/es\/fusionar-disociar-celdas-1\/\">Fusionar y separar celdas<\/a><\/li>\n<\/ul>\n<\/div>\n<\/div>\n<p> \u21e0 Volver a <a href=\"https:\/\/exceladvisor.org\/es\/atajos-de-teclado\/\">los atajos de Excel (hoja de referencia en PDF)<\/a><\/p>\n<\/div>\n<\/div>\n","protected":false},"excerpt":{"rendered":"<p>Como sugiere el nombre, eliminar celda se refiere a eliminar la celda. Excel tambi\u00e9n tiene la opci\u00f3n de eliminar la celda o rango de celdas espec\u00edfico en lugar de eliminar toda la fila o columna. Entonces, cada vez que el usuario quiera eliminar o eliminar una celda de la hoja de trabajo, puede eliminar esa [&hellip;]<\/p>\n","protected":false},"author":1,"featured_media":0,"parent":0,"menu_order":0,"comment_status":"open","ping_status":"closed","template":"","meta":{"ub_ctt_via":"","footnotes":""},"class_list":["post-121","page","type-page","status-publish","hentry"],"featured_image_src":null,"yoast_head":"<!-- This site is optimized with the Yoast SEO plugin v25.4 - https:\/\/yoast.com\/wordpress\/plugins\/seo\/ -->\n<title>\u00bfc\u00f3mo eliminar un acceso directo de excel de una celda?<\/title>\n<meta name=\"robots\" content=\"index, follow, max-snippet:-1, max-image-preview:large, max-video-preview:-1\" \/>\n<link rel=\"canonical\" href=\"https:\/\/exceladvisor.org\/es\/eliminar-celda\/\" \/>\n<meta property=\"og:locale\" content=\"es_ES\" \/>\n<meta property=\"og:type\" content=\"article\" \/>\n<meta property=\"og:title\" content=\"\u00bfc\u00f3mo eliminar un acceso directo de excel de una celda?\" \/>\n<meta property=\"og:description\" content=\"Como sugiere el nombre, eliminar celda se refiere a eliminar la celda. Excel tambi\u00e9n tiene la opci\u00f3n de eliminar la celda o rango de celdas espec\u00edfico en lugar de eliminar toda la fila o columna. Entonces, cada vez que el usuario quiera eliminar o eliminar una celda de la hoja de trabajo, puede eliminar esa [&hellip;]\" \/>\n<meta property=\"og:url\" content=\"https:\/\/exceladvisor.org\/es\/eliminar-celda\/\" \/>\n<meta property=\"og:site_name\" content=\"Excel Advisor\" \/>\n<meta property=\"article:modified_time\" content=\"2023-12-25T10:25:01+00:00\" \/>\n<meta property=\"og:image\" content=\"https:\/\/exceladvisor.org\/wp-content\/uploads\/2023\/08\/1-supprimer-le-raccourci-de-cellule.png\" \/>\n<meta name=\"twitter:card\" content=\"summary_large_image\" \/>\n<meta name=\"twitter:label1\" content=\"Tiempo de lectura\" \/>\n\t<meta name=\"twitter:data1\" content=\"1 minuto\" \/>\n<script type=\"application\/ld+json\" class=\"yoast-schema-graph\">{\"@context\":\"https:\/\/schema.org\",\"@graph\":[{\"@type\":\"WebPage\",\"@id\":\"https:\/\/exceladvisor.org\/es\/eliminar-celda\/\",\"url\":\"https:\/\/exceladvisor.org\/es\/eliminar-celda\/\",\"name\":\"\u00bfc\u00f3mo eliminar un acceso directo de excel de una celda?\",\"isPartOf\":{\"@id\":\"https:\/\/exceladvisor.org\/es\/#website\"},\"primaryImageOfPage\":{\"@id\":\"https:\/\/exceladvisor.org\/es\/eliminar-celda\/#primaryimage\"},\"image\":{\"@id\":\"https:\/\/exceladvisor.org\/es\/eliminar-celda\/#primaryimage\"},\"thumbnailUrl\":\"https:\/\/exceladvisor.org\/wp-content\/uploads\/2023\/08\/1-supprimer-le-raccourci-de-cellule.png\",\"datePublished\":\"2023-11-15T21:48:44+00:00\",\"dateModified\":\"2023-12-25T10:25:01+00:00\",\"breadcrumb\":{\"@id\":\"https:\/\/exceladvisor.org\/es\/eliminar-celda\/#breadcrumb\"},\"inLanguage\":\"es\",\"potentialAction\":[{\"@type\":\"ReadAction\",\"target\":[\"https:\/\/exceladvisor.org\/es\/eliminar-celda\/\"]}]},{\"@type\":\"ImageObject\",\"inLanguage\":\"es\",\"@id\":\"https:\/\/exceladvisor.org\/es\/eliminar-celda\/#primaryimage\",\"url\":\"https:\/\/exceladvisor.org\/wp-content\/uploads\/2023\/08\/1-supprimer-le-raccourci-de-cellule.png\",\"contentUrl\":\"https:\/\/exceladvisor.org\/wp-content\/uploads\/2023\/08\/1-supprimer-le-raccourci-de-cellule.png\"},{\"@type\":\"BreadcrumbList\",\"@id\":\"https:\/\/exceladvisor.org\/es\/eliminar-celda\/#breadcrumb\",\"itemListElement\":[{\"@type\":\"ListItem\",\"position\":1,\"name\":\"Hogar\",\"item\":\"https:\/\/exceladvisor.org\/es\/\"},{\"@type\":\"ListItem\",\"position\":2,\"name\":\"\u00bfc\u00f3mo eliminar un acceso directo de excel de una celda?\"}]},{\"@type\":\"WebSite\",\"@id\":\"https:\/\/exceladvisor.org\/es\/#website\",\"url\":\"https:\/\/exceladvisor.org\/es\/\",\"name\":\"Excel Advisor\",\"description\":\"Su gu\u00eda para la dominaci\u00f3n de datos!\",\"publisher\":{\"@id\":\"https:\/\/exceladvisor.org\/es\/#organization\"},\"potentialAction\":[{\"@type\":\"SearchAction\",\"target\":{\"@type\":\"EntryPoint\",\"urlTemplate\":\"https:\/\/exceladvisor.org\/es\/?s={search_term_string}\"},\"query-input\":{\"@type\":\"PropertyValueSpecification\",\"valueRequired\":true,\"valueName\":\"search_term_string\"}}],\"inLanguage\":\"es\"},{\"@type\":\"Organization\",\"@id\":\"https:\/\/exceladvisor.org\/es\/#organization\",\"name\":\"Excel Advisor\",\"url\":\"https:\/\/exceladvisor.org\/es\/\",\"logo\":{\"@type\":\"ImageObject\",\"inLanguage\":\"es\",\"@id\":\"https:\/\/exceladvisor.org\/es\/#\/schema\/logo\/image\/\",\"url\":\"https:\/\/exceladvisor.org\/es\/wp-content\/uploads\/2023\/12\/exceladvisor.org_.png\",\"contentUrl\":\"https:\/\/exceladvisor.org\/es\/wp-content\/uploads\/2023\/12\/exceladvisor.org_.png\",\"width\":105,\"height\":36,\"caption\":\"Excel Advisor\"},\"image\":{\"@id\":\"https:\/\/exceladvisor.org\/es\/#\/schema\/logo\/image\/\"}}]}<\/script>\n<!-- \/ Yoast SEO plugin. -->","yoast_head_json":{"title":"\u00bfc\u00f3mo eliminar un acceso directo de excel de una celda?","robots":{"index":"index","follow":"follow","max-snippet":"max-snippet:-1","max-image-preview":"max-image-preview:large","max-video-preview":"max-video-preview:-1"},"canonical":"https:\/\/exceladvisor.org\/es\/eliminar-celda\/","og_locale":"es_ES","og_type":"article","og_title":"\u00bfc\u00f3mo eliminar un acceso directo de excel de una celda?","og_description":"Como sugiere el nombre, eliminar celda se refiere a eliminar la celda. Excel tambi\u00e9n tiene la opci\u00f3n de eliminar la celda o rango de celdas espec\u00edfico en lugar de eliminar toda la fila o columna. Entonces, cada vez que el usuario quiera eliminar o eliminar una celda de la hoja de trabajo, puede eliminar esa [&hellip;]","og_url":"https:\/\/exceladvisor.org\/es\/eliminar-celda\/","og_site_name":"Excel Advisor","article_modified_time":"2023-12-25T10:25:01+00:00","og_image":[{"url":"https:\/\/exceladvisor.org\/wp-content\/uploads\/2023\/08\/1-supprimer-le-raccourci-de-cellule.png","type":"","width":"","height":""}],"twitter_card":"summary_large_image","twitter_misc":{"Tiempo de lectura":"1 minuto"},"schema":{"@context":"https:\/\/schema.org","@graph":[{"@type":"WebPage","@id":"https:\/\/exceladvisor.org\/es\/eliminar-celda\/","url":"https:\/\/exceladvisor.org\/es\/eliminar-celda\/","name":"\u00bfc\u00f3mo eliminar un acceso directo de excel de una celda?","isPartOf":{"@id":"https:\/\/exceladvisor.org\/es\/#website"},"primaryImageOfPage":{"@id":"https:\/\/exceladvisor.org\/es\/eliminar-celda\/#primaryimage"},"image":{"@id":"https:\/\/exceladvisor.org\/es\/eliminar-celda\/#primaryimage"},"thumbnailUrl":"https:\/\/exceladvisor.org\/wp-content\/uploads\/2023\/08\/1-supprimer-le-raccourci-de-cellule.png","datePublished":"2023-11-15T21:48:44+00:00","dateModified":"2023-12-25T10:25:01+00:00","breadcrumb":{"@id":"https:\/\/exceladvisor.org\/es\/eliminar-celda\/#breadcrumb"},"inLanguage":"es","potentialAction":[{"@type":"ReadAction","target":["https:\/\/exceladvisor.org\/es\/eliminar-celda\/"]}]},{"@type":"ImageObject","inLanguage":"es","@id":"https:\/\/exceladvisor.org\/es\/eliminar-celda\/#primaryimage","url":"https:\/\/exceladvisor.org\/wp-content\/uploads\/2023\/08\/1-supprimer-le-raccourci-de-cellule.png","contentUrl":"https:\/\/exceladvisor.org\/wp-content\/uploads\/2023\/08\/1-supprimer-le-raccourci-de-cellule.png"},{"@type":"BreadcrumbList","@id":"https:\/\/exceladvisor.org\/es\/eliminar-celda\/#breadcrumb","itemListElement":[{"@type":"ListItem","position":1,"name":"Hogar","item":"https:\/\/exceladvisor.org\/es\/"},{"@type":"ListItem","position":2,"name":"\u00bfc\u00f3mo eliminar un acceso directo de excel de una celda?"}]},{"@type":"WebSite","@id":"https:\/\/exceladvisor.org\/es\/#website","url":"https:\/\/exceladvisor.org\/es\/","name":"Excel Advisor","description":"Su gu\u00eda para la dominaci\u00f3n de datos!","publisher":{"@id":"https:\/\/exceladvisor.org\/es\/#organization"},"potentialAction":[{"@type":"SearchAction","target":{"@type":"EntryPoint","urlTemplate":"https:\/\/exceladvisor.org\/es\/?s={search_term_string}"},"query-input":{"@type":"PropertyValueSpecification","valueRequired":true,"valueName":"search_term_string"}}],"inLanguage":"es"},{"@type":"Organization","@id":"https:\/\/exceladvisor.org\/es\/#organization","name":"Excel Advisor","url":"https:\/\/exceladvisor.org\/es\/","logo":{"@type":"ImageObject","inLanguage":"es","@id":"https:\/\/exceladvisor.org\/es\/#\/schema\/logo\/image\/","url":"https:\/\/exceladvisor.org\/es\/wp-content\/uploads\/2023\/12\/exceladvisor.org_.png","contentUrl":"https:\/\/exceladvisor.org\/es\/wp-content\/uploads\/2023\/12\/exceladvisor.org_.png","width":105,"height":36,"caption":"Excel Advisor"},"image":{"@id":"https:\/\/exceladvisor.org\/es\/#\/schema\/logo\/image\/"}}]}},"yoast_meta":{"yoast_wpseo_title":"","yoast_wpseo_metadesc":"","yoast_wpseo_canonical":""},"_links":{"self":[{"href":"https:\/\/exceladvisor.org\/es\/wp-json\/wp\/v2\/pages\/121","targetHints":{"allow":["GET"]}}],"collection":[{"href":"https:\/\/exceladvisor.org\/es\/wp-json\/wp\/v2\/pages"}],"about":[{"href":"https:\/\/exceladvisor.org\/es\/wp-json\/wp\/v2\/types\/page"}],"author":[{"embeddable":true,"href":"https:\/\/exceladvisor.org\/es\/wp-json\/wp\/v2\/users\/1"}],"replies":[{"embeddable":true,"href":"https:\/\/exceladvisor.org\/es\/wp-json\/wp\/v2\/comments?post=121"}],"version-history":[{"count":1,"href":"https:\/\/exceladvisor.org\/es\/wp-json\/wp\/v2\/pages\/121\/revisions"}],"predecessor-version":[{"id":992,"href":"https:\/\/exceladvisor.org\/es\/wp-json\/wp\/v2\/pages\/121\/revisions\/992"}],"wp:attachment":[{"href":"https:\/\/exceladvisor.org\/es\/wp-json\/wp\/v2\/media?parent=121"}],"curies":[{"name":"wp","href":"https:\/\/api.w.org\/{rel}","templated":true}]}}