{"id":123,"date":"2023-11-15T18:44:47","date_gmt":"2023-11-15T18:44:47","guid":{"rendered":"https:\/\/exceladvisor.org\/es\/cortar-y-pegar\/"},"modified":"2023-12-25T10:25:05","modified_gmt":"2023-12-25T10:25:05","slug":"cortar-y-pegar","status":"publish","type":"page","link":"https:\/\/exceladvisor.org\/es\/cortar-y-pegar\/","title":{"rendered":"\u00bfc\u00f3mo cortar y pegar en excel?"},"content":{"rendered":"<div class=\"excel-antes-del-contenido\" id=\"excel-2242808093\"><script type=\"text\/javascript\">\r\n\tatOptions = {\r\n\t\t'key' : 'c1158f160081d6540a8409e6925dab94',\r\n\t\t'format' : 'iframe',\r\n\t\t'height' : 250,\r\n\t\t'width' : 300,\r\n\t\t'params' : {}\r\n\t};\r\n<\/script>\r\n<script type=\"text\/javascript\" src=\"\/\/www.highperformanceformat.com\/c1158f160081d6540a8409e6925dab94\/invoke.js\"><\/script><\/div><p>En Excel, con la funci\u00f3n de copiar y pegar, el usuario s\u00f3lo puede copiar los datos de un lugar y pegarlos en otro lugar, lo que significa que los datos despu\u00e9s de pegarlos estar\u00e1n disponibles en ambos lugares.<\/p>\n<p> Pero la funci\u00f3n de cortar se usa para cortar los datos de su lugar para moverlos a otro lugar, lo que significa que cuando usa la opci\u00f3n de cortar para mover los datos, las celdas de las que cort\u00f3 los datos quedar\u00e1n vac\u00edas una vez que pegue estos datos en otra parte.<\/p>\n<p> En este tutorial, explicamos c\u00f3mo usar el m\u00e9todo abreviado de teclado para cortar y pegar datos de un lugar a otro.<\/p>\n<h2 class=\"wp-block-heading\"> Atajo de teclado para cortar y pegar en Excel<\/h2>\n<p> <kbd>Ctrl<\/kbd> + <kbd>X<\/kbd> <\/p>\n<div class=\"wp-block-image\">\n<figure class=\"aligncenter size-full is-resized\"><img loading=\"lazy\" decoding=\"async\" class=\"wp-image-69429\" src=\"https:\/\/exceladvisor.org\/wp-content\/uploads\/2023\/08\/1-couper-le-raccourci-clavier.png\" sizes=\"auto, \" srcset=\"\" alt=\"cortar-atajo-de-teclado\" width=\"812\" height=\"318\"><\/figure>\n<\/div>\n<p> <kbd>Ctrl<\/kbd> + <kbd>V<\/kbd> o <kbd>Intro<\/kbd> <\/p>\n<div class=\"wp-block-image\">\n<figure class=\"aligncenter size-full is-resized\"><img loading=\"lazy\" decoding=\"async\" class=\"wp-image-69430\" src=\"https:\/\/exceladvisor.org\/wp-content\/uploads\/2023\/08\/2-coller-le-raccourci-clavier.png\" sizes=\"auto, \" srcset=\"\" alt=\"pegar atajo de teclado\" width=\"810\" height=\"318\"><\/figure>\n<\/div>\n<h2 class=\"wp-block-heading\"> Pasos para cortar y pegar usando el m\u00e9todo abreviado de teclado<\/h2>\n<ul>\n<li> Primero, vaya a la celda o seleccione el rango de celdas del cual desea cortar datos, luego presione las teclas \u00abCtrl + X\u00bb. <br \/><img decoding=\"async\" title=\"3-cortar-celdas-usando-un-atajo-de-teclado\" src=\"https:\/\/exceladvisor.org\/wp-content\/uploads\/2023\/08\/3-cellules-coupees-a-laide-dun-raccourci-clavier.png\" sizes=\"\" srcset=\"\" alt=\"cut-cells-using-keyboard-shortcut\"><\/li>\n<li> Despu\u00e9s de eso, vaya a la celda donde desea mover estos datos y presione la tecla \u00abEntrar\u00bb o las teclas \u00abCtrl + V\u00bb y sus datos se mover\u00e1n all\u00ed. <br \/><img decoding=\"async\" title=\"4-pega los datos de corte\" src=\"https:\/\/exceladvisor.org\/wp-content\/uploads\/2023\/08\/4-coller-les-donnees-coupees.png\" sizes=\"\" srcset=\"\" alt=\"paste-the-cut-data\"><\/li>\n<\/ul>\n<p> En la imagen de arriba, puedes ver que presionamos \u00abEntrar\u00bb o \u00abCtrl + V\u00bb en la celda \u00abF2\u00bb, y los datos se movieron all\u00ed y las celdas que hab\u00edamos copiado de los datos quedaron vac\u00edas, lo que muestra que los datos han sido movido de un lugar a otro. <\/p>\n<div class=\"wp-block-group more-tutorials is-layout-flow\">\n<div class=\"wp-block-group__inner-container\">\n<h2 class=\"wp-block-heading\"> M\u00e1s tutoriales <\/h2>\n<div class=\"wp-block-columns is-layout-flex wp-container-15\">\n<div class=\"wp-block-column is-layout-flow\">\n<ul>\n<li> <a href=\"https:\/\/exceladvisor.org\/es\/referencia-absoluta\/\">referencia absoluta<\/a><\/li>\n<li> <a href=\"https:\/\/exceladvisor.org\/es\/copiar-pegar\/\">Copiar y pegar<\/a><\/li>\n<li> Bloquear celdas<\/li>\n<\/ul>\n<\/div>\n<div class=\"wp-block-column is-layout-flow\">\n<ul>\n<li> <a href=\"https:\/\/exceladvisor.org\/es\/pegar-valores\/\">Pegar valores<\/a><\/li>\n<li> <a href=\"https:\/\/exceladvisor.org\/es\/seleccione-una-linea\/\">Seleccione una l\u00ednea<\/a><\/li>\n<li> <a href=\"https:\/\/exceladvisor.org\/es\/transponer-2\/\">Transponer<\/a><\/li>\n<\/ul>\n<\/div>\n<\/div>\n<p> \u21e0 Volver a <a href=\"https:\/\/exceladvisor.org\/es\/atajos-de-teclado\/\">los atajos de Excel (hoja de referencia en PDF)<\/a><\/p>\n<\/div>\n<\/div>\n","protected":false},"excerpt":{"rendered":"<p>En Excel, con la funci\u00f3n de copiar y pegar, el usuario s\u00f3lo puede copiar los datos de un lugar y pegarlos en otro lugar, lo que significa que los datos despu\u00e9s de pegarlos estar\u00e1n disponibles en ambos lugares. Pero la funci\u00f3n de cortar se usa para cortar los datos de su lugar para moverlos a [&hellip;]<\/p>\n","protected":false},"author":1,"featured_media":0,"parent":0,"menu_order":0,"comment_status":"open","ping_status":"closed","template":"","meta":{"ub_ctt_via":"","footnotes":""},"class_list":["post-123","page","type-page","status-publish","hentry"],"featured_image_src":null,"yoast_head":"<!-- This site is optimized with the Yoast SEO plugin v25.4 - https:\/\/yoast.com\/wordpress\/plugins\/seo\/ -->\n<title>\u00bfc\u00f3mo cortar y pegar en excel?<\/title>\n<meta name=\"robots\" content=\"index, follow, max-snippet:-1, max-image-preview:large, max-video-preview:-1\" \/>\n<link rel=\"canonical\" href=\"https:\/\/exceladvisor.org\/es\/cortar-y-pegar\/\" \/>\n<meta property=\"og:locale\" content=\"es_ES\" \/>\n<meta property=\"og:type\" content=\"article\" \/>\n<meta property=\"og:title\" content=\"\u00bfc\u00f3mo cortar y pegar en excel?\" \/>\n<meta property=\"og:description\" content=\"En Excel, con la funci\u00f3n de copiar y pegar, el usuario s\u00f3lo puede copiar los datos de un lugar y pegarlos en otro lugar, lo que significa que los datos despu\u00e9s de pegarlos estar\u00e1n disponibles en ambos lugares. Pero la funci\u00f3n de cortar se usa para cortar los datos de su lugar para moverlos a [&hellip;]\" \/>\n<meta property=\"og:url\" content=\"https:\/\/exceladvisor.org\/es\/cortar-y-pegar\/\" \/>\n<meta property=\"og:site_name\" content=\"Excel Advisor\" \/>\n<meta property=\"article:modified_time\" content=\"2023-12-25T10:25:05+00:00\" \/>\n<meta property=\"og:image\" content=\"https:\/\/exceladvisor.org\/wp-content\/uploads\/2023\/08\/1-couper-le-raccourci-clavier.png\" \/>\n<meta name=\"twitter:card\" content=\"summary_large_image\" \/>\n<meta name=\"twitter:label1\" content=\"Tiempo de lectura\" \/>\n\t<meta name=\"twitter:data1\" content=\"1 minuto\" \/>\n<script type=\"application\/ld+json\" class=\"yoast-schema-graph\">{\"@context\":\"https:\/\/schema.org\",\"@graph\":[{\"@type\":\"WebPage\",\"@id\":\"https:\/\/exceladvisor.org\/es\/cortar-y-pegar\/\",\"url\":\"https:\/\/exceladvisor.org\/es\/cortar-y-pegar\/\",\"name\":\"\u00bfc\u00f3mo cortar y pegar en excel?\",\"isPartOf\":{\"@id\":\"https:\/\/exceladvisor.org\/es\/#website\"},\"primaryImageOfPage\":{\"@id\":\"https:\/\/exceladvisor.org\/es\/cortar-y-pegar\/#primaryimage\"},\"image\":{\"@id\":\"https:\/\/exceladvisor.org\/es\/cortar-y-pegar\/#primaryimage\"},\"thumbnailUrl\":\"https:\/\/exceladvisor.org\/wp-content\/uploads\/2023\/08\/1-couper-le-raccourci-clavier.png\",\"datePublished\":\"2023-11-15T18:44:47+00:00\",\"dateModified\":\"2023-12-25T10:25:05+00:00\",\"breadcrumb\":{\"@id\":\"https:\/\/exceladvisor.org\/es\/cortar-y-pegar\/#breadcrumb\"},\"inLanguage\":\"es\",\"potentialAction\":[{\"@type\":\"ReadAction\",\"target\":[\"https:\/\/exceladvisor.org\/es\/cortar-y-pegar\/\"]}]},{\"@type\":\"ImageObject\",\"inLanguage\":\"es\",\"@id\":\"https:\/\/exceladvisor.org\/es\/cortar-y-pegar\/#primaryimage\",\"url\":\"https:\/\/exceladvisor.org\/wp-content\/uploads\/2023\/08\/1-couper-le-raccourci-clavier.png\",\"contentUrl\":\"https:\/\/exceladvisor.org\/wp-content\/uploads\/2023\/08\/1-couper-le-raccourci-clavier.png\"},{\"@type\":\"BreadcrumbList\",\"@id\":\"https:\/\/exceladvisor.org\/es\/cortar-y-pegar\/#breadcrumb\",\"itemListElement\":[{\"@type\":\"ListItem\",\"position\":1,\"name\":\"Hogar\",\"item\":\"https:\/\/exceladvisor.org\/es\/\"},{\"@type\":\"ListItem\",\"position\":2,\"name\":\"\u00bfc\u00f3mo cortar y pegar en excel?\"}]},{\"@type\":\"WebSite\",\"@id\":\"https:\/\/exceladvisor.org\/es\/#website\",\"url\":\"https:\/\/exceladvisor.org\/es\/\",\"name\":\"Excel Advisor\",\"description\":\"Su gu\u00eda para la dominaci\u00f3n de datos!\",\"publisher\":{\"@id\":\"https:\/\/exceladvisor.org\/es\/#organization\"},\"potentialAction\":[{\"@type\":\"SearchAction\",\"target\":{\"@type\":\"EntryPoint\",\"urlTemplate\":\"https:\/\/exceladvisor.org\/es\/?s={search_term_string}\"},\"query-input\":{\"@type\":\"PropertyValueSpecification\",\"valueRequired\":true,\"valueName\":\"search_term_string\"}}],\"inLanguage\":\"es\"},{\"@type\":\"Organization\",\"@id\":\"https:\/\/exceladvisor.org\/es\/#organization\",\"name\":\"Excel Advisor\",\"url\":\"https:\/\/exceladvisor.org\/es\/\",\"logo\":{\"@type\":\"ImageObject\",\"inLanguage\":\"es\",\"@id\":\"https:\/\/exceladvisor.org\/es\/#\/schema\/logo\/image\/\",\"url\":\"https:\/\/exceladvisor.org\/es\/wp-content\/uploads\/2023\/12\/exceladvisor.org_.png\",\"contentUrl\":\"https:\/\/exceladvisor.org\/es\/wp-content\/uploads\/2023\/12\/exceladvisor.org_.png\",\"width\":105,\"height\":36,\"caption\":\"Excel Advisor\"},\"image\":{\"@id\":\"https:\/\/exceladvisor.org\/es\/#\/schema\/logo\/image\/\"}}]}<\/script>\n<!-- \/ Yoast SEO plugin. -->","yoast_head_json":{"title":"\u00bfc\u00f3mo cortar y pegar en excel?","robots":{"index":"index","follow":"follow","max-snippet":"max-snippet:-1","max-image-preview":"max-image-preview:large","max-video-preview":"max-video-preview:-1"},"canonical":"https:\/\/exceladvisor.org\/es\/cortar-y-pegar\/","og_locale":"es_ES","og_type":"article","og_title":"\u00bfc\u00f3mo cortar y pegar en excel?","og_description":"En Excel, con la funci\u00f3n de copiar y pegar, el usuario s\u00f3lo puede copiar los datos de un lugar y pegarlos en otro lugar, lo que significa que los datos despu\u00e9s de pegarlos estar\u00e1n disponibles en ambos lugares. Pero la funci\u00f3n de cortar se usa para cortar los datos de su lugar para moverlos a [&hellip;]","og_url":"https:\/\/exceladvisor.org\/es\/cortar-y-pegar\/","og_site_name":"Excel Advisor","article_modified_time":"2023-12-25T10:25:05+00:00","og_image":[{"url":"https:\/\/exceladvisor.org\/wp-content\/uploads\/2023\/08\/1-couper-le-raccourci-clavier.png","type":"","width":"","height":""}],"twitter_card":"summary_large_image","twitter_misc":{"Tiempo de lectura":"1 minuto"},"schema":{"@context":"https:\/\/schema.org","@graph":[{"@type":"WebPage","@id":"https:\/\/exceladvisor.org\/es\/cortar-y-pegar\/","url":"https:\/\/exceladvisor.org\/es\/cortar-y-pegar\/","name":"\u00bfc\u00f3mo cortar y pegar en excel?","isPartOf":{"@id":"https:\/\/exceladvisor.org\/es\/#website"},"primaryImageOfPage":{"@id":"https:\/\/exceladvisor.org\/es\/cortar-y-pegar\/#primaryimage"},"image":{"@id":"https:\/\/exceladvisor.org\/es\/cortar-y-pegar\/#primaryimage"},"thumbnailUrl":"https:\/\/exceladvisor.org\/wp-content\/uploads\/2023\/08\/1-couper-le-raccourci-clavier.png","datePublished":"2023-11-15T18:44:47+00:00","dateModified":"2023-12-25T10:25:05+00:00","breadcrumb":{"@id":"https:\/\/exceladvisor.org\/es\/cortar-y-pegar\/#breadcrumb"},"inLanguage":"es","potentialAction":[{"@type":"ReadAction","target":["https:\/\/exceladvisor.org\/es\/cortar-y-pegar\/"]}]},{"@type":"ImageObject","inLanguage":"es","@id":"https:\/\/exceladvisor.org\/es\/cortar-y-pegar\/#primaryimage","url":"https:\/\/exceladvisor.org\/wp-content\/uploads\/2023\/08\/1-couper-le-raccourci-clavier.png","contentUrl":"https:\/\/exceladvisor.org\/wp-content\/uploads\/2023\/08\/1-couper-le-raccourci-clavier.png"},{"@type":"BreadcrumbList","@id":"https:\/\/exceladvisor.org\/es\/cortar-y-pegar\/#breadcrumb","itemListElement":[{"@type":"ListItem","position":1,"name":"Hogar","item":"https:\/\/exceladvisor.org\/es\/"},{"@type":"ListItem","position":2,"name":"\u00bfc\u00f3mo cortar y pegar en excel?"}]},{"@type":"WebSite","@id":"https:\/\/exceladvisor.org\/es\/#website","url":"https:\/\/exceladvisor.org\/es\/","name":"Excel Advisor","description":"Su gu\u00eda para la dominaci\u00f3n de datos!","publisher":{"@id":"https:\/\/exceladvisor.org\/es\/#organization"},"potentialAction":[{"@type":"SearchAction","target":{"@type":"EntryPoint","urlTemplate":"https:\/\/exceladvisor.org\/es\/?s={search_term_string}"},"query-input":{"@type":"PropertyValueSpecification","valueRequired":true,"valueName":"search_term_string"}}],"inLanguage":"es"},{"@type":"Organization","@id":"https:\/\/exceladvisor.org\/es\/#organization","name":"Excel Advisor","url":"https:\/\/exceladvisor.org\/es\/","logo":{"@type":"ImageObject","inLanguage":"es","@id":"https:\/\/exceladvisor.org\/es\/#\/schema\/logo\/image\/","url":"https:\/\/exceladvisor.org\/es\/wp-content\/uploads\/2023\/12\/exceladvisor.org_.png","contentUrl":"https:\/\/exceladvisor.org\/es\/wp-content\/uploads\/2023\/12\/exceladvisor.org_.png","width":105,"height":36,"caption":"Excel Advisor"},"image":{"@id":"https:\/\/exceladvisor.org\/es\/#\/schema\/logo\/image\/"}}]}},"yoast_meta":{"yoast_wpseo_title":"","yoast_wpseo_metadesc":"","yoast_wpseo_canonical":""},"_links":{"self":[{"href":"https:\/\/exceladvisor.org\/es\/wp-json\/wp\/v2\/pages\/123","targetHints":{"allow":["GET"]}}],"collection":[{"href":"https:\/\/exceladvisor.org\/es\/wp-json\/wp\/v2\/pages"}],"about":[{"href":"https:\/\/exceladvisor.org\/es\/wp-json\/wp\/v2\/types\/page"}],"author":[{"embeddable":true,"href":"https:\/\/exceladvisor.org\/es\/wp-json\/wp\/v2\/users\/1"}],"replies":[{"embeddable":true,"href":"https:\/\/exceladvisor.org\/es\/wp-json\/wp\/v2\/comments?post=123"}],"version-history":[{"count":1,"href":"https:\/\/exceladvisor.org\/es\/wp-json\/wp\/v2\/pages\/123\/revisions"}],"predecessor-version":[{"id":1003,"href":"https:\/\/exceladvisor.org\/es\/wp-json\/wp\/v2\/pages\/123\/revisions\/1003"}],"wp:attachment":[{"href":"https:\/\/exceladvisor.org\/es\/wp-json\/wp\/v2\/media?parent=123"}],"curies":[{"name":"wp","href":"https:\/\/api.w.org\/{rel}","templated":true}]}}