{"id":124,"date":"2023-11-15T15:30:00","date_gmt":"2023-11-15T15:30:00","guid":{"rendered":"https:\/\/exceladvisor.org\/es\/eliminar-duplicados\/"},"modified":"2023-12-25T10:24:53","modified_gmt":"2023-12-25T10:24:53","slug":"eliminar-duplicados","status":"publish","type":"page","link":"https:\/\/exceladvisor.org\/es\/eliminar-duplicados\/","title":{"rendered":"\u00bfc\u00f3mo eliminar duplicados usando power query?"},"content":{"rendered":"<div class=\"excel-antes-del-contenido\" id=\"excel-270936707\"><script type=\"text\/javascript\">\r\n\tatOptions = {\r\n\t\t'key' : 'c1158f160081d6540a8409e6925dab94',\r\n\t\t'format' : 'iframe',\r\n\t\t'height' : 250,\r\n\t\t'width' : 300,\r\n\t\t'params' : {}\r\n\t};\r\n<\/script>\r\n<script type=\"text\/javascript\" src=\"\/\/www.highperformanceformat.com\/c1158f160081d6540a8409e6925dab94\/invoke.js\"><\/script><\/div><p>Power Query le permite eliminar duplicados de los datos, como en Excel. Y en este tutorial aprenderemos c\u00f3mo eliminar valores duplicados de los datos.<\/p>\n<h2 class=\"wp-block-heading\"> Pasos para eliminar duplicados con Power Query<\/h2>\n<p> A continuaci\u00f3n tiene una lista de nombres donde tenemos nombres duplicados y ahora necesita usar PowerQuery para eliminar estos valores duplicados. <\/p>\n<div class=\"wp-block-image\">\n<figure class=\"aligncenter size-full is-resized\"><img loading=\"lazy\" decoding=\"async\" class=\"wp-image-88958\" src=\"https:\/\/exceladvisor.org\/wp-content\/uploads\/2023\/08\/1-supprimer-les-doublons-a-laide-de-power-query.png\" sizes=\"auto, \" srcset=\"\" alt=\"eliminar duplicados usando power-query\" width=\"446\" height=\"261\"><\/figure>\n<\/div>\n<p> Puede utilizar los pasos a continuaci\u00f3n:<\/p>\n<ol>\n<li> Primero, seleccione los datos, luego vaya a la pesta\u00f1a Datos &gt; Obtener y transformar datos &gt; Obtener datos &gt; De otras fuentes &gt; De tabla\/rango. <br \/><img loading=\"lazy\" decoding=\"async\" title=\"2-obtener-datos-del-rango-de-tabla\" src=\"https:\/\/exceladvisor.org\/wp-content\/uploads\/2023\/08\/2-obtenir-des-donnees-a-partir-de-la-plage-de-la-table.png\" sizes=\"auto, \" srcset=\"\" alt=\"get-data-from-table-range\" width=\"507\" height=\"342\"><\/li>\n<li> Despu\u00e9s de eso, haga clic en Aceptar para convertir sus datos en una tabla de Excel (si a\u00fan no lo es). <br \/><img loading=\"lazy\" decoding=\"async\" title=\"3-convertir-datos-a-tabla-de-excel\" src=\"https:\/\/exceladvisor.org\/wp-content\/uploads\/2023\/08\/3-convertir-les-donnees-en-tableau-excel.png\" sizes=\"auto, \" srcset=\"\" alt=\"convert-the-data-into-excel-table\" width=\"425\" height=\"159\"><\/li>\n<li> Ahora, cuando hace clic en Aceptar, se abre el editor de Power Query y carga los datos all\u00ed. <br \/><img loading=\"lazy\" decoding=\"async\" title=\"4-cargar-datos-en-el-editor-de-consultas-de-energ\u00eda\" src=\"https:\/\/exceladvisor.org\/wp-content\/uploads\/2023\/08\/4-chargez-les-donnees-dans-lediteur-de-requetes-puissant.png\" sizes=\"auto, \" srcset=\"\" alt=\"load-the-data-into-power-query-editor\" width=\"718\" height=\"304\"><\/li>\n<li> Despu\u00e9s de eso, en la pesta\u00f1a Inicio, haga clic en el men\u00fa desplegable \u00abEliminar filas\u00bb y luego haga clic en la opci\u00f3n \u00abEliminar duplicados\u00bb. <br \/><img loading=\"lazy\" decoding=\"async\" title=\"5-elige la opci\u00f3n de eliminar duplicados\" src=\"https:\/\/exceladvisor.org\/wp-content\/uploads\/2023\/08\/5-choisissez-loption-de-suppression-des-doublons.png\" sizes=\"auto, \" srcset=\"\" alt=\"choose-remove-duplicates-option\" width=\"562\" height=\"280\"><\/li>\n<\/ol>\n<p> Cuando haces clic en \u00e9l, elimina los nombres duplicados de la lista y te deja solo nombres \u00fanicos. <\/p>\n<div class=\"wp-block-image\">\n<figure class=\"aligncenter size-full is-resized\"><img loading=\"lazy\" decoding=\"async\" class=\"wp-image-88963\" src=\"https:\/\/exceladvisor.org\/wp-content\/uploads\/2023\/08\/6-ne-laisse-que-les-valeurs-uniques.png\" sizes=\"auto, \" srcset=\"\" alt=\"dejar solo los valores \u00fanicos\" width=\"490\" height=\"289\"><\/figure>\n<\/div>\n<p> Arriba, la barra de estado muestra el n\u00famero de filas con valores duplicados y sin valores duplicados. Adem\u00e1s de la pesta\u00f1a \u00abInicio\u00bb, puede hacer clic derecho en el encabezado de la columna y hacer clic en la opci\u00f3n \u00abEliminar duplicados\u00bb. <\/p>\n<div class=\"wp-block-image\">\n<figure class=\"aligncenter size-full is-resized\"><img loading=\"lazy\" decoding=\"async\" class=\"wp-image-88964\" src=\"https:\/\/exceladvisor.org\/wp-content\/uploads\/2023\/08\/7-la-barre-detat-affiche-le-nombre-de-lignes-avec-et-sans-valeurs-en-double.png\" sizes=\"auto, \" srcset=\"\" alt=\"la barra de estado muestra el n\u00famero de filas con y sin valores duplicados\" width=\"420\" height=\"256\"><\/figure>\n<\/div>\n<p> Esta es la misma opci\u00f3n que usaste en los pasos anteriores y hace exactamente eso.<\/p>\n<h2 class=\"wp-block-heading\"> Eliminar duplicados cuando tienes varias columnas<\/h2>\n<p> Si tiene varias columnas de datos, Consulta avanzada le ofrece dos formas diferentes de eliminar valores duplicados.<\/p>\n<p> En el siguiente ejemplo tiene dos columnas, nombres y puntuaciones. <\/p>\n<div class=\"wp-block-image\">\n<figure class=\"aligncenter size-full is-resized\"><img loading=\"lazy\" decoding=\"async\" class=\"wp-image-88965\" src=\"https:\/\/exceladvisor.org\/wp-content\/uploads\/2023\/08\/8-supprimer-les-doublons-lorsquil-y-a-plusieurs-colonnes.png\" sizes=\"auto, \" srcset=\"\" alt=\"eliminar-duplicados-cuando-tienen-varias-columnas\" width=\"488\" height=\"244\"><\/figure>\n<\/div>\n<p> Ahora, si desea eliminar duplicados considerando los duplicados de ambas columnas, debe seleccionar ambas columnas y usar la opci\u00f3n \u00abEliminar duplicados\u00bb. <\/p>\n<div class=\"wp-block-image\">\n<figure class=\"aligncenter size-full is-resized\"><img loading=\"lazy\" decoding=\"async\" class=\"wp-image-88966\" src=\"https:\/\/exceladvisor.org\/wp-content\/uploads\/2023\/08\/9-selectionnez-les-deux-colonnes-et-cliquez-sur-supprimer-les-colonnes-en-double.png\" sizes=\"auto, \" srcset=\"\" alt=\"seleccione-ambas-columnas-y-haga clic-eliminar-columnas-duplicadas\" width=\"770\" height=\"361\"><\/figure>\n<\/div>\n<p> Y solo puede ver una fila duplicada cuando la consideramos seleccionando columnas.<\/p>\n<h2 class=\"wp-block-heading\"> Informaci\u00f3n sobre valores duplicados<\/h2>\n<p> En Power Query, tambi\u00e9n puede cambiar la visualizaci\u00f3n de datos para obtener el n\u00famero de valores duplicados. Vaya a la pesta\u00f1a Ver &gt; Desglose de columnas. <\/p>\n<div class=\"wp-block-image\">\n<figure class=\"aligncenter size-full is-resized\"><img loading=\"lazy\" decoding=\"async\" class=\"wp-image-88967\" src=\"https:\/\/exceladvisor.org\/wp-content\/uploads\/2023\/08\/10-informations-sur-les-valeurs-en-double.png\" sizes=\"auto, \" srcset=\"\" alt=\"informaci\u00f3n sobre valores duplicados\" width=\"618\" height=\"322\"><\/figure>\n<\/div>\n<p> Arriba puedes ver cu\u00e1ntos valores \u00fanicos y distintos tienes en cada columna.<\/p>\n<h2 class=\"wp-block-heading\"> Mantener valores duplicados<\/h2>\n<p> Existe una opci\u00f3n que le permite conservar duplicados y eliminar valores \u00fanicos. Pesta\u00f1a Inicio &gt; Conservar filas &gt; Conservar duplicados. <\/p>\n<div class=\"wp-block-image\">\n<figure class=\"aligncenter size-full is-resized\"><img loading=\"lazy\" decoding=\"async\" class=\"wp-image-88968\" src=\"https:\/\/exceladvisor.org\/wp-content\/uploads\/2023\/08\/11-conserver-les-valeurs-en-double.png\" sizes=\"auto, \" srcset=\"\" alt=\"mantener valores duplicados\" width=\"548\" height=\"273\"><\/figure>\n<\/div>\n<div class=\"gb-container gb-container-9e2850fe gb-container-mt\"> <a class=\"gb-button gb-button-71636faa gb-button-text gb-button-mt-button\" href=\"https:\/\/exceladvisor.org\/es\/solicitud-de-energia\/\">Consulta de energ\u00eda en Excel (Tutorial)<\/a><\/p>\n<h2 class=\"gb-headline gb-headline-c566b2ed gb-headline-text gb-headline-mt-heading\"> Tutoriales relacionados <\/h2>\n<div class=\"gb-grid-wrapper gb-grid-wrapper-b15ed1bf gb-grid-wrapper-mt-grid\">\n<div class=\"gb-grid-column gb-grid-column-6e9de105\">\n<div class=\"gb-container gb-container-6e9de105\">\n<ul>\n<li> <a href=\"https:\/\/exceladvisor.org\/es\/buscarv-2\/\">Realizar BUSCARV en Power Query en Excel<\/a><\/li>\n<li> <a href=\"https:\/\/exceladvisor.org\/es\/cadena\/\">Power Query: concatenar valores (texto y n\u00fameros)<\/a><\/li>\n<li> <a href=\"https:\/\/exceladvisor.org\/es\/diferencia-de-fechas\/\">Consulta de energ\u00eda: diferencia de fecha<\/a> <\/li>\n<\/ul>\n<\/div>\n<\/div>\n<div class=\"gb-grid-column gb-grid-column-4eaecde3\">\n<div class=\"gb-container gb-container-4eaecde3\">\n<ul>\n<li> <a href=\"https:\/\/exceladvisor.org\/es\/formulas-de-funciones\/\">Power Query: funciones y f\u00f3rmulas<\/a><\/li>\n<li> <a href=\"https:\/\/exceladvisor.org\/es\/el-texto-contiene\/\">Power Query: SI el texto contiene<\/a><\/li>\n<li> <a href=\"https:\/\/exceladvisor.org\/es\/la-fecha-de-hoy\/\">Power Query: obtener la fecha de hoy<\/a><\/li>\n<\/ul>\n<\/div>\n<\/div>\n<\/div>\n<\/div>\n","protected":false},"excerpt":{"rendered":"<p>Power Query le permite eliminar duplicados de los datos, como en Excel. Y en este tutorial aprenderemos c\u00f3mo eliminar valores duplicados de los datos. Pasos para eliminar duplicados con Power Query A continuaci\u00f3n tiene una lista de nombres donde tenemos nombres duplicados y ahora necesita usar PowerQuery para eliminar estos valores duplicados. Puede utilizar los [&hellip;]<\/p>\n","protected":false},"author":1,"featured_media":0,"parent":0,"menu_order":0,"comment_status":"open","ping_status":"closed","template":"","meta":{"ub_ctt_via":"","footnotes":""},"class_list":["post-124","page","type-page","status-publish","hentry"],"featured_image_src":null,"yoast_head":"<!-- This site is optimized with the Yoast SEO plugin v25.4 - https:\/\/yoast.com\/wordpress\/plugins\/seo\/ -->\n<title>\u00bfc\u00f3mo eliminar duplicados usando power query?<\/title>\n<meta name=\"robots\" content=\"index, follow, max-snippet:-1, max-image-preview:large, max-video-preview:-1\" \/>\n<link rel=\"canonical\" href=\"https:\/\/exceladvisor.org\/es\/eliminar-duplicados\/\" \/>\n<meta property=\"og:locale\" content=\"es_ES\" \/>\n<meta property=\"og:type\" content=\"article\" \/>\n<meta property=\"og:title\" content=\"\u00bfc\u00f3mo eliminar duplicados usando power query?\" \/>\n<meta property=\"og:description\" content=\"Power Query le permite eliminar duplicados de los datos, como en Excel. Y en este tutorial aprenderemos c\u00f3mo eliminar valores duplicados de los datos. Pasos para eliminar duplicados con Power Query A continuaci\u00f3n tiene una lista de nombres donde tenemos nombres duplicados y ahora necesita usar PowerQuery para eliminar estos valores duplicados. Puede utilizar los [&hellip;]\" \/>\n<meta property=\"og:url\" content=\"https:\/\/exceladvisor.org\/es\/eliminar-duplicados\/\" \/>\n<meta property=\"og:site_name\" content=\"Excel Advisor\" \/>\n<meta property=\"article:modified_time\" content=\"2023-12-25T10:24:53+00:00\" \/>\n<meta property=\"og:image\" content=\"https:\/\/exceladvisor.org\/wp-content\/uploads\/2023\/08\/1-supprimer-les-doublons-a-laide-de-power-query.png\" \/>\n<meta name=\"twitter:card\" content=\"summary_large_image\" \/>\n<meta name=\"twitter:label1\" content=\"Tiempo de lectura\" \/>\n\t<meta name=\"twitter:data1\" content=\"2 minutos\" \/>\n<script type=\"application\/ld+json\" class=\"yoast-schema-graph\">{\"@context\":\"https:\/\/schema.org\",\"@graph\":[{\"@type\":\"WebPage\",\"@id\":\"https:\/\/exceladvisor.org\/es\/eliminar-duplicados\/\",\"url\":\"https:\/\/exceladvisor.org\/es\/eliminar-duplicados\/\",\"name\":\"\u00bfc\u00f3mo eliminar duplicados usando power query?\",\"isPartOf\":{\"@id\":\"https:\/\/exceladvisor.org\/es\/#website\"},\"primaryImageOfPage\":{\"@id\":\"https:\/\/exceladvisor.org\/es\/eliminar-duplicados\/#primaryimage\"},\"image\":{\"@id\":\"https:\/\/exceladvisor.org\/es\/eliminar-duplicados\/#primaryimage\"},\"thumbnailUrl\":\"https:\/\/exceladvisor.org\/wp-content\/uploads\/2023\/08\/1-supprimer-les-doublons-a-laide-de-power-query.png\",\"datePublished\":\"2023-11-15T15:30:00+00:00\",\"dateModified\":\"2023-12-25T10:24:53+00:00\",\"breadcrumb\":{\"@id\":\"https:\/\/exceladvisor.org\/es\/eliminar-duplicados\/#breadcrumb\"},\"inLanguage\":\"es\",\"potentialAction\":[{\"@type\":\"ReadAction\",\"target\":[\"https:\/\/exceladvisor.org\/es\/eliminar-duplicados\/\"]}]},{\"@type\":\"ImageObject\",\"inLanguage\":\"es\",\"@id\":\"https:\/\/exceladvisor.org\/es\/eliminar-duplicados\/#primaryimage\",\"url\":\"https:\/\/exceladvisor.org\/wp-content\/uploads\/2023\/08\/1-supprimer-les-doublons-a-laide-de-power-query.png\",\"contentUrl\":\"https:\/\/exceladvisor.org\/wp-content\/uploads\/2023\/08\/1-supprimer-les-doublons-a-laide-de-power-query.png\"},{\"@type\":\"BreadcrumbList\",\"@id\":\"https:\/\/exceladvisor.org\/es\/eliminar-duplicados\/#breadcrumb\",\"itemListElement\":[{\"@type\":\"ListItem\",\"position\":1,\"name\":\"Hogar\",\"item\":\"https:\/\/exceladvisor.org\/es\/\"},{\"@type\":\"ListItem\",\"position\":2,\"name\":\"\u00bfc\u00f3mo eliminar duplicados usando power query?\"}]},{\"@type\":\"WebSite\",\"@id\":\"https:\/\/exceladvisor.org\/es\/#website\",\"url\":\"https:\/\/exceladvisor.org\/es\/\",\"name\":\"Excel Advisor\",\"description\":\"Su gu\u00eda para la dominaci\u00f3n de datos!\",\"publisher\":{\"@id\":\"https:\/\/exceladvisor.org\/es\/#organization\"},\"potentialAction\":[{\"@type\":\"SearchAction\",\"target\":{\"@type\":\"EntryPoint\",\"urlTemplate\":\"https:\/\/exceladvisor.org\/es\/?s={search_term_string}\"},\"query-input\":{\"@type\":\"PropertyValueSpecification\",\"valueRequired\":true,\"valueName\":\"search_term_string\"}}],\"inLanguage\":\"es\"},{\"@type\":\"Organization\",\"@id\":\"https:\/\/exceladvisor.org\/es\/#organization\",\"name\":\"Excel Advisor\",\"url\":\"https:\/\/exceladvisor.org\/es\/\",\"logo\":{\"@type\":\"ImageObject\",\"inLanguage\":\"es\",\"@id\":\"https:\/\/exceladvisor.org\/es\/#\/schema\/logo\/image\/\",\"url\":\"https:\/\/exceladvisor.org\/es\/wp-content\/uploads\/2023\/12\/exceladvisor.org_.png\",\"contentUrl\":\"https:\/\/exceladvisor.org\/es\/wp-content\/uploads\/2023\/12\/exceladvisor.org_.png\",\"width\":105,\"height\":36,\"caption\":\"Excel Advisor\"},\"image\":{\"@id\":\"https:\/\/exceladvisor.org\/es\/#\/schema\/logo\/image\/\"}}]}<\/script>\n<!-- \/ Yoast SEO plugin. -->","yoast_head_json":{"title":"\u00bfc\u00f3mo eliminar duplicados usando power query?","robots":{"index":"index","follow":"follow","max-snippet":"max-snippet:-1","max-image-preview":"max-image-preview:large","max-video-preview":"max-video-preview:-1"},"canonical":"https:\/\/exceladvisor.org\/es\/eliminar-duplicados\/","og_locale":"es_ES","og_type":"article","og_title":"\u00bfc\u00f3mo eliminar duplicados usando power query?","og_description":"Power Query le permite eliminar duplicados de los datos, como en Excel. Y en este tutorial aprenderemos c\u00f3mo eliminar valores duplicados de los datos. Pasos para eliminar duplicados con Power Query A continuaci\u00f3n tiene una lista de nombres donde tenemos nombres duplicados y ahora necesita usar PowerQuery para eliminar estos valores duplicados. Puede utilizar los [&hellip;]","og_url":"https:\/\/exceladvisor.org\/es\/eliminar-duplicados\/","og_site_name":"Excel Advisor","article_modified_time":"2023-12-25T10:24:53+00:00","og_image":[{"url":"https:\/\/exceladvisor.org\/wp-content\/uploads\/2023\/08\/1-supprimer-les-doublons-a-laide-de-power-query.png","type":"","width":"","height":""}],"twitter_card":"summary_large_image","twitter_misc":{"Tiempo de lectura":"2 minutos"},"schema":{"@context":"https:\/\/schema.org","@graph":[{"@type":"WebPage","@id":"https:\/\/exceladvisor.org\/es\/eliminar-duplicados\/","url":"https:\/\/exceladvisor.org\/es\/eliminar-duplicados\/","name":"\u00bfc\u00f3mo eliminar duplicados usando power query?","isPartOf":{"@id":"https:\/\/exceladvisor.org\/es\/#website"},"primaryImageOfPage":{"@id":"https:\/\/exceladvisor.org\/es\/eliminar-duplicados\/#primaryimage"},"image":{"@id":"https:\/\/exceladvisor.org\/es\/eliminar-duplicados\/#primaryimage"},"thumbnailUrl":"https:\/\/exceladvisor.org\/wp-content\/uploads\/2023\/08\/1-supprimer-les-doublons-a-laide-de-power-query.png","datePublished":"2023-11-15T15:30:00+00:00","dateModified":"2023-12-25T10:24:53+00:00","breadcrumb":{"@id":"https:\/\/exceladvisor.org\/es\/eliminar-duplicados\/#breadcrumb"},"inLanguage":"es","potentialAction":[{"@type":"ReadAction","target":["https:\/\/exceladvisor.org\/es\/eliminar-duplicados\/"]}]},{"@type":"ImageObject","inLanguage":"es","@id":"https:\/\/exceladvisor.org\/es\/eliminar-duplicados\/#primaryimage","url":"https:\/\/exceladvisor.org\/wp-content\/uploads\/2023\/08\/1-supprimer-les-doublons-a-laide-de-power-query.png","contentUrl":"https:\/\/exceladvisor.org\/wp-content\/uploads\/2023\/08\/1-supprimer-les-doublons-a-laide-de-power-query.png"},{"@type":"BreadcrumbList","@id":"https:\/\/exceladvisor.org\/es\/eliminar-duplicados\/#breadcrumb","itemListElement":[{"@type":"ListItem","position":1,"name":"Hogar","item":"https:\/\/exceladvisor.org\/es\/"},{"@type":"ListItem","position":2,"name":"\u00bfc\u00f3mo eliminar duplicados usando power query?"}]},{"@type":"WebSite","@id":"https:\/\/exceladvisor.org\/es\/#website","url":"https:\/\/exceladvisor.org\/es\/","name":"Excel Advisor","description":"Su gu\u00eda para la dominaci\u00f3n de datos!","publisher":{"@id":"https:\/\/exceladvisor.org\/es\/#organization"},"potentialAction":[{"@type":"SearchAction","target":{"@type":"EntryPoint","urlTemplate":"https:\/\/exceladvisor.org\/es\/?s={search_term_string}"},"query-input":{"@type":"PropertyValueSpecification","valueRequired":true,"valueName":"search_term_string"}}],"inLanguage":"es"},{"@type":"Organization","@id":"https:\/\/exceladvisor.org\/es\/#organization","name":"Excel Advisor","url":"https:\/\/exceladvisor.org\/es\/","logo":{"@type":"ImageObject","inLanguage":"es","@id":"https:\/\/exceladvisor.org\/es\/#\/schema\/logo\/image\/","url":"https:\/\/exceladvisor.org\/es\/wp-content\/uploads\/2023\/12\/exceladvisor.org_.png","contentUrl":"https:\/\/exceladvisor.org\/es\/wp-content\/uploads\/2023\/12\/exceladvisor.org_.png","width":105,"height":36,"caption":"Excel Advisor"},"image":{"@id":"https:\/\/exceladvisor.org\/es\/#\/schema\/logo\/image\/"}}]}},"yoast_meta":{"yoast_wpseo_title":"","yoast_wpseo_metadesc":"","yoast_wpseo_canonical":""},"_links":{"self":[{"href":"https:\/\/exceladvisor.org\/es\/wp-json\/wp\/v2\/pages\/124","targetHints":{"allow":["GET"]}}],"collection":[{"href":"https:\/\/exceladvisor.org\/es\/wp-json\/wp\/v2\/pages"}],"about":[{"href":"https:\/\/exceladvisor.org\/es\/wp-json\/wp\/v2\/types\/page"}],"author":[{"embeddable":true,"href":"https:\/\/exceladvisor.org\/es\/wp-json\/wp\/v2\/users\/1"}],"replies":[{"embeddable":true,"href":"https:\/\/exceladvisor.org\/es\/wp-json\/wp\/v2\/comments?post=124"}],"version-history":[{"count":1,"href":"https:\/\/exceladvisor.org\/es\/wp-json\/wp\/v2\/pages\/124\/revisions"}],"predecessor-version":[{"id":972,"href":"https:\/\/exceladvisor.org\/es\/wp-json\/wp\/v2\/pages\/124\/revisions\/972"}],"wp:attachment":[{"href":"https:\/\/exceladvisor.org\/es\/wp-json\/wp\/v2\/media?parent=124"}],"curies":[{"name":"wp","href":"https:\/\/api.w.org\/{rel}","templated":true}]}}