{"id":125,"date":"2023-11-15T14:55:11","date_gmt":"2023-11-15T14:55:11","guid":{"rendered":"https:\/\/exceladvisor.org\/es\/cambiar-el-nombre-de-la-hoja\/"},"modified":"2023-12-25T10:24:04","modified_gmt":"2023-12-25T10:24:04","slug":"cambiar-el-nombre-de-la-hoja","status":"publish","type":"page","link":"https:\/\/exceladvisor.org\/es\/cambiar-el-nombre-de-la-hoja\/","title":{"rendered":"\u00bfc\u00f3mo cambiar el nombre de una hoja usando vba en excel?"},"content":{"rendered":"<div class=\"excel-antes-del-contenido\" id=\"excel-1605422258\"><script type=\"text\/javascript\">\r\n\tatOptions = {\r\n\t\t'key' : 'c1158f160081d6540a8409e6925dab94',\r\n\t\t'format' : 'iframe',\r\n\t\t'height' : 250,\r\n\t\t'width' : 300,\r\n\t\t'params' : {}\r\n\t};\r\n<\/script>\r\n<script type=\"text\/javascript\" src=\"\/\/www.highperformanceformat.com\/c1158f160081d6540a8409e6925dab94\/invoke.js\"><\/script><\/div><p>Cuando agrega una nueva hoja a un libro de trabajo, tiene la opci\u00f3n de ponerle un nombre. Pero tambi\u00e9n puedes cambiarle el nombre en cualquier momento usando la propiedad de nombre de la hoja de trabajo. En este tutorial, veremos diferentes formas de cambiar el nombre de una hoja o varias hojas usando c\u00f3digo VBA.<\/p>\n<h2 class=\"wp-block-heading\"> Pasos para cambiar el nombre de una hoja usando c\u00f3digo VBA<\/h2>\n<ol type=\"1\">\n<li> Primero, defina la hoja a la que desea cambiarle el nombre utilizando el objeto de hoja de trabajo.<\/li>\n<li> Despu\u00e9s de eso, debe usar (.Name) para acceder a la propiedad del nombre que desea modificar.<\/li>\n<li> A continuaci\u00f3n, escriba un signo igual para indicarle a VBA el valor que desea utilizar para cambiar el nombre de la hoja.<\/li>\n<li> Al final, escriba el nombre de la hoja que desea utilizar. <\/li>\n<\/ol>\n<div class=\"wp-block-image\">\n<figure class=\"aligncenter size-large is-resized\"><img loading=\"lazy\" decoding=\"async\" class=\"wp-image-52084\" src=\"https:\/\/exceladvisor.org\/wp-content\/uploads\/2023\/08\/1-definir-la-feuille-que-vous-souhaitez-renommer.png\" sizes=\"auto, \" srcset=\"\" alt=\"define-la-hoja-que-quieres-cambiar-de-nombre\" width=\"448\" height=\"220\"><\/figure>\n<\/div>\n<p class=\"content-box-grey\"> <em>Enlaces \u00fatiles: <a href=\"https:\/\/exceladvisor.org\/es\/ejecutar-una-macro-2\/\">Ejecutar una macro<\/a> \u2013 <a href=\"https:\/\/exceladvisor.org\/es\/grabar-una-macro\/\">Grabador de macros<\/a> \u2013 <a href=\"https:\/\/exceladvisor.org\/es\/editor-visual-basico\/\">Editor de Visual Basic<\/a> \u2013 <a href=\"https:\/\/exceladvisor.org\/es\/cuaderno-macro-personal\/\">Manual de macros personales<\/a><\/em><\/p>\n<h2 class=\"wp-block-heading\"> Cambiar nombre de hoja activa<\/h2>\n<p> Si desea cambiar el nombre de la hoja activa, en este caso no necesita establecer el nombre de la hoja, en su lugar necesita usar el objeto ActiveSheet que le dice a VBA que haga referencia a la hoja activa en este momento. Aqu\u00ed est\u00e1 el c\u00f3digo. <\/p>\n<pre class=\"wp-block-code\"> <code class=\"language-visual-basic\" lang=\"visual-basic\">Activesheet.Name = \"mySheet\"<\/code><\/pre>\n<div class=\"wp-block-image\">\n<figure class=\"aligncenter size-large is-resized\"><img loading=\"lazy\" decoding=\"async\" class=\"wp-image-52085\" src=\"https:\/\/exceladvisor.org\/wp-content\/uploads\/2023\/08\/2-renommer-la-feuille-active.png\" sizes=\"auto, \" srcset=\"\" alt=\"cambiar el nombre de la hoja activa\" width=\"319\" height=\"166\"><\/figure>\n<\/div>\n<p class=\"qt-tip\"> <strong>Nota:<\/strong> Para cambiar el nombre de una hoja, no es necesario activarla.<\/p>\n<h2 class=\"wp-block-heading\"> Cambiar el nombre de una hoja usando el n\u00famero de hoja<\/h2>\n<p> Como sabes, cada hoja tiene un n\u00famero dependiendo de su posici\u00f3n en el libro. Digamos que quieres cambiar el nombre de la hoja que tienes en el quinto n\u00famero, el c\u00f3digo ser\u00eda. <\/p>\n<pre class=\"wp-block-code\"> <code class=\"language-visual-basic\" lang=\"visual-basic\">Sheets(5).Name = \"mySheet5\"<\/code><\/pre>\n<div class=\"wp-block-image\">\n<figure class=\"aligncenter size-large is-resized\"><img loading=\"lazy\" decoding=\"async\" class=\"wp-image-52086\" src=\"https:\/\/exceladvisor.org\/wp-content\/uploads\/2023\/08\/3-renommer-une-feuille-en-utilisant-le-numero-de-feuille.png\" sizes=\"auto, \" srcset=\"\" alt=\"cambiar el nombre de una hoja usando el n\u00famero de hoja\" width=\"335\" height=\"169\"><\/figure>\n<\/div>\n<p> Cuando <a href=\"https:\/\/exceladvisor.org\/es\/ejecutar-una-macro-2\/\">ejecuta la macro anterior<\/a> , cambia el nombre de la hoja que est\u00e1 en el quinto n\u00famero. <\/p>\n<div class=\"wp-block-image\">\n<figure class=\"aligncenter size-large is-resized\"><img loading=\"lazy\" decoding=\"async\" class=\"wp-image-52087\" src=\"https:\/\/exceladvisor.org\/wp-content\/uploads\/2023\/08\/4-renommer-la-feuille-selon-le-numero.png\" sizes=\"auto, \" srcset=\"\" alt=\"cambiar el nombre de la hoja como por n\u00famero\" width=\"322\" height=\"43\"><\/figure>\n<\/div>\n<h2 class=\"wp-block-heading\"> Compruebe si la hoja existe antes de cambiarle el nombre<\/h2>\n<p> Si intenta cambiar el nombre de una hoja de trabajo que no existe, VBA le mostrar\u00e1 un error, como se muestra a continuaci\u00f3n. <\/p>\n<div class=\"wp-block-image\">\n<figure class=\"aligncenter size-large is-resized\"><img loading=\"lazy\" decoding=\"async\" class=\"wp-image-52088\" src=\"https:\/\/exceladvisor.org\/wp-content\/uploads\/2023\/08\/5-verifier-si-la-feuille-existe-avant-de-renommer.png\" sizes=\"auto, \" srcset=\"\" alt=\"comprobar si la hoja existe antes de cambiar el nombre\" width=\"572\" height=\"394\"><\/figure>\n<\/div>\n<p> La soluci\u00f3n a este problema es el siguiente c\u00f3digo que utiliza <a href=\"https:\/\/exceladvisor.org\/es\/para-el-bucle\/\">FOR EACH<\/a> , que puede <a href=\"https:\/\/exceladvisor.org\/es\/hojas-de-bucle\/\">recorrer todas las hojas de trabajo<\/a> para encontrar la hoja que usted define y luego cambiarle el nombre.<\/p>\n<pre class=\"wp-block-code\"> <code class=\"language-visual-basic\" lang=\"visual-basic\">Sub check_sheet_rename() Dim ws As Worksheet Dim mySheet As String Dim SheetName As String mySheet = InputBox(\"enter the name of the sheet that you want to rename.\") SheetName = InputBox(\"Enter new name for the sheet.\") For Each ws In ThisWorkbook.Worksheets If mySheet = ws.Name Then ws.Name = SheetName End If Next ws End Sub<\/code><\/pre>\n<h2 class=\"wp-block-heading\"> Cambiar el nombre de una hoja usando el valor de una celda o rango<\/h2>\n<p> Tambi\u00e9n puedes cambiar el nombre de una hoja tomando el valor de una celda. Digamos que el valor est\u00e1 en la celda A1.<\/p>\n<pre class=\"wp-block-code\"> <code class=\"language-visual-basic\" lang=\"visual-basic\">Sheets(\"Sheet1\").name = Range(\"A1\").Value<\/code><\/pre>\n<p> Pero digamos que desea nombrar varias hojas seg\u00fan los valores de un rango de celdas. En este caso deber\u00edas tener un c\u00f3digo como este.<\/p>\n<pre class=\"wp-block-code\"> <code class=\"language-visual-basic\" lang=\"visual-basic\">Sub vba_sheet_rename_multiple() Dim wsCount As Long Dim rCount As Long Dim ws As Worksheet Dim name As Range Dim i As Long wsCount = ThisWorkbook.Worksheets.Count rCount = Range(\"A1:A10\").Rows.Count 'Checks if the count of the names provided is less _ or more than the sheets in the workbook If wsCount &lt;&gt; rCount Then MsgBox \"There's some problem with the names provided.\" Exit Sub Else 'Check if any of the cells in the name range is empty. For Each name In Range(\"A1:A10\") If IsEmpty(name) = True Then i = i + 1 End If Next name If i &gt; 0 Then MsgBox \"There's is a blank cell in the names range.\" Exit Sub End If End If 'rename each sheet using the value from the range cell by cell. i = 1 For Each ws In ThisWorkbook.Worksheets ws.name = Range(\"A1:A10\").Cells(i, 1).Value i = 1 + i Next ws End Sub<\/code><\/pre>\n<p> Cuando ejecuta este c\u00f3digo VBA, primero verifica si las celdas en el rango son iguales a la cantidad de hojas que tiene en el libro. Despu\u00e9s de eso, comprobar\u00e1 si todas las celdas del rango que especific\u00f3 tienen valores o no. Y al final cambie el nombre de todas las hojas usando estos nombres.<\/p>\n<p> Verificar\u00e1 dos condiciones usando <a href=\"https:\/\/exceladvisor.org\/es\/si-2\/\">IF THEN ELSE<\/a> y luego cambiar\u00e1 el nombre de todas las hojas.<\/p>\n<div class=\"gb-container gb-container-4db6181c gb-container-mt\"> <a class=\"gb-button gb-button-c5897111 gb-button-text gb-button-mt-button\" href=\"https:\/\/exceladvisor.org\/es\/vba\/\">\u00bfQu\u00e9 es VBA?<\/a><\/p>\n<h2 class=\"gb-headline gb-headline-665e5f6b gb-headline-text gb-headline-mt-heading\"> Tutoriales relacionados <\/h2>\n<div class=\"gb-grid-wrapper gb-grid-wrapper-a20baf7c gb-grid-wrapper-mt-grid\">\n<div class=\"gb-grid-column gb-grid-column-65ddf67e\">\n<div class=\"gb-container gb-container-65ddf67e\">\n<ul>\n<li> <a href=\"https:\/\/exceladvisor.org\/es\/hoja-clara\/\">BORRAR una hoja completa usando VBA en Excel<\/a><\/li>\n<li> <a href=\"https:\/\/exceladvisor.org\/es\/copiar-hoja\/\">Copiar y mover una hoja en Excel usando VBA<\/a><\/li>\n<li> <a href=\"https:\/\/exceladvisor.org\/es\/contar-las-hojas\/\">CONTAR Hojas usando VBA en Excel<\/a><\/li>\n<li> <a href=\"https:\/\/exceladvisor.org\/es\/eliminar-una-hoja-1\/\">ELIMINAR una HOJA usando VBA en Excel<\/a><\/li>\n<li> <a href=\"https:\/\/exceladvisor.org\/es\/ocultar-hoja\/\">Ocultar y mostrar una hoja usando VBA en Excel<\/a> <\/li>\n<\/ul>\n<\/div>\n<\/div>\n<div class=\"gb-grid-column gb-grid-column-50067b57\">\n<div class=\"gb-container gb-container-50067b57\"><\/div>\n<\/div>\n<\/div>\n<\/div>\n","protected":false},"excerpt":{"rendered":"<p>Cuando agrega una nueva hoja a un libro de trabajo, tiene la opci\u00f3n de ponerle un nombre. Pero tambi\u00e9n puedes cambiarle el nombre en cualquier momento usando la propiedad de nombre de la hoja de trabajo. En este tutorial, veremos diferentes formas de cambiar el nombre de una hoja o varias hojas usando c\u00f3digo VBA. [&hellip;]<\/p>\n","protected":false},"author":1,"featured_media":0,"parent":0,"menu_order":0,"comment_status":"open","ping_status":"closed","template":"","meta":{"ub_ctt_via":"","footnotes":""},"class_list":["post-125","page","type-page","status-publish","hentry"],"featured_image_src":null,"yoast_head":"<!-- This site is optimized with the Yoast SEO plugin v25.4 - https:\/\/yoast.com\/wordpress\/plugins\/seo\/ -->\n<title>\u00bfc\u00f3mo cambiar el nombre de una hoja usando vba en excel?<\/title>\n<meta name=\"robots\" content=\"index, follow, max-snippet:-1, max-image-preview:large, max-video-preview:-1\" \/>\n<link rel=\"canonical\" href=\"https:\/\/exceladvisor.org\/es\/cambiar-el-nombre-de-la-hoja\/\" \/>\n<meta property=\"og:locale\" content=\"es_ES\" \/>\n<meta property=\"og:type\" content=\"article\" \/>\n<meta property=\"og:title\" content=\"\u00bfc\u00f3mo cambiar el nombre de una hoja usando vba en excel?\" \/>\n<meta property=\"og:description\" content=\"Cuando agrega una nueva hoja a un libro de trabajo, tiene la opci\u00f3n de ponerle un nombre. Pero tambi\u00e9n puedes cambiarle el nombre en cualquier momento usando la propiedad de nombre de la hoja de trabajo. En este tutorial, veremos diferentes formas de cambiar el nombre de una hoja o varias hojas usando c\u00f3digo VBA. [&hellip;]\" \/>\n<meta property=\"og:url\" content=\"https:\/\/exceladvisor.org\/es\/cambiar-el-nombre-de-la-hoja\/\" \/>\n<meta property=\"og:site_name\" content=\"Excel Advisor\" \/>\n<meta property=\"article:modified_time\" content=\"2023-12-25T10:24:04+00:00\" \/>\n<meta property=\"og:image\" content=\"https:\/\/exceladvisor.org\/wp-content\/uploads\/2023\/08\/1-definir-la-feuille-que-vous-souhaitez-renommer.png\" \/>\n<meta name=\"twitter:card\" content=\"summary_large_image\" \/>\n<meta name=\"twitter:label1\" content=\"Tiempo de lectura\" \/>\n\t<meta name=\"twitter:data1\" content=\"4 minutos\" \/>\n<script type=\"application\/ld+json\" class=\"yoast-schema-graph\">{\"@context\":\"https:\/\/schema.org\",\"@graph\":[{\"@type\":\"WebPage\",\"@id\":\"https:\/\/exceladvisor.org\/es\/cambiar-el-nombre-de-la-hoja\/\",\"url\":\"https:\/\/exceladvisor.org\/es\/cambiar-el-nombre-de-la-hoja\/\",\"name\":\"\u00bfc\u00f3mo cambiar el nombre de una hoja usando vba en excel?\",\"isPartOf\":{\"@id\":\"https:\/\/exceladvisor.org\/es\/#website\"},\"primaryImageOfPage\":{\"@id\":\"https:\/\/exceladvisor.org\/es\/cambiar-el-nombre-de-la-hoja\/#primaryimage\"},\"image\":{\"@id\":\"https:\/\/exceladvisor.org\/es\/cambiar-el-nombre-de-la-hoja\/#primaryimage\"},\"thumbnailUrl\":\"https:\/\/exceladvisor.org\/wp-content\/uploads\/2023\/08\/1-definir-la-feuille-que-vous-souhaitez-renommer.png\",\"datePublished\":\"2023-11-15T14:55:11+00:00\",\"dateModified\":\"2023-12-25T10:24:04+00:00\",\"breadcrumb\":{\"@id\":\"https:\/\/exceladvisor.org\/es\/cambiar-el-nombre-de-la-hoja\/#breadcrumb\"},\"inLanguage\":\"es\",\"potentialAction\":[{\"@type\":\"ReadAction\",\"target\":[\"https:\/\/exceladvisor.org\/es\/cambiar-el-nombre-de-la-hoja\/\"]}]},{\"@type\":\"ImageObject\",\"inLanguage\":\"es\",\"@id\":\"https:\/\/exceladvisor.org\/es\/cambiar-el-nombre-de-la-hoja\/#primaryimage\",\"url\":\"https:\/\/exceladvisor.org\/wp-content\/uploads\/2023\/08\/1-definir-la-feuille-que-vous-souhaitez-renommer.png\",\"contentUrl\":\"https:\/\/exceladvisor.org\/wp-content\/uploads\/2023\/08\/1-definir-la-feuille-que-vous-souhaitez-renommer.png\"},{\"@type\":\"BreadcrumbList\",\"@id\":\"https:\/\/exceladvisor.org\/es\/cambiar-el-nombre-de-la-hoja\/#breadcrumb\",\"itemListElement\":[{\"@type\":\"ListItem\",\"position\":1,\"name\":\"Hogar\",\"item\":\"https:\/\/exceladvisor.org\/es\/\"},{\"@type\":\"ListItem\",\"position\":2,\"name\":\"\u00bfc\u00f3mo cambiar el nombre de una hoja usando vba en excel?\"}]},{\"@type\":\"WebSite\",\"@id\":\"https:\/\/exceladvisor.org\/es\/#website\",\"url\":\"https:\/\/exceladvisor.org\/es\/\",\"name\":\"Excel Advisor\",\"description\":\"Su gu\u00eda para la dominaci\u00f3n de datos!\",\"publisher\":{\"@id\":\"https:\/\/exceladvisor.org\/es\/#organization\"},\"potentialAction\":[{\"@type\":\"SearchAction\",\"target\":{\"@type\":\"EntryPoint\",\"urlTemplate\":\"https:\/\/exceladvisor.org\/es\/?s={search_term_string}\"},\"query-input\":{\"@type\":\"PropertyValueSpecification\",\"valueRequired\":true,\"valueName\":\"search_term_string\"}}],\"inLanguage\":\"es\"},{\"@type\":\"Organization\",\"@id\":\"https:\/\/exceladvisor.org\/es\/#organization\",\"name\":\"Excel Advisor\",\"url\":\"https:\/\/exceladvisor.org\/es\/\",\"logo\":{\"@type\":\"ImageObject\",\"inLanguage\":\"es\",\"@id\":\"https:\/\/exceladvisor.org\/es\/#\/schema\/logo\/image\/\",\"url\":\"https:\/\/exceladvisor.org\/es\/wp-content\/uploads\/2023\/12\/exceladvisor.org_.png\",\"contentUrl\":\"https:\/\/exceladvisor.org\/es\/wp-content\/uploads\/2023\/12\/exceladvisor.org_.png\",\"width\":105,\"height\":36,\"caption\":\"Excel Advisor\"},\"image\":{\"@id\":\"https:\/\/exceladvisor.org\/es\/#\/schema\/logo\/image\/\"}}]}<\/script>\n<!-- \/ Yoast SEO plugin. -->","yoast_head_json":{"title":"\u00bfc\u00f3mo cambiar el nombre de una hoja usando vba en excel?","robots":{"index":"index","follow":"follow","max-snippet":"max-snippet:-1","max-image-preview":"max-image-preview:large","max-video-preview":"max-video-preview:-1"},"canonical":"https:\/\/exceladvisor.org\/es\/cambiar-el-nombre-de-la-hoja\/","og_locale":"es_ES","og_type":"article","og_title":"\u00bfc\u00f3mo cambiar el nombre de una hoja usando vba en excel?","og_description":"Cuando agrega una nueva hoja a un libro de trabajo, tiene la opci\u00f3n de ponerle un nombre. Pero tambi\u00e9n puedes cambiarle el nombre en cualquier momento usando la propiedad de nombre de la hoja de trabajo. En este tutorial, veremos diferentes formas de cambiar el nombre de una hoja o varias hojas usando c\u00f3digo VBA. [&hellip;]","og_url":"https:\/\/exceladvisor.org\/es\/cambiar-el-nombre-de-la-hoja\/","og_site_name":"Excel Advisor","article_modified_time":"2023-12-25T10:24:04+00:00","og_image":[{"url":"https:\/\/exceladvisor.org\/wp-content\/uploads\/2023\/08\/1-definir-la-feuille-que-vous-souhaitez-renommer.png","type":"","width":"","height":""}],"twitter_card":"summary_large_image","twitter_misc":{"Tiempo de lectura":"4 minutos"},"schema":{"@context":"https:\/\/schema.org","@graph":[{"@type":"WebPage","@id":"https:\/\/exceladvisor.org\/es\/cambiar-el-nombre-de-la-hoja\/","url":"https:\/\/exceladvisor.org\/es\/cambiar-el-nombre-de-la-hoja\/","name":"\u00bfc\u00f3mo cambiar el nombre de una hoja usando vba en excel?","isPartOf":{"@id":"https:\/\/exceladvisor.org\/es\/#website"},"primaryImageOfPage":{"@id":"https:\/\/exceladvisor.org\/es\/cambiar-el-nombre-de-la-hoja\/#primaryimage"},"image":{"@id":"https:\/\/exceladvisor.org\/es\/cambiar-el-nombre-de-la-hoja\/#primaryimage"},"thumbnailUrl":"https:\/\/exceladvisor.org\/wp-content\/uploads\/2023\/08\/1-definir-la-feuille-que-vous-souhaitez-renommer.png","datePublished":"2023-11-15T14:55:11+00:00","dateModified":"2023-12-25T10:24:04+00:00","breadcrumb":{"@id":"https:\/\/exceladvisor.org\/es\/cambiar-el-nombre-de-la-hoja\/#breadcrumb"},"inLanguage":"es","potentialAction":[{"@type":"ReadAction","target":["https:\/\/exceladvisor.org\/es\/cambiar-el-nombre-de-la-hoja\/"]}]},{"@type":"ImageObject","inLanguage":"es","@id":"https:\/\/exceladvisor.org\/es\/cambiar-el-nombre-de-la-hoja\/#primaryimage","url":"https:\/\/exceladvisor.org\/wp-content\/uploads\/2023\/08\/1-definir-la-feuille-que-vous-souhaitez-renommer.png","contentUrl":"https:\/\/exceladvisor.org\/wp-content\/uploads\/2023\/08\/1-definir-la-feuille-que-vous-souhaitez-renommer.png"},{"@type":"BreadcrumbList","@id":"https:\/\/exceladvisor.org\/es\/cambiar-el-nombre-de-la-hoja\/#breadcrumb","itemListElement":[{"@type":"ListItem","position":1,"name":"Hogar","item":"https:\/\/exceladvisor.org\/es\/"},{"@type":"ListItem","position":2,"name":"\u00bfc\u00f3mo cambiar el nombre de una hoja usando vba en excel?"}]},{"@type":"WebSite","@id":"https:\/\/exceladvisor.org\/es\/#website","url":"https:\/\/exceladvisor.org\/es\/","name":"Excel Advisor","description":"Su gu\u00eda para la dominaci\u00f3n de datos!","publisher":{"@id":"https:\/\/exceladvisor.org\/es\/#organization"},"potentialAction":[{"@type":"SearchAction","target":{"@type":"EntryPoint","urlTemplate":"https:\/\/exceladvisor.org\/es\/?s={search_term_string}"},"query-input":{"@type":"PropertyValueSpecification","valueRequired":true,"valueName":"search_term_string"}}],"inLanguage":"es"},{"@type":"Organization","@id":"https:\/\/exceladvisor.org\/es\/#organization","name":"Excel Advisor","url":"https:\/\/exceladvisor.org\/es\/","logo":{"@type":"ImageObject","inLanguage":"es","@id":"https:\/\/exceladvisor.org\/es\/#\/schema\/logo\/image\/","url":"https:\/\/exceladvisor.org\/es\/wp-content\/uploads\/2023\/12\/exceladvisor.org_.png","contentUrl":"https:\/\/exceladvisor.org\/es\/wp-content\/uploads\/2023\/12\/exceladvisor.org_.png","width":105,"height":36,"caption":"Excel Advisor"},"image":{"@id":"https:\/\/exceladvisor.org\/es\/#\/schema\/logo\/image\/"}}]}},"yoast_meta":{"yoast_wpseo_title":"","yoast_wpseo_metadesc":"","yoast_wpseo_canonical":""},"_links":{"self":[{"href":"https:\/\/exceladvisor.org\/es\/wp-json\/wp\/v2\/pages\/125","targetHints":{"allow":["GET"]}}],"collection":[{"href":"https:\/\/exceladvisor.org\/es\/wp-json\/wp\/v2\/pages"}],"about":[{"href":"https:\/\/exceladvisor.org\/es\/wp-json\/wp\/v2\/types\/page"}],"author":[{"embeddable":true,"href":"https:\/\/exceladvisor.org\/es\/wp-json\/wp\/v2\/users\/1"}],"replies":[{"embeddable":true,"href":"https:\/\/exceladvisor.org\/es\/wp-json\/wp\/v2\/comments?post=125"}],"version-history":[{"count":1,"href":"https:\/\/exceladvisor.org\/es\/wp-json\/wp\/v2\/pages\/125\/revisions"}],"predecessor-version":[{"id":896,"href":"https:\/\/exceladvisor.org\/es\/wp-json\/wp\/v2\/pages\/125\/revisions\/896"}],"wp:attachment":[{"href":"https:\/\/exceladvisor.org\/es\/wp-json\/wp\/v2\/media?parent=125"}],"curies":[{"name":"wp","href":"https:\/\/api.w.org\/{rel}","templated":true}]}}