{"id":126,"date":"2023-11-15T14:20:43","date_gmt":"2023-11-15T14:20:43","guid":{"rendered":"https:\/\/exceladvisor.org\/es\/si-y-1\/"},"modified":"2023-12-25T10:24:14","modified_gmt":"2023-12-25T10:24:14","slug":"si-y-1","status":"publish","type":"page","link":"https:\/\/exceladvisor.org\/es\/si-y-1\/","title":{"rendered":"\u00bfc\u00f3mo combinar funciones si y y en excel?"},"content":{"rendered":"<div class=\"excel-antes-del-contenido\" id=\"excel-838001683\"><script type=\"text\/javascript\">\r\n\tatOptions = {\r\n\t\t'key' : 'c1158f160081d6540a8409e6925dab94',\r\n\t\t'format' : 'iframe',\r\n\t\t'height' : 250,\r\n\t\t'width' : 300,\r\n\t\t'params' : {}\r\n\t};\r\n<\/script>\r\n<script type=\"text\/javascript\" src=\"\/\/www.highperformanceformat.com\/c1158f160081d6540a8409e6925dab94\/invoke.js\"><\/script><\/div><p>Como te dije, combinando IF con otras funciones puedes aumentar sus poderes. La funci\u00f3n Y es una de las funciones m\u00e1s \u00fatiles para combinar con la funci\u00f3n SI.<\/p>\n<p> Al combinar funciones <a href=\"https:\/\/exceladvisor.org\/es\/si-o-1\/\">IF y OR<\/a> para probar m\u00faltiples condiciones. De la misma forma, puedes combinar las funciones IF y AND.<\/p>\n<p> Existe una ligera diferencia en el uso de las funciones OR y AND con IF. En este art\u00edculo aprender\u00e1 c\u00f3mo combinar las funciones IF y AND y tambi\u00e9n aprender\u00e1 por qu\u00e9 necesitamos combinar ambas.<\/p>\n<h2 id=\"1\" class=\"wp-block-heading\"> Introducci\u00f3n r\u00e1pida<\/h2>\n<p> Ambas funciones son \u00fatiles, pero al usarlas juntas puedes resolver algunos problemas del mundo real. Aqu\u00ed hay una introducci\u00f3n r\u00e1pida a ambos.<\/p>\n<ol>\n<li> <strong>Funci\u00f3n IF<\/strong> : para probar una condici\u00f3n y devolver un valor espec\u00edfico si esta condici\u00f3n es verdadera u otro valor espec\u00edfico si esta condici\u00f3n es falsa.<\/li>\n<li> <strong>Funci\u00f3n AND<\/strong> : para probar m\u00faltiples condiciones. Si todas las condiciones son verdaderas, devolver\u00e1 verdadero y si alguna de las condiciones es falsa, devolver\u00e1 falso.<\/li>\n<\/ol>\n<h2 class=\"wp-block-heading\"> <strong>\u00bfPorque es esto importante?<\/strong><\/h2>\n<ol>\n<li> Puede probar m\u00faltiples condiciones con la funci\u00f3n IF.<\/li>\n<li> Devolver\u00e1 un valor espec\u00edfico si todas las condiciones son verdaderas.<\/li>\n<li> O devolver\u00e1 otro valor espec\u00edfico si alguna de las condiciones es falsa.<\/li>\n<\/ol>\n<h2 class=\"wp-block-heading\"> \u00bfC\u00f3mo funcionan las funciones SI y Y?<\/h2>\n<p> Para combinar las funciones SI y Y, simplemente reemplace el argumento prueba_l\u00f3gica en la funci\u00f3n SI con la funci\u00f3n Y. Usando la funci\u00f3n AND, puede especificar m\u00faltiples condiciones. <\/p>\n<div class=\"wp-block-image\">\n<figure class=\"aligncenter\"><img loading=\"lazy\" decoding=\"async\" class=\"wp-image-9625\" src=\"https:\/\/exceladvisor.org\/wp-content\/uploads\/2023\/08\/comment-combiner-si-et-et-les-fonctions-remplacent-le-test-logique-1.png\" sizes=\"auto, \" srcset=\"\" alt=\"c\u00f3mo combinar funciones if y y reemplazan la prueba l\u00f3gica\" width=\"486\" height=\"140\"><\/figure>\n<\/div>\n<p> <span style=\"font-size: inherit; background-color: initial;\">Ahora la funci\u00f3n AND probar\u00e1 todas sus condiciones aqu\u00ed.<\/span> <span style=\"font-size: inherit; background-color: initial;\">Si todas las condiciones son verdaderas, la funci\u00f3n Y devolver\u00e1 verdadero y la funci\u00f3n SI devolver\u00e1 el valor que usted especific\u00f3 como verdadero.<\/span><\/p>\n<p> <span style=\"font-size: inherit; background-color: initial;\">Y, si alguna de las condiciones es falsa, la funci\u00f3n Y devolver\u00e1 falso y la funci\u00f3n SI devolver\u00e1 el valor que usted especific\u00f3 para falso.<\/span> <span style=\"font-size: inherit; background-color: initial;\">D\u00e9jame mostrarte un ejemplo concreto.<\/span><\/p>\n<h2 id=\"3\" class=\"wp-block-heading\"> Ejemplos<\/h2>\n<p> Aqu\u00ed tengo una hoja de calificaciones de un estudiante. Y quiero agregar algunas notas a la hoja. <\/p>\n<div class=\"wp-block-image\">\n<figure class=\"aligncenter\"><img loading=\"lazy\" decoding=\"async\" class=\"wp-image-9630\" src=\"https:\/\/exceladvisor.org\/wp-content\/uploads\/2023\/08\/comment-combiner-si-et-et-la-table-des-fonctions-pour-ajouter-un-statut-1.png\" sizes=\"auto, \" srcset=\"\" alt=\"c\u00f3mo combinar la tabla de funciones if y para agregar estado\" width=\"569\" height=\"221\"><\/figure>\n<\/div>\n<p> Si un estudiante aprueba ambas materias con 40 puntos o m\u00e1s, el estado debe ser \u201cAprobado\u201d. Y, si un estudiante tiene menos de 40 puntos en ambas materias o incluso en una materia, el estado deber\u00eda ser \u00abReprobado\u00bb. La f\u00f3rmula ser\u00e1. <\/p>\n<pre class=\"wp-block-code\"> <code class=\"language-excel-formula\" lang=\"excel-formula\">=IF(AND(B2&gt;=40,C2&gt;=40),\"Pass\",\"Fail\")<\/code><\/pre>\n<div class=\"wp-block-image\">\n<figure class=\"aligncenter\"><img loading=\"lazy\" decoding=\"async\" class=\"wp-image-9631\" src=\"https:\/\/exceladvisor.org\/wp-content\/uploads\/2023\/08\/comment-combiner-si-et-et-fonctions-inserer-une-formule-1.png\" sizes=\"auto, \" srcset=\"\" alt=\"c\u00f3mo combinar funciones if y y insertar una f\u00f3rmula\" width=\"572\" height=\"267\"><\/figure>\n<\/div>\n<p> En la f\u00f3rmula anterior, si hay un valor mayor o igual a 40 en cualquiera de las celdas (B2 y C2), la funci\u00f3n AND devolver\u00e1 verdadero y SI devolver\u00e1 el valor \u00abPasar\u00bb. Esto significa que si un alumno aprueba ambas materias, aprobar\u00e1.<\/p>\n<p> Pero, si ambas celdas tienen un valor inferior a 40, AND devolver\u00e1 falso y IF devolver\u00e1 el valor \u00abFallo\u00bb. Si un estudiante suspende alguna de las materias, suspender\u00e1. <\/p>\n<div class=\"wp-block-group download-box is-layout-constrained\">\n<div class=\"wp-block-group__inner-container\">\n<h2 class=\"wp-block-heading\"> Descargar un archivo de muestra <\/h2>\n<ul id=\"ub_styled_list-da8638b8-2d76-405d-a27d-456029ffc773\" class=\"ub_styled_list\">\n<li class=\"ub_styled_list_item\"> <a href=\"https:\/\/exceladvisor.org\/wp-content\/uploads\/2023\/11\/si-la-cellule-est-vide-2.xlsx\" rel=\"nofollow\">Archivo de ejemplo<\/a><\/li>\n<\/ul>\n<\/div>\n<\/div>\n<div class=\"gb-container gb-container-0df56012 gb-container-mt\"> <a class=\"gb-button gb-button-f9f432f4 gb-button-text gb-button-mt-button\" href=\"https:\/\/exceladvisor.org\/es\/formulas\/\">Lista de f\u00f3rmulas de Excel<\/a><\/p>\n<h2 class=\"gb-headline gb-headline-233444e8 gb-headline-text gb-headline-mt-heading\"> F\u00f3rmulas relacionadas <\/h2>\n<div class=\"gb-grid-wrapper gb-grid-wrapper-a16fa65c gb-grid-wrapper-mt-grid\">\n<div class=\"gb-grid-column gb-grid-column-50d07e0d\">\n<div class=\"gb-container gb-container-50d07e0d\">\n<ul>\n<li> Marque IF 0 (cero) y luego en blanco en Excel<\/li>\n<li> <a href=\"https:\/\/exceladvisor.org\/es\/comprobar-si-existe-un-valor-en-un-rango\/\">Comprobar si existe un valor en un rango en Excel<\/a><\/li>\n<li> <a href=\"https:\/\/exceladvisor.org\/es\/si-o-1\/\">Combina funciones SI y O en Excel<\/a><\/li>\n<li> <a href=\"https:\/\/exceladvisor.org\/es\/si-la-celda-esta-vacia\/\">SI la celda est\u00e1 vac\u00eda usando IF + ESBLANCO en Excel<\/a><\/li>\n<li> <a href=\"https:\/\/exceladvisor.org\/es\/si-es-negativo-entonces-cero\/\">SI es negativo, entonces cero (0) en Excel<\/a> <\/li>\n<\/ul>\n<\/div>\n<\/div>\n<div class=\"gb-grid-column gb-grid-column-5b4a0cf9\">\n<div class=\"gb-container gb-container-5b4a0cf9\"><\/div>\n<\/div>\n<\/div>\n<\/div>\n","protected":false},"excerpt":{"rendered":"<p>Como te dije, combinando IF con otras funciones puedes aumentar sus poderes. La funci\u00f3n Y es una de las funciones m\u00e1s \u00fatiles para combinar con la funci\u00f3n SI. Al combinar funciones IF y OR para probar m\u00faltiples condiciones. De la misma forma, puedes combinar las funciones IF y AND. Existe una ligera diferencia en el [&hellip;]<\/p>\n","protected":false},"author":1,"featured_media":0,"parent":0,"menu_order":0,"comment_status":"open","ping_status":"closed","template":"","meta":{"ub_ctt_via":"","footnotes":""},"class_list":["post-126","page","type-page","status-publish","hentry"],"featured_image_src":null,"yoast_head":"<!-- This site is optimized with the Yoast SEO plugin v25.4 - https:\/\/yoast.com\/wordpress\/plugins\/seo\/ -->\n<title>\u00bfc\u00f3mo combinar funciones si y y en excel?<\/title>\n<meta name=\"robots\" content=\"index, follow, max-snippet:-1, max-image-preview:large, max-video-preview:-1\" \/>\n<link rel=\"canonical\" href=\"https:\/\/exceladvisor.org\/es\/si-y-1\/\" \/>\n<meta property=\"og:locale\" content=\"es_ES\" \/>\n<meta property=\"og:type\" content=\"article\" \/>\n<meta property=\"og:title\" content=\"\u00bfc\u00f3mo combinar funciones si y y en excel?\" \/>\n<meta property=\"og:description\" content=\"Como te dije, combinando IF con otras funciones puedes aumentar sus poderes. La funci\u00f3n Y es una de las funciones m\u00e1s \u00fatiles para combinar con la funci\u00f3n SI. Al combinar funciones IF y OR para probar m\u00faltiples condiciones. De la misma forma, puedes combinar las funciones IF y AND. Existe una ligera diferencia en el [&hellip;]\" \/>\n<meta property=\"og:url\" content=\"https:\/\/exceladvisor.org\/es\/si-y-1\/\" \/>\n<meta property=\"og:site_name\" content=\"Excel Advisor\" \/>\n<meta property=\"article:modified_time\" content=\"2023-12-25T10:24:14+00:00\" \/>\n<meta property=\"og:image\" content=\"https:\/\/exceladvisor.org\/wp-content\/uploads\/2023\/08\/comment-combiner-si-et-et-les-fonctions-remplacent-le-test-logique-1.png\" \/>\n<meta name=\"twitter:card\" content=\"summary_large_image\" \/>\n<meta name=\"twitter:label1\" content=\"Tiempo de lectura\" \/>\n\t<meta name=\"twitter:data1\" content=\"3 minutos\" \/>\n<script type=\"application\/ld+json\" class=\"yoast-schema-graph\">{\"@context\":\"https:\/\/schema.org\",\"@graph\":[{\"@type\":\"WebPage\",\"@id\":\"https:\/\/exceladvisor.org\/es\/si-y-1\/\",\"url\":\"https:\/\/exceladvisor.org\/es\/si-y-1\/\",\"name\":\"\u00bfc\u00f3mo combinar funciones si y y en excel?\",\"isPartOf\":{\"@id\":\"https:\/\/exceladvisor.org\/es\/#website\"},\"primaryImageOfPage\":{\"@id\":\"https:\/\/exceladvisor.org\/es\/si-y-1\/#primaryimage\"},\"image\":{\"@id\":\"https:\/\/exceladvisor.org\/es\/si-y-1\/#primaryimage\"},\"thumbnailUrl\":\"https:\/\/exceladvisor.org\/wp-content\/uploads\/2023\/08\/comment-combiner-si-et-et-les-fonctions-remplacent-le-test-logique-1.png\",\"datePublished\":\"2023-11-15T14:20:43+00:00\",\"dateModified\":\"2023-12-25T10:24:14+00:00\",\"breadcrumb\":{\"@id\":\"https:\/\/exceladvisor.org\/es\/si-y-1\/#breadcrumb\"},\"inLanguage\":\"es\",\"potentialAction\":[{\"@type\":\"ReadAction\",\"target\":[\"https:\/\/exceladvisor.org\/es\/si-y-1\/\"]}]},{\"@type\":\"ImageObject\",\"inLanguage\":\"es\",\"@id\":\"https:\/\/exceladvisor.org\/es\/si-y-1\/#primaryimage\",\"url\":\"https:\/\/exceladvisor.org\/wp-content\/uploads\/2023\/08\/comment-combiner-si-et-et-les-fonctions-remplacent-le-test-logique-1.png\",\"contentUrl\":\"https:\/\/exceladvisor.org\/wp-content\/uploads\/2023\/08\/comment-combiner-si-et-et-les-fonctions-remplacent-le-test-logique-1.png\"},{\"@type\":\"BreadcrumbList\",\"@id\":\"https:\/\/exceladvisor.org\/es\/si-y-1\/#breadcrumb\",\"itemListElement\":[{\"@type\":\"ListItem\",\"position\":1,\"name\":\"Hogar\",\"item\":\"https:\/\/exceladvisor.org\/es\/\"},{\"@type\":\"ListItem\",\"position\":2,\"name\":\"\u00bfc\u00f3mo combinar funciones si y y en excel?\"}]},{\"@type\":\"WebSite\",\"@id\":\"https:\/\/exceladvisor.org\/es\/#website\",\"url\":\"https:\/\/exceladvisor.org\/es\/\",\"name\":\"Excel Advisor\",\"description\":\"Su gu\u00eda para la dominaci\u00f3n de datos!\",\"publisher\":{\"@id\":\"https:\/\/exceladvisor.org\/es\/#organization\"},\"potentialAction\":[{\"@type\":\"SearchAction\",\"target\":{\"@type\":\"EntryPoint\",\"urlTemplate\":\"https:\/\/exceladvisor.org\/es\/?s={search_term_string}\"},\"query-input\":{\"@type\":\"PropertyValueSpecification\",\"valueRequired\":true,\"valueName\":\"search_term_string\"}}],\"inLanguage\":\"es\"},{\"@type\":\"Organization\",\"@id\":\"https:\/\/exceladvisor.org\/es\/#organization\",\"name\":\"Excel Advisor\",\"url\":\"https:\/\/exceladvisor.org\/es\/\",\"logo\":{\"@type\":\"ImageObject\",\"inLanguage\":\"es\",\"@id\":\"https:\/\/exceladvisor.org\/es\/#\/schema\/logo\/image\/\",\"url\":\"https:\/\/exceladvisor.org\/es\/wp-content\/uploads\/2023\/12\/exceladvisor.org_.png\",\"contentUrl\":\"https:\/\/exceladvisor.org\/es\/wp-content\/uploads\/2023\/12\/exceladvisor.org_.png\",\"width\":105,\"height\":36,\"caption\":\"Excel Advisor\"},\"image\":{\"@id\":\"https:\/\/exceladvisor.org\/es\/#\/schema\/logo\/image\/\"}}]}<\/script>\n<!-- \/ Yoast SEO plugin. -->","yoast_head_json":{"title":"\u00bfc\u00f3mo combinar funciones si y y en excel?","robots":{"index":"index","follow":"follow","max-snippet":"max-snippet:-1","max-image-preview":"max-image-preview:large","max-video-preview":"max-video-preview:-1"},"canonical":"https:\/\/exceladvisor.org\/es\/si-y-1\/","og_locale":"es_ES","og_type":"article","og_title":"\u00bfc\u00f3mo combinar funciones si y y en excel?","og_description":"Como te dije, combinando IF con otras funciones puedes aumentar sus poderes. La funci\u00f3n Y es una de las funciones m\u00e1s \u00fatiles para combinar con la funci\u00f3n SI. Al combinar funciones IF y OR para probar m\u00faltiples condiciones. De la misma forma, puedes combinar las funciones IF y AND. Existe una ligera diferencia en el [&hellip;]","og_url":"https:\/\/exceladvisor.org\/es\/si-y-1\/","og_site_name":"Excel Advisor","article_modified_time":"2023-12-25T10:24:14+00:00","og_image":[{"url":"https:\/\/exceladvisor.org\/wp-content\/uploads\/2023\/08\/comment-combiner-si-et-et-les-fonctions-remplacent-le-test-logique-1.png","type":"","width":"","height":""}],"twitter_card":"summary_large_image","twitter_misc":{"Tiempo de lectura":"3 minutos"},"schema":{"@context":"https:\/\/schema.org","@graph":[{"@type":"WebPage","@id":"https:\/\/exceladvisor.org\/es\/si-y-1\/","url":"https:\/\/exceladvisor.org\/es\/si-y-1\/","name":"\u00bfc\u00f3mo combinar funciones si y y en excel?","isPartOf":{"@id":"https:\/\/exceladvisor.org\/es\/#website"},"primaryImageOfPage":{"@id":"https:\/\/exceladvisor.org\/es\/si-y-1\/#primaryimage"},"image":{"@id":"https:\/\/exceladvisor.org\/es\/si-y-1\/#primaryimage"},"thumbnailUrl":"https:\/\/exceladvisor.org\/wp-content\/uploads\/2023\/08\/comment-combiner-si-et-et-les-fonctions-remplacent-le-test-logique-1.png","datePublished":"2023-11-15T14:20:43+00:00","dateModified":"2023-12-25T10:24:14+00:00","breadcrumb":{"@id":"https:\/\/exceladvisor.org\/es\/si-y-1\/#breadcrumb"},"inLanguage":"es","potentialAction":[{"@type":"ReadAction","target":["https:\/\/exceladvisor.org\/es\/si-y-1\/"]}]},{"@type":"ImageObject","inLanguage":"es","@id":"https:\/\/exceladvisor.org\/es\/si-y-1\/#primaryimage","url":"https:\/\/exceladvisor.org\/wp-content\/uploads\/2023\/08\/comment-combiner-si-et-et-les-fonctions-remplacent-le-test-logique-1.png","contentUrl":"https:\/\/exceladvisor.org\/wp-content\/uploads\/2023\/08\/comment-combiner-si-et-et-les-fonctions-remplacent-le-test-logique-1.png"},{"@type":"BreadcrumbList","@id":"https:\/\/exceladvisor.org\/es\/si-y-1\/#breadcrumb","itemListElement":[{"@type":"ListItem","position":1,"name":"Hogar","item":"https:\/\/exceladvisor.org\/es\/"},{"@type":"ListItem","position":2,"name":"\u00bfc\u00f3mo combinar funciones si y y en excel?"}]},{"@type":"WebSite","@id":"https:\/\/exceladvisor.org\/es\/#website","url":"https:\/\/exceladvisor.org\/es\/","name":"Excel Advisor","description":"Su gu\u00eda para la dominaci\u00f3n de datos!","publisher":{"@id":"https:\/\/exceladvisor.org\/es\/#organization"},"potentialAction":[{"@type":"SearchAction","target":{"@type":"EntryPoint","urlTemplate":"https:\/\/exceladvisor.org\/es\/?s={search_term_string}"},"query-input":{"@type":"PropertyValueSpecification","valueRequired":true,"valueName":"search_term_string"}}],"inLanguage":"es"},{"@type":"Organization","@id":"https:\/\/exceladvisor.org\/es\/#organization","name":"Excel Advisor","url":"https:\/\/exceladvisor.org\/es\/","logo":{"@type":"ImageObject","inLanguage":"es","@id":"https:\/\/exceladvisor.org\/es\/#\/schema\/logo\/image\/","url":"https:\/\/exceladvisor.org\/es\/wp-content\/uploads\/2023\/12\/exceladvisor.org_.png","contentUrl":"https:\/\/exceladvisor.org\/es\/wp-content\/uploads\/2023\/12\/exceladvisor.org_.png","width":105,"height":36,"caption":"Excel Advisor"},"image":{"@id":"https:\/\/exceladvisor.org\/es\/#\/schema\/logo\/image\/"}}]}},"yoast_meta":{"yoast_wpseo_title":"","yoast_wpseo_metadesc":"","yoast_wpseo_canonical":""},"_links":{"self":[{"href":"https:\/\/exceladvisor.org\/es\/wp-json\/wp\/v2\/pages\/126","targetHints":{"allow":["GET"]}}],"collection":[{"href":"https:\/\/exceladvisor.org\/es\/wp-json\/wp\/v2\/pages"}],"about":[{"href":"https:\/\/exceladvisor.org\/es\/wp-json\/wp\/v2\/types\/page"}],"author":[{"embeddable":true,"href":"https:\/\/exceladvisor.org\/es\/wp-json\/wp\/v2\/users\/1"}],"replies":[{"embeddable":true,"href":"https:\/\/exceladvisor.org\/es\/wp-json\/wp\/v2\/comments?post=126"}],"version-history":[{"count":1,"href":"https:\/\/exceladvisor.org\/es\/wp-json\/wp\/v2\/pages\/126\/revisions"}],"predecessor-version":[{"id":912,"href":"https:\/\/exceladvisor.org\/es\/wp-json\/wp\/v2\/pages\/126\/revisions\/912"}],"wp:attachment":[{"href":"https:\/\/exceladvisor.org\/es\/wp-json\/wp\/v2\/media?parent=126"}],"curies":[{"name":"wp","href":"https:\/\/api.w.org\/{rel}","templated":true}]}}