{"id":127,"date":"2023-11-15T14:06:42","date_gmt":"2023-11-15T14:06:42","guid":{"rendered":"https:\/\/exceladvisor.org\/es\/busqueda-bidireccional\/"},"modified":"2023-12-25T10:25:38","modified_gmt":"2023-12-25T10:25:38","slug":"busqueda-bidireccional","status":"publish","type":"page","link":"https:\/\/exceladvisor.org\/es\/busqueda-bidireccional\/","title":{"rendered":"\u00bfc\u00f3mo hacer una b\u00fasqueda bidireccional en excel?"},"content":{"rendered":"<div class=\"excel-antes-del-contenido\" id=\"excel-4226356224\"><script type=\"text\/javascript\">\r\n\tatOptions = {\r\n\t\t'key' : 'c1158f160081d6540a8409e6925dab94',\r\n\t\t'format' : 'iframe',\r\n\t\t'height' : 250,\r\n\t\t'width' : 300,\r\n\t\t'params' : {}\r\n\t};\r\n<\/script>\r\n<script type=\"text\/javascript\" src=\"\/\/www.highperformanceformat.com\/c1158f160081d6540a8409e6925dab94\/invoke.js\"><\/script><\/div><p class=\"has-text-align-left\">Esto sucede a veces cuando necesitamos buscar un valor en una tabla seg\u00fan el encabezado de fila y el encabezado de columna. <\/p>\n<div class=\"wp-block-image\">\n<figure class=\"aligncenter\"><img decoding=\"async\" src=\"https:\/\/exceladvisor.org\/wp-content\/uploads\/2023\/08\/comment-effectuer-une-recherche-bidirectionnelle-dans-un-tableau-a-deux-dimensions-Excel-1.png\" sizes=\"\" srcset=\"\" alt=\"c\u00f3mo realizar una b\u00fasqueda bidireccional en una tabla bidimensional en Excel\"><\/figure>\n<\/div>\n<p> Supongamos que necesita obtener los valores de la tabla anterior para un mes y una zona en particular. Aqu\u00ed, en esta situaci\u00f3n, puede utilizar una b\u00fasqueda bidireccional.<\/p>\n<p> Realizar una b\u00fasqueda bidireccional implica obtener un valor de una tabla bidimensional. Esto significa que puede obtener un valor de cualquier celda de una tabla.<\/p>\n<p> Y para eso necesitas <a style=\"outline: none;\" href=\"https:\/\/exceladvisor.org\/es\/coincidencia-de-vsearch\/\">combinar la funci\u00f3n de coincidencia con BUSCARV<\/a> .<\/p>\n<p> Como sabes, una BUSCARV normal s\u00f3lo puede devolver un valor mirando una columna a la vez.<\/p>\n<p> La raz\u00f3n es que el argumento col_index de BUSCARV es un valor est\u00e1tico. Pero si combinas la funci\u00f3n de coincidencia con BUSCARV, puedes hacerla din\u00e1mica.<\/p>\n<h2 id=\"h-how-to-use-vlookup-match-for-a-two-way-lookup\" class=\"wp-block-heading\"> C\u00f3mo utilizar BUSCARV + COINCIDIR para B\u00daSQUEDA bidireccional<\/h2>\n<p> Volvamos a nuestro ejemplo. Disponemos de una tabla con la cantidad de ventas mensuales de cuatro \u00e1reas diferentes de una empresa. <\/p>\n<div class=\"wp-block-image\">\n<figure class=\"aligncenter\"><img decoding=\"async\" src=\"https:\/\/exceladvisor.org\/wp-content\/uploads\/2023\/08\/comment-effectuer-une-recherche-bidirectionnelle-dans-un-tableau-a-deux-dimensions-Excel-1.png\" sizes=\"\" srcset=\"\" alt=\"c\u00f3mo realizar una b\u00fasqueda bidireccional en una tabla bidimensional en Excel\"><\/figure>\n<\/div>\n<p> Ahora suponga que su jefe quiere verificar la cantidad de una zona para un mes en particular (por ejemplo: septiembre y la zona norte). Y a \u00e9l no le gusta mirar la tabla para eso, y aqu\u00ed est\u00e1 la f\u00f3rmula: <\/p>\n<pre class=\"wp-block-code\"> <code class=\"language-excel-formula\" lang=\"excel-formula\">=VLOOKUP(month,table,MATCH(zone,heading_row,0),0)<\/code><\/pre>\n<div class=\"wp-block-image\">\n<figure class=\"aligncenter\"><img decoding=\"async\" src=\"https:\/\/exceladvisor.org\/wp-content\/uploads\/2023\/08\/comment-effectuer-une-recherche-bidirectionnelle-dans-la-formule-Excel-dans-le-tableau-1.png\" sizes=\"\" srcset=\"\" alt=\"c\u00f3mo hacer una b\u00fasqueda bidireccional en la f\u00f3rmula de Excel en la tabla\"><\/figure>\n<\/div>\n<h3 id=\"h-how-it-works\" class=\"wp-block-heading\"> C\u00f3mo funciona<\/h3>\n<p> Como dije antes, necesitamos una funci\u00f3n de coincidencia para hacer que col_index sea din\u00e1mico. Esta f\u00f3rmula funciona en dos partes. Cuando selecciona el campo, la funci\u00f3n de coincidencia devuelve la posici\u00f3n del campo en la fila del encabezado. <\/p>\n<div class=\"wp-block-image\">\n<figure class=\"aligncenter\"><img decoding=\"async\" src=\"https:\/\/exceladvisor.org\/wp-content\/uploads\/2023\/08\/comment-effectuer-une-recherche-bidirectionnelle-fonction-de-correspondance-inexcel-pour-lindex-col-1.gif\" sizes=\"\" srcset=\"\" alt=\"c\u00f3mo hacer una b\u00fasqueda bidireccional en la funci\u00f3n de coincidencia de Excel para el \u00edndice col\"><\/figure>\n<\/div>\n<p> Y luego BUSCARV usa esta posici\u00f3n para obtener el valor de esta columna. <\/p>\n<div class=\"wp-block-image\">\n<figure class=\"aligncenter\"><img decoding=\"async\" src=\"https:\/\/exceladvisor.org\/wp-content\/uploads\/2023\/08\/comment-effectuer-une-recherche-bidirectionnelle-dans-excel-comment-ca-marche-1.png\" sizes=\"\" srcset=\"\" alt=\"c\u00f3mo realizar una b\u00fasqueda bidireccional en excel c\u00f3mo funciona\"><\/figure>\n<\/div>\n<p> Cada vez que seleccione el mes y la zona, se devolver\u00e1 el valor que se encuentra en la intersecci\u00f3n de la fila y la columna. El punto es que tienes un col_index din\u00e1mico que te permite obtener valores de diferentes columnas con BUSCARV. <\/p>\n<div class=\"gb-container gb-container-bafb25cc gb-container-download-2\">\n<div class=\"gb-grid-wrapper gb-grid-wrapper-91201309\">\n<div class=\"gb-grid-column gb-grid-column-15a917ef\">\n<div class=\"gb-container gb-container-15a917ef\">\n<h2 class=\"gb-headline gb-headline-f2deb261 gb-headline-text gb-headline-download-2\"> Obtener el archivo Excel <\/h2>\n<\/div>\n<\/div>\n<div class=\"gb-grid-column gb-grid-column-18357188\">\n<div class=\"gb-container gb-container-18357188\">\n<div class=\"gb-container gb-container-76cbe15e\"> <a class=\"gb-button gb-button-cb63d00a gb-button-text gb-button-download-2\" href=\"https:\/\/exceladvisor.org\/wp-content\/uploads\/2023\/11\/recherche-bidirectionnelle-dans-excel.xlsx\" rel=\"nofollow\">Descargar<\/a><\/div>\n<\/div>\n<\/div>\n<\/div>\n<\/div>\n<div class=\"gb-container gb-container-0df56012 gb-container-mt\"> <a class=\"gb-button gb-button-f9f432f4 gb-button-text gb-button-mt-button\" href=\"https:\/\/exceladvisor.org\/es\/formulas\/\">Lista de f\u00f3rmulas de Excel<\/a><\/p>\n<h2 class=\"gb-headline gb-headline-233444e8 gb-headline-text gb-headline-mt-heading\"> F\u00f3rmulas relacionadas <\/h2>\n<div class=\"gb-grid-wrapper gb-grid-wrapper-a16fa65c gb-grid-wrapper-mt-grid\">\n<div class=\"gb-grid-column gb-grid-column-50d07e0d\">\n<div class=\"gb-container gb-container-50d07e0d\">\n<ul>\n<li> <a href=\"https:\/\/exceladvisor.org\/es\/si-error-busqueda-virtual\/\">IFERROR con BUSCARV en Excel para reemplazar #N\/A en Excel<\/a><\/li>\n<li> <a href=\"https:\/\/exceladvisor.org\/es\/busqueda-inversa\/\">BUSCARV inversa (hacia atr\u00e1s: de derecha a izquierda) en Excel<\/a><\/li>\n<li> <a href=\"https:\/\/exceladvisor.org\/es\/coincidencia-de-vsearch\/\">Combinando BUSCARV COINCIDIR en Excel<\/a><\/li>\n<li> <a href=\"https:\/\/exceladvisor.org\/es\/vlookup-varios-criterios\/\">BUSCARV con m\u00faltiples criterios en Excel<\/a><\/li>\n<li> <a href=\"https:\/\/exceladvisor.org\/es\/comodines-con-vlookup\/\">Comodines con BUSCARV en Excel<\/a><\/li>\n<\/ul>\n<\/div>\n<\/div>\n<\/div>\n<\/div>\n","protected":false},"excerpt":{"rendered":"<p>Esto sucede a veces cuando necesitamos buscar un valor en una tabla seg\u00fan el encabezado de fila y el encabezado de columna. Supongamos que necesita obtener los valores de la tabla anterior para un mes y una zona en particular. Aqu\u00ed, en esta situaci\u00f3n, puede utilizar una b\u00fasqueda bidireccional. Realizar una b\u00fasqueda bidireccional implica obtener [&hellip;]<\/p>\n","protected":false},"author":1,"featured_media":0,"parent":0,"menu_order":0,"comment_status":"open","ping_status":"closed","template":"","meta":{"ub_ctt_via":"","footnotes":""},"class_list":["post-127","page","type-page","status-publish","hentry"],"featured_image_src":null,"yoast_head":"<!-- This site is optimized with the Yoast SEO plugin v25.4 - https:\/\/yoast.com\/wordpress\/plugins\/seo\/ -->\n<title>\u00bfc\u00f3mo hacer una b\u00fasqueda bidireccional en excel?<\/title>\n<meta name=\"robots\" content=\"index, follow, max-snippet:-1, max-image-preview:large, max-video-preview:-1\" \/>\n<link rel=\"canonical\" href=\"https:\/\/exceladvisor.org\/es\/busqueda-bidireccional\/\" \/>\n<meta property=\"og:locale\" content=\"es_ES\" \/>\n<meta property=\"og:type\" content=\"article\" \/>\n<meta property=\"og:title\" content=\"\u00bfc\u00f3mo hacer una b\u00fasqueda bidireccional en excel?\" \/>\n<meta property=\"og:description\" content=\"Esto sucede a veces cuando necesitamos buscar un valor en una tabla seg\u00fan el encabezado de fila y el encabezado de columna. Supongamos que necesita obtener los valores de la tabla anterior para un mes y una zona en particular. Aqu\u00ed, en esta situaci\u00f3n, puede utilizar una b\u00fasqueda bidireccional. Realizar una b\u00fasqueda bidireccional implica obtener [&hellip;]\" \/>\n<meta property=\"og:url\" content=\"https:\/\/exceladvisor.org\/es\/busqueda-bidireccional\/\" \/>\n<meta property=\"og:site_name\" content=\"Excel Advisor\" \/>\n<meta property=\"article:modified_time\" content=\"2023-12-25T10:25:38+00:00\" \/>\n<meta property=\"og:image\" content=\"https:\/\/exceladvisor.org\/wp-content\/uploads\/2023\/08\/comment-effectuer-une-recherche-bidirectionnelle-dans-un-tableau-a-deux-dimensions-Excel-1.png\" \/>\n<meta name=\"twitter:card\" content=\"summary_large_image\" \/>\n<meta name=\"twitter:label1\" content=\"Tiempo de lectura\" \/>\n\t<meta name=\"twitter:data1\" content=\"2 minutos\" \/>\n<script type=\"application\/ld+json\" class=\"yoast-schema-graph\">{\"@context\":\"https:\/\/schema.org\",\"@graph\":[{\"@type\":\"WebPage\",\"@id\":\"https:\/\/exceladvisor.org\/es\/busqueda-bidireccional\/\",\"url\":\"https:\/\/exceladvisor.org\/es\/busqueda-bidireccional\/\",\"name\":\"\u00bfc\u00f3mo hacer una b\u00fasqueda bidireccional en excel?\",\"isPartOf\":{\"@id\":\"https:\/\/exceladvisor.org\/es\/#website\"},\"primaryImageOfPage\":{\"@id\":\"https:\/\/exceladvisor.org\/es\/busqueda-bidireccional\/#primaryimage\"},\"image\":{\"@id\":\"https:\/\/exceladvisor.org\/es\/busqueda-bidireccional\/#primaryimage\"},\"thumbnailUrl\":\"https:\/\/exceladvisor.org\/wp-content\/uploads\/2023\/08\/comment-effectuer-une-recherche-bidirectionnelle-dans-un-tableau-a-deux-dimensions-Excel-1.png\",\"datePublished\":\"2023-11-15T14:06:42+00:00\",\"dateModified\":\"2023-12-25T10:25:38+00:00\",\"breadcrumb\":{\"@id\":\"https:\/\/exceladvisor.org\/es\/busqueda-bidireccional\/#breadcrumb\"},\"inLanguage\":\"es\",\"potentialAction\":[{\"@type\":\"ReadAction\",\"target\":[\"https:\/\/exceladvisor.org\/es\/busqueda-bidireccional\/\"]}]},{\"@type\":\"ImageObject\",\"inLanguage\":\"es\",\"@id\":\"https:\/\/exceladvisor.org\/es\/busqueda-bidireccional\/#primaryimage\",\"url\":\"https:\/\/exceladvisor.org\/wp-content\/uploads\/2023\/08\/comment-effectuer-une-recherche-bidirectionnelle-dans-un-tableau-a-deux-dimensions-Excel-1.png\",\"contentUrl\":\"https:\/\/exceladvisor.org\/wp-content\/uploads\/2023\/08\/comment-effectuer-une-recherche-bidirectionnelle-dans-un-tableau-a-deux-dimensions-Excel-1.png\"},{\"@type\":\"BreadcrumbList\",\"@id\":\"https:\/\/exceladvisor.org\/es\/busqueda-bidireccional\/#breadcrumb\",\"itemListElement\":[{\"@type\":\"ListItem\",\"position\":1,\"name\":\"Hogar\",\"item\":\"https:\/\/exceladvisor.org\/es\/\"},{\"@type\":\"ListItem\",\"position\":2,\"name\":\"\u00bfc\u00f3mo hacer una b\u00fasqueda bidireccional en excel?\"}]},{\"@type\":\"WebSite\",\"@id\":\"https:\/\/exceladvisor.org\/es\/#website\",\"url\":\"https:\/\/exceladvisor.org\/es\/\",\"name\":\"Excel Advisor\",\"description\":\"Su gu\u00eda para la dominaci\u00f3n de datos!\",\"publisher\":{\"@id\":\"https:\/\/exceladvisor.org\/es\/#organization\"},\"potentialAction\":[{\"@type\":\"SearchAction\",\"target\":{\"@type\":\"EntryPoint\",\"urlTemplate\":\"https:\/\/exceladvisor.org\/es\/?s={search_term_string}\"},\"query-input\":{\"@type\":\"PropertyValueSpecification\",\"valueRequired\":true,\"valueName\":\"search_term_string\"}}],\"inLanguage\":\"es\"},{\"@type\":\"Organization\",\"@id\":\"https:\/\/exceladvisor.org\/es\/#organization\",\"name\":\"Excel Advisor\",\"url\":\"https:\/\/exceladvisor.org\/es\/\",\"logo\":{\"@type\":\"ImageObject\",\"inLanguage\":\"es\",\"@id\":\"https:\/\/exceladvisor.org\/es\/#\/schema\/logo\/image\/\",\"url\":\"https:\/\/exceladvisor.org\/es\/wp-content\/uploads\/2023\/12\/exceladvisor.org_.png\",\"contentUrl\":\"https:\/\/exceladvisor.org\/es\/wp-content\/uploads\/2023\/12\/exceladvisor.org_.png\",\"width\":105,\"height\":36,\"caption\":\"Excel Advisor\"},\"image\":{\"@id\":\"https:\/\/exceladvisor.org\/es\/#\/schema\/logo\/image\/\"}}]}<\/script>\n<!-- \/ Yoast SEO plugin. -->","yoast_head_json":{"title":"\u00bfc\u00f3mo hacer una b\u00fasqueda bidireccional en excel?","robots":{"index":"index","follow":"follow","max-snippet":"max-snippet:-1","max-image-preview":"max-image-preview:large","max-video-preview":"max-video-preview:-1"},"canonical":"https:\/\/exceladvisor.org\/es\/busqueda-bidireccional\/","og_locale":"es_ES","og_type":"article","og_title":"\u00bfc\u00f3mo hacer una b\u00fasqueda bidireccional en excel?","og_description":"Esto sucede a veces cuando necesitamos buscar un valor en una tabla seg\u00fan el encabezado de fila y el encabezado de columna. Supongamos que necesita obtener los valores de la tabla anterior para un mes y una zona en particular. Aqu\u00ed, en esta situaci\u00f3n, puede utilizar una b\u00fasqueda bidireccional. Realizar una b\u00fasqueda bidireccional implica obtener [&hellip;]","og_url":"https:\/\/exceladvisor.org\/es\/busqueda-bidireccional\/","og_site_name":"Excel Advisor","article_modified_time":"2023-12-25T10:25:38+00:00","og_image":[{"url":"https:\/\/exceladvisor.org\/wp-content\/uploads\/2023\/08\/comment-effectuer-une-recherche-bidirectionnelle-dans-un-tableau-a-deux-dimensions-Excel-1.png","type":"","width":"","height":""}],"twitter_card":"summary_large_image","twitter_misc":{"Tiempo de lectura":"2 minutos"},"schema":{"@context":"https:\/\/schema.org","@graph":[{"@type":"WebPage","@id":"https:\/\/exceladvisor.org\/es\/busqueda-bidireccional\/","url":"https:\/\/exceladvisor.org\/es\/busqueda-bidireccional\/","name":"\u00bfc\u00f3mo hacer una b\u00fasqueda bidireccional en excel?","isPartOf":{"@id":"https:\/\/exceladvisor.org\/es\/#website"},"primaryImageOfPage":{"@id":"https:\/\/exceladvisor.org\/es\/busqueda-bidireccional\/#primaryimage"},"image":{"@id":"https:\/\/exceladvisor.org\/es\/busqueda-bidireccional\/#primaryimage"},"thumbnailUrl":"https:\/\/exceladvisor.org\/wp-content\/uploads\/2023\/08\/comment-effectuer-une-recherche-bidirectionnelle-dans-un-tableau-a-deux-dimensions-Excel-1.png","datePublished":"2023-11-15T14:06:42+00:00","dateModified":"2023-12-25T10:25:38+00:00","breadcrumb":{"@id":"https:\/\/exceladvisor.org\/es\/busqueda-bidireccional\/#breadcrumb"},"inLanguage":"es","potentialAction":[{"@type":"ReadAction","target":["https:\/\/exceladvisor.org\/es\/busqueda-bidireccional\/"]}]},{"@type":"ImageObject","inLanguage":"es","@id":"https:\/\/exceladvisor.org\/es\/busqueda-bidireccional\/#primaryimage","url":"https:\/\/exceladvisor.org\/wp-content\/uploads\/2023\/08\/comment-effectuer-une-recherche-bidirectionnelle-dans-un-tableau-a-deux-dimensions-Excel-1.png","contentUrl":"https:\/\/exceladvisor.org\/wp-content\/uploads\/2023\/08\/comment-effectuer-une-recherche-bidirectionnelle-dans-un-tableau-a-deux-dimensions-Excel-1.png"},{"@type":"BreadcrumbList","@id":"https:\/\/exceladvisor.org\/es\/busqueda-bidireccional\/#breadcrumb","itemListElement":[{"@type":"ListItem","position":1,"name":"Hogar","item":"https:\/\/exceladvisor.org\/es\/"},{"@type":"ListItem","position":2,"name":"\u00bfc\u00f3mo hacer una b\u00fasqueda bidireccional en excel?"}]},{"@type":"WebSite","@id":"https:\/\/exceladvisor.org\/es\/#website","url":"https:\/\/exceladvisor.org\/es\/","name":"Excel Advisor","description":"Su gu\u00eda para la dominaci\u00f3n de datos!","publisher":{"@id":"https:\/\/exceladvisor.org\/es\/#organization"},"potentialAction":[{"@type":"SearchAction","target":{"@type":"EntryPoint","urlTemplate":"https:\/\/exceladvisor.org\/es\/?s={search_term_string}"},"query-input":{"@type":"PropertyValueSpecification","valueRequired":true,"valueName":"search_term_string"}}],"inLanguage":"es"},{"@type":"Organization","@id":"https:\/\/exceladvisor.org\/es\/#organization","name":"Excel Advisor","url":"https:\/\/exceladvisor.org\/es\/","logo":{"@type":"ImageObject","inLanguage":"es","@id":"https:\/\/exceladvisor.org\/es\/#\/schema\/logo\/image\/","url":"https:\/\/exceladvisor.org\/es\/wp-content\/uploads\/2023\/12\/exceladvisor.org_.png","contentUrl":"https:\/\/exceladvisor.org\/es\/wp-content\/uploads\/2023\/12\/exceladvisor.org_.png","width":105,"height":36,"caption":"Excel Advisor"},"image":{"@id":"https:\/\/exceladvisor.org\/es\/#\/schema\/logo\/image\/"}}]}},"yoast_meta":{"yoast_wpseo_title":"","yoast_wpseo_metadesc":"","yoast_wpseo_canonical":""},"_links":{"self":[{"href":"https:\/\/exceladvisor.org\/es\/wp-json\/wp\/v2\/pages\/127","targetHints":{"allow":["GET"]}}],"collection":[{"href":"https:\/\/exceladvisor.org\/es\/wp-json\/wp\/v2\/pages"}],"about":[{"href":"https:\/\/exceladvisor.org\/es\/wp-json\/wp\/v2\/types\/page"}],"author":[{"embeddable":true,"href":"https:\/\/exceladvisor.org\/es\/wp-json\/wp\/v2\/users\/1"}],"replies":[{"embeddable":true,"href":"https:\/\/exceladvisor.org\/es\/wp-json\/wp\/v2\/comments?post=127"}],"version-history":[{"count":1,"href":"https:\/\/exceladvisor.org\/es\/wp-json\/wp\/v2\/pages\/127\/revisions"}],"predecessor-version":[{"id":1088,"href":"https:\/\/exceladvisor.org\/es\/wp-json\/wp\/v2\/pages\/127\/revisions\/1088"}],"wp:attachment":[{"href":"https:\/\/exceladvisor.org\/es\/wp-json\/wp\/v2\/media?parent=127"}],"curies":[{"name":"wp","href":"https:\/\/api.w.org\/{rel}","templated":true}]}}