{"id":128,"date":"2023-11-15T14:02:58","date_gmt":"2023-11-15T14:02:58","guid":{"rendered":"https:\/\/exceladvisor.org\/es\/unir\/"},"modified":"2023-12-25T10:32:41","modified_gmt":"2023-12-25T10:32:41","slug":"unir","status":"publish","type":"page","link":"https:\/\/exceladvisor.org\/es\/unir\/","title":{"rendered":"C\u00f3mo fusionar celdas en excel usando c\u00f3digo vba"},"content":{"rendered":"<div class=\"excel-antes-del-contenido\" id=\"excel-342420374\"><script type=\"text\/javascript\">\r\n\tatOptions = {\r\n\t\t'key' : 'c1158f160081d6540a8409e6925dab94',\r\n\t\t'format' : 'iframe',\r\n\t\t'height' : 250,\r\n\t\t'width' : 300,\r\n\t\t'params' : {}\r\n\t};\r\n<\/script>\r\n<script type=\"text\/javascript\" src=\"\/\/www.highperformanceformat.com\/c1158f160081d6540a8409e6925dab94\/invoke.js\"><\/script><\/div><p>En VBA, existe un m\u00e9todo \u00abFUSIONAR\u00bb que puede utilizar para <strong>fusionar un rango de celdas<\/strong> o incluso varios rangos en uno. Este m\u00e9todo tiene un argumento \u00abAcross\u00bb que es opcional. Si especifica VERDADERO, fusionar\u00e1 cada fila del rango por separado, y si especifica FALSO, fusionar\u00e1 todo el rango en uno. <\/p>\n<div class=\"wp-block-image\">\n<figure class=\"aligncenter size-large is-resized\"><img loading=\"lazy\" decoding=\"async\" class=\"wp-image-52303\" src=\"https:\/\/exceladvisor.org\/wp-content\/uploads\/2023\/08\/1-fusionner-et-dissocier-des-cellules-a-laide-de-vba.png\" sizes=\"auto, \" srcset=\"\" alt=\"fusionar y desagrupar celdas usando vba\" width=\"637\" height=\"74\"><\/figure>\n<\/div>\n<p> <strong>Pasos para usar VBA para fusionar celdas:<\/strong><\/p>\n<ol>\n<li> Primero, debe definir el rango de celdas que desea fusionar. <br \/><img loading=\"lazy\" decoding=\"async\" title=\"2-definir-el-rango-de-una-celda-que-quiere-fusionarse\" src=\"https:\/\/exceladvisor.org\/wp-content\/uploads\/2023\/08\/2-definir-la-plage-dune-cellule-que-vous-souhaitez-fusionner.png\" sizes=\"auto, \" srcset=\"\" alt=\"define-the-range-of-a-cell-want-to-merge\" width=\"291\" height=\"220\"><\/li>\n<li> Despu\u00e9s de eso, escriba un punto (.) para obtener la lista de propiedades y m\u00e9todos y seleccione \u00abFusionar\u00bb de esa lista o puede escribirlo directamente. <br \/><img loading=\"lazy\" decoding=\"async\" title=\"3-tipo-per\u00edodo-para-obtener-lista-de-propiedades\" src=\"https:\/\/exceladvisor.org\/wp-content\/uploads\/2023\/08\/3-tapez-un-point-pour-obtenir-la-liste-des-proprietes.png\" sizes=\"auto, \" srcset=\"\" alt=\"type-a-dot-to-get-the-list-of-properties\" width=\"338\" height=\"198\"><\/li>\n<li> Despu\u00e9s de eso, debe establecer el argumento \u00abA trav\u00e9s\u00bb en VERDADERO o FALSO. <br \/><img loading=\"lazy\" decoding=\"async\" title=\"4-conjunto-argumento-en todas partes\" src=\"https:\/\/exceladvisor.org\/wp-content\/uploads\/2023\/08\/4-definir-largument-a-travers.png\" sizes=\"auto, \" srcset=\"\" alt=\"define-the-argument-across\" width=\"365\" height=\"177\"><\/li>\n<li> Al final, ejecute este c\u00f3digo para fusionar el rango.<\/li>\n<\/ol>\n<p> Aqu\u00ed est\u00e1 el c\u00f3digo.<\/p>\n<pre class=\"wp-block-code\"> <code class=\"language-visual-basic\" lang=\"visual-basic\">Range(\"A1:A2\").Merge False<\/code><\/pre>\n<p> Y si desea fusionar filas en todo el rango, puede usar VERDADERO para el argumento transversal. <\/p>\n<div class=\"wp-block-image\">\n<figure class=\"aligncenter size-large is-resized\"><img loading=\"lazy\" decoding=\"async\" class=\"wp-image-52307\" src=\"https:\/\/exceladvisor.org\/wp-content\/uploads\/2023\/08\/5-tapez-true-si-vous-souhaitez-fusionner-sur-toute-la-plage.png\" sizes=\"auto, \" srcset=\"\" alt=\"escriba verdadero si desea fusionarse en el rango\" width=\"657\" height=\"283\"><\/figure>\n<\/div>\n<pre class=\"wp-block-code\"> <code class=\"language-visual-basic\" lang=\"visual-basic\">Selection.Merge Across:=True<\/code><\/pre>\n<p> En el c\u00f3digo anterior, ha seleccionado como rango, m\u00e9todo de combinaci\u00f3n y ancho como verdadero. Y fusion\u00f3 todas las filas en el rango seleccionado.<\/p>\n<p> Ahora digamos que desea fusionar el rango de celdas de otra hoja de trabajo, no necesita habilitarlo primero. Simplemente puede consultar la hoja de c\u00e1lculo primero y luego usar los m\u00e9todos de combinaci\u00f3n con el renego que desea fusionar.<\/p>\n<pre class=\"wp-block-code\"> <code class=\"language-visual-basic\" lang=\"visual-basic\">Worksheets(\"Sheet1\").Range(\"A1:A2\").Merge<\/code><\/pre>\n<p> De manera similar, tambi\u00e9n puede hacer referencia a un libro de trabajo especificando el nombre del libro de trabajo.<\/p>\n<pre class=\"wp-block-code\"> <code class=\"language-visual-basic\" lang=\"visual-basic\">Workbooks(\"Book1.xlsx\").Worksheets(\"Sheet1\").Range(\"A1:A2\").Merge<\/code><\/pre>\n<h2 class=\"wp-block-heading\"> Fusionar un rango y alinear el contenido de las celdas<\/h2>\n<p> Ahora, cuando combinas dos o m\u00e1s celdas, necesitas alinear el contenido que tienes en la celda. Mire la instant\u00e1nea a continuaci\u00f3n donde fusion\u00f3 las celdas A1 y A2 y el valor en las celdas est\u00e1 alineado hacia abajo. Para resolver este problema, puede utilizar la propiedad de alineaci\u00f3n y alinear el contenido de la celda en el centro y en el medio para que le resulte f\u00e1cil de leer. <\/p>\n<div class=\"wp-block-image\">\n<figure class=\"aligncenter size-large is-resized\"><img loading=\"lazy\" decoding=\"async\" class=\"wp-image-52308\" src=\"https:\/\/exceladvisor.org\/wp-content\/uploads\/2023\/08\/6-fusionner-une-plage-et-aligner-le-contenu-de-la-cellule.png\" sizes=\"auto, \" srcset=\"\" alt=\"fusionar un rango y alinear el contenido de la celda\" width=\"551\" height=\"450\"><\/figure>\n<\/div>\n<pre class=\"wp-block-code\"> <code class=\"language-visual-basic\" lang=\"visual-basic\">With Range(\"A1:A2\") .Merge .HorizontalAlignment = xlCenter .VerticalAlignment = xlCenter End With<\/code><\/pre>\n<h2 class=\"wp-block-heading\"> Combina texto y luego fusiona<\/h2>\n<p> Hablemos de un escenario de la vida real. Tienes texto en un rango de celdas y necesitas fusionar esas celdas, pero no quieres perder el contenido que tienes. Bueno, puedes escribir un bucle de c\u00f3digo en todo el rango usando cada uno y combinar texto y luego agregarlo al rango combinado al final. <\/p>\n<div class=\"wp-block-image\">\n<figure class=\"aligncenter size-large is-resized\"><img loading=\"lazy\" decoding=\"async\" class=\"wp-image-52309\" src=\"https:\/\/exceladvisor.org\/wp-content\/uploads\/2023\/08\/7-combiner-le-test-et-fusionner.png\" sizes=\"auto, \" srcset=\"\" alt=\"combinar-probar-y-fusionar\" width=\"512\" height=\"588\"><\/figure>\n<\/div>\n<ol>\n<li> En la primera parte, tiene variables que puede utilizar para almacenar valores de rango y configurarse.<\/li>\n<li> En la segunda parte tienes un LOOP para combinar los valores de cada celda para crear una nueva cadena con eso.<\/li>\n<li> En la tercera parte, combine el rango, agregue la cadena combinada, aplique ajuste de palabras y alinee el contenido de la celda.<\/li>\n<\/ol>\n<p> Aqu\u00ed est\u00e1 el c\u00f3digo completo.<\/p>\n<pre class=\"wp-block-code\"> <code class=\"language-visual-basic\" lang=\"visual-basic\">Sub vba_merge_with_values() Dim val As String Dim rng As Range Set rng = Range(\"A1:A10\") For Each Cell In rng val = val &amp; \" \" &amp; Cell.Value Next Cell With rng .Merge .Value = Trim(val) .WrapText = True .HorizontalAlignment = xlCenter .VerticalAlignment = xlCenter End With End Sub<\/code><\/pre>\n<div class=\"gb-container gb-container-4db6181c gb-container-mt\"> <a class=\"gb-button gb-button-c5897111 gb-button-text gb-button-mt-button\" href=\"https:\/\/exceladvisor.org\/es\/vba\/\">\u00bfQu\u00e9 es VBA?<\/a><\/p>\n<h2 class=\"gb-headline gb-headline-665e5f6b gb-headline-text gb-headline-mt-heading\"> Tutoriales relacionados <\/h2>\n<div class=\"gb-grid-wrapper gb-grid-wrapper-a20baf7c gb-grid-wrapper-mt-grid\">\n<div class=\"gb-grid-column gb-grid-column-65ddf67e\">\n<div class=\"gb-container gb-container-65ddf67e\">\n<ul>\n<li> <a href=\"https:\/\/exceladvisor.org\/es\/numero-de-lineas\/\">Contar filas usando VBA en Excel<\/a><\/li>\n<li> <a href=\"https:\/\/exceladvisor.org\/es\/fuente-de-caracteres\/\">Fuente Excel VBA (color, tama\u00f1o, tipo y negrita)<\/a><\/li>\n<li> <a href=\"https:\/\/exceladvisor.org\/es\/ocultar-mostrar-fila-de-columna\/\">Excel VBA Ocultar y mostrar una columna o fila<\/a><\/li>\n<li> <a href=\"https:\/\/exceladvisor.org\/es\/rango-1\/\">Rango de Excel VBA: trabajar con rango y celdas<\/a><\/li>\n<li> <a href=\"https:\/\/exceladvisor.org\/es\/fronteras\/\">Aplicar bordes a una celda usando VBA en Excel<\/a><\/li>\n<\/ul>\n<\/div>\n<\/div>\n<\/div>\n<\/div>\n","protected":false},"excerpt":{"rendered":"<p>En VBA, existe un m\u00e9todo \u00abFUSIONAR\u00bb que puede utilizar para fusionar un rango de celdas o incluso varios rangos en uno. Este m\u00e9todo tiene un argumento \u00abAcross\u00bb que es opcional. Si especifica VERDADERO, fusionar\u00e1 cada fila del rango por separado, y si especifica FALSO, fusionar\u00e1 todo el rango en uno. Pasos para usar VBA para [&hellip;]<\/p>\n","protected":false},"author":1,"featured_media":0,"parent":0,"menu_order":0,"comment_status":"open","ping_status":"closed","template":"","meta":{"ub_ctt_via":"","footnotes":""},"class_list":["post-128","page","type-page","status-publish","hentry"],"featured_image_src":null,"yoast_head":"<!-- This site is optimized with the Yoast SEO plugin v25.4 - https:\/\/yoast.com\/wordpress\/plugins\/seo\/ -->\n<title>C\u00f3mo fusionar celdas en excel usando c\u00f3digo vba<\/title>\n<meta name=\"robots\" content=\"index, follow, max-snippet:-1, max-image-preview:large, max-video-preview:-1\" \/>\n<link rel=\"canonical\" href=\"https:\/\/exceladvisor.org\/es\/unir\/\" \/>\n<meta property=\"og:locale\" content=\"es_ES\" \/>\n<meta property=\"og:type\" content=\"article\" \/>\n<meta property=\"og:title\" content=\"C\u00f3mo fusionar celdas en excel usando c\u00f3digo vba\" \/>\n<meta property=\"og:description\" content=\"En VBA, existe un m\u00e9todo \u00abFUSIONAR\u00bb que puede utilizar para fusionar un rango de celdas o incluso varios rangos en uno. Este m\u00e9todo tiene un argumento \u00abAcross\u00bb que es opcional. Si especifica VERDADERO, fusionar\u00e1 cada fila del rango por separado, y si especifica FALSO, fusionar\u00e1 todo el rango en uno. Pasos para usar VBA para [&hellip;]\" \/>\n<meta property=\"og:url\" content=\"https:\/\/exceladvisor.org\/es\/unir\/\" \/>\n<meta property=\"og:site_name\" content=\"Excel Advisor\" \/>\n<meta property=\"article:modified_time\" content=\"2023-12-25T10:32:41+00:00\" \/>\n<meta property=\"og:image\" content=\"https:\/\/exceladvisor.org\/wp-content\/uploads\/2023\/08\/1-fusionner-et-dissocier-des-cellules-a-laide-de-vba.png\" \/>\n<meta name=\"twitter:card\" content=\"summary_large_image\" \/>\n<meta name=\"twitter:label1\" content=\"Tiempo de lectura\" \/>\n\t<meta name=\"twitter:data1\" content=\"3 minutos\" \/>\n<script type=\"application\/ld+json\" class=\"yoast-schema-graph\">{\"@context\":\"https:\/\/schema.org\",\"@graph\":[{\"@type\":\"WebPage\",\"@id\":\"https:\/\/exceladvisor.org\/es\/unir\/\",\"url\":\"https:\/\/exceladvisor.org\/es\/unir\/\",\"name\":\"C\u00f3mo fusionar celdas en excel usando c\u00f3digo vba\",\"isPartOf\":{\"@id\":\"https:\/\/exceladvisor.org\/es\/#website\"},\"primaryImageOfPage\":{\"@id\":\"https:\/\/exceladvisor.org\/es\/unir\/#primaryimage\"},\"image\":{\"@id\":\"https:\/\/exceladvisor.org\/es\/unir\/#primaryimage\"},\"thumbnailUrl\":\"https:\/\/exceladvisor.org\/wp-content\/uploads\/2023\/08\/1-fusionner-et-dissocier-des-cellules-a-laide-de-vba.png\",\"datePublished\":\"2023-11-15T14:02:58+00:00\",\"dateModified\":\"2023-12-25T10:32:41+00:00\",\"breadcrumb\":{\"@id\":\"https:\/\/exceladvisor.org\/es\/unir\/#breadcrumb\"},\"inLanguage\":\"es\",\"potentialAction\":[{\"@type\":\"ReadAction\",\"target\":[\"https:\/\/exceladvisor.org\/es\/unir\/\"]}]},{\"@type\":\"ImageObject\",\"inLanguage\":\"es\",\"@id\":\"https:\/\/exceladvisor.org\/es\/unir\/#primaryimage\",\"url\":\"https:\/\/exceladvisor.org\/wp-content\/uploads\/2023\/08\/1-fusionner-et-dissocier-des-cellules-a-laide-de-vba.png\",\"contentUrl\":\"https:\/\/exceladvisor.org\/wp-content\/uploads\/2023\/08\/1-fusionner-et-dissocier-des-cellules-a-laide-de-vba.png\"},{\"@type\":\"BreadcrumbList\",\"@id\":\"https:\/\/exceladvisor.org\/es\/unir\/#breadcrumb\",\"itemListElement\":[{\"@type\":\"ListItem\",\"position\":1,\"name\":\"Hogar\",\"item\":\"https:\/\/exceladvisor.org\/es\/\"},{\"@type\":\"ListItem\",\"position\":2,\"name\":\"C\u00f3mo fusionar celdas en excel usando c\u00f3digo vba\"}]},{\"@type\":\"WebSite\",\"@id\":\"https:\/\/exceladvisor.org\/es\/#website\",\"url\":\"https:\/\/exceladvisor.org\/es\/\",\"name\":\"Excel Advisor\",\"description\":\"Su gu\u00eda para la dominaci\u00f3n de datos!\",\"publisher\":{\"@id\":\"https:\/\/exceladvisor.org\/es\/#organization\"},\"potentialAction\":[{\"@type\":\"SearchAction\",\"target\":{\"@type\":\"EntryPoint\",\"urlTemplate\":\"https:\/\/exceladvisor.org\/es\/?s={search_term_string}\"},\"query-input\":{\"@type\":\"PropertyValueSpecification\",\"valueRequired\":true,\"valueName\":\"search_term_string\"}}],\"inLanguage\":\"es\"},{\"@type\":\"Organization\",\"@id\":\"https:\/\/exceladvisor.org\/es\/#organization\",\"name\":\"Excel Advisor\",\"url\":\"https:\/\/exceladvisor.org\/es\/\",\"logo\":{\"@type\":\"ImageObject\",\"inLanguage\":\"es\",\"@id\":\"https:\/\/exceladvisor.org\/es\/#\/schema\/logo\/image\/\",\"url\":\"https:\/\/exceladvisor.org\/es\/wp-content\/uploads\/2023\/12\/exceladvisor.org_.png\",\"contentUrl\":\"https:\/\/exceladvisor.org\/es\/wp-content\/uploads\/2023\/12\/exceladvisor.org_.png\",\"width\":105,\"height\":36,\"caption\":\"Excel Advisor\"},\"image\":{\"@id\":\"https:\/\/exceladvisor.org\/es\/#\/schema\/logo\/image\/\"}}]}<\/script>\n<!-- \/ Yoast SEO plugin. -->","yoast_head_json":{"title":"C\u00f3mo fusionar celdas en excel usando c\u00f3digo vba","robots":{"index":"index","follow":"follow","max-snippet":"max-snippet:-1","max-image-preview":"max-image-preview:large","max-video-preview":"max-video-preview:-1"},"canonical":"https:\/\/exceladvisor.org\/es\/unir\/","og_locale":"es_ES","og_type":"article","og_title":"C\u00f3mo fusionar celdas en excel usando c\u00f3digo vba","og_description":"En VBA, existe un m\u00e9todo \u00abFUSIONAR\u00bb que puede utilizar para fusionar un rango de celdas o incluso varios rangos en uno. Este m\u00e9todo tiene un argumento \u00abAcross\u00bb que es opcional. Si especifica VERDADERO, fusionar\u00e1 cada fila del rango por separado, y si especifica FALSO, fusionar\u00e1 todo el rango en uno. Pasos para usar VBA para [&hellip;]","og_url":"https:\/\/exceladvisor.org\/es\/unir\/","og_site_name":"Excel Advisor","article_modified_time":"2023-12-25T10:32:41+00:00","og_image":[{"url":"https:\/\/exceladvisor.org\/wp-content\/uploads\/2023\/08\/1-fusionner-et-dissocier-des-cellules-a-laide-de-vba.png","type":"","width":"","height":""}],"twitter_card":"summary_large_image","twitter_misc":{"Tiempo de lectura":"3 minutos"},"schema":{"@context":"https:\/\/schema.org","@graph":[{"@type":"WebPage","@id":"https:\/\/exceladvisor.org\/es\/unir\/","url":"https:\/\/exceladvisor.org\/es\/unir\/","name":"C\u00f3mo fusionar celdas en excel usando c\u00f3digo vba","isPartOf":{"@id":"https:\/\/exceladvisor.org\/es\/#website"},"primaryImageOfPage":{"@id":"https:\/\/exceladvisor.org\/es\/unir\/#primaryimage"},"image":{"@id":"https:\/\/exceladvisor.org\/es\/unir\/#primaryimage"},"thumbnailUrl":"https:\/\/exceladvisor.org\/wp-content\/uploads\/2023\/08\/1-fusionner-et-dissocier-des-cellules-a-laide-de-vba.png","datePublished":"2023-11-15T14:02:58+00:00","dateModified":"2023-12-25T10:32:41+00:00","breadcrumb":{"@id":"https:\/\/exceladvisor.org\/es\/unir\/#breadcrumb"},"inLanguage":"es","potentialAction":[{"@type":"ReadAction","target":["https:\/\/exceladvisor.org\/es\/unir\/"]}]},{"@type":"ImageObject","inLanguage":"es","@id":"https:\/\/exceladvisor.org\/es\/unir\/#primaryimage","url":"https:\/\/exceladvisor.org\/wp-content\/uploads\/2023\/08\/1-fusionner-et-dissocier-des-cellules-a-laide-de-vba.png","contentUrl":"https:\/\/exceladvisor.org\/wp-content\/uploads\/2023\/08\/1-fusionner-et-dissocier-des-cellules-a-laide-de-vba.png"},{"@type":"BreadcrumbList","@id":"https:\/\/exceladvisor.org\/es\/unir\/#breadcrumb","itemListElement":[{"@type":"ListItem","position":1,"name":"Hogar","item":"https:\/\/exceladvisor.org\/es\/"},{"@type":"ListItem","position":2,"name":"C\u00f3mo fusionar celdas en excel usando c\u00f3digo vba"}]},{"@type":"WebSite","@id":"https:\/\/exceladvisor.org\/es\/#website","url":"https:\/\/exceladvisor.org\/es\/","name":"Excel Advisor","description":"Su gu\u00eda para la dominaci\u00f3n de datos!","publisher":{"@id":"https:\/\/exceladvisor.org\/es\/#organization"},"potentialAction":[{"@type":"SearchAction","target":{"@type":"EntryPoint","urlTemplate":"https:\/\/exceladvisor.org\/es\/?s={search_term_string}"},"query-input":{"@type":"PropertyValueSpecification","valueRequired":true,"valueName":"search_term_string"}}],"inLanguage":"es"},{"@type":"Organization","@id":"https:\/\/exceladvisor.org\/es\/#organization","name":"Excel Advisor","url":"https:\/\/exceladvisor.org\/es\/","logo":{"@type":"ImageObject","inLanguage":"es","@id":"https:\/\/exceladvisor.org\/es\/#\/schema\/logo\/image\/","url":"https:\/\/exceladvisor.org\/es\/wp-content\/uploads\/2023\/12\/exceladvisor.org_.png","contentUrl":"https:\/\/exceladvisor.org\/es\/wp-content\/uploads\/2023\/12\/exceladvisor.org_.png","width":105,"height":36,"caption":"Excel Advisor"},"image":{"@id":"https:\/\/exceladvisor.org\/es\/#\/schema\/logo\/image\/"}}]}},"yoast_meta":{"yoast_wpseo_title":"","yoast_wpseo_metadesc":"","yoast_wpseo_canonical":""},"_links":{"self":[{"href":"https:\/\/exceladvisor.org\/es\/wp-json\/wp\/v2\/pages\/128","targetHints":{"allow":["GET"]}}],"collection":[{"href":"https:\/\/exceladvisor.org\/es\/wp-json\/wp\/v2\/pages"}],"about":[{"href":"https:\/\/exceladvisor.org\/es\/wp-json\/wp\/v2\/types\/page"}],"author":[{"embeddable":true,"href":"https:\/\/exceladvisor.org\/es\/wp-json\/wp\/v2\/users\/1"}],"replies":[{"embeddable":true,"href":"https:\/\/exceladvisor.org\/es\/wp-json\/wp\/v2\/comments?post=128"}],"version-history":[{"count":1,"href":"https:\/\/exceladvisor.org\/es\/wp-json\/wp\/v2\/pages\/128\/revisions"}],"predecessor-version":[{"id":1432,"href":"https:\/\/exceladvisor.org\/es\/wp-json\/wp\/v2\/pages\/128\/revisions\/1432"}],"wp:attachment":[{"href":"https:\/\/exceladvisor.org\/es\/wp-json\/wp\/v2\/media?parent=128"}],"curies":[{"name":"wp","href":"https:\/\/api.w.org\/{rel}","templated":true}]}}