{"id":129,"date":"2023-11-15T13:53:32","date_gmt":"2023-11-15T13:53:32","guid":{"rendered":"https:\/\/exceladvisor.org\/es\/generar-letras-aleatorias\/"},"modified":"2023-12-25T10:25:24","modified_gmt":"2023-12-25T10:25:24","slug":"generar-letras-aleatorias","status":"publish","type":"page","link":"https:\/\/exceladvisor.org\/es\/generar-letras-aleatorias\/","title":{"rendered":"\u00bfc\u00f3mo generar letras aleatorias en excel?"},"content":{"rendered":"<div class=\"excel-antes-del-contenido\" id=\"excel-3132721407\"><script type=\"text\/javascript\">\r\n\tatOptions = {\r\n\t\t'key' : 'c1158f160081d6540a8409e6925dab94',\r\n\t\t'format' : 'iframe',\r\n\t\t'height' : 250,\r\n\t\t'width' : 300,\r\n\t\t'params' : {}\r\n\t};\r\n<\/script>\r\n<script type=\"text\/javascript\" src=\"\/\/www.highperformanceformat.com\/c1158f160081d6540a8409e6925dab94\/invoke.js\"><\/script><\/div><p>\u00bfAlguna vez te has enfrentado a una situaci\u00f3n en la que tuviste que generar letras aleatorias? Bueno, a veces necesitas generar alfabetos aleatorios.<\/p>\n<p> \u00bfBIEN? En Excel, tienes funciones como ALEATORIO y RANDBETWEEN para generar n\u00fameros aleatorios, pero no tenemos una funci\u00f3n especial para generar letras.<\/p>\n<p> Hoy me gustar\u00eda compartir con ustedes un incre\u00edble truco de f\u00f3rmula para generar letras aleatorias en Excel. Y la mejor parte es que es simple y f\u00e1cil de usar.<\/p>\n<h2 id=\"so-what-s-the-formula-to-generate-random-letters-in-excel\" class=\"wp-block-heading\"> Entonces, \u00bfcu\u00e1l es la f\u00f3rmula para generar letras aleatorias en Excel?<\/h2>\n<p> Como dije, no existe una funci\u00f3n directa en Excel que pueda ayudarlo a obtener letras\/alfabetos aleatorios. Pero puedes usar una <strong><span style=\"color: #000000;\">combinaci\u00f3n de RANDBETWEEN y CHAR<\/span><\/strong> para crear una f\u00f3rmula para obtener letras aleatorias.<\/p>\n<h2 id=\"if-you-want-to-generate-capital-random-letters\" class=\"wp-block-heading\"> Si desea generar letras may\u00fasculas aleatorias<\/h2>\n<p> En esta f\u00f3rmula, debes usar 65 y 90 para poner la letra aleatoria en may\u00fascula. <\/p>\n<pre class=\"wp-block-code\"> <code class=\"language-excel-formula\" lang=\"excel-formula\">=CHAR(RANDBETWEEN(65,90))<\/code><\/pre>\n<div class=\"wp-block-image\">\n<figure class=\"aligncenter\"><img decoding=\"async\" src=\"https:\/\/exceladvisor.org\/wp-content\/uploads\/2023\/08\/generer-des-lettres-aleatoires-avec-des-majuscules-1.gif\" sizes=\"\" srcset=\"\" alt=\"generar letras aleatorias con may\u00fasculas\"><\/figure>\n<\/div>\n<h2 id=\"or-if-you-want-to-generate-small-random-letters\" class=\"wp-block-heading\"> O si quieres generar letras peque\u00f1as aleatorias:<\/h2>\n<p> En esta f\u00f3rmula, debes usar 97 y 122 para poner la letra aleatoria en may\u00fascula. <\/p>\n<pre class=\"wp-block-code\"> <code class=\"language-excel-formula\" lang=\"excel-formula\">=CHAR(RANDBETWEEN(97,122))<\/code><\/pre>\n<div class=\"wp-block-image\">\n<figure class=\"aligncenter\"><img decoding=\"async\" src=\"https:\/\/exceladvisor.org\/wp-content\/uploads\/2023\/08\/generer-des-lettres-aleatoires-avec-des-petites-lettres-1.gif\" sizes=\"\" srcset=\"\" alt=\"generar letras aleatorias con letras min\u00fasculas\"><\/figure>\n<\/div>\n<h2 id=\"how-this-formula-works\" class=\"wp-block-heading\"> \u00bfC\u00f3mo funciona esta f\u00f3rmula?<\/h2>\n<p> Ahora d\u00e9jame decirte c\u00f3mo esta f\u00f3rmula genera estas letras. <strong><span style=\"color: #000000;\">En primer lugar,<\/span><\/strong> debes entender que esta f\u00f3rmula funciona en dos partes diferentes. <\/p>\n<div class=\"wp-block-image\">\n<figure class=\"aligncenter\"><img decoding=\"async\" src=\"https:\/\/exceladvisor.org\/wp-content\/uploads\/2023\/08\/comment-cette-formule-genere-des-lettres-aleatoires-1.png\" sizes=\"\" srcset=\"\" alt=\"c\u00f3mo esta f\u00f3rmula genera letras aleatorias\"><\/figure>\n<\/div>\n<p> <span style=\"color: #000000;\">En la <strong>primera parte<\/strong> , tiene la funci\u00f3n RANDBETWEEN que puede generar n\u00fameros aleatorios para usted.<\/span> <span style=\"color: #000000;\">S\u00f3lo necesita especificar el n\u00famero m\u00e1s bajo y el n\u00famero m\u00e1s alto y devolver\u00e1 un n\u00famero aleatorio de ese rango.<\/span> <span style=\"color: #000000;\">En resumen, obtendr\u00e1s un n\u00famero aleatorio en el resultado del rango.<\/span> <\/p>\n<div class=\"wp-block-image\">\n<figure class=\"aligncenter\"><img decoding=\"async\" src=\"https:\/\/exceladvisor.org\/wp-content\/uploads\/2023\/08\/generer-des-lettres-aleatoires-modifier-randbetween-1.gif\" sizes=\"\" srcset=\"\" alt=\"generar letras aleatorias editar randbetween\"><\/figure>\n<\/div>\n<p> Ahora, en la <strong><span style=\"color: #000000;\">segunda parte<\/span><\/strong> , tienes la funci\u00f3n CHAR que puede devolver un car\u00e1cter espec\u00edfico cuando especificas un n\u00famero en \u00e9l. Esto significa que para cada car\u00e1cter, hay un n\u00famero espec\u00edfico que debes insertar en la funci\u00f3n CHAR. Y los n\u00fameros del 65 al 90 representan may\u00fasculas y del 97 al 122, min\u00fasculas. <\/p>\n<div class=\"wp-block-image\">\n<figure class=\"aligncenter\"><img decoding=\"async\" src=\"https:\/\/exceladvisor.org\/wp-content\/uploads\/2023\/08\/generer-des-lettres-aleatoires-modifier-le-caractere-1.gif\" sizes=\"\" srcset=\"\" alt=\"generar letras aleatorias modificar car\u00e1cter\"><\/figure>\n<\/div>\n<p> Si ingresa 65 en CHAR, devolver\u00e1 &#8216;A&#8217; y para 97 devolver\u00e1 &#8216;a&#8217;.<\/p>\n<h2 id=\"the-bottom-line-is\" class=\"wp-block-heading\"> <strong>La conclusi\u00f3n es:<\/strong><\/h2>\n<ul>\n<li> Cuando especifica uno de los rangos anteriores, RANDBETWEEN devuelve un n\u00famero aleatorio.<\/li>\n<li> Y despu\u00e9s de eso CHAR devuelve un car\u00e1cter para ese n\u00famero. <\/li>\n<\/ul>\n<div class=\"wp-block-image\">\n<figure class=\"aligncenter\"><img decoding=\"async\" src=\"https:\/\/exceladvisor.org\/wp-content\/uploads\/2023\/08\/generer-des-lettres-aleatoires-deroulantes-1.gif\" sizes=\"\" srcset=\"\" alt=\"generar letras desplegables aleatorias\"><\/figure>\n<\/div>\n<p> Esa es toda la historia.<\/p>\n<h2 id=\"in-the-end\" class=\"wp-block-heading\"> Al final,<\/h2>\n<p> La f\u00f3rmula que usaste anteriormente es simple y f\u00e1cil de aplicar, no hay duda. El mejor uso que he encontrado de este m\u00e9todo en el mundo real es que puedes generar grupos aleatorios para los participantes seg\u00fan el alfabeto.<\/p>\n<p> <em><strong>\u00bfTiene otro m\u00e9todo para crear letras aleatorias?<\/strong><\/em><\/p>\n<p> Aseg\u00farate de compartir tus puntos de vista conmigo en la secci\u00f3n de comentarios. Me encantar\u00eda saber de ti y no olvides compartir esta publicaci\u00f3n con tus amigos, estoy seguro de que lo har\u00e1n. Lo apreciar\u00eda. <\/p>\n<div class=\"gb-container gb-container-bafb25cc gb-container-download-2\">\n<div class=\"gb-grid-wrapper gb-grid-wrapper-91201309\">\n<div class=\"gb-grid-column gb-grid-column-15a917ef\">\n<div class=\"gb-container gb-container-15a917ef\">\n<h2 class=\"gb-headline gb-headline-f2deb261 gb-headline-text gb-headline-download-2\"> Obtener el archivo Excel <\/h2>\n<\/div>\n<\/div>\n<div class=\"gb-grid-column gb-grid-column-18357188\">\n<div class=\"gb-container gb-container-18357188\">\n<div class=\"gb-container gb-container-76cbe15e\"> <a class=\"gb-button gb-button-cb63d00a gb-button-text gb-button-download-2\" href=\"https:\/\/exceladvisor.org\/wp-content\/uploads\/2023\/11\/lettres-aleatoires.xlsx\" rel=\"nofollow\">Descargar<\/a><\/div>\n<\/div>\n<\/div>\n<\/div>\n<\/div>\n<div class=\"gb-container gb-container-0df56012 gb-container-mt\"> <a class=\"gb-button gb-button-f9f432f4 gb-button-text gb-button-mt-button\" href=\"https:\/\/exceladvisor.org\/es\/formulas\/\">Lista de f\u00f3rmulas de Excel<\/a><\/p>\n<h2 class=\"gb-headline gb-headline-233444e8 gb-headline-text gb-headline-mt-heading\"> F\u00f3rmulas relacionadas <\/h2>\n<div class=\"gb-grid-wrapper gb-grid-wrapper-a16fa65c gb-grid-wrapper-mt-grid\">\n<div class=\"gb-grid-column gb-grid-column-50d07e0d\">\n<div class=\"gb-container gb-container-50d07e0d\">\n<ul>\n<li> <a href=\"https:\/\/exceladvisor.org\/es\/filtro-horizontal\/\">Crear un filtro horizontal en Excel<\/a><\/li>\n<li> <a href=\"https:\/\/exceladvisor.org\/es\/calificacion-de-estrellas\/\">Cree una plantilla de calificaci\u00f3n de estrellas en Excel<\/a><\/li>\n<li> <a href=\"https:\/\/exceladvisor.org\/es\/obtener-nombre-de-archivo\/\">Obtener nombre de archivo en Excel<\/a><\/li>\n<li> <a href=\"https:\/\/exceladvisor.org\/es\/obtener-el-nombre-de-la-hoja\/\">Obtener el nombre de la hoja en Excel<\/a><\/li>\n<li> <a href=\"https:\/\/exceladvisor.org\/es\/aleatorizar-la-lista\/\">Aleatorizar una lista (clasificaci\u00f3n aleatoria) en Excel<\/a> <\/li>\n<\/ul>\n<\/div>\n<\/div>\n<div class=\"gb-grid-column gb-grid-column-5b4a0cf9\">\n<div class=\"gb-container gb-container-5b4a0cf9\"><\/div>\n<\/div>\n<\/div>\n<\/div>\n","protected":false},"excerpt":{"rendered":"<p>\u00bfAlguna vez te has enfrentado a una situaci\u00f3n en la que tuviste que generar letras aleatorias? Bueno, a veces necesitas generar alfabetos aleatorios. \u00bfBIEN? En Excel, tienes funciones como ALEATORIO y RANDBETWEEN para generar n\u00fameros aleatorios, pero no tenemos una funci\u00f3n especial para generar letras. Hoy me gustar\u00eda compartir con ustedes un incre\u00edble truco de [&hellip;]<\/p>\n","protected":false},"author":1,"featured_media":0,"parent":0,"menu_order":0,"comment_status":"open","ping_status":"closed","template":"","meta":{"ub_ctt_via":"","footnotes":""},"class_list":["post-129","page","type-page","status-publish","hentry"],"featured_image_src":null,"yoast_head":"<!-- This site is optimized with the Yoast SEO plugin v25.4 - https:\/\/yoast.com\/wordpress\/plugins\/seo\/ -->\n<title>\u00bfc\u00f3mo generar letras aleatorias en excel?<\/title>\n<meta name=\"robots\" content=\"index, follow, max-snippet:-1, max-image-preview:large, max-video-preview:-1\" \/>\n<link rel=\"canonical\" href=\"https:\/\/exceladvisor.org\/es\/generar-letras-aleatorias\/\" \/>\n<meta property=\"og:locale\" content=\"es_ES\" \/>\n<meta property=\"og:type\" content=\"article\" \/>\n<meta property=\"og:title\" content=\"\u00bfc\u00f3mo generar letras aleatorias en excel?\" \/>\n<meta property=\"og:description\" content=\"\u00bfAlguna vez te has enfrentado a una situaci\u00f3n en la que tuviste que generar letras aleatorias? Bueno, a veces necesitas generar alfabetos aleatorios. \u00bfBIEN? En Excel, tienes funciones como ALEATORIO y RANDBETWEEN para generar n\u00fameros aleatorios, pero no tenemos una funci\u00f3n especial para generar letras. Hoy me gustar\u00eda compartir con ustedes un incre\u00edble truco de [&hellip;]\" \/>\n<meta property=\"og:url\" content=\"https:\/\/exceladvisor.org\/es\/generar-letras-aleatorias\/\" \/>\n<meta property=\"og:site_name\" content=\"Excel Advisor\" \/>\n<meta property=\"article:modified_time\" content=\"2023-12-25T10:25:24+00:00\" \/>\n<meta property=\"og:image\" content=\"https:\/\/exceladvisor.org\/wp-content\/uploads\/2023\/08\/generer-des-lettres-aleatoires-avec-des-majuscules-1.gif\" \/>\n<meta name=\"twitter:card\" content=\"summary_large_image\" \/>\n<meta name=\"twitter:label1\" content=\"Tiempo de lectura\" \/>\n\t<meta name=\"twitter:data1\" content=\"3 minutos\" \/>\n<script type=\"application\/ld+json\" class=\"yoast-schema-graph\">{\"@context\":\"https:\/\/schema.org\",\"@graph\":[{\"@type\":\"WebPage\",\"@id\":\"https:\/\/exceladvisor.org\/es\/generar-letras-aleatorias\/\",\"url\":\"https:\/\/exceladvisor.org\/es\/generar-letras-aleatorias\/\",\"name\":\"\u00bfc\u00f3mo generar letras aleatorias en excel?\",\"isPartOf\":{\"@id\":\"https:\/\/exceladvisor.org\/es\/#website\"},\"primaryImageOfPage\":{\"@id\":\"https:\/\/exceladvisor.org\/es\/generar-letras-aleatorias\/#primaryimage\"},\"image\":{\"@id\":\"https:\/\/exceladvisor.org\/es\/generar-letras-aleatorias\/#primaryimage\"},\"thumbnailUrl\":\"https:\/\/exceladvisor.org\/wp-content\/uploads\/2023\/08\/generer-des-lettres-aleatoires-avec-des-majuscules-1.gif\",\"datePublished\":\"2023-11-15T13:53:32+00:00\",\"dateModified\":\"2023-12-25T10:25:24+00:00\",\"breadcrumb\":{\"@id\":\"https:\/\/exceladvisor.org\/es\/generar-letras-aleatorias\/#breadcrumb\"},\"inLanguage\":\"es\",\"potentialAction\":[{\"@type\":\"ReadAction\",\"target\":[\"https:\/\/exceladvisor.org\/es\/generar-letras-aleatorias\/\"]}]},{\"@type\":\"ImageObject\",\"inLanguage\":\"es\",\"@id\":\"https:\/\/exceladvisor.org\/es\/generar-letras-aleatorias\/#primaryimage\",\"url\":\"https:\/\/exceladvisor.org\/wp-content\/uploads\/2023\/08\/generer-des-lettres-aleatoires-avec-des-majuscules-1.gif\",\"contentUrl\":\"https:\/\/exceladvisor.org\/wp-content\/uploads\/2023\/08\/generer-des-lettres-aleatoires-avec-des-majuscules-1.gif\"},{\"@type\":\"BreadcrumbList\",\"@id\":\"https:\/\/exceladvisor.org\/es\/generar-letras-aleatorias\/#breadcrumb\",\"itemListElement\":[{\"@type\":\"ListItem\",\"position\":1,\"name\":\"Hogar\",\"item\":\"https:\/\/exceladvisor.org\/es\/\"},{\"@type\":\"ListItem\",\"position\":2,\"name\":\"\u00bfc\u00f3mo generar letras aleatorias en excel?\"}]},{\"@type\":\"WebSite\",\"@id\":\"https:\/\/exceladvisor.org\/es\/#website\",\"url\":\"https:\/\/exceladvisor.org\/es\/\",\"name\":\"Excel Advisor\",\"description\":\"Su gu\u00eda para la dominaci\u00f3n de datos!\",\"publisher\":{\"@id\":\"https:\/\/exceladvisor.org\/es\/#organization\"},\"potentialAction\":[{\"@type\":\"SearchAction\",\"target\":{\"@type\":\"EntryPoint\",\"urlTemplate\":\"https:\/\/exceladvisor.org\/es\/?s={search_term_string}\"},\"query-input\":{\"@type\":\"PropertyValueSpecification\",\"valueRequired\":true,\"valueName\":\"search_term_string\"}}],\"inLanguage\":\"es\"},{\"@type\":\"Organization\",\"@id\":\"https:\/\/exceladvisor.org\/es\/#organization\",\"name\":\"Excel Advisor\",\"url\":\"https:\/\/exceladvisor.org\/es\/\",\"logo\":{\"@type\":\"ImageObject\",\"inLanguage\":\"es\",\"@id\":\"https:\/\/exceladvisor.org\/es\/#\/schema\/logo\/image\/\",\"url\":\"https:\/\/exceladvisor.org\/es\/wp-content\/uploads\/2023\/12\/exceladvisor.org_.png\",\"contentUrl\":\"https:\/\/exceladvisor.org\/es\/wp-content\/uploads\/2023\/12\/exceladvisor.org_.png\",\"width\":105,\"height\":36,\"caption\":\"Excel Advisor\"},\"image\":{\"@id\":\"https:\/\/exceladvisor.org\/es\/#\/schema\/logo\/image\/\"}}]}<\/script>\n<!-- \/ Yoast SEO plugin. -->","yoast_head_json":{"title":"\u00bfc\u00f3mo generar letras aleatorias en excel?","robots":{"index":"index","follow":"follow","max-snippet":"max-snippet:-1","max-image-preview":"max-image-preview:large","max-video-preview":"max-video-preview:-1"},"canonical":"https:\/\/exceladvisor.org\/es\/generar-letras-aleatorias\/","og_locale":"es_ES","og_type":"article","og_title":"\u00bfc\u00f3mo generar letras aleatorias en excel?","og_description":"\u00bfAlguna vez te has enfrentado a una situaci\u00f3n en la que tuviste que generar letras aleatorias? Bueno, a veces necesitas generar alfabetos aleatorios. \u00bfBIEN? En Excel, tienes funciones como ALEATORIO y RANDBETWEEN para generar n\u00fameros aleatorios, pero no tenemos una funci\u00f3n especial para generar letras. Hoy me gustar\u00eda compartir con ustedes un incre\u00edble truco de [&hellip;]","og_url":"https:\/\/exceladvisor.org\/es\/generar-letras-aleatorias\/","og_site_name":"Excel Advisor","article_modified_time":"2023-12-25T10:25:24+00:00","og_image":[{"url":"https:\/\/exceladvisor.org\/wp-content\/uploads\/2023\/08\/generer-des-lettres-aleatoires-avec-des-majuscules-1.gif","type":"","width":"","height":""}],"twitter_card":"summary_large_image","twitter_misc":{"Tiempo de lectura":"3 minutos"},"schema":{"@context":"https:\/\/schema.org","@graph":[{"@type":"WebPage","@id":"https:\/\/exceladvisor.org\/es\/generar-letras-aleatorias\/","url":"https:\/\/exceladvisor.org\/es\/generar-letras-aleatorias\/","name":"\u00bfc\u00f3mo generar letras aleatorias en excel?","isPartOf":{"@id":"https:\/\/exceladvisor.org\/es\/#website"},"primaryImageOfPage":{"@id":"https:\/\/exceladvisor.org\/es\/generar-letras-aleatorias\/#primaryimage"},"image":{"@id":"https:\/\/exceladvisor.org\/es\/generar-letras-aleatorias\/#primaryimage"},"thumbnailUrl":"https:\/\/exceladvisor.org\/wp-content\/uploads\/2023\/08\/generer-des-lettres-aleatoires-avec-des-majuscules-1.gif","datePublished":"2023-11-15T13:53:32+00:00","dateModified":"2023-12-25T10:25:24+00:00","breadcrumb":{"@id":"https:\/\/exceladvisor.org\/es\/generar-letras-aleatorias\/#breadcrumb"},"inLanguage":"es","potentialAction":[{"@type":"ReadAction","target":["https:\/\/exceladvisor.org\/es\/generar-letras-aleatorias\/"]}]},{"@type":"ImageObject","inLanguage":"es","@id":"https:\/\/exceladvisor.org\/es\/generar-letras-aleatorias\/#primaryimage","url":"https:\/\/exceladvisor.org\/wp-content\/uploads\/2023\/08\/generer-des-lettres-aleatoires-avec-des-majuscules-1.gif","contentUrl":"https:\/\/exceladvisor.org\/wp-content\/uploads\/2023\/08\/generer-des-lettres-aleatoires-avec-des-majuscules-1.gif"},{"@type":"BreadcrumbList","@id":"https:\/\/exceladvisor.org\/es\/generar-letras-aleatorias\/#breadcrumb","itemListElement":[{"@type":"ListItem","position":1,"name":"Hogar","item":"https:\/\/exceladvisor.org\/es\/"},{"@type":"ListItem","position":2,"name":"\u00bfc\u00f3mo generar letras aleatorias en excel?"}]},{"@type":"WebSite","@id":"https:\/\/exceladvisor.org\/es\/#website","url":"https:\/\/exceladvisor.org\/es\/","name":"Excel Advisor","description":"Su gu\u00eda para la dominaci\u00f3n de datos!","publisher":{"@id":"https:\/\/exceladvisor.org\/es\/#organization"},"potentialAction":[{"@type":"SearchAction","target":{"@type":"EntryPoint","urlTemplate":"https:\/\/exceladvisor.org\/es\/?s={search_term_string}"},"query-input":{"@type":"PropertyValueSpecification","valueRequired":true,"valueName":"search_term_string"}}],"inLanguage":"es"},{"@type":"Organization","@id":"https:\/\/exceladvisor.org\/es\/#organization","name":"Excel Advisor","url":"https:\/\/exceladvisor.org\/es\/","logo":{"@type":"ImageObject","inLanguage":"es","@id":"https:\/\/exceladvisor.org\/es\/#\/schema\/logo\/image\/","url":"https:\/\/exceladvisor.org\/es\/wp-content\/uploads\/2023\/12\/exceladvisor.org_.png","contentUrl":"https:\/\/exceladvisor.org\/es\/wp-content\/uploads\/2023\/12\/exceladvisor.org_.png","width":105,"height":36,"caption":"Excel Advisor"},"image":{"@id":"https:\/\/exceladvisor.org\/es\/#\/schema\/logo\/image\/"}}]}},"yoast_meta":{"yoast_wpseo_title":"","yoast_wpseo_metadesc":"","yoast_wpseo_canonical":""},"_links":{"self":[{"href":"https:\/\/exceladvisor.org\/es\/wp-json\/wp\/v2\/pages\/129","targetHints":{"allow":["GET"]}}],"collection":[{"href":"https:\/\/exceladvisor.org\/es\/wp-json\/wp\/v2\/pages"}],"about":[{"href":"https:\/\/exceladvisor.org\/es\/wp-json\/wp\/v2\/types\/page"}],"author":[{"embeddable":true,"href":"https:\/\/exceladvisor.org\/es\/wp-json\/wp\/v2\/users\/1"}],"replies":[{"embeddable":true,"href":"https:\/\/exceladvisor.org\/es\/wp-json\/wp\/v2\/comments?post=129"}],"version-history":[{"count":1,"href":"https:\/\/exceladvisor.org\/es\/wp-json\/wp\/v2\/pages\/129\/revisions"}],"predecessor-version":[{"id":1054,"href":"https:\/\/exceladvisor.org\/es\/wp-json\/wp\/v2\/pages\/129\/revisions\/1054"}],"wp:attachment":[{"href":"https:\/\/exceladvisor.org\/es\/wp-json\/wp\/v2\/media?parent=129"}],"curies":[{"name":"wp","href":"https:\/\/api.w.org\/{rel}","templated":true}]}}