{"id":13,"date":"2023-11-22T08:15:52","date_gmt":"2023-11-22T08:15:52","guid":{"rendered":"https:\/\/exceladvisor.org\/es\/graficos-de-excel\/"},"modified":"2023-12-25T10:33:53","modified_gmt":"2023-12-25T10:33:53","slug":"graficos-de-excel","status":"publish","type":"page","link":"https:\/\/exceladvisor.org\/es\/graficos-de-excel\/","title":{"rendered":"Tipos de gr\u00e1ficos en excel"},"content":{"rendered":"<div class=\"excel-antes-del-contenido\" id=\"excel-3702028817\"><script type=\"text\/javascript\">\r\n\tatOptions = {\r\n\t\t'key' : 'c1158f160081d6540a8409e6925dab94',\r\n\t\t'format' : 'iframe',\r\n\t\t'height' : 250,\r\n\t\t'width' : 300,\r\n\t\t'params' : {}\r\n\t};\r\n<\/script>\r\n<script type=\"text\/javascript\" src=\"\/\/www.highperformanceformat.com\/c1158f160081d6540a8409e6925dab94\/invoke.js\"><\/script><\/div><p>Microsoft Excel ofrece una variedad de tipos de gr\u00e1ficos que puede utilizar para representar visualmente sus datos. Estos son algunos de los tipos comunes de gr\u00e1ficos disponibles en Excel:<\/p>\n<h2> Tipo de gr\u00e1ficos de Excel <\/h2>\n<p><img loading=\"lazy\" decoding=\"async\" class=\"alignnone size-full wp-image-13432\" src=\"https:\/\/exceladvisor.org\/wp-content\/uploads\/2023\/11\/Type-de-graphiques-Excel.jpg\" alt=\"Tipo de gr\u00e1ficos de Excel\" width=\"2050\" height=\"1177\" srcset=\"https:\/\/exceladvisor.org\/wp-content\/uploads\/2023\/11\/Type-de-graphiques-Excel.jpg 2050w, https:\/\/exceladvisor.org\/wp-content\/uploads\/2023\/11\/Type-de-graphiques-Excel-300x172.jpg 300w, https:\/\/exceladvisor.org\/wp-content\/uploads\/2023\/11\/Type-de-graphiques-Excel-1024x588.jpg 1024w, https:\/\/exceladvisor.org\/wp-content\/uploads\/2023\/11\/Type-de-graphiques-Excel-768x441.jpg 768w, https:\/\/exceladvisor.org\/wp-content\/uploads\/2023\/11\/Type-de-graphiques-Excel-1536x882.jpg 1536w, https:\/\/exceladvisor.org\/wp-content\/uploads\/2023\/11\/Type-de-graphiques-Excel-2048x1176.jpg 2048w\" sizes=\"auto, (max-width: 2050px) 100vw, 2050px\"><\/p>\n<h3> Gr\u00e1fico de columnas:<\/h3>\n<ul>\n<li> Muestra datos en columnas verticales. Adecuado para comparar valores de diferentes categor\u00edas.<\/li>\n<\/ul>\n<h3> Gr\u00e1fico de barras:<\/h3>\n<ul>\n<li> Similar a un histograma pero muestra datos en barras horizontales.<\/li>\n<li> \u00datil para comparar valores de diferentes categor\u00edas.<\/li>\n<\/ul>\n<h3> Gr\u00e1fico en l\u00ednea:<\/h3>\n<ul>\n<li> Representa puntos de datos con l\u00edneas, \u00fatiles para mostrar tendencias durante un per\u00edodo de tiempo.<\/li>\n<li> Com\u00fanmente utilizado para datos de series de tiempo.<\/li>\n<\/ul>\n<h3> Diagrama circular:<\/h3>\n<ul>\n<li> Muestra datos como porciones de un gr\u00e1fico circular.<\/li>\n<li> Adecuado para mostrar la proporci\u00f3n de partes con respecto a un todo.<\/li>\n<\/ul>\n<h3> Mesa de donas:<\/h3>\n<ul>\n<li> Similar a un gr\u00e1fico circular pero con un agujero en el centro.<\/li>\n<li> \u00datil para comparar proporciones entre m\u00faltiples series de datos.<\/li>\n<\/ul>\n<h3> Gr\u00e1fico de \u00e1reas:<\/h3>\n<ul>\n<li> Similar a un gr\u00e1fico de l\u00edneas pero llena el \u00e1rea debajo de la l\u00ednea.<\/li>\n<li> \u00datil para mostrar el total acumulado de una cantidad a lo largo del tiempo.<\/li>\n<\/ul>\n<h3> Una nube de puntos:<\/h3>\n<ul>\n<li> Muestra puntos de datos individuales en un gr\u00e1fico bidimensional.<\/li>\n<li> \u00datil para mostrar relaciones entre dos variables.<\/li>\n<\/ul>\n<h3> Gr\u00e1fico de burbujas:<\/h3>\n<ul>\n<li> Similar a un diagrama de dispersi\u00f3n pero incluye una tercera dimensi\u00f3n, representada por el tama\u00f1o de las burbujas.<\/li>\n<li> \u00datil para visualizar tres conjuntos de datos.<\/li>\n<\/ul>\n<h3> Mapa de radar:<\/h3>\n<ul>\n<li> Muestra puntos de datos en una cuadr\u00edcula circular.<\/li>\n<li> \u00datil para comparar m\u00faltiples conjuntos de datos en diferentes categor\u00edas.<\/li>\n<\/ul>\n<h3> Gr\u00e1fico de acciones:<\/h3>\n<ul>\n<li> Especialmente dise\u00f1ado para mostrar datos del mercado de valores, mostrando precios m\u00e1ximos, m\u00ednimos, de apertura y cierre a lo largo del tiempo.<\/li>\n<\/ul>\n<h3> Gr\u00e1fico de \u00e1rea:<\/h3>\n<ul>\n<li> Representa datos en un formato tridimensional, \u00fatil para visualizar relaciones entre tres conjuntos de datos.<\/li>\n<\/ul>\n<h3> Gr\u00e1fico combinado:<\/h3>\n<ul>\n<li> Le permite combinar diferentes tipos de gr\u00e1ficos en el mismo gr\u00e1fico.<\/li>\n<\/ul>\n<h3> Histograma:<\/h3>\n<ul>\n<li> Representa la distribuci\u00f3n de datos en un conjunto.<\/li>\n<li> \u00datil para mostrar la frecuencia de datos en rangos predefinidos.<\/li>\n<\/ul>\n<h3> Gr\u00e1fico de gantt:<\/h3>\n<ul>\n<li> Muestra una l\u00ednea de tiempo del proyecto, que muestra las tareas y sus dependencias a lo largo del tiempo.<\/li>\n<\/ul>\n<h3> Gr\u00e1fico de cascada:<\/h3>\n<ul>\n<li> Ilustra c\u00f3mo un valor inicial se ve afectado por una serie de valores intermedios positivos o negativos.<\/li>\n<\/ul>\n<p> Para crear un gr\u00e1fico en Excel, seleccione sus datos, vaya a la pesta\u00f1a \u00abInsertar\u00bb y elija el tipo de gr\u00e1fico que mejor se adapte a sus necesidades. Luego, Excel generar\u00e1 un gr\u00e1fico basado en sus datos.<\/p>\n<h2> Gu\u00edas ilustrativas de gr\u00e1ficos de Excel<\/h2>\n<ul>\n<li> <a style=\"outline: none;\" href=\"https:\/\/exceladvisor.org\/es\/grafico-de-gofres\/\">Crear un GR\u00c1FICO WAFFLE en Excel<\/a><\/li>\n<li> <a style=\"outline: none;\" href=\"https:\/\/exceladvisor.org\/es\/copiar-formato-de-grafico\/\">Copiar formato de gr\u00e1fico<\/a><\/li>\n<li> <a style=\"outline: none;\" href=\"https:\/\/exceladvisor.org\/es\/grafico-de-embudo\/\">Gr\u00e1fico de embudo en Excel<\/a><\/li>\n<li> <a style=\"outline: none;\" href=\"https:\/\/exceladvisor.org\/es\/grafico-de-gantt\/\">Diagrama de Gantt en Excel<\/a><\/li>\n<li> <a style=\"outline: none;\" href=\"https:\/\/exceladvisor.org\/es\/agregar-una-linea-horizontal\/\">L\u00ednea horizontal en un gr\u00e1fico en Excel<\/a><\/li>\n<li> <a style=\"outline: none;\" href=\"https:\/\/exceladvisor.org\/es\/agregar-una-linea-vertical\/\">L\u00ednea vertical en un gr\u00e1fico en Excel<\/a><\/li>\n<li> <a style=\"outline: none;\" href=\"https:\/\/exceladvisor.org\/es\/tablero-de-balas\/\">Gr\u00e1fico de vi\u00f1etas en Excel<\/a><\/li>\n<li> <a style=\"outline: none;\" href=\"https:\/\/exceladvisor.org\/es\/rango-de-grafico-dinamico\/\">Rango de gr\u00e1fico din\u00e1mico en Excel<\/a><\/li>\n<li> <a style=\"outline: none;\" href=\"https:\/\/exceladvisor.org\/es\/titulo-del-grafico-dinamico\/\">T\u00edtulo de gr\u00e1fico din\u00e1mico en Excel<\/a><\/li>\n<li> <a style=\"outline: none;\" href=\"https:\/\/exceladvisor.org\/es\/mapa-de-calor\/\">Mapa de calor en Excel<\/a><\/li>\n<li> <a style=\"outline: none;\" href=\"https:\/\/exceladvisor.org\/es\/tabla-de-hitos\/\">Tabla de pasos en Excel<\/a><\/li>\n<li> <a style=\"outline: none;\" href=\"https:\/\/exceladvisor.org\/es\/diagrama-piramidal\/\">Gr\u00e1fico piramidal de poblaci\u00f3n en Excel<\/a><\/li>\n<li> <a style=\"outline: none;\" href=\"https:\/\/exceladvisor.org\/es\/tabla-de-pasos\/\">Tabla de pasos en Excel<\/a><\/li>\n<\/ul>\n<ul>\n<li> <a style=\"outline: none;\" href=\"https:\/\/exceladvisor.org\/es\/tabla-de-tornados\/\">Gr\u00e1fico de tornado en Excel<\/a><\/li>\n<li> <a style=\"outline: none;\" href=\"https:\/\/exceladvisor.org\/es\/graficos-interactivos\/\">Gr\u00e1ficos interactivos en Excel.<\/a><\/li>\n<li> <a style=\"outline: none;\" href=\"https:\/\/exceladvisor.org\/es\/tabla-de-personas\/\">Gr\u00e1fico de personas en Excel<\/a><\/li>\n<li> <a style=\"outline: none;\" href=\"https:\/\/exceladvisor.org\/es\/graficos-avanzados\/\">Gr\u00e1ficos avanzados de Excel<\/a><\/li>\n<li> <a style=\"outline: none;\" href=\"https:\/\/exceladvisor.org\/es\/eje-secundario\/\" data-wpil=\"url\">Agregar un eje secundario a un gr\u00e1fico en Excel<\/a><\/li>\n<li> <a style=\"outline: none;\" href=\"https:\/\/exceladvisor.org\/es\/histograma\/\">Histograma en Excel<\/a><\/li>\n<li> <a style=\"outline: none;\" href=\"https:\/\/exceladvisor.org\/es\/pictograma\/\">Pictograma en Excel<\/a><\/li>\n<li> <a style=\"outline: none;\" href=\"https:\/\/exceladvisor.org\/es\/velocimetro\/\" data-wpil=\"url\">Gr\u00e1fico del VELOC\u00cdMETRO en Excel<\/a><\/li>\n<li> <a style=\"outline: none;\" href=\"https:\/\/exceladvisor.org\/es\/mesa-de-termometro\/\">Tabla de term\u00f3metro en Excel<\/a><\/li>\n<li> <a href=\"https:\/\/exceladvisor.org\/es\/mesa-pivote-2\/\">Tabla din\u00e1mica en Excel<\/a><\/li>\n<\/ul>\n","protected":false},"excerpt":{"rendered":"<p>Microsoft Excel ofrece una variedad de tipos de gr\u00e1ficos que puede utilizar para representar visualmente sus datos. Estos son algunos de los tipos comunes de gr\u00e1ficos disponibles en Excel: Tipo de gr\u00e1ficos de Excel Gr\u00e1fico de columnas: Muestra datos en columnas verticales. Adecuado para comparar valores de diferentes categor\u00edas. Gr\u00e1fico de barras: Similar a un [&hellip;]<\/p>\n","protected":false},"author":1,"featured_media":0,"parent":0,"menu_order":0,"comment_status":"open","ping_status":"closed","template":"","meta":{"ub_ctt_via":"","footnotes":""},"class_list":["post-13","page","type-page","status-publish","hentry"],"featured_image_src":null,"yoast_head":"<!-- This site is optimized with the Yoast SEO plugin v25.4 - https:\/\/yoast.com\/wordpress\/plugins\/seo\/ -->\n<title>Tipos de gr\u00e1ficos en excel<\/title>\n<meta name=\"robots\" content=\"index, follow, max-snippet:-1, max-image-preview:large, max-video-preview:-1\" \/>\n<link rel=\"canonical\" href=\"https:\/\/exceladvisor.org\/es\/graficos-de-excel\/\" \/>\n<meta property=\"og:locale\" content=\"es_ES\" \/>\n<meta property=\"og:type\" content=\"article\" \/>\n<meta property=\"og:title\" content=\"Tipos de gr\u00e1ficos en excel\" \/>\n<meta property=\"og:description\" content=\"Microsoft Excel ofrece una variedad de tipos de gr\u00e1ficos que puede utilizar para representar visualmente sus datos. Estos son algunos de los tipos comunes de gr\u00e1ficos disponibles en Excel: Tipo de gr\u00e1ficos de Excel Gr\u00e1fico de columnas: Muestra datos en columnas verticales. Adecuado para comparar valores de diferentes categor\u00edas. Gr\u00e1fico de barras: Similar a un [&hellip;]\" \/>\n<meta property=\"og:url\" content=\"https:\/\/exceladvisor.org\/es\/graficos-de-excel\/\" \/>\n<meta property=\"og:site_name\" content=\"Excel Advisor\" \/>\n<meta property=\"article:modified_time\" content=\"2023-12-25T10:33:53+00:00\" \/>\n<meta property=\"og:image\" content=\"https:\/\/exceladvisor.org\/wp-content\/uploads\/2023\/11\/Type-de-graphiques-Excel.jpg\" \/>\n<meta name=\"twitter:card\" content=\"summary_large_image\" \/>\n<meta name=\"twitter:label1\" content=\"Tiempo de lectura\" \/>\n\t<meta name=\"twitter:data1\" content=\"3 minutos\" \/>\n<script type=\"application\/ld+json\" class=\"yoast-schema-graph\">{\"@context\":\"https:\/\/schema.org\",\"@graph\":[{\"@type\":\"WebPage\",\"@id\":\"https:\/\/exceladvisor.org\/es\/graficos-de-excel\/\",\"url\":\"https:\/\/exceladvisor.org\/es\/graficos-de-excel\/\",\"name\":\"Tipos de gr\u00e1ficos en excel\",\"isPartOf\":{\"@id\":\"https:\/\/exceladvisor.org\/es\/#website\"},\"primaryImageOfPage\":{\"@id\":\"https:\/\/exceladvisor.org\/es\/graficos-de-excel\/#primaryimage\"},\"image\":{\"@id\":\"https:\/\/exceladvisor.org\/es\/graficos-de-excel\/#primaryimage\"},\"thumbnailUrl\":\"https:\/\/exceladvisor.org\/wp-content\/uploads\/2023\/11\/Type-de-graphiques-Excel.jpg\",\"datePublished\":\"2023-11-22T08:15:52+00:00\",\"dateModified\":\"2023-12-25T10:33:53+00:00\",\"breadcrumb\":{\"@id\":\"https:\/\/exceladvisor.org\/es\/graficos-de-excel\/#breadcrumb\"},\"inLanguage\":\"es\",\"potentialAction\":[{\"@type\":\"ReadAction\",\"target\":[\"https:\/\/exceladvisor.org\/es\/graficos-de-excel\/\"]}]},{\"@type\":\"ImageObject\",\"inLanguage\":\"es\",\"@id\":\"https:\/\/exceladvisor.org\/es\/graficos-de-excel\/#primaryimage\",\"url\":\"https:\/\/exceladvisor.org\/wp-content\/uploads\/2023\/11\/Type-de-graphiques-Excel.jpg\",\"contentUrl\":\"https:\/\/exceladvisor.org\/wp-content\/uploads\/2023\/11\/Type-de-graphiques-Excel.jpg\"},{\"@type\":\"BreadcrumbList\",\"@id\":\"https:\/\/exceladvisor.org\/es\/graficos-de-excel\/#breadcrumb\",\"itemListElement\":[{\"@type\":\"ListItem\",\"position\":1,\"name\":\"Hogar\",\"item\":\"https:\/\/exceladvisor.org\/es\/\"},{\"@type\":\"ListItem\",\"position\":2,\"name\":\"Tipos de gr\u00e1ficos en excel\"}]},{\"@type\":\"WebSite\",\"@id\":\"https:\/\/exceladvisor.org\/es\/#website\",\"url\":\"https:\/\/exceladvisor.org\/es\/\",\"name\":\"Excel Advisor\",\"description\":\"Su gu\u00eda para la dominaci\u00f3n de datos!\",\"publisher\":{\"@id\":\"https:\/\/exceladvisor.org\/es\/#organization\"},\"potentialAction\":[{\"@type\":\"SearchAction\",\"target\":{\"@type\":\"EntryPoint\",\"urlTemplate\":\"https:\/\/exceladvisor.org\/es\/?s={search_term_string}\"},\"query-input\":{\"@type\":\"PropertyValueSpecification\",\"valueRequired\":true,\"valueName\":\"search_term_string\"}}],\"inLanguage\":\"es\"},{\"@type\":\"Organization\",\"@id\":\"https:\/\/exceladvisor.org\/es\/#organization\",\"name\":\"Excel Advisor\",\"url\":\"https:\/\/exceladvisor.org\/es\/\",\"logo\":{\"@type\":\"ImageObject\",\"inLanguage\":\"es\",\"@id\":\"https:\/\/exceladvisor.org\/es\/#\/schema\/logo\/image\/\",\"url\":\"https:\/\/exceladvisor.org\/es\/wp-content\/uploads\/2023\/12\/exceladvisor.org_.png\",\"contentUrl\":\"https:\/\/exceladvisor.org\/es\/wp-content\/uploads\/2023\/12\/exceladvisor.org_.png\",\"width\":105,\"height\":36,\"caption\":\"Excel Advisor\"},\"image\":{\"@id\":\"https:\/\/exceladvisor.org\/es\/#\/schema\/logo\/image\/\"}}]}<\/script>\n<!-- \/ Yoast SEO plugin. -->","yoast_head_json":{"title":"Tipos de gr\u00e1ficos en excel","robots":{"index":"index","follow":"follow","max-snippet":"max-snippet:-1","max-image-preview":"max-image-preview:large","max-video-preview":"max-video-preview:-1"},"canonical":"https:\/\/exceladvisor.org\/es\/graficos-de-excel\/","og_locale":"es_ES","og_type":"article","og_title":"Tipos de gr\u00e1ficos en excel","og_description":"Microsoft Excel ofrece una variedad de tipos de gr\u00e1ficos que puede utilizar para representar visualmente sus datos. Estos son algunos de los tipos comunes de gr\u00e1ficos disponibles en Excel: Tipo de gr\u00e1ficos de Excel Gr\u00e1fico de columnas: Muestra datos en columnas verticales. Adecuado para comparar valores de diferentes categor\u00edas. Gr\u00e1fico de barras: Similar a un [&hellip;]","og_url":"https:\/\/exceladvisor.org\/es\/graficos-de-excel\/","og_site_name":"Excel Advisor","article_modified_time":"2023-12-25T10:33:53+00:00","og_image":[{"url":"https:\/\/exceladvisor.org\/wp-content\/uploads\/2023\/11\/Type-de-graphiques-Excel.jpg","type":"","width":"","height":""}],"twitter_card":"summary_large_image","twitter_misc":{"Tiempo de lectura":"3 minutos"},"schema":{"@context":"https:\/\/schema.org","@graph":[{"@type":"WebPage","@id":"https:\/\/exceladvisor.org\/es\/graficos-de-excel\/","url":"https:\/\/exceladvisor.org\/es\/graficos-de-excel\/","name":"Tipos de gr\u00e1ficos en excel","isPartOf":{"@id":"https:\/\/exceladvisor.org\/es\/#website"},"primaryImageOfPage":{"@id":"https:\/\/exceladvisor.org\/es\/graficos-de-excel\/#primaryimage"},"image":{"@id":"https:\/\/exceladvisor.org\/es\/graficos-de-excel\/#primaryimage"},"thumbnailUrl":"https:\/\/exceladvisor.org\/wp-content\/uploads\/2023\/11\/Type-de-graphiques-Excel.jpg","datePublished":"2023-11-22T08:15:52+00:00","dateModified":"2023-12-25T10:33:53+00:00","breadcrumb":{"@id":"https:\/\/exceladvisor.org\/es\/graficos-de-excel\/#breadcrumb"},"inLanguage":"es","potentialAction":[{"@type":"ReadAction","target":["https:\/\/exceladvisor.org\/es\/graficos-de-excel\/"]}]},{"@type":"ImageObject","inLanguage":"es","@id":"https:\/\/exceladvisor.org\/es\/graficos-de-excel\/#primaryimage","url":"https:\/\/exceladvisor.org\/wp-content\/uploads\/2023\/11\/Type-de-graphiques-Excel.jpg","contentUrl":"https:\/\/exceladvisor.org\/wp-content\/uploads\/2023\/11\/Type-de-graphiques-Excel.jpg"},{"@type":"BreadcrumbList","@id":"https:\/\/exceladvisor.org\/es\/graficos-de-excel\/#breadcrumb","itemListElement":[{"@type":"ListItem","position":1,"name":"Hogar","item":"https:\/\/exceladvisor.org\/es\/"},{"@type":"ListItem","position":2,"name":"Tipos de gr\u00e1ficos en excel"}]},{"@type":"WebSite","@id":"https:\/\/exceladvisor.org\/es\/#website","url":"https:\/\/exceladvisor.org\/es\/","name":"Excel Advisor","description":"Su gu\u00eda para la dominaci\u00f3n de datos!","publisher":{"@id":"https:\/\/exceladvisor.org\/es\/#organization"},"potentialAction":[{"@type":"SearchAction","target":{"@type":"EntryPoint","urlTemplate":"https:\/\/exceladvisor.org\/es\/?s={search_term_string}"},"query-input":{"@type":"PropertyValueSpecification","valueRequired":true,"valueName":"search_term_string"}}],"inLanguage":"es"},{"@type":"Organization","@id":"https:\/\/exceladvisor.org\/es\/#organization","name":"Excel Advisor","url":"https:\/\/exceladvisor.org\/es\/","logo":{"@type":"ImageObject","inLanguage":"es","@id":"https:\/\/exceladvisor.org\/es\/#\/schema\/logo\/image\/","url":"https:\/\/exceladvisor.org\/es\/wp-content\/uploads\/2023\/12\/exceladvisor.org_.png","contentUrl":"https:\/\/exceladvisor.org\/es\/wp-content\/uploads\/2023\/12\/exceladvisor.org_.png","width":105,"height":36,"caption":"Excel Advisor"},"image":{"@id":"https:\/\/exceladvisor.org\/es\/#\/schema\/logo\/image\/"}}]}},"yoast_meta":{"yoast_wpseo_title":"","yoast_wpseo_metadesc":"","yoast_wpseo_canonical":""},"_links":{"self":[{"href":"https:\/\/exceladvisor.org\/es\/wp-json\/wp\/v2\/pages\/13","targetHints":{"allow":["GET"]}}],"collection":[{"href":"https:\/\/exceladvisor.org\/es\/wp-json\/wp\/v2\/pages"}],"about":[{"href":"https:\/\/exceladvisor.org\/es\/wp-json\/wp\/v2\/types\/page"}],"author":[{"embeddable":true,"href":"https:\/\/exceladvisor.org\/es\/wp-json\/wp\/v2\/users\/1"}],"replies":[{"embeddable":true,"href":"https:\/\/exceladvisor.org\/es\/wp-json\/wp\/v2\/comments?post=13"}],"version-history":[{"count":1,"href":"https:\/\/exceladvisor.org\/es\/wp-json\/wp\/v2\/pages\/13\/revisions"}],"predecessor-version":[{"id":1502,"href":"https:\/\/exceladvisor.org\/es\/wp-json\/wp\/v2\/pages\/13\/revisions\/1502"}],"wp:attachment":[{"href":"https:\/\/exceladvisor.org\/es\/wp-json\/wp\/v2\/media?parent=13"}],"curies":[{"name":"wp","href":"https:\/\/api.w.org\/{rel}","templated":true}]}}