{"id":131,"date":"2023-11-15T13:06:05","date_gmt":"2023-11-15T13:06:05","guid":{"rendered":"https:\/\/exceladvisor.org\/es\/nombre-del-mes\/"},"modified":"2023-12-25T10:27:08","modified_gmt":"2023-12-25T10:27:08","slug":"nombre-del-mes","status":"publish","type":"page","link":"https:\/\/exceladvisor.org\/es\/nombre-del-mes\/","title":{"rendered":"\u00bfc\u00f3mo sacar un mes de una fecha?"},"content":{"rendered":"<div class=\"excel-antes-del-contenido\" id=\"excel-1548096238\"><script type=\"text\/javascript\">\r\n\tatOptions = {\r\n\t\t'key' : 'c1158f160081d6540a8409e6925dab94',\r\n\t\t'format' : 'iframe',\r\n\t\t'height' : 250,\r\n\t\t'width' : 300,\r\n\t\t'params' : {}\r\n\t};\r\n<\/script>\r\n<script type=\"text\/javascript\" src=\"\/\/www.highperformanceformat.com\/c1158f160081d6540a8409e6925dab94\/invoke.js\"><\/script><\/div><p>Las fechas son una parte importante de los datos. Hay algunas ocasiones en las que solo necesitamos usar parte de una fecha. Tomemos un ejemplo del mes. A veces solo necesitas un mes a partir de una fecha.<\/p>\n<p> Un mes es uno de los componentes \u00fatiles de una fecha que puedes usar para resumir datos y cuando se trata de Excel, tenemos diferentes m\u00e9todos para obtener un mes a partir de una fecha.<\/p>\n<p> Encontr\u00e9 un total de 5 m\u00e9todos para esto. Y hoy en este art\u00edculo me gustar\u00eda compartir con ustedes todos estos m\u00e9todos para obtener\/extraer el mes de una fecha. As\u00ed que pong\u00e1monos manos a la obra.<\/p>\n<h2 id=\"tab-con-4\" class=\"wp-block-heading\"> 1. Funci\u00f3n MES<\/h2>\n<p> Usar la funci\u00f3n MES es el m\u00e9todo m\u00e1s sencillo para extraer un mes de una fecha. Todo lo que necesita hacer es simplemente referirse a una fecha v\u00e1lida en esta funci\u00f3n y le devolver\u00e1 el n\u00famero del mes entre 1 y 12. <\/p>\n<pre class=\"wp-block-preformatted\"> = <a href=\"https:\/\/exceladvisor.org\/fonctions-de-date-excel\/\">MONTH<\/a> (A2) <\/pre>\n<p class=\"has-text-align-center\"><img loading=\"lazy\" decoding=\"async\" src=\"https:\/\/exceladvisor.org\/wp-content\/uploads\/2023\/08\/obtenir-le-mois-a-partir-dune-date-avec-la-fonction-mois-min-1.png\" sizes=\"auto, \" srcset=\"\" alt=\"obtener el mes a partir de una fecha con funci\u00f3n de mes\" width=\"348\" height=\"348\" data-id=\"11843\"><\/p>\n<p> Tambi\u00e9n puede insertar una fecha directamente en la funci\u00f3n usando el <a href=\"https:\/\/exceladvisor.org\/es\/texto-hasta-la-fecha\/\">formato de fecha correcto<\/a> . <\/p>\n<figure class=\"wp-block-table\">\n<table class=\"mtr-table mtr-thead-th\">\n<thead>\n<tr>\n<th class=\"mtr-th-tag\" data-mtr-content=\"Pro\">\n<div class=\"mtr-cell-content\"> Pro<\/div>\n<\/th>\n<th class=\"mtr-th-tag\" data-mtr-content=\"Con\">\n<div class=\"mtr-cell-content\"> Est\u00fapido <\/div>\n<\/th>\n<\/tr>\n<\/thead>\n<tbody>\n<tr>\n<td class=\"mtr-td-tag\" data-mtr-content=\"Pro\">\n<div class=\"mtr-cell-content\">Es f\u00e1cil de aplicar y no es necesario combinarlo con otras funciones.<\/div>\n<\/td>\n<td class=\"mtr-td-tag\" data-mtr-content=\"Con\">\n<div class=\"mtr-cell-content\"> El n\u00famero de mes tiene un uso limitado, la mayor\u00eda de las veces es mejor presentar el nombre del mes en lugar de n\u00fameros y si desea el nombre del mes necesita un m\u00e9todo diferente.<\/div>\n<\/td>\n<\/tr>\n<\/tbody>\n<\/table>\n<\/figure>\n<h2 id=\"tab-con-2\" class=\"wp-block-heading\"> 2. Funci\u00f3n TEXTO<\/h2>\n<p> Como dije, es mejor usar el nombre de un mes en lugar de un n\u00famero de mes. Usar la funci\u00f3n TEXTO es un m\u00e9todo perfecto para extraer el nombre del mes de una fecha. El trabajo b\u00e1sico de la funci\u00f3n de texto aqu\u00ed es convertir una fecha en un mes usando un formato espec\u00edfico. <\/p>\n<pre class=\"wp-block-preformatted\"> <span style=\"font-family: 'Courier New', Courier, monospace;\">=<\/span> <span style=\"font-family: 'Courier New', Courier, monospace;\">TEXT<\/span> <span style=\"font-family: 'Courier New', Courier, monospace;\">(A2,\"MMM\")<\/span> <\/pre>\n<div class=\"wp-block-image\">\n<figure class=\"aligncenter is-resized\"><img loading=\"lazy\" decoding=\"async\" src=\"https:\/\/exceladvisor.org\/wp-content\/uploads\/2023\/08\/obtenir-le-mois-a-partir-dune-date-avec-la-fonction-de-texte-min-1.png\" sizes=\"auto, \" srcset=\"\" alt=\"obtener el mes a partir de una fecha con funci\u00f3n de texto\" width=\"421\" height=\"383\"><\/figure>\n<\/div>\n<p> Por defecto tienes <a href=\"https:\/\/support.office.com\/en-us\/article\/TEXT-function-20d5ac4d-7b94-49fd-bb38-93d29371225c\" target=\"_blank\" rel=\"noopener noreferrer\">5 formatos de fecha diferentes<\/a> que puedes usar en la funci\u00f3n de texto. Estos formatos devolver\u00e1n el nombre del mes como texto. Todo lo que tienes que hacer es consultar una fecha en la funci\u00f3n y especificar un formato. S\u00ed, eso es todo. Y aseg\u00farese de que la fecha que utilice debe ser una <a style=\"outline: none;\" href=\"https:\/\/exceladvisor.org\/es\/texto-hasta-la-fecha\/\">fecha v\u00e1lida<\/a> seg\u00fan el sistema de fechas de Excel. <\/p>\n<figure class=\"wp-block-table\">\n<table class=\"has-fixed-layout mtr-table mtr-thead-th\">\n<thead>\n<tr>\n<th class=\"mtr-th-tag\" data-mtr-content=\"Pros\">\n<div class=\"mtr-cell-content\"> Beneficios<\/div>\n<\/th>\n<th class=\"mtr-th-tag\" data-mtr-content=\"Cons\">\n<div class=\"mtr-cell-content\"> Las desventajas <\/div>\n<\/th>\n<\/tr>\n<\/thead>\n<tbody>\n<tr>\n<td class=\"mtr-td-tag\" data-mtr-content=\"Pros\">\n<div class=\"mtr-cell-content\"> Tiene la opci\u00f3n de elegir un formato entre 5 formatos diferentes y la columna de fecha original seguir\u00e1 siendo la misma.<\/div>\n<\/td>\n<td class=\"mtr-td-tag\" data-mtr-content=\"Cons\">\n<div class=\"mtr-cell-content\"> Devolver\u00e1 el nombre del mes, que ser\u00e1 texto y no es posible utilizar una abreviatura personalizada para el nombre del mes.<\/div>\n<\/td>\n<\/tr>\n<\/tbody>\n<\/table>\n<\/figure>\n<h2 id=\"tab-con-3\" class=\"wp-block-heading\"> 3. ELIJA la funci\u00f3n<\/h2>\n<p> Digamos que desea obtener un nombre de mes personalizado o tal vez un nombre en un idioma diferente en lugar de un n\u00famero o nombre normal. En esta situaci\u00f3n, la funci\u00f3n ELEGIR puede ayudarle. Debe especificar un nombre personalizado para los 12 meses en la funci\u00f3n y usar la funci\u00f3n de mes para obtener el n\u00famero de mes a partir de la fecha. <\/p>\n<pre class=\"wp-block-preformatted\"> =CHOOSE(MONTH(A1),\"Jan\",\"Feb\",\"Mar\",\"Apr\",\"May\",\"Jun\",\"Jul\",\"Aug\",\"Sep\",\"Oct\",\"Nov \",\"Dec\") <\/pre>\n<div class=\"wp-block-image\">\n<figure class=\"aligncenter\"><img decoding=\"async\" src=\"https:\/\/exceladvisor.org\/wp-content\/uploads\/2023\/08\/obtenir-le-mois-a-partir-dune-date-avec-choisir-la-fonction-min-1.png\" sizes=\"\" srcset=\"\" alt=\"datos con nombre de mes de una fecha\"><\/figure>\n<\/div>\n<p> Cuando la funci\u00f3n de mes devuelve un n\u00famero de mes a partir de la fecha, al elegir la funci\u00f3n se devolver\u00e1 el nombre del mes personalizado en lugar de ese n\u00famero.<\/p>\n<p> <strong>Relacionado:<\/strong> <a href=\"https:\/\/exceladvisor.org\/es\/barra-de-formulas-de-excel\/\">Barra de f\u00f3rmulas<\/a> <\/p>\n<figure class=\"wp-block-table\">\n<table class=\"has-fixed-layout mtr-table mtr-thead-th\">\n<thead>\n<tr>\n<th class=\"mtr-th-tag\" data-mtr-content=\"Pros\">\n<div class=\"mtr-cell-content\"> Beneficios<\/div>\n<\/th>\n<th class=\"mtr-th-tag\" data-mtr-content=\"Cons\">\n<div class=\"mtr-cell-content\"> Las desventajas <\/div>\n<\/th>\n<\/tr>\n<\/thead>\n<tbody>\n<tr>\n<td class=\"mtr-td-tag\" data-mtr-content=\"Pros\">\n<div class=\"mtr-cell-content\"> Esto le permite m\u00e1s flexibilidad y puede especificar un nombre de mes personalizado para cada mes.<\/div>\n<\/td>\n<td class=\"mtr-td-tag\" data-mtr-content=\"Cons\">\n<div class=\"mtr-cell-content\"> Es un proceso que lleva mucho tiempo sumar todos los valores de la funci\u00f3n uno por uno.<\/div>\n<\/td>\n<\/tr>\n<\/tbody>\n<\/table>\n<\/figure>\n<h2 id=\"tab-con-1\" class=\"wp-block-heading\"> 4. PowerQuery<\/h2>\n<p> Si desea obtener el nombre de un mes a partir de una fecha de forma inteligente, entonces Power Query es su decisi\u00f3n. Puede permitirle convertir una fecha en mes y tambi\u00e9n extraer un n\u00famero de mes o un nombre de mes de una fecha. Power Query es un paquete completo que te permite trabajar con fechas. Aqu\u00ed tiene los datos a continuaci\u00f3n y aqu\u00ed necesita meses a partir de las fechas.<\/p>\n<ul>\n<li> Primero, convierta sus datos en una tabla.<\/li>\n<li> Despu\u00e9s de eso, seleccione una de las celdas de la tabla y vaya a la pesta\u00f1a Datos.<\/li>\n<li> En la pesta\u00f1a de datos, haga clic en \u00abDe la tabla\u00bb. <\/li>\n<\/ul>\n<div class=\"wp-block-image\">\n<figure class=\"aligncenter\"><img decoding=\"async\" src=\"https:\/\/exceladvisor.org\/wp-content\/uploads\/2023\/08\/cliquez-sur-le-tableau-pour-obtenir-le-mois-a-partir-de-la-date-avec-la-requete-de-puissance-min-1.png\" sizes=\"\" srcset=\"\" alt=\"haga clic en la tabla para obtener el mes a partir de la fecha con la consulta de energ\u00eda\"><\/figure>\n<\/div>\n<ul>\n<li> Cargar\u00e1 su tabla en el Editor de Power Query.<\/li>\n<\/ul>\n<p> Desde aqu\u00ed tiene dos opciones diferentes, una es agregar una nueva columna con el nombre del mes o el n\u00famero del mes o convertir sus fechas al nombre o n\u00famero del mes. Omita los siguientes dos pasos si solo desea convertir sus fechas a meses sin agregar una nueva columna.<\/p>\n<ul>\n<li> Primero, haga clic derecho en el encabezado de la columna.<\/li>\n<li> Y luego haga clic en \u00abDuplicar columna\u00bb. <\/li>\n<\/ul>\n<div class=\"wp-block-image\">\n<figure class=\"aligncenter\"><img decoding=\"async\" src=\"https:\/\/exceladvisor.org\/wp-content\/uploads\/2023\/08\/ajouter-une-colonne-en-double-pour-obtenir-le-mois-a-partir-dune-date-min-1.png\" sizes=\"\" srcset=\"\" alt=\"agregue una columna duplicada para obtener el mes a partir de una fecha\"><\/figure>\n<\/div>\n<ul>\n<li> Seleccione la nueva columna en el encabezado y haga clic derecho sobre ella.<\/li>\n<li> Vaya a Transformar \u279c Mes \u279c Nombre del mes o mes. <\/li>\n<\/ul>\n<div class=\"wp-block-image\">\n<figure class=\"aligncenter\"><img decoding=\"async\" src=\"https:\/\/exceladvisor.org\/wp-content\/uploads\/2023\/08\/selectionnez-le-nom-du-mois-pour-obtenir-le-mois-min-1.png\" sizes=\"\" srcset=\"\" alt=\"seleccione el nombre del mes para obtener el mes\"><\/figure>\n<\/div>\n<ul>\n<li> Convertir\u00e1 instant\u00e1neamente fechas a meses. <\/li>\n<\/ul>\n<div class=\"wp-block-image\">\n<figure class=\"aligncenter\"><img decoding=\"async\" src=\"https:\/\/exceladvisor.org\/wp-content\/uploads\/2023\/08\/cliquez-sur-fermer-et-chargez-pour-obtenir-le-mois-a-partir-dune-date-min-1.png\" sizes=\"\" srcset=\"\" alt=\"haga clic en cerrar y cargar para obtener el mes a partir de una fecha\"><\/figure>\n<\/div>\n<ul>\n<li> Una cosa m\u00e1s, haga clic derecho en el encabezado de la columna y cambie el nombre de la columna a \u00abMes\u00bb.<\/li>\n<li> Al final, haga clic en \u00abCerrar y cargar\u00bb y se cargar\u00e1n sus datos en una hoja de c\u00e1lculo. <\/li>\n<\/ul>\n<div class=\"wp-block-image\">\n<figure class=\"aligncenter\"><img decoding=\"async\" src=\"https:\/\/exceladvisor.org\/wp-content\/uploads\/2023\/08\/donnees-avec-le-nom-du-mois-a-partir-dune-date-min-1.png\" sizes=\"\" srcset=\"\" alt=\"datos con nombre de mes de una fecha\"><\/figure>\n<\/div>\n<figure class=\"wp-block-table\">\n<table class=\"has-fixed-layout mtr-table mtr-thead-th\">\n<thead>\n<tr>\n<th class=\"mtr-th-tag\" data-mtr-content=\"Pro\">\n<div class=\"mtr-cell-content\"> Pro<\/div>\n<\/th>\n<th class=\"mtr-th-tag\" data-mtr-content=\"Con\">\n<div class=\"mtr-cell-content\"> Est\u00fapido <\/div>\n<\/th>\n<\/tr>\n<\/thead>\n<tbody>\n<tr>\n<td class=\"mtr-td-tag\" data-mtr-content=\"Pro\">\n<div class=\"mtr-cell-content\">Es una configuraci\u00f3n din\u00e1mica y puntual. Tus datos originales no se ver\u00e1n afectados.<\/div>\n<\/td>\n<td class=\"mtr-td-tag\" data-mtr-content=\"Con\">\n<div class=\"mtr-cell-content\"> Deber\u00eda tener una consulta de energ\u00eda en su versi\u00f3n de Excel y el nombre del mes ser\u00e1 un nombre completo.<\/div>\n<\/td>\n<\/tr>\n<\/tbody>\n<\/table>\n<\/figure>\n<h2 id=\"tab-con-0\" class=\"wp-block-heading\"> 5. Formato personalizado<\/h2>\n<p> Si no desea utilizar un m\u00e9todo de f\u00f3rmula, la forma m\u00e1s sencilla de utilizarlo para convertir una fecha en un mes es <a href=\"https:\/\/support.office.com\/en-us\/article\/Create-or-delete-a-custom-number-format-78f2a361-936b-4c03-8772-09fab54be7f4?ui=en-US&amp;rs=en-US&amp;ad=US&amp;fromAR=1\" target=\"_blank\" rel=\"noopener noreferrer\">aplicar un formato personalizado<\/a> . Siga estos sencillos pasos.<\/p>\n<ol>\n<li> Seleccione el rango de celdas o la columna.<\/li>\n<li> Presione la tecla de acceso directo Ctrl + 1.<\/li>\n<li> En la opci\u00f3n de formato, vaya a \u00abPersonalizado\u00bb.<\/li>\n<li> Ahora, en la barra de entrada \u00abTipo\u00bb, ingrese \u00abMM\u00bb, \u00abMMM\u00bb o \u00abMMMMMM\u00bb.<\/li>\n<li> Haga clic en Aceptar. <\/li>\n<\/ol>\n<div class=\"wp-block-image\">\n<figure class=\"aligncenter is-resized\"><img loading=\"lazy\" decoding=\"async\" src=\"https:\/\/exceladvisor.org\/wp-content\/uploads\/2023\/08\/obtenir-le-mois-a-partir-dune-date-avec-des-options-de-mise-en-forme-ouvertes-de-mise-en-forme-conditionnelle-min-1.png\" sizes=\"auto, \" srcset=\"\" alt=\"obtener el mes a partir de una fecha con formato condicional opciones de formato abiertas\" width=\"534\" height=\"466\"><\/figure>\n<\/div>\n<figure class=\"wp-block-table\">\n<table class=\"has-fixed-layout mtr-table mtr-thead-th\">\n<thead>\n<tr>\n<th class=\"mtr-th-tag\" data-mtr-content=\"Pros\">\n<div class=\"mtr-cell-content\"> Beneficios<\/div>\n<\/th>\n<th class=\"mtr-th-tag\" data-mtr-content=\"Cons\">\n<div class=\"mtr-cell-content\"> Las desventajas <\/div>\n<\/th>\n<\/tr>\n<\/thead>\n<tbody>\n<tr>\n<td class=\"mtr-td-tag\" data-mtr-content=\"Pros\">\n<div class=\"mtr-cell-content\"> Es f\u00e1cil de aplicar y no cambia la fecha sino su formato.<\/div>\n<\/td>\n<td class=\"mtr-td-tag\" data-mtr-content=\"Cons\">\n<div class=\"mtr-cell-content\"> Dado que el valor es una fecha, cuando lo copie y pegue en otro lugar como valor, ser\u00e1 una fecha, no texto. Si alguien cambia el formato, se perder\u00e1 el nombre del mes.<\/div>\n<\/td>\n<\/tr>\n<\/tbody>\n<\/table>\n<\/figure>\n<h2 class=\"wp-block-heading\"> Conclusi\u00f3n<\/h2>\n<p> Todos los m\u00e9todos anteriores se pueden utilizar en diferentes situaciones. Pero algunos de ellos se utilizan con m\u00e1s frecuencia.<\/p>\n<p> La funci\u00f3n TEXTO es aplicable en la mayor\u00eda de situaciones. Por otro lado, tambi\u00e9n tienes una consulta de poder para obtener meses en tan solo unos clics. Si me preguntas, uso la funci\u00f3n de texto, pero actualmente estoy m\u00e1s enamorado de la consulta de energ\u00eda, as\u00ed que me gustar\u00eda usarla tambi\u00e9n.<\/p>\n<p> Al final, solo quiero decir que puedes utilizar cualquiera de estos m\u00e9todos seg\u00fan tus necesidades. Pero tienes que decirme una cosa.<\/p>\n<p> <strong>\u00bfCu\u00e1l es tu m\u00e9todo preferido?<\/strong><\/p>\n<p> Por favor comp\u00e1rtelo conmigo en la secci\u00f3n de comentarios, me encantar\u00eda saber de ti. Y no olvides compartirlo con tus amigos. <\/p>\n<div class=\"gb-container gb-container-52dfcee1 gb-container-sample-file\">\n<h2 class=\"gb-headline gb-headline-e289c143 gb-headline-text gb-headline-4f7959c2\"> Obtener el archivo Excel<\/h2>\n<p> <a class=\"gb-button gb-button-e88d6bee gb-button-text gb-button-button1\" href=\"https:\/\/exceladvisor.org\/wp-content\/uploads\/2023\/08\/obtenir-le-mois-a-partir-de-la-date-2.xlsx\" rel=\"nofollow\">Descargar<\/a><\/p>\n<\/div>\n<div class=\"gb-container gb-container-0df56012 gb-container-mt\"> <a class=\"gb-button gb-button-f9f432f4 gb-button-text gb-button-mt-button\" href=\"https:\/\/exceladvisor.org\/es\/formulas\/\">Lista de f\u00f3rmulas de Excel<\/a><\/p>\n<h2 class=\"gb-headline gb-headline-233444e8 gb-headline-text gb-headline-mt-heading\"> F\u00f3rmulas relacionadas <\/h2>\n<div class=\"gb-grid-wrapper gb-grid-wrapper-a16fa65c gb-grid-wrapper-mt-grid\">\n<div class=\"gb-grid-column gb-grid-column-50d07e0d\">\n<div class=\"gb-container gb-container-50d07e0d\">\n<ul>\n<li> <a href=\"https:\/\/exceladvisor.org\/es\/agregar-un-mes-a-una-fecha-2\/\">Agregar un mes a una fecha en Excel<\/a><\/li>\n<li> <a href=\"https:\/\/exceladvisor.org\/es\/final-de-mes\/\">Obtener fecha de fin de mes en Excel<\/a><\/li>\n<li> <a href=\"https:\/\/exceladvisor.org\/es\/primer-dia-del-mes-2\/\">Obtener el primer d\u00eda del mes en Excel (inicio de mes)<\/a><\/li>\n<li> <a href=\"https:\/\/exceladvisor.org\/es\/cuarto\/\">Obtener un trimestre a partir de una fecha [Fiscal + Calendario] en Excel<\/a><\/li>\n<li> <a href=\"https:\/\/exceladvisor.org\/es\/mes-entre-dos-fechas\/\">N\u00famero de meses entre dos fechas en Excel<\/a> <\/li>\n<\/ul>\n<\/div>\n<\/div>\n<div class=\"gb-grid-column gb-grid-column-5b4a0cf9\">\n<div class=\"gb-container gb-container-5b4a0cf9\"><\/div>\n<\/div>\n<\/div>\n<\/div>\n","protected":false},"excerpt":{"rendered":"<p>Las fechas son una parte importante de los datos. Hay algunas ocasiones en las que solo necesitamos usar parte de una fecha. Tomemos un ejemplo del mes. A veces solo necesitas un mes a partir de una fecha. Un mes es uno de los componentes \u00fatiles de una fecha que puedes usar para resumir datos [&hellip;]<\/p>\n","protected":false},"author":1,"featured_media":0,"parent":0,"menu_order":0,"comment_status":"open","ping_status":"closed","template":"","meta":{"ub_ctt_via":"","footnotes":""},"class_list":["post-131","page","type-page","status-publish","hentry"],"featured_image_src":null,"yoast_head":"<!-- This site is optimized with the Yoast SEO plugin v25.4 - https:\/\/yoast.com\/wordpress\/plugins\/seo\/ -->\n<title>\u00bfc\u00f3mo sacar un mes de una fecha?<\/title>\n<meta name=\"robots\" content=\"index, follow, max-snippet:-1, max-image-preview:large, max-video-preview:-1\" \/>\n<link rel=\"canonical\" href=\"https:\/\/exceladvisor.org\/es\/nombre-del-mes\/\" \/>\n<meta property=\"og:locale\" content=\"es_ES\" \/>\n<meta property=\"og:type\" content=\"article\" \/>\n<meta property=\"og:title\" content=\"\u00bfc\u00f3mo sacar un mes de una fecha?\" \/>\n<meta property=\"og:description\" content=\"Las fechas son una parte importante de los datos. Hay algunas ocasiones en las que solo necesitamos usar parte de una fecha. Tomemos un ejemplo del mes. A veces solo necesitas un mes a partir de una fecha. Un mes es uno de los componentes \u00fatiles de una fecha que puedes usar para resumir datos [&hellip;]\" \/>\n<meta property=\"og:url\" content=\"https:\/\/exceladvisor.org\/es\/nombre-del-mes\/\" \/>\n<meta property=\"og:site_name\" content=\"Excel Advisor\" \/>\n<meta property=\"article:modified_time\" content=\"2023-12-25T10:27:08+00:00\" \/>\n<meta property=\"og:image\" content=\"https:\/\/exceladvisor.org\/wp-content\/uploads\/2023\/08\/obtenir-le-mois-a-partir-dune-date-avec-la-fonction-mois-min-1.png\" \/>\n<meta name=\"twitter:card\" content=\"summary_large_image\" \/>\n<meta name=\"twitter:label1\" content=\"Tiempo de lectura\" \/>\n\t<meta name=\"twitter:data1\" content=\"6 minutos\" \/>\n<script type=\"application\/ld+json\" class=\"yoast-schema-graph\">{\"@context\":\"https:\/\/schema.org\",\"@graph\":[{\"@type\":\"WebPage\",\"@id\":\"https:\/\/exceladvisor.org\/es\/nombre-del-mes\/\",\"url\":\"https:\/\/exceladvisor.org\/es\/nombre-del-mes\/\",\"name\":\"\u00bfc\u00f3mo sacar un mes de una fecha?\",\"isPartOf\":{\"@id\":\"https:\/\/exceladvisor.org\/es\/#website\"},\"primaryImageOfPage\":{\"@id\":\"https:\/\/exceladvisor.org\/es\/nombre-del-mes\/#primaryimage\"},\"image\":{\"@id\":\"https:\/\/exceladvisor.org\/es\/nombre-del-mes\/#primaryimage\"},\"thumbnailUrl\":\"https:\/\/exceladvisor.org\/wp-content\/uploads\/2023\/08\/obtenir-le-mois-a-partir-dune-date-avec-la-fonction-mois-min-1.png\",\"datePublished\":\"2023-11-15T13:06:05+00:00\",\"dateModified\":\"2023-12-25T10:27:08+00:00\",\"breadcrumb\":{\"@id\":\"https:\/\/exceladvisor.org\/es\/nombre-del-mes\/#breadcrumb\"},\"inLanguage\":\"es\",\"potentialAction\":[{\"@type\":\"ReadAction\",\"target\":[\"https:\/\/exceladvisor.org\/es\/nombre-del-mes\/\"]}]},{\"@type\":\"ImageObject\",\"inLanguage\":\"es\",\"@id\":\"https:\/\/exceladvisor.org\/es\/nombre-del-mes\/#primaryimage\",\"url\":\"https:\/\/exceladvisor.org\/wp-content\/uploads\/2023\/08\/obtenir-le-mois-a-partir-dune-date-avec-la-fonction-mois-min-1.png\",\"contentUrl\":\"https:\/\/exceladvisor.org\/wp-content\/uploads\/2023\/08\/obtenir-le-mois-a-partir-dune-date-avec-la-fonction-mois-min-1.png\"},{\"@type\":\"BreadcrumbList\",\"@id\":\"https:\/\/exceladvisor.org\/es\/nombre-del-mes\/#breadcrumb\",\"itemListElement\":[{\"@type\":\"ListItem\",\"position\":1,\"name\":\"Hogar\",\"item\":\"https:\/\/exceladvisor.org\/es\/\"},{\"@type\":\"ListItem\",\"position\":2,\"name\":\"\u00bfc\u00f3mo sacar un mes de una fecha?\"}]},{\"@type\":\"WebSite\",\"@id\":\"https:\/\/exceladvisor.org\/es\/#website\",\"url\":\"https:\/\/exceladvisor.org\/es\/\",\"name\":\"Excel Advisor\",\"description\":\"Su gu\u00eda para la dominaci\u00f3n de datos!\",\"publisher\":{\"@id\":\"https:\/\/exceladvisor.org\/es\/#organization\"},\"potentialAction\":[{\"@type\":\"SearchAction\",\"target\":{\"@type\":\"EntryPoint\",\"urlTemplate\":\"https:\/\/exceladvisor.org\/es\/?s={search_term_string}\"},\"query-input\":{\"@type\":\"PropertyValueSpecification\",\"valueRequired\":true,\"valueName\":\"search_term_string\"}}],\"inLanguage\":\"es\"},{\"@type\":\"Organization\",\"@id\":\"https:\/\/exceladvisor.org\/es\/#organization\",\"name\":\"Excel Advisor\",\"url\":\"https:\/\/exceladvisor.org\/es\/\",\"logo\":{\"@type\":\"ImageObject\",\"inLanguage\":\"es\",\"@id\":\"https:\/\/exceladvisor.org\/es\/#\/schema\/logo\/image\/\",\"url\":\"https:\/\/exceladvisor.org\/es\/wp-content\/uploads\/2023\/12\/exceladvisor.org_.png\",\"contentUrl\":\"https:\/\/exceladvisor.org\/es\/wp-content\/uploads\/2023\/12\/exceladvisor.org_.png\",\"width\":105,\"height\":36,\"caption\":\"Excel Advisor\"},\"image\":{\"@id\":\"https:\/\/exceladvisor.org\/es\/#\/schema\/logo\/image\/\"}}]}<\/script>\n<!-- \/ Yoast SEO plugin. -->","yoast_head_json":{"title":"\u00bfc\u00f3mo sacar un mes de una fecha?","robots":{"index":"index","follow":"follow","max-snippet":"max-snippet:-1","max-image-preview":"max-image-preview:large","max-video-preview":"max-video-preview:-1"},"canonical":"https:\/\/exceladvisor.org\/es\/nombre-del-mes\/","og_locale":"es_ES","og_type":"article","og_title":"\u00bfc\u00f3mo sacar un mes de una fecha?","og_description":"Las fechas son una parte importante de los datos. Hay algunas ocasiones en las que solo necesitamos usar parte de una fecha. Tomemos un ejemplo del mes. A veces solo necesitas un mes a partir de una fecha. Un mes es uno de los componentes \u00fatiles de una fecha que puedes usar para resumir datos [&hellip;]","og_url":"https:\/\/exceladvisor.org\/es\/nombre-del-mes\/","og_site_name":"Excel Advisor","article_modified_time":"2023-12-25T10:27:08+00:00","og_image":[{"url":"https:\/\/exceladvisor.org\/wp-content\/uploads\/2023\/08\/obtenir-le-mois-a-partir-dune-date-avec-la-fonction-mois-min-1.png","type":"","width":"","height":""}],"twitter_card":"summary_large_image","twitter_misc":{"Tiempo de lectura":"6 minutos"},"schema":{"@context":"https:\/\/schema.org","@graph":[{"@type":"WebPage","@id":"https:\/\/exceladvisor.org\/es\/nombre-del-mes\/","url":"https:\/\/exceladvisor.org\/es\/nombre-del-mes\/","name":"\u00bfc\u00f3mo sacar un mes de una fecha?","isPartOf":{"@id":"https:\/\/exceladvisor.org\/es\/#website"},"primaryImageOfPage":{"@id":"https:\/\/exceladvisor.org\/es\/nombre-del-mes\/#primaryimage"},"image":{"@id":"https:\/\/exceladvisor.org\/es\/nombre-del-mes\/#primaryimage"},"thumbnailUrl":"https:\/\/exceladvisor.org\/wp-content\/uploads\/2023\/08\/obtenir-le-mois-a-partir-dune-date-avec-la-fonction-mois-min-1.png","datePublished":"2023-11-15T13:06:05+00:00","dateModified":"2023-12-25T10:27:08+00:00","breadcrumb":{"@id":"https:\/\/exceladvisor.org\/es\/nombre-del-mes\/#breadcrumb"},"inLanguage":"es","potentialAction":[{"@type":"ReadAction","target":["https:\/\/exceladvisor.org\/es\/nombre-del-mes\/"]}]},{"@type":"ImageObject","inLanguage":"es","@id":"https:\/\/exceladvisor.org\/es\/nombre-del-mes\/#primaryimage","url":"https:\/\/exceladvisor.org\/wp-content\/uploads\/2023\/08\/obtenir-le-mois-a-partir-dune-date-avec-la-fonction-mois-min-1.png","contentUrl":"https:\/\/exceladvisor.org\/wp-content\/uploads\/2023\/08\/obtenir-le-mois-a-partir-dune-date-avec-la-fonction-mois-min-1.png"},{"@type":"BreadcrumbList","@id":"https:\/\/exceladvisor.org\/es\/nombre-del-mes\/#breadcrumb","itemListElement":[{"@type":"ListItem","position":1,"name":"Hogar","item":"https:\/\/exceladvisor.org\/es\/"},{"@type":"ListItem","position":2,"name":"\u00bfc\u00f3mo sacar un mes de una fecha?"}]},{"@type":"WebSite","@id":"https:\/\/exceladvisor.org\/es\/#website","url":"https:\/\/exceladvisor.org\/es\/","name":"Excel Advisor","description":"Su gu\u00eda para la dominaci\u00f3n de datos!","publisher":{"@id":"https:\/\/exceladvisor.org\/es\/#organization"},"potentialAction":[{"@type":"SearchAction","target":{"@type":"EntryPoint","urlTemplate":"https:\/\/exceladvisor.org\/es\/?s={search_term_string}"},"query-input":{"@type":"PropertyValueSpecification","valueRequired":true,"valueName":"search_term_string"}}],"inLanguage":"es"},{"@type":"Organization","@id":"https:\/\/exceladvisor.org\/es\/#organization","name":"Excel Advisor","url":"https:\/\/exceladvisor.org\/es\/","logo":{"@type":"ImageObject","inLanguage":"es","@id":"https:\/\/exceladvisor.org\/es\/#\/schema\/logo\/image\/","url":"https:\/\/exceladvisor.org\/es\/wp-content\/uploads\/2023\/12\/exceladvisor.org_.png","contentUrl":"https:\/\/exceladvisor.org\/es\/wp-content\/uploads\/2023\/12\/exceladvisor.org_.png","width":105,"height":36,"caption":"Excel Advisor"},"image":{"@id":"https:\/\/exceladvisor.org\/es\/#\/schema\/logo\/image\/"}}]}},"yoast_meta":{"yoast_wpseo_title":"","yoast_wpseo_metadesc":"","yoast_wpseo_canonical":""},"_links":{"self":[{"href":"https:\/\/exceladvisor.org\/es\/wp-json\/wp\/v2\/pages\/131","targetHints":{"allow":["GET"]}}],"collection":[{"href":"https:\/\/exceladvisor.org\/es\/wp-json\/wp\/v2\/pages"}],"about":[{"href":"https:\/\/exceladvisor.org\/es\/wp-json\/wp\/v2\/types\/page"}],"author":[{"embeddable":true,"href":"https:\/\/exceladvisor.org\/es\/wp-json\/wp\/v2\/users\/1"}],"replies":[{"embeddable":true,"href":"https:\/\/exceladvisor.org\/es\/wp-json\/wp\/v2\/comments?post=131"}],"version-history":[{"count":1,"href":"https:\/\/exceladvisor.org\/es\/wp-json\/wp\/v2\/pages\/131\/revisions"}],"predecessor-version":[{"id":1181,"href":"https:\/\/exceladvisor.org\/es\/wp-json\/wp\/v2\/pages\/131\/revisions\/1181"}],"wp:attachment":[{"href":"https:\/\/exceladvisor.org\/es\/wp-json\/wp\/v2\/media?parent=131"}],"curies":[{"name":"wp","href":"https:\/\/api.w.org\/{rel}","templated":true}]}}