{"id":136,"date":"2023-11-15T11:48:49","date_gmt":"2023-11-15T11:48:49","guid":{"rendered":"https:\/\/exceladvisor.org\/es\/si-es-negativo-entonces-cero\/"},"modified":"2023-12-25T10:26:41","modified_gmt":"2023-12-25T10:26:41","slug":"si-es-negativo-entonces-cero","status":"publish","type":"page","link":"https:\/\/exceladvisor.org\/es\/si-es-negativo-entonces-cero\/","title":{"rendered":"\u00bfc\u00f3mo poner a cero los valores negativos en excel?"},"content":{"rendered":"<div class=\"excel-antes-del-contenido\" id=\"excel-3162131112\"><script type=\"text\/javascript\">\r\n\tatOptions = {\r\n\t\t'key' : 'c1158f160081d6540a8409e6925dab94',\r\n\t\t'format' : 'iframe',\r\n\t\t'height' : 250,\r\n\t\t'width' : 300,\r\n\t\t'params' : {}\r\n\t};\r\n<\/script>\r\n<script type=\"text\/javascript\" src=\"\/\/www.highperformanceformat.com\/c1158f160081d6540a8409e6925dab94\/invoke.js\"><\/script><\/div><p>D\u00e9jame compartir contigo un ejemplo. En la siguiente tabla, tienes una tabla con las dos listas del n\u00famero en las columnas A y B. Y en la columna C, tienes una diferencia entre los dos. <\/p>\n<div class=\"wp-block-image\">\n<figure class=\"aligncenter size-full is-resized\"><img loading=\"lazy\" decoding=\"async\" class=\"wp-image-64144\" src=\"https:\/\/exceladvisor.org\/wp-content\/uploads\/2023\/08\/1-tableau-avec-des-valeurs-negatives.png\" sizes=\"auto, \" srcset=\"\" alt=\"tabla-con-valores-negativos\" width=\"381\" height=\"298\"><\/figure>\n<\/div>\n<p> Ahora aqu\u00ed necesitamos usar una f\u00f3rmula para cambiar los valores negativos a ceros. Entonces, en este tutorial veremos todas las diferentes formas de escribir una f\u00f3rmula para convertir n\u00fameros negativos en ceros.<\/p>\n<h2 id=\"convert-negative-numbers-using-if\" class=\"wp-block-heading\"> Convertir n\u00fameros negativos usando IF<\/h2>\n<p> El primer m\u00e9todo es utilizar la funci\u00f3n SI que le permite crear una condici\u00f3n para verificar si un n\u00famero es negativo y luego convertir ese n\u00famero a cero. <\/p>\n<div class=\"wp-block-image\">\n<figure class=\"aligncenter size-full is-resized\"><img loading=\"lazy\" decoding=\"async\" class=\"wp-image-64145\" src=\"https:\/\/exceladvisor.org\/wp-content\/uploads\/2023\/08\/convertir-un-nombre-negatif.png\" sizes=\"auto, \" srcset=\"\" alt=\"convertir-n\u00famero-negativo\" width=\"372\" height=\"293\"><\/figure>\n<\/div>\n<p> Utilice los siguientes pasos.<\/p>\n<ol type=\"1\">\n<li> Ingrese la funci\u00f3n SI en la celda C2.<\/li>\n<li> Especifique la f\u00f3rmula de resta para la celda A1 de B1.<\/li>\n<li> Utilice el signo mayor con el cero para crear una condici\u00f3n.<\/li>\n<li> Para valor_si_verdadero, especifique cero.<\/li>\n<li> Y para valor_si_falso, ingrese la resta que utiliz\u00f3 la f\u00f3rmula en la condici\u00f3n.<\/li>\n<li> Ingrese los par\u00e9ntesis de cierre y presione Enter para obtener el resultado.<\/li>\n<\/ol>\n<p> Siguiendo los pasos anteriores, habr\u00e1 escrito una f\u00f3rmula que resta dos valores y prueba el resultado. Si el resultado es un n\u00famero negativo, convierta ese n\u00famero negativo a cero, o al resultado normal. <\/p>\n<pre class=\"wp-block-code\"> <code class=\"language-excel-formula\" lang=\"excel-formula\">=IF(A2-B2&lt;0,0,A2-B2)<\/code><\/pre>\n<h2 id=\"change-negative-numbers-into-a-zero-with-max-function\" class=\"wp-block-heading\"> Cambie los n\u00fameros negativos a cero con la funci\u00f3n MAX<\/h2>\n<p> Tambi\u00e9n puedes usar la funci\u00f3n MAX para cambiar un n\u00famero negativo a cero. Tomemos el mismo ejemplo. <\/p>\n<div class=\"wp-block-image\">\n<figure class=\"aligncenter size-full is-resized\"><img loading=\"lazy\" decoding=\"async\" class=\"wp-image-64147\" src=\"https:\/\/exceladvisor.org\/wp-content\/uploads\/2023\/08\/3-changer-les-nombres-negatifs-en-zero.png\" sizes=\"auto, \" srcset=\"\" alt=\"cambiar numeros negativos a cero\" width=\"401\" height=\"321\"><\/figure>\n<\/div>\n<pre class=\"wp-block-code\"> <code class=\"language-excel-formula\" lang=\"excel-formula\">=MAX(A2-B2,0)<\/code><\/pre>\n<p> En la f\u00f3rmula anterior, ha utilizado la funci\u00f3n m\u00e1xima donde un argumento es la f\u00f3rmula para restar A2 de B2 y el segundo es un cero.<\/p>\n<p> Entend\u00e1moslo de esta manera, la funci\u00f3n max devuelve los valores m\u00e1ximos de m\u00faltiples valores. Cuando el resultado de la resta es un n\u00famero positivo, devuelve ese n\u00famero, pero si el resultado es un n\u00famero negativo, devuelve cero.<\/p>\n<h2 id=\"show-a-zero-for-negative-number\" class=\"wp-block-heading\"> Mostrar un cero para un n\u00famero negativo<\/h2>\n<p> Tambi\u00e9n puede utilizar un formato personalizado para mostrar un cero para un n\u00famero negativo. Utilice los pasos a continuaci\u00f3n para aplicarlo.<\/p>\n<ol type=\"1\">\n<li> Seleccione una celda o rango de celdas.<\/li>\n<li> Presione la tecla de acceso directo Control + 1 (Comando +1 si usa Mac) para abrir el cuadro de di\u00e1logo Formato de celdas.<\/li>\n<li> Haga clic en la opci\u00f3n personalizada e ingrese 0; \u201c0\u201d; 0 en el cuadro de entrada.<\/li>\n<li> Haga clic en Aceptar para aplicar la configuraci\u00f3n. <\/li>\n<\/ol>\n<div class=\"wp-block-image\">\n<figure class=\"aligncenter size-full is-resized\"><img loading=\"lazy\" decoding=\"async\" class=\"wp-image-64148\" src=\"https:\/\/exceladvisor.org\/wp-content\/uploads\/2023\/08\/4-zero-pour-les-nombres-negatifs.png\" sizes=\"auto, \" srcset=\"\" alt=\"cero para n\u00fameros negativos\" width=\"535\" height=\"324\"><\/figure>\n<\/div>\n<p> Este m\u00e9todo no cambiar\u00e1 el valor sino el formato. El valor original permanecer\u00e1 intacto. <\/p>\n<div class=\"gb-container gb-container-52dfcee1 gb-container-sample-file\">\n<h2 class=\"gb-headline gb-headline-e289c143 gb-headline-text gb-headline-4f7959c2\"> Obtener el archivo Excel<\/h2>\n<p> <a class=\"gb-button gb-button-e88d6bee gb-button-text gb-button-button1\" href=\"https:\/\/exceladvisor.org\/wp-content\/uploads\/2023\/08\/si-negatif-alors-zero-2.xlsx\" rel=\"nofollow\">Descargar<\/a><\/div>\n<div class=\"gb-container gb-container-0df56012 gb-container-mt\"> <a class=\"gb-button gb-button-f9f432f4 gb-button-text gb-button-mt-button\" href=\"https:\/\/exceladvisor.org\/es\/formulas\/\">Lista de f\u00f3rmulas de Excel<\/a><\/p>\n<h2 class=\"gb-headline gb-headline-233444e8 gb-headline-text gb-headline-mt-heading\"> F\u00f3rmulas relacionadas <\/h2>\n<div class=\"gb-grid-wrapper gb-grid-wrapper-a16fa65c gb-grid-wrapper-mt-grid\">\n<div class=\"gb-grid-column gb-grid-column-50d07e0d\">\n<div class=\"gb-container gb-container-50d07e0d\">\n<ul>\n<li> Marque IF 0 (cero) y luego en blanco en Excel<\/li>\n<li> <a href=\"https:\/\/exceladvisor.org\/es\/comprobar-si-existe-un-valor-en-un-rango\/\">Comprobar si existe un valor en un rango en Excel<\/a><\/li>\n<li> <a href=\"https:\/\/exceladvisor.org\/es\/si-y-1\/\">Combina funciones IF y AND en Excel<\/a><\/li>\n<li> <a href=\"https:\/\/exceladvisor.org\/es\/si-o-1\/\">Combina funciones SI y O en Excel<\/a><\/li>\n<li> <a href=\"https:\/\/exceladvisor.org\/es\/si-la-celda-esta-vacia\/\">SI la celda est\u00e1 vac\u00eda (en blanco) usando SI + ES EN BLANCO en Excel<\/a> <\/li>\n<\/ul>\n<\/div>\n<\/div>\n<div class=\"gb-grid-column gb-grid-column-5b4a0cf9\">\n<div class=\"gb-container gb-container-5b4a0cf9\"><\/div>\n<\/div>\n<\/div>\n<\/div>\n","protected":false},"excerpt":{"rendered":"<p>D\u00e9jame compartir contigo un ejemplo. En la siguiente tabla, tienes una tabla con las dos listas del n\u00famero en las columnas A y B. Y en la columna C, tienes una diferencia entre los dos. Ahora aqu\u00ed necesitamos usar una f\u00f3rmula para cambiar los valores negativos a ceros. Entonces, en este tutorial veremos todas las [&hellip;]<\/p>\n","protected":false},"author":1,"featured_media":0,"parent":0,"menu_order":0,"comment_status":"open","ping_status":"closed","template":"","meta":{"ub_ctt_via":"","footnotes":""},"class_list":["post-136","page","type-page","status-publish","hentry"],"featured_image_src":null,"yoast_head":"<!-- This site is optimized with the Yoast SEO plugin v25.4 - https:\/\/yoast.com\/wordpress\/plugins\/seo\/ -->\n<title>\u00bfc\u00f3mo poner a cero los valores negativos en excel?<\/title>\n<meta name=\"robots\" content=\"index, follow, max-snippet:-1, max-image-preview:large, max-video-preview:-1\" \/>\n<link rel=\"canonical\" href=\"https:\/\/exceladvisor.org\/es\/si-es-negativo-entonces-cero\/\" \/>\n<meta property=\"og:locale\" content=\"es_ES\" \/>\n<meta property=\"og:type\" content=\"article\" \/>\n<meta property=\"og:title\" content=\"\u00bfc\u00f3mo poner a cero los valores negativos en excel?\" \/>\n<meta property=\"og:description\" content=\"D\u00e9jame compartir contigo un ejemplo. En la siguiente tabla, tienes una tabla con las dos listas del n\u00famero en las columnas A y B. Y en la columna C, tienes una diferencia entre los dos. Ahora aqu\u00ed necesitamos usar una f\u00f3rmula para cambiar los valores negativos a ceros. Entonces, en este tutorial veremos todas las [&hellip;]\" \/>\n<meta property=\"og:url\" content=\"https:\/\/exceladvisor.org\/es\/si-es-negativo-entonces-cero\/\" \/>\n<meta property=\"og:site_name\" content=\"Excel Advisor\" \/>\n<meta property=\"article:modified_time\" content=\"2023-12-25T10:26:41+00:00\" \/>\n<meta property=\"og:image\" content=\"https:\/\/exceladvisor.org\/wp-content\/uploads\/2023\/08\/1-tableau-avec-des-valeurs-negatives.png\" \/>\n<meta name=\"twitter:card\" content=\"summary_large_image\" \/>\n<meta name=\"twitter:label1\" content=\"Tiempo de lectura\" \/>\n\t<meta name=\"twitter:data1\" content=\"2 minutos\" \/>\n<script type=\"application\/ld+json\" class=\"yoast-schema-graph\">{\"@context\":\"https:\/\/schema.org\",\"@graph\":[{\"@type\":\"WebPage\",\"@id\":\"https:\/\/exceladvisor.org\/es\/si-es-negativo-entonces-cero\/\",\"url\":\"https:\/\/exceladvisor.org\/es\/si-es-negativo-entonces-cero\/\",\"name\":\"\u00bfc\u00f3mo poner a cero los valores negativos en excel?\",\"isPartOf\":{\"@id\":\"https:\/\/exceladvisor.org\/es\/#website\"},\"primaryImageOfPage\":{\"@id\":\"https:\/\/exceladvisor.org\/es\/si-es-negativo-entonces-cero\/#primaryimage\"},\"image\":{\"@id\":\"https:\/\/exceladvisor.org\/es\/si-es-negativo-entonces-cero\/#primaryimage\"},\"thumbnailUrl\":\"https:\/\/exceladvisor.org\/wp-content\/uploads\/2023\/08\/1-tableau-avec-des-valeurs-negatives.png\",\"datePublished\":\"2023-11-15T11:48:49+00:00\",\"dateModified\":\"2023-12-25T10:26:41+00:00\",\"breadcrumb\":{\"@id\":\"https:\/\/exceladvisor.org\/es\/si-es-negativo-entonces-cero\/#breadcrumb\"},\"inLanguage\":\"es\",\"potentialAction\":[{\"@type\":\"ReadAction\",\"target\":[\"https:\/\/exceladvisor.org\/es\/si-es-negativo-entonces-cero\/\"]}]},{\"@type\":\"ImageObject\",\"inLanguage\":\"es\",\"@id\":\"https:\/\/exceladvisor.org\/es\/si-es-negativo-entonces-cero\/#primaryimage\",\"url\":\"https:\/\/exceladvisor.org\/wp-content\/uploads\/2023\/08\/1-tableau-avec-des-valeurs-negatives.png\",\"contentUrl\":\"https:\/\/exceladvisor.org\/wp-content\/uploads\/2023\/08\/1-tableau-avec-des-valeurs-negatives.png\"},{\"@type\":\"BreadcrumbList\",\"@id\":\"https:\/\/exceladvisor.org\/es\/si-es-negativo-entonces-cero\/#breadcrumb\",\"itemListElement\":[{\"@type\":\"ListItem\",\"position\":1,\"name\":\"Hogar\",\"item\":\"https:\/\/exceladvisor.org\/es\/\"},{\"@type\":\"ListItem\",\"position\":2,\"name\":\"\u00bfc\u00f3mo poner a cero los valores negativos en excel?\"}]},{\"@type\":\"WebSite\",\"@id\":\"https:\/\/exceladvisor.org\/es\/#website\",\"url\":\"https:\/\/exceladvisor.org\/es\/\",\"name\":\"Excel Advisor\",\"description\":\"Su gu\u00eda para la dominaci\u00f3n de datos!\",\"publisher\":{\"@id\":\"https:\/\/exceladvisor.org\/es\/#organization\"},\"potentialAction\":[{\"@type\":\"SearchAction\",\"target\":{\"@type\":\"EntryPoint\",\"urlTemplate\":\"https:\/\/exceladvisor.org\/es\/?s={search_term_string}\"},\"query-input\":{\"@type\":\"PropertyValueSpecification\",\"valueRequired\":true,\"valueName\":\"search_term_string\"}}],\"inLanguage\":\"es\"},{\"@type\":\"Organization\",\"@id\":\"https:\/\/exceladvisor.org\/es\/#organization\",\"name\":\"Excel Advisor\",\"url\":\"https:\/\/exceladvisor.org\/es\/\",\"logo\":{\"@type\":\"ImageObject\",\"inLanguage\":\"es\",\"@id\":\"https:\/\/exceladvisor.org\/es\/#\/schema\/logo\/image\/\",\"url\":\"https:\/\/exceladvisor.org\/es\/wp-content\/uploads\/2023\/12\/exceladvisor.org_.png\",\"contentUrl\":\"https:\/\/exceladvisor.org\/es\/wp-content\/uploads\/2023\/12\/exceladvisor.org_.png\",\"width\":105,\"height\":36,\"caption\":\"Excel Advisor\"},\"image\":{\"@id\":\"https:\/\/exceladvisor.org\/es\/#\/schema\/logo\/image\/\"}}]}<\/script>\n<!-- \/ Yoast SEO plugin. -->","yoast_head_json":{"title":"\u00bfc\u00f3mo poner a cero los valores negativos en excel?","robots":{"index":"index","follow":"follow","max-snippet":"max-snippet:-1","max-image-preview":"max-image-preview:large","max-video-preview":"max-video-preview:-1"},"canonical":"https:\/\/exceladvisor.org\/es\/si-es-negativo-entonces-cero\/","og_locale":"es_ES","og_type":"article","og_title":"\u00bfc\u00f3mo poner a cero los valores negativos en excel?","og_description":"D\u00e9jame compartir contigo un ejemplo. En la siguiente tabla, tienes una tabla con las dos listas del n\u00famero en las columnas A y B. Y en la columna C, tienes una diferencia entre los dos. Ahora aqu\u00ed necesitamos usar una f\u00f3rmula para cambiar los valores negativos a ceros. Entonces, en este tutorial veremos todas las [&hellip;]","og_url":"https:\/\/exceladvisor.org\/es\/si-es-negativo-entonces-cero\/","og_site_name":"Excel Advisor","article_modified_time":"2023-12-25T10:26:41+00:00","og_image":[{"url":"https:\/\/exceladvisor.org\/wp-content\/uploads\/2023\/08\/1-tableau-avec-des-valeurs-negatives.png","type":"","width":"","height":""}],"twitter_card":"summary_large_image","twitter_misc":{"Tiempo de lectura":"2 minutos"},"schema":{"@context":"https:\/\/schema.org","@graph":[{"@type":"WebPage","@id":"https:\/\/exceladvisor.org\/es\/si-es-negativo-entonces-cero\/","url":"https:\/\/exceladvisor.org\/es\/si-es-negativo-entonces-cero\/","name":"\u00bfc\u00f3mo poner a cero los valores negativos en excel?","isPartOf":{"@id":"https:\/\/exceladvisor.org\/es\/#website"},"primaryImageOfPage":{"@id":"https:\/\/exceladvisor.org\/es\/si-es-negativo-entonces-cero\/#primaryimage"},"image":{"@id":"https:\/\/exceladvisor.org\/es\/si-es-negativo-entonces-cero\/#primaryimage"},"thumbnailUrl":"https:\/\/exceladvisor.org\/wp-content\/uploads\/2023\/08\/1-tableau-avec-des-valeurs-negatives.png","datePublished":"2023-11-15T11:48:49+00:00","dateModified":"2023-12-25T10:26:41+00:00","breadcrumb":{"@id":"https:\/\/exceladvisor.org\/es\/si-es-negativo-entonces-cero\/#breadcrumb"},"inLanguage":"es","potentialAction":[{"@type":"ReadAction","target":["https:\/\/exceladvisor.org\/es\/si-es-negativo-entonces-cero\/"]}]},{"@type":"ImageObject","inLanguage":"es","@id":"https:\/\/exceladvisor.org\/es\/si-es-negativo-entonces-cero\/#primaryimage","url":"https:\/\/exceladvisor.org\/wp-content\/uploads\/2023\/08\/1-tableau-avec-des-valeurs-negatives.png","contentUrl":"https:\/\/exceladvisor.org\/wp-content\/uploads\/2023\/08\/1-tableau-avec-des-valeurs-negatives.png"},{"@type":"BreadcrumbList","@id":"https:\/\/exceladvisor.org\/es\/si-es-negativo-entonces-cero\/#breadcrumb","itemListElement":[{"@type":"ListItem","position":1,"name":"Hogar","item":"https:\/\/exceladvisor.org\/es\/"},{"@type":"ListItem","position":2,"name":"\u00bfc\u00f3mo poner a cero los valores negativos en excel?"}]},{"@type":"WebSite","@id":"https:\/\/exceladvisor.org\/es\/#website","url":"https:\/\/exceladvisor.org\/es\/","name":"Excel Advisor","description":"Su gu\u00eda para la dominaci\u00f3n de datos!","publisher":{"@id":"https:\/\/exceladvisor.org\/es\/#organization"},"potentialAction":[{"@type":"SearchAction","target":{"@type":"EntryPoint","urlTemplate":"https:\/\/exceladvisor.org\/es\/?s={search_term_string}"},"query-input":{"@type":"PropertyValueSpecification","valueRequired":true,"valueName":"search_term_string"}}],"inLanguage":"es"},{"@type":"Organization","@id":"https:\/\/exceladvisor.org\/es\/#organization","name":"Excel Advisor","url":"https:\/\/exceladvisor.org\/es\/","logo":{"@type":"ImageObject","inLanguage":"es","@id":"https:\/\/exceladvisor.org\/es\/#\/schema\/logo\/image\/","url":"https:\/\/exceladvisor.org\/es\/wp-content\/uploads\/2023\/12\/exceladvisor.org_.png","contentUrl":"https:\/\/exceladvisor.org\/es\/wp-content\/uploads\/2023\/12\/exceladvisor.org_.png","width":105,"height":36,"caption":"Excel Advisor"},"image":{"@id":"https:\/\/exceladvisor.org\/es\/#\/schema\/logo\/image\/"}}]}},"yoast_meta":{"yoast_wpseo_title":"","yoast_wpseo_metadesc":"","yoast_wpseo_canonical":""},"_links":{"self":[{"href":"https:\/\/exceladvisor.org\/es\/wp-json\/wp\/v2\/pages\/136","targetHints":{"allow":["GET"]}}],"collection":[{"href":"https:\/\/exceladvisor.org\/es\/wp-json\/wp\/v2\/pages"}],"about":[{"href":"https:\/\/exceladvisor.org\/es\/wp-json\/wp\/v2\/types\/page"}],"author":[{"embeddable":true,"href":"https:\/\/exceladvisor.org\/es\/wp-json\/wp\/v2\/users\/1"}],"replies":[{"embeddable":true,"href":"https:\/\/exceladvisor.org\/es\/wp-json\/wp\/v2\/comments?post=136"}],"version-history":[{"count":1,"href":"https:\/\/exceladvisor.org\/es\/wp-json\/wp\/v2\/pages\/136\/revisions"}],"predecessor-version":[{"id":1155,"href":"https:\/\/exceladvisor.org\/es\/wp-json\/wp\/v2\/pages\/136\/revisions\/1155"}],"wp:attachment":[{"href":"https:\/\/exceladvisor.org\/es\/wp-json\/wp\/v2\/media?parent=136"}],"curies":[{"name":"wp","href":"https:\/\/api.w.org\/{rel}","templated":true}]}}