{"id":137,"date":"2023-11-15T11:37:07","date_gmt":"2023-11-15T11:37:07","guid":{"rendered":"https:\/\/exceladvisor.org\/es\/referencia-3d\/"},"modified":"2023-12-25T10:25:31","modified_gmt":"2023-12-25T10:25:31","slug":"referencia-3d","status":"publish","type":"page","link":"https:\/\/exceladvisor.org\/es\/referencia-3d\/","title":{"rendered":"\u00bfc\u00f3mo crear una referencia 3d en excel?"},"content":{"rendered":"<div class=\"excel-antes-del-contenido\" id=\"excel-1929482735\"><script type=\"text\/javascript\">\r\n\tatOptions = {\r\n\t\t'key' : 'c1158f160081d6540a8409e6925dab94',\r\n\t\t'format' : 'iframe',\r\n\t\t'height' : 250,\r\n\t\t'width' : 300,\r\n\t\t'params' : {}\r\n\t};\r\n<\/script>\r\n<script type=\"text\/javascript\" src=\"\/\/www.highperformanceformat.com\/c1158f160081d6540a8409e6925dab94\/invoke.js\"><\/script><\/div><p>Todos queremos ahorrar tiempo. Adem\u00e1s, utilizar Referencia 3D en Excel puede ahorrar mucho tiempo.<\/p>\n<p> Es como un gr\u00e1fico o imagen tridimensional con m\u00e1s de una fase. <span style=\"font-size: 1em;\">Un rango normal es para un grupo de celdas en una sola hoja de trabajo.<\/span><\/p>\n<p> Por ejemplo, en =SUMA(Hoja1!A1:A10), \u00abA1:A10\u00bb es un grupo de celdas al que se hace referencia desde la Hoja1.<\/p>\n<p> Sin embargo, una referencia 3D es un rango de celdas en las que puede hacer referencia a las mismas celdas de varias hojas de trabajo utilizando una \u00fanica referencia. En t\u00e9rminos simples, haga referencia a la misma celda o rango en varias hojas.<\/p>\n<h2 id=\"h-create-a-3d-reference\" class=\"wp-block-heading\"> Crear una referencia 3D<\/h2>\n<p> Lo \u00fanico que debe tener en cuenta antes de utilizar una referencia 3D es que todas las hojas de trabajo deben estar en una secuencia. Dejame mostrarte un ejemplo. <\/p>\n<div class=\"wp-block-image\">\n<figure class=\"aligncenter\"><img decoding=\"async\" src=\"https:\/\/exceladvisor.org\/wp-content\/uploads\/2023\/08\/Ajouter-des-feuilles-de-calcul-pour-utiliser-la-plage-Excel-3D.png\" sizes=\"\" srcset=\"\" alt=\"Agregue hojas de trabajo para usar el rango 3D de Excel\"><\/figure>\n<\/div>\n<p> Ahora aqu\u00ed tienes 5 hojas de trabajo en un libro de trabajo. Entonces, si desea calcular la suma del rango C5:D6 de las 5 hojas de trabajo, debe usar una f\u00f3rmula como la siguiente.<\/p>\n<pre class=\"wp-block-code\"> <code class=\"language-excel-formula\" lang=\"excel-formula\">=('2009'!A1:A10,'2010'!A1:A10,'2011'!A1:A10,'2012'!A1:A10,'2013'!A1:A10)<\/code><\/pre>\n<p> Pero si quieres crear una f\u00f3rmula 3D con una referencia 3D, ser\u00e1 algo como esto.<\/p>\n<pre class=\"wp-block-code\"> <code class=\"language-excel-formula\" lang=\"excel-formula\">=SUM('2009:2013'!A1:A10)<\/code><\/pre>\n<h2 id=\"h-how-3d-reference-works-in-excel\" class=\"wp-block-heading\"> C\u00f3mo funciona la referencia 3D en Excel<\/h2>\n<p> Una f\u00f3rmula de rango 3D siempre funciona en dos partes diferentes. <\/p>\n<div class=\"wp-block-image\">\n<figure class=\"aligncenter\"><img decoding=\"async\" src=\"https:\/\/exceladvisor.org\/wp-content\/uploads\/2023\/08\/Comment-fonctionne-la-gamme-Excel-3D-1.png\" sizes=\"\" srcset=\"\" alt=\"C\u00f3mo funciona el rango 3D de Excel\"><\/figure>\n<\/div>\n<ul>\n<li> <strong>Primero:<\/strong> un rango de hoja de trabajo: al igual que un rango de celdas, debe crear un rango de hoja de trabajo desde el cual desea hacer referencia a las celdas. El rango de la hoja de trabajo debe ser un rango continuo. En el ejemplo anterior, tengo 5 hojas de c\u00e1lculo de 2009 a 2013.<\/li>\n<li> <strong>Segundo<\/strong> : una variedad de celdas. Un rango normal de celdas al que <span style=\"font-size: revert;\">desea hacer referencia en todas las hojas de trabajo.<\/span><\/li>\n<\/ul>\n<h2 id=\"h-adding-a-new-worksheet\" class=\"wp-block-heading\"> Agregar una nueva hoja de c\u00e1lculo<\/h2>\n<p> Digamos que insertas una hoja de trabajo entre 2009 y 2013. Autom\u00e1ticamente incluir\u00e1 el valor del rango A1:A10 de la nueva hoja en la funci\u00f3n que utilices. <\/p>\n<div class=\"wp-block-image\">\n<figure class=\"aligncenter\"><img decoding=\"async\" src=\"https:\/\/exceladvisor.org\/wp-content\/uploads\/2023\/08\/Comment-creer-une-plage-3D5-1.png\" sizes=\"\" srcset=\"\" alt=\"m\u00e1s informaci\u00f3n sobre c\u00f3mo agregar nuevas hojas de trabajo al rango 3D\"><\/figure>\n<\/div>\n<h2 id=\"h-deleting-a-worksheet\" class=\"wp-block-heading\"> Eliminar una hoja de c\u00e1lculo:<\/h2>\n<p> Si elimina una hoja de trabajo de 2009 a 2013, esto excluir\u00e1 autom\u00e1ticamente el valor de la celda C4 de la funci\u00f3n que est\u00e1 utilizando.<\/p>\n<h2 id=\"h-the-sequence-of-worksheets\" class=\"wp-block-heading\"> La secuencia de la hoja de trabajo:<\/h2>\n<p> En este ejemplo, el rango de la hoja de trabajo comienza en la \u00abHoja 2009\u00bb y termina en la \u00abHoja 2013\u00bb. El punto es que si mueves una hoja fuera de este rango, esa hoja ser\u00e1 excluida del c\u00e1lculo de la f\u00f3rmula.<\/p>\n<h2 id=\"h-conclusion\" class=\"wp-block-heading\"> Conclusi\u00f3n<\/h2>\n<p> Uno de los beneficios m\u00e1s importantes de las referencias 3D es que pueden acortar f\u00f3rmulas complejas. No es necesario hacer referencia a todas las hojas de trabajo por separado en las f\u00f3rmulas. Y espero que este m\u00e9todo te ayude a escribir mejores f\u00f3rmulas.<\/p>\n<p> Ahora dime una cosa. \u00bfAlguna vez has probado esto antes? Comparta sus pensamientos conmigo en la secci\u00f3n de comentarios, me encantar\u00eda saber de usted. Y no olvides compartir con tus amigos. <\/p>\n<div class=\"gb-container gb-container-bafb25cc gb-container-download-2\">\n<div class=\"gb-grid-wrapper gb-grid-wrapper-91201309\">\n<div class=\"gb-grid-column gb-grid-column-15a917ef\">\n<div class=\"gb-container gb-container-15a917ef\">\n<h2 class=\"gb-headline gb-headline-f2deb261 gb-headline-text gb-headline-download-2\"> Obtener el archivo Excel <\/h2>\n<\/div>\n<\/div>\n<div class=\"gb-grid-column gb-grid-column-18357188\">\n<div class=\"gb-container gb-container-18357188\">\n<div class=\"gb-container gb-container-76cbe15e\"> <a class=\"gb-button gb-button-cb63d00a gb-button-text gb-button-download-2\" href=\"https:\/\/exceladvisor.org\/wp-content\/uploads\/2023\/08\/gamme-3d.xlsx\" rel=\"nofollow\">Descargar<\/a><\/div>\n<\/div>\n<\/div>\n<\/div>\n<\/div>\n<div class=\"gb-container gb-container-0df56012 gb-container-mt\"> <a class=\"gb-button gb-button-f9f432f4 gb-button-text gb-button-mt-button\" href=\"https:\/\/exceladvisor.org\/es\/formulas\/\">Lista de f\u00f3rmulas de Excel<\/a><\/p>\n<h2 class=\"gb-headline gb-headline-233444e8 gb-headline-text gb-headline-mt-heading\"> F\u00f3rmulas relacionadas <\/h2>\n<div class=\"gb-grid-wrapper gb-grid-wrapper-a16fa65c gb-grid-wrapper-mt-grid\">\n<div class=\"gb-grid-column gb-grid-column-50d07e0d\">\n<div class=\"gb-container gb-container-50d07e0d\">\n<ul>\n<li> <a href=\"https:\/\/exceladvisor.org\/es\/comodines-2\/\">Comodines en Excel<\/a><\/li>\n<li> <a href=\"https:\/\/exceladvisor.org\/es\/ocultar-formula\/\">Ocultar f\u00f3rmula en Excel<\/a><\/li>\n<li> <a href=\"https:\/\/exceladvisor.org\/es\/r1c1\/\">Estilo de referencia R1C1 en Excel<\/a> <\/li>\n<\/ul>\n<\/div>\n<\/div>\n<div class=\"gb-grid-column gb-grid-column-5b4a0cf9\">\n<div class=\"gb-container gb-container-5b4a0cf9\"><\/div>\n<\/div>\n<\/div>\n<\/div>\n","protected":false},"excerpt":{"rendered":"<p>Todos queremos ahorrar tiempo. Adem\u00e1s, utilizar Referencia 3D en Excel puede ahorrar mucho tiempo. Es como un gr\u00e1fico o imagen tridimensional con m\u00e1s de una fase. Un rango normal es para un grupo de celdas en una sola hoja de trabajo. Por ejemplo, en =SUMA(Hoja1!A1:A10), \u00abA1:A10\u00bb es un grupo de celdas al que se hace [&hellip;]<\/p>\n","protected":false},"author":1,"featured_media":0,"parent":0,"menu_order":0,"comment_status":"open","ping_status":"closed","template":"","meta":{"ub_ctt_via":"","footnotes":""},"class_list":["post-137","page","type-page","status-publish","hentry"],"featured_image_src":null,"yoast_head":"<!-- This site is optimized with the Yoast SEO plugin v25.4 - https:\/\/yoast.com\/wordpress\/plugins\/seo\/ -->\n<title>\u00bfc\u00f3mo crear una referencia 3d en excel?<\/title>\n<meta name=\"robots\" content=\"index, follow, max-snippet:-1, max-image-preview:large, max-video-preview:-1\" \/>\n<link rel=\"canonical\" href=\"https:\/\/exceladvisor.org\/es\/referencia-3d\/\" \/>\n<meta property=\"og:locale\" content=\"es_ES\" \/>\n<meta property=\"og:type\" content=\"article\" \/>\n<meta property=\"og:title\" content=\"\u00bfc\u00f3mo crear una referencia 3d en excel?\" \/>\n<meta property=\"og:description\" content=\"Todos queremos ahorrar tiempo. Adem\u00e1s, utilizar Referencia 3D en Excel puede ahorrar mucho tiempo. Es como un gr\u00e1fico o imagen tridimensional con m\u00e1s de una fase. Un rango normal es para un grupo de celdas en una sola hoja de trabajo. Por ejemplo, en =SUMA(Hoja1!A1:A10), \u00abA1:A10\u00bb es un grupo de celdas al que se hace [&hellip;]\" \/>\n<meta property=\"og:url\" content=\"https:\/\/exceladvisor.org\/es\/referencia-3d\/\" \/>\n<meta property=\"og:site_name\" content=\"Excel Advisor\" \/>\n<meta property=\"article:modified_time\" content=\"2023-12-25T10:25:31+00:00\" \/>\n<meta property=\"og:image\" content=\"https:\/\/exceladvisor.org\/wp-content\/uploads\/2023\/08\/Ajouter-des-feuilles-de-calcul-pour-utiliser-la-plage-Excel-3D.png\" \/>\n<meta name=\"twitter:card\" content=\"summary_large_image\" \/>\n<meta name=\"twitter:label1\" content=\"Tiempo de lectura\" \/>\n\t<meta name=\"twitter:data1\" content=\"3 minutos\" \/>\n<script type=\"application\/ld+json\" class=\"yoast-schema-graph\">{\"@context\":\"https:\/\/schema.org\",\"@graph\":[{\"@type\":\"WebPage\",\"@id\":\"https:\/\/exceladvisor.org\/es\/referencia-3d\/\",\"url\":\"https:\/\/exceladvisor.org\/es\/referencia-3d\/\",\"name\":\"\u00bfc\u00f3mo crear una referencia 3d en excel?\",\"isPartOf\":{\"@id\":\"https:\/\/exceladvisor.org\/es\/#website\"},\"primaryImageOfPage\":{\"@id\":\"https:\/\/exceladvisor.org\/es\/referencia-3d\/#primaryimage\"},\"image\":{\"@id\":\"https:\/\/exceladvisor.org\/es\/referencia-3d\/#primaryimage\"},\"thumbnailUrl\":\"https:\/\/exceladvisor.org\/wp-content\/uploads\/2023\/08\/Ajouter-des-feuilles-de-calcul-pour-utiliser-la-plage-Excel-3D.png\",\"datePublished\":\"2023-11-15T11:37:07+00:00\",\"dateModified\":\"2023-12-25T10:25:31+00:00\",\"breadcrumb\":{\"@id\":\"https:\/\/exceladvisor.org\/es\/referencia-3d\/#breadcrumb\"},\"inLanguage\":\"es\",\"potentialAction\":[{\"@type\":\"ReadAction\",\"target\":[\"https:\/\/exceladvisor.org\/es\/referencia-3d\/\"]}]},{\"@type\":\"ImageObject\",\"inLanguage\":\"es\",\"@id\":\"https:\/\/exceladvisor.org\/es\/referencia-3d\/#primaryimage\",\"url\":\"https:\/\/exceladvisor.org\/wp-content\/uploads\/2023\/08\/Ajouter-des-feuilles-de-calcul-pour-utiliser-la-plage-Excel-3D.png\",\"contentUrl\":\"https:\/\/exceladvisor.org\/wp-content\/uploads\/2023\/08\/Ajouter-des-feuilles-de-calcul-pour-utiliser-la-plage-Excel-3D.png\"},{\"@type\":\"BreadcrumbList\",\"@id\":\"https:\/\/exceladvisor.org\/es\/referencia-3d\/#breadcrumb\",\"itemListElement\":[{\"@type\":\"ListItem\",\"position\":1,\"name\":\"Hogar\",\"item\":\"https:\/\/exceladvisor.org\/es\/\"},{\"@type\":\"ListItem\",\"position\":2,\"name\":\"\u00bfc\u00f3mo crear una referencia 3d en excel?\"}]},{\"@type\":\"WebSite\",\"@id\":\"https:\/\/exceladvisor.org\/es\/#website\",\"url\":\"https:\/\/exceladvisor.org\/es\/\",\"name\":\"Excel Advisor\",\"description\":\"Su gu\u00eda para la dominaci\u00f3n de datos!\",\"publisher\":{\"@id\":\"https:\/\/exceladvisor.org\/es\/#organization\"},\"potentialAction\":[{\"@type\":\"SearchAction\",\"target\":{\"@type\":\"EntryPoint\",\"urlTemplate\":\"https:\/\/exceladvisor.org\/es\/?s={search_term_string}\"},\"query-input\":{\"@type\":\"PropertyValueSpecification\",\"valueRequired\":true,\"valueName\":\"search_term_string\"}}],\"inLanguage\":\"es\"},{\"@type\":\"Organization\",\"@id\":\"https:\/\/exceladvisor.org\/es\/#organization\",\"name\":\"Excel Advisor\",\"url\":\"https:\/\/exceladvisor.org\/es\/\",\"logo\":{\"@type\":\"ImageObject\",\"inLanguage\":\"es\",\"@id\":\"https:\/\/exceladvisor.org\/es\/#\/schema\/logo\/image\/\",\"url\":\"https:\/\/exceladvisor.org\/es\/wp-content\/uploads\/2023\/12\/exceladvisor.org_.png\",\"contentUrl\":\"https:\/\/exceladvisor.org\/es\/wp-content\/uploads\/2023\/12\/exceladvisor.org_.png\",\"width\":105,\"height\":36,\"caption\":\"Excel Advisor\"},\"image\":{\"@id\":\"https:\/\/exceladvisor.org\/es\/#\/schema\/logo\/image\/\"}}]}<\/script>\n<!-- \/ Yoast SEO plugin. -->","yoast_head_json":{"title":"\u00bfc\u00f3mo crear una referencia 3d en excel?","robots":{"index":"index","follow":"follow","max-snippet":"max-snippet:-1","max-image-preview":"max-image-preview:large","max-video-preview":"max-video-preview:-1"},"canonical":"https:\/\/exceladvisor.org\/es\/referencia-3d\/","og_locale":"es_ES","og_type":"article","og_title":"\u00bfc\u00f3mo crear una referencia 3d en excel?","og_description":"Todos queremos ahorrar tiempo. Adem\u00e1s, utilizar Referencia 3D en Excel puede ahorrar mucho tiempo. Es como un gr\u00e1fico o imagen tridimensional con m\u00e1s de una fase. Un rango normal es para un grupo de celdas en una sola hoja de trabajo. Por ejemplo, en =SUMA(Hoja1!A1:A10), \u00abA1:A10\u00bb es un grupo de celdas al que se hace [&hellip;]","og_url":"https:\/\/exceladvisor.org\/es\/referencia-3d\/","og_site_name":"Excel Advisor","article_modified_time":"2023-12-25T10:25:31+00:00","og_image":[{"url":"https:\/\/exceladvisor.org\/wp-content\/uploads\/2023\/08\/Ajouter-des-feuilles-de-calcul-pour-utiliser-la-plage-Excel-3D.png","type":"","width":"","height":""}],"twitter_card":"summary_large_image","twitter_misc":{"Tiempo de lectura":"3 minutos"},"schema":{"@context":"https:\/\/schema.org","@graph":[{"@type":"WebPage","@id":"https:\/\/exceladvisor.org\/es\/referencia-3d\/","url":"https:\/\/exceladvisor.org\/es\/referencia-3d\/","name":"\u00bfc\u00f3mo crear una referencia 3d en excel?","isPartOf":{"@id":"https:\/\/exceladvisor.org\/es\/#website"},"primaryImageOfPage":{"@id":"https:\/\/exceladvisor.org\/es\/referencia-3d\/#primaryimage"},"image":{"@id":"https:\/\/exceladvisor.org\/es\/referencia-3d\/#primaryimage"},"thumbnailUrl":"https:\/\/exceladvisor.org\/wp-content\/uploads\/2023\/08\/Ajouter-des-feuilles-de-calcul-pour-utiliser-la-plage-Excel-3D.png","datePublished":"2023-11-15T11:37:07+00:00","dateModified":"2023-12-25T10:25:31+00:00","breadcrumb":{"@id":"https:\/\/exceladvisor.org\/es\/referencia-3d\/#breadcrumb"},"inLanguage":"es","potentialAction":[{"@type":"ReadAction","target":["https:\/\/exceladvisor.org\/es\/referencia-3d\/"]}]},{"@type":"ImageObject","inLanguage":"es","@id":"https:\/\/exceladvisor.org\/es\/referencia-3d\/#primaryimage","url":"https:\/\/exceladvisor.org\/wp-content\/uploads\/2023\/08\/Ajouter-des-feuilles-de-calcul-pour-utiliser-la-plage-Excel-3D.png","contentUrl":"https:\/\/exceladvisor.org\/wp-content\/uploads\/2023\/08\/Ajouter-des-feuilles-de-calcul-pour-utiliser-la-plage-Excel-3D.png"},{"@type":"BreadcrumbList","@id":"https:\/\/exceladvisor.org\/es\/referencia-3d\/#breadcrumb","itemListElement":[{"@type":"ListItem","position":1,"name":"Hogar","item":"https:\/\/exceladvisor.org\/es\/"},{"@type":"ListItem","position":2,"name":"\u00bfc\u00f3mo crear una referencia 3d en excel?"}]},{"@type":"WebSite","@id":"https:\/\/exceladvisor.org\/es\/#website","url":"https:\/\/exceladvisor.org\/es\/","name":"Excel Advisor","description":"Su gu\u00eda para la dominaci\u00f3n de datos!","publisher":{"@id":"https:\/\/exceladvisor.org\/es\/#organization"},"potentialAction":[{"@type":"SearchAction","target":{"@type":"EntryPoint","urlTemplate":"https:\/\/exceladvisor.org\/es\/?s={search_term_string}"},"query-input":{"@type":"PropertyValueSpecification","valueRequired":true,"valueName":"search_term_string"}}],"inLanguage":"es"},{"@type":"Organization","@id":"https:\/\/exceladvisor.org\/es\/#organization","name":"Excel Advisor","url":"https:\/\/exceladvisor.org\/es\/","logo":{"@type":"ImageObject","inLanguage":"es","@id":"https:\/\/exceladvisor.org\/es\/#\/schema\/logo\/image\/","url":"https:\/\/exceladvisor.org\/es\/wp-content\/uploads\/2023\/12\/exceladvisor.org_.png","contentUrl":"https:\/\/exceladvisor.org\/es\/wp-content\/uploads\/2023\/12\/exceladvisor.org_.png","width":105,"height":36,"caption":"Excel Advisor"},"image":{"@id":"https:\/\/exceladvisor.org\/es\/#\/schema\/logo\/image\/"}}]}},"yoast_meta":{"yoast_wpseo_title":"","yoast_wpseo_metadesc":"","yoast_wpseo_canonical":""},"_links":{"self":[{"href":"https:\/\/exceladvisor.org\/es\/wp-json\/wp\/v2\/pages\/137","targetHints":{"allow":["GET"]}}],"collection":[{"href":"https:\/\/exceladvisor.org\/es\/wp-json\/wp\/v2\/pages"}],"about":[{"href":"https:\/\/exceladvisor.org\/es\/wp-json\/wp\/v2\/types\/page"}],"author":[{"embeddable":true,"href":"https:\/\/exceladvisor.org\/es\/wp-json\/wp\/v2\/users\/1"}],"replies":[{"embeddable":true,"href":"https:\/\/exceladvisor.org\/es\/wp-json\/wp\/v2\/comments?post=137"}],"version-history":[{"count":1,"href":"https:\/\/exceladvisor.org\/es\/wp-json\/wp\/v2\/pages\/137\/revisions"}],"predecessor-version":[{"id":1073,"href":"https:\/\/exceladvisor.org\/es\/wp-json\/wp\/v2\/pages\/137\/revisions\/1073"}],"wp:attachment":[{"href":"https:\/\/exceladvisor.org\/es\/wp-json\/wp\/v2\/media?parent=137"}],"curies":[{"name":"wp","href":"https:\/\/api.w.org\/{rel}","templated":true}]}}