{"id":14,"date":"2023-11-22T03:33:36","date_gmt":"2023-11-22T03:33:36","guid":{"rendered":"https:\/\/exceladvisor.org\/es\/ventajas-de-microsoft-excel\/"},"modified":"2023-12-25T10:33:29","modified_gmt":"2023-12-25T10:33:29","slug":"ventajas-de-microsoft-excel","status":"publish","type":"page","link":"https:\/\/exceladvisor.org\/es\/ventajas-de-microsoft-excel\/","title":{"rendered":"Los 10 principales beneficios de microsoft excel"},"content":{"rendered":"<div class=\"excel-antes-del-contenido\" id=\"excel-3125308142\"><script type=\"text\/javascript\">\r\n\tatOptions = {\r\n\t\t'key' : 'c1158f160081d6540a8409e6925dab94',\r\n\t\t'format' : 'iframe',\r\n\t\t'height' : 250,\r\n\t\t'width' : 300,\r\n\t\t'params' : {}\r\n\t};\r\n<\/script>\r\n<script type=\"text\/javascript\" src=\"\/\/www.highperformanceformat.com\/c1158f160081d6540a8409e6925dab94\/invoke.js\"><\/script><\/div><p>Como la aplicaci\u00f3n de hoja de c\u00e1lculo m\u00e1s importante del planeta, Microsoft Excel tiene muchas ventajas para cualquiera que sepa c\u00f3mo utilizarlo.<\/p>\n<p> Y si eres de esas personas <a href=\"https:\/\/exceladvisor.org\/es\/conceptos-basicos-de-excel\/\">que quiere aprenderlo<\/a> y se pregunta c\u00f3mo puede ayudarte en tu trabajo, aqu\u00ed te enumero los diez principales beneficios de Microsoft Excel.<\/p>\n<h2 class=\"wp-block-heading\"> 10 beneficios de Microsoft Excel<\/h2>\n<ol>\n<li> La mejor manera de almacenar datos<\/li>\n<li> Puedes realizar c\u00e1lculos.<\/li>\n<li> Todas las herramientas de an\u00e1lisis de datos.<\/li>\n<li> Visualizaciones de datos sencillas con gr\u00e1ficos.<\/li>\n<li> Puede imprimir informes f\u00e1cilmente<\/li>\n<li> Tantas plantillas gratuitas para usar<\/li>\n<li> Puedes codificar para automatizar<\/li>\n<li> Transformar y limpiar datos<\/li>\n<li> Almacene datos con millones de filas<\/li>\n<li> Puedes trabajar con Excel online + aplicaci\u00f3n m\u00f3vil<\/li>\n<\/ol>\n<h3 class=\"wp-block-heading\"> 1. La mejor forma de almacenar datos<\/h3>\n<p> Incluso si no utilizas ninguna de las opciones o herramientas que te brinda Excel, es la mejor manera de almacenar datos. Por qu\u00e9 digo esto porque Excel es un tipo de aplicaci\u00f3n utilizada por millones de personas. <\/p>\n<div class=\"wp-block-image\">\n<figure class=\"aligncenter size-large is-resized\"><img loading=\"lazy\" decoding=\"async\" class=\"wp-image-48570\" src=\"https:\/\/exceladvisor.org\/wp-content\/uploads\/2023\/08\/1-meilleure-facon-de-stocker-des-donnees.png\" sizes=\"auto, \" srcset=\"\" alt=\"La mejor manera de almacenar datos\" width=\"579\" height=\"108\"><\/figure>\n<\/div>\n<p> Entonces, cuando almacena datos en Excel y luego los comparte con otras personas, ellos pueden acceder a ellos f\u00e1cilmente.<\/p>\n<h3 class=\"wp-block-heading\"> 2. Puedes hacer c\u00e1lculos<\/h3>\n<p> Lo que convierte a Excel en la mejor hoja de c\u00e1lculo del mundo es su capacidad para realizar c\u00e1lculos. En Excel, tiene una lista completa de funciones que puede utilizar para los c\u00e1lculos. <\/p>\n<div class=\"wp-block-image\">\n<figure class=\"aligncenter size-large is-resized\"><img loading=\"lazy\" decoding=\"async\" class=\"wp-image-48571\" src=\"https:\/\/exceladvisor.org\/wp-content\/uploads\/2023\/08\/2-effectuer-des-calculs.png\" sizes=\"auto, \" srcset=\"\" alt=\"realizar c\u00e1lculos\" width=\"569\" height=\"141\"><\/figure>\n<\/div>\n<p> B\u00e1sicamente, una funci\u00f3n de Excel es una f\u00f3rmula predefinida que devuelve un resultado espec\u00edfico en funci\u00f3n de los valores que especificas.<\/p>\n<p> Pero aparte de eso, tambi\u00e9n puedes crear tus propias f\u00f3rmulas combinando dos o m\u00e1s funciones o simplemente realizando c\u00e1lculos utilizando operadores.<\/p>\n<ul>\n<li> <a href=\"https:\/\/exceladvisor.org\/es\/formulas\/\">Lista de m\u00e1s de 100 f\u00f3rmulas de Excel<\/a><\/li>\n<li> <a href=\"https:\/\/exceladvisor.org\/es\/funciones-de-excel\/\">Lista de m\u00e1s de 100 funciones de Excel<\/a><\/li>\n<\/ul>\n<p> <em><strong>F\u00f3rmulas r\u00e1pidas:<\/strong> <a href=\"https:\/\/exceladvisor.org\/es\/calcular-la-diferencia-horaria\/\">Calcular diferencia horaria<\/a> \u2013 <a href=\"https:\/\/exceladvisor.org\/es\/interes-compuesto\/\">Inter\u00e9s compuesto<\/a> \u2013 <a href=\"https:\/\/exceladvisor.org\/es\/contar-celdas-con-texto\/\">Contar celdas con texto<\/a> \u2013 <a href=\"https:\/\/exceladvisor.org\/es\/contar-valores-unicos-1\/\">Contar valores \u00fanicos<\/a> \u2013 <a href=\"https:\/\/exceladvisor.org\/es\/cuarto\/\">F\u00f3rmula de trimestre<\/a><\/em><\/p>\n<h3 class=\"wp-block-heading\"> 3. Todas las herramientas de an\u00e1lisis de datos.<\/h3>\n<p> La raz\u00f3n principal para tener datos es analizarlos y aprender de ellos. La buena noticia es que Excel tiene algunas de las herramientas m\u00e1s poderosas para analizar datos.<\/p>\n<p> Imagine que tiene datos con miles de filas, puede insertar una tabla din\u00e1mica a partir de estos datos y crear una tabla resumen. <\/p>\n<div class=\"wp-block-image\">\n<figure class=\"aligncenter size-large is-resized\"><img loading=\"lazy\" decoding=\"async\" class=\"wp-image-48572\" src=\"https:\/\/exceladvisor.org\/wp-content\/uploads\/2023\/08\/3-analyses-ata.png\" sizes=\"auto, \" srcset=\"\" alt=\"an\u00e1lisis de los datos\" width=\"497\" height=\"270\"><\/figure>\n<\/div>\n<p> <em>Algunas de las cosas que puede hacer con las tablas din\u00e1micas para analizar datos: <a href=\"https:\/\/exceladvisor.org\/es\/citas-grupales\/\">Agrupar fechas en una tabla din\u00e1mica<\/a> \u2013 <a href=\"https:\/\/exceladvisor.org\/es\/aplicar-formato-condicional\/\">Formato condicional en una tabla din\u00e1mica<\/a> \u2013 <a href=\"https:\/\/exceladvisor.org\/es\/columna-de-rangos\/\">Clasificaci\u00f3n de columnas en una tabla din\u00e1mica<\/a> \u2013 <a href=\"https:\/\/exceladvisor.org\/es\/filtro-de-linea-de-tiempo\/\">Agregar una l\u00ednea de tiempo de fecha a una tabla din\u00e1mica<\/a> \u2013 <a href=\"https:\/\/exceladvisor.org\/es\/total-acumulado\/\">Columna de total acumulado en una tabla din\u00e1mica<\/a><\/em><\/p>\n<h3 class=\"wp-block-heading\"> 4. Visualizaciones de datos f\u00e1ciles de crear con gr\u00e1ficos<\/h3>\n<p> En Excel, tiene todas estas opciones para crear gr\u00e1ficos y presentar sus datos visualmente. Todos estos tipos de gr\u00e1ficos principales que necesita utilizar para presentar sus datos ya est\u00e1n ah\u00ed y puede insertarlos con solo un clic.<\/p>\n<p> Si va a la pesta\u00f1a Insertar, en el grupo Gr\u00e1ficos, podr\u00e1 encontrar todos los gr\u00e1ficos que puede insertar. <\/p>\n<div class=\"wp-block-image\">\n<figure class=\"aligncenter size-large is-resized\"><img loading=\"lazy\" decoding=\"async\" class=\"wp-image-48573\" src=\"https:\/\/exceladvisor.org\/wp-content\/uploads\/2023\/08\/4-graphiques-de-visualisation-de-donnees.png\" sizes=\"auto, \" srcset=\"\" alt=\"tabla de visualizaci\u00f3n de datos\" width=\"531\" height=\"114\"><\/figure>\n<\/div>\n<p> Adem\u00e1s de esto, tambi\u00e9n hay un bot\u00f3n llamado Gr\u00e1ficos recomendados que puede usar para permitir que Microsoft Excel recomiende el mejor gr\u00e1fico posible para usar con los datos que tiene en su hoja de c\u00e1lculo. <\/p>\n<div class=\"wp-block-image\">\n<figure class=\"aligncenter size-large is-resized\"><img loading=\"lazy\" decoding=\"async\" class=\"wp-image-48574\" src=\"https:\/\/exceladvisor.org\/wp-content\/uploads\/2023\/08\/5-insert-graphique.png\" sizes=\"auto, \" srcset=\"\" alt=\"insertar-gr\u00e1fico\" width=\"551\" height=\"424\"><\/figure>\n<\/div>\n<p> Y si cree que necesita algo m\u00e1s que los gr\u00e1ficos predeterminados, tiene la opci\u00f3n de crear gr\u00e1ficos avanzados utilizando m\u00e9todos espec\u00edficos.<\/p>\n<p> Aqu\u00ed tenemos una lista de<a href=\"https:\/\/exceladvisor.org\/es\/graficos-avanzados\/\" target=\"_blank\" rel=\"noreferrer noopener\">los 10 mejores gr\u00e1ficos avanzados de Excel<\/a> que puede usar en Excel. Y tambi\u00e9n puede crear gr\u00e1ficos en las celdas para que sus datos sean f\u00e1cilmente comprensibles para todos.<\/p>\n<h3 class=\"wp-block-heading\"> 5. Puede imprimir informes f\u00e1cilmente<\/h3>\n<p> Incluso si le gusta salvar \u00e1rboles, es posible que necesite imprimir informes para compartirlos con otras personas o mostr\u00e1rselos a alguien.<\/p>\n<p> Bueno, Excel te permite imprimir con mucha personalizaci\u00f3n donde puedes cambiar el margen, el tama\u00f1o del papel, la orientaci\u00f3n, etc. <\/p>\n<div class=\"wp-block-image\">\n<figure class=\"aligncenter size-large is-resized\"><img loading=\"lazy\" decoding=\"async\" class=\"wp-image-48575\" src=\"https:\/\/exceladvisor.org\/wp-content\/uploads\/2023\/08\/6-impression-facile.png\" sizes=\"auto, \" srcset=\"\" alt=\"impresi\u00f3n f\u00e1cil\" width=\"368\" height=\"134\"><\/figure>\n<\/div>\n<p> Hay una gran cantidad de opciones que puede utilizar para dise\u00f1ar antes de imprimir un informe.<\/p>\n<h3 class=\"wp-block-heading\"> 6. Tantas plantillas gratuitas para usar<\/h3>\n<p> Una de las cosas m\u00e1s populares de Excel es que puede crear paneles y plantillas. <\/p>\n<div class=\"wp-block-image\">\n<figure class=\"aligncenter size-large is-resized\"><img loading=\"lazy\" decoding=\"async\" class=\"wp-image-48576\" src=\"https:\/\/exceladvisor.org\/wp-content\/uploads\/2023\/08\/7-utiliser-des-modeles.png\" sizes=\"auto, \" srcset=\"\" alt=\"usar plantillas\" width=\"654\" height=\"302\"><\/figure>\n<\/div>\n<p> Hay un mont\u00f3n de plantillas gratuitas que puedes descargar y utilizar. Plantillas de Excel gratuitas para comenzar<\/p>\n<ul>\n<li> <a href=\"https:\/\/exceladvisor.org\/es\/plantilla-de-gestion-de-inventario-formularios-de-usuario-excel-vba\/\">Plantilla de inventario de Excel con f\u00f3rmulas<\/a><\/li>\n<li> <a href=\"https:\/\/exceladvisor.org\/es\/reporte-de-ventas\/\">Modelo de ventas<\/a><\/li>\n<li> <a href=\"https:\/\/exceladvisor.org\/es\/grafico-de-gantt\/\">Seguimiento de gastos<\/a><\/li>\n<\/ul>\n<h3 class=\"wp-block-heading\"> 7. Puedes codificar para automatizar<\/h3>\n<p> Microsoft Office tiene su propio lenguaje de codificaci\u00f3n llamado VBA (visual basic para aplicaciones) y le permite escribir c\u00f3digo para casi cualquier actividad que realice manualmente en Excel. <\/p>\n<div class=\"wp-block-image\">\n<figure class=\"aligncenter size-large is-resized\"><img loading=\"lazy\" decoding=\"async\" class=\"wp-image-48577\" src=\"https:\/\/exceladvisor.org\/wp-content\/uploads\/2023\/08\/8-codes-vba.png\" sizes=\"auto, \" srcset=\"\" alt=\"c\u00f3digo vba\" width=\"661\" height=\"357\"><\/figure>\n<\/div>\n<p> Puedes automatizar todo tipo de actividades, desde las m\u00e1s simples (texto en negrita) hasta las m\u00e1s complejas (insertar una tabla din\u00e1mica) usando c\u00f3digo VBA.<\/p>\n<p> <strong>Comience a aprender VBA<\/strong><\/p>\n<ul>\n<li> <a href=\"https:\/\/exceladvisor.org\/es\/vba\/\">Tutorial de Excel VBA (Gu\u00eda cap\u00edtulo por cap\u00edtulo)<\/a><\/li>\n<li> <a href=\"https:\/\/exceladvisor.org\/es\/si-2\/\">VBA SI<\/a><\/li>\n<li> <a href=\"https:\/\/exceladvisor.org\/es\/cuadro-de-mensajes-vba\/\">cuadro de mensaje VBA<\/a><\/li>\n<li> <a href=\"https:\/\/exceladvisor.org\/es\/cuaderno-macro-personal\/\">Libro de trabajo de macros personales<\/a><\/li>\n<li> <a href=\"https:\/\/exceladvisor.org\/es\/funciones\/\">funciones VBA<\/a><\/li>\n<\/ul>\n<p> Una vez que haya aprendido los conceptos b\u00e1sicos de VBA, tambi\u00e9n podr\u00e1 crear una <a href=\"https:\/\/exceladvisor.org\/es\/funcion-definida-por-el-usuario-2\/\">funci\u00f3n personalizada<\/a> escribiendo c\u00f3digo.<\/p>\n<h3 class=\"wp-block-heading\"> 8. Transformar y limpiar datos<\/h3>\n<p> Si usted es una de esas personas que trabaja mucho con datos o conoce a alguien que lo hace, hay muchas situaciones en las que tiene que lidiar con datos desordenados que necesita limpiar antes de usarlos.<\/p>\n<p> El proceso de limpieza y transformaci\u00f3n de datos requiere mucho tiempo y puede ser un proceso tedioso.<\/p>\n<p> Para ello, Microsoft present\u00f3 Power Query que es un motor de limpieza y transformaci\u00f3n de datos. Puede cargar datos de m\u00faltiples fuentes, transformarlos y luego volver a cargarlos en la hoja de c\u00e1lculo. <\/p>\n<div class=\"wp-block-image\">\n<figure class=\"aligncenter size-large is-resized\"><img loading=\"lazy\" decoding=\"async\" class=\"wp-image-48578\" src=\"https:\/\/exceladvisor.org\/wp-content\/uploads\/2023\/08\/9-transformer-des-donnees-propres.png\" sizes=\"auto, \" srcset=\"\" alt=\"transformaci\u00f3n-de-datos-limpia\" width=\"650\" height=\"352\"><\/figure>\n<\/div>\n<p> \u00bfQu\u00e9 hace que Power Query sea una herramienta tan poderosa? Consulte esta <a href=\"https:\/\/exceladvisor.org\/es\/solicitud-de-energia\/\">gu\u00eda completa de POWER QUERY<\/a> para comprenderlo.<\/p>\n<h3 class=\"wp-block-heading\"> 9. Almacene datos con millones de filas.<\/h3>\n<p> Bueno, no hay l\u00edmite de datos, pero Excel tiene un l\u00edmite en cuanto a filas y columnas. Es por eso que a Microsoft se le ocurri\u00f3 Power Pivot, donde puedes almacenar datos con millones de filas y luego realizar c\u00e1lculos en Power Pivot. <\/p>\n<div class=\"wp-block-image\">\n<figure class=\"aligncenter size-large is-resized\"><img loading=\"lazy\" decoding=\"async\" class=\"wp-image-48579\" src=\"https:\/\/exceladvisor.org\/wp-content\/uploads\/2023\/08\/10-stocker-des-donnees-avec-des-millions-de-lignes.png\" sizes=\"auto, \" srcset=\"\" alt=\"almacenar-datos-con-millones-de-filas\" width=\"541\" height=\"357\"><\/figure>\n<\/div>\n<h3 class=\"wp-block-heading\"> 10. Puedes trabajar con Excel online + aplicaci\u00f3n m\u00f3vil<\/h3>\n<p> Hoy en d\u00eda, la mayor\u00eda de las empresas se est\u00e1n trasladando a la nube y Microsoft Excel tiene su propia versi\u00f3n web. Tiene muchas caracter\u00edsticas, como funciones, tablas din\u00e1micas y <a href=\"https:\/\/exceladvisor.org\/es\/mesa-pivote-2\/\" data-wpil=\"url\">gr\u00e1ficos din\u00e1micos,<\/a> al igual que la aplicaci\u00f3n de escritorio. <\/p>\n<div class=\"wp-block-image\">\n<figure class=\"aligncenter size-large is-resized\"><img loading=\"lazy\" decoding=\"async\" class=\"wp-image-48580\" src=\"https:\/\/exceladvisor.org\/wp-content\/uploads\/2023\/08\/11-application-mobile-en-ligne-Excel.png\" sizes=\"auto, \" srcset=\"\" alt=\"aplicaci\u00f3n-movil-en-linea-excel\" width=\"541\" height=\"310\"><\/figure>\n<\/div>\n<p> Y recientemente, Microsoft lanz\u00f3 su aplicaci\u00f3n de escritorio todo en uno que tambi\u00e9n puedes usar para trabajar en hojas de c\u00e1lculo y en dispositivos m\u00f3viles. <\/p>\n<div class=\"wp-block-image\">\n<figure class=\"aligncenter size-large is-resized\"><img loading=\"lazy\" decoding=\"async\" class=\"wp-image-48581\" src=\"https:\/\/exceladvisor.org\/wp-content\/uploads\/2023\/08\/12-applications-bureautiques-tout-en-un.png\" sizes=\"auto, \" srcset=\"\" alt=\"aplicaci\u00f3n de escritorio todo en uno\" width=\"337\" height=\"257\"><\/figure>\n<\/div>\n<div class=\"gb-container gb-container-db066fb5\">\n<div class=\"gb-container gb-container-4db6181c gb-container-mt\"> <a class=\"gb-button gb-button-c5897111 gb-button-text gb-button-mt-button\" href=\"https:\/\/exceladvisor.org\/es\/blog\/\">Blog de Excel<\/a><\/div>\n<\/div>\n","protected":false},"excerpt":{"rendered":"<p>Como la aplicaci\u00f3n de hoja de c\u00e1lculo m\u00e1s importante del planeta, Microsoft Excel tiene muchas ventajas para cualquiera que sepa c\u00f3mo utilizarlo. Y si eres de esas personas que quiere aprenderlo y se pregunta c\u00f3mo puede ayudarte en tu trabajo, aqu\u00ed te enumero los diez principales beneficios de Microsoft Excel. 10 beneficios de Microsoft Excel [&hellip;]<\/p>\n","protected":false},"author":1,"featured_media":0,"parent":0,"menu_order":0,"comment_status":"open","ping_status":"closed","template":"","meta":{"ub_ctt_via":"","footnotes":""},"class_list":["post-14","page","type-page","status-publish","hentry"],"featured_image_src":null,"yoast_head":"<!-- This site is optimized with the Yoast SEO plugin v25.4 - https:\/\/yoast.com\/wordpress\/plugins\/seo\/ -->\n<title>Los 10 principales beneficios de microsoft excel<\/title>\n<meta name=\"robots\" content=\"index, follow, max-snippet:-1, max-image-preview:large, max-video-preview:-1\" \/>\n<link rel=\"canonical\" href=\"https:\/\/exceladvisor.org\/es\/ventajas-de-microsoft-excel\/\" \/>\n<meta property=\"og:locale\" content=\"es_ES\" \/>\n<meta property=\"og:type\" content=\"article\" \/>\n<meta property=\"og:title\" content=\"Los 10 principales beneficios de microsoft excel\" \/>\n<meta property=\"og:description\" content=\"Como la aplicaci\u00f3n de hoja de c\u00e1lculo m\u00e1s importante del planeta, Microsoft Excel tiene muchas ventajas para cualquiera que sepa c\u00f3mo utilizarlo. Y si eres de esas personas que quiere aprenderlo y se pregunta c\u00f3mo puede ayudarte en tu trabajo, aqu\u00ed te enumero los diez principales beneficios de Microsoft Excel. 10 beneficios de Microsoft Excel [&hellip;]\" \/>\n<meta property=\"og:url\" content=\"https:\/\/exceladvisor.org\/es\/ventajas-de-microsoft-excel\/\" \/>\n<meta property=\"og:site_name\" content=\"Excel Advisor\" \/>\n<meta property=\"article:modified_time\" content=\"2023-12-25T10:33:29+00:00\" \/>\n<meta property=\"og:image\" content=\"https:\/\/exceladvisor.org\/wp-content\/uploads\/2023\/08\/1-meilleure-facon-de-stocker-des-donnees.png\" \/>\n<meta name=\"twitter:card\" content=\"summary_large_image\" \/>\n<meta name=\"twitter:label1\" content=\"Tiempo de lectura\" \/>\n\t<meta name=\"twitter:data1\" content=\"5 minutos\" \/>\n<script type=\"application\/ld+json\" class=\"yoast-schema-graph\">{\"@context\":\"https:\/\/schema.org\",\"@graph\":[{\"@type\":\"WebPage\",\"@id\":\"https:\/\/exceladvisor.org\/es\/ventajas-de-microsoft-excel\/\",\"url\":\"https:\/\/exceladvisor.org\/es\/ventajas-de-microsoft-excel\/\",\"name\":\"Los 10 principales beneficios de microsoft excel\",\"isPartOf\":{\"@id\":\"https:\/\/exceladvisor.org\/es\/#website\"},\"primaryImageOfPage\":{\"@id\":\"https:\/\/exceladvisor.org\/es\/ventajas-de-microsoft-excel\/#primaryimage\"},\"image\":{\"@id\":\"https:\/\/exceladvisor.org\/es\/ventajas-de-microsoft-excel\/#primaryimage\"},\"thumbnailUrl\":\"https:\/\/exceladvisor.org\/wp-content\/uploads\/2023\/08\/1-meilleure-facon-de-stocker-des-donnees.png\",\"datePublished\":\"2023-11-22T03:33:36+00:00\",\"dateModified\":\"2023-12-25T10:33:29+00:00\",\"breadcrumb\":{\"@id\":\"https:\/\/exceladvisor.org\/es\/ventajas-de-microsoft-excel\/#breadcrumb\"},\"inLanguage\":\"es\",\"potentialAction\":[{\"@type\":\"ReadAction\",\"target\":[\"https:\/\/exceladvisor.org\/es\/ventajas-de-microsoft-excel\/\"]}]},{\"@type\":\"ImageObject\",\"inLanguage\":\"es\",\"@id\":\"https:\/\/exceladvisor.org\/es\/ventajas-de-microsoft-excel\/#primaryimage\",\"url\":\"https:\/\/exceladvisor.org\/wp-content\/uploads\/2023\/08\/1-meilleure-facon-de-stocker-des-donnees.png\",\"contentUrl\":\"https:\/\/exceladvisor.org\/wp-content\/uploads\/2023\/08\/1-meilleure-facon-de-stocker-des-donnees.png\"},{\"@type\":\"BreadcrumbList\",\"@id\":\"https:\/\/exceladvisor.org\/es\/ventajas-de-microsoft-excel\/#breadcrumb\",\"itemListElement\":[{\"@type\":\"ListItem\",\"position\":1,\"name\":\"Hogar\",\"item\":\"https:\/\/exceladvisor.org\/es\/\"},{\"@type\":\"ListItem\",\"position\":2,\"name\":\"Los 10 principales beneficios de microsoft excel\"}]},{\"@type\":\"WebSite\",\"@id\":\"https:\/\/exceladvisor.org\/es\/#website\",\"url\":\"https:\/\/exceladvisor.org\/es\/\",\"name\":\"Excel Advisor\",\"description\":\"Su gu\u00eda para la dominaci\u00f3n de datos!\",\"publisher\":{\"@id\":\"https:\/\/exceladvisor.org\/es\/#organization\"},\"potentialAction\":[{\"@type\":\"SearchAction\",\"target\":{\"@type\":\"EntryPoint\",\"urlTemplate\":\"https:\/\/exceladvisor.org\/es\/?s={search_term_string}\"},\"query-input\":{\"@type\":\"PropertyValueSpecification\",\"valueRequired\":true,\"valueName\":\"search_term_string\"}}],\"inLanguage\":\"es\"},{\"@type\":\"Organization\",\"@id\":\"https:\/\/exceladvisor.org\/es\/#organization\",\"name\":\"Excel Advisor\",\"url\":\"https:\/\/exceladvisor.org\/es\/\",\"logo\":{\"@type\":\"ImageObject\",\"inLanguage\":\"es\",\"@id\":\"https:\/\/exceladvisor.org\/es\/#\/schema\/logo\/image\/\",\"url\":\"https:\/\/exceladvisor.org\/es\/wp-content\/uploads\/2023\/12\/exceladvisor.org_.png\",\"contentUrl\":\"https:\/\/exceladvisor.org\/es\/wp-content\/uploads\/2023\/12\/exceladvisor.org_.png\",\"width\":105,\"height\":36,\"caption\":\"Excel Advisor\"},\"image\":{\"@id\":\"https:\/\/exceladvisor.org\/es\/#\/schema\/logo\/image\/\"}}]}<\/script>\n<!-- \/ Yoast SEO plugin. -->","yoast_head_json":{"title":"Los 10 principales beneficios de microsoft excel","robots":{"index":"index","follow":"follow","max-snippet":"max-snippet:-1","max-image-preview":"max-image-preview:large","max-video-preview":"max-video-preview:-1"},"canonical":"https:\/\/exceladvisor.org\/es\/ventajas-de-microsoft-excel\/","og_locale":"es_ES","og_type":"article","og_title":"Los 10 principales beneficios de microsoft excel","og_description":"Como la aplicaci\u00f3n de hoja de c\u00e1lculo m\u00e1s importante del planeta, Microsoft Excel tiene muchas ventajas para cualquiera que sepa c\u00f3mo utilizarlo. Y si eres de esas personas que quiere aprenderlo y se pregunta c\u00f3mo puede ayudarte en tu trabajo, aqu\u00ed te enumero los diez principales beneficios de Microsoft Excel. 10 beneficios de Microsoft Excel [&hellip;]","og_url":"https:\/\/exceladvisor.org\/es\/ventajas-de-microsoft-excel\/","og_site_name":"Excel Advisor","article_modified_time":"2023-12-25T10:33:29+00:00","og_image":[{"url":"https:\/\/exceladvisor.org\/wp-content\/uploads\/2023\/08\/1-meilleure-facon-de-stocker-des-donnees.png","type":"","width":"","height":""}],"twitter_card":"summary_large_image","twitter_misc":{"Tiempo de lectura":"5 minutos"},"schema":{"@context":"https:\/\/schema.org","@graph":[{"@type":"WebPage","@id":"https:\/\/exceladvisor.org\/es\/ventajas-de-microsoft-excel\/","url":"https:\/\/exceladvisor.org\/es\/ventajas-de-microsoft-excel\/","name":"Los 10 principales beneficios de microsoft excel","isPartOf":{"@id":"https:\/\/exceladvisor.org\/es\/#website"},"primaryImageOfPage":{"@id":"https:\/\/exceladvisor.org\/es\/ventajas-de-microsoft-excel\/#primaryimage"},"image":{"@id":"https:\/\/exceladvisor.org\/es\/ventajas-de-microsoft-excel\/#primaryimage"},"thumbnailUrl":"https:\/\/exceladvisor.org\/wp-content\/uploads\/2023\/08\/1-meilleure-facon-de-stocker-des-donnees.png","datePublished":"2023-11-22T03:33:36+00:00","dateModified":"2023-12-25T10:33:29+00:00","breadcrumb":{"@id":"https:\/\/exceladvisor.org\/es\/ventajas-de-microsoft-excel\/#breadcrumb"},"inLanguage":"es","potentialAction":[{"@type":"ReadAction","target":["https:\/\/exceladvisor.org\/es\/ventajas-de-microsoft-excel\/"]}]},{"@type":"ImageObject","inLanguage":"es","@id":"https:\/\/exceladvisor.org\/es\/ventajas-de-microsoft-excel\/#primaryimage","url":"https:\/\/exceladvisor.org\/wp-content\/uploads\/2023\/08\/1-meilleure-facon-de-stocker-des-donnees.png","contentUrl":"https:\/\/exceladvisor.org\/wp-content\/uploads\/2023\/08\/1-meilleure-facon-de-stocker-des-donnees.png"},{"@type":"BreadcrumbList","@id":"https:\/\/exceladvisor.org\/es\/ventajas-de-microsoft-excel\/#breadcrumb","itemListElement":[{"@type":"ListItem","position":1,"name":"Hogar","item":"https:\/\/exceladvisor.org\/es\/"},{"@type":"ListItem","position":2,"name":"Los 10 principales beneficios de microsoft excel"}]},{"@type":"WebSite","@id":"https:\/\/exceladvisor.org\/es\/#website","url":"https:\/\/exceladvisor.org\/es\/","name":"Excel Advisor","description":"Su gu\u00eda para la dominaci\u00f3n de datos!","publisher":{"@id":"https:\/\/exceladvisor.org\/es\/#organization"},"potentialAction":[{"@type":"SearchAction","target":{"@type":"EntryPoint","urlTemplate":"https:\/\/exceladvisor.org\/es\/?s={search_term_string}"},"query-input":{"@type":"PropertyValueSpecification","valueRequired":true,"valueName":"search_term_string"}}],"inLanguage":"es"},{"@type":"Organization","@id":"https:\/\/exceladvisor.org\/es\/#organization","name":"Excel Advisor","url":"https:\/\/exceladvisor.org\/es\/","logo":{"@type":"ImageObject","inLanguage":"es","@id":"https:\/\/exceladvisor.org\/es\/#\/schema\/logo\/image\/","url":"https:\/\/exceladvisor.org\/es\/wp-content\/uploads\/2023\/12\/exceladvisor.org_.png","contentUrl":"https:\/\/exceladvisor.org\/es\/wp-content\/uploads\/2023\/12\/exceladvisor.org_.png","width":105,"height":36,"caption":"Excel Advisor"},"image":{"@id":"https:\/\/exceladvisor.org\/es\/#\/schema\/logo\/image\/"}}]}},"yoast_meta":{"yoast_wpseo_title":"","yoast_wpseo_metadesc":"","yoast_wpseo_canonical":""},"_links":{"self":[{"href":"https:\/\/exceladvisor.org\/es\/wp-json\/wp\/v2\/pages\/14","targetHints":{"allow":["GET"]}}],"collection":[{"href":"https:\/\/exceladvisor.org\/es\/wp-json\/wp\/v2\/pages"}],"about":[{"href":"https:\/\/exceladvisor.org\/es\/wp-json\/wp\/v2\/types\/page"}],"author":[{"embeddable":true,"href":"https:\/\/exceladvisor.org\/es\/wp-json\/wp\/v2\/users\/1"}],"replies":[{"embeddable":true,"href":"https:\/\/exceladvisor.org\/es\/wp-json\/wp\/v2\/comments?post=14"}],"version-history":[{"count":1,"href":"https:\/\/exceladvisor.org\/es\/wp-json\/wp\/v2\/pages\/14\/revisions"}],"predecessor-version":[{"id":1479,"href":"https:\/\/exceladvisor.org\/es\/wp-json\/wp\/v2\/pages\/14\/revisions\/1479"}],"wp:attachment":[{"href":"https:\/\/exceladvisor.org\/es\/wp-json\/wp\/v2\/media?parent=14"}],"curies":[{"name":"wp","href":"https:\/\/api.w.org\/{rel}","templated":true}]}}