{"id":140,"date":"2023-11-15T10:56:18","date_gmt":"2023-11-15T10:56:18","guid":{"rendered":"https:\/\/exceladvisor.org\/es\/fecha-y-hora-separadas-2\/"},"modified":"2023-12-25T10:27:14","modified_gmt":"2023-12-25T10:27:14","slug":"fecha-y-hora-separadas-2","status":"publish","type":"page","link":"https:\/\/exceladvisor.org\/es\/fecha-y-hora-separadas-2\/","title":{"rendered":"\u00bfc\u00f3mo separar fecha y hora en excel?"},"content":{"rendered":"<div class=\"excel-antes-del-contenido\" id=\"excel-3975397006\"><script type=\"text\/javascript\">\r\n\tatOptions = {\r\n\t\t'key' : 'c1158f160081d6540a8409e6925dab94',\r\n\t\t'format' : 'iframe',\r\n\t\t'height' : 250,\r\n\t\t'width' : 300,\r\n\t\t'params' : {}\r\n\t};\r\n<\/script>\r\n<script type=\"text\/javascript\" src=\"\/\/www.highperformanceformat.com\/c1158f160081d6540a8409e6925dab94\/invoke.js\"><\/script><\/div><p>En Excel, si tienes una fecha y hora combinadas en una sola celda, puedes separarla en dos valores diferentes como fecha y hora. En este tutorial, veremos algunos de los m\u00e9todos simples y \u00fatiles para esto.<\/p>\n<p> F\u00f3rmulas r\u00e1pidas para separar la fecha<\/p>\n<ul>\n<li> =INT(A1)<\/li>\n<li> =REDONDEAR(A1,0)<\/li>\n<li> =TRONCO(A1)<\/li>\n<\/ul>\n<p> F\u00f3rmulas r\u00e1pidas para separar el tiempo<\/p>\n<ul>\n<li> =A1-INT(A1)<\/li>\n<\/ul>\n<p> En las f\u00f3rmulas anteriores, A1 es la celda donde tienes la fecha y la hora.<\/p>\n<h2 id=\"understanding-date-and-time-in-excel\" class=\"wp-block-heading\"> Comprender la fecha y la hora en Excel<\/h2>\n<p> Excel almacena una fecha como un valor num\u00e9rico y la hora como una fracci\u00f3n.<\/p>\n<p> Y en el siguiente ejemplo puedes ver que para la fecha en la celda A1 tienes el valor num\u00e9rico 44541, para la hora en la celda A2 es 0.52, y en la celda A3 tienes una fecha y hora combinadas en las celdas y el valor num\u00e9rico 44541.52. <\/p>\n<div class=\"wp-block-image\">\n<figure class=\"aligncenter size-full is-resized\"><img loading=\"lazy\" decoding=\"async\" class=\"wp-image-63798\" src=\"https:\/\/exceladvisor.org\/wp-content\/uploads\/2023\/08\/1-date-et-heure-dans-excel.png\" sizes=\"auto, \" srcset=\"\" alt=\"fecha y hora en excel\" width=\"415\" height=\"283\"><\/figure>\n<\/div>\n<p> Entonces, si desea separar la fecha y la hora en dos valores separados, debe separar la parte entera y la parte fraccionaria del valor. <\/p>\n<div class=\"wp-block-image\">\n<figure class=\"aligncenter size-full is-resized\"><img loading=\"lazy\" decoding=\"async\" class=\"wp-image-63799\" src=\"https:\/\/exceladvisor.org\/wp-content\/uploads\/2023\/08\/2-separer-la-partie-entiere.png\" sizes=\"auto, \" srcset=\"\" alt=\"separar toda la parte\" width=\"342\" height=\"161\"><\/figure>\n<\/div>\n<h2 id=\"separate-date-from-time-in-excel\" class=\"wp-block-heading\"> Separar fecha de hora en Excel<\/h2>\n<p> Una de las mejores formas de separar una fecha de un valor de fecha y hora es utilizar la funci\u00f3n INT. La funci\u00f3n INT toma un n\u00famero entero de un n\u00famero y omite la parte fraccionaria. <\/p>\n<pre class=\"wp-block-code\"> <code class=\"language-excel-formula\" lang=\"excel-formula\">=INT(A1)<\/code><\/pre>\n<div class=\"wp-block-image\">\n<figure class=\"aligncenter size-full is-resized\"><img loading=\"lazy\" decoding=\"async\" class=\"wp-image-63800\" src=\"https:\/\/exceladvisor.org\/wp-content\/uploads\/2023\/08\/3-date-et-heure-distinctes.png\" sizes=\"auto, \" srcset=\"\" alt=\"fecha-separada-de-hora\" width=\"430\" height=\"258\"><\/figure>\n<\/div>\n<p> En el ejemplo anterior tienes la funci\u00f3n INT que toma la referencia de la celda A1 donde tienes la fecha y la hora en un valor num\u00e9rico. Y devolvi\u00f3 44541 en el resultado. <\/p>\n<div class=\"wp-block-image\">\n<figure class=\"aligncenter size-full is-resized\"><img loading=\"lazy\" decoding=\"async\" class=\"wp-image-63801\" src=\"https:\/\/exceladvisor.org\/wp-content\/uploads\/2023\/08\/4-format-de-valeur-comme-date.png\" sizes=\"auto, \" srcset=\"\" alt=\"formato-valor-como-fecha\" width=\"577\" height=\"234\"><\/figure>\n<\/div>\n<p> Y ahora, cuando le das formato a esto como fecha, solo te muestra la fecha. Ahora, adem\u00e1s de los m\u00e9todos anteriores, tambi\u00e9n puede utilizar las dos funciones siguientes para obtener una fecha distinta.<\/p>\n<p> Usando la funci\u00f3n REDONDEAR HACIA ABAJO para eliminar la hora y dividir la fecha. <\/p>\n<div class=\"wp-block-image\">\n<figure class=\"aligncenter size-full is-resized\"><img loading=\"lazy\" decoding=\"async\" class=\"wp-image-63802\" src=\"https:\/\/exceladvisor.org\/wp-content\/uploads\/2023\/08\/5-fonction-darrondi.png\" sizes=\"auto, \" srcset=\"\" alt=\"funci\u00f3n de redondeo\" width=\"576\" height=\"229\"><\/figure>\n<\/div>\n<pre class=\"wp-block-code\"> <code class=\"language-excel-formula\" lang=\"excel-formula\">=ROUNDDOWN(A1,0)<\/code><\/pre>\n<p> Y tambi\u00e9n puedes usar la funci\u00f3n TRUNC para cortar el lugar decimal para separar la fecha. <\/p>\n<pre class=\"wp-block-code\"> <code class=\"language-excel-formula\" lang=\"excel-formula\">=TRUNC(A1)<\/code><\/pre>\n<div class=\"wp-block-image\">\n<figure class=\"aligncenter size-full is-resized\"><img loading=\"lazy\" decoding=\"async\" class=\"wp-image-63803\" src=\"https:\/\/exceladvisor.org\/wp-content\/uploads\/2023\/08\/6-fonction-tronc.png\" sizes=\"auto, \" srcset=\"\" alt=\"funci\u00f3n troncal\" width=\"583\" height=\"231\"><\/figure>\n<\/div>\n<h2 id=\"separate-time-from-date-in-excel\" class=\"wp-block-heading\"> Separar la hora de la fecha en Excel<\/h2>\n<p> Para separar el tiempo, puedes usar una f\u00f3rmula usando la funci\u00f3n INT. En el siguiente ejemplo, has deducido la parte entera del n\u00famero real y el valor restante es la hora. <\/p>\n<div class=\"wp-block-image\">\n<figure class=\"aligncenter size-full is-resized\"><img loading=\"lazy\" decoding=\"async\" class=\"wp-image-63804\" src=\"https:\/\/exceladvisor.org\/wp-content\/uploads\/2023\/08\/7-int-fonction-pour-separer-lheure-de-la-date.png\" sizes=\"auto, \" srcset=\"\" alt=\"funci\u00f3n-int para separar el tiempo-de-la-fecha\" width=\"590\" height=\"269\"><\/figure>\n<\/div>\n<pre class=\"wp-block-code\"> <code class=\"language-excel-formula\" lang=\"excel-formula\">=A1-INT(A1)<\/code><\/pre>\n<div class=\"gb-container gb-container-52dfcee1 gb-container-sample-file\">\n<h2 class=\"gb-headline gb-headline-e289c143 gb-headline-text gb-headline-4f7959c2\"> Obtener el archivo Excel<\/h2>\n<p> <a class=\"gb-button gb-button-e88d6bee gb-button-text gb-button-button1\" href=\"https:\/\/exceladvisor.org\/wp-content\/uploads\/2023\/08\/date-et-heure-separees.xlsx\" rel=\"nofollow\">Descargar<\/a> <\/p>\n<\/div>\n<div class=\"wp-block-group more-tutorials is-layout-flow\">\n<div class=\"wp-block-group__inner-container\">\n<h2 class=\"wp-block-heading\"> M\u00e1s f\u00f3rmulas <\/h2>\n<div class=\"wp-block-columns is-layout-flex wp-container-15\">\n<div class=\"wp-block-column is-layout-flow\">\n<ul>\n<li> <a href=\"https:\/\/exceladvisor.org\/es\/agregar-horas-en-el-tiempo\/\">Agregar horas al tiempo en Excel<\/a><\/li>\n<li> <a href=\"https:\/\/exceladvisor.org\/es\/agregar-minutos-al-tiempo\/\">Agregar minutos al tiempo en Excel<\/a><\/li>\n<li> <a href=\"https:\/\/exceladvisor.org\/es\/calcular-la-diferencia-horaria\/\">Diferencia entre dos tiempos en Excel<\/a><\/li>\n<li> <a href=\"https:\/\/exceladvisor.org\/es\/cambiar-formato-de-hora\/\">Cambiar formato de hora en Excel<\/a><\/li>\n<\/ul>\n<\/div>\n<div class=\"wp-block-column is-layout-flow\">\n<ul>\n<li> <a href=\"https:\/\/exceladvisor.org\/es\/tiempo-en-minutos-2\/\">Convertir el valor del tiempo a minutos (f\u00f3rmula de Excel)<\/a><\/li>\n<li> <a href=\"https:\/\/exceladvisor.org\/es\/tiempo-en-segundos-2\/\">Convertir el valor del tiempo a segundos<\/a><\/li>\n<li> <a href=\"https:\/\/exceladvisor.org\/es\/hora-actual-2\/\">Obtener la hora actual (f\u00f3rmula de Excel)<\/a><\/li>\n<li> <a href=\"https:\/\/exceladvisor.org\/es\/hora-de-la-siesta-2\/\">Suma de tiempo en Excel (f\u00f3rmula de Excel)<\/a><\/li>\n<\/ul>\n<\/div>\n<\/div>\n<p> \u21e0 Volver a <a href=\"https:\/\/exceladvisor.org\/es\/formulas\/\">la lista de m\u00e1s de 100 f\u00f3rmulas de Excel (b\u00e1sicas + avanzadas)<\/a><\/p>\n<\/div>\n<\/div>\n","protected":false},"excerpt":{"rendered":"<p>En Excel, si tienes una fecha y hora combinadas en una sola celda, puedes separarla en dos valores diferentes como fecha y hora. En este tutorial, veremos algunos de los m\u00e9todos simples y \u00fatiles para esto. F\u00f3rmulas r\u00e1pidas para separar la fecha =INT(A1) =REDONDEAR(A1,0) =TRONCO(A1) F\u00f3rmulas r\u00e1pidas para separar el tiempo =A1-INT(A1) En las f\u00f3rmulas [&hellip;]<\/p>\n","protected":false},"author":1,"featured_media":0,"parent":0,"menu_order":0,"comment_status":"open","ping_status":"closed","template":"","meta":{"ub_ctt_via":"","footnotes":""},"class_list":["post-140","page","type-page","status-publish","hentry"],"featured_image_src":null,"yoast_head":"<!-- This site is optimized with the Yoast SEO plugin v25.4 - https:\/\/yoast.com\/wordpress\/plugins\/seo\/ -->\n<title>\u00bfc\u00f3mo separar fecha y hora en excel?<\/title>\n<meta name=\"robots\" content=\"index, follow, max-snippet:-1, max-image-preview:large, max-video-preview:-1\" \/>\n<link rel=\"canonical\" href=\"https:\/\/exceladvisor.org\/es\/fecha-y-hora-separadas-2\/\" \/>\n<meta property=\"og:locale\" content=\"es_ES\" \/>\n<meta property=\"og:type\" content=\"article\" \/>\n<meta property=\"og:title\" content=\"\u00bfc\u00f3mo separar fecha y hora en excel?\" \/>\n<meta property=\"og:description\" content=\"En Excel, si tienes una fecha y hora combinadas en una sola celda, puedes separarla en dos valores diferentes como fecha y hora. En este tutorial, veremos algunos de los m\u00e9todos simples y \u00fatiles para esto. F\u00f3rmulas r\u00e1pidas para separar la fecha =INT(A1) =REDONDEAR(A1,0) =TRONCO(A1) F\u00f3rmulas r\u00e1pidas para separar el tiempo =A1-INT(A1) En las f\u00f3rmulas [&hellip;]\" \/>\n<meta property=\"og:url\" content=\"https:\/\/exceladvisor.org\/es\/fecha-y-hora-separadas-2\/\" \/>\n<meta property=\"og:site_name\" content=\"Excel Advisor\" \/>\n<meta property=\"article:modified_time\" content=\"2023-12-25T10:27:14+00:00\" \/>\n<meta property=\"og:image\" content=\"https:\/\/exceladvisor.org\/wp-content\/uploads\/2023\/08\/1-date-et-heure-dans-excel.png\" \/>\n<meta name=\"twitter:card\" content=\"summary_large_image\" \/>\n<meta name=\"twitter:label1\" content=\"Tiempo de lectura\" \/>\n\t<meta name=\"twitter:data1\" content=\"2 minutos\" \/>\n<script type=\"application\/ld+json\" class=\"yoast-schema-graph\">{\"@context\":\"https:\/\/schema.org\",\"@graph\":[{\"@type\":\"WebPage\",\"@id\":\"https:\/\/exceladvisor.org\/es\/fecha-y-hora-separadas-2\/\",\"url\":\"https:\/\/exceladvisor.org\/es\/fecha-y-hora-separadas-2\/\",\"name\":\"\u00bfc\u00f3mo separar fecha y hora en excel?\",\"isPartOf\":{\"@id\":\"https:\/\/exceladvisor.org\/es\/#website\"},\"primaryImageOfPage\":{\"@id\":\"https:\/\/exceladvisor.org\/es\/fecha-y-hora-separadas-2\/#primaryimage\"},\"image\":{\"@id\":\"https:\/\/exceladvisor.org\/es\/fecha-y-hora-separadas-2\/#primaryimage\"},\"thumbnailUrl\":\"https:\/\/exceladvisor.org\/wp-content\/uploads\/2023\/08\/1-date-et-heure-dans-excel.png\",\"datePublished\":\"2023-11-15T10:56:18+00:00\",\"dateModified\":\"2023-12-25T10:27:14+00:00\",\"breadcrumb\":{\"@id\":\"https:\/\/exceladvisor.org\/es\/fecha-y-hora-separadas-2\/#breadcrumb\"},\"inLanguage\":\"es\",\"potentialAction\":[{\"@type\":\"ReadAction\",\"target\":[\"https:\/\/exceladvisor.org\/es\/fecha-y-hora-separadas-2\/\"]}]},{\"@type\":\"ImageObject\",\"inLanguage\":\"es\",\"@id\":\"https:\/\/exceladvisor.org\/es\/fecha-y-hora-separadas-2\/#primaryimage\",\"url\":\"https:\/\/exceladvisor.org\/wp-content\/uploads\/2023\/08\/1-date-et-heure-dans-excel.png\",\"contentUrl\":\"https:\/\/exceladvisor.org\/wp-content\/uploads\/2023\/08\/1-date-et-heure-dans-excel.png\"},{\"@type\":\"BreadcrumbList\",\"@id\":\"https:\/\/exceladvisor.org\/es\/fecha-y-hora-separadas-2\/#breadcrumb\",\"itemListElement\":[{\"@type\":\"ListItem\",\"position\":1,\"name\":\"Hogar\",\"item\":\"https:\/\/exceladvisor.org\/es\/\"},{\"@type\":\"ListItem\",\"position\":2,\"name\":\"\u00bfc\u00f3mo separar fecha y hora en excel?\"}]},{\"@type\":\"WebSite\",\"@id\":\"https:\/\/exceladvisor.org\/es\/#website\",\"url\":\"https:\/\/exceladvisor.org\/es\/\",\"name\":\"Excel Advisor\",\"description\":\"Su gu\u00eda para la dominaci\u00f3n de datos!\",\"publisher\":{\"@id\":\"https:\/\/exceladvisor.org\/es\/#organization\"},\"potentialAction\":[{\"@type\":\"SearchAction\",\"target\":{\"@type\":\"EntryPoint\",\"urlTemplate\":\"https:\/\/exceladvisor.org\/es\/?s={search_term_string}\"},\"query-input\":{\"@type\":\"PropertyValueSpecification\",\"valueRequired\":true,\"valueName\":\"search_term_string\"}}],\"inLanguage\":\"es\"},{\"@type\":\"Organization\",\"@id\":\"https:\/\/exceladvisor.org\/es\/#organization\",\"name\":\"Excel Advisor\",\"url\":\"https:\/\/exceladvisor.org\/es\/\",\"logo\":{\"@type\":\"ImageObject\",\"inLanguage\":\"es\",\"@id\":\"https:\/\/exceladvisor.org\/es\/#\/schema\/logo\/image\/\",\"url\":\"https:\/\/exceladvisor.org\/es\/wp-content\/uploads\/2023\/12\/exceladvisor.org_.png\",\"contentUrl\":\"https:\/\/exceladvisor.org\/es\/wp-content\/uploads\/2023\/12\/exceladvisor.org_.png\",\"width\":105,\"height\":36,\"caption\":\"Excel Advisor\"},\"image\":{\"@id\":\"https:\/\/exceladvisor.org\/es\/#\/schema\/logo\/image\/\"}}]}<\/script>\n<!-- \/ Yoast SEO plugin. -->","yoast_head_json":{"title":"\u00bfc\u00f3mo separar fecha y hora en excel?","robots":{"index":"index","follow":"follow","max-snippet":"max-snippet:-1","max-image-preview":"max-image-preview:large","max-video-preview":"max-video-preview:-1"},"canonical":"https:\/\/exceladvisor.org\/es\/fecha-y-hora-separadas-2\/","og_locale":"es_ES","og_type":"article","og_title":"\u00bfc\u00f3mo separar fecha y hora en excel?","og_description":"En Excel, si tienes una fecha y hora combinadas en una sola celda, puedes separarla en dos valores diferentes como fecha y hora. En este tutorial, veremos algunos de los m\u00e9todos simples y \u00fatiles para esto. F\u00f3rmulas r\u00e1pidas para separar la fecha =INT(A1) =REDONDEAR(A1,0) =TRONCO(A1) F\u00f3rmulas r\u00e1pidas para separar el tiempo =A1-INT(A1) En las f\u00f3rmulas [&hellip;]","og_url":"https:\/\/exceladvisor.org\/es\/fecha-y-hora-separadas-2\/","og_site_name":"Excel Advisor","article_modified_time":"2023-12-25T10:27:14+00:00","og_image":[{"url":"https:\/\/exceladvisor.org\/wp-content\/uploads\/2023\/08\/1-date-et-heure-dans-excel.png","type":"","width":"","height":""}],"twitter_card":"summary_large_image","twitter_misc":{"Tiempo de lectura":"2 minutos"},"schema":{"@context":"https:\/\/schema.org","@graph":[{"@type":"WebPage","@id":"https:\/\/exceladvisor.org\/es\/fecha-y-hora-separadas-2\/","url":"https:\/\/exceladvisor.org\/es\/fecha-y-hora-separadas-2\/","name":"\u00bfc\u00f3mo separar fecha y hora en excel?","isPartOf":{"@id":"https:\/\/exceladvisor.org\/es\/#website"},"primaryImageOfPage":{"@id":"https:\/\/exceladvisor.org\/es\/fecha-y-hora-separadas-2\/#primaryimage"},"image":{"@id":"https:\/\/exceladvisor.org\/es\/fecha-y-hora-separadas-2\/#primaryimage"},"thumbnailUrl":"https:\/\/exceladvisor.org\/wp-content\/uploads\/2023\/08\/1-date-et-heure-dans-excel.png","datePublished":"2023-11-15T10:56:18+00:00","dateModified":"2023-12-25T10:27:14+00:00","breadcrumb":{"@id":"https:\/\/exceladvisor.org\/es\/fecha-y-hora-separadas-2\/#breadcrumb"},"inLanguage":"es","potentialAction":[{"@type":"ReadAction","target":["https:\/\/exceladvisor.org\/es\/fecha-y-hora-separadas-2\/"]}]},{"@type":"ImageObject","inLanguage":"es","@id":"https:\/\/exceladvisor.org\/es\/fecha-y-hora-separadas-2\/#primaryimage","url":"https:\/\/exceladvisor.org\/wp-content\/uploads\/2023\/08\/1-date-et-heure-dans-excel.png","contentUrl":"https:\/\/exceladvisor.org\/wp-content\/uploads\/2023\/08\/1-date-et-heure-dans-excel.png"},{"@type":"BreadcrumbList","@id":"https:\/\/exceladvisor.org\/es\/fecha-y-hora-separadas-2\/#breadcrumb","itemListElement":[{"@type":"ListItem","position":1,"name":"Hogar","item":"https:\/\/exceladvisor.org\/es\/"},{"@type":"ListItem","position":2,"name":"\u00bfc\u00f3mo separar fecha y hora en excel?"}]},{"@type":"WebSite","@id":"https:\/\/exceladvisor.org\/es\/#website","url":"https:\/\/exceladvisor.org\/es\/","name":"Excel Advisor","description":"Su gu\u00eda para la dominaci\u00f3n de datos!","publisher":{"@id":"https:\/\/exceladvisor.org\/es\/#organization"},"potentialAction":[{"@type":"SearchAction","target":{"@type":"EntryPoint","urlTemplate":"https:\/\/exceladvisor.org\/es\/?s={search_term_string}"},"query-input":{"@type":"PropertyValueSpecification","valueRequired":true,"valueName":"search_term_string"}}],"inLanguage":"es"},{"@type":"Organization","@id":"https:\/\/exceladvisor.org\/es\/#organization","name":"Excel Advisor","url":"https:\/\/exceladvisor.org\/es\/","logo":{"@type":"ImageObject","inLanguage":"es","@id":"https:\/\/exceladvisor.org\/es\/#\/schema\/logo\/image\/","url":"https:\/\/exceladvisor.org\/es\/wp-content\/uploads\/2023\/12\/exceladvisor.org_.png","contentUrl":"https:\/\/exceladvisor.org\/es\/wp-content\/uploads\/2023\/12\/exceladvisor.org_.png","width":105,"height":36,"caption":"Excel Advisor"},"image":{"@id":"https:\/\/exceladvisor.org\/es\/#\/schema\/logo\/image\/"}}]}},"yoast_meta":{"yoast_wpseo_title":"","yoast_wpseo_metadesc":"","yoast_wpseo_canonical":""},"_links":{"self":[{"href":"https:\/\/exceladvisor.org\/es\/wp-json\/wp\/v2\/pages\/140","targetHints":{"allow":["GET"]}}],"collection":[{"href":"https:\/\/exceladvisor.org\/es\/wp-json\/wp\/v2\/pages"}],"about":[{"href":"https:\/\/exceladvisor.org\/es\/wp-json\/wp\/v2\/types\/page"}],"author":[{"embeddable":true,"href":"https:\/\/exceladvisor.org\/es\/wp-json\/wp\/v2\/users\/1"}],"replies":[{"embeddable":true,"href":"https:\/\/exceladvisor.org\/es\/wp-json\/wp\/v2\/comments?post=140"}],"version-history":[{"count":1,"href":"https:\/\/exceladvisor.org\/es\/wp-json\/wp\/v2\/pages\/140\/revisions"}],"predecessor-version":[{"id":1188,"href":"https:\/\/exceladvisor.org\/es\/wp-json\/wp\/v2\/pages\/140\/revisions\/1188"}],"wp:attachment":[{"href":"https:\/\/exceladvisor.org\/es\/wp-json\/wp\/v2\/media?parent=140"}],"curies":[{"name":"wp","href":"https:\/\/api.w.org\/{rel}","templated":true}]}}