{"id":141,"date":"2023-11-15T10:51:02","date_gmt":"2023-11-15T10:51:02","guid":{"rendered":"https:\/\/exceladvisor.org\/es\/contar-entre-dos-numeros\/"},"modified":"2023-12-25T10:24:40","modified_gmt":"2023-12-25T10:24:40","slug":"contar-entre-dos-numeros","status":"publish","type":"page","link":"https:\/\/exceladvisor.org\/es\/contar-entre-dos-numeros\/","title":{"rendered":"\u00bfc\u00f3mo contar entre dos n\u00fameros?"},"content":{"rendered":"<div class=\"excel-antes-del-contenido\" id=\"excel-3475908218\"><script type=\"text\/javascript\">\r\n\tatOptions = {\r\n\t\t'key' : 'c1158f160081d6540a8409e6925dab94',\r\n\t\t'format' : 'iframe',\r\n\t\t'height' : 250,\r\n\t\t'width' : 300,\r\n\t\t'params' : {}\r\n\t};\r\n<\/script>\r\n<script type=\"text\/javascript\" src=\"\/\/www.highperformanceformat.com\/c1158f160081d6540a8409e6925dab94\/invoke.js\"><\/script><\/div><div class=\"adthrive-video-player in-post\" data-video-id=\"ss6mCvLf\" data-player-type=\"default\"><\/div>\n<p> En Excel, puedes contar entre dos n\u00fameros usando la funci\u00f3n CONTAR.SI. Con la funci\u00f3n CONTAR.SI, puede especificar un l\u00edmite superior de n\u00fameros y un l\u00edmite inferior para crear un rango de n\u00fameros para contar. En el siguiente ejemplo tenemos una lista de nombres con edad. Ahora tenemos que contar personas de dos edades, es decir, dos n\u00fameros. <\/p>\n<div class=\"gb-container gb-container-52dfcee1 gb-container-sample-file\">\n<h2 class=\"gb-headline gb-headline-e289c143 gb-headline-text gb-headline-4f7959c2\"> Obtener el archivo Excel<\/h2>\n<p> <a class=\"gb-button gb-button-e88d6bee gb-button-text gb-button-button1\" href=\"https:\/\/exceladvisor.org\/wp-content\/uploads\/2023\/08\/compter-entre-deux-nombres-2.xlsx\" rel=\"nofollow\">Descargar<\/a> <\/div>\n<div class=\"wp-block-image\">\n<figure class=\"aligncenter size-full is-resized\"><img loading=\"lazy\" decoding=\"async\" class=\"wp-image-63808\" src=\"https:\/\/exceladvisor.org\/wp-content\/uploads\/2023\/08\/1-liste-de-noms-et-dage.png\" sizes=\"auto, \" srcset=\"\" alt=\"lista-de-nombres-y-edad\" width=\"491\" height=\"515\"><\/figure>\n<\/div>\n<h2 id=\"using-countifs-to-count-between-two-numbers\" class=\"wp-block-heading\"> Utilice CONTAR.SI para contar entre dos n\u00fameros<\/h2>\n<p> Puede utilizar los siguientes pasos para crear f\u00f3rmulas usando CONTAR.SI para contar n\u00fameros entre 10 y 25.<\/p>\n<ol>\n<li> Primero, ingrese \u201c=CONTAR(\u201d en la celda C1. <br \/><img loading=\"lazy\" decoding=\"async\" title=\"Funci\u00f3n 2-uso-cuenta\" src=\"https:\/\/exceladvisor.org\/wp-content\/uploads\/2023\/08\/2-utiliser-la-fonction-countifs.png\" sizes=\"auto, \" srcset=\"\" alt=\"use-countifs-function\" width=\"530\" height=\"193\"><\/li>\n<li> Despu\u00e9s de eso, consulte el rango desde el cual desea contar los valores. <br \/><img loading=\"lazy\" decoding=\"async\" title=\"3 referencias a un rango\" src=\"https:\/\/exceladvisor.org\/wp-content\/uploads\/2023\/08\/3-font-reference-a-une-gamme.png\" sizes=\"auto, \" srcset=\"\" alt=\"refer-to-a-range\" width=\"483\" height=\"273\"><\/li>\n<li> Luego debe especificar el n\u00famero superior usando el signo superior e igual. <br \/><img loading=\"lazy\" decoding=\"async\" title=\"4-especificar-el-n\u00famero-superior\" src=\"https:\/\/exceladvisor.org\/wp-content\/uploads\/2023\/08\/4-specifiez-le-chiffre-superieur.png\" sizes=\"auto, \" srcset=\"\" alt=\"specify-the-upper-number\" width=\"574\" height=\"267\"><\/li>\n<li> A partir de aqu\u00ed, nuevamente, debe consultar el rango de n\u00fameros en criterios2. <br \/><img loading=\"lazy\" decoding=\"async\" title=\"5-referirse al rango\" src=\"https:\/\/exceladvisor.org\/wp-content\/uploads\/2023\/08\/5-se-referer-a-la-gamme.png\" sizes=\"auto, \" srcset=\"\" alt=\"refer-to-the-range\" width=\"653\" height=\"284\"><\/li>\n<li> Al final, utilice los signos menor e igual para especificar un n\u00famero menor que 10 en el rango de conteo. <br \/><img loading=\"lazy\" decoding=\"async\" title=\"6-especificar-n\u00famero-abajo\" src=\"https:\/\/exceladvisor.org\/wp-content\/uploads\/2023\/08\/6-precisez-le-nombre-ci-dessous.png\" sizes=\"auto, \" srcset=\"\" alt=\"specify-the-number-below\" width=\"560\" height=\"260\"><\/li>\n<\/ol>\n<pre class=\"wp-block-code\"> <code class=\"language-excel-formula\" lang=\"excel-formula\">=COUNTIFS(B2:B26,\"&lt;=25\",B2:B26,\"&gt;=10\")<\/code><\/pre>\n<p> COUNTIFS puede tomar m\u00faltiples criterios y contar valores en funci\u00f3n de ellos, y para comprender esta f\u00f3rmula debemos dividirla en dos partes. <\/p>\n<div class=\"wp-block-image\">\n<figure class=\"aligncenter size-full is-resized\"><img loading=\"lazy\" decoding=\"async\" class=\"wp-image-63814\" src=\"https:\/\/exceladvisor.org\/wp-content\/uploads\/2023\/08\/7-diviser-la-fonction-countifs.png\" sizes=\"auto, \" srcset=\"\" alt=\"funci\u00f3n dividir los conteos\" width=\"614\" height=\"177\"><\/figure>\n<\/div>\n<ol type=\"1\">\n<li> Primero, especifica el rango desde el cual desea contar los n\u00fameros y el n\u00famero superior usando los signos mayor e igual.<\/li>\n<li> Despu\u00e9s de eso, especific\u00f3 el n\u00famero inferior y el rango de n\u00fameros. <\/li>\n<\/ol>\n<div class=\"gb-container gb-container-1b09ec6c gb-container-sample-file\">\n<h2 class=\"gb-headline gb-headline-176a8592 gb-headline-text gb-headline-4f7959c2\"> Obtener el archivo Excel<\/h2>\n<p> <a class=\"gb-button gb-button-c9e1c226 gb-button-text gb-button-button1\" href=\"https:\/\/exceladvisor.org\/wp-content\/uploads\/2023\/08\/compter-entre-deux-nombres-2.xlsx\" rel=\"nofollow\">Descargar<\/a><\/div>\n<h2 id=\"using-sumproduct-to-count-cells-between-two-numbers\" class=\"wp-block-heading\"> Usando SUMPRODUCT para contar celdas entre dos n\u00fameros<\/h2>\n<p> Tambi\u00e9n puede utilizar la funci\u00f3n SUMAPRODUCTO para contar el n\u00famero de celdas entre dos n\u00fameros. En esta f\u00f3rmula necesitamos usar la funci\u00f3n INT con SUMPRODUCT. Vea la f\u00f3rmula a continuaci\u00f3n: <\/p>\n<pre class=\"wp-block-code\"> <code class=\"language-excel-formula\" lang=\"excel-formula\">=SUMPRODUCT(INT(B2:B26&gt;=10), INT(B2:B26&lt;=25))<\/code><\/pre>\n<div class=\"wp-block-image\">\n<figure class=\"aligncenter size-full is-resized\"><img loading=\"lazy\" decoding=\"async\" class=\"wp-image-63815\" src=\"https:\/\/exceladvisor.org\/wp-content\/uploads\/2023\/08\/8-sumproduct-pour-compter-les-cellules.png\" sizes=\"auto, \" srcset=\"\" alt=\"sumaproducto para contar celdas\" width=\"571\" height=\"264\"><\/figure>\n<\/div>\n<p> <strong>Para entender la f\u00f3rmula, necesitamos dividirla:<\/strong><\/p>\n<p> En la primera funci\u00f3n INT, usamos el rango de celdas desde las cuales queremos contar n\u00fameros. Y los signos &gt;= solo se refieren a n\u00fameros mayores o iguales a 10. Y devuelve una matriz que muestra todos los n\u00fameros mayores que 10 usando 1. <\/p>\n<div class=\"wp-block-image\">\n<figure class=\"aligncenter size-full is-resized\"><img loading=\"lazy\" decoding=\"async\" class=\"wp-image-63816\" src=\"https:\/\/exceladvisor.org\/wp-content\/uploads\/2023\/08\/9-formule-de-produit-de-somme-divisee.png\" sizes=\"auto, \" srcset=\"\" alt=\"f\u00f3rmula del producto de suma fraccionaria\" width=\"577\" height=\"280\"><\/figure>\n<\/div>\n<p> Y en la segunda funci\u00f3n INT vuelves a tener el mismo rango que considera n\u00fameros menores e iguales a 25. <\/p>\n<div class=\"wp-block-image\">\n<figure class=\"aligncenter size-full is-resized\"><img loading=\"lazy\" decoding=\"async\" class=\"wp-image-63817\" src=\"https:\/\/exceladvisor.org\/wp-content\/uploads\/2023\/08\/10-sumproduct-avec-differents-tableaux.png\" sizes=\"auto, \" srcset=\"\" alt=\"sumaproducto-con-diferentes-matrices\" width=\"593\" height=\"299\"><\/figure>\n<\/div>\n<p> Con las dos funciones INT tienes dos matrices diferentes. En el primero tienes 1 por cada n\u00famero mayor o igual a 10, y en el segundo, 1 para valores menores o iguales a 25. <\/p>\n<div class=\"wp-block-image\">\n<figure class=\"aligncenter size-full is-resized\"><img loading=\"lazy\" decoding=\"async\" class=\"wp-image-63818\" src=\"https:\/\/exceladvisor.org\/wp-content\/uploads\/2023\/08\/11-int-avec-deux-tableaux-differents.png\" sizes=\"auto, \" srcset=\"\" alt=\"int-con-dos-matrices-diferentes\" width=\"633\" height=\"84\"><\/figure>\n<\/div>\n<p> Al final,<\/p>\n<ul>\n<li> SUMPRODUCT multiplica cada valor de la primera matriz por el valor de la segunda matriz y obtendr\u00e1 una matriz de valores que representa n\u00fameros entre 10 y 25.<\/li>\n<li> Y luego devuelve la suma de estos valores de la matriz. <\/li>\n<\/ul>\n<div class=\"gb-container gb-container-6d5b6d9c gb-container-sample-file\">\n<h2 class=\"gb-headline gb-headline-acbdb120 gb-headline-text gb-headline-4f7959c2\"> Obtener el archivo Excel<\/h2>\n<p> <a class=\"gb-button gb-button-b1d8e62f gb-button-text gb-button-button1\" href=\"https:\/\/exceladvisor.org\/wp-content\/uploads\/2023\/08\/compter-entre-deux-nombres-2.xlsx\" rel=\"nofollow\">Descargar<\/a><\/div>\n<div class=\"gb-container gb-container-0df56012 gb-container-mt\"> <a class=\"gb-button gb-button-f9f432f4 gb-button-text gb-button-mt-button\" href=\"https:\/\/exceladvisor.org\/es\/formulas\/\">Lista de f\u00f3rmulas de Excel<\/a><\/p>\n<h2 class=\"gb-headline gb-headline-233444e8 gb-headline-text gb-headline-mt-heading\"> F\u00f3rmulas relacionadas <\/h2>\n<div class=\"gb-grid-wrapper gb-grid-wrapper-a16fa65c gb-grid-wrapper-mt-grid\">\n<div class=\"gb-grid-column gb-grid-column-50d07e0d\">\n<div class=\"gb-container gb-container-50d07e0d\">\n<ul>\n<li> <a href=\"https:\/\/exceladvisor.org\/es\/numero-de-celdas-vacias\/\">Cuente celdas en blanco (en blanco) usando CONTAR.SI en Excel<\/a><\/li>\n<li> <a href=\"https:\/\/exceladvisor.org\/es\/contar-si-es-menor-que\/\">Cuente celdas menores que un valor particular (CONTAR.SI) en Excel<\/a><\/li>\n<li> <a href=\"https:\/\/exceladvisor.org\/es\/contar-celdas-no-iguales-a\/\">Contar celdas distintas a en Excel (CONTAR.SI)<\/a><\/li>\n<li> <a href=\"https:\/\/exceladvisor.org\/es\/contar-celdas-que-no-esten-en-blanco\/\">Contar celdas que no est\u00e1n vac\u00edas en Excel<\/a><\/li>\n<li> <a href=\"https:\/\/exceladvisor.org\/es\/cuenta-mayor-que-cero\/\">Cuente mayor que 0 (CONTAR.SI) en Excel<\/a> <\/li>\n<\/ul>\n<\/div>\n<\/div>\n<div class=\"gb-grid-column gb-grid-column-5b4a0cf9\">\n<div class=\"gb-container gb-container-5b4a0cf9\"><\/div>\n<\/div>\n<\/div>\n<\/div>\n","protected":false},"excerpt":{"rendered":"<p>En Excel, puedes contar entre dos n\u00fameros usando la funci\u00f3n CONTAR.SI. Con la funci\u00f3n CONTAR.SI, puede especificar un l\u00edmite superior de n\u00fameros y un l\u00edmite inferior para crear un rango de n\u00fameros para contar. En el siguiente ejemplo tenemos una lista de nombres con edad. Ahora tenemos que contar personas de dos edades, es decir, [&hellip;]<\/p>\n","protected":false},"author":1,"featured_media":0,"parent":0,"menu_order":0,"comment_status":"open","ping_status":"closed","template":"","meta":{"ub_ctt_via":"","footnotes":""},"class_list":["post-141","page","type-page","status-publish","hentry"],"featured_image_src":null,"yoast_head":"<!-- This site is optimized with the Yoast SEO plugin v25.4 - https:\/\/yoast.com\/wordpress\/plugins\/seo\/ -->\n<title>\u00bfc\u00f3mo contar entre dos n\u00fameros?<\/title>\n<meta name=\"robots\" content=\"index, follow, max-snippet:-1, max-image-preview:large, max-video-preview:-1\" \/>\n<link rel=\"canonical\" href=\"https:\/\/exceladvisor.org\/es\/contar-entre-dos-numeros\/\" \/>\n<meta property=\"og:locale\" content=\"es_ES\" \/>\n<meta property=\"og:type\" content=\"article\" \/>\n<meta property=\"og:title\" content=\"\u00bfc\u00f3mo contar entre dos n\u00fameros?\" \/>\n<meta property=\"og:description\" content=\"En Excel, puedes contar entre dos n\u00fameros usando la funci\u00f3n CONTAR.SI. Con la funci\u00f3n CONTAR.SI, puede especificar un l\u00edmite superior de n\u00fameros y un l\u00edmite inferior para crear un rango de n\u00fameros para contar. En el siguiente ejemplo tenemos una lista de nombres con edad. Ahora tenemos que contar personas de dos edades, es decir, [&hellip;]\" \/>\n<meta property=\"og:url\" content=\"https:\/\/exceladvisor.org\/es\/contar-entre-dos-numeros\/\" \/>\n<meta property=\"og:site_name\" content=\"Excel Advisor\" \/>\n<meta property=\"article:modified_time\" content=\"2023-12-25T10:24:40+00:00\" \/>\n<meta property=\"og:image\" content=\"https:\/\/exceladvisor.org\/wp-content\/uploads\/2023\/08\/1-liste-de-noms-et-dage.png\" \/>\n<meta name=\"twitter:card\" content=\"summary_large_image\" \/>\n<meta name=\"twitter:label1\" content=\"Tiempo de lectura\" \/>\n\t<meta name=\"twitter:data1\" content=\"3 minutos\" \/>\n<script type=\"application\/ld+json\" class=\"yoast-schema-graph\">{\"@context\":\"https:\/\/schema.org\",\"@graph\":[{\"@type\":\"WebPage\",\"@id\":\"https:\/\/exceladvisor.org\/es\/contar-entre-dos-numeros\/\",\"url\":\"https:\/\/exceladvisor.org\/es\/contar-entre-dos-numeros\/\",\"name\":\"\u00bfc\u00f3mo contar entre dos n\u00fameros?\",\"isPartOf\":{\"@id\":\"https:\/\/exceladvisor.org\/es\/#website\"},\"primaryImageOfPage\":{\"@id\":\"https:\/\/exceladvisor.org\/es\/contar-entre-dos-numeros\/#primaryimage\"},\"image\":{\"@id\":\"https:\/\/exceladvisor.org\/es\/contar-entre-dos-numeros\/#primaryimage\"},\"thumbnailUrl\":\"https:\/\/exceladvisor.org\/wp-content\/uploads\/2023\/08\/1-liste-de-noms-et-dage.png\",\"datePublished\":\"2023-11-15T10:51:02+00:00\",\"dateModified\":\"2023-12-25T10:24:40+00:00\",\"breadcrumb\":{\"@id\":\"https:\/\/exceladvisor.org\/es\/contar-entre-dos-numeros\/#breadcrumb\"},\"inLanguage\":\"es\",\"potentialAction\":[{\"@type\":\"ReadAction\",\"target\":[\"https:\/\/exceladvisor.org\/es\/contar-entre-dos-numeros\/\"]}]},{\"@type\":\"ImageObject\",\"inLanguage\":\"es\",\"@id\":\"https:\/\/exceladvisor.org\/es\/contar-entre-dos-numeros\/#primaryimage\",\"url\":\"https:\/\/exceladvisor.org\/wp-content\/uploads\/2023\/08\/1-liste-de-noms-et-dage.png\",\"contentUrl\":\"https:\/\/exceladvisor.org\/wp-content\/uploads\/2023\/08\/1-liste-de-noms-et-dage.png\"},{\"@type\":\"BreadcrumbList\",\"@id\":\"https:\/\/exceladvisor.org\/es\/contar-entre-dos-numeros\/#breadcrumb\",\"itemListElement\":[{\"@type\":\"ListItem\",\"position\":1,\"name\":\"Hogar\",\"item\":\"https:\/\/exceladvisor.org\/es\/\"},{\"@type\":\"ListItem\",\"position\":2,\"name\":\"\u00bfc\u00f3mo contar entre dos n\u00fameros?\"}]},{\"@type\":\"WebSite\",\"@id\":\"https:\/\/exceladvisor.org\/es\/#website\",\"url\":\"https:\/\/exceladvisor.org\/es\/\",\"name\":\"Excel Advisor\",\"description\":\"Su gu\u00eda para la dominaci\u00f3n de datos!\",\"publisher\":{\"@id\":\"https:\/\/exceladvisor.org\/es\/#organization\"},\"potentialAction\":[{\"@type\":\"SearchAction\",\"target\":{\"@type\":\"EntryPoint\",\"urlTemplate\":\"https:\/\/exceladvisor.org\/es\/?s={search_term_string}\"},\"query-input\":{\"@type\":\"PropertyValueSpecification\",\"valueRequired\":true,\"valueName\":\"search_term_string\"}}],\"inLanguage\":\"es\"},{\"@type\":\"Organization\",\"@id\":\"https:\/\/exceladvisor.org\/es\/#organization\",\"name\":\"Excel Advisor\",\"url\":\"https:\/\/exceladvisor.org\/es\/\",\"logo\":{\"@type\":\"ImageObject\",\"inLanguage\":\"es\",\"@id\":\"https:\/\/exceladvisor.org\/es\/#\/schema\/logo\/image\/\",\"url\":\"https:\/\/exceladvisor.org\/es\/wp-content\/uploads\/2023\/12\/exceladvisor.org_.png\",\"contentUrl\":\"https:\/\/exceladvisor.org\/es\/wp-content\/uploads\/2023\/12\/exceladvisor.org_.png\",\"width\":105,\"height\":36,\"caption\":\"Excel Advisor\"},\"image\":{\"@id\":\"https:\/\/exceladvisor.org\/es\/#\/schema\/logo\/image\/\"}}]}<\/script>\n<!-- \/ Yoast SEO plugin. -->","yoast_head_json":{"title":"\u00bfc\u00f3mo contar entre dos n\u00fameros?","robots":{"index":"index","follow":"follow","max-snippet":"max-snippet:-1","max-image-preview":"max-image-preview:large","max-video-preview":"max-video-preview:-1"},"canonical":"https:\/\/exceladvisor.org\/es\/contar-entre-dos-numeros\/","og_locale":"es_ES","og_type":"article","og_title":"\u00bfc\u00f3mo contar entre dos n\u00fameros?","og_description":"En Excel, puedes contar entre dos n\u00fameros usando la funci\u00f3n CONTAR.SI. Con la funci\u00f3n CONTAR.SI, puede especificar un l\u00edmite superior de n\u00fameros y un l\u00edmite inferior para crear un rango de n\u00fameros para contar. En el siguiente ejemplo tenemos una lista de nombres con edad. Ahora tenemos que contar personas de dos edades, es decir, [&hellip;]","og_url":"https:\/\/exceladvisor.org\/es\/contar-entre-dos-numeros\/","og_site_name":"Excel Advisor","article_modified_time":"2023-12-25T10:24:40+00:00","og_image":[{"url":"https:\/\/exceladvisor.org\/wp-content\/uploads\/2023\/08\/1-liste-de-noms-et-dage.png","type":"","width":"","height":""}],"twitter_card":"summary_large_image","twitter_misc":{"Tiempo de lectura":"3 minutos"},"schema":{"@context":"https:\/\/schema.org","@graph":[{"@type":"WebPage","@id":"https:\/\/exceladvisor.org\/es\/contar-entre-dos-numeros\/","url":"https:\/\/exceladvisor.org\/es\/contar-entre-dos-numeros\/","name":"\u00bfc\u00f3mo contar entre dos n\u00fameros?","isPartOf":{"@id":"https:\/\/exceladvisor.org\/es\/#website"},"primaryImageOfPage":{"@id":"https:\/\/exceladvisor.org\/es\/contar-entre-dos-numeros\/#primaryimage"},"image":{"@id":"https:\/\/exceladvisor.org\/es\/contar-entre-dos-numeros\/#primaryimage"},"thumbnailUrl":"https:\/\/exceladvisor.org\/wp-content\/uploads\/2023\/08\/1-liste-de-noms-et-dage.png","datePublished":"2023-11-15T10:51:02+00:00","dateModified":"2023-12-25T10:24:40+00:00","breadcrumb":{"@id":"https:\/\/exceladvisor.org\/es\/contar-entre-dos-numeros\/#breadcrumb"},"inLanguage":"es","potentialAction":[{"@type":"ReadAction","target":["https:\/\/exceladvisor.org\/es\/contar-entre-dos-numeros\/"]}]},{"@type":"ImageObject","inLanguage":"es","@id":"https:\/\/exceladvisor.org\/es\/contar-entre-dos-numeros\/#primaryimage","url":"https:\/\/exceladvisor.org\/wp-content\/uploads\/2023\/08\/1-liste-de-noms-et-dage.png","contentUrl":"https:\/\/exceladvisor.org\/wp-content\/uploads\/2023\/08\/1-liste-de-noms-et-dage.png"},{"@type":"BreadcrumbList","@id":"https:\/\/exceladvisor.org\/es\/contar-entre-dos-numeros\/#breadcrumb","itemListElement":[{"@type":"ListItem","position":1,"name":"Hogar","item":"https:\/\/exceladvisor.org\/es\/"},{"@type":"ListItem","position":2,"name":"\u00bfc\u00f3mo contar entre dos n\u00fameros?"}]},{"@type":"WebSite","@id":"https:\/\/exceladvisor.org\/es\/#website","url":"https:\/\/exceladvisor.org\/es\/","name":"Excel Advisor","description":"Su gu\u00eda para la dominaci\u00f3n de datos!","publisher":{"@id":"https:\/\/exceladvisor.org\/es\/#organization"},"potentialAction":[{"@type":"SearchAction","target":{"@type":"EntryPoint","urlTemplate":"https:\/\/exceladvisor.org\/es\/?s={search_term_string}"},"query-input":{"@type":"PropertyValueSpecification","valueRequired":true,"valueName":"search_term_string"}}],"inLanguage":"es"},{"@type":"Organization","@id":"https:\/\/exceladvisor.org\/es\/#organization","name":"Excel Advisor","url":"https:\/\/exceladvisor.org\/es\/","logo":{"@type":"ImageObject","inLanguage":"es","@id":"https:\/\/exceladvisor.org\/es\/#\/schema\/logo\/image\/","url":"https:\/\/exceladvisor.org\/es\/wp-content\/uploads\/2023\/12\/exceladvisor.org_.png","contentUrl":"https:\/\/exceladvisor.org\/es\/wp-content\/uploads\/2023\/12\/exceladvisor.org_.png","width":105,"height":36,"caption":"Excel Advisor"},"image":{"@id":"https:\/\/exceladvisor.org\/es\/#\/schema\/logo\/image\/"}}]}},"yoast_meta":{"yoast_wpseo_title":"","yoast_wpseo_metadesc":"","yoast_wpseo_canonical":""},"_links":{"self":[{"href":"https:\/\/exceladvisor.org\/es\/wp-json\/wp\/v2\/pages\/141","targetHints":{"allow":["GET"]}}],"collection":[{"href":"https:\/\/exceladvisor.org\/es\/wp-json\/wp\/v2\/pages"}],"about":[{"href":"https:\/\/exceladvisor.org\/es\/wp-json\/wp\/v2\/types\/page"}],"author":[{"embeddable":true,"href":"https:\/\/exceladvisor.org\/es\/wp-json\/wp\/v2\/users\/1"}],"replies":[{"embeddable":true,"href":"https:\/\/exceladvisor.org\/es\/wp-json\/wp\/v2\/comments?post=141"}],"version-history":[{"count":1,"href":"https:\/\/exceladvisor.org\/es\/wp-json\/wp\/v2\/pages\/141\/revisions"}],"predecessor-version":[{"id":944,"href":"https:\/\/exceladvisor.org\/es\/wp-json\/wp\/v2\/pages\/141\/revisions\/944"}],"wp:attachment":[{"href":"https:\/\/exceladvisor.org\/es\/wp-json\/wp\/v2\/media?parent=141"}],"curies":[{"name":"wp","href":"https:\/\/api.w.org\/{rel}","templated":true}]}}