{"id":142,"date":"2023-11-15T10:41:17","date_gmt":"2023-11-15T10:41:17","guid":{"rendered":"https:\/\/exceladvisor.org\/es\/contar-celdas-no-iguales-a\/"},"modified":"2023-12-25T10:32:38","modified_gmt":"2023-12-25T10:32:38","slug":"contar-celdas-no-iguales-a","status":"publish","type":"page","link":"https:\/\/exceladvisor.org\/es\/contar-celdas-no-iguales-a\/","title":{"rendered":"C\u00f3mo contar celdas que no son iguales a"},"content":{"rendered":"<div class=\"excel-antes-del-contenido\" id=\"excel-1422412984\"><script type=\"text\/javascript\">\r\n\tatOptions = {\r\n\t\t'key' : 'c1158f160081d6540a8409e6925dab94',\r\n\t\t'format' : 'iframe',\r\n\t\t'height' : 250,\r\n\t\t'width' : 300,\r\n\t\t'params' : {}\r\n\t};\r\n<\/script>\r\n<script type=\"text\/javascript\" src=\"\/\/www.highperformanceformat.com\/c1158f160081d6540a8409e6925dab94\/invoke.js\"><\/script><\/div><p>En Excel, puede usar la funci\u00f3n CONTAR.SI para contar celdas que no son iguales a un valor espec\u00edfico que usted defina. Debe especificar el rango de valores a verificar y los criterios que desea probar.<\/p>\n<p> En el siguiente ejemplo, tiene una lista de valores en forma de n\u00fameros y ahora desde aqu\u00ed necesita contar la cantidad de valores que no son iguales a cero. <\/p>\n<div class=\"wp-block-image\">\n<figure class=\"aligncenter size-full is-resized\"><img loading=\"lazy\" decoding=\"async\" class=\"wp-image-64242\" src=\"https:\/\/exceladvisor.org\/wp-content\/uploads\/2023\/08\/1-liste-de-valeurs-numeriques.png\" sizes=\"auto, \" srcset=\"\" alt=\"lista de valores num\u00e9ricos\" width=\"205\" height=\"303\"><\/figure>\n<\/div>\n<pre class=\"wp-block-code\"> <code class=\"language-excel-formula\" lang=\"excel-formula\">=COUNTIF(A2:A15,\"&lt;&gt;0\")<\/code><\/pre>\n<ol>\n<li> Primero, debe ingresar la funci\u00f3n CONTAR.SI en la celda C1 e ingresar el par\u00e9ntesis inicial. <br \/><img loading=\"lazy\" decoding=\"async\" title=\"Funci\u00f3n de conteo de 2 usos\" src=\"https:\/\/exceladvisor.org\/wp-content\/uploads\/2023\/08\/2-utiliser-la-fonction-countif.png\" sizes=\"auto, \" srcset=\"\" alt=\"use-countif-function\" width=\"351\" height=\"285\"><\/li>\n<li> A continuaci\u00f3n, seleccione el rango desde el cual desea contar los valores. <br \/><img loading=\"lazy\" decoding=\"async\" title=\"rango de 3 selecciones\" src=\"https:\/\/exceladvisor.org\/wp-content\/uploads\/2023\/08\/3-selectionner-la-gamme.png\" sizes=\"auto, \" srcset=\"\" alt=\"select-the-range\" width=\"354\" height=\"317\"><\/li>\n<li> Despu\u00e9s de eso, escriba un comando para pasar al siguiente argumento.<\/li>\n<li> Al final, ingrese \u201c&lt;&gt;0\u201d en los criterios y cierre los par\u00e9ntesis. <br \/><img loading=\"lazy\" decoding=\"async\" title=\"4-ingrese-criterios-en-conteo\" src=\"https:\/\/exceladvisor.org\/wp-content\/uploads\/2023\/08\/4-entrez-les-criteres-dans-countif.png\" sizes=\"auto, \" srcset=\"\" alt=\"enter-criteria-in-countif\" width=\"356\" height=\"319\"><\/li>\n<\/ol>\n<p> Cuando presiona Enter, devuelve el n\u00famero de n\u00fameros que no son iguales a cero. <\/p>\n<div class=\"wp-block-image\">\n<figure class=\"aligncenter size-full is-resized\"><img loading=\"lazy\" decoding=\"async\" class=\"wp-image-64246\" src=\"https:\/\/exceladvisor.org\/wp-content\/uploads\/2023\/08\/5-decompte-des-nombres-non-egaux-a-zero.png\" sizes=\"auto, \" srcset=\"\" alt=\"numero-de-numeros-diferentes-a-cero\" width=\"349\" height=\"311\"><\/figure>\n<\/div>\n<p> Ahora, como puedes ver, usaste el s\u00edmbolo &lt;&gt; antes del cero.<\/p>\n<p> Este s\u00edmbolo es una combinaci\u00f3n de los signos menor que y mayor que y cuando se usan ambos signos colectivamente, significa \u00abno igual\u00bb. Hay otra cosa de la que debes ocuparte: debes incluir los criterios entre comillas dobles. <\/p>\n<div class=\"gb-container gb-container-52dfcee1 gb-container-sample-file\">\n<h2 class=\"gb-headline gb-headline-e289c143 gb-headline-text gb-headline-4f7959c2\"> Obtener el archivo Excel<\/h2>\n<p> <a class=\"gb-button gb-button-e88d6bee gb-button-text gb-button-button1\" href=\"https:\/\/exceladvisor.org\/wp-content\/uploads\/2023\/08\/compter-les-cellules-non-egales-a-2.xlsx\" rel=\"nofollow\">Descargar<\/a><\/div>\n<div class=\"gb-container gb-container-0df56012 gb-container-mt\"> <a class=\"gb-button gb-button-f9f432f4 gb-button-text gb-button-mt-button\" href=\"https:\/\/exceladvisor.org\/es\/formulas\/\">Lista de f\u00f3rmulas de Excel<\/a><\/p>\n<h2 class=\"gb-headline gb-headline-233444e8 gb-headline-text gb-headline-mt-heading\"> F\u00f3rmulas relacionadas <\/h2>\n<div class=\"gb-grid-wrapper gb-grid-wrapper-a16fa65c gb-grid-wrapper-mt-grid\">\n<div class=\"gb-grid-column gb-grid-column-50d07e0d\">\n<div class=\"gb-container gb-container-50d07e0d\">\n<ul>\n<li> <a href=\"https:\/\/exceladvisor.org\/es\/contar-entre-dos-numeros\/\">Contar entre dos n\u00fameros (CONTAR.SI) en Excel<\/a><\/li>\n<li> <a href=\"https:\/\/exceladvisor.org\/es\/numero-de-celdas-vacias\/\">Cuente celdas en blanco (en blanco) usando CONTAR.SI en Excel<\/a><\/li>\n<li> <a href=\"https:\/\/exceladvisor.org\/es\/contar-si-es-menor-que\/\">Cuente celdas menores que un valor particular (CONTAR.SI) en Excel<\/a><\/li>\n<li> <a href=\"https:\/\/exceladvisor.org\/es\/contar-celdas-que-no-esten-en-blanco\/\">Contar celdas que no est\u00e1n vac\u00edas en Excel<\/a><\/li>\n<li> <a href=\"https:\/\/exceladvisor.org\/es\/cuenta-mayor-que-cero\/\">Cuente mayor que 0 (CONTAR.SI) en Excel<\/a> <\/li>\n<\/ul>\n<\/div>\n<\/div>\n<div class=\"gb-grid-column gb-grid-column-5b4a0cf9\">\n<div class=\"gb-container gb-container-5b4a0cf9\"><\/div>\n<\/div>\n<\/div>\n<\/div>\n","protected":false},"excerpt":{"rendered":"<p>En Excel, puede usar la funci\u00f3n CONTAR.SI para contar celdas que no son iguales a un valor espec\u00edfico que usted defina. Debe especificar el rango de valores a verificar y los criterios que desea probar. En el siguiente ejemplo, tiene una lista de valores en forma de n\u00fameros y ahora desde aqu\u00ed necesita contar la [&hellip;]<\/p>\n","protected":false},"author":1,"featured_media":0,"parent":0,"menu_order":0,"comment_status":"open","ping_status":"closed","template":"","meta":{"ub_ctt_via":"","footnotes":""},"class_list":["post-142","page","type-page","status-publish","hentry"],"featured_image_src":null,"yoast_head":"<!-- This site is optimized with the Yoast SEO plugin v25.4 - https:\/\/yoast.com\/wordpress\/plugins\/seo\/ -->\n<title>C\u00f3mo contar celdas que no son iguales a<\/title>\n<meta name=\"robots\" content=\"index, follow, max-snippet:-1, max-image-preview:large, max-video-preview:-1\" \/>\n<link rel=\"canonical\" href=\"https:\/\/exceladvisor.org\/es\/contar-celdas-no-iguales-a\/\" \/>\n<meta property=\"og:locale\" content=\"es_ES\" \/>\n<meta property=\"og:type\" content=\"article\" \/>\n<meta property=\"og:title\" content=\"C\u00f3mo contar celdas que no son iguales a\" \/>\n<meta property=\"og:description\" content=\"En Excel, puede usar la funci\u00f3n CONTAR.SI para contar celdas que no son iguales a un valor espec\u00edfico que usted defina. Debe especificar el rango de valores a verificar y los criterios que desea probar. En el siguiente ejemplo, tiene una lista de valores en forma de n\u00fameros y ahora desde aqu\u00ed necesita contar la [&hellip;]\" \/>\n<meta property=\"og:url\" content=\"https:\/\/exceladvisor.org\/es\/contar-celdas-no-iguales-a\/\" \/>\n<meta property=\"og:site_name\" content=\"Excel Advisor\" \/>\n<meta property=\"article:modified_time\" content=\"2023-12-25T10:32:38+00:00\" \/>\n<meta property=\"og:image\" content=\"https:\/\/exceladvisor.org\/wp-content\/uploads\/2023\/08\/1-liste-de-valeurs-numeriques.png\" \/>\n<meta name=\"twitter:card\" content=\"summary_large_image\" \/>\n<meta name=\"twitter:label1\" content=\"Tiempo de lectura\" \/>\n\t<meta name=\"twitter:data1\" content=\"1 minuto\" \/>\n<script type=\"application\/ld+json\" class=\"yoast-schema-graph\">{\"@context\":\"https:\/\/schema.org\",\"@graph\":[{\"@type\":\"WebPage\",\"@id\":\"https:\/\/exceladvisor.org\/es\/contar-celdas-no-iguales-a\/\",\"url\":\"https:\/\/exceladvisor.org\/es\/contar-celdas-no-iguales-a\/\",\"name\":\"C\u00f3mo contar celdas que no son iguales a\",\"isPartOf\":{\"@id\":\"https:\/\/exceladvisor.org\/es\/#website\"},\"primaryImageOfPage\":{\"@id\":\"https:\/\/exceladvisor.org\/es\/contar-celdas-no-iguales-a\/#primaryimage\"},\"image\":{\"@id\":\"https:\/\/exceladvisor.org\/es\/contar-celdas-no-iguales-a\/#primaryimage\"},\"thumbnailUrl\":\"https:\/\/exceladvisor.org\/wp-content\/uploads\/2023\/08\/1-liste-de-valeurs-numeriques.png\",\"datePublished\":\"2023-11-15T10:41:17+00:00\",\"dateModified\":\"2023-12-25T10:32:38+00:00\",\"breadcrumb\":{\"@id\":\"https:\/\/exceladvisor.org\/es\/contar-celdas-no-iguales-a\/#breadcrumb\"},\"inLanguage\":\"es\",\"potentialAction\":[{\"@type\":\"ReadAction\",\"target\":[\"https:\/\/exceladvisor.org\/es\/contar-celdas-no-iguales-a\/\"]}]},{\"@type\":\"ImageObject\",\"inLanguage\":\"es\",\"@id\":\"https:\/\/exceladvisor.org\/es\/contar-celdas-no-iguales-a\/#primaryimage\",\"url\":\"https:\/\/exceladvisor.org\/wp-content\/uploads\/2023\/08\/1-liste-de-valeurs-numeriques.png\",\"contentUrl\":\"https:\/\/exceladvisor.org\/wp-content\/uploads\/2023\/08\/1-liste-de-valeurs-numeriques.png\"},{\"@type\":\"BreadcrumbList\",\"@id\":\"https:\/\/exceladvisor.org\/es\/contar-celdas-no-iguales-a\/#breadcrumb\",\"itemListElement\":[{\"@type\":\"ListItem\",\"position\":1,\"name\":\"Hogar\",\"item\":\"https:\/\/exceladvisor.org\/es\/\"},{\"@type\":\"ListItem\",\"position\":2,\"name\":\"C\u00f3mo contar celdas que no son iguales a\"}]},{\"@type\":\"WebSite\",\"@id\":\"https:\/\/exceladvisor.org\/es\/#website\",\"url\":\"https:\/\/exceladvisor.org\/es\/\",\"name\":\"Excel Advisor\",\"description\":\"Su gu\u00eda para la dominaci\u00f3n de datos!\",\"publisher\":{\"@id\":\"https:\/\/exceladvisor.org\/es\/#organization\"},\"potentialAction\":[{\"@type\":\"SearchAction\",\"target\":{\"@type\":\"EntryPoint\",\"urlTemplate\":\"https:\/\/exceladvisor.org\/es\/?s={search_term_string}\"},\"query-input\":{\"@type\":\"PropertyValueSpecification\",\"valueRequired\":true,\"valueName\":\"search_term_string\"}}],\"inLanguage\":\"es\"},{\"@type\":\"Organization\",\"@id\":\"https:\/\/exceladvisor.org\/es\/#organization\",\"name\":\"Excel Advisor\",\"url\":\"https:\/\/exceladvisor.org\/es\/\",\"logo\":{\"@type\":\"ImageObject\",\"inLanguage\":\"es\",\"@id\":\"https:\/\/exceladvisor.org\/es\/#\/schema\/logo\/image\/\",\"url\":\"https:\/\/exceladvisor.org\/es\/wp-content\/uploads\/2023\/12\/exceladvisor.org_.png\",\"contentUrl\":\"https:\/\/exceladvisor.org\/es\/wp-content\/uploads\/2023\/12\/exceladvisor.org_.png\",\"width\":105,\"height\":36,\"caption\":\"Excel Advisor\"},\"image\":{\"@id\":\"https:\/\/exceladvisor.org\/es\/#\/schema\/logo\/image\/\"}}]}<\/script>\n<!-- \/ Yoast SEO plugin. -->","yoast_head_json":{"title":"C\u00f3mo contar celdas que no son iguales a","robots":{"index":"index","follow":"follow","max-snippet":"max-snippet:-1","max-image-preview":"max-image-preview:large","max-video-preview":"max-video-preview:-1"},"canonical":"https:\/\/exceladvisor.org\/es\/contar-celdas-no-iguales-a\/","og_locale":"es_ES","og_type":"article","og_title":"C\u00f3mo contar celdas que no son iguales a","og_description":"En Excel, puede usar la funci\u00f3n CONTAR.SI para contar celdas que no son iguales a un valor espec\u00edfico que usted defina. Debe especificar el rango de valores a verificar y los criterios que desea probar. En el siguiente ejemplo, tiene una lista de valores en forma de n\u00fameros y ahora desde aqu\u00ed necesita contar la [&hellip;]","og_url":"https:\/\/exceladvisor.org\/es\/contar-celdas-no-iguales-a\/","og_site_name":"Excel Advisor","article_modified_time":"2023-12-25T10:32:38+00:00","og_image":[{"url":"https:\/\/exceladvisor.org\/wp-content\/uploads\/2023\/08\/1-liste-de-valeurs-numeriques.png","type":"","width":"","height":""}],"twitter_card":"summary_large_image","twitter_misc":{"Tiempo de lectura":"1 minuto"},"schema":{"@context":"https:\/\/schema.org","@graph":[{"@type":"WebPage","@id":"https:\/\/exceladvisor.org\/es\/contar-celdas-no-iguales-a\/","url":"https:\/\/exceladvisor.org\/es\/contar-celdas-no-iguales-a\/","name":"C\u00f3mo contar celdas que no son iguales a","isPartOf":{"@id":"https:\/\/exceladvisor.org\/es\/#website"},"primaryImageOfPage":{"@id":"https:\/\/exceladvisor.org\/es\/contar-celdas-no-iguales-a\/#primaryimage"},"image":{"@id":"https:\/\/exceladvisor.org\/es\/contar-celdas-no-iguales-a\/#primaryimage"},"thumbnailUrl":"https:\/\/exceladvisor.org\/wp-content\/uploads\/2023\/08\/1-liste-de-valeurs-numeriques.png","datePublished":"2023-11-15T10:41:17+00:00","dateModified":"2023-12-25T10:32:38+00:00","breadcrumb":{"@id":"https:\/\/exceladvisor.org\/es\/contar-celdas-no-iguales-a\/#breadcrumb"},"inLanguage":"es","potentialAction":[{"@type":"ReadAction","target":["https:\/\/exceladvisor.org\/es\/contar-celdas-no-iguales-a\/"]}]},{"@type":"ImageObject","inLanguage":"es","@id":"https:\/\/exceladvisor.org\/es\/contar-celdas-no-iguales-a\/#primaryimage","url":"https:\/\/exceladvisor.org\/wp-content\/uploads\/2023\/08\/1-liste-de-valeurs-numeriques.png","contentUrl":"https:\/\/exceladvisor.org\/wp-content\/uploads\/2023\/08\/1-liste-de-valeurs-numeriques.png"},{"@type":"BreadcrumbList","@id":"https:\/\/exceladvisor.org\/es\/contar-celdas-no-iguales-a\/#breadcrumb","itemListElement":[{"@type":"ListItem","position":1,"name":"Hogar","item":"https:\/\/exceladvisor.org\/es\/"},{"@type":"ListItem","position":2,"name":"C\u00f3mo contar celdas que no son iguales a"}]},{"@type":"WebSite","@id":"https:\/\/exceladvisor.org\/es\/#website","url":"https:\/\/exceladvisor.org\/es\/","name":"Excel Advisor","description":"Su gu\u00eda para la dominaci\u00f3n de datos!","publisher":{"@id":"https:\/\/exceladvisor.org\/es\/#organization"},"potentialAction":[{"@type":"SearchAction","target":{"@type":"EntryPoint","urlTemplate":"https:\/\/exceladvisor.org\/es\/?s={search_term_string}"},"query-input":{"@type":"PropertyValueSpecification","valueRequired":true,"valueName":"search_term_string"}}],"inLanguage":"es"},{"@type":"Organization","@id":"https:\/\/exceladvisor.org\/es\/#organization","name":"Excel Advisor","url":"https:\/\/exceladvisor.org\/es\/","logo":{"@type":"ImageObject","inLanguage":"es","@id":"https:\/\/exceladvisor.org\/es\/#\/schema\/logo\/image\/","url":"https:\/\/exceladvisor.org\/es\/wp-content\/uploads\/2023\/12\/exceladvisor.org_.png","contentUrl":"https:\/\/exceladvisor.org\/es\/wp-content\/uploads\/2023\/12\/exceladvisor.org_.png","width":105,"height":36,"caption":"Excel Advisor"},"image":{"@id":"https:\/\/exceladvisor.org\/es\/#\/schema\/logo\/image\/"}}]}},"yoast_meta":{"yoast_wpseo_title":"","yoast_wpseo_metadesc":"","yoast_wpseo_canonical":""},"_links":{"self":[{"href":"https:\/\/exceladvisor.org\/es\/wp-json\/wp\/v2\/pages\/142","targetHints":{"allow":["GET"]}}],"collection":[{"href":"https:\/\/exceladvisor.org\/es\/wp-json\/wp\/v2\/pages"}],"about":[{"href":"https:\/\/exceladvisor.org\/es\/wp-json\/wp\/v2\/types\/page"}],"author":[{"embeddable":true,"href":"https:\/\/exceladvisor.org\/es\/wp-json\/wp\/v2\/users\/1"}],"replies":[{"embeddable":true,"href":"https:\/\/exceladvisor.org\/es\/wp-json\/wp\/v2\/comments?post=142"}],"version-history":[{"count":1,"href":"https:\/\/exceladvisor.org\/es\/wp-json\/wp\/v2\/pages\/142\/revisions"}],"predecessor-version":[{"id":1429,"href":"https:\/\/exceladvisor.org\/es\/wp-json\/wp\/v2\/pages\/142\/revisions\/1429"}],"wp:attachment":[{"href":"https:\/\/exceladvisor.org\/es\/wp-json\/wp\/v2\/media?parent=142"}],"curies":[{"name":"wp","href":"https:\/\/api.w.org\/{rel}","templated":true}]}}