{"id":144,"date":"2023-11-15T10:24:02","date_gmt":"2023-11-15T10:24:02","guid":{"rendered":"https:\/\/exceladvisor.org\/es\/raiz-cuadrada-2\/"},"modified":"2023-12-25T10:23:52","modified_gmt":"2023-12-25T10:23:52","slug":"raiz-cuadrada-2","status":"publish","type":"page","link":"https:\/\/exceladvisor.org\/es\/raiz-cuadrada-2\/","title":{"rendered":"\u00bfc\u00f3mo calcular la ra\u00edz c\u00fabica en excel?"},"content":{"rendered":"<div class=\"excel-antes-del-contenido\" id=\"excel-3687661560\"><script type=\"text\/javascript\">\r\n\tatOptions = {\r\n\t\t'key' : 'c1158f160081d6540a8409e6925dab94',\r\n\t\t'format' : 'iframe',\r\n\t\t'height' : 250,\r\n\t\t'width' : 300,\r\n\t\t'params' : {}\r\n\t};\r\n<\/script>\r\n<script type=\"text\/javascript\" src=\"\/\/www.highperformanceformat.com\/c1158f160081d6540a8409e6925dab94\/invoke.js\"><\/script><\/div><p>En este tutorial, ver\u00e1 todos los m\u00e9todos que puede utilizar para calcular la ra\u00edz c\u00fabica de un n\u00famero en Excel.<\/p>\n<p> Hay una funci\u00f3n en Excel llamada ENERG\u00cdA y el segundo m\u00e9todo es utilizar el operador de intercalaci\u00f3n.<\/p>\n<h2 class=\"wp-block-heading\"> Funci\u00f3n de potencia para ra\u00edz c\u00fabica<\/h2>\n<p> En la funci\u00f3n Potencia, debe especificar el n\u00famero para el cual desea encontrar la ra\u00edz c\u00fabica y, para el segundo argumento, debe especificar la potencia para calcular la ra\u00edz c\u00fabica (1\/3).<\/p>\n<pre class=\"wp-block-code\"> <code class=\"language-excel-formula\" lang=\"excel-formula\">=POWER(A1,1\/3)<\/code><\/pre>\n<p> En el siguiente ejemplo, tenemos un n\u00famero (125) en la celda A1 y en la celda B1 tenemos una f\u00f3rmula que devuelve como resultado una ra\u00edz c\u00fabica de 125. <\/p>\n<div class=\"wp-block-image\">\n<figure class=\"aligncenter size-full is-resized\"><img loading=\"lazy\" decoding=\"async\" class=\"wp-image-64228\" src=\"https:\/\/exceladvisor.org\/wp-content\/uploads\/2023\/08\/1-fonction-puissance-pour-la-racine-cubique.png\" sizes=\"auto, \" srcset=\"\" alt=\"funci\u00f3n-de-potencia-para-ra\u00edz-cubica\" width=\"423\" height=\"281\"><\/figure>\n<\/div>\n<p> Puedes ver que usamos 1\/3 en el argumento de potencia, no 3, por lo que es algo con lo que debes tener cuidado al escribir esta f\u00f3rmula.<\/p>\n<p> Y, si quieres calcular la ra\u00edz c\u00fabica de un n\u00famero que es negativo, simplemente debes seguir la misma funci\u00f3n.<\/p>\n<h2 class=\"wp-block-heading\"> Ra\u00edz c\u00fabica con operador CARET (^)<\/h2>\n<p> Con el operador CARET, no es necesario utilizar una funci\u00f3n para crear una f\u00f3rmula.<\/p>\n<pre class=\"wp-block-code\"> <code class=\"language-excel-formula\" lang=\"excel-formula\">=A1^(1\/3)<\/code><\/pre>\n<ol type=\"1\">\n<li> Primero, ingrese \u00ab=\u00bb en una celda.<\/li>\n<li> Luego, ingresa el n\u00famero para el cual deseas calcular la ra\u00edz c\u00fabica.<\/li>\n<li> Luego, ingrese el operador de intercalaci\u00f3n \u00ab^\u00bb.<\/li>\n<li> Al final, utiliza \u00ab(1\/3)\u00bb como poder, pero aseg\u00farate de encerrarlo entre par\u00e9ntesis. <\/li>\n<\/ol>\n<div class=\"wp-block-image\">\n<figure class=\"aligncenter size-full is-resized\"><img loading=\"lazy\" decoding=\"async\" class=\"wp-image-64229\" src=\"https:\/\/exceladvisor.org\/wp-content\/uploads\/2023\/08\/2-racine-cubique-avec-operateur-caret.png\" sizes=\"auto, \" srcset=\"\" alt=\"ra\u00edz c\u00fabica con operador de intercalaci\u00f3n\" width=\"420\" height=\"329\"><\/figure>\n<\/div>\n<p> Con ambos m\u00e9todos no s\u00f3lo puedes calcular la ra\u00edz c\u00fabica, sino tambi\u00e9n la ra\u00edz en\u00e9sima. <\/p>\n<div class=\"gb-container gb-container-52dfcee1 gb-container-sample-file\">\n<h2 class=\"gb-headline gb-headline-e289c143 gb-headline-text gb-headline-4f7959c2\"> Obtener el archivo Excel<\/h2>\n<p> <a class=\"gb-button gb-button-e88d6bee gb-button-text gb-button-button1\" href=\"https:\/\/exceladvisor.org\/wp-content\/uploads\/2023\/11\/racine-cubique-excel.xlsx\" rel=\"nofollow\">Descargar<\/a><\/div>\n<div class=\"gb-container gb-container-0df56012 gb-container-mt\"> <a class=\"gb-button gb-button-f9f432f4 gb-button-text gb-button-mt-button\" href=\"https:\/\/exceladvisor.org\/es\/formulas\/\">Lista de f\u00f3rmulas de Excel<\/a><\/p>\n<h2 class=\"gb-headline gb-headline-233444e8 gb-headline-text gb-headline-mt-heading\"> F\u00f3rmulas relacionadas <\/h2>\n<div class=\"gb-grid-wrapper gb-grid-wrapper-a16fa65c gb-grid-wrapper-mt-grid\">\n<div class=\"gb-grid-column gb-grid-column-50d07e0d\">\n<div class=\"gb-container gb-container-50d07e0d\">\n<ul>\n<li> <a href=\"https:\/\/exceladvisor.org\/es\/diferencia-porcentual\/\">Calcular la varianza porcentual (diferencia) en Excel<\/a><\/li>\n<li> <a href=\"https:\/\/exceladvisor.org\/es\/raiz-cuadrada\/\">Calcular ra\u00edz cuadrada en Excel + Insertar s\u00edmbolo<\/a><\/li>\n<li> <a href=\"https:\/\/exceladvisor.org\/es\/no-es-igual\/\">No es igual al operador en Excel<\/a><\/li>\n<li> <a href=\"https:\/\/exceladvisor.org\/es\/numero-cuadrado\/\">Cuadrar un n\u00famero en Excel<\/a><\/li>\n<li> <a href=\"https:\/\/exceladvisor.org\/es\/sumar-restar-un-porcentaje-de-un-numero\/\">Sumar y restar el porcentaje de un n\u00famero<\/a> <\/li>\n<\/ul>\n<\/div>\n<\/div>\n<div class=\"gb-grid-column gb-grid-column-5b4a0cf9\">\n<div class=\"gb-container gb-container-5b4a0cf9\"><\/div>\n<\/div>\n<\/div>\n<\/div>\n","protected":false},"excerpt":{"rendered":"<p>En este tutorial, ver\u00e1 todos los m\u00e9todos que puede utilizar para calcular la ra\u00edz c\u00fabica de un n\u00famero en Excel. Hay una funci\u00f3n en Excel llamada ENERG\u00cdA y el segundo m\u00e9todo es utilizar el operador de intercalaci\u00f3n. Funci\u00f3n de potencia para ra\u00edz c\u00fabica En la funci\u00f3n Potencia, debe especificar el n\u00famero para el cual desea [&hellip;]<\/p>\n","protected":false},"author":1,"featured_media":0,"parent":0,"menu_order":0,"comment_status":"open","ping_status":"closed","template":"","meta":{"ub_ctt_via":"","footnotes":""},"class_list":["post-144","page","type-page","status-publish","hentry"],"featured_image_src":null,"yoast_head":"<!-- This site is optimized with the Yoast SEO plugin v25.4 - https:\/\/yoast.com\/wordpress\/plugins\/seo\/ -->\n<title>\u00bfc\u00f3mo calcular la ra\u00edz c\u00fabica en excel?<\/title>\n<meta name=\"robots\" content=\"index, follow, max-snippet:-1, max-image-preview:large, max-video-preview:-1\" \/>\n<link rel=\"canonical\" href=\"https:\/\/exceladvisor.org\/es\/raiz-cuadrada-2\/\" \/>\n<meta property=\"og:locale\" content=\"es_ES\" \/>\n<meta property=\"og:type\" content=\"article\" \/>\n<meta property=\"og:title\" content=\"\u00bfc\u00f3mo calcular la ra\u00edz c\u00fabica en excel?\" \/>\n<meta property=\"og:description\" content=\"En este tutorial, ver\u00e1 todos los m\u00e9todos que puede utilizar para calcular la ra\u00edz c\u00fabica de un n\u00famero en Excel. Hay una funci\u00f3n en Excel llamada ENERG\u00cdA y el segundo m\u00e9todo es utilizar el operador de intercalaci\u00f3n. Funci\u00f3n de potencia para ra\u00edz c\u00fabica En la funci\u00f3n Potencia, debe especificar el n\u00famero para el cual desea [&hellip;]\" \/>\n<meta property=\"og:url\" content=\"https:\/\/exceladvisor.org\/es\/raiz-cuadrada-2\/\" \/>\n<meta property=\"og:site_name\" content=\"Excel Advisor\" \/>\n<meta property=\"article:modified_time\" content=\"2023-12-25T10:23:52+00:00\" \/>\n<meta property=\"og:image\" content=\"https:\/\/exceladvisor.org\/wp-content\/uploads\/2023\/08\/1-fonction-puissance-pour-la-racine-cubique.png\" \/>\n<meta name=\"twitter:card\" content=\"summary_large_image\" \/>\n<meta name=\"twitter:label1\" content=\"Tiempo de lectura\" \/>\n\t<meta name=\"twitter:data1\" content=\"2 minutos\" \/>\n<script type=\"application\/ld+json\" class=\"yoast-schema-graph\">{\"@context\":\"https:\/\/schema.org\",\"@graph\":[{\"@type\":\"WebPage\",\"@id\":\"https:\/\/exceladvisor.org\/es\/raiz-cuadrada-2\/\",\"url\":\"https:\/\/exceladvisor.org\/es\/raiz-cuadrada-2\/\",\"name\":\"\u00bfc\u00f3mo calcular la ra\u00edz c\u00fabica en excel?\",\"isPartOf\":{\"@id\":\"https:\/\/exceladvisor.org\/es\/#website\"},\"primaryImageOfPage\":{\"@id\":\"https:\/\/exceladvisor.org\/es\/raiz-cuadrada-2\/#primaryimage\"},\"image\":{\"@id\":\"https:\/\/exceladvisor.org\/es\/raiz-cuadrada-2\/#primaryimage\"},\"thumbnailUrl\":\"https:\/\/exceladvisor.org\/wp-content\/uploads\/2023\/08\/1-fonction-puissance-pour-la-racine-cubique.png\",\"datePublished\":\"2023-11-15T10:24:02+00:00\",\"dateModified\":\"2023-12-25T10:23:52+00:00\",\"breadcrumb\":{\"@id\":\"https:\/\/exceladvisor.org\/es\/raiz-cuadrada-2\/#breadcrumb\"},\"inLanguage\":\"es\",\"potentialAction\":[{\"@type\":\"ReadAction\",\"target\":[\"https:\/\/exceladvisor.org\/es\/raiz-cuadrada-2\/\"]}]},{\"@type\":\"ImageObject\",\"inLanguage\":\"es\",\"@id\":\"https:\/\/exceladvisor.org\/es\/raiz-cuadrada-2\/#primaryimage\",\"url\":\"https:\/\/exceladvisor.org\/wp-content\/uploads\/2023\/08\/1-fonction-puissance-pour-la-racine-cubique.png\",\"contentUrl\":\"https:\/\/exceladvisor.org\/wp-content\/uploads\/2023\/08\/1-fonction-puissance-pour-la-racine-cubique.png\"},{\"@type\":\"BreadcrumbList\",\"@id\":\"https:\/\/exceladvisor.org\/es\/raiz-cuadrada-2\/#breadcrumb\",\"itemListElement\":[{\"@type\":\"ListItem\",\"position\":1,\"name\":\"Hogar\",\"item\":\"https:\/\/exceladvisor.org\/es\/\"},{\"@type\":\"ListItem\",\"position\":2,\"name\":\"\u00bfc\u00f3mo calcular la ra\u00edz c\u00fabica en excel?\"}]},{\"@type\":\"WebSite\",\"@id\":\"https:\/\/exceladvisor.org\/es\/#website\",\"url\":\"https:\/\/exceladvisor.org\/es\/\",\"name\":\"Excel Advisor\",\"description\":\"Su gu\u00eda para la dominaci\u00f3n de datos!\",\"publisher\":{\"@id\":\"https:\/\/exceladvisor.org\/es\/#organization\"},\"potentialAction\":[{\"@type\":\"SearchAction\",\"target\":{\"@type\":\"EntryPoint\",\"urlTemplate\":\"https:\/\/exceladvisor.org\/es\/?s={search_term_string}\"},\"query-input\":{\"@type\":\"PropertyValueSpecification\",\"valueRequired\":true,\"valueName\":\"search_term_string\"}}],\"inLanguage\":\"es\"},{\"@type\":\"Organization\",\"@id\":\"https:\/\/exceladvisor.org\/es\/#organization\",\"name\":\"Excel Advisor\",\"url\":\"https:\/\/exceladvisor.org\/es\/\",\"logo\":{\"@type\":\"ImageObject\",\"inLanguage\":\"es\",\"@id\":\"https:\/\/exceladvisor.org\/es\/#\/schema\/logo\/image\/\",\"url\":\"https:\/\/exceladvisor.org\/es\/wp-content\/uploads\/2023\/12\/exceladvisor.org_.png\",\"contentUrl\":\"https:\/\/exceladvisor.org\/es\/wp-content\/uploads\/2023\/12\/exceladvisor.org_.png\",\"width\":105,\"height\":36,\"caption\":\"Excel Advisor\"},\"image\":{\"@id\":\"https:\/\/exceladvisor.org\/es\/#\/schema\/logo\/image\/\"}}]}<\/script>\n<!-- \/ Yoast SEO plugin. -->","yoast_head_json":{"title":"\u00bfc\u00f3mo calcular la ra\u00edz c\u00fabica en excel?","robots":{"index":"index","follow":"follow","max-snippet":"max-snippet:-1","max-image-preview":"max-image-preview:large","max-video-preview":"max-video-preview:-1"},"canonical":"https:\/\/exceladvisor.org\/es\/raiz-cuadrada-2\/","og_locale":"es_ES","og_type":"article","og_title":"\u00bfc\u00f3mo calcular la ra\u00edz c\u00fabica en excel?","og_description":"En este tutorial, ver\u00e1 todos los m\u00e9todos que puede utilizar para calcular la ra\u00edz c\u00fabica de un n\u00famero en Excel. Hay una funci\u00f3n en Excel llamada ENERG\u00cdA y el segundo m\u00e9todo es utilizar el operador de intercalaci\u00f3n. Funci\u00f3n de potencia para ra\u00edz c\u00fabica En la funci\u00f3n Potencia, debe especificar el n\u00famero para el cual desea [&hellip;]","og_url":"https:\/\/exceladvisor.org\/es\/raiz-cuadrada-2\/","og_site_name":"Excel Advisor","article_modified_time":"2023-12-25T10:23:52+00:00","og_image":[{"url":"https:\/\/exceladvisor.org\/wp-content\/uploads\/2023\/08\/1-fonction-puissance-pour-la-racine-cubique.png","type":"","width":"","height":""}],"twitter_card":"summary_large_image","twitter_misc":{"Tiempo de lectura":"2 minutos"},"schema":{"@context":"https:\/\/schema.org","@graph":[{"@type":"WebPage","@id":"https:\/\/exceladvisor.org\/es\/raiz-cuadrada-2\/","url":"https:\/\/exceladvisor.org\/es\/raiz-cuadrada-2\/","name":"\u00bfc\u00f3mo calcular la ra\u00edz c\u00fabica en excel?","isPartOf":{"@id":"https:\/\/exceladvisor.org\/es\/#website"},"primaryImageOfPage":{"@id":"https:\/\/exceladvisor.org\/es\/raiz-cuadrada-2\/#primaryimage"},"image":{"@id":"https:\/\/exceladvisor.org\/es\/raiz-cuadrada-2\/#primaryimage"},"thumbnailUrl":"https:\/\/exceladvisor.org\/wp-content\/uploads\/2023\/08\/1-fonction-puissance-pour-la-racine-cubique.png","datePublished":"2023-11-15T10:24:02+00:00","dateModified":"2023-12-25T10:23:52+00:00","breadcrumb":{"@id":"https:\/\/exceladvisor.org\/es\/raiz-cuadrada-2\/#breadcrumb"},"inLanguage":"es","potentialAction":[{"@type":"ReadAction","target":["https:\/\/exceladvisor.org\/es\/raiz-cuadrada-2\/"]}]},{"@type":"ImageObject","inLanguage":"es","@id":"https:\/\/exceladvisor.org\/es\/raiz-cuadrada-2\/#primaryimage","url":"https:\/\/exceladvisor.org\/wp-content\/uploads\/2023\/08\/1-fonction-puissance-pour-la-racine-cubique.png","contentUrl":"https:\/\/exceladvisor.org\/wp-content\/uploads\/2023\/08\/1-fonction-puissance-pour-la-racine-cubique.png"},{"@type":"BreadcrumbList","@id":"https:\/\/exceladvisor.org\/es\/raiz-cuadrada-2\/#breadcrumb","itemListElement":[{"@type":"ListItem","position":1,"name":"Hogar","item":"https:\/\/exceladvisor.org\/es\/"},{"@type":"ListItem","position":2,"name":"\u00bfc\u00f3mo calcular la ra\u00edz c\u00fabica en excel?"}]},{"@type":"WebSite","@id":"https:\/\/exceladvisor.org\/es\/#website","url":"https:\/\/exceladvisor.org\/es\/","name":"Excel Advisor","description":"Su gu\u00eda para la dominaci\u00f3n de datos!","publisher":{"@id":"https:\/\/exceladvisor.org\/es\/#organization"},"potentialAction":[{"@type":"SearchAction","target":{"@type":"EntryPoint","urlTemplate":"https:\/\/exceladvisor.org\/es\/?s={search_term_string}"},"query-input":{"@type":"PropertyValueSpecification","valueRequired":true,"valueName":"search_term_string"}}],"inLanguage":"es"},{"@type":"Organization","@id":"https:\/\/exceladvisor.org\/es\/#organization","name":"Excel Advisor","url":"https:\/\/exceladvisor.org\/es\/","logo":{"@type":"ImageObject","inLanguage":"es","@id":"https:\/\/exceladvisor.org\/es\/#\/schema\/logo\/image\/","url":"https:\/\/exceladvisor.org\/es\/wp-content\/uploads\/2023\/12\/exceladvisor.org_.png","contentUrl":"https:\/\/exceladvisor.org\/es\/wp-content\/uploads\/2023\/12\/exceladvisor.org_.png","width":105,"height":36,"caption":"Excel Advisor"},"image":{"@id":"https:\/\/exceladvisor.org\/es\/#\/schema\/logo\/image\/"}}]}},"yoast_meta":{"yoast_wpseo_title":"","yoast_wpseo_metadesc":"","yoast_wpseo_canonical":""},"_links":{"self":[{"href":"https:\/\/exceladvisor.org\/es\/wp-json\/wp\/v2\/pages\/144","targetHints":{"allow":["GET"]}}],"collection":[{"href":"https:\/\/exceladvisor.org\/es\/wp-json\/wp\/v2\/pages"}],"about":[{"href":"https:\/\/exceladvisor.org\/es\/wp-json\/wp\/v2\/types\/page"}],"author":[{"embeddable":true,"href":"https:\/\/exceladvisor.org\/es\/wp-json\/wp\/v2\/users\/1"}],"replies":[{"embeddable":true,"href":"https:\/\/exceladvisor.org\/es\/wp-json\/wp\/v2\/comments?post=144"}],"version-history":[{"count":1,"href":"https:\/\/exceladvisor.org\/es\/wp-json\/wp\/v2\/pages\/144\/revisions"}],"predecessor-version":[{"id":880,"href":"https:\/\/exceladvisor.org\/es\/wp-json\/wp\/v2\/pages\/144\/revisions\/880"}],"wp:attachment":[{"href":"https:\/\/exceladvisor.org\/es\/wp-json\/wp\/v2\/media?parent=144"}],"curies":[{"name":"wp","href":"https:\/\/api.w.org\/{rel}","templated":true}]}}