{"id":145,"date":"2023-11-15T09:18:53","date_gmt":"2023-11-15T09:18:53","guid":{"rendered":"https:\/\/exceladvisor.org\/es\/filtro-de-linea-de-tiempo\/"},"modified":"2023-12-25T10:32:52","modified_gmt":"2023-12-25T10:32:52","slug":"filtro-de-linea-de-tiempo","status":"publish","type":"page","link":"https:\/\/exceladvisor.org\/es\/filtro-de-linea-de-tiempo\/","title":{"rendered":"Cronolog\u00eda de la tabla din\u00e1mica"},"content":{"rendered":"<div class=\"excel-antes-del-contenido\" id=\"excel-3325317645\"><script type=\"text\/javascript\">\r\n\tatOptions = {\r\n\t\t'key' : 'c1158f160081d6540a8409e6925dab94',\r\n\t\t'format' : 'iframe',\r\n\t\t'height' : 250,\r\n\t\t'width' : 300,\r\n\t\t'params' : {}\r\n\t};\r\n<\/script>\r\n<script type=\"text\/javascript\" src=\"\/\/www.highperformanceformat.com\/c1158f160081d6540a8409e6925dab94\/invoke.js\"><\/script><\/div><p>La funci\u00f3n de l\u00ednea de tiempo se introdujo por primera vez en Excel 2013 y la buena noticia es que tambi\u00e9n puedes usarla con una tabla din\u00e1mica. Filtrar fechas en una tabla din\u00e1mica puede cambiar las reglas del juego.<\/p>\n<p> Porque el problema de la opci\u00f3n de filtro predeterminada es que es muy dif\u00edcil filtrar con meses, trimestres y a\u00f1os si tienes fechas simples.<\/p>\n<p> Pero con un filtro de l\u00ednea de tiempo, no necesitas abrir el filtro una y otra vez, solo lo haces con un clic. Es por eso que Microsoft introdujo la opci\u00f3n de filtro de l\u00ednea de tiempo. <\/p>\n<div class=\"wp-block-image\">\n<figure class=\"aligncenter\"><img decoding=\"async\" src=\"https:\/\/exceladvisor.org\/wp-content\/uploads\/2023\/08\/Remplacer-le-filtre-normal-par-la-chronologie-du-tableau-croise-dynamique-1.png\" sizes=\"\" srcset=\"\" alt=\"Reemplazar el filtro normal con una l\u00ednea de tiempo de tabla din\u00e1mica\"><\/figure>\n<\/div>\n<p> Una l\u00ednea de tiempo es <a style=\"outline: none;\" href=\"https:\/\/exceladvisor.org\/es\/vincular-la-segmentacion-de-datos-a-varias-tablas-dinamicas\/\" data-wpel-link=\"internal\">como un segmento<\/a> , la diferencia es que la l\u00ednea de tiempo solo filtra fechas. Entonces, hoy en este art\u00edculo, me gustar\u00eda compartir con ustedes pasos simples para agregar un filtro de l\u00ednea de tiempo para filtrar fechas en la tabla din\u00e1mica.<\/p>\n<p class=\"qt-tip\"> NOTA: Las tablas din\u00e1micas son parte de <a style=\"outline: none;\" href=\"https:\/\/exceladvisor.org\/es\/habilidades-de-sobresalir\/\">HABILIDADES INTERMEDIAS DE EXCEL<\/a> .<\/p>\n<h2 id=\"tab-con-1\" class=\"wp-block-heading\"> Pasos para insertar una l\u00ednea de tiempo en una tabla din\u00e1mica<\/h2>\n<p> <a style=\"outline: none;\" href=\"https:\/\/exceladvisor.org\/wp-content\/uploads\/2023\/11\/utiliser-la-chronologie-du-tableau-croise-dynamique.xlsx\" rel=\"nofollow\">archivo de muestra<\/a> <\/p>\n<ol id=\"block-67eca96c-43a3-4ad9-b21e-127f3a0dca02\" class=\"block-editor-rich-text__editable block-editor-block-list__block wp-block is-selected rich-text\" tabindex=\"0\" role=\"group\" contenteditable=\"true\" aria-multiline=\"true\" aria-label=\"Block: List\" data-block=\"67eca96c-43a3-4ad9-b21e-127f3a0dca02\" data-type=\"core\/list\" data-title=\"List\">\n<li> Seleccione una de las celdas de su tabla din\u00e1mica. <br \/><img decoding=\"async\" title=\"nt\/uploads\/2016\/05\/Seleccione-tabla-din\u00e1mica-para-agregar-l\u00ednea-de-tiempo-de-tabla-din\u00e1mica\" src=\"https:\/\/exceladvisor.org\/wp-content\/uploads\/2023\/08\/Selectionnez-le-tableau-croise-dynamique-pour-ajouter-une-chronologie-de-tableau-croise-dynamique.png\" sizes=\"\" srcset=\"\" alt=\"nt\/uploads\/2016\/05\/select-pivot-table-to-add-pivot-table-timeline\"><\/li>\n<li> Vaya a Herramientas de tabla din\u00e1mica \u2192 Analizar \u2192 Filtro \u2192 Insertar l\u00ednea de tiempo. <br \/><img decoding=\"async\" title=\"nt\/uploads\/2016\/05\/Agregar-l\u00ednea-de-tiempo-de-tabla-din\u00e1mica\" src=\"https:\/\/exceladvisor.org\/wp-content\/uploads\/2023\/08\/Ajouter-une-chronologie-de-tableau-croise-dynamique-1.png\" sizes=\"\" srcset=\"\" alt=\"nt\/uploads\/2016\/05\/add-pivot-table-timeline\"><\/li>\n<li> Haga clic en Insertar l\u00ednea de tiempo y aparecer\u00e1 un cuadro de di\u00e1logo.<\/li>\n<li> En la ventana emergente, seleccione las columnas de fecha que tiene en sus datos.<\/li>\n<li> Haga clic en Aceptar. <br \/><img decoding=\"async\" title=\"nt\/uploads\/2016\/05\/Seleccione-fecha-para-insertar-l\u00ednea-de-tiempo-de-tabla din\u00e1mica\" src=\"https:\/\/exceladvisor.org\/wp-content\/uploads\/2023\/08\/Selectionnez-la-date-pour-inserer-la-chronologie-du-tableau-croise-dynamique.png\" sizes=\"\" srcset=\"\" alt=\"nt\/uploads\/2016\/05\/select-date-to-insert-pivot-table-timeline\"><\/li>\n<\/ol>\n<p> Ahora tiene un filtro de l\u00ednea de tiempo en su hoja de trabajo y puede filtrar su tabla din\u00e1mica con \u00e9l. <\/p>\n<div class=\"wp-block-image\">\n<figure class=\"aligncenter\"><img decoding=\"async\" src=\"https:\/\/exceladvisor.org\/wp-content\/uploads\/2023\/08\/25.png\" sizes=\"\" srcset=\"\" alt=\"Cronolog\u00eda de la tabla din\u00e1mica\"><\/figure>\n<\/div>\n<p> Relacionado: <a href=\"https:\/\/exceladvisor.org\/es\/rebanador-de-excel\/\"><strong>Cortadora de Excel<\/strong><\/a><\/p>\n<h2 class=\"wp-block-heading\"> Componentes de un filtro de l\u00ednea de tiempo<\/h2>\n<p> A continuaci\u00f3n se muestran algunos componentes importantes que puede utilizar para dominar las l\u00edneas de tiempo. <\/p>\n<div class=\"wp-block-image\">\n<figure class=\"aligncenter\"><img decoding=\"async\" src=\"https:\/\/exceladvisor.org\/wp-content\/uploads\/2023\/08\/Chronologie-du-tableau-croise-dynamique-des-composants-1.png\" sizes=\"\" srcset=\"\" alt=\"L\u00ednea de tiempo de la tabla din\u00e1mica de componentes\"><\/figure>\n<\/div>\n<ol>\n<li> <strong>Borrar filtros:<\/strong> puede utilizar este bot\u00f3n para borrar todos los filtros.<\/li>\n<li> <strong>Nivel de tiempo:<\/strong> desde la opci\u00f3n de nivel de tiempo, puede usar cuatro niveles de tiempo diferentes. Tiene d\u00edas, meses, trimestres y a\u00f1os para usar como nivel de tiempo.<\/li>\n<li> <strong>L\u00ednea de tiempo:<\/strong> utilice la l\u00ednea de tiempo para filtrar fechas para el per\u00edodo de tiempo deseado. Puedes filtrar fechas por d\u00edas, meses, trimestres y a\u00f1os. Tambi\u00e9n seleccionas m\u00e1s de un d\u00eda, mes, trimestre y a\u00f1o, pero s\u00f3lo en orden.<\/li>\n<li> <strong>Barra de desplazamiento:<\/strong> utilice la barra de desplazamiento para desplazarse por d\u00edas, meses, trimestres y a\u00f1os.<\/li>\n<\/ol>\n<h2 id=\"tab-con-3\" class=\"wp-block-heading\"> Personaliza una l\u00ednea de tiempo<\/h2>\n<p> Tambi\u00e9n tienes opciones para personalizar tu l\u00ednea de tiempo. Puede realizarle los siguientes cambios.<\/p>\n<h3 id=\"tab-con-4\" class=\"wp-block-heading\"> 1. Cambiar tama\u00f1o<\/h3>\n<p> Puede cambiar el tama\u00f1o de una l\u00ednea de tiempo de tabla din\u00e1mica siguiendo estos pasos.<\/p>\n<ul>\n<li> Seleccione su l\u00ednea de tiempo.<\/li>\n<li> Vaya a Herramientas de l\u00ednea de tiempo \u2192 Opciones \u2192 Tama\u00f1o.<\/li>\n<li> Cambia la altura y el ancho de tu l\u00ednea de tiempo. <\/li>\n<\/ul>\n<div class=\"wp-block-image\">\n<figure class=\"aligncenter\"><img decoding=\"async\" src=\"https:\/\/exceladvisor.org\/wp-content\/uploads\/2023\/08\/Chronologie-du-tableau-croise-dynamique-de-la-taille-du-changement.png\" sizes=\"\" srcset=\"\" alt=\"Cambiar el tama\u00f1o de la l\u00ednea de tiempo de la tabla din\u00e1mica\"><\/figure>\n<\/div>\n<p> Y otra mejor manera es cambiar el tama\u00f1o de una l\u00ednea de tiempo desde sus l\u00edmites.<\/p>\n<h3 id=\"tab-con-5\" class=\"wp-block-heading\"> 2. Cambiar el nombre del t\u00edtulo<\/h3>\n<p> De forma predeterminada, le mostrar\u00e1 el mismo nombre de t\u00edtulo que el nombre de la columna que seleccion\u00f3 para insertar una l\u00ednea de tiempo. Pero puedes cambiarlo en cualquier momento haciendo lo siguiente.<\/p>\n<ul>\n<li> Seleccione su l\u00ednea de tiempo.<\/li>\n<li> Vaya a Herramientas de l\u00ednea de tiempo \u2192 Opciones \u2192 L\u00ednea de tiempo \u2192 Leyenda de l\u00ednea de tiempo.<\/li>\n<li> Introduzca un nuevo nombre.<\/li>\n<li> Presione Entrar. <\/li>\n<\/ul>\n<div class=\"wp-block-image\">\n<figure class=\"aligncenter\"><img decoding=\"async\" src=\"https:\/\/exceladvisor.org\/wp-content\/uploads\/2023\/08\/Modifier-le-nom-de-la-legende-Tableau-croise-dynamique-Chronologie.png\" sizes=\"\" srcset=\"\" alt=\"Cambiar el nombre de la leyenda L\u00ednea de tiempo de tabla din\u00e1mica\"><\/figure>\n<\/div>\n<h3 id=\"tab-con-6\" class=\"wp-block-heading\"> 3. Aplicar estilos de l\u00ednea de tiempo<\/h3>\n<p> S\u00ed, puedes usar diferentes estilos para tu l\u00ednea de tiempo en la tabla din\u00e1mica. Hay un total de 12 estilos de temas diferentes que puedes usar para la l\u00ednea de tiempo de la tabla din\u00e1mica. <\/p>\n<div class=\"wp-block-image\">\n<figure class=\"aligncenter\"><img decoding=\"async\" src=\"https:\/\/exceladvisor.org\/wp-content\/uploads\/2023\/08\/Differents-styles-a-utiliser-dans-la-chronologie-du-tableau-croise-dynamique-1.png\" sizes=\"\" srcset=\"\" alt=\"Diferentes estilos para usar en la l\u00ednea de tiempo de la tabla din\u00e1mica\"><\/figure>\n<\/div>\n<p> Tambi\u00e9n puedes crear un tema personalizado para tu l\u00ednea de tiempo creando un nuevo estilo de l\u00ednea de tiempo. <\/p>\n<div class=\"wp-block-image\">\n<figure class=\"aligncenter\"><img decoding=\"async\" src=\"https:\/\/exceladvisor.org\/wp-content\/uploads\/2023\/08\/Creer-un-nouveau-style-pour-la-chronologie-du-tableau-croise-dynamique-1.png\" sizes=\"\" srcset=\"\" alt=\"Crear un nuevo estilo para la l\u00ednea de tiempo de la tabla din\u00e1mica\"><\/figure>\n<\/div>\n<p> Tiene las siguientes opciones para personalizar su l\u00ednea de tiempo. <\/p>\n<div class=\"wp-block-image\">\n<figure class=\"aligncenter\"><img decoding=\"async\" src=\"https:\/\/exceladvisor.org\/wp-content\/uploads\/2023\/08\/Personnaliser-le-style-de-chronologie-du-nouveau-tableau-croise-dynamique.png\" sizes=\"\" srcset=\"\" alt=\"Personaliza el estilo de la l\u00ednea de tiempo de la nueva tabla din\u00e1mica\"><\/figure>\n<\/div>\n<h3 id=\"tab-con-7\" class=\"wp-block-heading\"> 4. Asociar una l\u00ednea de tiempo con varias tablas din\u00e1micas<\/h3>\n<p> <a style=\"outline: none;\" href=\"https:\/\/exceladvisor.org\/es\/vincular-la-segmentacion-de-datos-a-varias-tablas-dinamicas\/\">Al igual que una segmentaci\u00f3n de datos<\/a> , tambi\u00e9n puede vincular una l\u00ednea de tiempo a varias tablas din\u00e1micas. Simplemente sigue estos sencillos pasos para hacerlo. <\/p>\n<ol id=\"block-e8e85b1b-1b94-4023-96d4-7c6c30c5236e\" class=\"block-editor-rich-text__editable block-editor-block-list__block wp-block is-selected rich-text\" tabindex=\"0\" role=\"group\" contenteditable=\"true\" aria-multiline=\"true\" aria-label=\"Block: List\" data-block=\"e8e85b1b-1b94-4023-96d4-7c6c30c5236e\" data-type=\"core\/list\" data-title=\"List\">\n<li> Seleccione su l\u00ednea de tiempo y haga clic derecho sobre ella.<\/li>\n<li> Ahora haga clic en Informar de conexiones. <br \/><img decoding=\"async\" title=\"nt\/uploads\/2016\/05\/Click-Report-Connections-ToLink-Pivot-Table-Timeline\" src=\"https:\/\/exceladvisor.org\/wp-content\/uploads\/2023\/08\/Cliquez-sur-Rapporter-les-connexions-pour-lier-la-chronologie-du-tableau-croise-dynamique.png\" sizes=\"\" srcset=\"\" alt=\"nt\/uploads\/2016\/05\/click-report-connections-tolink-pivot-table-timeline\"><\/li>\n<li> Ahora aparecer\u00e1 una ventana emergente con la lista de tablas din\u00e1micas.<\/li>\n<li> Marque las tablas din\u00e1micas que desea vincular a la l\u00ednea de tiempo. <br \/><img decoding=\"async\" title=\"nt\/uploads\/2016\/05\/Marcar-marcar-todas-las-tablas-din\u00e1micas-para-vincular-tablas-din\u00e1micas-l\u00ednea de tiempo\" src=\"https:\/\/exceladvisor.org\/wp-content\/uploads\/2023\/08\/Cochez-Marquer-tous-les-tableaux-croises-dynamiques-pour-lier-la-chronologie-des-tableaux-croises-dynamiques.png\" sizes=\"\" srcset=\"\" alt=\"nt\/uploads\/2016\/05\/tick-mark-all-pivot-table-to-link-pivot-tables-timeline\"><\/li>\n<li> Y haga clic en Aceptar.<\/li>\n<\/ol>\n<h2 class=\"wp-block-heading\"> Obtenga m\u00e1s informaci\u00f3n sobre las tablas din\u00e1micas<\/h2>\n<ol>\n<li> <a style=\"outline: none;\" href=\"https:\/\/exceladvisor.org\/es\/vincular-la-segmentacion-de-datos-a-varias-tablas-dinamicas\/\">Conecte segmentaciones a m\u00faltiples tablas din\u00e1micas<\/a><\/li>\n<li> <a style=\"outline: none;\" href=\"https:\/\/exceladvisor.org\/es\/tabla-dinamica-hace-referencia-cruzada-a-varios-archivos\/\">Cree una tabla din\u00e1mica con varios libros de trabajo<\/a><\/li>\n<li> <a style=\"outline: none;\" href=\"https:\/\/exceladvisor.org\/es\/columna-de-rangos\/\" data-wpel-link=\"internal\">C\u00f3mo clasificar en una tabla din\u00e1mica en Excel<\/a><\/li>\n<li> <a style=\"outline: none;\" href=\"https:\/\/exceladvisor.org\/es\/total-acumulado\/\" data-wpel-link=\"internal\">Agregar el total acumulado en la tabla din\u00e1mica<\/a><\/li>\n<li> <a style=\"outline: none;\" href=\"https:\/\/exceladvisor.org\/es\/rango-de-actualizacion-automatica\/\">Actualizar autom\u00e1ticamente un rango de tabla din\u00e1mica<\/a><\/li>\n<\/ol>\n","protected":false},"excerpt":{"rendered":"<p>La funci\u00f3n de l\u00ednea de tiempo se introdujo por primera vez en Excel 2013 y la buena noticia es que tambi\u00e9n puedes usarla con una tabla din\u00e1mica. Filtrar fechas en una tabla din\u00e1mica puede cambiar las reglas del juego. Porque el problema de la opci\u00f3n de filtro predeterminada es que es muy dif\u00edcil filtrar con [&hellip;]<\/p>\n","protected":false},"author":1,"featured_media":0,"parent":0,"menu_order":0,"comment_status":"open","ping_status":"closed","template":"","meta":{"ub_ctt_via":"","footnotes":""},"class_list":["post-145","page","type-page","status-publish","hentry"],"featured_image_src":null,"yoast_head":"<!-- This site is optimized with the Yoast SEO plugin v25.4 - https:\/\/yoast.com\/wordpress\/plugins\/seo\/ -->\n<title>Cronolog\u00eda de la tabla din\u00e1mica<\/title>\n<meta name=\"robots\" content=\"index, follow, max-snippet:-1, max-image-preview:large, max-video-preview:-1\" \/>\n<link rel=\"canonical\" href=\"https:\/\/exceladvisor.org\/es\/filtro-de-linea-de-tiempo\/\" \/>\n<meta property=\"og:locale\" content=\"es_ES\" \/>\n<meta property=\"og:type\" content=\"article\" \/>\n<meta property=\"og:title\" content=\"Cronolog\u00eda de la tabla din\u00e1mica\" \/>\n<meta property=\"og:description\" content=\"La funci\u00f3n de l\u00ednea de tiempo se introdujo por primera vez en Excel 2013 y la buena noticia es que tambi\u00e9n puedes usarla con una tabla din\u00e1mica. Filtrar fechas en una tabla din\u00e1mica puede cambiar las reglas del juego. Porque el problema de la opci\u00f3n de filtro predeterminada es que es muy dif\u00edcil filtrar con [&hellip;]\" \/>\n<meta property=\"og:url\" content=\"https:\/\/exceladvisor.org\/es\/filtro-de-linea-de-tiempo\/\" \/>\n<meta property=\"og:site_name\" content=\"Excel Advisor\" \/>\n<meta property=\"article:modified_time\" content=\"2023-12-25T10:32:52+00:00\" \/>\n<meta property=\"og:image\" content=\"https:\/\/exceladvisor.org\/wp-content\/uploads\/2023\/08\/Remplacer-le-filtre-normal-par-la-chronologie-du-tableau-croise-dynamique-1.png\" \/>\n<meta name=\"twitter:card\" content=\"summary_large_image\" \/>\n<meta name=\"twitter:label1\" content=\"Tiempo de lectura\" \/>\n\t<meta name=\"twitter:data1\" content=\"4 minutos\" \/>\n<script type=\"application\/ld+json\" class=\"yoast-schema-graph\">{\"@context\":\"https:\/\/schema.org\",\"@graph\":[{\"@type\":\"WebPage\",\"@id\":\"https:\/\/exceladvisor.org\/es\/filtro-de-linea-de-tiempo\/\",\"url\":\"https:\/\/exceladvisor.org\/es\/filtro-de-linea-de-tiempo\/\",\"name\":\"Cronolog\u00eda de la tabla din\u00e1mica\",\"isPartOf\":{\"@id\":\"https:\/\/exceladvisor.org\/es\/#website\"},\"primaryImageOfPage\":{\"@id\":\"https:\/\/exceladvisor.org\/es\/filtro-de-linea-de-tiempo\/#primaryimage\"},\"image\":{\"@id\":\"https:\/\/exceladvisor.org\/es\/filtro-de-linea-de-tiempo\/#primaryimage\"},\"thumbnailUrl\":\"https:\/\/exceladvisor.org\/wp-content\/uploads\/2023\/08\/Remplacer-le-filtre-normal-par-la-chronologie-du-tableau-croise-dynamique-1.png\",\"datePublished\":\"2023-11-15T09:18:53+00:00\",\"dateModified\":\"2023-12-25T10:32:52+00:00\",\"breadcrumb\":{\"@id\":\"https:\/\/exceladvisor.org\/es\/filtro-de-linea-de-tiempo\/#breadcrumb\"},\"inLanguage\":\"es\",\"potentialAction\":[{\"@type\":\"ReadAction\",\"target\":[\"https:\/\/exceladvisor.org\/es\/filtro-de-linea-de-tiempo\/\"]}]},{\"@type\":\"ImageObject\",\"inLanguage\":\"es\",\"@id\":\"https:\/\/exceladvisor.org\/es\/filtro-de-linea-de-tiempo\/#primaryimage\",\"url\":\"https:\/\/exceladvisor.org\/wp-content\/uploads\/2023\/08\/Remplacer-le-filtre-normal-par-la-chronologie-du-tableau-croise-dynamique-1.png\",\"contentUrl\":\"https:\/\/exceladvisor.org\/wp-content\/uploads\/2023\/08\/Remplacer-le-filtre-normal-par-la-chronologie-du-tableau-croise-dynamique-1.png\"},{\"@type\":\"BreadcrumbList\",\"@id\":\"https:\/\/exceladvisor.org\/es\/filtro-de-linea-de-tiempo\/#breadcrumb\",\"itemListElement\":[{\"@type\":\"ListItem\",\"position\":1,\"name\":\"Hogar\",\"item\":\"https:\/\/exceladvisor.org\/es\/\"},{\"@type\":\"ListItem\",\"position\":2,\"name\":\"Cronolog\u00eda de la tabla din\u00e1mica\"}]},{\"@type\":\"WebSite\",\"@id\":\"https:\/\/exceladvisor.org\/es\/#website\",\"url\":\"https:\/\/exceladvisor.org\/es\/\",\"name\":\"Excel Advisor\",\"description\":\"Su gu\u00eda para la dominaci\u00f3n de datos!\",\"publisher\":{\"@id\":\"https:\/\/exceladvisor.org\/es\/#organization\"},\"potentialAction\":[{\"@type\":\"SearchAction\",\"target\":{\"@type\":\"EntryPoint\",\"urlTemplate\":\"https:\/\/exceladvisor.org\/es\/?s={search_term_string}\"},\"query-input\":{\"@type\":\"PropertyValueSpecification\",\"valueRequired\":true,\"valueName\":\"search_term_string\"}}],\"inLanguage\":\"es\"},{\"@type\":\"Organization\",\"@id\":\"https:\/\/exceladvisor.org\/es\/#organization\",\"name\":\"Excel Advisor\",\"url\":\"https:\/\/exceladvisor.org\/es\/\",\"logo\":{\"@type\":\"ImageObject\",\"inLanguage\":\"es\",\"@id\":\"https:\/\/exceladvisor.org\/es\/#\/schema\/logo\/image\/\",\"url\":\"https:\/\/exceladvisor.org\/es\/wp-content\/uploads\/2023\/12\/exceladvisor.org_.png\",\"contentUrl\":\"https:\/\/exceladvisor.org\/es\/wp-content\/uploads\/2023\/12\/exceladvisor.org_.png\",\"width\":105,\"height\":36,\"caption\":\"Excel Advisor\"},\"image\":{\"@id\":\"https:\/\/exceladvisor.org\/es\/#\/schema\/logo\/image\/\"}}]}<\/script>\n<!-- \/ Yoast SEO plugin. -->","yoast_head_json":{"title":"Cronolog\u00eda de la tabla din\u00e1mica","robots":{"index":"index","follow":"follow","max-snippet":"max-snippet:-1","max-image-preview":"max-image-preview:large","max-video-preview":"max-video-preview:-1"},"canonical":"https:\/\/exceladvisor.org\/es\/filtro-de-linea-de-tiempo\/","og_locale":"es_ES","og_type":"article","og_title":"Cronolog\u00eda de la tabla din\u00e1mica","og_description":"La funci\u00f3n de l\u00ednea de tiempo se introdujo por primera vez en Excel 2013 y la buena noticia es que tambi\u00e9n puedes usarla con una tabla din\u00e1mica. Filtrar fechas en una tabla din\u00e1mica puede cambiar las reglas del juego. Porque el problema de la opci\u00f3n de filtro predeterminada es que es muy dif\u00edcil filtrar con [&hellip;]","og_url":"https:\/\/exceladvisor.org\/es\/filtro-de-linea-de-tiempo\/","og_site_name":"Excel Advisor","article_modified_time":"2023-12-25T10:32:52+00:00","og_image":[{"url":"https:\/\/exceladvisor.org\/wp-content\/uploads\/2023\/08\/Remplacer-le-filtre-normal-par-la-chronologie-du-tableau-croise-dynamique-1.png","type":"","width":"","height":""}],"twitter_card":"summary_large_image","twitter_misc":{"Tiempo de lectura":"4 minutos"},"schema":{"@context":"https:\/\/schema.org","@graph":[{"@type":"WebPage","@id":"https:\/\/exceladvisor.org\/es\/filtro-de-linea-de-tiempo\/","url":"https:\/\/exceladvisor.org\/es\/filtro-de-linea-de-tiempo\/","name":"Cronolog\u00eda de la tabla din\u00e1mica","isPartOf":{"@id":"https:\/\/exceladvisor.org\/es\/#website"},"primaryImageOfPage":{"@id":"https:\/\/exceladvisor.org\/es\/filtro-de-linea-de-tiempo\/#primaryimage"},"image":{"@id":"https:\/\/exceladvisor.org\/es\/filtro-de-linea-de-tiempo\/#primaryimage"},"thumbnailUrl":"https:\/\/exceladvisor.org\/wp-content\/uploads\/2023\/08\/Remplacer-le-filtre-normal-par-la-chronologie-du-tableau-croise-dynamique-1.png","datePublished":"2023-11-15T09:18:53+00:00","dateModified":"2023-12-25T10:32:52+00:00","breadcrumb":{"@id":"https:\/\/exceladvisor.org\/es\/filtro-de-linea-de-tiempo\/#breadcrumb"},"inLanguage":"es","potentialAction":[{"@type":"ReadAction","target":["https:\/\/exceladvisor.org\/es\/filtro-de-linea-de-tiempo\/"]}]},{"@type":"ImageObject","inLanguage":"es","@id":"https:\/\/exceladvisor.org\/es\/filtro-de-linea-de-tiempo\/#primaryimage","url":"https:\/\/exceladvisor.org\/wp-content\/uploads\/2023\/08\/Remplacer-le-filtre-normal-par-la-chronologie-du-tableau-croise-dynamique-1.png","contentUrl":"https:\/\/exceladvisor.org\/wp-content\/uploads\/2023\/08\/Remplacer-le-filtre-normal-par-la-chronologie-du-tableau-croise-dynamique-1.png"},{"@type":"BreadcrumbList","@id":"https:\/\/exceladvisor.org\/es\/filtro-de-linea-de-tiempo\/#breadcrumb","itemListElement":[{"@type":"ListItem","position":1,"name":"Hogar","item":"https:\/\/exceladvisor.org\/es\/"},{"@type":"ListItem","position":2,"name":"Cronolog\u00eda de la tabla din\u00e1mica"}]},{"@type":"WebSite","@id":"https:\/\/exceladvisor.org\/es\/#website","url":"https:\/\/exceladvisor.org\/es\/","name":"Excel Advisor","description":"Su gu\u00eda para la dominaci\u00f3n de datos!","publisher":{"@id":"https:\/\/exceladvisor.org\/es\/#organization"},"potentialAction":[{"@type":"SearchAction","target":{"@type":"EntryPoint","urlTemplate":"https:\/\/exceladvisor.org\/es\/?s={search_term_string}"},"query-input":{"@type":"PropertyValueSpecification","valueRequired":true,"valueName":"search_term_string"}}],"inLanguage":"es"},{"@type":"Organization","@id":"https:\/\/exceladvisor.org\/es\/#organization","name":"Excel Advisor","url":"https:\/\/exceladvisor.org\/es\/","logo":{"@type":"ImageObject","inLanguage":"es","@id":"https:\/\/exceladvisor.org\/es\/#\/schema\/logo\/image\/","url":"https:\/\/exceladvisor.org\/es\/wp-content\/uploads\/2023\/12\/exceladvisor.org_.png","contentUrl":"https:\/\/exceladvisor.org\/es\/wp-content\/uploads\/2023\/12\/exceladvisor.org_.png","width":105,"height":36,"caption":"Excel Advisor"},"image":{"@id":"https:\/\/exceladvisor.org\/es\/#\/schema\/logo\/image\/"}}]}},"yoast_meta":{"yoast_wpseo_title":"","yoast_wpseo_metadesc":"","yoast_wpseo_canonical":""},"_links":{"self":[{"href":"https:\/\/exceladvisor.org\/es\/wp-json\/wp\/v2\/pages\/145","targetHints":{"allow":["GET"]}}],"collection":[{"href":"https:\/\/exceladvisor.org\/es\/wp-json\/wp\/v2\/pages"}],"about":[{"href":"https:\/\/exceladvisor.org\/es\/wp-json\/wp\/v2\/types\/page"}],"author":[{"embeddable":true,"href":"https:\/\/exceladvisor.org\/es\/wp-json\/wp\/v2\/users\/1"}],"replies":[{"embeddable":true,"href":"https:\/\/exceladvisor.org\/es\/wp-json\/wp\/v2\/comments?post=145"}],"version-history":[{"count":1,"href":"https:\/\/exceladvisor.org\/es\/wp-json\/wp\/v2\/pages\/145\/revisions"}],"predecessor-version":[{"id":1442,"href":"https:\/\/exceladvisor.org\/es\/wp-json\/wp\/v2\/pages\/145\/revisions\/1442"}],"wp:attachment":[{"href":"https:\/\/exceladvisor.org\/es\/wp-json\/wp\/v2\/media?parent=145"}],"curies":[{"name":"wp","href":"https:\/\/api.w.org\/{rel}","templated":true}]}}