{"id":146,"date":"2023-11-15T08:44:03","date_gmt":"2023-11-15T08:44:03","guid":{"rendered":"https:\/\/exceladvisor.org\/es\/citas-grupales\/"},"modified":"2023-12-25T10:23:18","modified_gmt":"2023-12-25T10:23:18","slug":"citas-grupales","status":"publish","type":"page","link":"https:\/\/exceladvisor.org\/es\/citas-grupales\/","title":{"rendered":"\u00bfc\u00f3mo agrupar fechas en una tabla din\u00e1mica?"},"content":{"rendered":"<div class=\"excel-antes-del-contenido\" id=\"excel-1251086175\"><script type=\"text\/javascript\">\r\n\tatOptions = {\r\n\t\t'key' : 'c1158f160081d6540a8409e6925dab94',\r\n\t\t'format' : 'iframe',\r\n\t\t'height' : 250,\r\n\t\t'width' : 300,\r\n\t\t'params' : {}\r\n\t};\r\n<\/script>\r\n<script type=\"text\/javascript\" src=\"\/\/www.highperformanceformat.com\/c1158f160081d6540a8409e6925dab94\/invoke.js\"><\/script><\/div><p>Al agrupar fechas en una tabla din\u00e1mica, puede crear informes instant\u00e1neos.<\/p>\n<p> Este es el punto: digamos que desea agrupar todas las fechas en meses en lugar de agregar una columna diferente en sus datos, es mejor agrupar las fechas.<\/p>\n<p> Es muy f\u00e1cil. Ahora aqu\u00ed est\u00e1 la buena noticia: adem\u00e1s de los meses, puede usar a\u00f1os, trimestres, tiempo e incluso un rango de fechas personalizado para agrupar. Y hoy en este art\u00edculo me gustar\u00eda mostrarte los pasos exactos para ello.<\/p>\n<h2 class=\"wp-block-heading\"> Agrupa fechas en una tabla din\u00e1mica por mes.<\/h2>\n<p> A continuaci\u00f3n se detallan los pasos para agrupar fechas en una tabla din\u00e1mica. <\/p>\n<div class=\"wp-block-image\">\n<figure class=\"aligncenter\"><img decoding=\"async\" src=\"https:\/\/exceladvisor.org\/wp-content\/uploads\/2023\/08\/Regrouper-les-dates-dans-le-tableau-croise-dynamique-par-mois-1.gif\" sizes=\"\" srcset=\"\" alt=\"Agrupar fechas en tabla din\u00e1mica por mes\"><\/figure>\n<\/div>\n<ol>\n<li> Seleccione una de las celdas en la columna de fecha.<\/li>\n<li> Haga clic derecho sobre \u00e9l y seleccione el grupo.<\/li>\n<li> Aparecer\u00e1 una ventana emergente para agrupar las fechas.<\/li>\n<li> Seleccione \u00abMes\u00bb en la opci\u00f3n Agrupar por, luego haga clic en Aceptar.<\/li>\n<\/ol>\n<p> Tambi\u00e9n puede utilizar los pasos anteriores para agrupar fechas en una tabla din\u00e1mica por a\u00f1os, trimestres y d\u00edas.<\/p>\n<h2 class=\"wp-block-heading\"> Resumen semanal<\/h2>\n<p> Tambi\u00e9n puedes crear un grupo de 7 d\u00edas para obtener un resumen por semana. Siga los pasos a continuaci\u00f3n para esto. <\/p>\n<ol id=\"block-26cc26a7-05d3-44b1-8868-96e4a0adf65d\" class=\"block-editor-rich-text__editable block-editor-block-list__block wp-block is-selected rich-text\" tabindex=\"0\" role=\"group\" contenteditable=\"true\" aria-multiline=\"true\" aria-label=\"Block: List\" data-block=\"26cc26a7-05d3-44b1-8868-96e4a0adf65d\" data-type=\"core\/list\" data-title=\"List\">\n<li> Seleccione la opci\u00f3n \u201cd\u00edas\u201d en la opci\u00f3n Agrupar por.<\/li>\n<li> Introduzca 7 en varios d\u00edas. <br \/><img decoding=\"async\" title=\"nt\/uploads\/2016\/06\/Tabla-din\u00e1mica-con-fechas-de-grupo-en-tabla-din\u00e1mica-por-semana\" src=\"https:\/\/exceladvisor.org\/wp-content\/uploads\/2023\/08\/Tableau-croise-dynamique-avec-dates-de-groupe-dans-le-tableau-croise-dynamique-par-semaine.png\" sizes=\"\" srcset=\"\" alt=\"nt\/uploads\/2016\/06\/pivot-table-with-group-dates-in-pivot-table-by-week\"><\/li>\n<li> Haga clic en Aceptar.<\/li>\n<\/ol>\n<p> Puede utilizar los pasos anteriores para crear un grupo de fechas para cualquier cantidad de d\u00edas y tenga en cuenta que la semana creada por la tabla din\u00e1mica no se basa de lunes a domingo.<\/p>\n<h2 class=\"wp-block-heading\"> Resumen horario<\/h2>\n<p> Tambi\u00e9n tienes la opci\u00f3n de agrupar fechas por per\u00edodo. Supongamos que tiene fechas con tiempo y desea obtener un resumen por horas. Simplemente siga estos sencillos pasos para eso. <\/p>\n<ol id=\"block-d9624e32-6e69-4d48-b573-17a41bd63acb\" class=\"block-editor-rich-text__editable block-editor-block-list__block wp-block is-selected rich-text\" tabindex=\"0\" role=\"group\" contenteditable=\"true\" aria-multiline=\"true\" aria-label=\"Block: List\" data-block=\"d9624e32-6e69-4d48-b573-17a41bd63acb\" data-type=\"core\/list\" data-title=\"List\">\n<li> Seleccione una de las celdas con una fecha.<\/li>\n<li> Haga clic derecho sobre \u00e9l y seleccione el grupo.<\/li>\n<li> Seleccione la hora en la opci\u00f3n Agrupar por. <br \/><img decoding=\"async\" title=\"nt\/uploads\/2016\/06\/Fechas-de-grupo-en-tabla-din\u00e1mica-por-hora\" src=\"https:\/\/exceladvisor.org\/wp-content\/uploads\/2023\/08\/Regrouper-les-dates-dans-le-tableau-croise-dynamique-par-heure.png\" sizes=\"\" srcset=\"\" alt=\"nt\/uploads\/2016\/06\/group-dates-in-pivot-table-by-hour\"><\/li>\n<li> Haga clic en Aceptar. <br \/><img decoding=\"async\" title=\"nt\/uploads\/2016\/06\/Tabla din\u00e1mica con fechas de grupo en tabla din\u00e1mica por hora\" src=\"https:\/\/exceladvisor.org\/wp-content\/uploads\/2023\/08\/Tableau-croise-dynamique-avec-dates-de-groupe-dans-le-tableau-croise-dynamique-par-heure.png\" sizes=\"\" srcset=\"\" alt=\"nt\/uploads\/2016\/06\/pivot-table-with-group-dates-in-pivot-table-by-hour\"><\/li>\n<\/ol>\n<p> Tambi\u00e9n puede utilizar los pasos anteriores para agrupar fechas en la tabla din\u00e1mica por minutos y segundos.<\/p>\n<h2 class=\"wp-block-heading\"> Resumen de rango de fechas personalizado<\/h2>\n<p> En la tabla din\u00e1mica a continuaci\u00f3n, tiene fechas que van desde el 1 de octubre de 2014 hasta el 31 de junio de 2015. <\/p>\n<div class=\"wp-block-image\">\n<figure class=\"aligncenter\"><img decoding=\"async\" src=\"https:\/\/exceladvisor.org\/wp-content\/uploads\/2023\/08\/Regrouper-les-dates-dans-le-tableau-croise-dynamique-par-personnalise.png\" sizes=\"\" srcset=\"\" alt=\"Agrupar fechas en tabla din\u00e1mica por personalizaci\u00f3n\"><\/figure>\n<\/div>\n<p> Y desea crear un grupo de fechas por mes, pero solo para 6 meses de 2015 y todos los meses de 2014 en un solo grupo. Bueno, tambi\u00e9n puedes crear un grupo de fechas usando un rango personalizado, sigue estos sencillos pasos para ello. <\/p>\n<ol id=\"block-4fad4bd4-b65d-4e5c-8791-abcc5781503e\" class=\"block-editor-rich-text__editable block-editor-block-list__block wp-block is-selected rich-text\" tabindex=\"0\" role=\"group\" contenteditable=\"true\" aria-multiline=\"true\" aria-label=\"Block: List\" data-block=\"4fad4bd4-b65d-4e5c-8791-abcc5781503e\" data-type=\"core\/list\" data-title=\"List\">\n<li> Haga clic derecho en la columna de fecha y seleccione \u00abgrupo\u00bb.<\/li>\n<li> Desmarque la fecha de inicio y finalizaci\u00f3n en la opci\u00f3n autom\u00e1tica. E ingrese sus fechas personalizadas.<\/li>\n<li> Seleccione el mes de la opci\u00f3n de grupo. <br \/><img decoding=\"async\" title=\"nt\/uploads\/2016\/06\/Fechas-de-grupo-en-tabla-din\u00e1mica-con-fechas-personalizadas\" src=\"https:\/\/exceladvisor.org\/wp-content\/uploads\/2023\/08\/Regrouper-les-dates-dans-un-tableau-croise-dynamique-avec-des-dates-personnalisees-1.png\" sizes=\"\" srcset=\"\" alt=\"nt\/uploads\/2016\/06\/group-dates-in-pivot-table-with-custom-dates\"><\/li>\n<li> Al final, haga clic en Aceptar. <br \/><img decoding=\"async\" title=\"nt\/uploads\/2016\/06\/Fechas-de-grupo-en-tabla-din\u00e1mica-por-fechas-personalizadas\" src=\"https:\/\/exceladvisor.org\/wp-content\/uploads\/2023\/08\/Regrouper-les-dates-dans-le-tableau-croise-dynamique-par-personnalise.png\" sizes=\"\" srcset=\"\" alt=\"nt\/uploads\/2016\/06\/group-dates-in-pivot-table-by-custom-dates\"><\/li>\n<\/ol>\n<p> En el pivote anterior, ahora tiene fechas en un grupo por mes para el rango de fechas que mencion\u00f3 y el resto de las fechas que no est\u00e1n en el rango de fechas est\u00e1n en una categor\u00eda.<\/p>\n<p> <strong>Relacionado: <a style=\"outline: none;\" href=\"https:\/\/exceladvisor.org\/es\/rebanador-de-excel\/\">Cortadora de Excel<\/a><\/strong><\/p>\n<h2 class=\"wp-block-heading\"> Agrupar dos campos diferentes<\/h2>\n<p> A veces es necesario utilizar varios per\u00edodos de tiempo para agrupar fechas en una tabla din\u00e1mica. Supongamos que en la tabla din\u00e1mica a continuaci\u00f3n desea agrupar las fechas por trimestres y meses. <\/p>\n<div class=\"wp-block-image\">\n<figure class=\"aligncenter\"><img decoding=\"async\" src=\"https:\/\/exceladvisor.org\/wp-content\/uploads\/2023\/08\/Regrouper-les-dates-dans-le-tableau-croise-dynamique-par-plusieurs-fois-1.png\" sizes=\"\" srcset=\"\" alt=\"Agrupar fechas en la tabla din\u00e1mica varias veces\"><\/figure>\n<\/div>\n<ol>\n<li> Primero, seleccione la opci\u00f3n de grupo en el men\u00fa de la derecha.<\/li>\n<li> Despu\u00e9s de eso, seleccione trimestres y meses.<\/li>\n<li> Al final, haga clic en Aceptar. <\/li>\n<\/ol>\n<div class=\"wp-block-image\">\n<figure class=\"aligncenter\"><img decoding=\"async\" src=\"https:\/\/exceladvisor.org\/wp-content\/uploads\/2023\/08\/Utiliser-deux-periodes-pour-regrouper-les-dates-dans-les-tableaux-croises-dynamiques-1.png\" sizes=\"\" srcset=\"\" alt=\"Utilice dos per\u00edodos de tiempo para agrupar fechas en tablas din\u00e1micas\"><\/figure>\n<\/div>\n<p> Una vez que crea varios grupos de fechas en la tabla din\u00e1mica, tambi\u00e9n obtiene una opci\u00f3n de expandir y contraer.<\/p>\n<h2 class=\"wp-block-heading\"> desagregaci\u00f3n<\/h2>\n<p> Si quieres recuperar tus fechas o quieres desvincular fechas, puedes hacerlo con la opci\u00f3n \u201cDesvincular\u201d.<\/p>\n<ol>\n<li> Seleccione una celda en la columna de datos.<\/li>\n<li> Bot\u00f3n derecho del rat\u00f3n.<\/li>\n<li> Seleccione \u00abDesagrupar\u00bb. <\/li>\n<\/ol>\n<div class=\"wp-block-image\">\n<figure class=\"aligncenter\"><img decoding=\"async\" src=\"https:\/\/exceladvisor.org\/wp-content\/uploads\/2023\/08\/Regrouper-les-dates-dans-le-degroupement-du-tableau-croise-dynamique.gif\" sizes=\"\" srcset=\"\" alt=\"Fechas de grupo en tabla din\u00e1mica\"><\/figure>\n<\/div>\n<h2 id=\"tab-con-3\" class=\"wp-block-heading\"> Archivo de ejemplo<\/h2>\n<p> <a href=\"https:\/\/exceladvisor.org\/wp-content\/uploads\/2023\/08\/tableau-croise-dynamique-des-dates-de-groupe.xlsx\" rel=\"nofollow\" data-wpel-link=\"internal\">descargar<\/a> <\/p>\n<div class=\"wp-block-group main-page-bottom is-layout-flow\">\n<div class=\"wp-block-group__inner-container\">\n<h2 class=\"wp-block-heading\"> Obtenga m\u00e1s informaci\u00f3n sobre las tablas din\u00e1micas<\/h2>\n<ul>\n<li> <a href=\"https:\/\/exceladvisor.org\/es\/calculo-en-tabla-dinamica\/\">Agregar un campo y un elemento calculados (f\u00f3rmulas en una tabla din\u00e1mica)<\/a><\/li>\n<li> <a href=\"https:\/\/exceladvisor.org\/es\/contar-valores-unicos\/\">Contar valores \u00fanicos en una tabla din\u00e1mica en Excel<\/a><\/li>\n<li> <a href=\"https:\/\/exceladvisor.org\/es\/columna-de-rangos\/\">Agregar filas en la tabla din\u00e1mica en Excel<\/a><\/li>\n<\/ul>\n<\/div>\n<\/div>\n","protected":false},"excerpt":{"rendered":"<p>Al agrupar fechas en una tabla din\u00e1mica, puede crear informes instant\u00e1neos. Este es el punto: digamos que desea agrupar todas las fechas en meses en lugar de agregar una columna diferente en sus datos, es mejor agrupar las fechas. Es muy f\u00e1cil. Ahora aqu\u00ed est\u00e1 la buena noticia: adem\u00e1s de los meses, puede usar a\u00f1os, [&hellip;]<\/p>\n","protected":false},"author":1,"featured_media":0,"parent":0,"menu_order":0,"comment_status":"open","ping_status":"closed","template":"","meta":{"ub_ctt_via":"","footnotes":""},"class_list":["post-146","page","type-page","status-publish","hentry"],"featured_image_src":null,"yoast_head":"<!-- This site is optimized with the Yoast SEO plugin v25.4 - https:\/\/yoast.com\/wordpress\/plugins\/seo\/ -->\n<title>\u00bfc\u00f3mo agrupar fechas en una tabla din\u00e1mica?<\/title>\n<meta name=\"robots\" content=\"index, follow, max-snippet:-1, max-image-preview:large, max-video-preview:-1\" \/>\n<link rel=\"canonical\" href=\"https:\/\/exceladvisor.org\/es\/citas-grupales\/\" \/>\n<meta property=\"og:locale\" content=\"es_ES\" \/>\n<meta property=\"og:type\" content=\"article\" \/>\n<meta property=\"og:title\" content=\"\u00bfc\u00f3mo agrupar fechas en una tabla din\u00e1mica?\" \/>\n<meta property=\"og:description\" content=\"Al agrupar fechas en una tabla din\u00e1mica, puede crear informes instant\u00e1neos. Este es el punto: digamos que desea agrupar todas las fechas en meses en lugar de agregar una columna diferente en sus datos, es mejor agrupar las fechas. Es muy f\u00e1cil. Ahora aqu\u00ed est\u00e1 la buena noticia: adem\u00e1s de los meses, puede usar a\u00f1os, [&hellip;]\" \/>\n<meta property=\"og:url\" content=\"https:\/\/exceladvisor.org\/es\/citas-grupales\/\" \/>\n<meta property=\"og:site_name\" content=\"Excel Advisor\" \/>\n<meta property=\"article:modified_time\" content=\"2023-12-25T10:23:18+00:00\" \/>\n<meta property=\"og:image\" content=\"https:\/\/exceladvisor.org\/wp-content\/uploads\/2023\/08\/Regrouper-les-dates-dans-le-tableau-croise-dynamique-par-mois-1.gif\" \/>\n<meta name=\"twitter:card\" content=\"summary_large_image\" \/>\n<meta name=\"twitter:label1\" content=\"Tiempo de lectura\" \/>\n\t<meta name=\"twitter:data1\" content=\"3 minutos\" \/>\n<script type=\"application\/ld+json\" class=\"yoast-schema-graph\">{\"@context\":\"https:\/\/schema.org\",\"@graph\":[{\"@type\":\"WebPage\",\"@id\":\"https:\/\/exceladvisor.org\/es\/citas-grupales\/\",\"url\":\"https:\/\/exceladvisor.org\/es\/citas-grupales\/\",\"name\":\"\u00bfc\u00f3mo agrupar fechas en una tabla din\u00e1mica?\",\"isPartOf\":{\"@id\":\"https:\/\/exceladvisor.org\/es\/#website\"},\"primaryImageOfPage\":{\"@id\":\"https:\/\/exceladvisor.org\/es\/citas-grupales\/#primaryimage\"},\"image\":{\"@id\":\"https:\/\/exceladvisor.org\/es\/citas-grupales\/#primaryimage\"},\"thumbnailUrl\":\"https:\/\/exceladvisor.org\/wp-content\/uploads\/2023\/08\/Regrouper-les-dates-dans-le-tableau-croise-dynamique-par-mois-1.gif\",\"datePublished\":\"2023-11-15T08:44:03+00:00\",\"dateModified\":\"2023-12-25T10:23:18+00:00\",\"breadcrumb\":{\"@id\":\"https:\/\/exceladvisor.org\/es\/citas-grupales\/#breadcrumb\"},\"inLanguage\":\"es\",\"potentialAction\":[{\"@type\":\"ReadAction\",\"target\":[\"https:\/\/exceladvisor.org\/es\/citas-grupales\/\"]}]},{\"@type\":\"ImageObject\",\"inLanguage\":\"es\",\"@id\":\"https:\/\/exceladvisor.org\/es\/citas-grupales\/#primaryimage\",\"url\":\"https:\/\/exceladvisor.org\/wp-content\/uploads\/2023\/08\/Regrouper-les-dates-dans-le-tableau-croise-dynamique-par-mois-1.gif\",\"contentUrl\":\"https:\/\/exceladvisor.org\/wp-content\/uploads\/2023\/08\/Regrouper-les-dates-dans-le-tableau-croise-dynamique-par-mois-1.gif\"},{\"@type\":\"BreadcrumbList\",\"@id\":\"https:\/\/exceladvisor.org\/es\/citas-grupales\/#breadcrumb\",\"itemListElement\":[{\"@type\":\"ListItem\",\"position\":1,\"name\":\"Hogar\",\"item\":\"https:\/\/exceladvisor.org\/es\/\"},{\"@type\":\"ListItem\",\"position\":2,\"name\":\"\u00bfc\u00f3mo agrupar fechas en una tabla din\u00e1mica?\"}]},{\"@type\":\"WebSite\",\"@id\":\"https:\/\/exceladvisor.org\/es\/#website\",\"url\":\"https:\/\/exceladvisor.org\/es\/\",\"name\":\"Excel Advisor\",\"description\":\"Su gu\u00eda para la dominaci\u00f3n de datos!\",\"publisher\":{\"@id\":\"https:\/\/exceladvisor.org\/es\/#organization\"},\"potentialAction\":[{\"@type\":\"SearchAction\",\"target\":{\"@type\":\"EntryPoint\",\"urlTemplate\":\"https:\/\/exceladvisor.org\/es\/?s={search_term_string}\"},\"query-input\":{\"@type\":\"PropertyValueSpecification\",\"valueRequired\":true,\"valueName\":\"search_term_string\"}}],\"inLanguage\":\"es\"},{\"@type\":\"Organization\",\"@id\":\"https:\/\/exceladvisor.org\/es\/#organization\",\"name\":\"Excel Advisor\",\"url\":\"https:\/\/exceladvisor.org\/es\/\",\"logo\":{\"@type\":\"ImageObject\",\"inLanguage\":\"es\",\"@id\":\"https:\/\/exceladvisor.org\/es\/#\/schema\/logo\/image\/\",\"url\":\"https:\/\/exceladvisor.org\/es\/wp-content\/uploads\/2023\/12\/exceladvisor.org_.png\",\"contentUrl\":\"https:\/\/exceladvisor.org\/es\/wp-content\/uploads\/2023\/12\/exceladvisor.org_.png\",\"width\":105,\"height\":36,\"caption\":\"Excel Advisor\"},\"image\":{\"@id\":\"https:\/\/exceladvisor.org\/es\/#\/schema\/logo\/image\/\"}}]}<\/script>\n<!-- \/ Yoast SEO plugin. -->","yoast_head_json":{"title":"\u00bfc\u00f3mo agrupar fechas en una tabla din\u00e1mica?","robots":{"index":"index","follow":"follow","max-snippet":"max-snippet:-1","max-image-preview":"max-image-preview:large","max-video-preview":"max-video-preview:-1"},"canonical":"https:\/\/exceladvisor.org\/es\/citas-grupales\/","og_locale":"es_ES","og_type":"article","og_title":"\u00bfc\u00f3mo agrupar fechas en una tabla din\u00e1mica?","og_description":"Al agrupar fechas en una tabla din\u00e1mica, puede crear informes instant\u00e1neos. Este es el punto: digamos que desea agrupar todas las fechas en meses en lugar de agregar una columna diferente en sus datos, es mejor agrupar las fechas. Es muy f\u00e1cil. Ahora aqu\u00ed est\u00e1 la buena noticia: adem\u00e1s de los meses, puede usar a\u00f1os, [&hellip;]","og_url":"https:\/\/exceladvisor.org\/es\/citas-grupales\/","og_site_name":"Excel Advisor","article_modified_time":"2023-12-25T10:23:18+00:00","og_image":[{"url":"https:\/\/exceladvisor.org\/wp-content\/uploads\/2023\/08\/Regrouper-les-dates-dans-le-tableau-croise-dynamique-par-mois-1.gif","type":"","width":"","height":""}],"twitter_card":"summary_large_image","twitter_misc":{"Tiempo de lectura":"3 minutos"},"schema":{"@context":"https:\/\/schema.org","@graph":[{"@type":"WebPage","@id":"https:\/\/exceladvisor.org\/es\/citas-grupales\/","url":"https:\/\/exceladvisor.org\/es\/citas-grupales\/","name":"\u00bfc\u00f3mo agrupar fechas en una tabla din\u00e1mica?","isPartOf":{"@id":"https:\/\/exceladvisor.org\/es\/#website"},"primaryImageOfPage":{"@id":"https:\/\/exceladvisor.org\/es\/citas-grupales\/#primaryimage"},"image":{"@id":"https:\/\/exceladvisor.org\/es\/citas-grupales\/#primaryimage"},"thumbnailUrl":"https:\/\/exceladvisor.org\/wp-content\/uploads\/2023\/08\/Regrouper-les-dates-dans-le-tableau-croise-dynamique-par-mois-1.gif","datePublished":"2023-11-15T08:44:03+00:00","dateModified":"2023-12-25T10:23:18+00:00","breadcrumb":{"@id":"https:\/\/exceladvisor.org\/es\/citas-grupales\/#breadcrumb"},"inLanguage":"es","potentialAction":[{"@type":"ReadAction","target":["https:\/\/exceladvisor.org\/es\/citas-grupales\/"]}]},{"@type":"ImageObject","inLanguage":"es","@id":"https:\/\/exceladvisor.org\/es\/citas-grupales\/#primaryimage","url":"https:\/\/exceladvisor.org\/wp-content\/uploads\/2023\/08\/Regrouper-les-dates-dans-le-tableau-croise-dynamique-par-mois-1.gif","contentUrl":"https:\/\/exceladvisor.org\/wp-content\/uploads\/2023\/08\/Regrouper-les-dates-dans-le-tableau-croise-dynamique-par-mois-1.gif"},{"@type":"BreadcrumbList","@id":"https:\/\/exceladvisor.org\/es\/citas-grupales\/#breadcrumb","itemListElement":[{"@type":"ListItem","position":1,"name":"Hogar","item":"https:\/\/exceladvisor.org\/es\/"},{"@type":"ListItem","position":2,"name":"\u00bfc\u00f3mo agrupar fechas en una tabla din\u00e1mica?"}]},{"@type":"WebSite","@id":"https:\/\/exceladvisor.org\/es\/#website","url":"https:\/\/exceladvisor.org\/es\/","name":"Excel Advisor","description":"Su gu\u00eda para la dominaci\u00f3n de datos!","publisher":{"@id":"https:\/\/exceladvisor.org\/es\/#organization"},"potentialAction":[{"@type":"SearchAction","target":{"@type":"EntryPoint","urlTemplate":"https:\/\/exceladvisor.org\/es\/?s={search_term_string}"},"query-input":{"@type":"PropertyValueSpecification","valueRequired":true,"valueName":"search_term_string"}}],"inLanguage":"es"},{"@type":"Organization","@id":"https:\/\/exceladvisor.org\/es\/#organization","name":"Excel Advisor","url":"https:\/\/exceladvisor.org\/es\/","logo":{"@type":"ImageObject","inLanguage":"es","@id":"https:\/\/exceladvisor.org\/es\/#\/schema\/logo\/image\/","url":"https:\/\/exceladvisor.org\/es\/wp-content\/uploads\/2023\/12\/exceladvisor.org_.png","contentUrl":"https:\/\/exceladvisor.org\/es\/wp-content\/uploads\/2023\/12\/exceladvisor.org_.png","width":105,"height":36,"caption":"Excel Advisor"},"image":{"@id":"https:\/\/exceladvisor.org\/es\/#\/schema\/logo\/image\/"}}]}},"yoast_meta":{"yoast_wpseo_title":"","yoast_wpseo_metadesc":"","yoast_wpseo_canonical":""},"_links":{"self":[{"href":"https:\/\/exceladvisor.org\/es\/wp-json\/wp\/v2\/pages\/146","targetHints":{"allow":["GET"]}}],"collection":[{"href":"https:\/\/exceladvisor.org\/es\/wp-json\/wp\/v2\/pages"}],"about":[{"href":"https:\/\/exceladvisor.org\/es\/wp-json\/wp\/v2\/types\/page"}],"author":[{"embeddable":true,"href":"https:\/\/exceladvisor.org\/es\/wp-json\/wp\/v2\/users\/1"}],"replies":[{"embeddable":true,"href":"https:\/\/exceladvisor.org\/es\/wp-json\/wp\/v2\/comments?post=146"}],"version-history":[{"count":1,"href":"https:\/\/exceladvisor.org\/es\/wp-json\/wp\/v2\/pages\/146\/revisions"}],"predecessor-version":[{"id":833,"href":"https:\/\/exceladvisor.org\/es\/wp-json\/wp\/v2\/pages\/146\/revisions\/833"}],"wp:attachment":[{"href":"https:\/\/exceladvisor.org\/es\/wp-json\/wp\/v2\/media?parent=146"}],"curies":[{"name":"wp","href":"https:\/\/api.w.org\/{rel}","templated":true}]}}