{"id":147,"date":"2023-11-15T08:08:27","date_gmt":"2023-11-15T08:08:27","guid":{"rendered":"https:\/\/exceladvisor.org\/es\/ordenar-una-tabla-dinamica\/"},"modified":"2023-12-25T10:26:39","modified_gmt":"2023-12-25T10:26:39","slug":"ordenar-una-tabla-dinamica","status":"publish","type":"page","link":"https:\/\/exceladvisor.org\/es\/ordenar-una-tabla-dinamica\/","title":{"rendered":"\u00bfc\u00f3mo ordenar una tabla din\u00e1mica en excel?"},"content":{"rendered":"<div class=\"excel-antes-del-contenido\" id=\"excel-2887502795\"><script type=\"text\/javascript\">\r\n\tatOptions = {\r\n\t\t'key' : 'c1158f160081d6540a8409e6925dab94',\r\n\t\t'format' : 'iframe',\r\n\t\t'height' : 250,\r\n\t\t'width' : 300,\r\n\t\t'params' : {}\r\n\t};\r\n<\/script>\r\n<script type=\"text\/javascript\" src=\"\/\/www.highperformanceformat.com\/c1158f160081d6540a8409e6925dab94\/invoke.js\"><\/script><\/div><p>S\u00ed, puedes ordenar una tabla din\u00e1mica en Excel. La clasificaci\u00f3n se puede realizar de diferentes maneras, seg\u00fan sus necesidades espec\u00edficas. Estos son los pasos generales para ordenar una tabla din\u00e1mica:<\/p>\n<h2 class=\"wp-block-heading\"> <strong>Ordenar por valores<\/strong><\/h2>\n<p> Resolvamos una tabla din\u00e1mica muy b\u00e1sica. Aqu\u00ed quer\u00edamos ordenar el total general de menor a mayor para encontrar el producto m\u00e1s vendido. <\/p>\n<div class=\"wp-block-image\">\n<figure class=\"aligncenter size-large is-resized\"><img loading=\"lazy\" decoding=\"async\" class=\"wp-image-59372\" src=\"https:\/\/exceladvisor.org\/wp-content\/uploads\/2023\/08\/1-tri-base-sur-les-valeurs.png\" sizes=\"auto, \" srcset=\"\" alt=\"ordenar basado en valores\" width=\"526\" height=\"186\"><\/figure>\n<\/div>\n<ol>\n<li> Primero, seleccione cualquier celda en la columna del total general y vaya a la pesta\u00f1a Inicio. <br \/><img loading=\"lazy\" decoding=\"async\" title=\"pesta\u00f1a 2-ir a casa\" src=\"https:\/\/exceladvisor.org\/wp-content\/uploads\/2023\/08\/2-aller-a-longlet-daccueil.png\" sizes=\"auto, \" srcset=\"\" alt=\"go-to-home-tab\" width=\"858\" height=\"111\"><\/li>\n<li> A continuaci\u00f3n, haga clic en Ordenar y filtrar en Edici\u00f3n. <br \/><img loading=\"lazy\" decoding=\"async\" title=\"3-clasificar y filtrar durante la edici\u00f3n\" src=\"https:\/\/exceladvisor.org\/wp-content\/uploads\/2023\/08\/3-trier-et-filtrer-sous-edition.png\" sizes=\"auto, \" srcset=\"\" alt=\"sort-and-filter-under-editing\" width=\"835\" height=\"108\"><\/li>\n<li> Despu\u00e9s de hacer clic en la opci\u00f3n Ordenar y filtrar, aparecer\u00e1 una lista desplegable. <br \/><img loading=\"lazy\" decoding=\"async\" title=\"4 opciones de clasificaci\u00f3n y filtrado\" src=\"https:\/\/exceladvisor.org\/wp-content\/uploads\/2023\/08\/4-options-de-tri-et-de-filtrage.png\" sizes=\"auto, \" srcset=\"\" alt=\"sort-and-filter-option\" width=\"187\" height=\"233\"><\/li>\n<li> Aqu\u00ed encontrar\u00e1 la opci\u00f3n requerida \u00abOrdenar de mayor a menor\u00bb. Solo un clic para ordenar tus datos. <br \/><img loading=\"lazy\" decoding=\"async\" title=\"5 hechizos de mayor a menor\" src=\"https:\/\/exceladvisor.org\/wp-content\/uploads\/2023\/08\/5-trier-du-plus-grand-au-plus-petit.png\" sizes=\"auto, \" srcset=\"\" alt=\"sort-largest-to-smallest\" width=\"187\" height=\"232\"><\/li>\n<li> Finalmente, se ordenan los datos. <br \/><img loading=\"lazy\" decoding=\"async\" title=\"6 datos ordenados\" src=\"https:\/\/exceladvisor.org\/wp-content\/uploads\/2023\/08\/6-donnees-triees.png\" sizes=\"auto, \" srcset=\"\" alt=\"sorted-data\" width=\"517\" height=\"180\"><\/li>\n<\/ol>\n<p> De manera similar, puede ordenar los datos del valor m\u00e1s peque\u00f1o al m\u00e1s grande siguiendo los mismos pasos.<\/p>\n<ol>\n<li> Para comenzar, vuelva a hacer clic en cualquier celda de la fila del total. <br \/><img loading=\"lazy\" decoding=\"async\" title=\"7 clics en cualquier celda de la fila total\" src=\"https:\/\/exceladvisor.org\/wp-content\/uploads\/2023\/08\/7-cliquez-sur-nimporte-quelle-cellule-dans-la-ligne-totale.png\" sizes=\"auto, \" srcset=\"\" alt=\"click-any-cell-in-total-row\" width=\"513\" height=\"182\"><\/li>\n<li> Ahora vaya a Inicio \u2192 Ordenar y filtrar. <br \/><img loading=\"lazy\" decoding=\"async\" title=\"Ordena y filtra en 8 clics\" src=\"https:\/\/exceladvisor.org\/wp-content\/uploads\/2023\/08\/Trier-et-filtrer-en-8-clics.png\" sizes=\"auto, \" srcset=\"\" alt=\"click-sort-and-filter\" width=\"882\" height=\"114\"><\/li>\n<li> Desde all\u00ed, haga clic de mayor a menor. <br \/><img loading=\"lazy\" decoding=\"async\" title=\"9 ordenar de mayor a menor\" src=\"https:\/\/exceladvisor.org\/wp-content\/uploads\/2023\/08\/9-trier-du-plus-grand-au-plus-petit.png\" sizes=\"auto, \" srcset=\"\" alt=\"sort-largest-to-smallest\" width=\"197\" height=\"245\"><\/li>\n<li> La fila total se ordena de mayor a menor. <br \/><img loading=\"lazy\" decoding=\"async\" title=\"10 filas en total ordenadas\" src=\"https:\/\/exceladvisor.org\/wp-content\/uploads\/2023\/08\/10-lignes-au-total-triees.png\" sizes=\"auto, \" srcset=\"\" alt=\"total-row-sorted\" width=\"499\" height=\"170\"><\/li>\n<\/ol>\n<p> Aqu\u00ed, en la tabla din\u00e1mica anterior, las columnas y filas del total general est\u00e1n ordenadas del valor m\u00e1s grande al m\u00e1s peque\u00f1o.<\/p>\n<h2 class=\"wp-block-heading\"> <strong>Clasificaci\u00f3n personalizada de una tabla din\u00e1mica<\/strong><\/h2>\n<p> Imag\u00ednese, ahora tiene que ordenar Product Cake de \u201cmenor a mayor\u201d o viceversa. Puede hacer esto usando una opci\u00f3n de clasificaci\u00f3n personalizada.<\/p>\n<ol>\n<li> Haga clic en cualquier valor en la fila Pastel, excluyendo el total general porque no clasificamos los totales generales. <br \/><img loading=\"lazy\" decoding=\"async\" title=\"11-tipo-personalizado-giratorio\" src=\"https:\/\/exceladvisor.org\/wp-content\/uploads\/2023\/08\/11-tri-personnalise-dun-tableau-croise-dynamique.png\" sizes=\"auto, \" srcset=\"\" alt=\"custom-sort-a-pivot-table\" width=\"516\" height=\"180\"><\/li>\n<li> Ahora haga clic en Inicio \u2192 Ordenar y editar. <br \/><img loading=\"lazy\" decoding=\"async\" title=\"12-ordenar y editar\" src=\"https:\/\/exceladvisor.org\/wp-content\/uploads\/2023\/08\/12-trier-et-editer.png\" sizes=\"auto, \" srcset=\"\" alt=\"sort-and-editing\" width=\"896\" height=\"114\"><\/li>\n<li> Despu\u00e9s de hacer clic en la flecha desplegable, haga clic en Orden personalizado. <br \/><img loading=\"lazy\" decoding=\"async\" title=\"Clasificaci\u00f3n personalizada en 13 clics\" src=\"https:\/\/exceladvisor.org\/wp-content\/uploads\/2023\/08\/Tri-personnalise-en-13-clics.png\" sizes=\"auto, \" srcset=\"\" alt=\"click-custom-sort\" width=\"194\" height=\"236\"><\/li>\n<li> Aqu\u00ed se abrir\u00e1 la ventana \u00abOrdenar por valor\u00bb. <br \/><img loading=\"lazy\" decoding=\"async\" title=\"14 opciones de clasificaci\u00f3n por valor\" src=\"https:\/\/exceladvisor.org\/wp-content\/uploads\/2023\/08\/14-option-de-tri-par-valeur.png\" sizes=\"auto, \" srcset=\"\" alt=\"sort-by-value-option\" width=\"360\" height=\"263\"><\/li>\n<li> Ahora seleccione De mayor a menor en Opci\u00f3n de clasificaci\u00f3n. <br \/><img loading=\"lazy\" decoding=\"async\" title=\"15 selecciones de mayor a menor\" src=\"https:\/\/exceladvisor.org\/wp-content\/uploads\/2023\/08\/15-selectionner-du-plus-grand-au-plus-petit.png\" sizes=\"auto, \" srcset=\"\" alt=\"select-largest-to-smallest\" width=\"360\" height=\"263\"><\/li>\n<li> Asimismo, seleccione la direcci\u00f3n de clasificaci\u00f3n. Como aqu\u00ed, queremos ordenar de izquierda a derecha, por lo que seleccionaremos de izquierda a derecha. <br \/><img loading=\"lazy\" decoding=\"async\" title=\"16-seleccionar-ordenar-direcci\u00f3n\" src=\"https:\/\/exceladvisor.org\/wp-content\/uploads\/2023\/08\/16-selectionner-le-sens-du-tri.png\" sizes=\"auto, \" srcset=\"\" alt=\"select-the-sort-direction\" width=\"360\" height=\"263\"><\/li>\n<li> Aqu\u00ed estamos. Ahora puede averiguar f\u00e1cilmente qu\u00e9 mes tuvo las ventas m\u00e1s altas y m\u00e1s bajas. <br \/><img loading=\"lazy\" decoding=\"async\" title=\"Datos ordenados en orden de 17 meses.\" src=\"https:\/\/exceladvisor.org\/wp-content\/uploads\/2023\/08\/Donnees-triees-sur-17-mois.png\" sizes=\"auto, \" srcset=\"\" alt=\"month-wise-sorted-data\" width=\"518\" height=\"180\"><\/li>\n<\/ol>\n<p> Ahora, \u00bfqu\u00e9 sucede si necesita realizar un cambio menor adem\u00e1s del modelo seleccionado en su pivote?<\/p>\n<p> Por ejemplo, tienes datos de ventas de enero a diciembre. Supongamos que llevaras el mes actual, digamos agosto, al principio. Esto no encaja en ning\u00fan modelo definido.<\/p>\n<p> No te preocupes, es posible. En tales casos, puede ordenar la tabla din\u00e1mica manualmente. He aqu\u00ed un ejemplo sencillo. <\/p>\n<div class=\"wp-block-image\">\n<figure class=\"aligncenter size-large is-resized\"><img loading=\"lazy\" decoding=\"async\" class=\"wp-image-59409\" src=\"https:\/\/exceladvisor.org\/wp-content\/uploads\/2023\/08\/18-trier-le-tableau-croise-dynamique-manuellement.png\" sizes=\"auto, \" srcset=\"\" alt=\"ordenar-matriz-pivote-manualmente\" width=\"481\" height=\"301\"><\/figure>\n<\/div>\n<p> Ahora en la tabla de arriba tenemos los datos organizados de enero a diciembre en columnas y los pa\u00edses ordenados alfab\u00e9ticamente. Siga los pasos a continuaci\u00f3n para llevar \u00abAgosto\u00bb a la primera columna y \u00abIndia\u00bb a la fila superior.<\/p>\n<ol>\n<li> Primero, seleccione el encabezado de la columna al que desea moverse. Como aqu\u00ed, queremos mover el mes de agosto. Entonces vamos a seleccionar la celda Ago. <br \/><img loading=\"lazy\" decoding=\"async\" title=\"19-seleccionar-encabezado-de-columna\" src=\"https:\/\/exceladvisor.org\/wp-content\/uploads\/2023\/08\/19-selectionner-len-tete-de-colonne.png\" sizes=\"auto, \" srcset=\"\" alt=\"select-the-header-of-column\" width=\"675\" height=\"280\"><\/li>\n<li> Recuerde, solo necesitamos seleccionar la celda del encabezado.<\/li>\n<li> Ahora, una vez que mueva el cursor al borde de la celda seleccionada, aparecer\u00e1 un objeto que mueve el cursor. <br \/><img loading=\"lazy\" decoding=\"async\" title=\"20 celdas de encabezado de selecci\u00f3n\" src=\"https:\/\/exceladvisor.org\/wp-content\/uploads\/2023\/08\/20-selectionnez-la-cellule-den-tete.png\" sizes=\"auto, \" srcset=\"\" alt=\"select-the-header-cell\" width=\"450\" height=\"279\"><\/li>\n<li> Despu\u00e9s de eso, haga clic con el mouse y arrastre la columna a la posici\u00f3n donde desea mover. Aqu\u00ed lo arrastraremos a la primera columna. <br \/><img loading=\"lazy\" decoding=\"async\" title=\"21 columnas deslizantes para posicionar\" src=\"https:\/\/exceladvisor.org\/wp-content\/uploads\/2023\/08\/21-faites-glisser-la-colonne-vers-la-position.png\" sizes=\"auto, \" srcset=\"\" alt=\"drag-the-column-to-the-position\" width=\"684\" height=\"284\"><\/li>\n<li> Asimismo, repetir los pasos con el pa\u00eds.<\/li>\n<li> Seleccione \u00abIndia\u00bb y mueva el cursor en el borde para mover el cursor y simplemente arr\u00e1strelo a la primera posici\u00f3n. <br \/><img loading=\"lazy\" decoding=\"async\" title=\"22 deslizamientos a la primera posici\u00f3n.\" src=\"https:\/\/exceladvisor.org\/wp-content\/uploads\/2023\/08\/22-glisser-vers-la-premiere-position.png\" sizes=\"auto, \" srcset=\"\" alt=\"drag-to-first-position\" width=\"484\" height=\"311\"><\/li>\n<\/ol>\n<h2 class=\"wp-block-heading\"> <strong>Ordenar alfab\u00e9ticamente<\/strong><\/h2>\n<p> Ahora ordenemos los pa\u00edses alfab\u00e9ticamente para comodidad de nuestra audiencia. Esto se puede hacer de dos maneras diferentes. <\/p>\n<div class=\"wp-block-image\">\n<figure class=\"aligncenter size-large is-resized\"><img loading=\"lazy\" decoding=\"async\" class=\"wp-image-59418\" src=\"https:\/\/exceladvisor.org\/wp-content\/uploads\/2023\/08\/23-trier-par-ordre-alphabetique.png\" sizes=\"auto, \" srcset=\"\" alt=\"ordenar alfab\u00e9ticamente\" width=\"296\" height=\"227\"><\/figure>\n<\/div>\n<ol>\n<li> Para comenzar, haga clic en la celda superior \u00abIndia\u00bb en este ejemplo. <br \/><img loading=\"lazy\" decoding=\"async\" title=\"24 clics en la celda superior\" src=\"https:\/\/exceladvisor.org\/wp-content\/uploads\/2023\/08\/24-cliquez-sur-la-cellule-du-haut.png\" sizes=\"auto, \" srcset=\"\" alt=\"click-the-top-cell\" width=\"281\" height=\"213\"><\/li>\n<li> Ahora haga clic en la pesta\u00f1a Inicio y vaya al bot\u00f3n Ordenar y filtrar. <br \/><img loading=\"lazy\" decoding=\"async\" title=\"Ordena y filtra en 25 pasos\" src=\"https:\/\/exceladvisor.org\/wp-content\/uploads\/2023\/08\/25-aller-pour-trier-et-filtrer.png\" sizes=\"auto, \" srcset=\"\" alt=\"go-to-sort-and-filter\" width=\"135\" height=\"227\"><\/li>\n<li> Aqu\u00ed haga clic en la opci\u00f3n \u201cOrdenar de la A a la Z\u201d. <br \/><img loading=\"lazy\" decoding=\"async\" title=\"26 hechizos de la A a la Z\" src=\"https:\/\/exceladvisor.org\/wp-content\/uploads\/2023\/08\/26-trier-de-a-a-z.png\" sizes=\"auto, \" srcset=\"\" alt=\"sort-A-to-Z\" width=\"134\" height=\"154\"><\/li>\n<li> Los datos est\u00e1n ordenados. Ahora ver\u00e1 que los pa\u00edses est\u00e1n ordenados alfab\u00e9ticamente de la A a la Z. <br \/><img loading=\"lazy\" decoding=\"async\" title=\"27 datos ordenados\" src=\"https:\/\/exceladvisor.org\/wp-content\/uploads\/2023\/08\/27-donnees-triees.png\" sizes=\"auto, \" srcset=\"\" alt=\"sorted-data\" width=\"290\" height=\"222\"><\/li>\n<\/ol>\n<p> Tambi\u00e9n puede seguir los siguientes pasos para utilizar otro m\u00e9todo de clasificaci\u00f3n alfab\u00e9ticamente.<\/p>\n<ol>\n<li> Seleccione la celda del encabezado, es decir, \u00abPa\u00eds\u00bb en la tabla din\u00e1mica. <br \/><img loading=\"lazy\" decoding=\"async\" title=\"28 celdas de encabezado de selecci\u00f3n\" src=\"https:\/\/exceladvisor.org\/wp-content\/uploads\/2023\/08\/28-selectionner-la-cellule-den-tete.png\" sizes=\"auto, \" srcset=\"\" alt=\"select-the-header-cell\" width=\"292\" height=\"222\"><\/li>\n<li> Ahora haga clic en la peque\u00f1a flecha desplegable junto a \u00abPa\u00eds\u00bb. <br \/><img loading=\"lazy\" decoding=\"async\" title=\"29 clics en la lista desplegable\" src=\"https:\/\/exceladvisor.org\/wp-content\/uploads\/2023\/08\/29-cliquez-sur-le-menu-deroulant.png\" sizes=\"auto, \" srcset=\"\" alt=\"click-on-drop-down\" width=\"228\" height=\"341\"><\/li>\n<li> Ahora haga clic en la primera opci\u00f3n, es decir, \u00abOrdenar de la A a la Z\u00bb. <br \/><img loading=\"lazy\" decoding=\"async\" title=\"30 hechizos de la A a la Z\" src=\"https:\/\/exceladvisor.org\/wp-content\/uploads\/2023\/08\/30-trier-de-a-a-z.png\" sizes=\"auto, \" srcset=\"\" alt=\"sort-A-to-Z\" width=\"226\" height=\"337\"><\/li>\n<li> Aqu\u00ed estamos. Los pa\u00edses est\u00e1n listados alfab\u00e9ticamente de la A a la Z. <br \/><img loading=\"lazy\" decoding=\"async\" title=\"31 datos ordenados de la A a la Z\" src=\"https:\/\/exceladvisor.org\/wp-content\/uploads\/2023\/08\/31-donnees-triees-de-a-a-z.png\" sizes=\"auto, \" srcset=\"\" alt=\"sorted-data-A-to-Z\" width=\"281\" height=\"216\"><\/li>\n<\/ol>\n","protected":false},"excerpt":{"rendered":"<p>S\u00ed, puedes ordenar una tabla din\u00e1mica en Excel. La clasificaci\u00f3n se puede realizar de diferentes maneras, seg\u00fan sus necesidades espec\u00edficas. Estos son los pasos generales para ordenar una tabla din\u00e1mica: Ordenar por valores Resolvamos una tabla din\u00e1mica muy b\u00e1sica. Aqu\u00ed quer\u00edamos ordenar el total general de menor a mayor para encontrar el producto m\u00e1s vendido. [&hellip;]<\/p>\n","protected":false},"author":1,"featured_media":0,"parent":0,"menu_order":0,"comment_status":"open","ping_status":"closed","template":"","meta":{"ub_ctt_via":"","footnotes":""},"class_list":["post-147","page","type-page","status-publish","hentry"],"featured_image_src":null,"yoast_head":"<!-- This site is optimized with the Yoast SEO plugin v25.4 - https:\/\/yoast.com\/wordpress\/plugins\/seo\/ -->\n<title>\u00bfc\u00f3mo ordenar una tabla din\u00e1mica en excel?<\/title>\n<meta name=\"robots\" content=\"index, follow, max-snippet:-1, max-image-preview:large, max-video-preview:-1\" \/>\n<link rel=\"canonical\" href=\"https:\/\/exceladvisor.org\/es\/ordenar-una-tabla-dinamica\/\" \/>\n<meta property=\"og:locale\" content=\"es_ES\" \/>\n<meta property=\"og:type\" content=\"article\" \/>\n<meta property=\"og:title\" content=\"\u00bfc\u00f3mo ordenar una tabla din\u00e1mica en excel?\" \/>\n<meta property=\"og:description\" content=\"S\u00ed, puedes ordenar una tabla din\u00e1mica en Excel. La clasificaci\u00f3n se puede realizar de diferentes maneras, seg\u00fan sus necesidades espec\u00edficas. Estos son los pasos generales para ordenar una tabla din\u00e1mica: Ordenar por valores Resolvamos una tabla din\u00e1mica muy b\u00e1sica. Aqu\u00ed quer\u00edamos ordenar el total general de menor a mayor para encontrar el producto m\u00e1s vendido. [&hellip;]\" \/>\n<meta property=\"og:url\" content=\"https:\/\/exceladvisor.org\/es\/ordenar-una-tabla-dinamica\/\" \/>\n<meta property=\"og:site_name\" content=\"Excel Advisor\" \/>\n<meta property=\"article:modified_time\" content=\"2023-12-25T10:26:39+00:00\" \/>\n<meta property=\"og:image\" content=\"https:\/\/exceladvisor.org\/wp-content\/uploads\/2023\/08\/1-tri-base-sur-les-valeurs.png\" \/>\n<meta name=\"twitter:card\" content=\"summary_large_image\" \/>\n<meta name=\"twitter:label1\" content=\"Tiempo de lectura\" \/>\n\t<meta name=\"twitter:data1\" content=\"4 minutos\" \/>\n<script type=\"application\/ld+json\" class=\"yoast-schema-graph\">{\"@context\":\"https:\/\/schema.org\",\"@graph\":[{\"@type\":\"WebPage\",\"@id\":\"https:\/\/exceladvisor.org\/es\/ordenar-una-tabla-dinamica\/\",\"url\":\"https:\/\/exceladvisor.org\/es\/ordenar-una-tabla-dinamica\/\",\"name\":\"\u00bfc\u00f3mo ordenar una tabla din\u00e1mica en excel?\",\"isPartOf\":{\"@id\":\"https:\/\/exceladvisor.org\/es\/#website\"},\"primaryImageOfPage\":{\"@id\":\"https:\/\/exceladvisor.org\/es\/ordenar-una-tabla-dinamica\/#primaryimage\"},\"image\":{\"@id\":\"https:\/\/exceladvisor.org\/es\/ordenar-una-tabla-dinamica\/#primaryimage\"},\"thumbnailUrl\":\"https:\/\/exceladvisor.org\/wp-content\/uploads\/2023\/08\/1-tri-base-sur-les-valeurs.png\",\"datePublished\":\"2023-11-15T08:08:27+00:00\",\"dateModified\":\"2023-12-25T10:26:39+00:00\",\"breadcrumb\":{\"@id\":\"https:\/\/exceladvisor.org\/es\/ordenar-una-tabla-dinamica\/#breadcrumb\"},\"inLanguage\":\"es\",\"potentialAction\":[{\"@type\":\"ReadAction\",\"target\":[\"https:\/\/exceladvisor.org\/es\/ordenar-una-tabla-dinamica\/\"]}]},{\"@type\":\"ImageObject\",\"inLanguage\":\"es\",\"@id\":\"https:\/\/exceladvisor.org\/es\/ordenar-una-tabla-dinamica\/#primaryimage\",\"url\":\"https:\/\/exceladvisor.org\/wp-content\/uploads\/2023\/08\/1-tri-base-sur-les-valeurs.png\",\"contentUrl\":\"https:\/\/exceladvisor.org\/wp-content\/uploads\/2023\/08\/1-tri-base-sur-les-valeurs.png\"},{\"@type\":\"BreadcrumbList\",\"@id\":\"https:\/\/exceladvisor.org\/es\/ordenar-una-tabla-dinamica\/#breadcrumb\",\"itemListElement\":[{\"@type\":\"ListItem\",\"position\":1,\"name\":\"Hogar\",\"item\":\"https:\/\/exceladvisor.org\/es\/\"},{\"@type\":\"ListItem\",\"position\":2,\"name\":\"\u00bfc\u00f3mo ordenar una tabla din\u00e1mica en excel?\"}]},{\"@type\":\"WebSite\",\"@id\":\"https:\/\/exceladvisor.org\/es\/#website\",\"url\":\"https:\/\/exceladvisor.org\/es\/\",\"name\":\"Excel Advisor\",\"description\":\"Su gu\u00eda para la dominaci\u00f3n de datos!\",\"publisher\":{\"@id\":\"https:\/\/exceladvisor.org\/es\/#organization\"},\"potentialAction\":[{\"@type\":\"SearchAction\",\"target\":{\"@type\":\"EntryPoint\",\"urlTemplate\":\"https:\/\/exceladvisor.org\/es\/?s={search_term_string}\"},\"query-input\":{\"@type\":\"PropertyValueSpecification\",\"valueRequired\":true,\"valueName\":\"search_term_string\"}}],\"inLanguage\":\"es\"},{\"@type\":\"Organization\",\"@id\":\"https:\/\/exceladvisor.org\/es\/#organization\",\"name\":\"Excel Advisor\",\"url\":\"https:\/\/exceladvisor.org\/es\/\",\"logo\":{\"@type\":\"ImageObject\",\"inLanguage\":\"es\",\"@id\":\"https:\/\/exceladvisor.org\/es\/#\/schema\/logo\/image\/\",\"url\":\"https:\/\/exceladvisor.org\/es\/wp-content\/uploads\/2023\/12\/exceladvisor.org_.png\",\"contentUrl\":\"https:\/\/exceladvisor.org\/es\/wp-content\/uploads\/2023\/12\/exceladvisor.org_.png\",\"width\":105,\"height\":36,\"caption\":\"Excel Advisor\"},\"image\":{\"@id\":\"https:\/\/exceladvisor.org\/es\/#\/schema\/logo\/image\/\"}}]}<\/script>\n<!-- \/ Yoast SEO plugin. -->","yoast_head_json":{"title":"\u00bfc\u00f3mo ordenar una tabla din\u00e1mica en excel?","robots":{"index":"index","follow":"follow","max-snippet":"max-snippet:-1","max-image-preview":"max-image-preview:large","max-video-preview":"max-video-preview:-1"},"canonical":"https:\/\/exceladvisor.org\/es\/ordenar-una-tabla-dinamica\/","og_locale":"es_ES","og_type":"article","og_title":"\u00bfc\u00f3mo ordenar una tabla din\u00e1mica en excel?","og_description":"S\u00ed, puedes ordenar una tabla din\u00e1mica en Excel. La clasificaci\u00f3n se puede realizar de diferentes maneras, seg\u00fan sus necesidades espec\u00edficas. Estos son los pasos generales para ordenar una tabla din\u00e1mica: Ordenar por valores Resolvamos una tabla din\u00e1mica muy b\u00e1sica. Aqu\u00ed quer\u00edamos ordenar el total general de menor a mayor para encontrar el producto m\u00e1s vendido. [&hellip;]","og_url":"https:\/\/exceladvisor.org\/es\/ordenar-una-tabla-dinamica\/","og_site_name":"Excel Advisor","article_modified_time":"2023-12-25T10:26:39+00:00","og_image":[{"url":"https:\/\/exceladvisor.org\/wp-content\/uploads\/2023\/08\/1-tri-base-sur-les-valeurs.png","type":"","width":"","height":""}],"twitter_card":"summary_large_image","twitter_misc":{"Tiempo de lectura":"4 minutos"},"schema":{"@context":"https:\/\/schema.org","@graph":[{"@type":"WebPage","@id":"https:\/\/exceladvisor.org\/es\/ordenar-una-tabla-dinamica\/","url":"https:\/\/exceladvisor.org\/es\/ordenar-una-tabla-dinamica\/","name":"\u00bfc\u00f3mo ordenar una tabla din\u00e1mica en excel?","isPartOf":{"@id":"https:\/\/exceladvisor.org\/es\/#website"},"primaryImageOfPage":{"@id":"https:\/\/exceladvisor.org\/es\/ordenar-una-tabla-dinamica\/#primaryimage"},"image":{"@id":"https:\/\/exceladvisor.org\/es\/ordenar-una-tabla-dinamica\/#primaryimage"},"thumbnailUrl":"https:\/\/exceladvisor.org\/wp-content\/uploads\/2023\/08\/1-tri-base-sur-les-valeurs.png","datePublished":"2023-11-15T08:08:27+00:00","dateModified":"2023-12-25T10:26:39+00:00","breadcrumb":{"@id":"https:\/\/exceladvisor.org\/es\/ordenar-una-tabla-dinamica\/#breadcrumb"},"inLanguage":"es","potentialAction":[{"@type":"ReadAction","target":["https:\/\/exceladvisor.org\/es\/ordenar-una-tabla-dinamica\/"]}]},{"@type":"ImageObject","inLanguage":"es","@id":"https:\/\/exceladvisor.org\/es\/ordenar-una-tabla-dinamica\/#primaryimage","url":"https:\/\/exceladvisor.org\/wp-content\/uploads\/2023\/08\/1-tri-base-sur-les-valeurs.png","contentUrl":"https:\/\/exceladvisor.org\/wp-content\/uploads\/2023\/08\/1-tri-base-sur-les-valeurs.png"},{"@type":"BreadcrumbList","@id":"https:\/\/exceladvisor.org\/es\/ordenar-una-tabla-dinamica\/#breadcrumb","itemListElement":[{"@type":"ListItem","position":1,"name":"Hogar","item":"https:\/\/exceladvisor.org\/es\/"},{"@type":"ListItem","position":2,"name":"\u00bfc\u00f3mo ordenar una tabla din\u00e1mica en excel?"}]},{"@type":"WebSite","@id":"https:\/\/exceladvisor.org\/es\/#website","url":"https:\/\/exceladvisor.org\/es\/","name":"Excel Advisor","description":"Su gu\u00eda para la dominaci\u00f3n de datos!","publisher":{"@id":"https:\/\/exceladvisor.org\/es\/#organization"},"potentialAction":[{"@type":"SearchAction","target":{"@type":"EntryPoint","urlTemplate":"https:\/\/exceladvisor.org\/es\/?s={search_term_string}"},"query-input":{"@type":"PropertyValueSpecification","valueRequired":true,"valueName":"search_term_string"}}],"inLanguage":"es"},{"@type":"Organization","@id":"https:\/\/exceladvisor.org\/es\/#organization","name":"Excel Advisor","url":"https:\/\/exceladvisor.org\/es\/","logo":{"@type":"ImageObject","inLanguage":"es","@id":"https:\/\/exceladvisor.org\/es\/#\/schema\/logo\/image\/","url":"https:\/\/exceladvisor.org\/es\/wp-content\/uploads\/2023\/12\/exceladvisor.org_.png","contentUrl":"https:\/\/exceladvisor.org\/es\/wp-content\/uploads\/2023\/12\/exceladvisor.org_.png","width":105,"height":36,"caption":"Excel Advisor"},"image":{"@id":"https:\/\/exceladvisor.org\/es\/#\/schema\/logo\/image\/"}}]}},"yoast_meta":{"yoast_wpseo_title":"","yoast_wpseo_metadesc":"","yoast_wpseo_canonical":""},"_links":{"self":[{"href":"https:\/\/exceladvisor.org\/es\/wp-json\/wp\/v2\/pages\/147","targetHints":{"allow":["GET"]}}],"collection":[{"href":"https:\/\/exceladvisor.org\/es\/wp-json\/wp\/v2\/pages"}],"about":[{"href":"https:\/\/exceladvisor.org\/es\/wp-json\/wp\/v2\/types\/page"}],"author":[{"embeddable":true,"href":"https:\/\/exceladvisor.org\/es\/wp-json\/wp\/v2\/users\/1"}],"replies":[{"embeddable":true,"href":"https:\/\/exceladvisor.org\/es\/wp-json\/wp\/v2\/comments?post=147"}],"version-history":[{"count":1,"href":"https:\/\/exceladvisor.org\/es\/wp-json\/wp\/v2\/pages\/147\/revisions"}],"predecessor-version":[{"id":1153,"href":"https:\/\/exceladvisor.org\/es\/wp-json\/wp\/v2\/pages\/147\/revisions\/1153"}],"wp:attachment":[{"href":"https:\/\/exceladvisor.org\/es\/wp-json\/wp\/v2\/media?parent=147"}],"curies":[{"name":"wp","href":"https:\/\/api.w.org\/{rel}","templated":true}]}}