{"id":148,"date":"2023-11-15T07:48:42","date_gmt":"2023-11-15T07:48:42","guid":{"rendered":"https:\/\/exceladvisor.org\/es\/zona-de-texto\/"},"modified":"2023-12-25T10:25:51","modified_gmt":"2023-12-25T10:25:51","slug":"zona-de-texto","status":"publish","type":"page","link":"https:\/\/exceladvisor.org\/es\/zona-de-texto\/","title":{"rendered":"\u00bfc\u00f3mo insertar un cuadro de texto en excel?"},"content":{"rendered":"<div class=\"excel-antes-del-contenido\" id=\"excel-404887793\"><script type=\"text\/javascript\">\r\n\tatOptions = {\r\n\t\t'key' : 'c1158f160081d6540a8409e6925dab94',\r\n\t\t'format' : 'iframe',\r\n\t\t'height' : 250,\r\n\t\t'width' : 300,\r\n\t\t'params' : {}\r\n\t};\r\n<\/script>\r\n<script type=\"text\/javascript\" src=\"\/\/www.highperformanceformat.com\/c1158f160081d6540a8409e6925dab94\/invoke.js\"><\/script><\/div><p>Al insertar un cuadro de texto en Excel, puede agregarle texto y moverlo a cualquier lugar de la hoja de c\u00e1lculo. Tambi\u00e9n puedes personalizarlo cambiando el estilo de fuente, el contorno, el color, etc.<\/p>\n<p> En este tutorial, aprender\u00e1 todos los m\u00e9todos para insertarlo, as\u00ed como las propiedades y opciones que lo acompa\u00f1an. Empecemos.<\/p>\n<h2 class=\"wp-block-heading\"> Pasos para insertar un cuadro de texto en Excel<\/h2>\n<p> Para agregar un cuadro de texto a su hoja de c\u00e1lculo, siga los pasos a continuaci\u00f3n:<\/p>\n<ol>\n<li> Primero, vaya a la pesta\u00f1a Insertar y haga clic en \u00abTexto\u00bb, luego seleccione \u00abCuadro de texto\u00bb en la cinta. <br \/><img loading=\"lazy\" decoding=\"async\" title=\"1-insertar-texto-\u00e1rea-de-texto\" src=\"https:\/\/exceladvisor.org\/wp-content\/uploads\/2023\/08\/1-zone-de-texte-dinsertion-de-texte.png\" sizes=\"auto, \" srcset=\"\" alt=\"insert-text-textbox\" width=\"946\" height=\"186\"><\/li>\n<li> Despu\u00e9s de eso, en la hoja de Excel, coloque el cursor en el lugar desde donde desea agregar el cuadro de texto y arr\u00e1strelo hacia abajo manteniendo presionado el bot\u00f3n izquierdo del mouse. <br \/><img loading=\"lazy\" decoding=\"async\" title=\"2-agregar-un-\u00e1rea-de-texto-en-la-hoja-de-trabajo\" src=\"https:\/\/exceladvisor.org\/wp-content\/uploads\/2023\/08\/2-ajouter-une-zone-de-texte-dans-la-feuille-de-calcul.png\" sizes=\"auto, \" srcset=\"\" alt=\"add-text-box-in-worksheet\" width=\"491\" height=\"305\"><\/li>\n<li> Ahora ver\u00e1s el cursor dentro del cuadro de texto para escribir cualquier cosa all\u00ed.<\/li>\n<li> Simplemente comience a escribir e ingrese el texto que desea insertar. <br \/><img loading=\"lazy\" decoding=\"async\" title=\"3-agregar-texto-en-\u00e1rea-de-texto\" src=\"https:\/\/exceladvisor.org\/wp-content\/uploads\/2023\/08\/3-ajouter-du-texte-dans-la-zone-de-texte.png\" sizes=\"auto, \" srcset=\"\" alt=\"add-text-into-the-textbox\" width=\"514\" height=\"318\"><\/li>\n<\/ol>\n<p class=\"mytip\"> Hay un <a href=\"https:\/\/exceladvisor.org\/es\/atajos-de-teclado\/\">atajo de teclado<\/a> que puede usar para insertar un cuadro de texto en Excel <kbd>Alt<\/kbd> \u21e2 <kbd>N<\/kbd> \u21e2 <kbd>X.<\/kbd><\/p>\n<h2 class=\"wp-block-heading\"> Agregar un cuadro de texto a partir de formas<\/h2>\n<ol>\n<li> Primero, vaya a la pesta\u00f1a Insertar, luego haga clic en \u00abIlustraciones\u00bb y luego seleccione \u00abFormas\u00bb. <br \/><img loading=\"lazy\" decoding=\"async\" title=\"4-insertar-luego-ilustraciones-y-seleccionar-formas\" src=\"https:\/\/exceladvisor.org\/wp-content\/uploads\/2023\/08\/4-inserez-ensuite-des-illustrations-et-selectionnez-des-formes.png\" sizes=\"auto, \" srcset=\"\" alt=\"insert-then-illustrations-and-select-shapes\" width=\"405\" height=\"222\"><\/li>\n<li> Ahora seleccione el cuadro de texto de la lista de formas. <br \/><img loading=\"lazy\" decoding=\"async\" title=\"5 seleccionar cuadro de texto de formas\" src=\"https:\/\/exceladvisor.org\/wp-content\/uploads\/2023\/08\/5-selectionner-une-zone-de-texte-a-partir-de-formes.png\" sizes=\"auto, \" srcset=\"\" alt=\"select-text-box-from-shapes\" width=\"323\" height=\"509\"><\/li>\n<li> Despu\u00e9s de eso, haga clic en el lugar de la hoja de c\u00e1lculo donde desea insertarlo.<\/li>\n<li> Al final, agregue el texto en el cuadro de texto que desee. <br \/><img loading=\"lazy\" decoding=\"async\" title=\"6-cuadro-de-texto-con-texto-est\u00e1-listo\" src=\"https:\/\/exceladvisor.org\/wp-content\/uploads\/2023\/08\/6-zone-de-texte-avec-le-texte-est-pret.png\" sizes=\"auto, \" srcset=\"\" alt=\"text-box-with-text-is-ready\" width=\"361\" height=\"170\"><\/li>\n<\/ol>\n<h2 class=\"wp-block-heading\"> Formatear el cuadro de texto<\/h2>\n<p> Despu\u00e9s de agregar el cuadro de texto, puede cambiar su formato cambiando su forma, fuente, estilo de fuente, tama\u00f1o, color, etc. Cuando seleccionas el cuadro de texto, obtienes una nueva pesta\u00f1a en la cinta llamada \u00bb <strong>Formato de forma<\/strong> \u00ab. <\/p>\n<div class=\"wp-block-image\">\n<figure class=\"aligncenter size-full is-resized\"><img loading=\"lazy\" decoding=\"async\" class=\"wp-image-72878\" src=\"https:\/\/exceladvisor.org\/wp-content\/uploads\/2023\/08\/7-nouveau-format-de-forme-donglet-dans-le-ruban.png\" sizes=\"auto, \" srcset=\"\" alt=\"nueva-pesta\u00f1a-formato-en-cinta\" width=\"455\" height=\"385\"><\/figure>\n<\/div>\n<h3 class=\"wp-block-heading\"> Editar formas y editar puntos<\/h3>\n<p> Hay una variedad de formas disponibles en la lista desplegable para agregar el texto. <\/p>\n<div class=\"wp-block-image\">\n<figure class=\"aligncenter size-full is-resized\"><img loading=\"lazy\" decoding=\"async\" class=\"wp-image-72879\" src=\"https:\/\/exceladvisor.org\/wp-content\/uploads\/2023\/08\/8-formes-dinsertion-du-groupe-de-formes-1.png\" sizes=\"auto, \" srcset=\"\" alt=\"insertar-formas-del-grupo-de-formas\" width=\"353\" height=\"141\"><\/figure>\n<\/div>\n<ul>\n<li> Primero, seleccione la forma particular que desea agregar y resalte su texto.<\/li>\n<li> Luego haga clic donde desee agregarlo.<\/li>\n<li> Despu\u00e9s de eso, arrastre y mantenga presionado el cursor para dibujar la misma forma en la hoja de trabajo. <\/li>\n<\/ul>\n<div class=\"wp-block-image\">\n<figure class=\"aligncenter size-full is-resized\"><img loading=\"lazy\" decoding=\"async\" class=\"wp-image-72880\" src=\"https:\/\/exceladvisor.org\/wp-content\/uploads\/2023\/08\/9-faites-glisser-et-maintenez-le-curseur-pour-dessiner-la-meme-forme.png\" sizes=\"auto, \" srcset=\"\" alt=\"Arrastre y mantenga presionado el cursor para dibujar la misma forma.\" width=\"748\" height=\"431\"><\/figure>\n<\/div>\n<ul>\n<li> Ahora puede ingresar cualquier texto que desee all\u00ed haciendo doble clic en \u00e9l. <\/li>\n<\/ul>\n<div class=\"wp-block-image\">\n<figure class=\"aligncenter size-full is-resized\"><img loading=\"lazy\" decoding=\"async\" class=\"wp-image-72881\" src=\"https:\/\/exceladvisor.org\/wp-content\/uploads\/2023\/08\/10-double-cliquez-sur-la-forme-pour-entrer-du-texte.png\" sizes=\"auto, \" srcset=\"\" alt=\"hacer doble clic en la forma para ingresar texto\" width=\"366\" height=\"249\"><\/figure>\n<\/div>\n<p> <strong>Cambiar forma:<\/strong> si desea cambiar la misma forma a otra, haga clic en la flecha desplegable Cambiar forma y seleccione la forma alternativa en la opci\u00f3n \u00bb <strong>Editar forma<\/strong> \u00ab. <\/p>\n<div class=\"wp-block-image\">\n<figure class=\"aligncenter size-full is-resized\"><img loading=\"lazy\" decoding=\"async\" class=\"wp-image-72882\" src=\"https:\/\/exceladvisor.org\/wp-content\/uploads\/2023\/08\/11-modifier-la-forme-puis-changer-en-une-autre.png\" sizes=\"auto, \" srcset=\"\" alt=\"cambiar-de-forma-luego-cambiar-a-otro\" width=\"497\" height=\"485\"><\/figure>\n<\/div>\n<p> Una vez que hagas clic en la forma final, la forma anterior se convertir\u00e1 en la nueva. <\/p>\n<div class=\"wp-block-image\">\n<figure class=\"aligncenter size-full is-resized\"><img loading=\"lazy\" decoding=\"async\" class=\"wp-image-72883\" src=\"https:\/\/exceladvisor.org\/wp-content\/uploads\/2023\/08\/12-clic-simple-sur-la-nouvelle-forme-a-convertir.png\" sizes=\"auto, \" srcset=\"\" alt=\"solo un clic en un nuevo formulario para convertir\" width=\"434\" height=\"243\"><\/figure>\n<\/div>\n<p> <strong>Editar puntos:<\/strong> le ayuda a convertir el cuadro de texto en flujo libre. Al hacer clic en esta opci\u00f3n, el cuadro de texto existente se resaltar\u00e1 con cuadros peque\u00f1os. Despu\u00e9s de eso, haga clic en cualquier punto desde donde desee extenderlo en cualquier direcci\u00f3n. <\/p>\n<div class=\"wp-block-image\">\n<figure class=\"aligncenter size-full is-resized\"><img loading=\"lazy\" decoding=\"async\" class=\"wp-image-73152\" src=\"https:\/\/exceladvisor.org\/wp-content\/uploads\/2023\/08\/13-a-partir-des-points-de-modification-modifier-la-zone-de-texte.png\" sizes=\"auto, \" srcset=\"\" alt=\"desde-puntos-de-edici\u00f3n-editar-cuadro-de-texto\" width=\"492\" height=\"290\"><\/figure>\n<\/div>\n<h3 class=\"wp-block-heading\"> Estilos de forma<\/h3>\n<p> En el grupo \u00abEstilos de forma\u00bb, primero puede seleccionar el estilo del tema de la forma en la hoja de trabajo. <\/p>\n<div class=\"wp-block-image\">\n<figure class=\"aligncenter size-full is-resized\"><img loading=\"lazy\" decoding=\"async\" class=\"wp-image-73154\" src=\"https:\/\/exceladvisor.org\/wp-content\/uploads\/2023\/08\/14-selectionner-le-style-de-theme.png\" sizes=\"auto, \" srcset=\"\" alt=\"seleccionar estilo de tema\" width=\"651\" height=\"339\"><\/figure>\n<\/div>\n<p> Incluso tambi\u00e9n puedes elegir cualquier opci\u00f3n de textura o degradado que incluya variaciones de color oscuro y tenue a trav\u00e9s de \u00bb <strong>Relleno de forma<\/strong> \u00ab. <\/p>\n<div class=\"wp-block-image\">\n<figure class=\"aligncenter size-full is-resized\"><img loading=\"lazy\" decoding=\"async\" class=\"wp-image-73155\" src=\"https:\/\/exceladvisor.org\/wp-content\/uploads\/2023\/08\/15-options-de-remplissage-de-forme.png\" sizes=\"auto, \" srcset=\"\" alt=\"opciones de relleno de forma\" width=\"606\" height=\"440\"><\/figure>\n<\/div>\n<p> <strong>Shape Outline<\/strong> le permite cambiar el color del contorno de la forma, o si desea cambiar el ancho y el estilo de l\u00ednea de su texto, haga clic en las opciones de grosor y gui\u00f3n. <\/p>\n<div class=\"wp-block-image\">\n<figure class=\"aligncenter size-full is-resized\"><img loading=\"lazy\" decoding=\"async\" class=\"wp-image-73156\" src=\"https:\/\/exceladvisor.org\/wp-content\/uploads\/2023\/08\/16-zone-de-texte-de-contour-de-forme.png\" sizes=\"auto, \" srcset=\"\" alt=\"cuadro de texto de contorno de forma\" width=\"579\" height=\"523\"><\/figure>\n<\/div>\n<p> Con \u00bb <strong>Efectos de forma<\/strong> \u00ab, puede aplicar efectos visuales como sombras, reflejos, etc. para darle un aspecto diferente a tu texto. <\/p>\n<div class=\"wp-block-image\">\n<figure class=\"aligncenter size-full is-resized\"><img loading=\"lazy\" decoding=\"async\" class=\"wp-image-73157\" src=\"https:\/\/exceladvisor.org\/wp-content\/uploads\/2023\/08\/Zone-de-texte-17-effets-de-forme.png\" sizes=\"auto, \" srcset=\"\" alt=\"cuadro de texto de efectos de forma\" width=\"609\" height=\"425\"><\/figure>\n<\/div>\n<h3 class=\"wp-block-heading\"> Quitar borde<\/h3>\n<p> Para hacer esto, debe ir a la lista desplegable \u00abContorno de forma\u00bb en el grupo de estilos de forma. Luego seleccione la opci\u00f3n \u00bb <strong>Sin contorno<\/strong> \u00ab. <\/p>\n<div class=\"wp-block-image\">\n<figure class=\"aligncenter size-full is-resized\"><img loading=\"lazy\" decoding=\"async\" class=\"wp-image-73158\" src=\"https:\/\/exceladvisor.org\/wp-content\/uploads\/2023\/08\/18-selectionner-aucun-contour-a-partir-du-contour-de-la-forme.png\" sizes=\"auto, \" srcset=\"\" alt=\"seleccionar-sin-contorno-forma-contorno\" width=\"491\" height=\"571\"><\/figure>\n<\/div>\n<p> Una vez que hagas clic en \u00e9l, eliminar\u00e1 los bordes de la forma seleccionada y se ver\u00e1 como lo siguiente. <\/p>\n<div class=\"wp-block-image\">\n<figure class=\"aligncenter size-full is-resized\"><img loading=\"lazy\" decoding=\"async\" class=\"wp-image-73159\" src=\"https:\/\/exceladvisor.org\/wp-content\/uploads\/2023\/08\/19-zone-de-texte-sans-bordure.png\" sizes=\"auto, \" srcset=\"\" alt=\"cuadro de texto sin bordes\" width=\"315\" height=\"209\"><\/figure>\n<\/div>\n<h3 class=\"wp-block-heading\"> Tama\u00f1o, estilo y color de fuente<\/h3>\n<p> Una vez que haya seleccionado el cuadro de texto, puede agregarle texto simplemente haciendo doble clic dentro de \u00e9l. Muchos formatos de fuente est\u00e1n disponibles justo al lado del grupo de estilos de forma desde donde puede seleccionar el estilo de fuente. <\/p>\n<div class=\"wp-block-image\">\n<figure class=\"aligncenter size-full is-resized\"><img loading=\"lazy\" decoding=\"async\" class=\"wp-image-72892\" src=\"https:\/\/exceladvisor.org\/wp-content\/uploads\/2023\/08\/20-options-de-styles-de-police-de-surbrillance.png\" sizes=\"auto, \" srcset=\"\" alt=\"opciones de estilos de fuente resaltadas\" width=\"545\" height=\"344\"><\/figure>\n<\/div>\n<p> Aqu\u00ed, en la opci\u00f3n \u201c <strong>Relleno de texto<\/strong> \u201d, puedes cambiar el color del texto seleccion\u00e1ndolo. <\/p>\n<div class=\"wp-block-image\">\n<figure class=\"aligncenter size-full is-resized\"><img loading=\"lazy\" decoding=\"async\" class=\"wp-image-73160\" src=\"https:\/\/exceladvisor.org\/wp-content\/uploads\/2023\/08\/21-changer-la-couleur-de-la-police-1.png\" sizes=\"auto, \" srcset=\"\" alt=\"cambiar color de fuente\" width=\"559\" height=\"517\"><\/figure>\n<\/div>\n<p> Contorno de texto y efectos de texto lo ayudan a editar texto agregando bordes y efectos. <\/p>\n<div class=\"wp-block-image\">\n<figure class=\"aligncenter size-full is-resized\"><img loading=\"lazy\" decoding=\"async\" class=\"wp-image-72894\" src=\"https:\/\/exceladvisor.org\/wp-content\/uploads\/2023\/08\/22-contours-de-texte-et-ajouter-des-effets.png\" sizes=\"auto, \" srcset=\"\" alt=\"esquema-de-texto-y-agregar-efectos\" width=\"621\" height=\"485\"><\/figure>\n<\/div>\n<h3 class=\"wp-block-heading\"> Girar el cuadro de texto<\/h3>\n<p> La opci\u00f3n de rotar est\u00e1 en el grupo \u00abOrganizar\u00bb. Simplemente haga clic en el men\u00fa desplegable y obtendr\u00e1 las subopciones de rotar el cuadro de texto 90 grados hacia la izquierda y hacia la derecha. Adem\u00e1s, puedes girarlo horizontal o verticalmente. <\/p>\n<div class=\"wp-block-image\">\n<figure class=\"aligncenter size-full is-resized\"><img loading=\"lazy\" decoding=\"async\" class=\"wp-image-72895\" src=\"https:\/\/exceladvisor.org\/wp-content\/uploads\/2023\/08\/23-faire-pivoter-la-zone-de-texte.png\" sizes=\"auto, \" srcset=\"\" alt=\"rotar cuadro de texto\" width=\"508\" height=\"388\"><\/figure>\n<\/div>\n<h3 class=\"wp-block-heading\"> Cambiar el tama\u00f1o del cuadro de texto<\/h3>\n<p> Es muy f\u00e1cil cambiar el alto y el ancho del cuadro de texto. Puedes hacer esto de dos maneras diferentes:<\/p>\n<ul>\n<li> En primer lugar, una vez que seleccione el cuadro de texto, obtendr\u00e1 peque\u00f1os c\u00edrculos y al extender estos c\u00edrculos podr\u00e1 ajustar su tama\u00f1o como desee. <\/li>\n<\/ul>\n<div class=\"wp-block-image\">\n<figure class=\"aligncenter size-full is-resized\"><img loading=\"lazy\" decoding=\"async\" class=\"wp-image-72897\" src=\"https:\/\/exceladvisor.org\/wp-content\/uploads\/2023\/08\/24-redimensionner-la-zone-de-texte-a-travers-de-petits-cercles.png\" sizes=\"auto, \" srcset=\"\" alt=\"cambiar el tama\u00f1o del \u00e1rea de texto por c\u00edrculos peque\u00f1os\" width=\"384\" height=\"230\"><\/figure>\n<\/div>\n<ul>\n<li> El segundo m\u00e9todo consiste en utilizar el grupo de tama\u00f1os que se encuentra en la esquina superior derecha de la cinta. <\/li>\n<\/ul>\n<div class=\"wp-block-image\">\n<figure class=\"aligncenter size-full is-resized\"><img loading=\"lazy\" decoding=\"async\" class=\"wp-image-72896\" src=\"https:\/\/exceladvisor.org\/wp-content\/uploads\/2023\/08\/25-changer-la-hauteur-de-la-largeur-par-loption-de-taille.png\" sizes=\"auto, \" srcset=\"\" alt=\"opci\u00f3n de cambiar ancho-alto-por-tama\u00f1o\" width=\"434\" height=\"408\"><\/figure>\n<\/div>\n<div class=\"gb-container gb-container-4db6181c gb-container-mt\"> <a class=\"gb-button gb-button-c5897111 gb-button-text gb-button-mt-button\" href=\"https:\/\/exceladvisor.org\/es\/conceptos-basicos-de-excel\/\">Conceptos b\u00e1sicos de Microsoft Excel (componentes, piezas y notas de conocimiento)<\/a><\/p>\n<h2 class=\"gb-headline gb-headline-665e5f6b gb-headline-text gb-headline-mt-heading\"> Tutoriales relacionados <\/h2>\n<div class=\"gb-grid-wrapper gb-grid-wrapper-a20baf7c gb-grid-wrapper-mt-grid\">\n<div class=\"gb-grid-column gb-grid-column-65ddf67e\">\n<div class=\"gb-container gb-container-65ddf67e\">\n<ul>\n<li> <a href=\"https:\/\/exceladvisor.org\/es\/justificar-completamente\/\">Llenar justificar en Excel<\/a><\/li>\n<li> <a href=\"https:\/\/exceladvisor.org\/es\/barra-de-formulas-de-excel\/\">Barra de f\u00f3rmulas en Excel<\/a><\/li>\n<li> <a href=\"https:\/\/exceladvisor.org\/es\/agregar-un-encabezado-de-pie-de-pagina\/\">Agregar un encabezado y pie de p\u00e1gina en Excel<\/a><\/li>\n<li> <a href=\"https:\/\/exceladvisor.org\/es\/gobernante\/\">Mostrar regla en Excel<\/a><\/li>\n<li> <a href=\"https:\/\/exceladvisor.org\/es\/mango-de-llenado\/\">Controlador de relleno en Excel<\/a> <\/li>\n<\/ul>\n<\/div>\n<\/div>\n<div class=\"gb-grid-column gb-grid-column-50067b57\">\n<div class=\"gb-container gb-container-50067b57\"><\/div>\n<\/div>\n<\/div>\n<\/div>\n","protected":false},"excerpt":{"rendered":"<p>Al insertar un cuadro de texto en Excel, puede agregarle texto y moverlo a cualquier lugar de la hoja de c\u00e1lculo. Tambi\u00e9n puedes personalizarlo cambiando el estilo de fuente, el contorno, el color, etc. En este tutorial, aprender\u00e1 todos los m\u00e9todos para insertarlo, as\u00ed como las propiedades y opciones que lo acompa\u00f1an. Empecemos. Pasos para [&hellip;]<\/p>\n","protected":false},"author":1,"featured_media":0,"parent":0,"menu_order":0,"comment_status":"open","ping_status":"closed","template":"","meta":{"ub_ctt_via":"","footnotes":""},"class_list":["post-148","page","type-page","status-publish","hentry"],"featured_image_src":null,"yoast_head":"<!-- This site is optimized with the Yoast SEO plugin v25.4 - https:\/\/yoast.com\/wordpress\/plugins\/seo\/ -->\n<title>\u00bfc\u00f3mo insertar un cuadro de texto en excel?<\/title>\n<meta name=\"robots\" content=\"index, follow, max-snippet:-1, max-image-preview:large, max-video-preview:-1\" \/>\n<link rel=\"canonical\" href=\"https:\/\/exceladvisor.org\/es\/zona-de-texto\/\" \/>\n<meta property=\"og:locale\" content=\"es_ES\" \/>\n<meta property=\"og:type\" content=\"article\" \/>\n<meta property=\"og:title\" content=\"\u00bfc\u00f3mo insertar un cuadro de texto en excel?\" \/>\n<meta property=\"og:description\" content=\"Al insertar un cuadro de texto en Excel, puede agregarle texto y moverlo a cualquier lugar de la hoja de c\u00e1lculo. Tambi\u00e9n puedes personalizarlo cambiando el estilo de fuente, el contorno, el color, etc. En este tutorial, aprender\u00e1 todos los m\u00e9todos para insertarlo, as\u00ed como las propiedades y opciones que lo acompa\u00f1an. Empecemos. Pasos para [&hellip;]\" \/>\n<meta property=\"og:url\" content=\"https:\/\/exceladvisor.org\/es\/zona-de-texto\/\" \/>\n<meta property=\"og:site_name\" content=\"Excel Advisor\" \/>\n<meta property=\"article:modified_time\" content=\"2023-12-25T10:25:51+00:00\" \/>\n<meta property=\"og:image\" content=\"https:\/\/exceladvisor.org\/wp-content\/uploads\/2023\/08\/1-zone-de-texte-dinsertion-de-texte.png\" \/>\n<meta name=\"twitter:card\" content=\"summary_large_image\" \/>\n<meta name=\"twitter:label1\" content=\"Tiempo de lectura\" \/>\n\t<meta name=\"twitter:data1\" content=\"4 minutos\" \/>\n<script type=\"application\/ld+json\" class=\"yoast-schema-graph\">{\"@context\":\"https:\/\/schema.org\",\"@graph\":[{\"@type\":\"WebPage\",\"@id\":\"https:\/\/exceladvisor.org\/es\/zona-de-texto\/\",\"url\":\"https:\/\/exceladvisor.org\/es\/zona-de-texto\/\",\"name\":\"\u00bfc\u00f3mo insertar un cuadro de texto en excel?\",\"isPartOf\":{\"@id\":\"https:\/\/exceladvisor.org\/es\/#website\"},\"primaryImageOfPage\":{\"@id\":\"https:\/\/exceladvisor.org\/es\/zona-de-texto\/#primaryimage\"},\"image\":{\"@id\":\"https:\/\/exceladvisor.org\/es\/zona-de-texto\/#primaryimage\"},\"thumbnailUrl\":\"https:\/\/exceladvisor.org\/wp-content\/uploads\/2023\/08\/1-zone-de-texte-dinsertion-de-texte.png\",\"datePublished\":\"2023-11-15T07:48:42+00:00\",\"dateModified\":\"2023-12-25T10:25:51+00:00\",\"breadcrumb\":{\"@id\":\"https:\/\/exceladvisor.org\/es\/zona-de-texto\/#breadcrumb\"},\"inLanguage\":\"es\",\"potentialAction\":[{\"@type\":\"ReadAction\",\"target\":[\"https:\/\/exceladvisor.org\/es\/zona-de-texto\/\"]}]},{\"@type\":\"ImageObject\",\"inLanguage\":\"es\",\"@id\":\"https:\/\/exceladvisor.org\/es\/zona-de-texto\/#primaryimage\",\"url\":\"https:\/\/exceladvisor.org\/wp-content\/uploads\/2023\/08\/1-zone-de-texte-dinsertion-de-texte.png\",\"contentUrl\":\"https:\/\/exceladvisor.org\/wp-content\/uploads\/2023\/08\/1-zone-de-texte-dinsertion-de-texte.png\"},{\"@type\":\"BreadcrumbList\",\"@id\":\"https:\/\/exceladvisor.org\/es\/zona-de-texto\/#breadcrumb\",\"itemListElement\":[{\"@type\":\"ListItem\",\"position\":1,\"name\":\"Hogar\",\"item\":\"https:\/\/exceladvisor.org\/es\/\"},{\"@type\":\"ListItem\",\"position\":2,\"name\":\"\u00bfc\u00f3mo insertar un cuadro de texto en excel?\"}]},{\"@type\":\"WebSite\",\"@id\":\"https:\/\/exceladvisor.org\/es\/#website\",\"url\":\"https:\/\/exceladvisor.org\/es\/\",\"name\":\"Excel Advisor\",\"description\":\"Su gu\u00eda para la dominaci\u00f3n de datos!\",\"publisher\":{\"@id\":\"https:\/\/exceladvisor.org\/es\/#organization\"},\"potentialAction\":[{\"@type\":\"SearchAction\",\"target\":{\"@type\":\"EntryPoint\",\"urlTemplate\":\"https:\/\/exceladvisor.org\/es\/?s={search_term_string}\"},\"query-input\":{\"@type\":\"PropertyValueSpecification\",\"valueRequired\":true,\"valueName\":\"search_term_string\"}}],\"inLanguage\":\"es\"},{\"@type\":\"Organization\",\"@id\":\"https:\/\/exceladvisor.org\/es\/#organization\",\"name\":\"Excel Advisor\",\"url\":\"https:\/\/exceladvisor.org\/es\/\",\"logo\":{\"@type\":\"ImageObject\",\"inLanguage\":\"es\",\"@id\":\"https:\/\/exceladvisor.org\/es\/#\/schema\/logo\/image\/\",\"url\":\"https:\/\/exceladvisor.org\/es\/wp-content\/uploads\/2023\/12\/exceladvisor.org_.png\",\"contentUrl\":\"https:\/\/exceladvisor.org\/es\/wp-content\/uploads\/2023\/12\/exceladvisor.org_.png\",\"width\":105,\"height\":36,\"caption\":\"Excel Advisor\"},\"image\":{\"@id\":\"https:\/\/exceladvisor.org\/es\/#\/schema\/logo\/image\/\"}}]}<\/script>\n<!-- \/ Yoast SEO plugin. -->","yoast_head_json":{"title":"\u00bfc\u00f3mo insertar un cuadro de texto en excel?","robots":{"index":"index","follow":"follow","max-snippet":"max-snippet:-1","max-image-preview":"max-image-preview:large","max-video-preview":"max-video-preview:-1"},"canonical":"https:\/\/exceladvisor.org\/es\/zona-de-texto\/","og_locale":"es_ES","og_type":"article","og_title":"\u00bfc\u00f3mo insertar un cuadro de texto en excel?","og_description":"Al insertar un cuadro de texto en Excel, puede agregarle texto y moverlo a cualquier lugar de la hoja de c\u00e1lculo. Tambi\u00e9n puedes personalizarlo cambiando el estilo de fuente, el contorno, el color, etc. En este tutorial, aprender\u00e1 todos los m\u00e9todos para insertarlo, as\u00ed como las propiedades y opciones que lo acompa\u00f1an. Empecemos. Pasos para [&hellip;]","og_url":"https:\/\/exceladvisor.org\/es\/zona-de-texto\/","og_site_name":"Excel Advisor","article_modified_time":"2023-12-25T10:25:51+00:00","og_image":[{"url":"https:\/\/exceladvisor.org\/wp-content\/uploads\/2023\/08\/1-zone-de-texte-dinsertion-de-texte.png","type":"","width":"","height":""}],"twitter_card":"summary_large_image","twitter_misc":{"Tiempo de lectura":"4 minutos"},"schema":{"@context":"https:\/\/schema.org","@graph":[{"@type":"WebPage","@id":"https:\/\/exceladvisor.org\/es\/zona-de-texto\/","url":"https:\/\/exceladvisor.org\/es\/zona-de-texto\/","name":"\u00bfc\u00f3mo insertar un cuadro de texto en excel?","isPartOf":{"@id":"https:\/\/exceladvisor.org\/es\/#website"},"primaryImageOfPage":{"@id":"https:\/\/exceladvisor.org\/es\/zona-de-texto\/#primaryimage"},"image":{"@id":"https:\/\/exceladvisor.org\/es\/zona-de-texto\/#primaryimage"},"thumbnailUrl":"https:\/\/exceladvisor.org\/wp-content\/uploads\/2023\/08\/1-zone-de-texte-dinsertion-de-texte.png","datePublished":"2023-11-15T07:48:42+00:00","dateModified":"2023-12-25T10:25:51+00:00","breadcrumb":{"@id":"https:\/\/exceladvisor.org\/es\/zona-de-texto\/#breadcrumb"},"inLanguage":"es","potentialAction":[{"@type":"ReadAction","target":["https:\/\/exceladvisor.org\/es\/zona-de-texto\/"]}]},{"@type":"ImageObject","inLanguage":"es","@id":"https:\/\/exceladvisor.org\/es\/zona-de-texto\/#primaryimage","url":"https:\/\/exceladvisor.org\/wp-content\/uploads\/2023\/08\/1-zone-de-texte-dinsertion-de-texte.png","contentUrl":"https:\/\/exceladvisor.org\/wp-content\/uploads\/2023\/08\/1-zone-de-texte-dinsertion-de-texte.png"},{"@type":"BreadcrumbList","@id":"https:\/\/exceladvisor.org\/es\/zona-de-texto\/#breadcrumb","itemListElement":[{"@type":"ListItem","position":1,"name":"Hogar","item":"https:\/\/exceladvisor.org\/es\/"},{"@type":"ListItem","position":2,"name":"\u00bfc\u00f3mo insertar un cuadro de texto en excel?"}]},{"@type":"WebSite","@id":"https:\/\/exceladvisor.org\/es\/#website","url":"https:\/\/exceladvisor.org\/es\/","name":"Excel Advisor","description":"Su gu\u00eda para la dominaci\u00f3n de datos!","publisher":{"@id":"https:\/\/exceladvisor.org\/es\/#organization"},"potentialAction":[{"@type":"SearchAction","target":{"@type":"EntryPoint","urlTemplate":"https:\/\/exceladvisor.org\/es\/?s={search_term_string}"},"query-input":{"@type":"PropertyValueSpecification","valueRequired":true,"valueName":"search_term_string"}}],"inLanguage":"es"},{"@type":"Organization","@id":"https:\/\/exceladvisor.org\/es\/#organization","name":"Excel Advisor","url":"https:\/\/exceladvisor.org\/es\/","logo":{"@type":"ImageObject","inLanguage":"es","@id":"https:\/\/exceladvisor.org\/es\/#\/schema\/logo\/image\/","url":"https:\/\/exceladvisor.org\/es\/wp-content\/uploads\/2023\/12\/exceladvisor.org_.png","contentUrl":"https:\/\/exceladvisor.org\/es\/wp-content\/uploads\/2023\/12\/exceladvisor.org_.png","width":105,"height":36,"caption":"Excel Advisor"},"image":{"@id":"https:\/\/exceladvisor.org\/es\/#\/schema\/logo\/image\/"}}]}},"yoast_meta":{"yoast_wpseo_title":"","yoast_wpseo_metadesc":"","yoast_wpseo_canonical":""},"_links":{"self":[{"href":"https:\/\/exceladvisor.org\/es\/wp-json\/wp\/v2\/pages\/148","targetHints":{"allow":["GET"]}}],"collection":[{"href":"https:\/\/exceladvisor.org\/es\/wp-json\/wp\/v2\/pages"}],"about":[{"href":"https:\/\/exceladvisor.org\/es\/wp-json\/wp\/v2\/types\/page"}],"author":[{"embeddable":true,"href":"https:\/\/exceladvisor.org\/es\/wp-json\/wp\/v2\/users\/1"}],"replies":[{"embeddable":true,"href":"https:\/\/exceladvisor.org\/es\/wp-json\/wp\/v2\/comments?post=148"}],"version-history":[{"count":1,"href":"https:\/\/exceladvisor.org\/es\/wp-json\/wp\/v2\/pages\/148\/revisions"}],"predecessor-version":[{"id":1104,"href":"https:\/\/exceladvisor.org\/es\/wp-json\/wp\/v2\/pages\/148\/revisions\/1104"}],"wp:attachment":[{"href":"https:\/\/exceladvisor.org\/es\/wp-json\/wp\/v2\/media?parent=148"}],"curies":[{"name":"wp","href":"https:\/\/api.w.org\/{rel}","templated":true}]}}