{"id":149,"date":"2023-11-15T07:23:20","date_gmt":"2023-11-15T07:23:20","guid":{"rendered":"https:\/\/exceladvisor.org\/es\/mover-la-mesa-dinamica\/"},"modified":"2023-12-25T10:26:13","modified_gmt":"2023-12-25T10:26:13","slug":"mover-la-mesa-dinamica","status":"publish","type":"page","link":"https:\/\/exceladvisor.org\/es\/mover-la-mesa-dinamica\/","title":{"rendered":"\u00bfc\u00f3mo mover una tabla din\u00e1mica en excel?"},"content":{"rendered":"<div class=\"excel-antes-del-contenido\" id=\"excel-1245008504\"><script type=\"text\/javascript\">\r\n\tatOptions = {\r\n\t\t'key' : 'c1158f160081d6540a8409e6925dab94',\r\n\t\t'format' : 'iframe',\r\n\t\t'height' : 250,\r\n\t\t'width' : 300,\r\n\t\t'params' : {}\r\n\t};\r\n<\/script>\r\n<script type=\"text\/javascript\" src=\"\/\/www.highperformanceformat.com\/c1158f160081d6540a8409e6925dab94\/invoke.js\"><\/script><\/div><p>Puede mover todo el conjunto de pivote a otra celda u hoja de trabajo.<\/p>\n<ol>\n<li> Una vez que haya creado una tabla din\u00e1mica, haga clic en cualquier lugar de la tabla din\u00e1mica para activar la pesta\u00f1a Analizar. <br \/><img loading=\"lazy\" decoding=\"async\" title=\"1-pesta\u00f1a-suban\u00e1lisis-hacer clic-mover-pivotable\" src=\"https:\/\/exceladvisor.org\/wp-content\/uploads\/2023\/08\/1-sous-longlet-analyser-cliquez-sur-deplacer-le-tableau-croise-dynamique.png\" sizes=\"auto, \" srcset=\"\" alt=\"under-analyze-tab-click-move-pivot-table\" width=\"886\" height=\"142\"><\/li>\n<li> Aqu\u00ed busque la opci\u00f3n \u00abMover tabla din\u00e1mica\u00bb en Acciones en la cinta.<\/li>\n<li> Ahora haga clic en mover tabla din\u00e1mica y aparecer\u00e1 un cuadro de di\u00e1logo. <br \/><img loading=\"lazy\" decoding=\"async\" title=\"Cuadro de di\u00e1logo de tabla din\u00e1mica de 2 movimientos\" src=\"https:\/\/exceladvisor.org\/wp-content\/uploads\/2023\/08\/2-boite-de-dialogue-de-deplacement-du-tableau-croise-dynamique.png\" sizes=\"auto, \" srcset=\"\" alt=\"move-pivot-table-dialogue-box\" width=\"421\" height=\"180\"><\/li>\n<li> Despu\u00e9s de eso tendr\u00e1s dos opciones.\n<ol>\n<li> <strong>Nueva hoja de trabajo<\/strong> : seleccione esta opci\u00f3n si desea mover su pivote a una nueva hoja de trabajo. Excel crear\u00e1 autom\u00e1ticamente una nueva hoja de trabajo y mover\u00e1 el pivote.<\/li>\n<li> <strong>Hoja de trabajo existente<\/strong> : esta opci\u00f3n le ayudar\u00e1 a mover el pivote a las hojas de trabajo disponibles actualmente en el libro de trabajo. Una vez que haya seleccionado esta opci\u00f3n, todo lo que necesita hacer es seleccionar la celda donde necesita su tabla din\u00e1mica. <br \/><img loading=\"lazy\" decoding=\"async\" title=\"3-mover-nueva-hoja-de-trabajo-existente\" src=\"https:\/\/exceladvisor.org\/wp-content\/uploads\/2023\/08\/3-deplacer-une-nouvelle-feuille-de-calcul-feuille-de-calcul-existante.png\" sizes=\"auto, \" srcset=\"\" alt=\"move-new-worksheet-existing-worksheet\" width=\"419\" height=\"179\"><\/li>\n<\/ol>\n<\/li>\n<\/ol>\n<p> Eso es todo, ahora la tabla din\u00e1mica se mueve a su nuevo lugar. <\/p>\n<div class=\"wp-block-group main-page-bottom is-layout-flow\">\n<div class=\"wp-block-group__inner-container\">\n<h2 class=\"wp-block-heading\"> Obtenga m\u00e1s informaci\u00f3n sobre las tablas din\u00e1micas<\/h2>\n<ul>\n<li> <a href=\"https:\/\/exceladvisor.org\/es\/eliminar-tabla-dinamica\/\">Eliminar una tabla din\u00e1mica en Excel<\/a><\/li>\n<li> <a href=\"https:\/\/exceladvisor.org\/es\/atajos-de-teclado-1\/\">Atajos de teclado de tabla din\u00e1mica<\/a><\/li>\n<li> <a href=\"https:\/\/exceladvisor.org\/es\/pivotar-desde-multiples-hojas-de-trabajo\/\" data-wpil=\"url\">Tabla din\u00e1mica de varias hojas de trabajo<\/a><\/li>\n<li> <a href=\"https:\/\/exceladvisor.org\/es\/mesa-pivote-2\/\" data-wpil=\"url\">Tabla din\u00e1mica en Excel<\/a><\/li>\n<\/ul>\n<p> \u21e0 Volver al tutorial de tabla din\u00e1mica<\/p>\n<\/div>\n<\/div>\n","protected":false},"excerpt":{"rendered":"<p>Puede mover todo el conjunto de pivote a otra celda u hoja de trabajo. Una vez que haya creado una tabla din\u00e1mica, haga clic en cualquier lugar de la tabla din\u00e1mica para activar la pesta\u00f1a Analizar. Aqu\u00ed busque la opci\u00f3n \u00abMover tabla din\u00e1mica\u00bb en Acciones en la cinta. Ahora haga clic en mover tabla din\u00e1mica [&hellip;]<\/p>\n","protected":false},"author":1,"featured_media":0,"parent":0,"menu_order":0,"comment_status":"open","ping_status":"closed","template":"","meta":{"ub_ctt_via":"","footnotes":""},"class_list":["post-149","page","type-page","status-publish","hentry"],"featured_image_src":null,"yoast_head":"<!-- This site is optimized with the Yoast SEO plugin v25.4 - https:\/\/yoast.com\/wordpress\/plugins\/seo\/ -->\n<title>\u00bfc\u00f3mo mover una tabla din\u00e1mica en excel?<\/title>\n<meta name=\"robots\" content=\"index, follow, max-snippet:-1, max-image-preview:large, max-video-preview:-1\" \/>\n<link rel=\"canonical\" href=\"https:\/\/exceladvisor.org\/es\/mover-la-mesa-dinamica\/\" \/>\n<meta property=\"og:locale\" content=\"es_ES\" \/>\n<meta property=\"og:type\" content=\"article\" \/>\n<meta property=\"og:title\" content=\"\u00bfc\u00f3mo mover una tabla din\u00e1mica en excel?\" \/>\n<meta property=\"og:description\" content=\"Puede mover todo el conjunto de pivote a otra celda u hoja de trabajo. Una vez que haya creado una tabla din\u00e1mica, haga clic en cualquier lugar de la tabla din\u00e1mica para activar la pesta\u00f1a Analizar. Aqu\u00ed busque la opci\u00f3n \u00abMover tabla din\u00e1mica\u00bb en Acciones en la cinta. Ahora haga clic en mover tabla din\u00e1mica [&hellip;]\" \/>\n<meta property=\"og:url\" content=\"https:\/\/exceladvisor.org\/es\/mover-la-mesa-dinamica\/\" \/>\n<meta property=\"og:site_name\" content=\"Excel Advisor\" \/>\n<meta property=\"article:modified_time\" content=\"2023-12-25T10:26:13+00:00\" \/>\n<meta property=\"og:image\" content=\"https:\/\/exceladvisor.org\/wp-content\/uploads\/2023\/08\/1-sous-longlet-analyser-cliquez-sur-deplacer-le-tableau-croise-dynamique.png\" \/>\n<meta name=\"twitter:card\" content=\"summary_large_image\" \/>\n<meta name=\"twitter:label1\" content=\"Tiempo de lectura\" \/>\n\t<meta name=\"twitter:data1\" content=\"1 minuto\" \/>\n<script type=\"application\/ld+json\" class=\"yoast-schema-graph\">{\"@context\":\"https:\/\/schema.org\",\"@graph\":[{\"@type\":\"WebPage\",\"@id\":\"https:\/\/exceladvisor.org\/es\/mover-la-mesa-dinamica\/\",\"url\":\"https:\/\/exceladvisor.org\/es\/mover-la-mesa-dinamica\/\",\"name\":\"\u00bfc\u00f3mo mover una tabla din\u00e1mica en excel?\",\"isPartOf\":{\"@id\":\"https:\/\/exceladvisor.org\/es\/#website\"},\"primaryImageOfPage\":{\"@id\":\"https:\/\/exceladvisor.org\/es\/mover-la-mesa-dinamica\/#primaryimage\"},\"image\":{\"@id\":\"https:\/\/exceladvisor.org\/es\/mover-la-mesa-dinamica\/#primaryimage\"},\"thumbnailUrl\":\"https:\/\/exceladvisor.org\/wp-content\/uploads\/2023\/08\/1-sous-longlet-analyser-cliquez-sur-deplacer-le-tableau-croise-dynamique.png\",\"datePublished\":\"2023-11-15T07:23:20+00:00\",\"dateModified\":\"2023-12-25T10:26:13+00:00\",\"breadcrumb\":{\"@id\":\"https:\/\/exceladvisor.org\/es\/mover-la-mesa-dinamica\/#breadcrumb\"},\"inLanguage\":\"es\",\"potentialAction\":[{\"@type\":\"ReadAction\",\"target\":[\"https:\/\/exceladvisor.org\/es\/mover-la-mesa-dinamica\/\"]}]},{\"@type\":\"ImageObject\",\"inLanguage\":\"es\",\"@id\":\"https:\/\/exceladvisor.org\/es\/mover-la-mesa-dinamica\/#primaryimage\",\"url\":\"https:\/\/exceladvisor.org\/wp-content\/uploads\/2023\/08\/1-sous-longlet-analyser-cliquez-sur-deplacer-le-tableau-croise-dynamique.png\",\"contentUrl\":\"https:\/\/exceladvisor.org\/wp-content\/uploads\/2023\/08\/1-sous-longlet-analyser-cliquez-sur-deplacer-le-tableau-croise-dynamique.png\"},{\"@type\":\"BreadcrumbList\",\"@id\":\"https:\/\/exceladvisor.org\/es\/mover-la-mesa-dinamica\/#breadcrumb\",\"itemListElement\":[{\"@type\":\"ListItem\",\"position\":1,\"name\":\"Hogar\",\"item\":\"https:\/\/exceladvisor.org\/es\/\"},{\"@type\":\"ListItem\",\"position\":2,\"name\":\"\u00bfc\u00f3mo mover una tabla din\u00e1mica en excel?\"}]},{\"@type\":\"WebSite\",\"@id\":\"https:\/\/exceladvisor.org\/es\/#website\",\"url\":\"https:\/\/exceladvisor.org\/es\/\",\"name\":\"Excel Advisor\",\"description\":\"Su gu\u00eda para la dominaci\u00f3n de datos!\",\"publisher\":{\"@id\":\"https:\/\/exceladvisor.org\/es\/#organization\"},\"potentialAction\":[{\"@type\":\"SearchAction\",\"target\":{\"@type\":\"EntryPoint\",\"urlTemplate\":\"https:\/\/exceladvisor.org\/es\/?s={search_term_string}\"},\"query-input\":{\"@type\":\"PropertyValueSpecification\",\"valueRequired\":true,\"valueName\":\"search_term_string\"}}],\"inLanguage\":\"es\"},{\"@type\":\"Organization\",\"@id\":\"https:\/\/exceladvisor.org\/es\/#organization\",\"name\":\"Excel Advisor\",\"url\":\"https:\/\/exceladvisor.org\/es\/\",\"logo\":{\"@type\":\"ImageObject\",\"inLanguage\":\"es\",\"@id\":\"https:\/\/exceladvisor.org\/es\/#\/schema\/logo\/image\/\",\"url\":\"https:\/\/exceladvisor.org\/es\/wp-content\/uploads\/2023\/12\/exceladvisor.org_.png\",\"contentUrl\":\"https:\/\/exceladvisor.org\/es\/wp-content\/uploads\/2023\/12\/exceladvisor.org_.png\",\"width\":105,\"height\":36,\"caption\":\"Excel Advisor\"},\"image\":{\"@id\":\"https:\/\/exceladvisor.org\/es\/#\/schema\/logo\/image\/\"}}]}<\/script>\n<!-- \/ Yoast SEO plugin. -->","yoast_head_json":{"title":"\u00bfc\u00f3mo mover una tabla din\u00e1mica en excel?","robots":{"index":"index","follow":"follow","max-snippet":"max-snippet:-1","max-image-preview":"max-image-preview:large","max-video-preview":"max-video-preview:-1"},"canonical":"https:\/\/exceladvisor.org\/es\/mover-la-mesa-dinamica\/","og_locale":"es_ES","og_type":"article","og_title":"\u00bfc\u00f3mo mover una tabla din\u00e1mica en excel?","og_description":"Puede mover todo el conjunto de pivote a otra celda u hoja de trabajo. Una vez que haya creado una tabla din\u00e1mica, haga clic en cualquier lugar de la tabla din\u00e1mica para activar la pesta\u00f1a Analizar. Aqu\u00ed busque la opci\u00f3n \u00abMover tabla din\u00e1mica\u00bb en Acciones en la cinta. Ahora haga clic en mover tabla din\u00e1mica [&hellip;]","og_url":"https:\/\/exceladvisor.org\/es\/mover-la-mesa-dinamica\/","og_site_name":"Excel Advisor","article_modified_time":"2023-12-25T10:26:13+00:00","og_image":[{"url":"https:\/\/exceladvisor.org\/wp-content\/uploads\/2023\/08\/1-sous-longlet-analyser-cliquez-sur-deplacer-le-tableau-croise-dynamique.png","type":"","width":"","height":""}],"twitter_card":"summary_large_image","twitter_misc":{"Tiempo de lectura":"1 minuto"},"schema":{"@context":"https:\/\/schema.org","@graph":[{"@type":"WebPage","@id":"https:\/\/exceladvisor.org\/es\/mover-la-mesa-dinamica\/","url":"https:\/\/exceladvisor.org\/es\/mover-la-mesa-dinamica\/","name":"\u00bfc\u00f3mo mover una tabla din\u00e1mica en excel?","isPartOf":{"@id":"https:\/\/exceladvisor.org\/es\/#website"},"primaryImageOfPage":{"@id":"https:\/\/exceladvisor.org\/es\/mover-la-mesa-dinamica\/#primaryimage"},"image":{"@id":"https:\/\/exceladvisor.org\/es\/mover-la-mesa-dinamica\/#primaryimage"},"thumbnailUrl":"https:\/\/exceladvisor.org\/wp-content\/uploads\/2023\/08\/1-sous-longlet-analyser-cliquez-sur-deplacer-le-tableau-croise-dynamique.png","datePublished":"2023-11-15T07:23:20+00:00","dateModified":"2023-12-25T10:26:13+00:00","breadcrumb":{"@id":"https:\/\/exceladvisor.org\/es\/mover-la-mesa-dinamica\/#breadcrumb"},"inLanguage":"es","potentialAction":[{"@type":"ReadAction","target":["https:\/\/exceladvisor.org\/es\/mover-la-mesa-dinamica\/"]}]},{"@type":"ImageObject","inLanguage":"es","@id":"https:\/\/exceladvisor.org\/es\/mover-la-mesa-dinamica\/#primaryimage","url":"https:\/\/exceladvisor.org\/wp-content\/uploads\/2023\/08\/1-sous-longlet-analyser-cliquez-sur-deplacer-le-tableau-croise-dynamique.png","contentUrl":"https:\/\/exceladvisor.org\/wp-content\/uploads\/2023\/08\/1-sous-longlet-analyser-cliquez-sur-deplacer-le-tableau-croise-dynamique.png"},{"@type":"BreadcrumbList","@id":"https:\/\/exceladvisor.org\/es\/mover-la-mesa-dinamica\/#breadcrumb","itemListElement":[{"@type":"ListItem","position":1,"name":"Hogar","item":"https:\/\/exceladvisor.org\/es\/"},{"@type":"ListItem","position":2,"name":"\u00bfc\u00f3mo mover una tabla din\u00e1mica en excel?"}]},{"@type":"WebSite","@id":"https:\/\/exceladvisor.org\/es\/#website","url":"https:\/\/exceladvisor.org\/es\/","name":"Excel Advisor","description":"Su gu\u00eda para la dominaci\u00f3n de datos!","publisher":{"@id":"https:\/\/exceladvisor.org\/es\/#organization"},"potentialAction":[{"@type":"SearchAction","target":{"@type":"EntryPoint","urlTemplate":"https:\/\/exceladvisor.org\/es\/?s={search_term_string}"},"query-input":{"@type":"PropertyValueSpecification","valueRequired":true,"valueName":"search_term_string"}}],"inLanguage":"es"},{"@type":"Organization","@id":"https:\/\/exceladvisor.org\/es\/#organization","name":"Excel Advisor","url":"https:\/\/exceladvisor.org\/es\/","logo":{"@type":"ImageObject","inLanguage":"es","@id":"https:\/\/exceladvisor.org\/es\/#\/schema\/logo\/image\/","url":"https:\/\/exceladvisor.org\/es\/wp-content\/uploads\/2023\/12\/exceladvisor.org_.png","contentUrl":"https:\/\/exceladvisor.org\/es\/wp-content\/uploads\/2023\/12\/exceladvisor.org_.png","width":105,"height":36,"caption":"Excel Advisor"},"image":{"@id":"https:\/\/exceladvisor.org\/es\/#\/schema\/logo\/image\/"}}]}},"yoast_meta":{"yoast_wpseo_title":"","yoast_wpseo_metadesc":"","yoast_wpseo_canonical":""},"_links":{"self":[{"href":"https:\/\/exceladvisor.org\/es\/wp-json\/wp\/v2\/pages\/149","targetHints":{"allow":["GET"]}}],"collection":[{"href":"https:\/\/exceladvisor.org\/es\/wp-json\/wp\/v2\/pages"}],"about":[{"href":"https:\/\/exceladvisor.org\/es\/wp-json\/wp\/v2\/types\/page"}],"author":[{"embeddable":true,"href":"https:\/\/exceladvisor.org\/es\/wp-json\/wp\/v2\/users\/1"}],"replies":[{"embeddable":true,"href":"https:\/\/exceladvisor.org\/es\/wp-json\/wp\/v2\/comments?post=149"}],"version-history":[{"count":1,"href":"https:\/\/exceladvisor.org\/es\/wp-json\/wp\/v2\/pages\/149\/revisions"}],"predecessor-version":[{"id":1127,"href":"https:\/\/exceladvisor.org\/es\/wp-json\/wp\/v2\/pages\/149\/revisions\/1127"}],"wp:attachment":[{"href":"https:\/\/exceladvisor.org\/es\/wp-json\/wp\/v2\/media?parent=149"}],"curies":[{"name":"wp","href":"https:\/\/api.w.org\/{rel}","templated":true}]}}