{"id":150,"date":"2023-11-15T06:29:39","date_gmt":"2023-11-15T06:29:39","guid":{"rendered":"https:\/\/exceladvisor.org\/es\/eliminar-tabla-dinamica\/"},"modified":"2023-12-25T10:25:07","modified_gmt":"2023-12-25T10:25:07","slug":"eliminar-tabla-dinamica","status":"publish","type":"page","link":"https:\/\/exceladvisor.org\/es\/eliminar-tabla-dinamica\/","title":{"rendered":"\u00bfc\u00f3mo eliminar una tabla din\u00e1mica en excel?"},"content":{"rendered":"<div class=\"excel-antes-del-contenido\" id=\"excel-1143256778\"><script type=\"text\/javascript\">\r\n\tatOptions = {\r\n\t\t'key' : 'c1158f160081d6540a8409e6925dab94',\r\n\t\t'format' : 'iframe',\r\n\t\t'height' : 250,\r\n\t\t'width' : 300,\r\n\t\t'params' : {}\r\n\t};\r\n<\/script>\r\n<script type=\"text\/javascript\" src=\"\/\/www.highperformanceformat.com\/c1158f160081d6540a8409e6925dab94\/invoke.js\"><\/script><\/div><h2 class=\"wp-block-heading\">Pasos para eliminar una tabla din\u00e1mica en Excel<\/h2>\n<p> Utilice los siguientes pasos para eliminar una tabla din\u00e1mica.<\/p>\n<ol>\n<li> Primero, haga clic en cualquier lugar de la tabla din\u00e1mica que desee eliminar y habilite la pesta\u00f1a de an\u00e1lisis. <br \/><img loading=\"lazy\" decoding=\"async\" title=\"1-habilitar-pesta\u00f1a-an\u00e1lisis\" src=\"https:\/\/exceladvisor.org\/wp-content\/uploads\/2023\/08\/1-activer-longlet-analyse.png\" sizes=\"auto, \" srcset=\"\" alt=\"activate-analyze-tab\" width=\"957\" height=\"97\"><\/li>\n<li> Ahora, busque la opci\u00f3n \u00abSeleccionar\u00bb en \u00abAcciones\u00bb. <br \/><img loading=\"lazy\" decoding=\"async\" title=\"2-seleccionar-bajo-acciones\" src=\"https:\/\/exceladvisor.org\/wp-content\/uploads\/2023\/08\/2-selectionnez-sous-actions.png\" sizes=\"auto, \" srcset=\"\" alt=\"select-under-actions\" width=\"947\" height=\"96\"><\/li>\n<li> Despu\u00e9s de eso, haga clic en el peque\u00f1o men\u00fa desplegable para seleccionar \u00abToda la tabla din\u00e1mica\u00bb. <br \/><img loading=\"lazy\" decoding=\"async\" title=\"3-seleccionar-todo-tabla din\u00e1mica\" src=\"https:\/\/exceladvisor.org\/wp-content\/uploads\/2023\/08\/3-selectionner-lintegralite-du-tableau-croise-dynamique.png\" sizes=\"auto, \" srcset=\"\" alt=\"select-entire-pivot-table\" width=\"197\" height=\"170\"><\/li>\n<li> Como resultado, se seleccionar\u00e1 todo su giro.<\/li>\n<li> Al final, presione la tecla Eliminar en la esquina superior derecha de su teclado.<\/li>\n<\/ol>\n<h2 class=\"wp-block-heading\"> Restablecer tabla din\u00e1mica<\/h2>\n<p> Simplemente siga los pasos r\u00e1pidos a continuaci\u00f3n para restablecer todos los campos en una tabla din\u00e1mica.<\/p>\n<ol>\n<li> Primero, haga clic en cualquier lugar de la tabla din\u00e1mica.<\/li>\n<li> Ahora vaya a la pesta\u00f1a Analizar. <br \/><img loading=\"lazy\" decoding=\"async\" title=\"4 pesta\u00f1as para analizar\" src=\"https:\/\/exceladvisor.org\/wp-content\/uploads\/2023\/08\/4-aller-a-longlet-analyser.png\" sizes=\"auto, \" srcset=\"\" alt=\"go-to-analyze-tab\" width=\"257\" height=\"140\"><\/li>\n<li> Aqu\u00ed haga clic en el peque\u00f1o bot\u00f3n al lado de eliminar. <br \/><img loading=\"lazy\" decoding=\"async\" title=\"5-botones-peque\u00f1os-al-lado-para-borrar\" src=\"https:\/\/exceladvisor.org\/wp-content\/uploads\/2023\/08\/5-petit-bouton-a-cote-de-clear.png\" sizes=\"auto, \" srcset=\"\" alt=\"little-button-next-to-clear\" width=\"208\" height=\"153\"><\/li>\n<li> Finalmente, haga clic en \u00abBorrar todo\u00bb. <br \/><img loading=\"lazy\" decoding=\"async\" title=\"6-clic-eliminar-todo\" src=\"https:\/\/exceladvisor.org\/wp-content\/uploads\/2023\/08\/6-cliquez-sur-tout-effacer.png\" sizes=\"auto, \" srcset=\"\" alt=\"click-on-clear-all\" width=\"205\" height=\"151\"><\/li>\n<\/ol>\n<p> Como resultado, obtendr\u00e1 una tabla din\u00e1mica vac\u00eda. Se restablecer\u00e1n todos los valores de filas y columnas. <\/p>\n<div class=\"wp-block-group main-page-bottom is-layout-flow\">\n<div class=\"wp-block-group__inner-container\">\n<h2 class=\"wp-block-heading\"> Obtenga m\u00e1s informaci\u00f3n sobre las tablas din\u00e1micas<\/h2>\n<ul>\n<li> <a href=\"https:\/\/exceladvisor.org\/es\/eliminar-tabla-dinamica\/\">Eliminar una tabla din\u00e1mica en Excel<\/a><\/li>\n<li> <a href=\"https:\/\/exceladvisor.org\/es\/mover-la-mesa-dinamica\/\">Mover una tabla din\u00e1mica<\/a><\/li>\n<li> <a href=\"https:\/\/exceladvisor.org\/es\/atajos-de-teclado-1\/\">Atajos de teclado de tabla din\u00e1mica<\/a><\/li>\n<li> <a href=\"https:\/\/exceladvisor.org\/es\/pivotar-desde-multiples-hojas-de-trabajo\/\" data-wpil=\"url\">Tabla din\u00e1mica de varias hojas de trabajo<\/a><\/li>\n<li> <a href=\"https:\/\/exceladvisor.org\/es\/mesa-pivote-2\/\" data-wpil=\"url\">Tabla din\u00e1mica en Excel<\/a><\/li>\n<\/ul>\n<p> \u21e0 Volver al tutorial de tabla din\u00e1mica<\/p>\n<\/div>\n<\/div>\n","protected":false},"excerpt":{"rendered":"<p>Pasos para eliminar una tabla din\u00e1mica en Excel Utilice los siguientes pasos para eliminar una tabla din\u00e1mica. Primero, haga clic en cualquier lugar de la tabla din\u00e1mica que desee eliminar y habilite la pesta\u00f1a de an\u00e1lisis. Ahora, busque la opci\u00f3n \u00abSeleccionar\u00bb en \u00abAcciones\u00bb. Despu\u00e9s de eso, haga clic en el peque\u00f1o men\u00fa desplegable para seleccionar [&hellip;]<\/p>\n","protected":false},"author":1,"featured_media":0,"parent":0,"menu_order":0,"comment_status":"open","ping_status":"closed","template":"","meta":{"ub_ctt_via":"","footnotes":""},"class_list":["post-150","page","type-page","status-publish","hentry"],"featured_image_src":null,"yoast_head":"<!-- This site is optimized with the Yoast SEO plugin v25.4 - https:\/\/yoast.com\/wordpress\/plugins\/seo\/ -->\n<title>\u00bfc\u00f3mo eliminar una tabla din\u00e1mica en excel?<\/title>\n<meta name=\"robots\" content=\"index, follow, max-snippet:-1, max-image-preview:large, max-video-preview:-1\" \/>\n<link rel=\"canonical\" href=\"https:\/\/exceladvisor.org\/es\/eliminar-tabla-dinamica\/\" \/>\n<meta property=\"og:locale\" content=\"es_ES\" \/>\n<meta property=\"og:type\" content=\"article\" \/>\n<meta property=\"og:title\" content=\"\u00bfc\u00f3mo eliminar una tabla din\u00e1mica en excel?\" \/>\n<meta property=\"og:description\" content=\"Pasos para eliminar una tabla din\u00e1mica en Excel Utilice los siguientes pasos para eliminar una tabla din\u00e1mica. Primero, haga clic en cualquier lugar de la tabla din\u00e1mica que desee eliminar y habilite la pesta\u00f1a de an\u00e1lisis. Ahora, busque la opci\u00f3n \u00abSeleccionar\u00bb en \u00abAcciones\u00bb. Despu\u00e9s de eso, haga clic en el peque\u00f1o men\u00fa desplegable para seleccionar [&hellip;]\" \/>\n<meta property=\"og:url\" content=\"https:\/\/exceladvisor.org\/es\/eliminar-tabla-dinamica\/\" \/>\n<meta property=\"og:site_name\" content=\"Excel Advisor\" \/>\n<meta property=\"article:modified_time\" content=\"2023-12-25T10:25:07+00:00\" \/>\n<meta property=\"og:image\" content=\"https:\/\/exceladvisor.org\/wp-content\/uploads\/2023\/08\/1-activer-longlet-analyse.png\" \/>\n<meta name=\"twitter:card\" content=\"summary_large_image\" \/>\n<meta name=\"twitter:label1\" content=\"Tiempo de lectura\" \/>\n\t<meta name=\"twitter:data1\" content=\"1 minuto\" \/>\n<script type=\"application\/ld+json\" class=\"yoast-schema-graph\">{\"@context\":\"https:\/\/schema.org\",\"@graph\":[{\"@type\":\"WebPage\",\"@id\":\"https:\/\/exceladvisor.org\/es\/eliminar-tabla-dinamica\/\",\"url\":\"https:\/\/exceladvisor.org\/es\/eliminar-tabla-dinamica\/\",\"name\":\"\u00bfc\u00f3mo eliminar una tabla din\u00e1mica en excel?\",\"isPartOf\":{\"@id\":\"https:\/\/exceladvisor.org\/es\/#website\"},\"primaryImageOfPage\":{\"@id\":\"https:\/\/exceladvisor.org\/es\/eliminar-tabla-dinamica\/#primaryimage\"},\"image\":{\"@id\":\"https:\/\/exceladvisor.org\/es\/eliminar-tabla-dinamica\/#primaryimage\"},\"thumbnailUrl\":\"https:\/\/exceladvisor.org\/wp-content\/uploads\/2023\/08\/1-activer-longlet-analyse.png\",\"datePublished\":\"2023-11-15T06:29:39+00:00\",\"dateModified\":\"2023-12-25T10:25:07+00:00\",\"breadcrumb\":{\"@id\":\"https:\/\/exceladvisor.org\/es\/eliminar-tabla-dinamica\/#breadcrumb\"},\"inLanguage\":\"es\",\"potentialAction\":[{\"@type\":\"ReadAction\",\"target\":[\"https:\/\/exceladvisor.org\/es\/eliminar-tabla-dinamica\/\"]}]},{\"@type\":\"ImageObject\",\"inLanguage\":\"es\",\"@id\":\"https:\/\/exceladvisor.org\/es\/eliminar-tabla-dinamica\/#primaryimage\",\"url\":\"https:\/\/exceladvisor.org\/wp-content\/uploads\/2023\/08\/1-activer-longlet-analyse.png\",\"contentUrl\":\"https:\/\/exceladvisor.org\/wp-content\/uploads\/2023\/08\/1-activer-longlet-analyse.png\"},{\"@type\":\"BreadcrumbList\",\"@id\":\"https:\/\/exceladvisor.org\/es\/eliminar-tabla-dinamica\/#breadcrumb\",\"itemListElement\":[{\"@type\":\"ListItem\",\"position\":1,\"name\":\"Hogar\",\"item\":\"https:\/\/exceladvisor.org\/es\/\"},{\"@type\":\"ListItem\",\"position\":2,\"name\":\"\u00bfc\u00f3mo eliminar una tabla din\u00e1mica en excel?\"}]},{\"@type\":\"WebSite\",\"@id\":\"https:\/\/exceladvisor.org\/es\/#website\",\"url\":\"https:\/\/exceladvisor.org\/es\/\",\"name\":\"Excel Advisor\",\"description\":\"Su gu\u00eda para la dominaci\u00f3n de datos!\",\"publisher\":{\"@id\":\"https:\/\/exceladvisor.org\/es\/#organization\"},\"potentialAction\":[{\"@type\":\"SearchAction\",\"target\":{\"@type\":\"EntryPoint\",\"urlTemplate\":\"https:\/\/exceladvisor.org\/es\/?s={search_term_string}\"},\"query-input\":{\"@type\":\"PropertyValueSpecification\",\"valueRequired\":true,\"valueName\":\"search_term_string\"}}],\"inLanguage\":\"es\"},{\"@type\":\"Organization\",\"@id\":\"https:\/\/exceladvisor.org\/es\/#organization\",\"name\":\"Excel Advisor\",\"url\":\"https:\/\/exceladvisor.org\/es\/\",\"logo\":{\"@type\":\"ImageObject\",\"inLanguage\":\"es\",\"@id\":\"https:\/\/exceladvisor.org\/es\/#\/schema\/logo\/image\/\",\"url\":\"https:\/\/exceladvisor.org\/es\/wp-content\/uploads\/2023\/12\/exceladvisor.org_.png\",\"contentUrl\":\"https:\/\/exceladvisor.org\/es\/wp-content\/uploads\/2023\/12\/exceladvisor.org_.png\",\"width\":105,\"height\":36,\"caption\":\"Excel Advisor\"},\"image\":{\"@id\":\"https:\/\/exceladvisor.org\/es\/#\/schema\/logo\/image\/\"}}]}<\/script>\n<!-- \/ Yoast SEO plugin. -->","yoast_head_json":{"title":"\u00bfc\u00f3mo eliminar una tabla din\u00e1mica en excel?","robots":{"index":"index","follow":"follow","max-snippet":"max-snippet:-1","max-image-preview":"max-image-preview:large","max-video-preview":"max-video-preview:-1"},"canonical":"https:\/\/exceladvisor.org\/es\/eliminar-tabla-dinamica\/","og_locale":"es_ES","og_type":"article","og_title":"\u00bfc\u00f3mo eliminar una tabla din\u00e1mica en excel?","og_description":"Pasos para eliminar una tabla din\u00e1mica en Excel Utilice los siguientes pasos para eliminar una tabla din\u00e1mica. Primero, haga clic en cualquier lugar de la tabla din\u00e1mica que desee eliminar y habilite la pesta\u00f1a de an\u00e1lisis. Ahora, busque la opci\u00f3n \u00abSeleccionar\u00bb en \u00abAcciones\u00bb. Despu\u00e9s de eso, haga clic en el peque\u00f1o men\u00fa desplegable para seleccionar [&hellip;]","og_url":"https:\/\/exceladvisor.org\/es\/eliminar-tabla-dinamica\/","og_site_name":"Excel Advisor","article_modified_time":"2023-12-25T10:25:07+00:00","og_image":[{"url":"https:\/\/exceladvisor.org\/wp-content\/uploads\/2023\/08\/1-activer-longlet-analyse.png","type":"","width":"","height":""}],"twitter_card":"summary_large_image","twitter_misc":{"Tiempo de lectura":"1 minuto"},"schema":{"@context":"https:\/\/schema.org","@graph":[{"@type":"WebPage","@id":"https:\/\/exceladvisor.org\/es\/eliminar-tabla-dinamica\/","url":"https:\/\/exceladvisor.org\/es\/eliminar-tabla-dinamica\/","name":"\u00bfc\u00f3mo eliminar una tabla din\u00e1mica en excel?","isPartOf":{"@id":"https:\/\/exceladvisor.org\/es\/#website"},"primaryImageOfPage":{"@id":"https:\/\/exceladvisor.org\/es\/eliminar-tabla-dinamica\/#primaryimage"},"image":{"@id":"https:\/\/exceladvisor.org\/es\/eliminar-tabla-dinamica\/#primaryimage"},"thumbnailUrl":"https:\/\/exceladvisor.org\/wp-content\/uploads\/2023\/08\/1-activer-longlet-analyse.png","datePublished":"2023-11-15T06:29:39+00:00","dateModified":"2023-12-25T10:25:07+00:00","breadcrumb":{"@id":"https:\/\/exceladvisor.org\/es\/eliminar-tabla-dinamica\/#breadcrumb"},"inLanguage":"es","potentialAction":[{"@type":"ReadAction","target":["https:\/\/exceladvisor.org\/es\/eliminar-tabla-dinamica\/"]}]},{"@type":"ImageObject","inLanguage":"es","@id":"https:\/\/exceladvisor.org\/es\/eliminar-tabla-dinamica\/#primaryimage","url":"https:\/\/exceladvisor.org\/wp-content\/uploads\/2023\/08\/1-activer-longlet-analyse.png","contentUrl":"https:\/\/exceladvisor.org\/wp-content\/uploads\/2023\/08\/1-activer-longlet-analyse.png"},{"@type":"BreadcrumbList","@id":"https:\/\/exceladvisor.org\/es\/eliminar-tabla-dinamica\/#breadcrumb","itemListElement":[{"@type":"ListItem","position":1,"name":"Hogar","item":"https:\/\/exceladvisor.org\/es\/"},{"@type":"ListItem","position":2,"name":"\u00bfc\u00f3mo eliminar una tabla din\u00e1mica en excel?"}]},{"@type":"WebSite","@id":"https:\/\/exceladvisor.org\/es\/#website","url":"https:\/\/exceladvisor.org\/es\/","name":"Excel Advisor","description":"Su gu\u00eda para la dominaci\u00f3n de datos!","publisher":{"@id":"https:\/\/exceladvisor.org\/es\/#organization"},"potentialAction":[{"@type":"SearchAction","target":{"@type":"EntryPoint","urlTemplate":"https:\/\/exceladvisor.org\/es\/?s={search_term_string}"},"query-input":{"@type":"PropertyValueSpecification","valueRequired":true,"valueName":"search_term_string"}}],"inLanguage":"es"},{"@type":"Organization","@id":"https:\/\/exceladvisor.org\/es\/#organization","name":"Excel Advisor","url":"https:\/\/exceladvisor.org\/es\/","logo":{"@type":"ImageObject","inLanguage":"es","@id":"https:\/\/exceladvisor.org\/es\/#\/schema\/logo\/image\/","url":"https:\/\/exceladvisor.org\/es\/wp-content\/uploads\/2023\/12\/exceladvisor.org_.png","contentUrl":"https:\/\/exceladvisor.org\/es\/wp-content\/uploads\/2023\/12\/exceladvisor.org_.png","width":105,"height":36,"caption":"Excel Advisor"},"image":{"@id":"https:\/\/exceladvisor.org\/es\/#\/schema\/logo\/image\/"}}]}},"yoast_meta":{"yoast_wpseo_title":"","yoast_wpseo_metadesc":"","yoast_wpseo_canonical":""},"_links":{"self":[{"href":"https:\/\/exceladvisor.org\/es\/wp-json\/wp\/v2\/pages\/150","targetHints":{"allow":["GET"]}}],"collection":[{"href":"https:\/\/exceladvisor.org\/es\/wp-json\/wp\/v2\/pages"}],"about":[{"href":"https:\/\/exceladvisor.org\/es\/wp-json\/wp\/v2\/types\/page"}],"author":[{"embeddable":true,"href":"https:\/\/exceladvisor.org\/es\/wp-json\/wp\/v2\/users\/1"}],"replies":[{"embeddable":true,"href":"https:\/\/exceladvisor.org\/es\/wp-json\/wp\/v2\/comments?post=150"}],"version-history":[{"count":1,"href":"https:\/\/exceladvisor.org\/es\/wp-json\/wp\/v2\/pages\/150\/revisions"}],"predecessor-version":[{"id":1006,"href":"https:\/\/exceladvisor.org\/es\/wp-json\/wp\/v2\/pages\/150\/revisions\/1006"}],"wp:attachment":[{"href":"https:\/\/exceladvisor.org\/es\/wp-json\/wp\/v2\/media?parent=150"}],"curies":[{"name":"wp","href":"https:\/\/api.w.org\/{rel}","templated":true}]}}