{"id":151,"date":"2023-11-15T05:35:45","date_gmt":"2023-11-15T05:35:45","guid":{"rendered":"https:\/\/exceladvisor.org\/es\/columna-de-rangos\/"},"modified":"2023-12-25T10:23:17","modified_gmt":"2023-12-25T10:23:17","slug":"columna-de-rangos","status":"publish","type":"page","link":"https:\/\/exceladvisor.org\/es\/columna-de-rangos\/","title":{"rendered":"\u00bfc\u00f3mo agrego filas a las tablas din\u00e1micas?"},"content":{"rendered":"<div class=\"excel-antes-del-contenido\" id=\"excel-2416215810\"><script type=\"text\/javascript\">\r\n\tatOptions = {\r\n\t\t'key' : 'c1158f160081d6540a8409e6925dab94',\r\n\t\t'format' : 'iframe',\r\n\t\t'height' : 250,\r\n\t\t'width' : 300,\r\n\t\t'params' : {}\r\n\t};\r\n<\/script>\r\n<script type=\"text\/javascript\" src=\"\/\/www.highperformanceformat.com\/c1158f160081d6540a8409e6925dab94\/invoke.js\"><\/script><\/div><p>Al utilizar una tabla din\u00e1mica, puede resumir sus datos de una manera comprensible. Y este resumen puede ayudarte a analizar datos por categor\u00eda, producto, mes, etc.<\/p>\n<p> Una de las pr\u00e1cticas comunes del an\u00e1lisis de datos es clasificarlos. Clasificar categor\u00edas y productos puede ayudarle a compararlos entre s\u00ed.<\/p>\n<p> La mejor parte de la clasificaci\u00f3n es que puedes comprobar qu\u00e9 est\u00e1 en la parte superior y qu\u00e9 est\u00e1 en la parte inferior. Si utilizamos el ranking en una tabla din\u00e1mica podemos ahorrar mucho tiempo y esfuerzo y nos ayudar\u00e1 en nuestro an\u00e1lisis.<\/p>\n<p> Por eso, hoy en este art\u00edculo, me gustar\u00eda mostrarles 3 m\u00e9todos diferentes para agregar una columna de clasificaci\u00f3n en una tabla din\u00e1mica.<\/p>\n<p class=\"qt-tip\"> <strong>NOTA:<\/strong> Las tablas din\u00e1micas son una de las <a style=\"outline: none;\" href=\"https:\/\/exceladvisor.org\/es\/habilidades-de-sobresalir\/\">HABILIDADES INTERMEDIAS DE EXCEL<\/a> y ordenar en una tabla din\u00e1mica es una de las habilidades avanzadas de la tabla din\u00e1mica.<\/p>\n<h2 id=\"tab-con-7\" class=\"wp-block-heading\"> Agregar clasificaci\u00f3n de tabla din\u00e1mica en Excel <\/h2>\n<ol id=\"block-1cdd13a7-9078-4d7a-9db5-0402fd67f935\" class=\"block-editor-rich-text__editable block-editor-block-list__block wp-block is-selected rich-text\" tabindex=\"0\" role=\"group\" contenteditable=\"true\" aria-multiline=\"true\" aria-label=\"Block: List\" data-block=\"1cdd13a7-9078-4d7a-9db5-0402fd67f935\" data-type=\"core\/list\" data-title=\"List\">\n<li> Agregue el campo de valor dos veces en la tabla din\u00e1mica para la que desea medir la clasificaci\u00f3n. <br \/><img decoding=\"async\" title=\"Agregar rango en tabla din\u00e1mica en Excel 2\" src=\"https:\/\/exceladvisor.org\/wp-content\/uploads\/2023\/08\/Ajouter-un-rang-dans-le-tableau-croise-dynamique-dans-Excel-2-1.png\" sizes=\"\" srcset=\"\" alt=\"Add Ranks In Pivot Table In Excel 2010 &amp; Above\"><\/li>\n<li> Seleccione una de las celdas en la segunda columna de datos y haga clic derecho sobre ella.<\/li>\n<li> Vaya a \u201cMostrar valores como\u201d. Tiene dos opciones diferentes para agregar clasificaci\u00f3n \u00abClasificar de menor a mayor\u00bb o \u00abClasificar de mayor a menor\u00bb, seleccione cu\u00e1l desea usar. <br \/><img decoding=\"async\" title=\"Agregar rango en tabla din\u00e1mica en Excel 3\" src=\"https:\/\/exceladvisor.org\/wp-content\/uploads\/2023\/08\/Ajouter-un-rang-dans-le-tableau-croise-dynamique-dans-Excel-3-1.png\" sizes=\"\" srcset=\"\" alt=\"Add Ranks In Pivot Table in Excel\"><\/li>\n<li> Convertir\u00e1 los valores de las columnas en clasificaciones y luego simplemente ordenar\u00e1 sus datos para analizar la clasificaci\u00f3n. <br \/><img decoding=\"async\" title=\"Agregar rango en tabla din\u00e1mica en Excel 4\" src=\"https:\/\/exceladvisor.org\/wp-content\/uploads\/2023\/08\/Ajouter-un-rang-dans-le-tableau-croise-dynamique-dans-Excel-4-1.png\" sizes=\"\" srcset=\"\" alt=\"Add Ranks In Pivot Table in Excel\"><\/li>\n<\/ol>\n<p> Esta es la forma m\u00e1s sencilla de agregar una tabla de clasificaci\u00f3n a una tabla din\u00e1mica si utiliza Excel 2010 o una versi\u00f3n anterior.<\/p>\n<p class=\"grey-note\"> Cuando utiliza este m\u00e9todo, las clasificaciones cambian a medida que filtra la tabla din\u00e1mica.<\/p>\n<h2 id=\"tab-con-1\" class=\"wp-block-heading\"> Agregar clasificaci\u00f3n de tabla din\u00e1mica en Excel 2007 y versiones anteriores <\/h2>\n<ol id=\"block-3767d3ec-1e7b-41a5-9d79-5a37a38c26e8\" class=\"block-editor-rich-text__editable block-editor-block-list__block wp-block is-selected rich-text\" tabindex=\"0\" role=\"group\" contenteditable=\"true\" aria-multiline=\"true\" aria-label=\"Block: List\" data-block=\"3767d3ec-1e7b-41a5-9d79-5a37a38c26e8\" data-type=\"core\/list\" data-title=\"List\">\n<li> Comience ordenando los datos en orden ascendente sobre los cuales desea calcular la clasificaci\u00f3n. <br \/><img decoding=\"async\" title=\"Agregar fila en tabla din\u00e1mica en Excel-5\" src=\"https:\/\/exceladvisor.org\/wp-content\/uploads\/2023\/08\/Ajouter-un-rang-dans-le-tableau-croise-dynamique-dans-Excel-5-1.png\" sizes=\"\" srcset=\"\" alt=\"Add Ranks In Pivot Table in Excel\"><\/li>\n<li> Despu\u00e9s de eso, abra el cuadro de di\u00e1logo del campo calculado e ingrese \u00ab=1\u00bb en la barra de entrada de f\u00f3rmulas. <br \/><img decoding=\"async\" title=\"Agregar rango en tabla din\u00e1mica en Excel 6\" src=\"https:\/\/exceladvisor.org\/wp-content\/uploads\/2023\/08\/Ajouter-un-rang-dans-le-tableau-croise-dynamique-dans-Excel-6-1.png\" sizes=\"\" srcset=\"\" alt=\"Add Ranks In Pivot Table in Excel\"><\/li>\n<li> Esto agregar\u00e1 un nuevo campo en su pivote con un valor de 1 en todas las celdas. <br \/><img decoding=\"async\" title=\"Agregar fila en tabla din\u00e1mica en Excel-14\" src=\"https:\/\/exceladvisor.org\/wp-content\/uploads\/2023\/08\/Ajouter-un-rang-dans-le-tableau-croise-dynamique-dans-Excel-14-1.png\" sizes=\"\" srcset=\"\" alt=\"Add Rank In Pivot Table Excel 2007 &amp; 2010\"><\/li>\n<li> A continuaci\u00f3n, seleccione una de las celdas de este campo y haga clic derecho.<\/li>\n<li> Ahora, seleccione la opci\u00f3n \u201cCampo de valor\u201d y en el cuadro de di\u00e1logo de configuraci\u00f3n del campo de valor, vaya a la pesta\u00f1a \u201cMostrar valores como\u201d.<\/li>\n<li> En la lista desplegable, seleccione \u00abTotal acumulado\u00bb y haga clic en Aceptar. <br \/><img decoding=\"async\" title=\"Agregar rango en tabla din\u00e1mica en Excel 15\" src=\"https:\/\/exceladvisor.org\/wp-content\/uploads\/2023\/08\/Ajouter-un-rang-dans-le-tableau-croise-dynamique-dans-Excel-15-1.png\" sizes=\"\" srcset=\"\" alt=\"Add Rank In Pivot Table Excel 2007 &amp; 2010\"><\/li>\n<li> Ahora tienes una columna con clasificaciones en tu tabla din\u00e1mica. <br \/><img decoding=\"async\" title=\"Agregar fila en tabla din\u00e1mica en Excel-16\" src=\"https:\/\/exceladvisor.org\/wp-content\/uploads\/2023\/08\/Ajouter-un-rang-dans-le-tableau-croise-dynamique-dans-Excel-16-1.png\" sizes=\"\" srcset=\"\" alt=\"Add Rank In Pivot Table Excel 2007 &amp; 2010\"><\/li>\n<\/ol>\n<p class=\"qt-tip\"> <strong>Alerta:<\/strong> aseg\u00farese de haber ordenado su tabla din\u00e1mica en orden ascendente o descendente.<\/p>\n<h2 id=\"tab-con-2\" class=\"wp-block-heading\"> Uso de RANK.EQ y RANK.AVG en datos de origen<\/h2>\n<p> Este m\u00e9todo es un poco complicado, pero funciona de maravilla. La ventaja de usar RANK.EQ y RANK.AVG es que no tienes que agregar nada a tu tabla din\u00e1mica. Simplemente siga estos sencillos pasos.<\/p>\n<ol>\n<li> Primero, en sus datos sin procesar, inserte una nueva columna y agregue esta f\u00f3rmula en la <a href=\"https:\/\/exceladvisor.org\/es\/barra-de-formulas-de-excel\/\">barra de f\u00f3rmulas<\/a> :\n<ul>\n<li> <strong>=SI(NB.SI(C$2:C2,C2)&gt;1, \u00bb \u00bb,SUM($E$2:$E$1507,$C$2:$C$1507,C2))<\/strong><\/li>\n<li> (As\u00ed es como funciona la f\u00f3rmula: esta f\u00f3rmula agregar\u00e1 un total \u00fanico para cada categor\u00eda en la columna. Y puede usar este total para calcular la clasificaci\u00f3n de cada categor\u00eda). <\/li>\n<\/ul>\n<p><img decoding=\"async\" title=\"Agregar fila en tabla din\u00e1mica en Excel-8\" src=\"https:\/\/exceladvisor.org\/wp-content\/uploads\/2023\/08\/Ajouter-un-rang-dans-le-tableau-croise-dynamique-dans-Excel-8-1.png\" sizes=\"\" srcset=\"\" alt=\"Add Rank Formulas In Raw Data To Add Rank In Pivot Table\"><\/li>\n<li> Ahora agregue dos columnas m\u00e1s al final de sus datos y agr\u00e9gueles las siguientes f\u00f3rmulas.\n<ul>\n<li> <strong>=SI(H2=\u201d\u201d,0,RANGO.EQ(H2,$H$2:$H$1507,1))<\/strong><\/li>\n<li> <strong>=SI(H=\u201d\u201d,0,RANGO.PROMEDIO(H2,$H$2:$H$1507,1))<\/strong><\/li>\n<li> (As\u00ed es como funciona la f\u00f3rmula: RANK.EQ y RANK.AVG calcular\u00e1n la clasificaci\u00f3n de la categor\u00eda en su volcado de datos. Usamos estas dos funciones para obtener diferentes tipos de clasificaciones).<\/li>\n<\/ul>\n<\/li>\n<li> Despu\u00e9s de eso, cree una tabla din\u00e1mica usando este volcado de datos como se muestra a continuaci\u00f3n. Puede utilizar cualquiera de las columnas para calcular la clasificaci\u00f3n. <br \/><img decoding=\"async\" title=\"Agregar rango en tabla din\u00e1mica en Excel 12\" src=\"https:\/\/exceladvisor.org\/wp-content\/uploads\/2023\/08\/Ajouter-un-rang-dans-le-tableau-croise-dynamique-dans-Excel-12-1.png\" sizes=\"\" srcset=\"\" alt=\"Create Pivot Table To Add Rank In Pivot Table Create Pivot Table\"><\/li>\n<\/ol>\n<p class=\"qt-tip\"> <strong>Importante:<\/strong> cuando utilice este m\u00e9todo, la clasificaci\u00f3n no cambiar\u00e1 cuando filtre elementos.<\/p>\n<h2 id=\"tab-con-3\" class=\"wp-block-heading\"> Agregue una columna de clasificaci\u00f3n separada en una tabla din\u00e1mica<\/h2>\n<p> En lugar de utilizar f\u00f3rmulas o cualquier otro m\u00e9todo, tambi\u00e9n puede agregar una columna separada manualmente para clasificar. Cuando desee agregar rangos para una instancia, puede utilizar este m\u00e9todo. Simplemente siga estos sencillos pasos. <\/p>\n<ol id=\"block-801fdb14-42c2-4a71-9877-54cb09d728bd\" class=\"block-editor-rich-text__editable block-editor-block-list__block wp-block is-selected rich-text\" tabindex=\"0\" role=\"group\" contenteditable=\"true\" aria-multiline=\"true\" aria-label=\"Block: List\" data-block=\"801fdb14-42c2-4a71-9877-54cb09d728bd\" data-type=\"core\/list\" data-title=\"List\">\n<li> Tome una tabla din\u00e1mica y ordene los valores en orden ascendente o descendente como desee. <br \/><img decoding=\"async\" title=\"Agregar fila en tabla din\u00e1mica en Excel-11\" src=\"https:\/\/exceladvisor.org\/wp-content\/uploads\/2023\/08\/Ajouter-un-rang-dans-le-tableau-croise-dynamique-dans-Excel-11-1.png\" sizes=\"\" srcset=\"\" alt=\"Sort Data To Add Rank In Pivot Table Create Pivot Table\"><\/li>\n<li> Y, en las dos columnas siguientes fuera de la tabla din\u00e1mica, agregue las f\u00f3rmulas siguientes.\n<ul>\n<li> =RANGO.EQ(E4,$E$4:$E$15,1)<\/li>\n<li> =RANGO.PROMEDIO(E4,$E$4:$E$15,1)<\/li>\n<\/ul>\n<\/li>\n<li> Arr\u00e1stralos hacia abajo y tendr\u00e1s el ranking con la tabla din\u00e1mica. <br \/><img decoding=\"async\" title=\"Agregar fila en tabla din\u00e1mica en Excel-12-1\" src=\"https:\/\/exceladvisor.org\/wp-content\/uploads\/2023\/08\/Ajouter-un-rang-dans-le-tableau-croise-dynamique-dans-Excel-12-1.png\" sizes=\"\" srcset=\"\" alt=\"Add Formulas To Add Rank In Pivot Table Create Pivot Table\"><\/li>\n<\/ol>\n<h2 id=\"tab-con-4\" class=\"wp-block-heading\"> Archivo de ejemplo<\/h2>\n<p> <a style=\"outline: none;\" href=\"https:\/\/exceladvisor.org\/wp-content\/uploads\/2023\/11\/comment-ajouter-des-rangs-dans-un-tableau-croise-dynamique-exceladvisor.xlsx\" rel=\"nofollow\" data-wpel-link=\"internal\">descargar<\/a> <\/p>\n<div class=\"wp-block-group main-page-bottom is-layout-flow\">\n<div class=\"wp-block-group__inner-container\">\n<h2 class=\"wp-block-heading\"> Obtenga m\u00e1s informaci\u00f3n sobre las tablas din\u00e1micas<\/h2>\n<ul>\n<li> <a href=\"https:\/\/exceladvisor.org\/es\/calculo-en-tabla-dinamica\/\">Agregar un campo y un elemento calculados (f\u00f3rmulas en una tabla din\u00e1mica)<\/a><\/li>\n<li> <a href=\"https:\/\/exceladvisor.org\/es\/contar-valores-unicos\/\">Contar valores \u00fanicos en una tabla din\u00e1mica en Excel<\/a><\/li>\n<li> <a href=\"https:\/\/exceladvisor.org\/es\/citas-grupales\/\">Agrupar fechas en una tabla din\u00e1mica<\/a><\/li>\n<\/ul>\n<p> \u21e0 Volver al tutorial de tabla din\u00e1mica<\/p>\n<\/div>\n<\/div>\n","protected":false},"excerpt":{"rendered":"<p>Al utilizar una tabla din\u00e1mica, puede resumir sus datos de una manera comprensible. Y este resumen puede ayudarte a analizar datos por categor\u00eda, producto, mes, etc. Una de las pr\u00e1cticas comunes del an\u00e1lisis de datos es clasificarlos. Clasificar categor\u00edas y productos puede ayudarle a compararlos entre s\u00ed. La mejor parte de la clasificaci\u00f3n es que [&hellip;]<\/p>\n","protected":false},"author":1,"featured_media":0,"parent":0,"menu_order":0,"comment_status":"open","ping_status":"closed","template":"","meta":{"ub_ctt_via":"","footnotes":""},"class_list":["post-151","page","type-page","status-publish","hentry"],"featured_image_src":null,"yoast_head":"<!-- This site is optimized with the Yoast SEO plugin v25.4 - https:\/\/yoast.com\/wordpress\/plugins\/seo\/ -->\n<title>\u00bfc\u00f3mo agrego filas a las tablas din\u00e1micas?<\/title>\n<meta name=\"robots\" content=\"index, follow, max-snippet:-1, max-image-preview:large, max-video-preview:-1\" \/>\n<link rel=\"canonical\" href=\"https:\/\/exceladvisor.org\/es\/columna-de-rangos\/\" \/>\n<meta property=\"og:locale\" content=\"es_ES\" \/>\n<meta property=\"og:type\" content=\"article\" \/>\n<meta property=\"og:title\" content=\"\u00bfc\u00f3mo agrego filas a las tablas din\u00e1micas?\" \/>\n<meta property=\"og:description\" content=\"Al utilizar una tabla din\u00e1mica, puede resumir sus datos de una manera comprensible. Y este resumen puede ayudarte a analizar datos por categor\u00eda, producto, mes, etc. Una de las pr\u00e1cticas comunes del an\u00e1lisis de datos es clasificarlos. Clasificar categor\u00edas y productos puede ayudarle a compararlos entre s\u00ed. La mejor parte de la clasificaci\u00f3n es que [&hellip;]\" \/>\n<meta property=\"og:url\" content=\"https:\/\/exceladvisor.org\/es\/columna-de-rangos\/\" \/>\n<meta property=\"og:site_name\" content=\"Excel Advisor\" \/>\n<meta property=\"article:modified_time\" content=\"2023-12-25T10:23:17+00:00\" \/>\n<meta property=\"og:image\" content=\"https:\/\/exceladvisor.org\/wp-content\/uploads\/2023\/08\/Ajouter-un-rang-dans-le-tableau-croise-dynamique-dans-Excel-2-1.png\" \/>\n<meta name=\"twitter:card\" content=\"summary_large_image\" \/>\n<meta name=\"twitter:label1\" content=\"Tiempo de lectura\" \/>\n\t<meta name=\"twitter:data1\" content=\"4 minutos\" \/>\n<script type=\"application\/ld+json\" class=\"yoast-schema-graph\">{\"@context\":\"https:\/\/schema.org\",\"@graph\":[{\"@type\":\"WebPage\",\"@id\":\"https:\/\/exceladvisor.org\/es\/columna-de-rangos\/\",\"url\":\"https:\/\/exceladvisor.org\/es\/columna-de-rangos\/\",\"name\":\"\u00bfc\u00f3mo agrego filas a las tablas din\u00e1micas?\",\"isPartOf\":{\"@id\":\"https:\/\/exceladvisor.org\/es\/#website\"},\"primaryImageOfPage\":{\"@id\":\"https:\/\/exceladvisor.org\/es\/columna-de-rangos\/#primaryimage\"},\"image\":{\"@id\":\"https:\/\/exceladvisor.org\/es\/columna-de-rangos\/#primaryimage\"},\"thumbnailUrl\":\"https:\/\/exceladvisor.org\/wp-content\/uploads\/2023\/08\/Ajouter-un-rang-dans-le-tableau-croise-dynamique-dans-Excel-2-1.png\",\"datePublished\":\"2023-11-15T05:35:45+00:00\",\"dateModified\":\"2023-12-25T10:23:17+00:00\",\"breadcrumb\":{\"@id\":\"https:\/\/exceladvisor.org\/es\/columna-de-rangos\/#breadcrumb\"},\"inLanguage\":\"es\",\"potentialAction\":[{\"@type\":\"ReadAction\",\"target\":[\"https:\/\/exceladvisor.org\/es\/columna-de-rangos\/\"]}]},{\"@type\":\"ImageObject\",\"inLanguage\":\"es\",\"@id\":\"https:\/\/exceladvisor.org\/es\/columna-de-rangos\/#primaryimage\",\"url\":\"https:\/\/exceladvisor.org\/wp-content\/uploads\/2023\/08\/Ajouter-un-rang-dans-le-tableau-croise-dynamique-dans-Excel-2-1.png\",\"contentUrl\":\"https:\/\/exceladvisor.org\/wp-content\/uploads\/2023\/08\/Ajouter-un-rang-dans-le-tableau-croise-dynamique-dans-Excel-2-1.png\"},{\"@type\":\"BreadcrumbList\",\"@id\":\"https:\/\/exceladvisor.org\/es\/columna-de-rangos\/#breadcrumb\",\"itemListElement\":[{\"@type\":\"ListItem\",\"position\":1,\"name\":\"Hogar\",\"item\":\"https:\/\/exceladvisor.org\/es\/\"},{\"@type\":\"ListItem\",\"position\":2,\"name\":\"\u00bfc\u00f3mo agrego filas a las tablas din\u00e1micas?\"}]},{\"@type\":\"WebSite\",\"@id\":\"https:\/\/exceladvisor.org\/es\/#website\",\"url\":\"https:\/\/exceladvisor.org\/es\/\",\"name\":\"Excel Advisor\",\"description\":\"Su gu\u00eda para la dominaci\u00f3n de datos!\",\"publisher\":{\"@id\":\"https:\/\/exceladvisor.org\/es\/#organization\"},\"potentialAction\":[{\"@type\":\"SearchAction\",\"target\":{\"@type\":\"EntryPoint\",\"urlTemplate\":\"https:\/\/exceladvisor.org\/es\/?s={search_term_string}\"},\"query-input\":{\"@type\":\"PropertyValueSpecification\",\"valueRequired\":true,\"valueName\":\"search_term_string\"}}],\"inLanguage\":\"es\"},{\"@type\":\"Organization\",\"@id\":\"https:\/\/exceladvisor.org\/es\/#organization\",\"name\":\"Excel Advisor\",\"url\":\"https:\/\/exceladvisor.org\/es\/\",\"logo\":{\"@type\":\"ImageObject\",\"inLanguage\":\"es\",\"@id\":\"https:\/\/exceladvisor.org\/es\/#\/schema\/logo\/image\/\",\"url\":\"https:\/\/exceladvisor.org\/es\/wp-content\/uploads\/2023\/12\/exceladvisor.org_.png\",\"contentUrl\":\"https:\/\/exceladvisor.org\/es\/wp-content\/uploads\/2023\/12\/exceladvisor.org_.png\",\"width\":105,\"height\":36,\"caption\":\"Excel Advisor\"},\"image\":{\"@id\":\"https:\/\/exceladvisor.org\/es\/#\/schema\/logo\/image\/\"}}]}<\/script>\n<!-- \/ Yoast SEO plugin. -->","yoast_head_json":{"title":"\u00bfc\u00f3mo agrego filas a las tablas din\u00e1micas?","robots":{"index":"index","follow":"follow","max-snippet":"max-snippet:-1","max-image-preview":"max-image-preview:large","max-video-preview":"max-video-preview:-1"},"canonical":"https:\/\/exceladvisor.org\/es\/columna-de-rangos\/","og_locale":"es_ES","og_type":"article","og_title":"\u00bfc\u00f3mo agrego filas a las tablas din\u00e1micas?","og_description":"Al utilizar una tabla din\u00e1mica, puede resumir sus datos de una manera comprensible. Y este resumen puede ayudarte a analizar datos por categor\u00eda, producto, mes, etc. Una de las pr\u00e1cticas comunes del an\u00e1lisis de datos es clasificarlos. Clasificar categor\u00edas y productos puede ayudarle a compararlos entre s\u00ed. La mejor parte de la clasificaci\u00f3n es que [&hellip;]","og_url":"https:\/\/exceladvisor.org\/es\/columna-de-rangos\/","og_site_name":"Excel Advisor","article_modified_time":"2023-12-25T10:23:17+00:00","og_image":[{"url":"https:\/\/exceladvisor.org\/wp-content\/uploads\/2023\/08\/Ajouter-un-rang-dans-le-tableau-croise-dynamique-dans-Excel-2-1.png","type":"","width":"","height":""}],"twitter_card":"summary_large_image","twitter_misc":{"Tiempo de lectura":"4 minutos"},"schema":{"@context":"https:\/\/schema.org","@graph":[{"@type":"WebPage","@id":"https:\/\/exceladvisor.org\/es\/columna-de-rangos\/","url":"https:\/\/exceladvisor.org\/es\/columna-de-rangos\/","name":"\u00bfc\u00f3mo agrego filas a las tablas din\u00e1micas?","isPartOf":{"@id":"https:\/\/exceladvisor.org\/es\/#website"},"primaryImageOfPage":{"@id":"https:\/\/exceladvisor.org\/es\/columna-de-rangos\/#primaryimage"},"image":{"@id":"https:\/\/exceladvisor.org\/es\/columna-de-rangos\/#primaryimage"},"thumbnailUrl":"https:\/\/exceladvisor.org\/wp-content\/uploads\/2023\/08\/Ajouter-un-rang-dans-le-tableau-croise-dynamique-dans-Excel-2-1.png","datePublished":"2023-11-15T05:35:45+00:00","dateModified":"2023-12-25T10:23:17+00:00","breadcrumb":{"@id":"https:\/\/exceladvisor.org\/es\/columna-de-rangos\/#breadcrumb"},"inLanguage":"es","potentialAction":[{"@type":"ReadAction","target":["https:\/\/exceladvisor.org\/es\/columna-de-rangos\/"]}]},{"@type":"ImageObject","inLanguage":"es","@id":"https:\/\/exceladvisor.org\/es\/columna-de-rangos\/#primaryimage","url":"https:\/\/exceladvisor.org\/wp-content\/uploads\/2023\/08\/Ajouter-un-rang-dans-le-tableau-croise-dynamique-dans-Excel-2-1.png","contentUrl":"https:\/\/exceladvisor.org\/wp-content\/uploads\/2023\/08\/Ajouter-un-rang-dans-le-tableau-croise-dynamique-dans-Excel-2-1.png"},{"@type":"BreadcrumbList","@id":"https:\/\/exceladvisor.org\/es\/columna-de-rangos\/#breadcrumb","itemListElement":[{"@type":"ListItem","position":1,"name":"Hogar","item":"https:\/\/exceladvisor.org\/es\/"},{"@type":"ListItem","position":2,"name":"\u00bfc\u00f3mo agrego filas a las tablas din\u00e1micas?"}]},{"@type":"WebSite","@id":"https:\/\/exceladvisor.org\/es\/#website","url":"https:\/\/exceladvisor.org\/es\/","name":"Excel Advisor","description":"Su gu\u00eda para la dominaci\u00f3n de datos!","publisher":{"@id":"https:\/\/exceladvisor.org\/es\/#organization"},"potentialAction":[{"@type":"SearchAction","target":{"@type":"EntryPoint","urlTemplate":"https:\/\/exceladvisor.org\/es\/?s={search_term_string}"},"query-input":{"@type":"PropertyValueSpecification","valueRequired":true,"valueName":"search_term_string"}}],"inLanguage":"es"},{"@type":"Organization","@id":"https:\/\/exceladvisor.org\/es\/#organization","name":"Excel Advisor","url":"https:\/\/exceladvisor.org\/es\/","logo":{"@type":"ImageObject","inLanguage":"es","@id":"https:\/\/exceladvisor.org\/es\/#\/schema\/logo\/image\/","url":"https:\/\/exceladvisor.org\/es\/wp-content\/uploads\/2023\/12\/exceladvisor.org_.png","contentUrl":"https:\/\/exceladvisor.org\/es\/wp-content\/uploads\/2023\/12\/exceladvisor.org_.png","width":105,"height":36,"caption":"Excel Advisor"},"image":{"@id":"https:\/\/exceladvisor.org\/es\/#\/schema\/logo\/image\/"}}]}},"yoast_meta":{"yoast_wpseo_title":"","yoast_wpseo_metadesc":"","yoast_wpseo_canonical":""},"_links":{"self":[{"href":"https:\/\/exceladvisor.org\/es\/wp-json\/wp\/v2\/pages\/151","targetHints":{"allow":["GET"]}}],"collection":[{"href":"https:\/\/exceladvisor.org\/es\/wp-json\/wp\/v2\/pages"}],"about":[{"href":"https:\/\/exceladvisor.org\/es\/wp-json\/wp\/v2\/types\/page"}],"author":[{"embeddable":true,"href":"https:\/\/exceladvisor.org\/es\/wp-json\/wp\/v2\/users\/1"}],"replies":[{"embeddable":true,"href":"https:\/\/exceladvisor.org\/es\/wp-json\/wp\/v2\/comments?post=151"}],"version-history":[{"count":1,"href":"https:\/\/exceladvisor.org\/es\/wp-json\/wp\/v2\/pages\/151\/revisions"}],"predecessor-version":[{"id":831,"href":"https:\/\/exceladvisor.org\/es\/wp-json\/wp\/v2\/pages\/151\/revisions\/831"}],"wp:attachment":[{"href":"https:\/\/exceladvisor.org\/es\/wp-json\/wp\/v2\/media?parent=151"}],"curies":[{"name":"wp","href":"https:\/\/api.w.org\/{rel}","templated":true}]}}