{"id":154,"date":"2023-11-15T02:07:04","date_gmt":"2023-11-15T02:07:04","guid":{"rendered":"https:\/\/exceladvisor.org\/es\/si-la-celda-esta-vacia\/"},"modified":"2023-12-25T10:24:24","modified_gmt":"2023-12-25T10:24:24","slug":"si-la-celda-esta-vacia","status":"publish","type":"page","link":"https:\/\/exceladvisor.org\/es\/si-la-celda-esta-vacia\/","title":{"rendered":"\u00bfc\u00f3mo comprobar si una celda est\u00e1 vac\u00eda en excel?"},"content":{"rendered":"<div class=\"excel-antes-del-contenido\" id=\"excel-3944557963\"><script type=\"text\/javascript\">\r\n\tatOptions = {\r\n\t\t'key' : 'c1158f160081d6540a8409e6925dab94',\r\n\t\t'format' : 'iframe',\r\n\t\t'height' : 250,\r\n\t\t'width' : 300,\r\n\t\t'params' : {}\r\n\t};\r\n<\/script>\r\n<script type=\"text\/javascript\" src=\"\/\/www.highperformanceformat.com\/c1158f160081d6540a8409e6925dab94\/invoke.js\"><\/script><\/div><p>En Excel, si desea comprobar si una celda est\u00e1 vac\u00eda o no, puede utilizar una f\u00f3rmula combinada de SI y ES EN BLANCO. Ambas f\u00f3rmulas funcionan de manera que ISBLANK verifica el valor de la celda y luego IF devuelve un mensaje completo significativo (especificado por usted) a cambio.<\/p>\n<p> En el siguiente ejemplo, tiene una lista de n\u00fameros donde tiene algunas celdas vac\u00edas. <\/p>\n<div class=\"wp-block-image\">\n<figure class=\"aligncenter size-full is-resized\"><img loading=\"lazy\" decoding=\"async\" class=\"wp-image-69839\" src=\"https:\/\/exceladvisor.org\/wp-content\/uploads\/2023\/08\/1-liste-avec-quelques-cellules-vides.png\" sizes=\"auto, \" srcset=\"\" alt=\"lista-con-algunas-celdas-vac\u00edas\" width=\"313\" height=\"357\"><\/figure>\n<\/div>\n<h2 class=\"wp-block-heading\"> F\u00f3rmula para comprobar si una celda est\u00e1 vac\u00eda o no (vac\u00eda)<\/h2>\n<ol type=\"1\">\n<li> Primero, en la celda B1, ingrese SI en la celda.<\/li>\n<li> Ahora, en el primer argumento, ingrese ISBLANK, consulte la celda A1 e ingrese el par\u00e9ntesis de cierre.<\/li>\n<li> Luego, en el segundo argumento, utilice el valor \u00abVac\u00edo\u00bb.<\/li>\n<li> Despu\u00e9s de eso, en el tercer argumento, utilice \u00abNo en blanco\u00bb.<\/li>\n<li> Al finalizar cierra la funci\u00f3n, presiona Enter y arrastra la f\u00f3rmula hasta el \u00faltimo valor que tengas en la lista. <\/li>\n<\/ol>\n<div class=\"wp-block-image\">\n<figure class=\"aligncenter size-full is-resized\"><img loading=\"lazy\" decoding=\"async\" class=\"wp-image-69840\" src=\"https:\/\/exceladvisor.org\/wp-content\/uploads\/2023\/08\/2-si-formule-pour-trouver-vide.png\" sizes=\"auto, \" srcset=\"\" alt=\"si-f\u00f3rmula-para-encontrar-vac\u00edo\" width=\"545\" height=\"385\"><\/figure>\n<\/div>\n<p> Como puede ver, tenemos el valor \u00abVac\u00edo\u00bb para la celda donde la celda est\u00e1 vac\u00eda en la columna A.<\/p>\n<pre class=\"wp-block-code\"> <code class=\"language-excel-formula\" lang=\"excel-formula\">=IF(ISBLANK(A1),\"Blank\",\"Non-Blank\")<\/code><\/pre>\n<p> Ahora entendamos esta f\u00f3rmula. En la primera parte donde tenemos el ESBLANCO que verifica si las celdas est\u00e1n vac\u00edas o no. <\/p>\n<div class=\"wp-block-image\">\n<figure class=\"aligncenter size-full is-resized\"><img loading=\"lazy\" decoding=\"async\" class=\"wp-image-69841\" src=\"https:\/\/exceladvisor.org\/wp-content\/uploads\/2023\/08\/3-est-la-fonction-vide.png\" sizes=\"auto, \" srcset=\"\" alt=\"funci\u00f3n en blanco\" width=\"532\" height=\"395\"><\/figure>\n<\/div>\n<p> Y, despu\u00e9s de eso, si el valor devuelto por ISBLANK es VERDADERO, IF devolver\u00e1 \u201cEn blanco\u201d, y si el valor devuelto por ISBLANK es FALSO IF devolver\u00e1 \u201cNon_Blank\u201d. <\/p>\n<div class=\"wp-block-image\">\n<figure class=\"aligncenter size-full is-resized\"><img loading=\"lazy\" decoding=\"async\" class=\"wp-image-69842\" src=\"https:\/\/exceladvisor.org\/wp-content\/uploads\/2023\/08\/4-est-une-valeur-de-resultat-vide.png\" sizes=\"auto, \" srcset=\"\" alt=\"isvalor-resultado-en blanco\" width=\"509\" height=\"358\"><\/figure>\n<\/div>\n<h2 class=\"wp-block-heading\"> F\u00f3rmula alternativa<\/h2>\n<p> Tambi\u00e9n puedes usar otra f\u00f3rmula en la que solo necesitas usar la funci\u00f3n SI.<\/p>\n<p> Ahora en la funci\u00f3n s\u00f3lo necesita especificar la celda donde desea probar la condici\u00f3n y luego usar un operador igual con el valor vac\u00edo para crear una condici\u00f3n para probar.<\/p>\n<p> Y solo necesita especificar dos valores para los cuales desea obtener la condici\u00f3n VERDADERO o FALSO. <\/p>\n<div class=\"wp-block-image\">\n<figure class=\"aligncenter size-full is-resized\"><img loading=\"lazy\" decoding=\"async\" class=\"wp-image-69843\" src=\"https:\/\/exceladvisor.org\/wp-content\/uploads\/2023\/08\/5-si-formule-avec-blanc-et-non-blanc.png\" sizes=\"auto, \" srcset=\"\" alt=\"f\u00f3rmula-si-con-blanco-y-no-blanco\" width=\"484\" height=\"385\"><\/figure>\n<\/div>\n<div class=\"gb-container gb-container-52dfcee1 gb-container-sample-file\">\n<h2 class=\"gb-headline gb-headline-e289c143 gb-headline-text gb-headline-4f7959c2\"> Obtener el archivo Excel<\/h2>\n<p> <a class=\"gb-button gb-button-e88d6bee gb-button-text gb-button-button1\" href=\"https:\/\/exceladvisor.org\/wp-content\/uploads\/2023\/08\/si-la-cellule-est-vide-2.xlsx\" rel=\"nofollow\">Descargar<\/a><\/div>\n<div class=\"gb-container gb-container-0df56012 gb-container-mt\"> <a class=\"gb-button gb-button-f9f432f4 gb-button-text gb-button-mt-button\" href=\"https:\/\/exceladvisor.org\/es\/formulas\/\">Lista de f\u00f3rmulas de Excel<\/a><\/p>\n<h2 class=\"gb-headline gb-headline-233444e8 gb-headline-text gb-headline-mt-heading\"> F\u00f3rmulas relacionadas <\/h2>\n<div class=\"gb-grid-wrapper gb-grid-wrapper-a16fa65c gb-grid-wrapper-mt-grid\">\n<div class=\"gb-grid-column gb-grid-column-50d07e0d\">\n<div class=\"gb-container gb-container-50d07e0d\">\n<ul>\n<li> Marque IF 0 (cero) y luego en blanco en Excel<\/li>\n<li> <a href=\"https:\/\/exceladvisor.org\/es\/comprobar-si-existe-un-valor-en-un-rango\/\">Comprobar si existe un valor en un rango en Excel<\/a><\/li>\n<li> <a href=\"https:\/\/exceladvisor.org\/es\/si-y-1\/\">Combina funciones IF y AND en Excel<\/a><\/li>\n<li> <a href=\"https:\/\/exceladvisor.org\/es\/si-o-1\/\">Combina funciones SI y O en Excel<\/a><\/li>\n<li> <a href=\"https:\/\/exceladvisor.org\/es\/si-es-negativo-entonces-cero\/\">SI es negativo, entonces cero (0) en Excel<\/a> <\/li>\n<\/ul>\n<\/div>\n<\/div>\n<div class=\"gb-grid-column gb-grid-column-5b4a0cf9\">\n<div class=\"gb-container gb-container-5b4a0cf9\"><\/div>\n<\/div>\n<\/div>\n<\/div>\n","protected":false},"excerpt":{"rendered":"<p>En Excel, si desea comprobar si una celda est\u00e1 vac\u00eda o no, puede utilizar una f\u00f3rmula combinada de SI y ES EN BLANCO. Ambas f\u00f3rmulas funcionan de manera que ISBLANK verifica el valor de la celda y luego IF devuelve un mensaje completo significativo (especificado por usted) a cambio. En el siguiente ejemplo, tiene una [&hellip;]<\/p>\n","protected":false},"author":1,"featured_media":0,"parent":0,"menu_order":0,"comment_status":"open","ping_status":"closed","template":"","meta":{"ub_ctt_via":"","footnotes":""},"class_list":["post-154","page","type-page","status-publish","hentry"],"featured_image_src":null,"yoast_head":"<!-- This site is optimized with the Yoast SEO plugin v25.4 - https:\/\/yoast.com\/wordpress\/plugins\/seo\/ -->\n<title>\u00bfc\u00f3mo comprobar si una celda est\u00e1 vac\u00eda en excel?<\/title>\n<meta name=\"robots\" content=\"index, follow, max-snippet:-1, max-image-preview:large, max-video-preview:-1\" \/>\n<link rel=\"canonical\" href=\"https:\/\/exceladvisor.org\/es\/si-la-celda-esta-vacia\/\" \/>\n<meta property=\"og:locale\" content=\"es_ES\" \/>\n<meta property=\"og:type\" content=\"article\" \/>\n<meta property=\"og:title\" content=\"\u00bfc\u00f3mo comprobar si una celda est\u00e1 vac\u00eda en excel?\" \/>\n<meta property=\"og:description\" content=\"En Excel, si desea comprobar si una celda est\u00e1 vac\u00eda o no, puede utilizar una f\u00f3rmula combinada de SI y ES EN BLANCO. Ambas f\u00f3rmulas funcionan de manera que ISBLANK verifica el valor de la celda y luego IF devuelve un mensaje completo significativo (especificado por usted) a cambio. En el siguiente ejemplo, tiene una [&hellip;]\" \/>\n<meta property=\"og:url\" content=\"https:\/\/exceladvisor.org\/es\/si-la-celda-esta-vacia\/\" \/>\n<meta property=\"og:site_name\" content=\"Excel Advisor\" \/>\n<meta property=\"article:modified_time\" content=\"2023-12-25T10:24:24+00:00\" \/>\n<meta property=\"og:image\" content=\"https:\/\/exceladvisor.org\/wp-content\/uploads\/2023\/08\/1-liste-avec-quelques-cellules-vides.png\" \/>\n<meta name=\"twitter:card\" content=\"summary_large_image\" \/>\n<meta name=\"twitter:label1\" content=\"Tiempo de lectura\" \/>\n\t<meta name=\"twitter:data1\" content=\"2 minutos\" \/>\n<script type=\"application\/ld+json\" class=\"yoast-schema-graph\">{\"@context\":\"https:\/\/schema.org\",\"@graph\":[{\"@type\":\"WebPage\",\"@id\":\"https:\/\/exceladvisor.org\/es\/si-la-celda-esta-vacia\/\",\"url\":\"https:\/\/exceladvisor.org\/es\/si-la-celda-esta-vacia\/\",\"name\":\"\u00bfc\u00f3mo comprobar si una celda est\u00e1 vac\u00eda en excel?\",\"isPartOf\":{\"@id\":\"https:\/\/exceladvisor.org\/es\/#website\"},\"primaryImageOfPage\":{\"@id\":\"https:\/\/exceladvisor.org\/es\/si-la-celda-esta-vacia\/#primaryimage\"},\"image\":{\"@id\":\"https:\/\/exceladvisor.org\/es\/si-la-celda-esta-vacia\/#primaryimage\"},\"thumbnailUrl\":\"https:\/\/exceladvisor.org\/wp-content\/uploads\/2023\/08\/1-liste-avec-quelques-cellules-vides.png\",\"datePublished\":\"2023-11-15T02:07:04+00:00\",\"dateModified\":\"2023-12-25T10:24:24+00:00\",\"breadcrumb\":{\"@id\":\"https:\/\/exceladvisor.org\/es\/si-la-celda-esta-vacia\/#breadcrumb\"},\"inLanguage\":\"es\",\"potentialAction\":[{\"@type\":\"ReadAction\",\"target\":[\"https:\/\/exceladvisor.org\/es\/si-la-celda-esta-vacia\/\"]}]},{\"@type\":\"ImageObject\",\"inLanguage\":\"es\",\"@id\":\"https:\/\/exceladvisor.org\/es\/si-la-celda-esta-vacia\/#primaryimage\",\"url\":\"https:\/\/exceladvisor.org\/wp-content\/uploads\/2023\/08\/1-liste-avec-quelques-cellules-vides.png\",\"contentUrl\":\"https:\/\/exceladvisor.org\/wp-content\/uploads\/2023\/08\/1-liste-avec-quelques-cellules-vides.png\"},{\"@type\":\"BreadcrumbList\",\"@id\":\"https:\/\/exceladvisor.org\/es\/si-la-celda-esta-vacia\/#breadcrumb\",\"itemListElement\":[{\"@type\":\"ListItem\",\"position\":1,\"name\":\"Hogar\",\"item\":\"https:\/\/exceladvisor.org\/es\/\"},{\"@type\":\"ListItem\",\"position\":2,\"name\":\"\u00bfc\u00f3mo comprobar si una celda est\u00e1 vac\u00eda en excel?\"}]},{\"@type\":\"WebSite\",\"@id\":\"https:\/\/exceladvisor.org\/es\/#website\",\"url\":\"https:\/\/exceladvisor.org\/es\/\",\"name\":\"Excel Advisor\",\"description\":\"Su gu\u00eda para la dominaci\u00f3n de datos!\",\"publisher\":{\"@id\":\"https:\/\/exceladvisor.org\/es\/#organization\"},\"potentialAction\":[{\"@type\":\"SearchAction\",\"target\":{\"@type\":\"EntryPoint\",\"urlTemplate\":\"https:\/\/exceladvisor.org\/es\/?s={search_term_string}\"},\"query-input\":{\"@type\":\"PropertyValueSpecification\",\"valueRequired\":true,\"valueName\":\"search_term_string\"}}],\"inLanguage\":\"es\"},{\"@type\":\"Organization\",\"@id\":\"https:\/\/exceladvisor.org\/es\/#organization\",\"name\":\"Excel Advisor\",\"url\":\"https:\/\/exceladvisor.org\/es\/\",\"logo\":{\"@type\":\"ImageObject\",\"inLanguage\":\"es\",\"@id\":\"https:\/\/exceladvisor.org\/es\/#\/schema\/logo\/image\/\",\"url\":\"https:\/\/exceladvisor.org\/es\/wp-content\/uploads\/2023\/12\/exceladvisor.org_.png\",\"contentUrl\":\"https:\/\/exceladvisor.org\/es\/wp-content\/uploads\/2023\/12\/exceladvisor.org_.png\",\"width\":105,\"height\":36,\"caption\":\"Excel Advisor\"},\"image\":{\"@id\":\"https:\/\/exceladvisor.org\/es\/#\/schema\/logo\/image\/\"}}]}<\/script>\n<!-- \/ Yoast SEO plugin. -->","yoast_head_json":{"title":"\u00bfc\u00f3mo comprobar si una celda est\u00e1 vac\u00eda en excel?","robots":{"index":"index","follow":"follow","max-snippet":"max-snippet:-1","max-image-preview":"max-image-preview:large","max-video-preview":"max-video-preview:-1"},"canonical":"https:\/\/exceladvisor.org\/es\/si-la-celda-esta-vacia\/","og_locale":"es_ES","og_type":"article","og_title":"\u00bfc\u00f3mo comprobar si una celda est\u00e1 vac\u00eda en excel?","og_description":"En Excel, si desea comprobar si una celda est\u00e1 vac\u00eda o no, puede utilizar una f\u00f3rmula combinada de SI y ES EN BLANCO. Ambas f\u00f3rmulas funcionan de manera que ISBLANK verifica el valor de la celda y luego IF devuelve un mensaje completo significativo (especificado por usted) a cambio. En el siguiente ejemplo, tiene una [&hellip;]","og_url":"https:\/\/exceladvisor.org\/es\/si-la-celda-esta-vacia\/","og_site_name":"Excel Advisor","article_modified_time":"2023-12-25T10:24:24+00:00","og_image":[{"url":"https:\/\/exceladvisor.org\/wp-content\/uploads\/2023\/08\/1-liste-avec-quelques-cellules-vides.png","type":"","width":"","height":""}],"twitter_card":"summary_large_image","twitter_misc":{"Tiempo de lectura":"2 minutos"},"schema":{"@context":"https:\/\/schema.org","@graph":[{"@type":"WebPage","@id":"https:\/\/exceladvisor.org\/es\/si-la-celda-esta-vacia\/","url":"https:\/\/exceladvisor.org\/es\/si-la-celda-esta-vacia\/","name":"\u00bfc\u00f3mo comprobar si una celda est\u00e1 vac\u00eda en excel?","isPartOf":{"@id":"https:\/\/exceladvisor.org\/es\/#website"},"primaryImageOfPage":{"@id":"https:\/\/exceladvisor.org\/es\/si-la-celda-esta-vacia\/#primaryimage"},"image":{"@id":"https:\/\/exceladvisor.org\/es\/si-la-celda-esta-vacia\/#primaryimage"},"thumbnailUrl":"https:\/\/exceladvisor.org\/wp-content\/uploads\/2023\/08\/1-liste-avec-quelques-cellules-vides.png","datePublished":"2023-11-15T02:07:04+00:00","dateModified":"2023-12-25T10:24:24+00:00","breadcrumb":{"@id":"https:\/\/exceladvisor.org\/es\/si-la-celda-esta-vacia\/#breadcrumb"},"inLanguage":"es","potentialAction":[{"@type":"ReadAction","target":["https:\/\/exceladvisor.org\/es\/si-la-celda-esta-vacia\/"]}]},{"@type":"ImageObject","inLanguage":"es","@id":"https:\/\/exceladvisor.org\/es\/si-la-celda-esta-vacia\/#primaryimage","url":"https:\/\/exceladvisor.org\/wp-content\/uploads\/2023\/08\/1-liste-avec-quelques-cellules-vides.png","contentUrl":"https:\/\/exceladvisor.org\/wp-content\/uploads\/2023\/08\/1-liste-avec-quelques-cellules-vides.png"},{"@type":"BreadcrumbList","@id":"https:\/\/exceladvisor.org\/es\/si-la-celda-esta-vacia\/#breadcrumb","itemListElement":[{"@type":"ListItem","position":1,"name":"Hogar","item":"https:\/\/exceladvisor.org\/es\/"},{"@type":"ListItem","position":2,"name":"\u00bfc\u00f3mo comprobar si una celda est\u00e1 vac\u00eda en excel?"}]},{"@type":"WebSite","@id":"https:\/\/exceladvisor.org\/es\/#website","url":"https:\/\/exceladvisor.org\/es\/","name":"Excel Advisor","description":"Su gu\u00eda para la dominaci\u00f3n de datos!","publisher":{"@id":"https:\/\/exceladvisor.org\/es\/#organization"},"potentialAction":[{"@type":"SearchAction","target":{"@type":"EntryPoint","urlTemplate":"https:\/\/exceladvisor.org\/es\/?s={search_term_string}"},"query-input":{"@type":"PropertyValueSpecification","valueRequired":true,"valueName":"search_term_string"}}],"inLanguage":"es"},{"@type":"Organization","@id":"https:\/\/exceladvisor.org\/es\/#organization","name":"Excel Advisor","url":"https:\/\/exceladvisor.org\/es\/","logo":{"@type":"ImageObject","inLanguage":"es","@id":"https:\/\/exceladvisor.org\/es\/#\/schema\/logo\/image\/","url":"https:\/\/exceladvisor.org\/es\/wp-content\/uploads\/2023\/12\/exceladvisor.org_.png","contentUrl":"https:\/\/exceladvisor.org\/es\/wp-content\/uploads\/2023\/12\/exceladvisor.org_.png","width":105,"height":36,"caption":"Excel Advisor"},"image":{"@id":"https:\/\/exceladvisor.org\/es\/#\/schema\/logo\/image\/"}}]}},"yoast_meta":{"yoast_wpseo_title":"","yoast_wpseo_metadesc":"","yoast_wpseo_canonical":""},"_links":{"self":[{"href":"https:\/\/exceladvisor.org\/es\/wp-json\/wp\/v2\/pages\/154","targetHints":{"allow":["GET"]}}],"collection":[{"href":"https:\/\/exceladvisor.org\/es\/wp-json\/wp\/v2\/pages"}],"about":[{"href":"https:\/\/exceladvisor.org\/es\/wp-json\/wp\/v2\/types\/page"}],"author":[{"embeddable":true,"href":"https:\/\/exceladvisor.org\/es\/wp-json\/wp\/v2\/users\/1"}],"replies":[{"embeddable":true,"href":"https:\/\/exceladvisor.org\/es\/wp-json\/wp\/v2\/comments?post=154"}],"version-history":[{"count":1,"href":"https:\/\/exceladvisor.org\/es\/wp-json\/wp\/v2\/pages\/154\/revisions"}],"predecessor-version":[{"id":925,"href":"https:\/\/exceladvisor.org\/es\/wp-json\/wp\/v2\/pages\/154\/revisions\/925"}],"wp:attachment":[{"href":"https:\/\/exceladvisor.org\/es\/wp-json\/wp\/v2\/media?parent=154"}],"curies":[{"name":"wp","href":"https:\/\/api.w.org\/{rel}","templated":true}]}}