{"id":155,"date":"2023-11-15T01:08:57","date_gmt":"2023-11-15T01:08:57","guid":{"rendered":"https:\/\/exceladvisor.org\/es\/formato-pintor\/"},"modified":"2023-12-25T10:28:04","modified_gmt":"2023-12-25T10:28:04","slug":"formato-pintor","status":"publish","type":"page","link":"https:\/\/exceladvisor.org\/es\/formato-pintor\/","title":{"rendered":"\u00bfc\u00f3mo utilizar format painter en excel?"},"content":{"rendered":"<div class=\"excel-antes-del-contenido\" id=\"excel-4156558\"><script type=\"text\/javascript\">\r\n\tatOptions = {\r\n\t\t'key' : 'c1158f160081d6540a8409e6925dab94',\r\n\t\t'format' : 'iframe',\r\n\t\t'height' : 250,\r\n\t\t'width' : 300,\r\n\t\t'params' : {}\r\n\t};\r\n<\/script>\r\n<script type=\"text\/javascript\" src=\"\/\/www.highperformanceformat.com\/c1158f160081d6540a8409e6925dab94\/invoke.js\"><\/script><\/div><p>No puedo calcular cu\u00e1ntas horas he ahorrado desde que descubr\u00ed \u00abFormat Painter\u00bb. S\u00ed, es verdad.<\/p>\n<p> La cuesti\u00f3n es que, cuando trabajas en Excel, hay ocasiones en las que deseas copiar el formato de una celda (o rango) a otra.<\/p>\n<p> Format Painter est\u00e1 aqu\u00ed para ayudarle. Digamos que desde la celda A1 (que tiene un estilo de fuente espec\u00edfico, color de fondo), desea copiar ese formato a B1). Bueno, todo lo que necesitas es Un clic.<\/p>\n<h2 class=\"wp-block-heading\"> \u00bfD\u00f3nde est\u00e1 el bot\u00f3n Copiar formato?<\/h2>\n<p> Est\u00e1 all\u00ed en la pesta\u00f1a Inicio. Si miras la secci\u00f3n del portapapeles (lado izquierdo) de la pesta\u00f1a Inicio, puedes encontrarlo. <\/p>\n<div class=\"wp-block-image\">\n<figure class=\"aligncenter\"><img decoding=\"async\" src=\"https:\/\/exceladvisor.org\/wp-content\/uploads\/2023\/08\/format-peintre-bouton-onglet-accueil-1.png\" sizes=\"\" srcset=\"\" alt=\"bot\u00f3n de pesta\u00f1a de inicio de formato de pintor\"><\/figure>\n<\/div>\n<h2 class=\"wp-block-heading\"> C\u00f3mo funciona<\/h2>\n<ol>\n<li> Cuando selecciona una celda o rango y hace clic en el bot\u00f3n Copiar formato, se copia el formato.<\/li>\n<li> Despu\u00e9s de eso, cuando selecciona otra celda o rango, el formato se pega all\u00ed.<\/li>\n<\/ol>\n<h2 class=\"wp-block-heading\"> C\u00f3mo utilizar el Copiar formato<\/h2>\n<p> Como dije, es un proceso de un solo clic. <\/p>\n<div class=\"wp-block-image\">\n<figure class=\"aligncenter\"><img decoding=\"async\" src=\"https:\/\/exceladvisor.org\/wp-content\/uploads\/2023\/08\/utiliser-format-peintre-excel-1.gif\" sizes=\"\" srcset=\"\" alt=\"utilizar el formato de pintor excel\"><\/figure>\n<\/div>\n<ol>\n<li> Primero, seleccione el rango o del que desea copiar el formato.<\/li>\n<li> Despu\u00e9s de eso, haga clic en el bot\u00f3n Copiar formato.<\/li>\n<li> Una vez que haces clic en el bot\u00f3n, el cursor cambia a un pincel.<\/li>\n<li> Ahora seleccione el rango al que desea aplicar el formato.<\/li>\n<\/ol>\n<p> Est\u00e1 hecho.<\/p>\n<h3 class=\"wp-block-heading\"> \u00bfPuedo usar <a href=\"https:\/\/exceladvisor.org\/es\/atajos-de-teclado\/\">el atajo de teclado<\/a> ?<\/h3>\n<p> S\u00ed, puedes usar <strong>Alt+H+F+P<\/strong> para pintar formato. Simplemente seleccione el rango o celda desde el que desea copiar el formato y use la tecla de acceso directo.<\/p>\n<h2 class=\"wp-block-heading\"> Aplicar formato varias veces<\/h2>\n<p> S\u00ed, puedes usarlo para pegar el formato varias veces. <\/p>\n<div class=\"wp-block-image\">\n<figure class=\"aligncenter\"><img decoding=\"async\" src=\"https:\/\/exceladvisor.org\/wp-content\/uploads\/2023\/08\/utiliser-le-peintre-de-format-plusieurs-fois-excel-1.gif\" sizes=\"\" srcset=\"\" alt=\"use el pintor de formato varias veces excel\"><\/figure>\n<\/div>\n<ol>\n<li> Primero, seleccione el rango desde el que desea copiar el formato.<\/li>\n<li> Despu\u00e9s de eso, vaya a la pesta\u00f1a Inicio \u2192 Portapapeles \u2192 Copiar formato.<\/li>\n<li> Ahora haga doble clic en el bot\u00f3n Copiar formato.<\/li>\n<li> Desde all\u00ed, puedes pegar el formato varias veces.<\/li>\n<\/ol>\n<h2 class=\"wp-block-heading\"> <span style=\"color: #ff0000;\">Consejo adicional:<\/span> copie el ancho de la columna usando el pintor de formato <\/h2>\n<div class=\"wp-block-image\">\n<figure class=\"aligncenter\"><img decoding=\"async\" src=\"https:\/\/exceladvisor.org\/wp-content\/uploads\/2023\/08\/peintre-de-format-appliquer-la-largeur-de-colonne-excel-1.gif\" sizes=\"\" srcset=\"\" alt=\"pintor de formato aplicar ancho de columna de Excel\"><\/figure>\n<\/div>\n<ol>\n<li> Primero, seleccione la columna completa desde la cual desea copiar el ancho de la columna.<\/li>\n<li> Despu\u00e9s de eso, haga clic en el bot\u00f3n Copiar formato.<\/li>\n<li> Haga clic en el encabezado de la columna de destino.<\/li>\n<\/ol>\n<p> <strong>\u00bfConoc\u00edas esta opci\u00f3n antes de leer este art\u00edculo?<\/strong><\/p>\n<p> Por favor comparta sus puntos de vista conmigo en la secci\u00f3n de comentarios. Me encantar\u00eda saber de ti y no olvides compartirlo con tus amigos, estoy seguro de que lo agradecer\u00e1n.<\/p>\n<div class=\"gb-container gb-container-4db6181c gb-container-mt\"> <a class=\"gb-button gb-button-c5897111 gb-button-text gb-button-mt-button\" href=\"https:\/\/exceladvisor.org\/es\/conceptos-basicos-de-excel\/\">Conceptos b\u00e1sicos de Microsoft Excel (componentes, piezas y notas de conocimiento)<\/a><\/p>\n<h2 class=\"gb-headline gb-headline-665e5f6b gb-headline-text gb-headline-mt-heading\"> Tutoriales relacionados <\/h2>\n<div class=\"gb-grid-wrapper gb-grid-wrapper-a20baf7c gb-grid-wrapper-mt-grid\">\n<div class=\"gb-grid-column gb-grid-column-65ddf67e\">\n<div class=\"gb-container gb-container-65ddf67e\">\n<ul>\n<li> <a href=\"https:\/\/exceladvisor.org\/es\/justificar-completamente\/\">Llenar justificar en Excel<\/a><\/li>\n<li> <a href=\"https:\/\/exceladvisor.org\/es\/barra-de-formulas-de-excel\/\">Barra de f\u00f3rmulas en Excel<\/a><\/li>\n<li> <a href=\"https:\/\/exceladvisor.org\/es\/agregar-un-encabezado-de-pie-de-pagina\/\">Agregar un encabezado y pie de p\u00e1gina en Excel<\/a><\/li>\n<li> <a href=\"https:\/\/exceladvisor.org\/es\/gobernante\/\">Mostrar regla en Excel<\/a><\/li>\n<li> <a href=\"https:\/\/exceladvisor.org\/es\/mango-de-llenado\/\">Controlador de relleno en Excel<\/a> <\/li>\n<\/ul>\n<\/div>\n<\/div>\n<div class=\"gb-grid-column gb-grid-column-50067b57\">\n<div class=\"gb-container gb-container-50067b57\"><\/div>\n<\/div>\n<\/div>\n<\/div>\n","protected":false},"excerpt":{"rendered":"<p>No puedo calcular cu\u00e1ntas horas he ahorrado desde que descubr\u00ed \u00abFormat Painter\u00bb. S\u00ed, es verdad. La cuesti\u00f3n es que, cuando trabajas en Excel, hay ocasiones en las que deseas copiar el formato de una celda (o rango) a otra. Format Painter est\u00e1 aqu\u00ed para ayudarle. Digamos que desde la celda A1 (que tiene un estilo [&hellip;]<\/p>\n","protected":false},"author":1,"featured_media":0,"parent":0,"menu_order":0,"comment_status":"open","ping_status":"closed","template":"","meta":{"ub_ctt_via":"","footnotes":""},"class_list":["post-155","page","type-page","status-publish","hentry"],"featured_image_src":null,"yoast_head":"<!-- This site is optimized with the Yoast SEO plugin v25.4 - https:\/\/yoast.com\/wordpress\/plugins\/seo\/ -->\n<title>\u00bfc\u00f3mo utilizar format painter en excel?<\/title>\n<meta name=\"robots\" content=\"index, follow, max-snippet:-1, max-image-preview:large, max-video-preview:-1\" \/>\n<link rel=\"canonical\" href=\"https:\/\/exceladvisor.org\/es\/formato-pintor\/\" \/>\n<meta property=\"og:locale\" content=\"es_ES\" \/>\n<meta property=\"og:type\" content=\"article\" \/>\n<meta property=\"og:title\" content=\"\u00bfc\u00f3mo utilizar format painter en excel?\" \/>\n<meta property=\"og:description\" content=\"No puedo calcular cu\u00e1ntas horas he ahorrado desde que descubr\u00ed \u00abFormat Painter\u00bb. S\u00ed, es verdad. La cuesti\u00f3n es que, cuando trabajas en Excel, hay ocasiones en las que deseas copiar el formato de una celda (o rango) a otra. Format Painter est\u00e1 aqu\u00ed para ayudarle. Digamos que desde la celda A1 (que tiene un estilo [&hellip;]\" \/>\n<meta property=\"og:url\" content=\"https:\/\/exceladvisor.org\/es\/formato-pintor\/\" \/>\n<meta property=\"og:site_name\" content=\"Excel Advisor\" \/>\n<meta property=\"article:modified_time\" content=\"2023-12-25T10:28:04+00:00\" \/>\n<meta property=\"og:image\" content=\"https:\/\/exceladvisor.org\/wp-content\/uploads\/2023\/08\/format-peintre-bouton-onglet-accueil-1.png\" \/>\n<meta name=\"twitter:card\" content=\"summary_large_image\" \/>\n<meta name=\"twitter:label1\" content=\"Tiempo de lectura\" \/>\n\t<meta name=\"twitter:data1\" content=\"2 minutos\" \/>\n<script type=\"application\/ld+json\" class=\"yoast-schema-graph\">{\"@context\":\"https:\/\/schema.org\",\"@graph\":[{\"@type\":\"WebPage\",\"@id\":\"https:\/\/exceladvisor.org\/es\/formato-pintor\/\",\"url\":\"https:\/\/exceladvisor.org\/es\/formato-pintor\/\",\"name\":\"\u00bfc\u00f3mo utilizar format painter en excel?\",\"isPartOf\":{\"@id\":\"https:\/\/exceladvisor.org\/es\/#website\"},\"primaryImageOfPage\":{\"@id\":\"https:\/\/exceladvisor.org\/es\/formato-pintor\/#primaryimage\"},\"image\":{\"@id\":\"https:\/\/exceladvisor.org\/es\/formato-pintor\/#primaryimage\"},\"thumbnailUrl\":\"https:\/\/exceladvisor.org\/wp-content\/uploads\/2023\/08\/format-peintre-bouton-onglet-accueil-1.png\",\"datePublished\":\"2023-11-15T01:08:57+00:00\",\"dateModified\":\"2023-12-25T10:28:04+00:00\",\"breadcrumb\":{\"@id\":\"https:\/\/exceladvisor.org\/es\/formato-pintor\/#breadcrumb\"},\"inLanguage\":\"es\",\"potentialAction\":[{\"@type\":\"ReadAction\",\"target\":[\"https:\/\/exceladvisor.org\/es\/formato-pintor\/\"]}]},{\"@type\":\"ImageObject\",\"inLanguage\":\"es\",\"@id\":\"https:\/\/exceladvisor.org\/es\/formato-pintor\/#primaryimage\",\"url\":\"https:\/\/exceladvisor.org\/wp-content\/uploads\/2023\/08\/format-peintre-bouton-onglet-accueil-1.png\",\"contentUrl\":\"https:\/\/exceladvisor.org\/wp-content\/uploads\/2023\/08\/format-peintre-bouton-onglet-accueil-1.png\"},{\"@type\":\"BreadcrumbList\",\"@id\":\"https:\/\/exceladvisor.org\/es\/formato-pintor\/#breadcrumb\",\"itemListElement\":[{\"@type\":\"ListItem\",\"position\":1,\"name\":\"Hogar\",\"item\":\"https:\/\/exceladvisor.org\/es\/\"},{\"@type\":\"ListItem\",\"position\":2,\"name\":\"\u00bfc\u00f3mo utilizar format painter en excel?\"}]},{\"@type\":\"WebSite\",\"@id\":\"https:\/\/exceladvisor.org\/es\/#website\",\"url\":\"https:\/\/exceladvisor.org\/es\/\",\"name\":\"Excel Advisor\",\"description\":\"Su gu\u00eda para la dominaci\u00f3n de datos!\",\"publisher\":{\"@id\":\"https:\/\/exceladvisor.org\/es\/#organization\"},\"potentialAction\":[{\"@type\":\"SearchAction\",\"target\":{\"@type\":\"EntryPoint\",\"urlTemplate\":\"https:\/\/exceladvisor.org\/es\/?s={search_term_string}\"},\"query-input\":{\"@type\":\"PropertyValueSpecification\",\"valueRequired\":true,\"valueName\":\"search_term_string\"}}],\"inLanguage\":\"es\"},{\"@type\":\"Organization\",\"@id\":\"https:\/\/exceladvisor.org\/es\/#organization\",\"name\":\"Excel Advisor\",\"url\":\"https:\/\/exceladvisor.org\/es\/\",\"logo\":{\"@type\":\"ImageObject\",\"inLanguage\":\"es\",\"@id\":\"https:\/\/exceladvisor.org\/es\/#\/schema\/logo\/image\/\",\"url\":\"https:\/\/exceladvisor.org\/es\/wp-content\/uploads\/2023\/12\/exceladvisor.org_.png\",\"contentUrl\":\"https:\/\/exceladvisor.org\/es\/wp-content\/uploads\/2023\/12\/exceladvisor.org_.png\",\"width\":105,\"height\":36,\"caption\":\"Excel Advisor\"},\"image\":{\"@id\":\"https:\/\/exceladvisor.org\/es\/#\/schema\/logo\/image\/\"}}]}<\/script>\n<!-- \/ Yoast SEO plugin. -->","yoast_head_json":{"title":"\u00bfc\u00f3mo utilizar format painter en excel?","robots":{"index":"index","follow":"follow","max-snippet":"max-snippet:-1","max-image-preview":"max-image-preview:large","max-video-preview":"max-video-preview:-1"},"canonical":"https:\/\/exceladvisor.org\/es\/formato-pintor\/","og_locale":"es_ES","og_type":"article","og_title":"\u00bfc\u00f3mo utilizar format painter en excel?","og_description":"No puedo calcular cu\u00e1ntas horas he ahorrado desde que descubr\u00ed \u00abFormat Painter\u00bb. S\u00ed, es verdad. La cuesti\u00f3n es que, cuando trabajas en Excel, hay ocasiones en las que deseas copiar el formato de una celda (o rango) a otra. Format Painter est\u00e1 aqu\u00ed para ayudarle. Digamos que desde la celda A1 (que tiene un estilo [&hellip;]","og_url":"https:\/\/exceladvisor.org\/es\/formato-pintor\/","og_site_name":"Excel Advisor","article_modified_time":"2023-12-25T10:28:04+00:00","og_image":[{"url":"https:\/\/exceladvisor.org\/wp-content\/uploads\/2023\/08\/format-peintre-bouton-onglet-accueil-1.png","type":"","width":"","height":""}],"twitter_card":"summary_large_image","twitter_misc":{"Tiempo de lectura":"2 minutos"},"schema":{"@context":"https:\/\/schema.org","@graph":[{"@type":"WebPage","@id":"https:\/\/exceladvisor.org\/es\/formato-pintor\/","url":"https:\/\/exceladvisor.org\/es\/formato-pintor\/","name":"\u00bfc\u00f3mo utilizar format painter en excel?","isPartOf":{"@id":"https:\/\/exceladvisor.org\/es\/#website"},"primaryImageOfPage":{"@id":"https:\/\/exceladvisor.org\/es\/formato-pintor\/#primaryimage"},"image":{"@id":"https:\/\/exceladvisor.org\/es\/formato-pintor\/#primaryimage"},"thumbnailUrl":"https:\/\/exceladvisor.org\/wp-content\/uploads\/2023\/08\/format-peintre-bouton-onglet-accueil-1.png","datePublished":"2023-11-15T01:08:57+00:00","dateModified":"2023-12-25T10:28:04+00:00","breadcrumb":{"@id":"https:\/\/exceladvisor.org\/es\/formato-pintor\/#breadcrumb"},"inLanguage":"es","potentialAction":[{"@type":"ReadAction","target":["https:\/\/exceladvisor.org\/es\/formato-pintor\/"]}]},{"@type":"ImageObject","inLanguage":"es","@id":"https:\/\/exceladvisor.org\/es\/formato-pintor\/#primaryimage","url":"https:\/\/exceladvisor.org\/wp-content\/uploads\/2023\/08\/format-peintre-bouton-onglet-accueil-1.png","contentUrl":"https:\/\/exceladvisor.org\/wp-content\/uploads\/2023\/08\/format-peintre-bouton-onglet-accueil-1.png"},{"@type":"BreadcrumbList","@id":"https:\/\/exceladvisor.org\/es\/formato-pintor\/#breadcrumb","itemListElement":[{"@type":"ListItem","position":1,"name":"Hogar","item":"https:\/\/exceladvisor.org\/es\/"},{"@type":"ListItem","position":2,"name":"\u00bfc\u00f3mo utilizar format painter en excel?"}]},{"@type":"WebSite","@id":"https:\/\/exceladvisor.org\/es\/#website","url":"https:\/\/exceladvisor.org\/es\/","name":"Excel Advisor","description":"Su gu\u00eda para la dominaci\u00f3n de datos!","publisher":{"@id":"https:\/\/exceladvisor.org\/es\/#organization"},"potentialAction":[{"@type":"SearchAction","target":{"@type":"EntryPoint","urlTemplate":"https:\/\/exceladvisor.org\/es\/?s={search_term_string}"},"query-input":{"@type":"PropertyValueSpecification","valueRequired":true,"valueName":"search_term_string"}}],"inLanguage":"es"},{"@type":"Organization","@id":"https:\/\/exceladvisor.org\/es\/#organization","name":"Excel Advisor","url":"https:\/\/exceladvisor.org\/es\/","logo":{"@type":"ImageObject","inLanguage":"es","@id":"https:\/\/exceladvisor.org\/es\/#\/schema\/logo\/image\/","url":"https:\/\/exceladvisor.org\/es\/wp-content\/uploads\/2023\/12\/exceladvisor.org_.png","contentUrl":"https:\/\/exceladvisor.org\/es\/wp-content\/uploads\/2023\/12\/exceladvisor.org_.png","width":105,"height":36,"caption":"Excel Advisor"},"image":{"@id":"https:\/\/exceladvisor.org\/es\/#\/schema\/logo\/image\/"}}]}},"yoast_meta":{"yoast_wpseo_title":"","yoast_wpseo_metadesc":"","yoast_wpseo_canonical":""},"_links":{"self":[{"href":"https:\/\/exceladvisor.org\/es\/wp-json\/wp\/v2\/pages\/155","targetHints":{"allow":["GET"]}}],"collection":[{"href":"https:\/\/exceladvisor.org\/es\/wp-json\/wp\/v2\/pages"}],"about":[{"href":"https:\/\/exceladvisor.org\/es\/wp-json\/wp\/v2\/types\/page"}],"author":[{"embeddable":true,"href":"https:\/\/exceladvisor.org\/es\/wp-json\/wp\/v2\/users\/1"}],"replies":[{"embeddable":true,"href":"https:\/\/exceladvisor.org\/es\/wp-json\/wp\/v2\/comments?post=155"}],"version-history":[{"count":1,"href":"https:\/\/exceladvisor.org\/es\/wp-json\/wp\/v2\/pages\/155\/revisions"}],"predecessor-version":[{"id":1265,"href":"https:\/\/exceladvisor.org\/es\/wp-json\/wp\/v2\/pages\/155\/revisions\/1265"}],"wp:attachment":[{"href":"https:\/\/exceladvisor.org\/es\/wp-json\/wp\/v2\/media?parent=155"}],"curies":[{"name":"wp","href":"https:\/\/api.w.org\/{rel}","templated":true}]}}