{"id":156,"date":"2023-11-14T19:39:30","date_gmt":"2023-11-14T19:39:30","guid":{"rendered":"https:\/\/exceladvisor.org\/es\/eliminar-columnas-de-filas-ocultas\/"},"modified":"2023-12-25T10:24:56","modified_gmt":"2023-12-25T10:24:56","slug":"eliminar-columnas-de-filas-ocultas","status":"publish","type":"page","link":"https:\/\/exceladvisor.org\/es\/eliminar-columnas-de-filas-ocultas\/","title":{"rendered":"\u00bfc\u00f3mo eliminar filas ocultas en excel?"},"content":{"rendered":"<div class=\"excel-antes-del-contenido\" id=\"excel-3239194862\"><script type=\"text\/javascript\">\r\n\tatOptions = {\r\n\t\t'key' : 'c1158f160081d6540a8409e6925dab94',\r\n\t\t'format' : 'iframe',\r\n\t\t'height' : 250,\r\n\t\t'width' : 300,\r\n\t\t'params' : {}\r\n\t};\r\n<\/script>\r\n<script type=\"text\/javascript\" src=\"\/\/www.highperformanceformat.com\/c1158f160081d6540a8409e6925dab94\/invoke.js\"><\/script><\/div><p>A veces, mientras trabajan con datos de Excel, los usuarios ocultan varias filas y columnas que no quieren ver y, m\u00e1s tarde, despu\u00e9s de preparar los datos, eliminar estas m\u00faltiples filas y columnas ocultas de los datos es una tarea tediosa.<\/p>\n<p> Para superar esto, Excel tiene una funci\u00f3n incorporada para buscar y eliminar filas y columnas ocultas de una sola vez. A continuaci\u00f3n se muestran algunos pasos r\u00e1pidos y sencillos para eliminar todas las filas o columnas ocultas en Excel. <\/p>\n<h2 id=\"delete-all-hidden-rows-or-columns-in-excel-using-inspect-document\" class=\"wp-block-heading\">Elimine todas las filas o columnas ocultas en Excel usando Inspeccionar documento<\/h2>\n<ol>\n<li> Primero, haga clic en la pesta\u00f1a \u00abArchivo\u00bb. <br \/><img loading=\"lazy\" decoding=\"async\" title=\"1 pesta\u00f1a de archivo\" src=\"https:\/\/exceladvisor.org\/wp-content\/uploads\/2023\/08\/1-onglet-fichier.png\" sizes=\"auto, \" srcset=\"\" alt=\"file-tab\" width=\"544\" height=\"120\"><\/li>\n<li> Despu\u00e9s de eso, haga clic en \u00abInformaci\u00f3n\u00bb en el men\u00fa contextual, luego haga clic en \u00abVerificar problemas\u00bb y luego en \u00abInspeccionar documento\u00bb. <br \/><img loading=\"lazy\" decoding=\"async\" title=\"2-inspeccionar-documento\" src=\"https:\/\/exceladvisor.org\/wp-content\/uploads\/2023\/08\/2-inspecter-le-document.png\" sizes=\"auto, \" srcset=\"\" alt=\"inspect-document\" width=\"602\" height=\"506\"><\/li>\n<li> Una vez que hace clic en \u00abInspeccionar documento\u00bb, Excel abre el men\u00fa \u00abInspector de documentos\u00bb.<\/li>\n<li> Ahora s\u00f3lo necesitas hacer clic en el bot\u00f3n \u00abInspeccionar\u00bb. <br \/><img loading=\"lazy\" decoding=\"async\" title=\"inspector de 3 documentos\" src=\"https:\/\/exceladvisor.org\/wp-content\/uploads\/2023\/08\/3-inspecteur-de-documents.png\" sizes=\"auto, \" srcset=\"\" alt=\"document-inspector\" width=\"450\" height=\"417\"><\/li>\n<li> Al final, haga clic en \u00abEliminar todo\u00bb en la selecci\u00f3n \u00abFilas y columnas ocultas\u00bb. <br \/><img loading=\"lazy\" decoding=\"async\" title=\"4-eliminar-todo\" src=\"https:\/\/exceladvisor.org\/wp-content\/uploads\/2023\/08\/4-supprimer-tout.png\" sizes=\"auto, \" srcset=\"\" alt=\"remove-all\" width=\"452\" height=\"421\"><\/li>\n<li> En este punto, se han eliminado todas las filas o columnas ocultas en Excel. <br \/><img loading=\"lazy\" decoding=\"async\" title=\"5-filas-y-columnas-ocultas\" src=\"https:\/\/exceladvisor.org\/wp-content\/uploads\/2023\/08\/5-lignes-et-colonnes-masquees.png\" sizes=\"auto, \" srcset=\"\" alt=\"hidden-rows-and-columns\" width=\"451\" height=\"415\"><\/li>\n<\/ol>\n<h2 id=\"delete-all-hidden-rows-or-column-using-vba-macros\" class=\"wp-block-heading\"> Elimine todas las filas o columnas ocultas usando VBA<\/h2>\n<p> En los dos c\u00f3digos siguientes, puede eliminar las filas y columnas del rango usado que est\u00e1n ocultas.<\/p>\n<pre class=\"wp-block-code\"> <code class=\"language-visual-basic line-numbers\" lang=\"visual-basic\">Sub delete_hidden_columns() Dim ws As Worksheet Dim iCol As Integer Set ws = ActiveSheet iCol = ws.UsedRange.Columns(ws.UsedRange.Columns.Count).Column For i = iCol To 1 Step -1 If Columns(i).Hidden = True Then Columns(i).EntireColumn.Delete Next End Sub '------------------------------------------------- Sub delete_hidden_rows() Dim ws As Worksheet Dim iRow As Integer Set ws = ActiveSheet iRow = ws.UsedRange.Columns(ws.UsedRange.Rows.Count).Row For i = iRow To 1 Step -1 If Rows(i).Hidden = True Then Rows(i).EntireRow.Delete Next End Sub<\/code><\/pre>\n<div class=\"gb-container gb-container-4db6181c gb-container-mt\"> <a class=\"gb-button gb-button-c5897111 gb-button-text gb-button-mt-button\" href=\"https:\/\/exceladvisor.org\/es\/conceptos-basicos-de-excel\/\">Conceptos b\u00e1sicos de Microsoft Excel (componentes, piezas y notas de conocimiento)<\/a><\/p>\n<h2 class=\"gb-headline gb-headline-665e5f6b gb-headline-text gb-headline-mt-heading\"> Tutoriales relacionados <\/h2>\n<div class=\"gb-grid-wrapper gb-grid-wrapper-a20baf7c gb-grid-wrapper-mt-grid\">\n<div class=\"gb-grid-column gb-grid-column-65ddf67e\">\n<div class=\"gb-container gb-container-65ddf67e\">\n<ul>\n<li> <a href=\"https:\/\/exceladvisor.org\/es\/agregar-eliminar-hipervinculos\/\">Agregar y eliminar hiperv\u00ednculos en Excel<\/a><\/li>\n<li> <a href=\"https:\/\/exceladvisor.org\/es\/agregar-marca-de-agua\/\">Agregar una marca de agua en Excel<\/a><\/li>\n<li> <a href=\"https:\/\/exceladvisor.org\/es\/deseleccionar-celdas\/\">Deseleccionar celdas en Excel<\/a><\/li>\n<li> <a href=\"https:\/\/exceladvisor.org\/es\/agregar-una-columna\/\">Agregar una columna en Excel<\/a> <\/li>\n<\/ul>\n<\/div>\n<\/div>\n<div class=\"gb-grid-column gb-grid-column-50067b57\">\n<div class=\"gb-container gb-container-50067b57\">\n<ul>\n<li> <a href=\"https:\/\/exceladvisor.org\/es\/eliminar-lineas\/\">Eliminar una fila o varias filas en Excel<\/a><\/li>\n<li> <a href=\"https:\/\/exceladvisor.org\/es\/copiar-columna\/\">Copiar y pegar una columna en Excel<\/a><\/li>\n<li> <a href=\"https:\/\/exceladvisor.org\/es\/mover-fila-columna\/\">Mover una fila y columna en Excel<\/a><\/li>\n<li> <a href=\"https:\/\/exceladvisor.org\/es\/ancho-de-columna\/\">C\u00f3mo cambiar el ancho de las columnas en Excel<\/a><\/li>\n<\/ul>\n<\/div>\n<\/div>\n<\/div>\n<\/div>\n","protected":false},"excerpt":{"rendered":"<p>A veces, mientras trabajan con datos de Excel, los usuarios ocultan varias filas y columnas que no quieren ver y, m\u00e1s tarde, despu\u00e9s de preparar los datos, eliminar estas m\u00faltiples filas y columnas ocultas de los datos es una tarea tediosa. Para superar esto, Excel tiene una funci\u00f3n incorporada para buscar y eliminar filas y [&hellip;]<\/p>\n","protected":false},"author":1,"featured_media":0,"parent":0,"menu_order":0,"comment_status":"open","ping_status":"closed","template":"","meta":{"ub_ctt_via":"","footnotes":""},"class_list":["post-156","page","type-page","status-publish","hentry"],"featured_image_src":null,"yoast_head":"<!-- This site is optimized with the Yoast SEO plugin v25.4 - https:\/\/yoast.com\/wordpress\/plugins\/seo\/ -->\n<title>\u00bfc\u00f3mo eliminar filas ocultas en excel?<\/title>\n<meta name=\"robots\" content=\"index, follow, max-snippet:-1, max-image-preview:large, max-video-preview:-1\" \/>\n<link rel=\"canonical\" href=\"https:\/\/exceladvisor.org\/es\/eliminar-columnas-de-filas-ocultas\/\" \/>\n<meta property=\"og:locale\" content=\"es_ES\" \/>\n<meta property=\"og:type\" content=\"article\" \/>\n<meta property=\"og:title\" content=\"\u00bfc\u00f3mo eliminar filas ocultas en excel?\" \/>\n<meta property=\"og:description\" content=\"A veces, mientras trabajan con datos de Excel, los usuarios ocultan varias filas y columnas que no quieren ver y, m\u00e1s tarde, despu\u00e9s de preparar los datos, eliminar estas m\u00faltiples filas y columnas ocultas de los datos es una tarea tediosa. Para superar esto, Excel tiene una funci\u00f3n incorporada para buscar y eliminar filas y [&hellip;]\" \/>\n<meta property=\"og:url\" content=\"https:\/\/exceladvisor.org\/es\/eliminar-columnas-de-filas-ocultas\/\" \/>\n<meta property=\"og:site_name\" content=\"Excel Advisor\" \/>\n<meta property=\"article:modified_time\" content=\"2023-12-25T10:24:56+00:00\" \/>\n<meta property=\"og:image\" content=\"https:\/\/exceladvisor.org\/wp-content\/uploads\/2023\/08\/1-onglet-fichier.png\" \/>\n<meta name=\"twitter:card\" content=\"summary_large_image\" \/>\n<meta name=\"twitter:label1\" content=\"Tiempo de lectura\" \/>\n\t<meta name=\"twitter:data1\" content=\"2 minutos\" \/>\n<script type=\"application\/ld+json\" class=\"yoast-schema-graph\">{\"@context\":\"https:\/\/schema.org\",\"@graph\":[{\"@type\":\"WebPage\",\"@id\":\"https:\/\/exceladvisor.org\/es\/eliminar-columnas-de-filas-ocultas\/\",\"url\":\"https:\/\/exceladvisor.org\/es\/eliminar-columnas-de-filas-ocultas\/\",\"name\":\"\u00bfc\u00f3mo eliminar filas ocultas en excel?\",\"isPartOf\":{\"@id\":\"https:\/\/exceladvisor.org\/es\/#website\"},\"primaryImageOfPage\":{\"@id\":\"https:\/\/exceladvisor.org\/es\/eliminar-columnas-de-filas-ocultas\/#primaryimage\"},\"image\":{\"@id\":\"https:\/\/exceladvisor.org\/es\/eliminar-columnas-de-filas-ocultas\/#primaryimage\"},\"thumbnailUrl\":\"https:\/\/exceladvisor.org\/wp-content\/uploads\/2023\/08\/1-onglet-fichier.png\",\"datePublished\":\"2023-11-14T19:39:30+00:00\",\"dateModified\":\"2023-12-25T10:24:56+00:00\",\"breadcrumb\":{\"@id\":\"https:\/\/exceladvisor.org\/es\/eliminar-columnas-de-filas-ocultas\/#breadcrumb\"},\"inLanguage\":\"es\",\"potentialAction\":[{\"@type\":\"ReadAction\",\"target\":[\"https:\/\/exceladvisor.org\/es\/eliminar-columnas-de-filas-ocultas\/\"]}]},{\"@type\":\"ImageObject\",\"inLanguage\":\"es\",\"@id\":\"https:\/\/exceladvisor.org\/es\/eliminar-columnas-de-filas-ocultas\/#primaryimage\",\"url\":\"https:\/\/exceladvisor.org\/wp-content\/uploads\/2023\/08\/1-onglet-fichier.png\",\"contentUrl\":\"https:\/\/exceladvisor.org\/wp-content\/uploads\/2023\/08\/1-onglet-fichier.png\"},{\"@type\":\"BreadcrumbList\",\"@id\":\"https:\/\/exceladvisor.org\/es\/eliminar-columnas-de-filas-ocultas\/#breadcrumb\",\"itemListElement\":[{\"@type\":\"ListItem\",\"position\":1,\"name\":\"Hogar\",\"item\":\"https:\/\/exceladvisor.org\/es\/\"},{\"@type\":\"ListItem\",\"position\":2,\"name\":\"\u00bfc\u00f3mo eliminar filas ocultas en excel?\"}]},{\"@type\":\"WebSite\",\"@id\":\"https:\/\/exceladvisor.org\/es\/#website\",\"url\":\"https:\/\/exceladvisor.org\/es\/\",\"name\":\"Excel Advisor\",\"description\":\"Su gu\u00eda para la dominaci\u00f3n de datos!\",\"publisher\":{\"@id\":\"https:\/\/exceladvisor.org\/es\/#organization\"},\"potentialAction\":[{\"@type\":\"SearchAction\",\"target\":{\"@type\":\"EntryPoint\",\"urlTemplate\":\"https:\/\/exceladvisor.org\/es\/?s={search_term_string}\"},\"query-input\":{\"@type\":\"PropertyValueSpecification\",\"valueRequired\":true,\"valueName\":\"search_term_string\"}}],\"inLanguage\":\"es\"},{\"@type\":\"Organization\",\"@id\":\"https:\/\/exceladvisor.org\/es\/#organization\",\"name\":\"Excel Advisor\",\"url\":\"https:\/\/exceladvisor.org\/es\/\",\"logo\":{\"@type\":\"ImageObject\",\"inLanguage\":\"es\",\"@id\":\"https:\/\/exceladvisor.org\/es\/#\/schema\/logo\/image\/\",\"url\":\"https:\/\/exceladvisor.org\/es\/wp-content\/uploads\/2023\/12\/exceladvisor.org_.png\",\"contentUrl\":\"https:\/\/exceladvisor.org\/es\/wp-content\/uploads\/2023\/12\/exceladvisor.org_.png\",\"width\":105,\"height\":36,\"caption\":\"Excel Advisor\"},\"image\":{\"@id\":\"https:\/\/exceladvisor.org\/es\/#\/schema\/logo\/image\/\"}}]}<\/script>\n<!-- \/ Yoast SEO plugin. -->","yoast_head_json":{"title":"\u00bfc\u00f3mo eliminar filas ocultas en excel?","robots":{"index":"index","follow":"follow","max-snippet":"max-snippet:-1","max-image-preview":"max-image-preview:large","max-video-preview":"max-video-preview:-1"},"canonical":"https:\/\/exceladvisor.org\/es\/eliminar-columnas-de-filas-ocultas\/","og_locale":"es_ES","og_type":"article","og_title":"\u00bfc\u00f3mo eliminar filas ocultas en excel?","og_description":"A veces, mientras trabajan con datos de Excel, los usuarios ocultan varias filas y columnas que no quieren ver y, m\u00e1s tarde, despu\u00e9s de preparar los datos, eliminar estas m\u00faltiples filas y columnas ocultas de los datos es una tarea tediosa. Para superar esto, Excel tiene una funci\u00f3n incorporada para buscar y eliminar filas y [&hellip;]","og_url":"https:\/\/exceladvisor.org\/es\/eliminar-columnas-de-filas-ocultas\/","og_site_name":"Excel Advisor","article_modified_time":"2023-12-25T10:24:56+00:00","og_image":[{"url":"https:\/\/exceladvisor.org\/wp-content\/uploads\/2023\/08\/1-onglet-fichier.png","type":"","width":"","height":""}],"twitter_card":"summary_large_image","twitter_misc":{"Tiempo de lectura":"2 minutos"},"schema":{"@context":"https:\/\/schema.org","@graph":[{"@type":"WebPage","@id":"https:\/\/exceladvisor.org\/es\/eliminar-columnas-de-filas-ocultas\/","url":"https:\/\/exceladvisor.org\/es\/eliminar-columnas-de-filas-ocultas\/","name":"\u00bfc\u00f3mo eliminar filas ocultas en excel?","isPartOf":{"@id":"https:\/\/exceladvisor.org\/es\/#website"},"primaryImageOfPage":{"@id":"https:\/\/exceladvisor.org\/es\/eliminar-columnas-de-filas-ocultas\/#primaryimage"},"image":{"@id":"https:\/\/exceladvisor.org\/es\/eliminar-columnas-de-filas-ocultas\/#primaryimage"},"thumbnailUrl":"https:\/\/exceladvisor.org\/wp-content\/uploads\/2023\/08\/1-onglet-fichier.png","datePublished":"2023-11-14T19:39:30+00:00","dateModified":"2023-12-25T10:24:56+00:00","breadcrumb":{"@id":"https:\/\/exceladvisor.org\/es\/eliminar-columnas-de-filas-ocultas\/#breadcrumb"},"inLanguage":"es","potentialAction":[{"@type":"ReadAction","target":["https:\/\/exceladvisor.org\/es\/eliminar-columnas-de-filas-ocultas\/"]}]},{"@type":"ImageObject","inLanguage":"es","@id":"https:\/\/exceladvisor.org\/es\/eliminar-columnas-de-filas-ocultas\/#primaryimage","url":"https:\/\/exceladvisor.org\/wp-content\/uploads\/2023\/08\/1-onglet-fichier.png","contentUrl":"https:\/\/exceladvisor.org\/wp-content\/uploads\/2023\/08\/1-onglet-fichier.png"},{"@type":"BreadcrumbList","@id":"https:\/\/exceladvisor.org\/es\/eliminar-columnas-de-filas-ocultas\/#breadcrumb","itemListElement":[{"@type":"ListItem","position":1,"name":"Hogar","item":"https:\/\/exceladvisor.org\/es\/"},{"@type":"ListItem","position":2,"name":"\u00bfc\u00f3mo eliminar filas ocultas en excel?"}]},{"@type":"WebSite","@id":"https:\/\/exceladvisor.org\/es\/#website","url":"https:\/\/exceladvisor.org\/es\/","name":"Excel Advisor","description":"Su gu\u00eda para la dominaci\u00f3n de datos!","publisher":{"@id":"https:\/\/exceladvisor.org\/es\/#organization"},"potentialAction":[{"@type":"SearchAction","target":{"@type":"EntryPoint","urlTemplate":"https:\/\/exceladvisor.org\/es\/?s={search_term_string}"},"query-input":{"@type":"PropertyValueSpecification","valueRequired":true,"valueName":"search_term_string"}}],"inLanguage":"es"},{"@type":"Organization","@id":"https:\/\/exceladvisor.org\/es\/#organization","name":"Excel Advisor","url":"https:\/\/exceladvisor.org\/es\/","logo":{"@type":"ImageObject","inLanguage":"es","@id":"https:\/\/exceladvisor.org\/es\/#\/schema\/logo\/image\/","url":"https:\/\/exceladvisor.org\/es\/wp-content\/uploads\/2023\/12\/exceladvisor.org_.png","contentUrl":"https:\/\/exceladvisor.org\/es\/wp-content\/uploads\/2023\/12\/exceladvisor.org_.png","width":105,"height":36,"caption":"Excel Advisor"},"image":{"@id":"https:\/\/exceladvisor.org\/es\/#\/schema\/logo\/image\/"}}]}},"yoast_meta":{"yoast_wpseo_title":"","yoast_wpseo_metadesc":"","yoast_wpseo_canonical":""},"_links":{"self":[{"href":"https:\/\/exceladvisor.org\/es\/wp-json\/wp\/v2\/pages\/156","targetHints":{"allow":["GET"]}}],"collection":[{"href":"https:\/\/exceladvisor.org\/es\/wp-json\/wp\/v2\/pages"}],"about":[{"href":"https:\/\/exceladvisor.org\/es\/wp-json\/wp\/v2\/types\/page"}],"author":[{"embeddable":true,"href":"https:\/\/exceladvisor.org\/es\/wp-json\/wp\/v2\/users\/1"}],"replies":[{"embeddable":true,"href":"https:\/\/exceladvisor.org\/es\/wp-json\/wp\/v2\/comments?post=156"}],"version-history":[{"count":1,"href":"https:\/\/exceladvisor.org\/es\/wp-json\/wp\/v2\/pages\/156\/revisions"}],"predecessor-version":[{"id":980,"href":"https:\/\/exceladvisor.org\/es\/wp-json\/wp\/v2\/pages\/156\/revisions\/980"}],"wp:attachment":[{"href":"https:\/\/exceladvisor.org\/es\/wp-json\/wp\/v2\/media?parent=156"}],"curies":[{"name":"wp","href":"https:\/\/api.w.org\/{rel}","templated":true}]}}