{"id":157,"date":"2023-11-14T19:13:47","date_gmt":"2023-11-14T19:13:47","guid":{"rendered":"https:\/\/exceladvisor.org\/es\/eliminar-salto-de-pagina\/"},"modified":"2023-12-25T10:25:03","modified_gmt":"2023-12-25T10:25:03","slug":"eliminar-salto-de-pagina","status":"publish","type":"page","link":"https:\/\/exceladvisor.org\/es\/eliminar-salto-de-pagina\/","title":{"rendered":"\u00bfc\u00f3mo eliminar un salto de p\u00e1gina en excel?"},"content":{"rendered":"<div class=\"excel-antes-del-contenido\" id=\"excel-2756368572\"><script type=\"text\/javascript\">\r\n\tatOptions = {\r\n\t\t'key' : 'c1158f160081d6540a8409e6925dab94',\r\n\t\t'format' : 'iframe',\r\n\t\t'height' : 250,\r\n\t\t'width' : 300,\r\n\t\t'params' : {}\r\n\t};\r\n<\/script>\r\n<script type=\"text\/javascript\" src=\"\/\/www.highperformanceformat.com\/c1158f160081d6540a8409e6925dab94\/invoke.js\"><\/script><\/div><p>El salto de p\u00e1gina en Excel es una caracter\u00edstica que divide o divide los datos de su hoja de c\u00e1lculo en p\u00e1ginas separadas para imprimir.<\/p>\n<p> Se desglosa y le muestra los datos para imprimir en una sola y cada p\u00e1gina hasta el final de sus datos.<\/p>\n<p> El salto de p\u00e1gina de Excel divide los datos en funci\u00f3n de varios par\u00e1metros como margen de p\u00e1gina, escala, tama\u00f1o de p\u00e1gina, etc. La vista Salto de p\u00e1gina muestra l\u00edneas de puntos para ver d\u00f3nde se dividen los datos en la p\u00e1gina siguiente.<\/p>\n<p> Antes de imprimir los datos del libro, cada usuario quiere ver c\u00f3mo se imprimen los datos en cada p\u00e1gina, y para ello puede verlo cambiando la vista normal de Excel a la vista de salto de p\u00e1gina y tambi\u00e9n puede ajustar la p\u00e1gina de selecci\u00f3n de salto seg\u00fan sus preferencias. .<\/p>\n<p> A continuaci\u00f3n, hemos capturado algunos pasos r\u00e1pidos y sencillos sobre c\u00f3mo insertar y eliminar saltos de p\u00e1gina en Excel.<\/p>\n<h2 class=\"wp-block-heading\"> Abrir vista de salto de p\u00e1gina en Excel<\/h2>\n<ol>\n<li> Primero, vaya a la pesta\u00f1a \u00abVer\u00bb y, en el grupo \u00abVistas del libro de trabajo\u00bb, haga clic en el icono \u00abVista previa de salto de p\u00e1gina\u00bb. <br \/><img loading=\"lazy\" decoding=\"async\" title=\"Icono de vista previa de salto de 1 p\u00e1gina\" src=\"https:\/\/exceladvisor.org\/wp-content\/uploads\/2023\/08\/1-icone-dapercu-de-saut-de-page.png\" sizes=\"auto, \" srcset=\"\" alt=\"page-break-preview-icon\" width=\"549\" height=\"299\"><\/li>\n<li> Una vez que hace clic en \u00abVista previa de salto de p\u00e1gina\u00bb, Excel convierte la vista normal en una vista de salto de p\u00e1gina. <br \/><img loading=\"lazy\" decoding=\"async\" title=\"vista previa de salto de 2 p\u00e1ginas\" src=\"https:\/\/exceladvisor.org\/wp-content\/uploads\/2023\/08\/Apercu-de-saut-de-page-de-2-pages.png\" sizes=\"auto, \" srcset=\"\" alt=\"page-break-preview\" width=\"563\" height=\"364\"><\/li>\n<li> Aqu\u00ed puede ver c\u00f3mo se dividen los datos de su libro en cada p\u00e1gina cuando imprime.<\/li>\n<\/ol>\n<h2 class=\"wp-block-heading\"> Ajustar saltos de p\u00e1gina en Excel<\/h2>\n<ol>\n<li> Haga clic en la l\u00ednea de salto de p\u00e1gina vertical de puntos, mantenga presionado el bot\u00f3n del mouse y arrastre hacia la izquierda o hacia la derecha hasta la columna en la que desea dividir los encabezados de datos para imprimir en cada p\u00e1gina.<\/li>\n<li> Haga clic en las l\u00edneas de salto de p\u00e1gina horizontales punteadas, mantenga presionado el bot\u00f3n del mouse y arrastre hasta la ubicaci\u00f3n superior o inferior donde desea que se impriman los datos en cada p\u00e1gina. <br \/><img loading=\"lazy\" decoding=\"async\" title=\"L\u00edneas de salto de p\u00e1gina de 3 puntos\" src=\"https:\/\/exceladvisor.org\/wp-content\/uploads\/2023\/08\/3-lignes-de-saut-de-page-en-pointilles.png\" sizes=\"auto, \" srcset=\"\" alt=\"dotted-page-break-lines\" width=\"485\" height=\"434\"><\/li>\n<li> Si desea que todas las columnas de encabezado de sus datos se impriman en cada p\u00e1gina, simplemente arrastre la l\u00ednea de puntos vertical al final de las columnas de encabezado. <br \/><img loading=\"lazy\" decoding=\"async\" title=\"4 l\u00edneas de puntos verticales\" src=\"https:\/\/exceladvisor.org\/wp-content\/uploads\/2023\/08\/4-lignes-pointillees-verticales.png\" sizes=\"auto, \" srcset=\"\" alt=\"vertical-dotted-lines\" width=\"511\" height=\"405\"><\/li>\n<\/ol>\n<p> En la imagen de arriba, hemos arrastrado la l\u00ednea discontinua vertical al final de las columnas del encabezado para imprimir todas las columnas del encabezado (AJ) en cada p\u00e1gina.<\/p>\n<h2 class=\"wp-block-heading\"> Insertar o eliminar salto de p\u00e1gina insertado manualmente<\/h2>\n<p> Tambi\u00e9n puede insertar o eliminar saltos de p\u00e1gina manuales en la vista de saltos de p\u00e1gina siguiendo los pasos a continuaci\u00f3n.<\/p>\n<ol>\n<li> Primero cambie al modo de salto de p\u00e1gina y haga clic en la celda situada a la izquierda y en la parte superior de la cual desea insertar el salto de p\u00e1gina. <br \/><img loading=\"lazy\" decoding=\"async\" title=\"5 saltos de p\u00e1gina insertados manualmente\" src=\"https:\/\/exceladvisor.org\/wp-content\/uploads\/2023\/08\/5-sauts-de-page-inseres-manuellement.png\" sizes=\"auto, \" srcset=\"\" alt=\"manual-inserted-page-break\" width=\"500\" height=\"469\"><\/li>\n<li> Despu\u00e9s de eso, vaya a la pesta\u00f1a \u00abDise\u00f1o de p\u00e1gina\u00bb, luego haga clic en el icono \u00abSaltos\u00bb debajo del grupo \u00abDise\u00f1o\u00bb, luego haga clic en la opci\u00f3n \u00abInsertar salto de p\u00e1gina\u00bb. <br \/><img loading=\"lazy\" decoding=\"async\" title=\"Opci\u00f3n de salto de p\u00e1gina de 6 inserciones\" src=\"https:\/\/exceladvisor.org\/wp-content\/uploads\/2023\/08\/6-option-dinsertion-de-saut-de-page.png\" sizes=\"auto, \" srcset=\"\" alt=\"insert-page-break-option\" width=\"500\" height=\"471\"><\/li>\n<li> Una vez que hace clic en \u00abInsertar salto de p\u00e1gina\u00bb, Excel se divide y crea el salto de p\u00e1gina manual a la izquierda y en la parte superior de la celda seleccionada. <br \/><img loading=\"lazy\" decoding=\"async\" title=\"7-crear-el-salto-de-p\u00e1gina-del-libro-de-texto\" src=\"https:\/\/exceladvisor.org\/wp-content\/uploads\/2023\/08\/7-cree-le-saut-de-page-manuel.png\" sizes=\"auto, \" srcset=\"\" alt=\"creates-the-manual-page-break\" width=\"500\" height=\"470\"><\/li>\n<li> Ahora, para eliminar el salto de p\u00e1gina insertado manualmente, debe hacer clic en la celda a la izquierda y en la parte superior de la cual desea eliminar el salto de p\u00e1gina insertado manualmente y hacer clic en la opci\u00f3n \u00abEliminar salto de p\u00e1gina\u00bb. <br \/><img loading=\"lazy\" decoding=\"async\" title=\"8-eliminar-salto-de-p\u00e1gina\" src=\"https:\/\/exceladvisor.org\/wp-content\/uploads\/2023\/08\/8-supprimer-le-saut-de-page.png\" sizes=\"auto, \" srcset=\"\" alt=\"remove-page-break\" width=\"500\" height=\"472\"><\/li>\n<li> En este punto, se ha eliminado el salto de p\u00e1gina insertado manualmente. <br \/><img loading=\"lazy\" decoding=\"async\" title=\"9-eliminar-manual-insertar-salto-de-p\u00e1gina\" src=\"https:\/\/exceladvisor.org\/wp-content\/uploads\/2023\/08\/9-supprimer-le-saut-de-page-insere-manuellement.png\" sizes=\"auto, \" srcset=\"\" alt=\"remove-manual-inserted-page-break\" width=\"510\" height=\"292\"><\/li>\n<\/ol>\n<p> Si ha insertado varios saltos de p\u00e1gina del manual, puede eliminarlos de una sola vez simplemente haciendo clic en las opciones \u00abRestablecer todos los saltos de p\u00e1gina\u00bb o puede eliminarlos uno por uno repitiendo los pasos que se explican a continuaci\u00f3n una y otra vez. arriba. <\/p>\n<div class=\"wp-block-image\">\n<figure class=\"aligncenter size-full is-resized\"><img loading=\"lazy\" decoding=\"async\" class=\"wp-image-64126\" src=\"https:\/\/exceladvisor.org\/wp-content\/uploads\/2023\/08\/10-reinitialiser-tous-les-sauts-de-page.png\" sizes=\"auto, \" srcset=\"\" alt=\"restablecer todos los saltos de p\u00e1gina\" width=\"586\" height=\"350\"><\/figure>\n<\/div>\n<h2 class=\"wp-block-heading\"> Eliminar l\u00edneas de salto de p\u00e1gina de puntos de la vista normal<\/h2>\n<p> Una vez que regrese a la vista normal desde la vista de salto de p\u00e1gina, la vista de salto de p\u00e1gina de Excel se habilita autom\u00e1ticamente.<\/p>\n<p> Y la l\u00ednea de salto de p\u00e1gina gris, discontinua y en negrita comienza a reflejarse en sus datos. Para eliminar estas l\u00edneas de la vista normal, debe seguir algunos pasos que se detallan a continuaci\u00f3n.<\/p>\n<ol>\n<li> Primero, haga clic en la pesta\u00f1a \u00abArchivo\u00bb y luego haga clic en \u00abopciones\u00bb en el men\u00fa contextual. <br \/><img loading=\"lazy\" decoding=\"async\" title=\"pesta\u00f1a 11 archivos\" src=\"https:\/\/exceladvisor.org\/wp-content\/uploads\/2023\/08\/11-onglet-fichier.png\" sizes=\"auto, \" srcset=\"\" alt=\"file-tab\" width=\"424\" height=\"119\"><br \/><img loading=\"lazy\" decoding=\"async\" style=\"display: block; margin-left: auto; margin-right: auto;\" title=\"12 opciones de clic\" src=\"https:\/\/exceladvisor.org\/wp-content\/uploads\/2023\/08\/12-cliquez-sur-les-options.png\" sizes=\"auto, \" srcset=\"\" alt=\"click-on-options\" width=\"132\" height=\"473\"><\/li>\n<li> Despu\u00e9s de eso, haga clic en \u00abAvanzado\u00bb y despl\u00e1cese hacia abajo hasta \u00abVer opciones para esta hoja de trabajo\u00bb en la barra de desplazamiento.<\/li>\n<li> Ahora, desmarque la casilla \u00abMostrar saltos de p\u00e1gina\u00bb y haga clic en \u00abAceptar\u00bb. <br \/><img loading=\"lazy\" decoding=\"async\" title=\"13 saltos de p\u00e1gina para desmarcar y mostrar\" src=\"https:\/\/exceladvisor.org\/wp-content\/uploads\/2023\/08\/13-decochez-Afficher-les-sauts-de-page.png\" sizes=\"auto, \" srcset=\"\" alt=\"uncheck-show-page-breaks\" width=\"636\" height=\"431\"><\/li>\n<\/ol>\n<div class=\"gb-container gb-container-4db6181c gb-container-mt\"> <a class=\"gb-button gb-button-c5897111 gb-button-text gb-button-mt-button\" href=\"https:\/\/exceladvisor.org\/es\/conceptos-basicos-de-excel\/\">Conceptos b\u00e1sicos de Microsoft Excel (componentes, piezas y notas de conocimiento)<\/a><\/p>\n<h2 class=\"gb-headline gb-headline-665e5f6b gb-headline-text gb-headline-mt-heading\"> Tutoriales relacionados <\/h2>\n<div class=\"gb-grid-wrapper gb-grid-wrapper-a20baf7c gb-grid-wrapper-mt-grid\">\n<div class=\"gb-grid-column gb-grid-column-65ddf67e\">\n<div class=\"gb-container gb-container-65ddf67e\">\n<ul>\n<li> <a href=\"https:\/\/exceladvisor.org\/es\/establecer-area-de-impresion\/\">Establecer \u00e1rea de impresi\u00f3n en Excel<\/a><\/li>\n<li> <a href=\"https:\/\/exceladvisor.org\/es\/cambiar-la-orientacion-de-la-pagina\/\">Cambiar la orientaci\u00f3n de la p\u00e1gina en Excel<\/a><\/li>\n<li> <a href=\"https:\/\/exceladvisor.org\/es\/margen-de-pagina\/\">Margen de p\u00e1gina en Excel (cambiar y configurar)<\/a><\/li>\n<li> <a href=\"https:\/\/exceladvisor.org\/es\/vista-previa-antes-de-imprimir\/\">Vista previa de impresi\u00f3n en Excel<\/a><\/li>\n<li> <a href=\"https:\/\/exceladvisor.org\/es\/centrarse-en-la-seleccion\/\">Centrarse en la selecci\u00f3n en Excel<\/a> <\/li>\n<\/ul>\n<\/div>\n<\/div>\n<div class=\"gb-grid-column gb-grid-column-50067b57\">\n<div class=\"gb-container gb-container-50067b57\"><\/div>\n<\/div>\n<\/div>\n<\/div>\n","protected":false},"excerpt":{"rendered":"<p>El salto de p\u00e1gina en Excel es una caracter\u00edstica que divide o divide los datos de su hoja de c\u00e1lculo en p\u00e1ginas separadas para imprimir. Se desglosa y le muestra los datos para imprimir en una sola y cada p\u00e1gina hasta el final de sus datos. El salto de p\u00e1gina de Excel divide los datos [&hellip;]<\/p>\n","protected":false},"author":1,"featured_media":0,"parent":0,"menu_order":0,"comment_status":"open","ping_status":"closed","template":"","meta":{"ub_ctt_via":"","footnotes":""},"class_list":["post-157","page","type-page","status-publish","hentry"],"featured_image_src":null,"yoast_head":"<!-- This site is optimized with the Yoast SEO plugin v25.4 - https:\/\/yoast.com\/wordpress\/plugins\/seo\/ -->\n<title>\u00bfc\u00f3mo eliminar un salto de p\u00e1gina en excel?<\/title>\n<meta name=\"robots\" content=\"index, follow, max-snippet:-1, max-image-preview:large, max-video-preview:-1\" \/>\n<link rel=\"canonical\" href=\"https:\/\/exceladvisor.org\/es\/eliminar-salto-de-pagina\/\" \/>\n<meta property=\"og:locale\" content=\"es_ES\" \/>\n<meta property=\"og:type\" content=\"article\" \/>\n<meta property=\"og:title\" content=\"\u00bfc\u00f3mo eliminar un salto de p\u00e1gina en excel?\" \/>\n<meta property=\"og:description\" content=\"El salto de p\u00e1gina en Excel es una caracter\u00edstica que divide o divide los datos de su hoja de c\u00e1lculo en p\u00e1ginas separadas para imprimir. Se desglosa y le muestra los datos para imprimir en una sola y cada p\u00e1gina hasta el final de sus datos. El salto de p\u00e1gina de Excel divide los datos [&hellip;]\" \/>\n<meta property=\"og:url\" content=\"https:\/\/exceladvisor.org\/es\/eliminar-salto-de-pagina\/\" \/>\n<meta property=\"og:site_name\" content=\"Excel Advisor\" \/>\n<meta property=\"article:modified_time\" content=\"2023-12-25T10:25:03+00:00\" \/>\n<meta property=\"og:image\" content=\"https:\/\/exceladvisor.org\/wp-content\/uploads\/2023\/08\/1-icone-dapercu-de-saut-de-page.png\" \/>\n<meta name=\"twitter:card\" content=\"summary_large_image\" \/>\n<meta name=\"twitter:label1\" content=\"Tiempo de lectura\" \/>\n\t<meta name=\"twitter:data1\" content=\"4 minutos\" \/>\n<script type=\"application\/ld+json\" class=\"yoast-schema-graph\">{\"@context\":\"https:\/\/schema.org\",\"@graph\":[{\"@type\":\"WebPage\",\"@id\":\"https:\/\/exceladvisor.org\/es\/eliminar-salto-de-pagina\/\",\"url\":\"https:\/\/exceladvisor.org\/es\/eliminar-salto-de-pagina\/\",\"name\":\"\u00bfc\u00f3mo eliminar un salto de p\u00e1gina en excel?\",\"isPartOf\":{\"@id\":\"https:\/\/exceladvisor.org\/es\/#website\"},\"primaryImageOfPage\":{\"@id\":\"https:\/\/exceladvisor.org\/es\/eliminar-salto-de-pagina\/#primaryimage\"},\"image\":{\"@id\":\"https:\/\/exceladvisor.org\/es\/eliminar-salto-de-pagina\/#primaryimage\"},\"thumbnailUrl\":\"https:\/\/exceladvisor.org\/wp-content\/uploads\/2023\/08\/1-icone-dapercu-de-saut-de-page.png\",\"datePublished\":\"2023-11-14T19:13:47+00:00\",\"dateModified\":\"2023-12-25T10:25:03+00:00\",\"breadcrumb\":{\"@id\":\"https:\/\/exceladvisor.org\/es\/eliminar-salto-de-pagina\/#breadcrumb\"},\"inLanguage\":\"es\",\"potentialAction\":[{\"@type\":\"ReadAction\",\"target\":[\"https:\/\/exceladvisor.org\/es\/eliminar-salto-de-pagina\/\"]}]},{\"@type\":\"ImageObject\",\"inLanguage\":\"es\",\"@id\":\"https:\/\/exceladvisor.org\/es\/eliminar-salto-de-pagina\/#primaryimage\",\"url\":\"https:\/\/exceladvisor.org\/wp-content\/uploads\/2023\/08\/1-icone-dapercu-de-saut-de-page.png\",\"contentUrl\":\"https:\/\/exceladvisor.org\/wp-content\/uploads\/2023\/08\/1-icone-dapercu-de-saut-de-page.png\"},{\"@type\":\"BreadcrumbList\",\"@id\":\"https:\/\/exceladvisor.org\/es\/eliminar-salto-de-pagina\/#breadcrumb\",\"itemListElement\":[{\"@type\":\"ListItem\",\"position\":1,\"name\":\"Hogar\",\"item\":\"https:\/\/exceladvisor.org\/es\/\"},{\"@type\":\"ListItem\",\"position\":2,\"name\":\"\u00bfc\u00f3mo eliminar un salto de p\u00e1gina en excel?\"}]},{\"@type\":\"WebSite\",\"@id\":\"https:\/\/exceladvisor.org\/es\/#website\",\"url\":\"https:\/\/exceladvisor.org\/es\/\",\"name\":\"Excel Advisor\",\"description\":\"Su gu\u00eda para la dominaci\u00f3n de datos!\",\"publisher\":{\"@id\":\"https:\/\/exceladvisor.org\/es\/#organization\"},\"potentialAction\":[{\"@type\":\"SearchAction\",\"target\":{\"@type\":\"EntryPoint\",\"urlTemplate\":\"https:\/\/exceladvisor.org\/es\/?s={search_term_string}\"},\"query-input\":{\"@type\":\"PropertyValueSpecification\",\"valueRequired\":true,\"valueName\":\"search_term_string\"}}],\"inLanguage\":\"es\"},{\"@type\":\"Organization\",\"@id\":\"https:\/\/exceladvisor.org\/es\/#organization\",\"name\":\"Excel Advisor\",\"url\":\"https:\/\/exceladvisor.org\/es\/\",\"logo\":{\"@type\":\"ImageObject\",\"inLanguage\":\"es\",\"@id\":\"https:\/\/exceladvisor.org\/es\/#\/schema\/logo\/image\/\",\"url\":\"https:\/\/exceladvisor.org\/es\/wp-content\/uploads\/2023\/12\/exceladvisor.org_.png\",\"contentUrl\":\"https:\/\/exceladvisor.org\/es\/wp-content\/uploads\/2023\/12\/exceladvisor.org_.png\",\"width\":105,\"height\":36,\"caption\":\"Excel Advisor\"},\"image\":{\"@id\":\"https:\/\/exceladvisor.org\/es\/#\/schema\/logo\/image\/\"}}]}<\/script>\n<!-- \/ Yoast SEO plugin. -->","yoast_head_json":{"title":"\u00bfc\u00f3mo eliminar un salto de p\u00e1gina en excel?","robots":{"index":"index","follow":"follow","max-snippet":"max-snippet:-1","max-image-preview":"max-image-preview:large","max-video-preview":"max-video-preview:-1"},"canonical":"https:\/\/exceladvisor.org\/es\/eliminar-salto-de-pagina\/","og_locale":"es_ES","og_type":"article","og_title":"\u00bfc\u00f3mo eliminar un salto de p\u00e1gina en excel?","og_description":"El salto de p\u00e1gina en Excel es una caracter\u00edstica que divide o divide los datos de su hoja de c\u00e1lculo en p\u00e1ginas separadas para imprimir. Se desglosa y le muestra los datos para imprimir en una sola y cada p\u00e1gina hasta el final de sus datos. El salto de p\u00e1gina de Excel divide los datos [&hellip;]","og_url":"https:\/\/exceladvisor.org\/es\/eliminar-salto-de-pagina\/","og_site_name":"Excel Advisor","article_modified_time":"2023-12-25T10:25:03+00:00","og_image":[{"url":"https:\/\/exceladvisor.org\/wp-content\/uploads\/2023\/08\/1-icone-dapercu-de-saut-de-page.png","type":"","width":"","height":""}],"twitter_card":"summary_large_image","twitter_misc":{"Tiempo de lectura":"4 minutos"},"schema":{"@context":"https:\/\/schema.org","@graph":[{"@type":"WebPage","@id":"https:\/\/exceladvisor.org\/es\/eliminar-salto-de-pagina\/","url":"https:\/\/exceladvisor.org\/es\/eliminar-salto-de-pagina\/","name":"\u00bfc\u00f3mo eliminar un salto de p\u00e1gina en excel?","isPartOf":{"@id":"https:\/\/exceladvisor.org\/es\/#website"},"primaryImageOfPage":{"@id":"https:\/\/exceladvisor.org\/es\/eliminar-salto-de-pagina\/#primaryimage"},"image":{"@id":"https:\/\/exceladvisor.org\/es\/eliminar-salto-de-pagina\/#primaryimage"},"thumbnailUrl":"https:\/\/exceladvisor.org\/wp-content\/uploads\/2023\/08\/1-icone-dapercu-de-saut-de-page.png","datePublished":"2023-11-14T19:13:47+00:00","dateModified":"2023-12-25T10:25:03+00:00","breadcrumb":{"@id":"https:\/\/exceladvisor.org\/es\/eliminar-salto-de-pagina\/#breadcrumb"},"inLanguage":"es","potentialAction":[{"@type":"ReadAction","target":["https:\/\/exceladvisor.org\/es\/eliminar-salto-de-pagina\/"]}]},{"@type":"ImageObject","inLanguage":"es","@id":"https:\/\/exceladvisor.org\/es\/eliminar-salto-de-pagina\/#primaryimage","url":"https:\/\/exceladvisor.org\/wp-content\/uploads\/2023\/08\/1-icone-dapercu-de-saut-de-page.png","contentUrl":"https:\/\/exceladvisor.org\/wp-content\/uploads\/2023\/08\/1-icone-dapercu-de-saut-de-page.png"},{"@type":"BreadcrumbList","@id":"https:\/\/exceladvisor.org\/es\/eliminar-salto-de-pagina\/#breadcrumb","itemListElement":[{"@type":"ListItem","position":1,"name":"Hogar","item":"https:\/\/exceladvisor.org\/es\/"},{"@type":"ListItem","position":2,"name":"\u00bfc\u00f3mo eliminar un salto de p\u00e1gina en excel?"}]},{"@type":"WebSite","@id":"https:\/\/exceladvisor.org\/es\/#website","url":"https:\/\/exceladvisor.org\/es\/","name":"Excel Advisor","description":"Su gu\u00eda para la dominaci\u00f3n de datos!","publisher":{"@id":"https:\/\/exceladvisor.org\/es\/#organization"},"potentialAction":[{"@type":"SearchAction","target":{"@type":"EntryPoint","urlTemplate":"https:\/\/exceladvisor.org\/es\/?s={search_term_string}"},"query-input":{"@type":"PropertyValueSpecification","valueRequired":true,"valueName":"search_term_string"}}],"inLanguage":"es"},{"@type":"Organization","@id":"https:\/\/exceladvisor.org\/es\/#organization","name":"Excel Advisor","url":"https:\/\/exceladvisor.org\/es\/","logo":{"@type":"ImageObject","inLanguage":"es","@id":"https:\/\/exceladvisor.org\/es\/#\/schema\/logo\/image\/","url":"https:\/\/exceladvisor.org\/es\/wp-content\/uploads\/2023\/12\/exceladvisor.org_.png","contentUrl":"https:\/\/exceladvisor.org\/es\/wp-content\/uploads\/2023\/12\/exceladvisor.org_.png","width":105,"height":36,"caption":"Excel Advisor"},"image":{"@id":"https:\/\/exceladvisor.org\/es\/#\/schema\/logo\/image\/"}}]}},"yoast_meta":{"yoast_wpseo_title":"","yoast_wpseo_metadesc":"","yoast_wpseo_canonical":""},"_links":{"self":[{"href":"https:\/\/exceladvisor.org\/es\/wp-json\/wp\/v2\/pages\/157","targetHints":{"allow":["GET"]}}],"collection":[{"href":"https:\/\/exceladvisor.org\/es\/wp-json\/wp\/v2\/pages"}],"about":[{"href":"https:\/\/exceladvisor.org\/es\/wp-json\/wp\/v2\/types\/page"}],"author":[{"embeddable":true,"href":"https:\/\/exceladvisor.org\/es\/wp-json\/wp\/v2\/users\/1"}],"replies":[{"embeddable":true,"href":"https:\/\/exceladvisor.org\/es\/wp-json\/wp\/v2\/comments?post=157"}],"version-history":[{"count":1,"href":"https:\/\/exceladvisor.org\/es\/wp-json\/wp\/v2\/pages\/157\/revisions"}],"predecessor-version":[{"id":996,"href":"https:\/\/exceladvisor.org\/es\/wp-json\/wp\/v2\/pages\/157\/revisions\/996"}],"wp:attachment":[{"href":"https:\/\/exceladvisor.org\/es\/wp-json\/wp\/v2\/media?parent=157"}],"curies":[{"name":"wp","href":"https:\/\/api.w.org\/{rel}","templated":true}]}}