{"id":158,"date":"2023-11-14T18:15:32","date_gmt":"2023-11-14T18:15:32","guid":{"rendered":"https:\/\/exceladvisor.org\/es\/dibuja-una-linea\/"},"modified":"2023-12-25T10:24:49","modified_gmt":"2023-12-25T10:24:49","slug":"dibuja-una-linea","status":"publish","type":"page","link":"https:\/\/exceladvisor.org\/es\/dibuja-una-linea\/","title":{"rendered":"\u00bfc\u00f3mo dibujar una l\u00ednea en excel?"},"content":{"rendered":"<div class=\"excel-antes-del-contenido\" id=\"excel-2076278072\"><script type=\"text\/javascript\">\r\n\tatOptions = {\r\n\t\t'key' : 'c1158f160081d6540a8409e6925dab94',\r\n\t\t'format' : 'iframe',\r\n\t\t'height' : 250,\r\n\t\t'width' : 300,\r\n\t\t'params' : {}\r\n\t};\r\n<\/script>\r\n<script type=\"text\/javascript\" src=\"\/\/www.highperformanceformat.com\/c1158f160081d6540a8409e6925dab94\/invoke.js\"><\/script><\/div><p>Al igual que otras aplicaciones de Microsoft Office como Word o PowerPoint, Excel tambi\u00e9n tiene la capacidad de dibujar e insertar una l\u00ednea en la hoja de c\u00e1lculo. Los usuarios pueden dibujar l\u00edneas verticales, horizontales y diagonales en hojas para conectar celdas, gr\u00e1ficos, puntos y formas.<\/p>\n<p> Excel ofrece una variedad de tipos de l\u00edneas y, seg\u00fan las necesidades, los usuarios pueden seleccionar y dibujar diferentes tipos de l\u00edneas y tambi\u00e9n personalizarlas. Hemos mencionado algunos pasos r\u00e1pidos y sencillos para dibujar y formatear la l\u00ednea en Excel.<\/p>\n<h2 class=\"wp-block-heading\"> Dibuja una l\u00ednea usando formas.<\/h2>\n<ol>\n<li> Primero, vaya a la pesta\u00f1a \u00abInsertar\u00bb, luego haga clic en el icono \u00abFormas\u00bb y luego seleccione el tipo de l\u00ednea que desea dibujar. <br \/><img loading=\"lazy\" decoding=\"async\" title=\"1-insertar-formularios\" src=\"https:\/\/exceladvisor.org\/wp-content\/uploads\/2023\/08\/1-insert-formes.png\" sizes=\"auto, \" srcset=\"\" alt=\"insert-shapes\" width=\"417\" height=\"379\"><\/li>\n<li> Una vez que selecciona la fila, el puntero del mouse cambia a un signo m\u00e1s (+).<\/li>\n<li> Despu\u00e9s de eso, usando el mouse, vaya a cualquier celda para dibujar la l\u00ednea seleccionada.<\/li>\n<li> Ahora mantenga presionado el bot\u00f3n izquierdo del mouse y arrastre el mouse hasta una longitud determinada o hasta la celda en la que desea dibujar esta l\u00ednea. <br \/><img loading=\"lazy\" decoding=\"async\" title=\"2-dibuja una l\u00ednea\" src=\"https:\/\/exceladvisor.org\/wp-content\/uploads\/2023\/08\/2-tracer-une-ligne.png\" sizes=\"auto, \" srcset=\"\" alt=\"draw-a-line\" width=\"473\" height=\"127\"><\/li>\n<\/ol>\n<p> Los usuarios pueden hacer clic en la fila y copiarla y pegarla o arrastrarla a cualquier otra ubicaci\u00f3n de la hoja de trabajo.<\/p>\n<h2 class=\"wp-block-heading\"> Haz que la l\u00ednea sea una l\u00ednea recta perfecta.<\/h2>\n<p> Cuando los usuarios dibujan una l\u00ednea recta arrastrando el mouse, es posible que no obtengan la l\u00ednea recta perfecta. Para que la l\u00ednea sea una l\u00ednea recta perfecta, los usuarios pueden seguir los siguientes pasos.<\/p>\n<ol>\n<li> Primero, haga clic en la l\u00ednea y aparecer\u00e1 la pesta\u00f1a \u00abFormato\u00bb.<\/li>\n<li> Ahora, haz clic en la pesta\u00f1a \u201cFormato\u201d y aseg\u00farate de que la altura de la forma sea cero (0) cm para que quede una l\u00ednea perfectamente recta.<\/li>\n<li> Tambi\u00e9n puedes aumentar o disminuir la altura de la l\u00ednea para hacerla diagonal aumentando la altura de la forma usando las flechas hacia arriba y hacia abajo. <\/li>\n<\/ol>\n<div class=\"wp-block-image\">\n<figure class=\"aligncenter size-full is-resized\"><img loading=\"lazy\" decoding=\"async\" class=\"wp-image-64765\" src=\"https:\/\/exceladvisor.org\/wp-content\/uploads\/2023\/08\/3-droite-parfaite.png\" sizes=\"auto, \" srcset=\"\" alt=\"recta perfecta\" width=\"789\" height=\"174\"><\/figure>\n<\/div>\n<h2 class=\"wp-block-heading\"> Formatear o personalizar la l\u00ednea<\/h2>\n<p> Excel tiene la capacidad de formatear y personalizar la forma, tama\u00f1o, color y dise\u00f1o de las l\u00edneas.<\/p>\n<ol>\n<li> Primero, haga clic en la l\u00ednea y luego haga clic en la pesta\u00f1a \u00abFormato\u00bb.<\/li>\n<li> Despu\u00e9s de eso, haga clic en el bot\u00f3n de flecha desplegable en el grupo \u00abEstilo de forma\u00bb. <br \/><img loading=\"lazy\" decoding=\"async\" title=\"4-formato-la-linea\" src=\"https:\/\/exceladvisor.org\/wp-content\/uploads\/2023\/08\/4-formater-la-ligne.png\" sizes=\"auto, \" srcset=\"\" alt=\"format-the-line\" width=\"498\" height=\"259\"><\/li>\n<li> Ahora, seleccione su estilo de l\u00ednea en el men\u00fa desplegable \u00abEstilo de forma\u00bb. <br \/><img loading=\"lazy\" decoding=\"async\" title=\"Lista desplegable de 5 formas\" src=\"https:\/\/exceladvisor.org\/wp-content\/uploads\/2023\/08\/Liste-deroulante-de-5-styles-de-forme.png\" sizes=\"auto, \" srcset=\"\" alt=\"shape-style-dropdown\" width=\"457\" height=\"379\"><\/li>\n<li> Una vez que hace clic en el estilo requerido, la l\u00ednea se convierte a ese estilo. <br \/><img loading=\"lazy\" decoding=\"async\" title=\"6 l\u00edneas personalizadas\" src=\"https:\/\/exceladvisor.org\/wp-content\/uploads\/2023\/08\/6-personnalise-la-ligne.png\" sizes=\"auto, \" srcset=\"\" alt=\"customizes-line\" width=\"441\" height=\"230\"><\/li>\n<li> Para cambiar el color de la l\u00ednea, haga clic en la flecha desplegable \u00abContorno de forma\u00bb y seleccione el color deseado. <br \/><img loading=\"lazy\" decoding=\"async\" title=\"7-cambio-de-l\u00ednea-color\" src=\"https:\/\/exceladvisor.org\/wp-content\/uploads\/2023\/08\/7-changer-la-couleur-de-la-ligne.png\" sizes=\"auto, \" srcset=\"\" alt=\"change-line-color\" width=\"455\" height=\"280\"><\/li>\n<li> Para aumentar o disminuir el ancho de la l\u00ednea, haga clic en \u00abPeso\u00bb en el men\u00fa desplegable y seleccione el ancho deseado. <br \/><img loading=\"lazy\" decoding=\"async\" title=\"8-establecer el peso de la l\u00ednea\" src=\"https:\/\/exceladvisor.org\/wp-content\/uploads\/2023\/08\/8-definir-lepaisseur-de-la-ligne.png\" sizes=\"auto, \" srcset=\"\" alt=\"set-the-line-weight\" width=\"464\" height=\"322\"><\/li>\n<li> Para convertir la l\u00ednea en una l\u00ednea de puntos, haga clic en \u00abGuiones\u00bb en la lista desplegable y seleccione el estilo de l\u00ednea de puntos que desee. <br \/><img loading=\"lazy\" decoding=\"async\" title=\"9 l\u00ednea de puntos\" src=\"https:\/\/exceladvisor.org\/wp-content\/uploads\/2023\/08\/9-tirets-pointilles.png\" sizes=\"auto, \" srcset=\"\" alt=\"dotted-dashes-line\" width=\"469\" height=\"316\"><\/li>\n<li> Para agregar las flechas de direcci\u00f3n a la l\u00ednea, haga clic en \u00abFlechas\u00bb en la lista desplegable y seleccione el tipo de flecha deseado. <br \/><img loading=\"lazy\" decoding=\"async\" title=\"10 flechas de direcci\u00f3n a la l\u00ednea.\" src=\"https:\/\/exceladvisor.org\/wp-content\/uploads\/2023\/08\/10-fleches-directionnelles-a-la-ligne.png\" sizes=\"auto, \" srcset=\"\" alt=\"direction-arrows-to-line\" width=\"468\" height=\"373\"><\/li>\n<li> Para agregar los efectos a la l\u00ednea, haga clic en la flecha desplegable \u00abEfectos de forma\u00bb y seleccione el efecto deseado. <br \/><img loading=\"lazy\" decoding=\"async\" title=\"11 efectos de forma de l\u00ednea\" src=\"https:\/\/exceladvisor.org\/wp-content\/uploads\/2023\/08\/11-effets-de-forme-a-tracer.png\" sizes=\"auto, \" srcset=\"\" alt=\"shape-effects-to-line\" width=\"467\" height=\"345\"><\/li>\n<li> Para formatear m\u00e1s la fila, haga clic derecho en la fila y haga clic en \u00abFormato de forma\u00bb en el men\u00fa desplegable y abrir\u00e1 la ventana \u00abFormato de forma\u00bb. <br \/><img loading=\"lazy\" decoding=\"async\" title=\"Ventana conformada en 12 formatos.\" src=\"https:\/\/exceladvisor.org\/wp-content\/uploads\/2023\/08\/Fenetre-de-forme-au-format-12.png\" sizes=\"auto, \" srcset=\"\" alt=\"format-shape-window\" width=\"527\" height=\"437\"><\/li>\n<\/ol>\n<div class=\"gb-container gb-container-4db6181c gb-container-mt\"> <a class=\"gb-button gb-button-c5897111 gb-button-text gb-button-mt-button\" href=\"https:\/\/exceladvisor.org\/es\/conceptos-basicos-de-excel\/\">Conceptos b\u00e1sicos de Microsoft Excel (componentes, piezas y notas de conocimiento)<\/a><\/p>\n<h2 class=\"gb-headline gb-headline-665e5f6b gb-headline-text gb-headline-mt-heading\"> Tutoriales relacionados <\/h2>\n<div class=\"gb-grid-wrapper gb-grid-wrapper-a20baf7c gb-grid-wrapper-mt-grid\">\n<div class=\"gb-grid-column gb-grid-column-65ddf67e\">\n<div class=\"gb-container gb-container-65ddf67e\">\n<ul>\n<li> <a href=\"https:\/\/exceladvisor.org\/es\/agregar-un-boton\/\">Agregar un bot\u00f3n en Excel<\/a><\/li>\n<li> <a href=\"https:\/\/exceladvisor.org\/es\/fusionar-celulas-disociadas\/\">Fusionar: desagrupar celdas en Excel<\/a><\/li>\n<li> <a href=\"https:\/\/exceladvisor.org\/es\/corrector-ortografico\/\">Corrector ortogr\u00e1fico en Excel<\/a><\/li>\n<li> <a href=\"https:\/\/exceladvisor.org\/es\/retiro\/\">Aumentar y disminuir sangr\u00eda en Excel<\/a><\/li>\n<li> <a href=\"https:\/\/exceladvisor.org\/es\/rotar-texto\/\">Girar texto en Excel (orientaci\u00f3n del texto)<\/a> <\/li>\n<\/ul>\n<\/div>\n<\/div>\n<div class=\"gb-grid-column gb-grid-column-50067b57\">\n<div class=\"gb-container gb-container-50067b57\"><\/div>\n<\/div>\n<\/div>\n<\/div>\n","protected":false},"excerpt":{"rendered":"<p>Al igual que otras aplicaciones de Microsoft Office como Word o PowerPoint, Excel tambi\u00e9n tiene la capacidad de dibujar e insertar una l\u00ednea en la hoja de c\u00e1lculo. Los usuarios pueden dibujar l\u00edneas verticales, horizontales y diagonales en hojas para conectar celdas, gr\u00e1ficos, puntos y formas. Excel ofrece una variedad de tipos de l\u00edneas y, [&hellip;]<\/p>\n","protected":false},"author":1,"featured_media":0,"parent":0,"menu_order":0,"comment_status":"open","ping_status":"closed","template":"","meta":{"ub_ctt_via":"","footnotes":""},"class_list":["post-158","page","type-page","status-publish","hentry"],"featured_image_src":null,"yoast_head":"<!-- This site is optimized with the Yoast SEO plugin v25.4 - https:\/\/yoast.com\/wordpress\/plugins\/seo\/ -->\n<title>\u00bfc\u00f3mo dibujar una l\u00ednea en excel?<\/title>\n<meta name=\"robots\" content=\"index, follow, max-snippet:-1, max-image-preview:large, max-video-preview:-1\" \/>\n<link rel=\"canonical\" href=\"https:\/\/exceladvisor.org\/es\/dibuja-una-linea\/\" \/>\n<meta property=\"og:locale\" content=\"es_ES\" \/>\n<meta property=\"og:type\" content=\"article\" \/>\n<meta property=\"og:title\" content=\"\u00bfc\u00f3mo dibujar una l\u00ednea en excel?\" \/>\n<meta property=\"og:description\" content=\"Al igual que otras aplicaciones de Microsoft Office como Word o PowerPoint, Excel tambi\u00e9n tiene la capacidad de dibujar e insertar una l\u00ednea en la hoja de c\u00e1lculo. Los usuarios pueden dibujar l\u00edneas verticales, horizontales y diagonales en hojas para conectar celdas, gr\u00e1ficos, puntos y formas. Excel ofrece una variedad de tipos de l\u00edneas y, [&hellip;]\" \/>\n<meta property=\"og:url\" content=\"https:\/\/exceladvisor.org\/es\/dibuja-una-linea\/\" \/>\n<meta property=\"og:site_name\" content=\"Excel Advisor\" \/>\n<meta property=\"article:modified_time\" content=\"2023-12-25T10:24:49+00:00\" \/>\n<meta property=\"og:image\" content=\"https:\/\/exceladvisor.org\/wp-content\/uploads\/2023\/08\/1-insert-formes.png\" \/>\n<meta name=\"twitter:card\" content=\"summary_large_image\" \/>\n<meta name=\"twitter:label1\" content=\"Tiempo de lectura\" \/>\n\t<meta name=\"twitter:data1\" content=\"3 minutos\" \/>\n<script type=\"application\/ld+json\" class=\"yoast-schema-graph\">{\"@context\":\"https:\/\/schema.org\",\"@graph\":[{\"@type\":\"WebPage\",\"@id\":\"https:\/\/exceladvisor.org\/es\/dibuja-una-linea\/\",\"url\":\"https:\/\/exceladvisor.org\/es\/dibuja-una-linea\/\",\"name\":\"\u00bfc\u00f3mo dibujar una l\u00ednea en excel?\",\"isPartOf\":{\"@id\":\"https:\/\/exceladvisor.org\/es\/#website\"},\"primaryImageOfPage\":{\"@id\":\"https:\/\/exceladvisor.org\/es\/dibuja-una-linea\/#primaryimage\"},\"image\":{\"@id\":\"https:\/\/exceladvisor.org\/es\/dibuja-una-linea\/#primaryimage\"},\"thumbnailUrl\":\"https:\/\/exceladvisor.org\/wp-content\/uploads\/2023\/08\/1-insert-formes.png\",\"datePublished\":\"2023-11-14T18:15:32+00:00\",\"dateModified\":\"2023-12-25T10:24:49+00:00\",\"breadcrumb\":{\"@id\":\"https:\/\/exceladvisor.org\/es\/dibuja-una-linea\/#breadcrumb\"},\"inLanguage\":\"es\",\"potentialAction\":[{\"@type\":\"ReadAction\",\"target\":[\"https:\/\/exceladvisor.org\/es\/dibuja-una-linea\/\"]}]},{\"@type\":\"ImageObject\",\"inLanguage\":\"es\",\"@id\":\"https:\/\/exceladvisor.org\/es\/dibuja-una-linea\/#primaryimage\",\"url\":\"https:\/\/exceladvisor.org\/wp-content\/uploads\/2023\/08\/1-insert-formes.png\",\"contentUrl\":\"https:\/\/exceladvisor.org\/wp-content\/uploads\/2023\/08\/1-insert-formes.png\"},{\"@type\":\"BreadcrumbList\",\"@id\":\"https:\/\/exceladvisor.org\/es\/dibuja-una-linea\/#breadcrumb\",\"itemListElement\":[{\"@type\":\"ListItem\",\"position\":1,\"name\":\"Hogar\",\"item\":\"https:\/\/exceladvisor.org\/es\/\"},{\"@type\":\"ListItem\",\"position\":2,\"name\":\"\u00bfc\u00f3mo dibujar una l\u00ednea en excel?\"}]},{\"@type\":\"WebSite\",\"@id\":\"https:\/\/exceladvisor.org\/es\/#website\",\"url\":\"https:\/\/exceladvisor.org\/es\/\",\"name\":\"Excel Advisor\",\"description\":\"Su gu\u00eda para la dominaci\u00f3n de datos!\",\"publisher\":{\"@id\":\"https:\/\/exceladvisor.org\/es\/#organization\"},\"potentialAction\":[{\"@type\":\"SearchAction\",\"target\":{\"@type\":\"EntryPoint\",\"urlTemplate\":\"https:\/\/exceladvisor.org\/es\/?s={search_term_string}\"},\"query-input\":{\"@type\":\"PropertyValueSpecification\",\"valueRequired\":true,\"valueName\":\"search_term_string\"}}],\"inLanguage\":\"es\"},{\"@type\":\"Organization\",\"@id\":\"https:\/\/exceladvisor.org\/es\/#organization\",\"name\":\"Excel Advisor\",\"url\":\"https:\/\/exceladvisor.org\/es\/\",\"logo\":{\"@type\":\"ImageObject\",\"inLanguage\":\"es\",\"@id\":\"https:\/\/exceladvisor.org\/es\/#\/schema\/logo\/image\/\",\"url\":\"https:\/\/exceladvisor.org\/es\/wp-content\/uploads\/2023\/12\/exceladvisor.org_.png\",\"contentUrl\":\"https:\/\/exceladvisor.org\/es\/wp-content\/uploads\/2023\/12\/exceladvisor.org_.png\",\"width\":105,\"height\":36,\"caption\":\"Excel Advisor\"},\"image\":{\"@id\":\"https:\/\/exceladvisor.org\/es\/#\/schema\/logo\/image\/\"}}]}<\/script>\n<!-- \/ Yoast SEO plugin. -->","yoast_head_json":{"title":"\u00bfc\u00f3mo dibujar una l\u00ednea en excel?","robots":{"index":"index","follow":"follow","max-snippet":"max-snippet:-1","max-image-preview":"max-image-preview:large","max-video-preview":"max-video-preview:-1"},"canonical":"https:\/\/exceladvisor.org\/es\/dibuja-una-linea\/","og_locale":"es_ES","og_type":"article","og_title":"\u00bfc\u00f3mo dibujar una l\u00ednea en excel?","og_description":"Al igual que otras aplicaciones de Microsoft Office como Word o PowerPoint, Excel tambi\u00e9n tiene la capacidad de dibujar e insertar una l\u00ednea en la hoja de c\u00e1lculo. Los usuarios pueden dibujar l\u00edneas verticales, horizontales y diagonales en hojas para conectar celdas, gr\u00e1ficos, puntos y formas. Excel ofrece una variedad de tipos de l\u00edneas y, [&hellip;]","og_url":"https:\/\/exceladvisor.org\/es\/dibuja-una-linea\/","og_site_name":"Excel Advisor","article_modified_time":"2023-12-25T10:24:49+00:00","og_image":[{"url":"https:\/\/exceladvisor.org\/wp-content\/uploads\/2023\/08\/1-insert-formes.png","type":"","width":"","height":""}],"twitter_card":"summary_large_image","twitter_misc":{"Tiempo de lectura":"3 minutos"},"schema":{"@context":"https:\/\/schema.org","@graph":[{"@type":"WebPage","@id":"https:\/\/exceladvisor.org\/es\/dibuja-una-linea\/","url":"https:\/\/exceladvisor.org\/es\/dibuja-una-linea\/","name":"\u00bfc\u00f3mo dibujar una l\u00ednea en excel?","isPartOf":{"@id":"https:\/\/exceladvisor.org\/es\/#website"},"primaryImageOfPage":{"@id":"https:\/\/exceladvisor.org\/es\/dibuja-una-linea\/#primaryimage"},"image":{"@id":"https:\/\/exceladvisor.org\/es\/dibuja-una-linea\/#primaryimage"},"thumbnailUrl":"https:\/\/exceladvisor.org\/wp-content\/uploads\/2023\/08\/1-insert-formes.png","datePublished":"2023-11-14T18:15:32+00:00","dateModified":"2023-12-25T10:24:49+00:00","breadcrumb":{"@id":"https:\/\/exceladvisor.org\/es\/dibuja-una-linea\/#breadcrumb"},"inLanguage":"es","potentialAction":[{"@type":"ReadAction","target":["https:\/\/exceladvisor.org\/es\/dibuja-una-linea\/"]}]},{"@type":"ImageObject","inLanguage":"es","@id":"https:\/\/exceladvisor.org\/es\/dibuja-una-linea\/#primaryimage","url":"https:\/\/exceladvisor.org\/wp-content\/uploads\/2023\/08\/1-insert-formes.png","contentUrl":"https:\/\/exceladvisor.org\/wp-content\/uploads\/2023\/08\/1-insert-formes.png"},{"@type":"BreadcrumbList","@id":"https:\/\/exceladvisor.org\/es\/dibuja-una-linea\/#breadcrumb","itemListElement":[{"@type":"ListItem","position":1,"name":"Hogar","item":"https:\/\/exceladvisor.org\/es\/"},{"@type":"ListItem","position":2,"name":"\u00bfc\u00f3mo dibujar una l\u00ednea en excel?"}]},{"@type":"WebSite","@id":"https:\/\/exceladvisor.org\/es\/#website","url":"https:\/\/exceladvisor.org\/es\/","name":"Excel Advisor","description":"Su gu\u00eda para la dominaci\u00f3n de datos!","publisher":{"@id":"https:\/\/exceladvisor.org\/es\/#organization"},"potentialAction":[{"@type":"SearchAction","target":{"@type":"EntryPoint","urlTemplate":"https:\/\/exceladvisor.org\/es\/?s={search_term_string}"},"query-input":{"@type":"PropertyValueSpecification","valueRequired":true,"valueName":"search_term_string"}}],"inLanguage":"es"},{"@type":"Organization","@id":"https:\/\/exceladvisor.org\/es\/#organization","name":"Excel Advisor","url":"https:\/\/exceladvisor.org\/es\/","logo":{"@type":"ImageObject","inLanguage":"es","@id":"https:\/\/exceladvisor.org\/es\/#\/schema\/logo\/image\/","url":"https:\/\/exceladvisor.org\/es\/wp-content\/uploads\/2023\/12\/exceladvisor.org_.png","contentUrl":"https:\/\/exceladvisor.org\/es\/wp-content\/uploads\/2023\/12\/exceladvisor.org_.png","width":105,"height":36,"caption":"Excel Advisor"},"image":{"@id":"https:\/\/exceladvisor.org\/es\/#\/schema\/logo\/image\/"}}]}},"yoast_meta":{"yoast_wpseo_title":"","yoast_wpseo_metadesc":"","yoast_wpseo_canonical":""},"_links":{"self":[{"href":"https:\/\/exceladvisor.org\/es\/wp-json\/wp\/v2\/pages\/158","targetHints":{"allow":["GET"]}}],"collection":[{"href":"https:\/\/exceladvisor.org\/es\/wp-json\/wp\/v2\/pages"}],"about":[{"href":"https:\/\/exceladvisor.org\/es\/wp-json\/wp\/v2\/types\/page"}],"author":[{"embeddable":true,"href":"https:\/\/exceladvisor.org\/es\/wp-json\/wp\/v2\/users\/1"}],"replies":[{"embeddable":true,"href":"https:\/\/exceladvisor.org\/es\/wp-json\/wp\/v2\/comments?post=158"}],"version-history":[{"count":1,"href":"https:\/\/exceladvisor.org\/es\/wp-json\/wp\/v2\/pages\/158\/revisions"}],"predecessor-version":[{"id":960,"href":"https:\/\/exceladvisor.org\/es\/wp-json\/wp\/v2\/pages\/158\/revisions\/960"}],"wp:attachment":[{"href":"https:\/\/exceladvisor.org\/es\/wp-json\/wp\/v2\/media?parent=158"}],"curies":[{"name":"wp","href":"https:\/\/api.w.org\/{rel}","templated":true}]}}