{"id":159,"date":"2023-11-14T17:21:13","date_gmt":"2023-11-14T17:21:13","guid":{"rendered":"https:\/\/exceladvisor.org\/es\/conteos-contables-o-logicos\/"},"modified":"2023-12-25T10:31:30","modified_gmt":"2023-12-25T10:31:30","slug":"conteos-contables-o-logicos","status":"publish","type":"page","link":"https:\/\/exceladvisor.org\/es\/conteos-contables-o-logicos\/","title":{"rendered":"\u00bfc\u00f3mo utilizar la l\u00f3gica or en contar.si\/contar.si en excel?"},"content":{"rendered":"<div class=\"excel-antes-del-contenido\" id=\"excel-1233453602\"><script type=\"text\/javascript\">\r\n\tatOptions = {\r\n\t\t'key' : 'c1158f160081d6540a8409e6925dab94',\r\n\t\t'format' : 'iframe',\r\n\t\t'height' : 250,\r\n\t\t'width' : 300,\r\n\t\t'params' : {}\r\n\t};\r\n<\/script>\r\n<script type=\"text\/javascript\" src=\"\/\/www.highperformanceformat.com\/c1158f160081d6540a8409e6925dab94\/invoke.js\"><\/script><\/div><p>Hace unos d\u00edas escrib\u00ed sobre c\u00f3mo podemos usar <a style=\"outline: none;\" href=\"https:\/\/exceladvisor.org\/es\/sumif-sumifs-o-logica\/\">SUMIF OR<\/a> . Y hoy quiero mostrar que usando la misma l\u00f3gica podemos crear una f\u00f3rmula CONTAR O.<\/p>\n<p> Incluso podemos crear criterios din\u00e1micos en esta f\u00f3rmula. Pero primero d\u00e9jame preguntarte algo.<\/p>\n<p> \u00bfAlguna vez se ha enfrentado a una situaci\u00f3n en la que necesitaba contar varios valores de una sola columna o rango de celdas?<\/p>\n<p> En caso afirmativo, usar esta l\u00f3gica OR en CONTAR.SI\/CONTAR.SI puede cambiar las reglas del juego para usted.<\/p>\n<p> La cuesti\u00f3n es que normalmente cuando CONTAMOS podemos simplemente contar celdas especificando una sola condici\u00f3n y con COUNIFS podemos especificar m\u00faltiples condiciones pero usa la l\u00f3gica AND para contar valores.<\/p>\n<p> Esto significa que no podemos usar estas funciones para contar m\u00e1s de un valor de una sola columna o rango.<\/p>\n<p> Pero hoy, en este art\u00edculo, me gustar\u00eda compartir con ustedes una forma simple pero poderosa de aplicar la condici\u00f3n OR en COUNIF.<\/p>\n<p> Aseg\u00farese de <a href=\"https:\/\/exceladvisor.org\/wp-content\/uploads\/2023\/08\/ou-logique-dans-les-donnees-countif-et-countifs.xlsx\" rel=\"nofollow\">descargar este archivo de datos desde aqu\u00ed<\/a> y ahora comencemos&#8230;<\/p>\n<h2 class=\"wp-block-heading\"> C\u00f3mo utilizar CONTAR.SI\/CONTAR.SI O<\/h2>\n<p> Eche un vistazo a los datos a continuaci\u00f3n, donde tiene una lista de personas y sus plataformas de redes sociales favoritas. <\/p>\n<div class=\"wp-block-image\">\n<figure class=\"aligncenter\"><img decoding=\"async\" src=\"https:\/\/exceladvisor.org\/wp-content\/uploads\/2023\/08\/donnees-a-utiliser-ou-logique-dans-countif-et-countifs-1.png\" sizes=\"\" srcset=\"\" alt=\"datos a usar o l\u00f3gica en countif y countifs\"><\/figure>\n<\/div>\n<p> Ahora, de esta lista de 50 personas, debes contar a cu\u00e1ntas personas les gusta \u201cFacebook\u201d y \u201cTwitter\u201d. Si desea utilizar COUNIF, inserte la siguiente f\u00f3rmula en una celda y presione Entrar. <\/p>\n<pre class=\"wp-block-code\"> <code class=\"language-excel-formula\" lang=\"excel-formula\">=SUM(COUNTIF(B2:B51,{\"Facebook\",\"Twitter\"}))<\/code><\/pre>\n<p class=\"has-text-align-center\"><img loading=\"lazy\" decoding=\"async\" src=\"https:\/\/exceladvisor.org\/wp-content\/uploads\/2023\/08\/formule-countif-a-utiliser-ou-logique-dans-countif-et-countifs-1.png\" sizes=\"auto, \" srcset=\"\" alt=\"f\u00f3rmula countif para usar o l\u00f3gica en countif y countifs\" width=\"721\" height=\"278\" data-id=\"11715\"><\/p>\n<p> Y, si desea utilizar COUNIFS, inserte la siguiente f\u00f3rmula en una celda y presione Entrar. <\/p>\n<pre class=\"wp-block-code\"> <code class=\"language-excel-formula\" lang=\"excel-formula\">=SUM(COUNTIFS(B2:B51,{\"Twitter\",\"Facebook\"}))<\/code><\/pre>\n<p class=\"has-text-align-center\"><img loading=\"lazy\" decoding=\"async\" src=\"https:\/\/exceladvisor.org\/wp-content\/uploads\/2023\/08\/formule-countifs-a-utiliser-ou-logique-dans-countif-et-countifs-1.png\" sizes=\"auto, \" srcset=\"\" alt=\"f\u00f3rmula countifs para usar o l\u00f3gica en countif y countifs\" width=\"716\" height=\"277\" data-id=\"11716\"><\/p>\n<p> Con ambas f\u00f3rmulas anteriores obtendr\u00e1s 25 en el resultado, que es el n\u00famero de Facebook (17) + Twitter (8) combinados.<\/p>\n<h2 class=\"wp-block-heading\"> C\u00f3mo funciona<\/h2>\n<p> Como mencion\u00e9 anteriormente, COUNTIFS usa la l\u00f3gica AND y, por otro lado, en COUNIF solo puedes especificar un valor para contar.<\/p>\n<p> Para comprender la aplicaci\u00f3n de OR con estas funciones, es necesario dividir esta f\u00f3rmula en tres partes. <\/p>\n<div class=\"wp-block-image\">\n<figure class=\"aligncenter\"><img decoding=\"async\" src=\"https:\/\/exceladvisor.org\/wp-content\/uploads\/2023\/08\/comment-fonctionne-countif-ou-formule.png\" sizes=\"\" srcset=\"\" alt=\"c\u00f3mo funciona el conteo o la f\u00f3rmula\"><\/figure>\n<\/div>\n<ol>\n<li> En primer lugar, utilizamos dos criterios diferentes en esta f\u00f3rmula utilizando el concepto de tabla.<\/li>\n<li> Y despu\u00e9s usamos CONTAR.SI para encontrar estos dos valores.<\/li>\n<li> Al final, incluimos la f\u00f3rmula completa en la funci\u00f3n SUMA para obtener el n\u00famero conjunto de los dos valores.<\/li>\n<\/ol>\n<p> Aqu\u00ed he explicado este concepto en CONTAR.SI, pero la f\u00f3rmula CONTAR.SI funcionar\u00e1 de la misma manera.<\/p>\n<h2 class=\"wp-block-heading\"> Condici\u00f3n OR din\u00e1mica<\/h2>\n<p> Cuando le expliqu\u00e9 el uso <a href=\"https:\/\/exceladvisor.org\/es\/sumif-sumifs-o-logica\/\">de OR en SUMIF\/SUMIFS<\/a> , Shay me pregunt\u00f3 c\u00f3mo usar valores din\u00e1micos en lugar de valores extremos en esta f\u00f3rmula. <\/p>\n<div class=\"wp-block-image\">\n<figure class=\"aligncenter\"><img decoding=\"async\" src=\"https:\/\/exceladvisor.org\/wp-content\/uploads\/2023\/08\/utiliser-ou-logique-dans-countif-et-countifs-shay-comment-1.png\" sizes=\"\" srcset=\"\" alt=\"uso o l\u00f3gica en countif y countifs shay comentario\"><\/figure>\n<\/div>\n<p> Y para ello, s\u00f3lo necesitas hacer dos peque\u00f1os cambios en tu f\u00f3rmula.<\/p>\n<ol>\n<li> La primera es que en lugar de usar llaves, debes usar un rango con nombre (la mejor manera es usar una matriz) de tus valores.<\/li>\n<li> Y despu\u00e9s de eso, debe ingresar esta f\u00f3rmula usando Ctrl+Shift+Enter como f\u00f3rmula matricial adecuada.<\/li>\n<\/ol>\n<p> Entonces ahora tu f\u00f3rmula ser\u00e1: <\/p>\n<pre class=\"wp-block-code\"> <code class=\"language-excel-formula\" lang=\"excel-formula\">{=SUM(COUNTIFS(B2:B51,Named_Range))}<\/code><\/pre>\n<p class=\"has-text-align-center\"><img loading=\"lazy\" decoding=\"async\" src=\"https:\/\/exceladvisor.org\/wp-content\/uploads\/2023\/08\/plage-dynamique-a-utiliser-ou-logique-dans-countif-et-countifs-1.png\" sizes=\"auto, \" srcset=\"\" alt=\"rango din\u00e1mico a usar o l\u00f3gica en countif y countifs\" width=\"724\" height=\"368\" data-id=\"11718\"><\/p>\n<div class=\"gb-container gb-container-52dfcee1 gb-container-sample-file\">\n<h2 class=\"gb-headline gb-headline-e289c143 gb-headline-text gb-headline-4f7959c2\"> Obtener el archivo Excel<\/h2>\n<p> <a class=\"gb-button gb-button-e88d6bee gb-button-text gb-button-button1\" href=\"https:\/\/exceladvisor.org\/wp-content\/uploads\/2023\/08\/ou-logique-dans-countif-et-countifs.xlsx\" rel=\"nofollow\">Descargar<\/a><\/div>\n<h2 class=\"wp-block-heading\"> Conclusi\u00f3n<\/h2>\n<p> El uso de la l\u00f3gica OR en COUNIF\/COUNIFS puede aumentar su potencia y evitar que escriba f\u00f3rmulas largas.<\/p>\n<p> Y usar criterios din\u00e1micos es fant\u00e1stico. Puedes cambiar los valores en cualquier momento, sin cambiar la f\u00f3rmula.<\/p>\n<p> Espero que estos consejos de f\u00f3rmulas te hayan resultado \u00fatiles y que te ayuden a ser m\u00e1s eficaz en tu trabajo.<\/p>\n<p> Entonces, \u00bfqu\u00e9 opinas de este?<\/p>\n<p> <strong>\u00bfAlguna vez has probado esto antes?<\/strong><\/p>\n<p> Comparta sus pensamientos conmigo en la secci\u00f3n de comentarios, me encantar\u00eda saber de usted. Y no olvides compartir este consejo con tus amigos.<\/p>\n<div class=\"gb-container gb-container-0df56012 gb-container-mt\"> <a class=\"gb-button gb-button-f9f432f4 gb-button-text gb-button-mt-button\" href=\"https:\/\/exceladvisor.org\/es\/formulas\/\">Lista de f\u00f3rmulas de Excel<\/a><\/p>\n<h2 class=\"gb-headline gb-headline-233444e8 gb-headline-text gb-headline-mt-heading\"> F\u00f3rmulas relacionadas <\/h2>\n<div class=\"gb-grid-wrapper gb-grid-wrapper-a16fa65c gb-grid-wrapper-mt-grid\">\n<div class=\"gb-grid-column gb-grid-column-50d07e0d\">\n<div class=\"gb-container gb-container-50d07e0d\">\n<ul>\n<li> <a href=\"https:\/\/exceladvisor.org\/es\/contar-entre-dos-numeros\/\">Contar entre dos n\u00fameros (CONTAR.SI) en Excel<\/a><\/li>\n<li> <a href=\"https:\/\/exceladvisor.org\/es\/numero-de-celdas-vacias\/\">Cuente celdas en blanco (en blanco) usando CONTAR.SI en Excel<\/a><\/li>\n<li> <a href=\"https:\/\/exceladvisor.org\/es\/contar-si-es-menor-que\/\">Cuente celdas menores que un valor particular (CONTAR.SI) en Excel<\/a><\/li>\n<li> <a href=\"https:\/\/exceladvisor.org\/es\/contar-celdas-no-iguales-a\/\">Contar celdas distintas a en Excel (CONTAR.SI)<\/a> <\/li>\n<\/ul>\n<\/div>\n<\/div>\n<div class=\"gb-grid-column gb-grid-column-5b4a0cf9\">\n<div class=\"gb-container gb-container-5b4a0cf9\"><\/div>\n<\/div>\n<\/div>\n<\/div>\n","protected":false},"excerpt":{"rendered":"<p>Hace unos d\u00edas escrib\u00ed sobre c\u00f3mo podemos usar SUMIF OR . Y hoy quiero mostrar que usando la misma l\u00f3gica podemos crear una f\u00f3rmula CONTAR O. Incluso podemos crear criterios din\u00e1micos en esta f\u00f3rmula. Pero primero d\u00e9jame preguntarte algo. \u00bfAlguna vez se ha enfrentado a una situaci\u00f3n en la que necesitaba contar varios valores de [&hellip;]<\/p>\n","protected":false},"author":1,"featured_media":0,"parent":0,"menu_order":0,"comment_status":"open","ping_status":"closed","template":"","meta":{"ub_ctt_via":"","footnotes":""},"class_list":["post-159","page","type-page","status-publish","hentry"],"featured_image_src":null,"yoast_head":"<!-- This site is optimized with the Yoast SEO plugin v25.4 - https:\/\/yoast.com\/wordpress\/plugins\/seo\/ -->\n<title>\u00bfc\u00f3mo utilizar la l\u00f3gica or en contar.si\/contar.si en excel?<\/title>\n<meta name=\"robots\" content=\"index, follow, max-snippet:-1, max-image-preview:large, max-video-preview:-1\" \/>\n<link rel=\"canonical\" href=\"https:\/\/exceladvisor.org\/es\/conteos-contables-o-logicos\/\" \/>\n<meta property=\"og:locale\" content=\"es_ES\" \/>\n<meta property=\"og:type\" content=\"article\" \/>\n<meta property=\"og:title\" content=\"\u00bfc\u00f3mo utilizar la l\u00f3gica or en contar.si\/contar.si en excel?\" \/>\n<meta property=\"og:description\" content=\"Hace unos d\u00edas escrib\u00ed sobre c\u00f3mo podemos usar SUMIF OR . Y hoy quiero mostrar que usando la misma l\u00f3gica podemos crear una f\u00f3rmula CONTAR O. Incluso podemos crear criterios din\u00e1micos en esta f\u00f3rmula. Pero primero d\u00e9jame preguntarte algo. \u00bfAlguna vez se ha enfrentado a una situaci\u00f3n en la que necesitaba contar varios valores de [&hellip;]\" \/>\n<meta property=\"og:url\" content=\"https:\/\/exceladvisor.org\/es\/conteos-contables-o-logicos\/\" \/>\n<meta property=\"og:site_name\" content=\"Excel Advisor\" \/>\n<meta property=\"article:modified_time\" content=\"2023-12-25T10:31:30+00:00\" \/>\n<meta property=\"og:image\" content=\"https:\/\/exceladvisor.org\/wp-content\/uploads\/2023\/08\/donnees-a-utiliser-ou-logique-dans-countif-et-countifs-1.png\" \/>\n<meta name=\"twitter:card\" content=\"summary_large_image\" \/>\n<meta name=\"twitter:label1\" content=\"Tiempo de lectura\" \/>\n\t<meta name=\"twitter:data1\" content=\"3 minutos\" \/>\n<script type=\"application\/ld+json\" class=\"yoast-schema-graph\">{\"@context\":\"https:\/\/schema.org\",\"@graph\":[{\"@type\":\"WebPage\",\"@id\":\"https:\/\/exceladvisor.org\/es\/conteos-contables-o-logicos\/\",\"url\":\"https:\/\/exceladvisor.org\/es\/conteos-contables-o-logicos\/\",\"name\":\"\u00bfc\u00f3mo utilizar la l\u00f3gica or en contar.si\/contar.si en excel?\",\"isPartOf\":{\"@id\":\"https:\/\/exceladvisor.org\/es\/#website\"},\"primaryImageOfPage\":{\"@id\":\"https:\/\/exceladvisor.org\/es\/conteos-contables-o-logicos\/#primaryimage\"},\"image\":{\"@id\":\"https:\/\/exceladvisor.org\/es\/conteos-contables-o-logicos\/#primaryimage\"},\"thumbnailUrl\":\"https:\/\/exceladvisor.org\/wp-content\/uploads\/2023\/08\/donnees-a-utiliser-ou-logique-dans-countif-et-countifs-1.png\",\"datePublished\":\"2023-11-14T17:21:13+00:00\",\"dateModified\":\"2023-12-25T10:31:30+00:00\",\"breadcrumb\":{\"@id\":\"https:\/\/exceladvisor.org\/es\/conteos-contables-o-logicos\/#breadcrumb\"},\"inLanguage\":\"es\",\"potentialAction\":[{\"@type\":\"ReadAction\",\"target\":[\"https:\/\/exceladvisor.org\/es\/conteos-contables-o-logicos\/\"]}]},{\"@type\":\"ImageObject\",\"inLanguage\":\"es\",\"@id\":\"https:\/\/exceladvisor.org\/es\/conteos-contables-o-logicos\/#primaryimage\",\"url\":\"https:\/\/exceladvisor.org\/wp-content\/uploads\/2023\/08\/donnees-a-utiliser-ou-logique-dans-countif-et-countifs-1.png\",\"contentUrl\":\"https:\/\/exceladvisor.org\/wp-content\/uploads\/2023\/08\/donnees-a-utiliser-ou-logique-dans-countif-et-countifs-1.png\"},{\"@type\":\"BreadcrumbList\",\"@id\":\"https:\/\/exceladvisor.org\/es\/conteos-contables-o-logicos\/#breadcrumb\",\"itemListElement\":[{\"@type\":\"ListItem\",\"position\":1,\"name\":\"Hogar\",\"item\":\"https:\/\/exceladvisor.org\/es\/\"},{\"@type\":\"ListItem\",\"position\":2,\"name\":\"\u00bfc\u00f3mo utilizar la l\u00f3gica or en contar.si\/contar.si en excel?\"}]},{\"@type\":\"WebSite\",\"@id\":\"https:\/\/exceladvisor.org\/es\/#website\",\"url\":\"https:\/\/exceladvisor.org\/es\/\",\"name\":\"Excel Advisor\",\"description\":\"Su gu\u00eda para la dominaci\u00f3n de datos!\",\"publisher\":{\"@id\":\"https:\/\/exceladvisor.org\/es\/#organization\"},\"potentialAction\":[{\"@type\":\"SearchAction\",\"target\":{\"@type\":\"EntryPoint\",\"urlTemplate\":\"https:\/\/exceladvisor.org\/es\/?s={search_term_string}\"},\"query-input\":{\"@type\":\"PropertyValueSpecification\",\"valueRequired\":true,\"valueName\":\"search_term_string\"}}],\"inLanguage\":\"es\"},{\"@type\":\"Organization\",\"@id\":\"https:\/\/exceladvisor.org\/es\/#organization\",\"name\":\"Excel Advisor\",\"url\":\"https:\/\/exceladvisor.org\/es\/\",\"logo\":{\"@type\":\"ImageObject\",\"inLanguage\":\"es\",\"@id\":\"https:\/\/exceladvisor.org\/es\/#\/schema\/logo\/image\/\",\"url\":\"https:\/\/exceladvisor.org\/es\/wp-content\/uploads\/2023\/12\/exceladvisor.org_.png\",\"contentUrl\":\"https:\/\/exceladvisor.org\/es\/wp-content\/uploads\/2023\/12\/exceladvisor.org_.png\",\"width\":105,\"height\":36,\"caption\":\"Excel Advisor\"},\"image\":{\"@id\":\"https:\/\/exceladvisor.org\/es\/#\/schema\/logo\/image\/\"}}]}<\/script>\n<!-- \/ Yoast SEO plugin. -->","yoast_head_json":{"title":"\u00bfc\u00f3mo utilizar la l\u00f3gica or en contar.si\/contar.si en excel?","robots":{"index":"index","follow":"follow","max-snippet":"max-snippet:-1","max-image-preview":"max-image-preview:large","max-video-preview":"max-video-preview:-1"},"canonical":"https:\/\/exceladvisor.org\/es\/conteos-contables-o-logicos\/","og_locale":"es_ES","og_type":"article","og_title":"\u00bfc\u00f3mo utilizar la l\u00f3gica or en contar.si\/contar.si en excel?","og_description":"Hace unos d\u00edas escrib\u00ed sobre c\u00f3mo podemos usar SUMIF OR . Y hoy quiero mostrar que usando la misma l\u00f3gica podemos crear una f\u00f3rmula CONTAR O. Incluso podemos crear criterios din\u00e1micos en esta f\u00f3rmula. Pero primero d\u00e9jame preguntarte algo. \u00bfAlguna vez se ha enfrentado a una situaci\u00f3n en la que necesitaba contar varios valores de [&hellip;]","og_url":"https:\/\/exceladvisor.org\/es\/conteos-contables-o-logicos\/","og_site_name":"Excel Advisor","article_modified_time":"2023-12-25T10:31:30+00:00","og_image":[{"url":"https:\/\/exceladvisor.org\/wp-content\/uploads\/2023\/08\/donnees-a-utiliser-ou-logique-dans-countif-et-countifs-1.png","type":"","width":"","height":""}],"twitter_card":"summary_large_image","twitter_misc":{"Tiempo de lectura":"3 minutos"},"schema":{"@context":"https:\/\/schema.org","@graph":[{"@type":"WebPage","@id":"https:\/\/exceladvisor.org\/es\/conteos-contables-o-logicos\/","url":"https:\/\/exceladvisor.org\/es\/conteos-contables-o-logicos\/","name":"\u00bfc\u00f3mo utilizar la l\u00f3gica or en contar.si\/contar.si en excel?","isPartOf":{"@id":"https:\/\/exceladvisor.org\/es\/#website"},"primaryImageOfPage":{"@id":"https:\/\/exceladvisor.org\/es\/conteos-contables-o-logicos\/#primaryimage"},"image":{"@id":"https:\/\/exceladvisor.org\/es\/conteos-contables-o-logicos\/#primaryimage"},"thumbnailUrl":"https:\/\/exceladvisor.org\/wp-content\/uploads\/2023\/08\/donnees-a-utiliser-ou-logique-dans-countif-et-countifs-1.png","datePublished":"2023-11-14T17:21:13+00:00","dateModified":"2023-12-25T10:31:30+00:00","breadcrumb":{"@id":"https:\/\/exceladvisor.org\/es\/conteos-contables-o-logicos\/#breadcrumb"},"inLanguage":"es","potentialAction":[{"@type":"ReadAction","target":["https:\/\/exceladvisor.org\/es\/conteos-contables-o-logicos\/"]}]},{"@type":"ImageObject","inLanguage":"es","@id":"https:\/\/exceladvisor.org\/es\/conteos-contables-o-logicos\/#primaryimage","url":"https:\/\/exceladvisor.org\/wp-content\/uploads\/2023\/08\/donnees-a-utiliser-ou-logique-dans-countif-et-countifs-1.png","contentUrl":"https:\/\/exceladvisor.org\/wp-content\/uploads\/2023\/08\/donnees-a-utiliser-ou-logique-dans-countif-et-countifs-1.png"},{"@type":"BreadcrumbList","@id":"https:\/\/exceladvisor.org\/es\/conteos-contables-o-logicos\/#breadcrumb","itemListElement":[{"@type":"ListItem","position":1,"name":"Hogar","item":"https:\/\/exceladvisor.org\/es\/"},{"@type":"ListItem","position":2,"name":"\u00bfc\u00f3mo utilizar la l\u00f3gica or en contar.si\/contar.si en excel?"}]},{"@type":"WebSite","@id":"https:\/\/exceladvisor.org\/es\/#website","url":"https:\/\/exceladvisor.org\/es\/","name":"Excel Advisor","description":"Su gu\u00eda para la dominaci\u00f3n de datos!","publisher":{"@id":"https:\/\/exceladvisor.org\/es\/#organization"},"potentialAction":[{"@type":"SearchAction","target":{"@type":"EntryPoint","urlTemplate":"https:\/\/exceladvisor.org\/es\/?s={search_term_string}"},"query-input":{"@type":"PropertyValueSpecification","valueRequired":true,"valueName":"search_term_string"}}],"inLanguage":"es"},{"@type":"Organization","@id":"https:\/\/exceladvisor.org\/es\/#organization","name":"Excel Advisor","url":"https:\/\/exceladvisor.org\/es\/","logo":{"@type":"ImageObject","inLanguage":"es","@id":"https:\/\/exceladvisor.org\/es\/#\/schema\/logo\/image\/","url":"https:\/\/exceladvisor.org\/es\/wp-content\/uploads\/2023\/12\/exceladvisor.org_.png","contentUrl":"https:\/\/exceladvisor.org\/es\/wp-content\/uploads\/2023\/12\/exceladvisor.org_.png","width":105,"height":36,"caption":"Excel Advisor"},"image":{"@id":"https:\/\/exceladvisor.org\/es\/#\/schema\/logo\/image\/"}}]}},"yoast_meta":{"yoast_wpseo_title":"","yoast_wpseo_metadesc":"","yoast_wpseo_canonical":""},"_links":{"self":[{"href":"https:\/\/exceladvisor.org\/es\/wp-json\/wp\/v2\/pages\/159","targetHints":{"allow":["GET"]}}],"collection":[{"href":"https:\/\/exceladvisor.org\/es\/wp-json\/wp\/v2\/pages"}],"about":[{"href":"https:\/\/exceladvisor.org\/es\/wp-json\/wp\/v2\/types\/page"}],"author":[{"embeddable":true,"href":"https:\/\/exceladvisor.org\/es\/wp-json\/wp\/v2\/users\/1"}],"replies":[{"embeddable":true,"href":"https:\/\/exceladvisor.org\/es\/wp-json\/wp\/v2\/comments?post=159"}],"version-history":[{"count":1,"href":"https:\/\/exceladvisor.org\/es\/wp-json\/wp\/v2\/pages\/159\/revisions"}],"predecessor-version":[{"id":1364,"href":"https:\/\/exceladvisor.org\/es\/wp-json\/wp\/v2\/pages\/159\/revisions\/1364"}],"wp:attachment":[{"href":"https:\/\/exceladvisor.org\/es\/wp-json\/wp\/v2\/media?parent=159"}],"curies":[{"name":"wp","href":"https:\/\/api.w.org\/{rel}","templated":true}]}}