{"id":16,"date":"2023-11-22T02:20:42","date_gmt":"2023-11-22T02:20:42","guid":{"rendered":"https:\/\/exceladvisor.org\/es\/avance-de-excel\/"},"modified":"2023-12-25T10:33:56","modified_gmt":"2023-12-25T10:33:56","slug":"avance-de-excel","status":"publish","type":"page","link":"https:\/\/exceladvisor.org\/es\/avance-de-excel\/","title":{"rendered":"Tutoriales avanzados de excel"},"content":{"rendered":"<div class=\"excel-antes-del-contenido\" id=\"excel-1372212303\"><script type=\"text\/javascript\">\r\n\tatOptions = {\r\n\t\t'key' : 'c1158f160081d6540a8409e6925dab94',\r\n\t\t'format' : 'iframe',\r\n\t\t'height' : 250,\r\n\t\t'width' : 300,\r\n\t\t'params' : {}\r\n\t};\r\n<\/script>\r\n<script type=\"text\/javascript\" src=\"\/\/www.highperformanceformat.com\/c1158f160081d6540a8409e6925dab94\/invoke.js\"><\/script><\/div><p>Los tutoriales avanzados de Excel cubren funciones m\u00e1s sofisticadas de Microsoft Excel. Estos tutoriales est\u00e1n dise\u00f1ados para personas que ya tienen conocimientos b\u00e1sicos de Excel y desean profundizar sus habilidades para tareas y an\u00e1lisis de datos m\u00e1s complejos.<\/p>\n<p> A continuaci\u00f3n, se muestran algunos temas que se tratan habitualmente en los tutoriales avanzados de Excel:<\/p>\n<h2> Uso avanzado de Microsoft Excel.<\/h2>\n<p> <strong>F\u00f3rmulas y funciones avanzadas:<\/strong><\/p>\n<ul>\n<li> Cobertura en profundidad de funciones complejas como \u00cdNDICE\/COINCIDIR, SUMIFS, CONTAR.SI y f\u00f3rmulas matriciales.<\/li>\n<li> Utilice funciones l\u00f3gicas como IFERROR, IF y OR para la toma de decisiones avanzada.<\/li>\n<\/ul>\n<p> <strong>An\u00e1lisis de datos y tablas din\u00e1micas:<\/strong><\/p>\n<ul>\n<li> T\u00e9cnicas avanzadas para trabajar con tablas din\u00e1micas y gr\u00e1ficos din\u00e1micos.<\/li>\n<li> Analice datos utilizando funciones como segmentaciones, l\u00edneas de tiempo y campos calculados.<\/li>\n<\/ul>\n<p> <strong>Consulta de energ\u00eda y Power Pivot:<\/strong><\/p>\n<ul>\n<li> Introducci\u00f3n a Power Query para limpieza, transformaci\u00f3n y carga de datos.<\/li>\n<li> Uso de Power Pivot para modelado y an\u00e1lisis de datos avanzados.<\/li>\n<\/ul>\n<p> <strong>Validaci\u00f3n de datos y herramientas de datos avanzadas:<\/strong><\/p>\n<ul>\n<li> Creaci\u00f3n de listas desplegables din\u00e1micas y listas desplegables dependientes.<\/li>\n<li> T\u00e9cnicas avanzadas de validaci\u00f3n de datos y reglas de validaci\u00f3n personalizadas.<\/li>\n<\/ul>\n<p> <strong>Mapeo avanzado:<\/strong><\/p>\n<ul>\n<li> Creaci\u00f3n de gr\u00e1ficos complejos, como gr\u00e1ficos combinados, gr\u00e1ficos en cascada y gr\u00e1ficos radar.<\/li>\n<li> Personalizaci\u00f3n de elementos del gr\u00e1fico y opciones de formato.<\/li>\n<\/ul>\n<p> <strong><a href=\"https:\/\/exceladvisor.org\/es\/vba\/\">Macros y VBA<\/a> (Visual Basic para Aplicaciones):<\/strong><\/p>\n<ul>\n<li> Introducci\u00f3n a la automatizaci\u00f3n mediante macros.<\/li>\n<li> Escribir y editar c\u00f3digo VBA para personalizar la funcionalidad de Excel.<\/li>\n<\/ul>\n<p> <strong>Funciones de datos avanzadas:<\/strong><\/p>\n<ul>\n<li> Utilice funciones como BUSCAR, BUSCARH, BUSCARV para una recuperaci\u00f3n avanzada de datos.<\/li>\n<li> Utilice funciones de base de datos como DSUM, DAVERAGE, DCOUNT.<\/li>\n<\/ul>\n<p> <strong>Gesti\u00f3n de escenarios y an\u00e1lisis de simulaci\u00f3n:<\/strong><\/p>\n<ul>\n<li> Realice an\u00e1lisis de escenarios avanzados y cree res\u00famenes de escenarios.<\/li>\n<li> Uso de Goal Seek y Solver para problemas de optimizaci\u00f3n.<\/li>\n<\/ul>\n<p> <strong>Tablas din\u00e1micas:<\/strong><\/p>\n<ul>\n<li> Explore nuevas funciones de matriz din\u00e1mica como ORDENAR, FILTRAR, \u00daNICA y SECUENCIA.<\/li>\n<li> Aproveche los rangos de derrames para una manipulaci\u00f3n eficiente de los datos.<\/li>\n<\/ul>\n<p> <strong>Funciones financieras y estad\u00edsticas:<\/strong><\/p>\n<ul>\n<li> Aplicaci\u00f3n de funciones financieras para c\u00e1lculos relacionados con pr\u00e9stamos, inversiones y anualidades.<\/li>\n<li> Utilice funciones estad\u00edsticas para el an\u00e1lisis de datos y la prueba de hip\u00f3tesis.<\/li>\n<\/ul>\n<p> <strong>Colaboraci\u00f3n y uso compartido:<\/strong><\/p>\n<ul>\n<li> Funciones avanzadas para compartir y colaborar, que incluyen compartir libros, fusionar cambios y revisar comentarios.<\/li>\n<\/ul>\n<p> <strong>Dise\u00f1o y visualizaci\u00f3n del tablero:<\/strong><\/p>\n<ul>\n<li> Dise\u00f1e paneles interactivos utilizando t\u00e9cnicas de visualizaci\u00f3n avanzadas.<\/li>\n<li> Integraci\u00f3n de controles de formulario y elementos interactivos.<\/li>\n<\/ul>\n<h2> Hojas de c\u00e1lculo<\/h2>\n<ul>\n<li> <a style=\"outline: none;\" href=\"https:\/\/exceladvisor.org\/es\/consolidar\/\" data-wpil=\"url\">Consolide datos de varias hojas de trabajo en una sola hoja de trabajo en Excel<\/a><\/li>\n<li> <a style=\"outline: none;\" href=\"https:\/\/exceladvisor.org\/es\/formulario-de-entrada-de-datos-3\/\">Crear un formulario de entrada de datos en Excel<\/a><\/li>\n<\/ul>\n<h2> Formato<\/h2>\n<ul>\n<li> <a style=\"outline: none;\" href=\"https:\/\/exceladvisor.org\/es\/formulas-1\/\" data-wpil=\"url\">F\u00f3rmulas en formato condicional<\/a><\/li>\n<li> <a style=\"outline: none;\" href=\"https:\/\/exceladvisor.org\/es\/auto-formato\/\">Opci\u00f3n FORMATO AUTOM\u00c1TICO en Excel<\/a><\/li>\n<li> <a style=\"outline: none;\" href=\"https:\/\/exceladvisor.org\/es\/resaltar-lineas-alternas\/\">Resalte filas alternativas en Excel con muestra de color<\/a><\/li>\n<li> <a style=\"outline: none;\" href=\"https:\/\/exceladvisor.org\/es\/juegos-de-iconos\/\" data-wpil=\"url\">Utilice conjuntos de iconos en Excel (formato condicional)<\/a><\/li>\n<li> <a style=\"outline: none;\" href=\"https:\/\/exceladvisor.org\/es\/mejores-fuentes\/\">Las 5 mejores fuentes para Microsoft Excel<\/a><\/li>\n<li> <a style=\"outline: none;\" href=\"https:\/\/exceladvisor.org\/es\/ocultar-ceros\/\">C\u00f3mo ocultar valores cero en Excel<\/a><\/li>\n<\/ul>\n<h2> Validaci\u00f3n de datos<\/h2>\n<ul>\n<li> <a style=\"outline: none;\" href=\"https:\/\/exceladvisor.org\/es\/rango-de-fechas-de-validacion-de-datos\/\">Validaci\u00f3n de datos con rango de fechas.<\/a><\/li>\n<li> <a style=\"outline: none;\" href=\"https:\/\/exceladvisor.org\/es\/lista-desplegable-dependiente\/\">Lista desplegable dependiente en Excel<\/a><\/li>\n<li> <a style=\"outline: none;\" href=\"https:\/\/exceladvisor.org\/es\/lista-dinamica\/\">Lista desplegable din\u00e1mica en Excel<\/a><\/li>\n<li> <a style=\"outline: none;\" href=\"https:\/\/exceladvisor.org\/es\/si-no-lista-desplegable\/\">Cree una lista desplegable S\u00ed \u2013 No en Excel<\/a><\/li>\n<li> <a style=\"outline: none;\" href=\"https:\/\/exceladvisor.org\/es\/eliminar-lista-desplegable\/\">Eliminar lista desplegable (validaci\u00f3n de datos) en Excel<\/a><\/li>\n<\/ul>\n<h2> Imprimir<\/h2>\n<ul>\n<li> <a style=\"outline: none;\" href=\"https:\/\/exceladvisor.org\/es\/imprimir-titulos\/\">Aplicar t\u00edtulos de impresi\u00f3n en Excel (configure la fila 1 para imprimir en cada p\u00e1gina)<\/a><\/li>\n<li> <a style=\"outline: none;\" href=\"https:\/\/exceladvisor.org\/es\/papel-cuadriculado\/\">Imprima un papel cuadriculado en Excel (plantilla de cuadr\u00edcula)<\/a><\/li>\n<li> <a style=\"outline: none;\" href=\"https:\/\/exceladvisor.org\/es\/cambiar-la-orientacion-de-la-pagina\/\">Cambiar la orientaci\u00f3n de la p\u00e1gina en Excel<\/a><\/li>\n<li> <a style=\"outline: none;\" href=\"https:\/\/exceladvisor.org\/es\/margen-de-pagina\/\">Margen de p\u00e1gina en Excel (cambiar y configurar)<\/a><\/li>\n<\/ul>\n<h2> Elecci\u00f3n<\/h2>\n<ul>\n<li> <a style=\"outline: none;\" href=\"https:\/\/exceladvisor.org\/es\/herramienta-de-camara\/\">Herramienta de c\u00e1mara de Excel<\/a><\/li>\n<li> <a style=\"outline: none;\" href=\"https:\/\/exceladvisor.org\/es\/buscar-objetivo\/\">Buscador de objetivos en Excel<\/a><\/li>\n<li> <a href=\"https:\/\/exceladvisor.org\/es\/ver-ventana\/\">Ventana de observaci\u00f3n en Excel<\/a><\/li>\n<li> <a href=\"https:\/\/exceladvisor.org\/es\/rebanador-de-excel\/\">Cortadora de Excel (gu\u00eda completa)<\/a><\/li>\n<li> <a href=\"https:\/\/exceladvisor.org\/es\/excel-por-defecto-en-mac\/\">Hacer que Excel sea el predeterminado en Mac<\/a><\/li>\n<li> <a style=\"outline: none;\" href=\"https:\/\/exceladvisor.org\/es\/modo-seguro-de-excel\/\">Abra Excel en modo seguro<\/a><\/li>\n<li> <a style=\"outline: none;\" href=\"https:\/\/exceladvisor.org\/es\/vaciar-el-cache\/\">Borrar cach\u00e9 en Excel<\/a><\/li>\n<li> <a style=\"outline: none;\" href=\"https:\/\/exceladvisor.org\/es\/arte-inteligente\/\">Arte inteligente en Excel<\/a><\/li>\n<li> <a style=\"outline: none;\" href=\"https:\/\/exceladvisor.org\/es\/listas-personalizadas\/\">Crear una lista personalizada en Excel<\/a><\/li>\n<li> <a style=\"outline: none;\" href=\"https:\/\/exceladvisor.org\/es\/pdf-en-excel\/\">Insertar un PDF en Excel<\/a><\/li>\n<li> <a style=\"outline: none;\" href=\"https:\/\/exceladvisor.org\/es\/autocorreccion\/\">Utilice la autocorrecci\u00f3n en Excel<\/a><\/li>\n<li> <a style=\"outline: none;\" href=\"https:\/\/exceladvisor.org\/es\/insertar-una-imagen\/\">Insertar una imagen en una celda en Excel<\/a><\/li>\n<li> <a style=\"outline: none;\" href=\"https:\/\/exceladvisor.org\/es\/insertar-archivo\/\">Incrustar un archivo en Excel<\/a><\/li>\n<li> Convertir PDF a Excel<\/li>\n<\/ul>\n<h2> Playa y celdas<\/h2>\n<ul>\n<li> <a style=\"outline: none;\" href=\"https:\/\/exceladvisor.org\/es\/herramienta-de-analisis-rapido\/\">Herramienta de an\u00e1lisis r\u00e1pido en Excel<\/a><\/li>\n<li> <a style=\"outline: none;\" href=\"https:\/\/exceladvisor.org\/es\/aplicar-multiples-filtros\/\">Aplicar m\u00faltiples filtros a las columnas<\/a><\/li>\n<li> <a href=\"https:\/\/exceladvisor.org\/es\/resaltar-los-valores-superiores-e-inferiores\/\">Resalte los valores N superiores e inferiores en Excel<\/a><\/li>\n<li> <a style=\"outline: none;\" href=\"https:\/\/exceladvisor.org\/es\/casilla-de-verificacion\/\">Insertar una casilla de verificaci\u00f3n en Excel<\/a><\/li>\n<li> <a href=\"https:\/\/exceladvisor.org\/es\/fusionar-celdas-sin-perder-datos\/\">Fusionar celdas sin perder datos en Excel<\/a><\/li>\n<li> <a href=\"https:\/\/exceladvisor.org\/es\/pegar-multiplicar-especial\/\">Multiplicar en Excel usando Pegado especial<\/a><\/li>\n<li> <a href=\"https:\/\/exceladvisor.org\/es\/agregar-un-codigo-de-barras\/\" data-wpil=\"url\">Agregar un c\u00f3digo de barras en Excel (instalar fuente)<\/a><\/li>\n<li> <a href=\"https:\/\/exceladvisor.org\/es\/fuente-predeterminada\/\">Fuente predeterminada (cambiar estilo, tama\u00f1o y color)<\/a><\/li>\n<li> <a href=\"https:\/\/exceladvisor.org\/es\/filtrar-por-color\/\">Filtrar por color en Excel<\/a><\/li>\n<li> <a href=\"https:\/\/exceladvisor.org\/es\/cambiar-el-nombre-de-la-tabla\/\">Cambiar el nombre de una tabla en Excel<\/a><\/li>\n<li> <a href=\"https:\/\/exceladvisor.org\/es\/numeros-de-columna\/\">N\u00fameros de columna en Excel<\/a><\/li>\n<li> <a href=\"https:\/\/exceladvisor.org\/es\/celdas-grises\/\">Celdas grises en Excel<\/a><\/li>\n<li> <a style=\"outline: none;\" href=\"https:\/\/exceladvisor.org\/es\/hacer-las-celulas-mas-grandes\/\">Ampliar celdas en Excel<\/a><\/li>\n<li> <a href=\"https:\/\/exceladvisor.org\/es\/eliminar-guiones\/\">Eliminar guiones en Excel<\/a><\/li>\n<li> <a style=\"outline: none;\" href=\"https:\/\/exceladvisor.org\/es\/encontrar-celdas-fusionadas\/\">Encuentra celdas combinadas en Excel<\/a><\/li>\n<li> <a style=\"outline: none;\" href=\"https:\/\/exceladvisor.org\/es\/bloquear-celdas-1\/\">Bloquear celdas en Excel<\/a><\/li>\n<li> <a style=\"outline: none;\" href=\"https:\/\/exceladvisor.org\/es\/encontrar-rango-de-nombres\/\">Encuentre una variedad de nombres en Excel<\/a><\/li>\n<\/ul>\n<h2> Cuadernos<\/h2>\n<ul>\n<li> <a style=\"outline: none;\" href=\"https:\/\/exceladvisor.org\/es\/reparar-archivo-excel-corrupto\/\">Reparar archivo de Excel da\u00f1ado<\/a><\/li>\n<li> <a style=\"outline: none;\" href=\"https:\/\/exceladvisor.org\/es\/recuperar-archivos-no-guardados\/\">Recuperar archivos de Excel no guardados cuando Excel falla<\/a><\/li>\n<li> <a style=\"outline: none;\" href=\"https:\/\/exceladvisor.org\/es\/xlsx-a-csv\/\">Guarde el archivo de Excel (libro de trabajo) en formato CSV (XLSX A CSV)<\/a><\/li>\n<li> <a style=\"outline: none;\" href=\"https:\/\/exceladvisor.org\/es\/abrir-archivo-de-texto\/\">C\u00f3mo abrir un archivo de texto en Excel (.TXT)<\/a><\/li>\n<\/ul>\n<h2> Formato condicional<\/h2>\n<ul>\n<li> <a style=\"outline: none;\" href=\"https:\/\/exceladvisor.org\/es\/formato-condicional\/\">Una gu\u00eda completa para el formato condicional en Excel<\/a><\/li>\n<li> <a style=\"outline: none;\" href=\"https:\/\/exceladvisor.org\/es\/celdas-vacias\/\">Aplicar formato condicional en celdas en blanco en Excel<\/a><\/li>\n<li> <a style=\"outline: none;\" href=\"https:\/\/exceladvisor.org\/es\/comparar-columnas\/\">Compare dos columnas usando formato condicional en Excel<\/a><\/li>\n<li> <a style=\"outline: none;\" href=\"https:\/\/exceladvisor.org\/es\/otra-celda\/\">Aplicar formato condicional basado en otra celda en Excel<\/a><\/li>\n<li> <a style=\"outline: none;\" href=\"https:\/\/exceladvisor.org\/es\/otra-columna\/\">Aplicar formato condicional basado en otra columna en Excel<\/a><\/li>\n<li> <a style=\"outline: none;\" href=\"https:\/\/exceladvisor.org\/es\/copiar\/\">Copie formato condicional de un rango a otro en Excel<\/a><\/li>\n<li> <a href=\"https:\/\/exceladvisor.org\/es\/toda-la-columna\/\">Aplicar formato condicional a una columna completa en Excel<\/a><\/li>\n<li> <a href=\"https:\/\/exceladvisor.org\/es\/resaltar-lineas\/\">Resalte filas usando formato condicional en Excel<\/a><\/li>\n<li> <a style=\"outline: none;\" href=\"https:\/\/exceladvisor.org\/es\/multiples-condiciones\/\">Aplicar m\u00faltiples condiciones en formato condicional en Excel<\/a><\/li>\n<li> <a style=\"outline: none;\" href=\"https:\/\/exceladvisor.org\/es\/no-funciona\/\">Por qu\u00e9 el formato condicional no funciona en Excel<\/a><\/li>\n<li> <a style=\"outline: none;\" href=\"https:\/\/exceladvisor.org\/es\/la-celda-contiene-texto\/\">Resalte si una celda contiene texto espec\u00edfico con formato condicional en Excel<\/a><\/li>\n<li> <a style=\"outline: none;\" href=\"https:\/\/exceladvisor.org\/es\/basado-en-la-fecha-2\/\">Aplicar formato condicional basado en una fecha<\/a><\/li>\n<li> <a style=\"outline: none;\" href=\"https:\/\/exceladvisor.org\/es\/escalas-de-colores\/\">Aplicar escalas de color usando formato condicional<\/a><\/li>\n<li> <a style=\"outline: none;\" href=\"https:\/\/exceladvisor.org\/es\/barras-de-datos\/\">Barras de datos en Excel usando formato condicional<\/a><\/li>\n<li> <a style=\"outline: none;\" href=\"https:\/\/exceladvisor.org\/es\/detenerse-si-es-cierto-2\/\">Detener IF True en formato condicional<\/a><\/li>\n<li> <a style=\"outline: none;\" href=\"https:\/\/exceladvisor.org\/es\/encontrar-duplicados-2\/\">Busque y resalte duplicados usando formato condicional<\/a><\/li>\n<li> <a href=\"https:\/\/exceladvisor.org\/es\/retirar\/\">Eliminar el formato condicional en Excel<\/a><\/li>\n<\/ul>\n<h2> Deletrear<\/h2>\n<ul>\n<li> <a style=\"outline: none;\" href=\"https:\/\/exceladvisor.org\/es\/ordenar-horizontalmente\/\">Ordenar horizontalmente en Excel<\/a><\/li>\n<\/ul>\n","protected":false},"excerpt":{"rendered":"<p>Los tutoriales avanzados de Excel cubren funciones m\u00e1s sofisticadas de Microsoft Excel. Estos tutoriales est\u00e1n dise\u00f1ados para personas que ya tienen conocimientos b\u00e1sicos de Excel y desean profundizar sus habilidades para tareas y an\u00e1lisis de datos m\u00e1s complejos. A continuaci\u00f3n, se muestran algunos temas que se tratan habitualmente en los tutoriales avanzados de Excel: Uso [&hellip;]<\/p>\n","protected":false},"author":1,"featured_media":0,"parent":0,"menu_order":0,"comment_status":"open","ping_status":"closed","template":"","meta":{"ub_ctt_via":"","footnotes":""},"class_list":["post-16","page","type-page","status-publish","hentry"],"featured_image_src":null,"yoast_head":"<!-- This site is optimized with the Yoast SEO plugin v25.4 - https:\/\/yoast.com\/wordpress\/plugins\/seo\/ -->\n<title>Tutoriales avanzados de excel<\/title>\n<meta name=\"robots\" content=\"index, follow, max-snippet:-1, max-image-preview:large, max-video-preview:-1\" \/>\n<link rel=\"canonical\" href=\"https:\/\/exceladvisor.org\/es\/avance-de-excel\/\" \/>\n<meta property=\"og:locale\" content=\"es_ES\" \/>\n<meta property=\"og:type\" content=\"article\" \/>\n<meta property=\"og:title\" content=\"Tutoriales avanzados de excel\" \/>\n<meta property=\"og:description\" content=\"Los tutoriales avanzados de Excel cubren funciones m\u00e1s sofisticadas de Microsoft Excel. Estos tutoriales est\u00e1n dise\u00f1ados para personas que ya tienen conocimientos b\u00e1sicos de Excel y desean profundizar sus habilidades para tareas y an\u00e1lisis de datos m\u00e1s complejos. A continuaci\u00f3n, se muestran algunos temas que se tratan habitualmente en los tutoriales avanzados de Excel: Uso [&hellip;]\" \/>\n<meta property=\"og:url\" content=\"https:\/\/exceladvisor.org\/es\/avance-de-excel\/\" \/>\n<meta property=\"og:site_name\" content=\"Excel Advisor\" \/>\n<meta property=\"article:modified_time\" content=\"2023-12-25T10:33:56+00:00\" \/>\n<meta name=\"twitter:card\" content=\"summary_large_image\" \/>\n<meta name=\"twitter:label1\" content=\"Tiempo de lectura\" \/>\n\t<meta name=\"twitter:data1\" content=\"5 minutos\" \/>\n<script type=\"application\/ld+json\" class=\"yoast-schema-graph\">{\"@context\":\"https:\/\/schema.org\",\"@graph\":[{\"@type\":\"WebPage\",\"@id\":\"https:\/\/exceladvisor.org\/es\/avance-de-excel\/\",\"url\":\"https:\/\/exceladvisor.org\/es\/avance-de-excel\/\",\"name\":\"Tutoriales avanzados de excel\",\"isPartOf\":{\"@id\":\"https:\/\/exceladvisor.org\/es\/#website\"},\"datePublished\":\"2023-11-22T02:20:42+00:00\",\"dateModified\":\"2023-12-25T10:33:56+00:00\",\"breadcrumb\":{\"@id\":\"https:\/\/exceladvisor.org\/es\/avance-de-excel\/#breadcrumb\"},\"inLanguage\":\"es\",\"potentialAction\":[{\"@type\":\"ReadAction\",\"target\":[\"https:\/\/exceladvisor.org\/es\/avance-de-excel\/\"]}]},{\"@type\":\"BreadcrumbList\",\"@id\":\"https:\/\/exceladvisor.org\/es\/avance-de-excel\/#breadcrumb\",\"itemListElement\":[{\"@type\":\"ListItem\",\"position\":1,\"name\":\"Hogar\",\"item\":\"https:\/\/exceladvisor.org\/es\/\"},{\"@type\":\"ListItem\",\"position\":2,\"name\":\"Tutoriales avanzados de excel\"}]},{\"@type\":\"WebSite\",\"@id\":\"https:\/\/exceladvisor.org\/es\/#website\",\"url\":\"https:\/\/exceladvisor.org\/es\/\",\"name\":\"Excel Advisor\",\"description\":\"Su gu\u00eda para la dominaci\u00f3n de datos!\",\"publisher\":{\"@id\":\"https:\/\/exceladvisor.org\/es\/#organization\"},\"potentialAction\":[{\"@type\":\"SearchAction\",\"target\":{\"@type\":\"EntryPoint\",\"urlTemplate\":\"https:\/\/exceladvisor.org\/es\/?s={search_term_string}\"},\"query-input\":{\"@type\":\"PropertyValueSpecification\",\"valueRequired\":true,\"valueName\":\"search_term_string\"}}],\"inLanguage\":\"es\"},{\"@type\":\"Organization\",\"@id\":\"https:\/\/exceladvisor.org\/es\/#organization\",\"name\":\"Excel Advisor\",\"url\":\"https:\/\/exceladvisor.org\/es\/\",\"logo\":{\"@type\":\"ImageObject\",\"inLanguage\":\"es\",\"@id\":\"https:\/\/exceladvisor.org\/es\/#\/schema\/logo\/image\/\",\"url\":\"https:\/\/exceladvisor.org\/es\/wp-content\/uploads\/2023\/12\/exceladvisor.org_.png\",\"contentUrl\":\"https:\/\/exceladvisor.org\/es\/wp-content\/uploads\/2023\/12\/exceladvisor.org_.png\",\"width\":105,\"height\":36,\"caption\":\"Excel Advisor\"},\"image\":{\"@id\":\"https:\/\/exceladvisor.org\/es\/#\/schema\/logo\/image\/\"}}]}<\/script>\n<!-- \/ Yoast SEO plugin. -->","yoast_head_json":{"title":"Tutoriales avanzados de excel","robots":{"index":"index","follow":"follow","max-snippet":"max-snippet:-1","max-image-preview":"max-image-preview:large","max-video-preview":"max-video-preview:-1"},"canonical":"https:\/\/exceladvisor.org\/es\/avance-de-excel\/","og_locale":"es_ES","og_type":"article","og_title":"Tutoriales avanzados de excel","og_description":"Los tutoriales avanzados de Excel cubren funciones m\u00e1s sofisticadas de Microsoft Excel. Estos tutoriales est\u00e1n dise\u00f1ados para personas que ya tienen conocimientos b\u00e1sicos de Excel y desean profundizar sus habilidades para tareas y an\u00e1lisis de datos m\u00e1s complejos. A continuaci\u00f3n, se muestran algunos temas que se tratan habitualmente en los tutoriales avanzados de Excel: Uso [&hellip;]","og_url":"https:\/\/exceladvisor.org\/es\/avance-de-excel\/","og_site_name":"Excel Advisor","article_modified_time":"2023-12-25T10:33:56+00:00","twitter_card":"summary_large_image","twitter_misc":{"Tiempo de lectura":"5 minutos"},"schema":{"@context":"https:\/\/schema.org","@graph":[{"@type":"WebPage","@id":"https:\/\/exceladvisor.org\/es\/avance-de-excel\/","url":"https:\/\/exceladvisor.org\/es\/avance-de-excel\/","name":"Tutoriales avanzados de excel","isPartOf":{"@id":"https:\/\/exceladvisor.org\/es\/#website"},"datePublished":"2023-11-22T02:20:42+00:00","dateModified":"2023-12-25T10:33:56+00:00","breadcrumb":{"@id":"https:\/\/exceladvisor.org\/es\/avance-de-excel\/#breadcrumb"},"inLanguage":"es","potentialAction":[{"@type":"ReadAction","target":["https:\/\/exceladvisor.org\/es\/avance-de-excel\/"]}]},{"@type":"BreadcrumbList","@id":"https:\/\/exceladvisor.org\/es\/avance-de-excel\/#breadcrumb","itemListElement":[{"@type":"ListItem","position":1,"name":"Hogar","item":"https:\/\/exceladvisor.org\/es\/"},{"@type":"ListItem","position":2,"name":"Tutoriales avanzados de excel"}]},{"@type":"WebSite","@id":"https:\/\/exceladvisor.org\/es\/#website","url":"https:\/\/exceladvisor.org\/es\/","name":"Excel Advisor","description":"Su gu\u00eda para la dominaci\u00f3n de datos!","publisher":{"@id":"https:\/\/exceladvisor.org\/es\/#organization"},"potentialAction":[{"@type":"SearchAction","target":{"@type":"EntryPoint","urlTemplate":"https:\/\/exceladvisor.org\/es\/?s={search_term_string}"},"query-input":{"@type":"PropertyValueSpecification","valueRequired":true,"valueName":"search_term_string"}}],"inLanguage":"es"},{"@type":"Organization","@id":"https:\/\/exceladvisor.org\/es\/#organization","name":"Excel Advisor","url":"https:\/\/exceladvisor.org\/es\/","logo":{"@type":"ImageObject","inLanguage":"es","@id":"https:\/\/exceladvisor.org\/es\/#\/schema\/logo\/image\/","url":"https:\/\/exceladvisor.org\/es\/wp-content\/uploads\/2023\/12\/exceladvisor.org_.png","contentUrl":"https:\/\/exceladvisor.org\/es\/wp-content\/uploads\/2023\/12\/exceladvisor.org_.png","width":105,"height":36,"caption":"Excel Advisor"},"image":{"@id":"https:\/\/exceladvisor.org\/es\/#\/schema\/logo\/image\/"}}]}},"yoast_meta":{"yoast_wpseo_title":"","yoast_wpseo_metadesc":"","yoast_wpseo_canonical":""},"_links":{"self":[{"href":"https:\/\/exceladvisor.org\/es\/wp-json\/wp\/v2\/pages\/16","targetHints":{"allow":["GET"]}}],"collection":[{"href":"https:\/\/exceladvisor.org\/es\/wp-json\/wp\/v2\/pages"}],"about":[{"href":"https:\/\/exceladvisor.org\/es\/wp-json\/wp\/v2\/types\/page"}],"author":[{"embeddable":true,"href":"https:\/\/exceladvisor.org\/es\/wp-json\/wp\/v2\/users\/1"}],"replies":[{"embeddable":true,"href":"https:\/\/exceladvisor.org\/es\/wp-json\/wp\/v2\/comments?post=16"}],"version-history":[{"count":1,"href":"https:\/\/exceladvisor.org\/es\/wp-json\/wp\/v2\/pages\/16\/revisions"}],"predecessor-version":[{"id":1505,"href":"https:\/\/exceladvisor.org\/es\/wp-json\/wp\/v2\/pages\/16\/revisions\/1505"}],"wp:attachment":[{"href":"https:\/\/exceladvisor.org\/es\/wp-json\/wp\/v2\/media?parent=16"}],"curies":[{"name":"wp","href":"https:\/\/api.w.org\/{rel}","templated":true}]}}