{"id":160,"date":"2023-11-14T17:14:32","date_gmt":"2023-11-14T17:14:32","guid":{"rendered":"https:\/\/exceladvisor.org\/es\/corrector-ortografico\/"},"modified":"2023-12-25T10:27:05","modified_gmt":"2023-12-25T10:27:05","slug":"corrector-ortografico","status":"publish","type":"page","link":"https:\/\/exceladvisor.org\/es\/corrector-ortografico\/","title":{"rendered":"\u00bfc\u00f3mo revisar la ortograf\u00eda en excel?"},"content":{"rendered":"<div class=\"excel-antes-del-contenido\" id=\"excel-152353949\"><script type=\"text\/javascript\">\r\n\tatOptions = {\r\n\t\t'key' : 'c1158f160081d6540a8409e6925dab94',\r\n\t\t'format' : 'iframe',\r\n\t\t'height' : 250,\r\n\t\t'width' : 300,\r\n\t\t'params' : {}\r\n\t};\r\n<\/script>\r\n<script type=\"text\/javascript\" src=\"\/\/www.highperformanceformat.com\/c1158f160081d6540a8409e6925dab94\/invoke.js\"><\/script><\/div><p>Al igual que Microsoft Word, Excel tambi\u00e9n tiene una funci\u00f3n de revisi\u00f3n ortogr\u00e1fica, pero la mayor\u00eda de los usuarios de Excel no conocen ni usan esta funci\u00f3n porque Excel se usa principalmente para valores num\u00e9ricos en lugar de datos de texto.<\/p>\n<p> El corrector ortogr\u00e1fico en Excel identifica la palabra mal escrita y los usuarios pueden corregirla utilizando esta funci\u00f3n de revisi\u00f3n ortogr\u00e1fica.<\/p>\n<p> Si comparamos, la revisi\u00f3n ortogr\u00e1fica en Excel no es muy avanzada como en Word, donde revisa errores gramaticales, palabras mal escritas y subraya palabras incorrectas, pero a\u00fan as\u00ed es una buena opci\u00f3n para que los usuarios de Excel ejecuten esta revisi\u00f3n para identificar palabras mal escritas y corregirlas. .<\/p>\n<h2 class=\"wp-block-heading\"> Ejecute el corrector ortogr\u00e1fico en Excel<\/h2>\n<ol>\n<li> Primero, seleccione la celda desde la que desea ejecutar la revisi\u00f3n ortogr\u00e1fica o seleccione la celda A1 para ejecutar la revisi\u00f3n ortogr\u00e1fica de toda la hoja.<\/li>\n<li> Despu\u00e9s de eso, vaya a la pesta\u00f1a \u00abRevisar\u00bb y haga clic en el \u00edcono \u00abOrtograf\u00eda\u00bb debajo del grupo \u00abRevisi\u00f3n\u00bb en la cinta o presione F7 como tecla de acceso directo para revisar la ortograf\u00eda. <br \/><img loading=\"lazy\" decoding=\"async\" title=\"corrector ortogr\u00e1fico en 1 ejecuci\u00f3n\" src=\"https:\/\/exceladvisor.org\/wp-content\/uploads\/2023\/08\/1-verification-orthographique.png\" sizes=\"auto, \" srcset=\"\" alt=\"run-spell-check\" width=\"444\" height=\"156\"><\/li>\n<li> Una vez que haga clic en \u00abOrtograf\u00eda\u00bb, se iniciar\u00e1 la revisi\u00f3n ortogr\u00e1fica y, si encuentra una palabra mal escrita, se abrir\u00e1 el cuadro de di\u00e1logo de ortograf\u00eda.<\/li>\n<li> El cuadro de di\u00e1logo de ortograf\u00eda le ofrece m\u00faltiples opciones de sugerencias para elegir una de ellas seg\u00fan la palabra mal escrita con m\u00faltiples acciones a realizar para esa palabra, como \u00abIgnorar una vez, editar, agregar al diccionario\u00bb y muchas otras opciones. otros. <br \/><img loading=\"lazy\" decoding=\"async\" title=\"2-Di\u00e1logo de revisi\u00f3n ortogr\u00e1fica\" src=\"https:\/\/exceladvisor.org\/wp-content\/uploads\/2023\/08\/2-boite-de-dialogue-de-verification-orthographique.png\" sizes=\"auto, \" srcset=\"\" alt=\"spell-check-dialog-box\" width=\"509\" height=\"302\"><\/li>\n<li> Ahora puede elegir la sugerencia y hacer clic en \u00abEditar\u00bb para actualizar la palabra mal escrita solo por este momento o puede hacer clic en \u00abIgnorar una vez\u00bb para ignorar esta palabra mal escrita solo por esta vez o hacer clic en \u00abAgregar al diccionario\u00bb para agregar esta palabra a la ortograf\u00eda. diccionario.<\/li>\n<li> Una vez que haya terminado con todas las palabras mal escritas, se mostrar\u00e1 el cuadro de di\u00e1logo que indica que se complet\u00f3 la revisi\u00f3n ortogr\u00e1fica y haga clic en Aceptar. <br \/><img loading=\"lazy\" decoding=\"async\" title=\"3 revisiones ortogr\u00e1ficas completadas\" src=\"https:\/\/exceladvisor.org\/wp-content\/uploads\/2023\/08\/3-verification-orthographique-terminee.png\" sizes=\"auto, \" srcset=\"\" alt=\"spell-check-complete\" width=\"284\" height=\"125\"><\/li>\n<\/ol>\n<h2 class=\"wp-block-heading\"> Opciones de di\u00e1logo de revisi\u00f3n ortogr\u00e1fica<\/h2>\n<ol>\n<li> <strong>Ignorar una vez:<\/strong> Ignora la palabra encontrada como mal escrita solo una vez, lo que significa que si la misma palabra se repite en la hoja, encontrar\u00e1 esa palabra mal escrita nuevamente.<\/li>\n<li> <strong>Ignorar todo:<\/strong> ignora la palabra encontrada como mal escrita en todos los casos y ya no mostrar\u00e1 esa palabra repetida como mal escrita en la hoja de trabajo.<\/li>\n<li> <strong>Agregar al diccionario:<\/strong> Si necesitas usar una palabra id\u00e9ntica a la que ingresaste (principalmente en el caso de abreviaturas) pero el corrector ortogr\u00e1fico identifica esa palabra como mal escrita, puedes agregar esa palabra al diccionario para revisar la ortograf\u00eda para que cada vez que use esta palabra, el corrector ortogr\u00e1fico no la encontrar\u00e1 como mal escrita.<\/li>\n<li> <strong>Editar:<\/strong> reemplaza la palabra mal escrita con la sugerencia que seleccione entre las sugerencias disponibles para esa palabra mal escrita.<\/li>\n<li> <strong>Cambiar todo:<\/strong> cambie la aparici\u00f3n de la palabra mal escrita con la sugerencia que seleccione.<\/li>\n<li> <strong>Autocorrecci\u00f3n:<\/strong> edite la palabra mal escrita con la sugerencia y agregue esa sugerencia en la lista de autocorrecci\u00f3n y cada vez que ingrese esa palabra mal escrita, el corrector ortogr\u00e1fico corrige autom\u00e1ticamente esa palabra con esa sugerencia preseleccionada.<\/li>\n<\/ol>\n<h2 class=\"wp-block-heading\"> Cambiar la configuraci\u00f3n predeterminada del corrector ortogr\u00e1fico en Excel<\/h2>\n<p> La revisi\u00f3n ortogr\u00e1fica en Excel tiene algunas configuraciones predeterminadas que los usuarios pueden cambiar haciendo lo siguiente:<\/p>\n<ol>\n<li> Primero, haga clic en el bot\u00f3n \u00abOpciones\u00bb en el cuadro de di\u00e1logo de revisi\u00f3n ortogr\u00e1fica. <br \/><img loading=\"lazy\" decoding=\"async\" title=\"4 opciones de di\u00e1logo de revisi\u00f3n ortogr\u00e1fica\" src=\"https:\/\/exceladvisor.org\/wp-content\/uploads\/2023\/08\/4-options-de-boite-de-dialogue-de-verification-orthographique.png\" sizes=\"auto, \" srcset=\"\" alt=\"spell-check-dialog-box-options\" width=\"498\" height=\"296\"><\/li>\n<li> Una vez que haga clic en \u00abOpciones\u00bb, se abrir\u00e1 el cuadro de di\u00e1logo \u00abOpciones de Excel\u00bb donde podr\u00e1 cambiar la configuraci\u00f3n predeterminada.<\/li>\n<li> Ahora, desmarque o marque las opciones de configuraci\u00f3n predeterminadas que desea cambiar y haga clic en Aceptar. <br \/><img loading=\"lazy\" decoding=\"async\" title=\"5 opciones predeterminadas de revisi\u00f3n ortogr\u00e1fica\" src=\"https:\/\/exceladvisor.org\/wp-content\/uploads\/2023\/08\/5-options-de-verification-orthographique-par-defaut.png\" sizes=\"auto, \" srcset=\"\" alt=\"spell-check-default-options\" width=\"626\" height=\"514\"><\/li>\n<\/ol>\n<h2 class=\"wp-block-heading\"> Conclusiones:<\/h2>\n<ol>\n<li> El corrector ortogr\u00e1fico s\u00f3lo identifica palabras mal escritas.<\/li>\n<li> El corrector ortogr\u00e1fico no identifica palabras en may\u00fascula ni palabras con combinaci\u00f3n de n\u00fameros hasta que desmarque estas opciones de configuraci\u00f3n predeterminadas.<\/li>\n<li> El corrector ortogr\u00e1fico no identifica palabras en f\u00f3rmulas de Excel.<\/li>\n<li> La revisi\u00f3n ortogr\u00e1fica se ejecuta de izquierda a derecha l\u00ednea por l\u00ednea.<\/li>\n<li> Si hace clic en cualquier celda que no sea A1 y ejecuta el corrector ortogr\u00e1fico, ignorar\u00e1 las celdas a la izquierda de la columna seleccionada en esa fila.<\/li>\n<li> Si selecciona varias celdas y ejecuta el corrector ortogr\u00e1fico, solo se ejecutar\u00e1 en las celdas seleccionadas.<\/li>\n<li> La revisi\u00f3n ortogr\u00e1fica le muestra las palabras mal escritas una por una, lo que significa que en cualquier celda que encuentre un error, abrir\u00e1 un cuadro de di\u00e1logo de revisi\u00f3n ortogr\u00e1fica para actuar sobre ese error y una vez que verifique que lo ha hecho, le mostrar\u00e1 el siguiente error ortogr\u00e1fico, aunque solo sea.<\/li>\n<\/ol>\n<div class=\"gb-container gb-container-4db6181c gb-container-mt\"> <a class=\"gb-button gb-button-c5897111 gb-button-text gb-button-mt-button\" href=\"https:\/\/exceladvisor.org\/es\/conceptos-basicos-de-excel\/\">Conceptos b\u00e1sicos de Microsoft Excel (componentes, piezas y notas de conocimiento)<\/a><\/p>\n<h2 class=\"gb-headline gb-headline-665e5f6b gb-headline-text gb-headline-mt-heading\"> Tutoriales relacionados <\/h2>\n<div class=\"gb-grid-wrapper gb-grid-wrapper-a20baf7c gb-grid-wrapper-mt-grid\">\n<div class=\"gb-grid-column gb-grid-column-65ddf67e\">\n<div class=\"gb-container gb-container-65ddf67e\">\n<ul>\n<li> <a href=\"https:\/\/exceladvisor.org\/es\/dibuja-una-linea\/\">Dibuja una l\u00ednea en Excel<\/a><\/li>\n<li> <a href=\"https:\/\/exceladvisor.org\/es\/agregar-un-boton\/\">Agregar un bot\u00f3n en Excel<\/a><\/li>\n<li> <a href=\"https:\/\/exceladvisor.org\/es\/fusionar-celulas-disociadas\/\">Fusionar: desagrupar celdas en Excel<\/a><\/li>\n<li> <a href=\"https:\/\/exceladvisor.org\/es\/retiro\/\">Aumentar y disminuir sangr\u00eda en Excel<\/a><\/li>\n<li> <a href=\"https:\/\/exceladvisor.org\/es\/rotar-texto\/\">Girar texto en Excel (orientaci\u00f3n del texto)<\/a> <\/li>\n<\/ul>\n<\/div>\n<\/div>\n<div class=\"gb-grid-column gb-grid-column-50067b57\">\n<div class=\"gb-container gb-container-50067b57\"><\/div>\n<\/div>\n<\/div>\n<\/div>\n","protected":false},"excerpt":{"rendered":"<p>Al igual que Microsoft Word, Excel tambi\u00e9n tiene una funci\u00f3n de revisi\u00f3n ortogr\u00e1fica, pero la mayor\u00eda de los usuarios de Excel no conocen ni usan esta funci\u00f3n porque Excel se usa principalmente para valores num\u00e9ricos en lugar de datos de texto. El corrector ortogr\u00e1fico en Excel identifica la palabra mal escrita y los usuarios pueden [&hellip;]<\/p>\n","protected":false},"author":1,"featured_media":0,"parent":0,"menu_order":0,"comment_status":"open","ping_status":"closed","template":"","meta":{"ub_ctt_via":"","footnotes":""},"class_list":["post-160","page","type-page","status-publish","hentry"],"featured_image_src":null,"yoast_head":"<!-- This site is optimized with the Yoast SEO plugin v25.4 - https:\/\/yoast.com\/wordpress\/plugins\/seo\/ -->\n<title>\u00bfc\u00f3mo revisar la ortograf\u00eda en excel?<\/title>\n<meta name=\"robots\" content=\"index, follow, max-snippet:-1, max-image-preview:large, max-video-preview:-1\" \/>\n<link rel=\"canonical\" href=\"https:\/\/exceladvisor.org\/es\/corrector-ortografico\/\" \/>\n<meta property=\"og:locale\" content=\"es_ES\" \/>\n<meta property=\"og:type\" content=\"article\" \/>\n<meta property=\"og:title\" content=\"\u00bfc\u00f3mo revisar la ortograf\u00eda en excel?\" \/>\n<meta property=\"og:description\" content=\"Al igual que Microsoft Word, Excel tambi\u00e9n tiene una funci\u00f3n de revisi\u00f3n ortogr\u00e1fica, pero la mayor\u00eda de los usuarios de Excel no conocen ni usan esta funci\u00f3n porque Excel se usa principalmente para valores num\u00e9ricos en lugar de datos de texto. El corrector ortogr\u00e1fico en Excel identifica la palabra mal escrita y los usuarios pueden [&hellip;]\" \/>\n<meta property=\"og:url\" content=\"https:\/\/exceladvisor.org\/es\/corrector-ortografico\/\" \/>\n<meta property=\"og:site_name\" content=\"Excel Advisor\" \/>\n<meta property=\"article:modified_time\" content=\"2023-12-25T10:27:05+00:00\" \/>\n<meta property=\"og:image\" content=\"https:\/\/exceladvisor.org\/wp-content\/uploads\/2023\/08\/1-verification-orthographique.png\" \/>\n<meta name=\"twitter:card\" content=\"summary_large_image\" \/>\n<meta name=\"twitter:label1\" content=\"Tiempo de lectura\" \/>\n\t<meta name=\"twitter:data1\" content=\"4 minutos\" \/>\n<script type=\"application\/ld+json\" class=\"yoast-schema-graph\">{\"@context\":\"https:\/\/schema.org\",\"@graph\":[{\"@type\":\"WebPage\",\"@id\":\"https:\/\/exceladvisor.org\/es\/corrector-ortografico\/\",\"url\":\"https:\/\/exceladvisor.org\/es\/corrector-ortografico\/\",\"name\":\"\u00bfc\u00f3mo revisar la ortograf\u00eda en excel?\",\"isPartOf\":{\"@id\":\"https:\/\/exceladvisor.org\/es\/#website\"},\"primaryImageOfPage\":{\"@id\":\"https:\/\/exceladvisor.org\/es\/corrector-ortografico\/#primaryimage\"},\"image\":{\"@id\":\"https:\/\/exceladvisor.org\/es\/corrector-ortografico\/#primaryimage\"},\"thumbnailUrl\":\"https:\/\/exceladvisor.org\/wp-content\/uploads\/2023\/08\/1-verification-orthographique.png\",\"datePublished\":\"2023-11-14T17:14:32+00:00\",\"dateModified\":\"2023-12-25T10:27:05+00:00\",\"breadcrumb\":{\"@id\":\"https:\/\/exceladvisor.org\/es\/corrector-ortografico\/#breadcrumb\"},\"inLanguage\":\"es\",\"potentialAction\":[{\"@type\":\"ReadAction\",\"target\":[\"https:\/\/exceladvisor.org\/es\/corrector-ortografico\/\"]}]},{\"@type\":\"ImageObject\",\"inLanguage\":\"es\",\"@id\":\"https:\/\/exceladvisor.org\/es\/corrector-ortografico\/#primaryimage\",\"url\":\"https:\/\/exceladvisor.org\/wp-content\/uploads\/2023\/08\/1-verification-orthographique.png\",\"contentUrl\":\"https:\/\/exceladvisor.org\/wp-content\/uploads\/2023\/08\/1-verification-orthographique.png\"},{\"@type\":\"BreadcrumbList\",\"@id\":\"https:\/\/exceladvisor.org\/es\/corrector-ortografico\/#breadcrumb\",\"itemListElement\":[{\"@type\":\"ListItem\",\"position\":1,\"name\":\"Hogar\",\"item\":\"https:\/\/exceladvisor.org\/es\/\"},{\"@type\":\"ListItem\",\"position\":2,\"name\":\"\u00bfc\u00f3mo revisar la ortograf\u00eda en excel?\"}]},{\"@type\":\"WebSite\",\"@id\":\"https:\/\/exceladvisor.org\/es\/#website\",\"url\":\"https:\/\/exceladvisor.org\/es\/\",\"name\":\"Excel Advisor\",\"description\":\"Su gu\u00eda para la dominaci\u00f3n de datos!\",\"publisher\":{\"@id\":\"https:\/\/exceladvisor.org\/es\/#organization\"},\"potentialAction\":[{\"@type\":\"SearchAction\",\"target\":{\"@type\":\"EntryPoint\",\"urlTemplate\":\"https:\/\/exceladvisor.org\/es\/?s={search_term_string}\"},\"query-input\":{\"@type\":\"PropertyValueSpecification\",\"valueRequired\":true,\"valueName\":\"search_term_string\"}}],\"inLanguage\":\"es\"},{\"@type\":\"Organization\",\"@id\":\"https:\/\/exceladvisor.org\/es\/#organization\",\"name\":\"Excel Advisor\",\"url\":\"https:\/\/exceladvisor.org\/es\/\",\"logo\":{\"@type\":\"ImageObject\",\"inLanguage\":\"es\",\"@id\":\"https:\/\/exceladvisor.org\/es\/#\/schema\/logo\/image\/\",\"url\":\"https:\/\/exceladvisor.org\/es\/wp-content\/uploads\/2023\/12\/exceladvisor.org_.png\",\"contentUrl\":\"https:\/\/exceladvisor.org\/es\/wp-content\/uploads\/2023\/12\/exceladvisor.org_.png\",\"width\":105,\"height\":36,\"caption\":\"Excel Advisor\"},\"image\":{\"@id\":\"https:\/\/exceladvisor.org\/es\/#\/schema\/logo\/image\/\"}}]}<\/script>\n<!-- \/ Yoast SEO plugin. -->","yoast_head_json":{"title":"\u00bfc\u00f3mo revisar la ortograf\u00eda en excel?","robots":{"index":"index","follow":"follow","max-snippet":"max-snippet:-1","max-image-preview":"max-image-preview:large","max-video-preview":"max-video-preview:-1"},"canonical":"https:\/\/exceladvisor.org\/es\/corrector-ortografico\/","og_locale":"es_ES","og_type":"article","og_title":"\u00bfc\u00f3mo revisar la ortograf\u00eda en excel?","og_description":"Al igual que Microsoft Word, Excel tambi\u00e9n tiene una funci\u00f3n de revisi\u00f3n ortogr\u00e1fica, pero la mayor\u00eda de los usuarios de Excel no conocen ni usan esta funci\u00f3n porque Excel se usa principalmente para valores num\u00e9ricos en lugar de datos de texto. El corrector ortogr\u00e1fico en Excel identifica la palabra mal escrita y los usuarios pueden [&hellip;]","og_url":"https:\/\/exceladvisor.org\/es\/corrector-ortografico\/","og_site_name":"Excel Advisor","article_modified_time":"2023-12-25T10:27:05+00:00","og_image":[{"url":"https:\/\/exceladvisor.org\/wp-content\/uploads\/2023\/08\/1-verification-orthographique.png","type":"","width":"","height":""}],"twitter_card":"summary_large_image","twitter_misc":{"Tiempo de lectura":"4 minutos"},"schema":{"@context":"https:\/\/schema.org","@graph":[{"@type":"WebPage","@id":"https:\/\/exceladvisor.org\/es\/corrector-ortografico\/","url":"https:\/\/exceladvisor.org\/es\/corrector-ortografico\/","name":"\u00bfc\u00f3mo revisar la ortograf\u00eda en excel?","isPartOf":{"@id":"https:\/\/exceladvisor.org\/es\/#website"},"primaryImageOfPage":{"@id":"https:\/\/exceladvisor.org\/es\/corrector-ortografico\/#primaryimage"},"image":{"@id":"https:\/\/exceladvisor.org\/es\/corrector-ortografico\/#primaryimage"},"thumbnailUrl":"https:\/\/exceladvisor.org\/wp-content\/uploads\/2023\/08\/1-verification-orthographique.png","datePublished":"2023-11-14T17:14:32+00:00","dateModified":"2023-12-25T10:27:05+00:00","breadcrumb":{"@id":"https:\/\/exceladvisor.org\/es\/corrector-ortografico\/#breadcrumb"},"inLanguage":"es","potentialAction":[{"@type":"ReadAction","target":["https:\/\/exceladvisor.org\/es\/corrector-ortografico\/"]}]},{"@type":"ImageObject","inLanguage":"es","@id":"https:\/\/exceladvisor.org\/es\/corrector-ortografico\/#primaryimage","url":"https:\/\/exceladvisor.org\/wp-content\/uploads\/2023\/08\/1-verification-orthographique.png","contentUrl":"https:\/\/exceladvisor.org\/wp-content\/uploads\/2023\/08\/1-verification-orthographique.png"},{"@type":"BreadcrumbList","@id":"https:\/\/exceladvisor.org\/es\/corrector-ortografico\/#breadcrumb","itemListElement":[{"@type":"ListItem","position":1,"name":"Hogar","item":"https:\/\/exceladvisor.org\/es\/"},{"@type":"ListItem","position":2,"name":"\u00bfc\u00f3mo revisar la ortograf\u00eda en excel?"}]},{"@type":"WebSite","@id":"https:\/\/exceladvisor.org\/es\/#website","url":"https:\/\/exceladvisor.org\/es\/","name":"Excel Advisor","description":"Su gu\u00eda para la dominaci\u00f3n de datos!","publisher":{"@id":"https:\/\/exceladvisor.org\/es\/#organization"},"potentialAction":[{"@type":"SearchAction","target":{"@type":"EntryPoint","urlTemplate":"https:\/\/exceladvisor.org\/es\/?s={search_term_string}"},"query-input":{"@type":"PropertyValueSpecification","valueRequired":true,"valueName":"search_term_string"}}],"inLanguage":"es"},{"@type":"Organization","@id":"https:\/\/exceladvisor.org\/es\/#organization","name":"Excel Advisor","url":"https:\/\/exceladvisor.org\/es\/","logo":{"@type":"ImageObject","inLanguage":"es","@id":"https:\/\/exceladvisor.org\/es\/#\/schema\/logo\/image\/","url":"https:\/\/exceladvisor.org\/es\/wp-content\/uploads\/2023\/12\/exceladvisor.org_.png","contentUrl":"https:\/\/exceladvisor.org\/es\/wp-content\/uploads\/2023\/12\/exceladvisor.org_.png","width":105,"height":36,"caption":"Excel Advisor"},"image":{"@id":"https:\/\/exceladvisor.org\/es\/#\/schema\/logo\/image\/"}}]}},"yoast_meta":{"yoast_wpseo_title":"","yoast_wpseo_metadesc":"","yoast_wpseo_canonical":""},"_links":{"self":[{"href":"https:\/\/exceladvisor.org\/es\/wp-json\/wp\/v2\/pages\/160","targetHints":{"allow":["GET"]}}],"collection":[{"href":"https:\/\/exceladvisor.org\/es\/wp-json\/wp\/v2\/pages"}],"about":[{"href":"https:\/\/exceladvisor.org\/es\/wp-json\/wp\/v2\/types\/page"}],"author":[{"embeddable":true,"href":"https:\/\/exceladvisor.org\/es\/wp-json\/wp\/v2\/users\/1"}],"replies":[{"embeddable":true,"href":"https:\/\/exceladvisor.org\/es\/wp-json\/wp\/v2\/comments?post=160"}],"version-history":[{"count":1,"href":"https:\/\/exceladvisor.org\/es\/wp-json\/wp\/v2\/pages\/160\/revisions"}],"predecessor-version":[{"id":1179,"href":"https:\/\/exceladvisor.org\/es\/wp-json\/wp\/v2\/pages\/160\/revisions\/1179"}],"wp:attachment":[{"href":"https:\/\/exceladvisor.org\/es\/wp-json\/wp\/v2\/media?parent=160"}],"curies":[{"name":"wp","href":"https:\/\/api.w.org\/{rel}","templated":true}]}}