{"id":161,"date":"2023-11-14T16:51:36","date_gmt":"2023-11-14T16:51:36","guid":{"rendered":"https:\/\/exceladvisor.org\/es\/obtener-la-primera-ultima-palabra\/"},"modified":"2023-12-25T10:32:43","modified_gmt":"2023-12-25T10:32:43","slug":"obtener-la-primera-ultima-palabra","status":"publish","type":"page","link":"https:\/\/exceladvisor.org\/es\/obtener-la-primera-ultima-palabra\/","title":{"rendered":"C\u00f3mo separar nombres en excel \u2013 (nombre y apellido)"},"content":{"rendered":"<div class=\"excel-antes-del-contenido\" id=\"excel-2196544546\"><script type=\"text\/javascript\">\r\n\tatOptions = {\r\n\t\t'key' : 'c1158f160081d6540a8409e6925dab94',\r\n\t\t'format' : 'iframe',\r\n\t\t'height' : 250,\r\n\t\t'width' : 300,\r\n\t\t'params' : {}\r\n\t};\r\n<\/script>\r\n<script type=\"text\/javascript\" src=\"\/\/www.highperformanceformat.com\/c1158f160081d6540a8409e6925dab94\/invoke.js\"><\/script><\/div><p>A menudo nos enfrentamos a una situaci\u00f3n en la que necesitamos dividir nombres (obtener la primera y la \u00faltima palabra de una celda\/cadena de texto) en Excel.<\/p>\n<p> Supongamos que desea extraer el nombre de una celda que contiene tanto el nombre como el apellido o desea extraer el nombre del producto de la celda de descripci\u00f3n del producto.<\/p>\n<p> Necesitamos una funci\u00f3n que pueda extraer esto. La mala noticia es que en Excel no existe una funci\u00f3n espec\u00edfica para extraer directamente la primera y la \u00faltima palabra de una celda.<\/p>\n<p> Pero <strong>la buena noticia es que<\/strong> puedes combinar funciones y crear una f\u00f3rmula para obtener estas palabras. Hoy en este art\u00edculo me gustar\u00eda compartir con ustedes c\u00f3mo obtener nombres separados usando una f\u00f3rmula.<\/p>\n<h2 id=\"tab-con-2\" class=\"wp-block-heading\"> Extraer nombre<\/h2>\n<p> Extraer la primera palabra de una cadena de texto es mucho m\u00e1s f\u00e1cil que extraer la \u00faltima palabra. Para esto podemos crear una f\u00f3rmula combinando dos funciones de texto diferentes, es decir, BUSCAR e IZQUIERDA.<\/p>\n<p> Entendamos esto con un ejemplo. En la siguiente tabla tenemos una lista de nombres que incluye nombre y apellido. Y ahora desde aqu\u00ed necesitamos extraer el nombre, que es la primera palabra en la celda. <\/p>\n<div class=\"wp-block-image\">\n<figure class=\"aligncenter\"><img decoding=\"async\" src=\"https:\/\/exceladvisor.org\/wp-content\/uploads\/2023\/08\/donnees-pour-obtenir-nom-et-prenom-min-1.png\" sizes=\"\" srcset=\"\" alt=\"datos para obtener nombre y apellido min\"><\/figure>\n<\/div>\n<p> Y la f\u00f3rmula para obtener el nombre de la columna de arriba es:<\/p>\n<pre class=\"wp-block-code\"> <code class=\"language-excel-formula\" lang=\"excel-formula\">=LEFT(A2,SEARCH(\" \",A2)-1)<\/code><\/pre>\n<p> <span style=\"font-family: inherit;\">Esto simplemente devuelve el nombre, que es la primera palabra del texto.<\/span> <\/p>\n<div class=\"wp-block-image\">\n<figure class=\"aligncenter\"><img decoding=\"async\" src=\"https:\/\/exceladvisor.org\/wp-content\/uploads\/2023\/08\/obtenir-le-premier-mot-du-nom-complet-min-1.png\" sizes=\"\" srcset=\"\" alt=\"obtener la primera palabra del nombre completo min\"><\/figure>\n<\/div>\n<p> En el ejemplo anterior, hemos utilizado una combinaci\u00f3n de B\u00daSQUEDA (puede buscar una cadena de texto dentro de otra cadena de texto) e IZQUIERDA (puede extraer un texto del lado izquierdo).<\/p>\n<h3 id=\"tab-con-1\" class=\"wp-block-heading\"> C\u00f3mo funciona<\/h3>\n<p> Esta f\u00f3rmula funciona en dos partes diferentes. <\/p>\n<div class=\"wp-block-image\">\n<figure class=\"aligncenter\"><img decoding=\"async\" src=\"https:\/\/exceladvisor.org\/wp-content\/uploads\/2023\/08\/combinaison-de-formules-de-gauche-et-de-recherche-pour-obtenir-le-premier-mot-dune-chaine-de-texte-a-partir-dune-cellule-dans-Excel-min-1.png\" sizes=\"\" srcset=\"\" alt=\"combinaci\u00f3n de f\u00f3rmulas de b\u00fasqueda y izquierda para obtener la primera palabra de una cadena de texto de una celda en Excel min\"><\/figure>\n<\/div>\n<p> En la <strong>primera<\/strong> parte, la funci\u00f3n B\u00daSQUEDA encuentra la posici\u00f3n del espacio en el texto y devuelve un n\u00famero del cual se resta uno para obtener la posici\u00f3n del \u00faltimo car\u00e1cter de la primera palabra. <\/p>\n<div class=\"wp-block-image\">\n<figure class=\"aligncenter\"><img decoding=\"async\" src=\"https:\/\/exceladvisor.org\/wp-content\/uploads\/2023\/08\/comment-la-combinaison-de-la-recherche-et-de-la-gauche-fonctionne-pour-obtenir-le-premier-mot-dune-chaine-de-texte-a-partir-dune-cellule-dans-Excel-min-1.png\" sizes=\"\" srcset=\"\" alt=\"c\u00f3mo funciona la combinaci\u00f3n de buscar e izquierda para obtener la primera palabra de una cadena de texto de una celda en Excel min\"><\/figure>\n<\/div>\n<p> En la <strong>segunda<\/strong> parte, utilizando el n\u00famero devuelto por la funci\u00f3n B\u00daSQUEDA, la funci\u00f3n IZQUIERDA extrae la primera palabra de la celda. <\/p>\n<div class=\"wp-block-image\">\n<figure class=\"aligncenter\"><img decoding=\"async\" src=\"https:\/\/exceladvisor.org\/wp-content\/uploads\/2023\/08\/premier-mot-dune-chaine-de-texte-dune-cellule-dans-excel-retourner-par-cette-formule-min-1.png\" sizes=\"\" srcset=\"\" alt=\"primera palabra de una cadena de texto de una celda en Excel devuelta por esta f\u00f3rmula min\"><\/figure>\n<\/div>\n<div class=\"gb-container gb-container-52dfcee1 gb-container-sample-file\">\n<h2 class=\"gb-headline gb-headline-e289c143 gb-headline-text gb-headline-4f7959c2\"> Obtener el archivo Excel<\/h2>\n<p> <a class=\"gb-button gb-button-e88d6bee gb-button-text gb-button-button1\" href=\"https:\/\/exceladvisor.org\/wp-content\/uploads\/2023\/08\/obtenir-les-donnees-du-premier-et-du-dernier-mot.xlsx\" rel=\"nofollow\">Descargar<\/a><\/p>\n<\/div>\n<h2 id=\"tab-con-3\" class=\"wp-block-heading\"> Extraer apellido<\/h2>\n<p> Obtener la \u00faltima palabra de una cadena de texto puede resultarle complicado, pero una vez que comprenda la f\u00f3rmula completa, ser\u00e1 mucho m\u00e1s f\u00e1cil de usar en el futuro.<\/p>\n<p> Entonces, para extraer la \u00faltima palabra de una celda, debes combinar DERECHA, SUSTITUIR y REPETIR. Y la f\u00f3rmula ser\u00e1: <\/p>\n<pre class=\"wp-block-code\"> <code class=\"language-excel-formula\" lang=\"excel-formula\">=TRIM(RIGHT(SUBSTITUTE(A2,\" \",REPT(\" \",LEN(A2))),LEN(A2)))<\/code><\/pre>\n<div class=\"wp-block-image\">\n<figure class=\"aligncenter size-full\"><img loading=\"lazy\" decoding=\"async\" class=\"wp-image-12009\" src=\"https:\/\/exceladvisor.org\/wp-content\/uploads\/2023\/08\/combinaison-de-formules-pour-obtenir-le-dernier-mot-dune-chaine-de-texte-a-partir-dune-cellule-dans-Excel-min-1.png\" sizes=\"auto, \" srcset=\"\" alt=\"combinar f\u00f3rmulas para obtener la \u00faltima palabra de una cadena de texto de una celda en Excel min\" width=\"646\" height=\"114\"><\/figure>\n<\/div>\n<p> Esta f\u00f3rmula devuelve el apellido de la celda que es la \u00faltima palabra y funciona igual incluso si tiene m\u00e1s de dos palabras en una celda.<\/p>\n<h3 id=\"tab-con-0\" class=\"wp-block-heading\"> C\u00f3mo funciona<\/h3>\n<p> Nuevamente, es necesario desglosar esta f\u00f3rmula para comprender c\u00f3mo funciona. <\/p>\n<div class=\"wp-block-image\">\n<figure class=\"aligncenter\"><img decoding=\"async\" src=\"https:\/\/exceladvisor.org\/wp-content\/uploads\/2023\/08\/comment-la-combinaison-de-formules-pour-obtenir-le-dernier-mot-dune-chaine-de-texte-a-partir-dune-cellule-dans-Excel-fonctionne-min-1.png\" sizes=\"\" srcset=\"\" alt=\"c\u00f3mo funciona la combinaci\u00f3n de f\u00f3rmulas para obtener la \u00faltima palabra de una cadena de texto de una celda en Excel min\"><\/figure>\n<\/div>\n<p> En la <strong>PRIMERA<\/strong> parte, la funci\u00f3n REEMPLAZAR reemplaza cada espacio con espacios iguales a la longitud del texto. <\/p>\n<div class=\"wp-block-image\">\n<figure class=\"aligncenter\"><img decoding=\"async\" src=\"https:\/\/exceladvisor.org\/wp-content\/uploads\/2023\/08\/premiere-partie-de-la-formule-pour-obtenir-le-dernier-mot-dune-chaine-de-texte-a-partir-dune-cellule-dans-Excel-min-1.png\" sizes=\"\" srcset=\"\" alt=\"primera parte de la f\u00f3rmula para obtener la \u00faltima palabra de una cadena de texto de una celda en Excel min\"><\/figure>\n<\/div>\n<p> El texto duplica su longitud con espacios adicionales y se ve as\u00ed. Despu\u00e9s de eso, la funci\u00f3n DERECHA extraer\u00e1 los caracteres del lado derecho iguales a la longitud original del texto. <\/p>\n<div class=\"wp-block-image\">\n<figure class=\"aligncenter\"><img decoding=\"async\" src=\"https:\/\/exceladvisor.org\/wp-content\/uploads\/2023\/08\/deuxieme-partie-de-la-formule-pour-obtenir-le-dernier-mot-dune-chaine-de-texte-a-partir-dune-cellule-dans-Excel-min-1.png\" sizes=\"\" srcset=\"\" alt=\"segunda parte de la f\u00f3rmula para obtener la \u00faltima palabra de una cadena de texto de una celda en Excel min\"><\/figure>\n<\/div>\n<p> En \u00faltima instancia, la funci\u00f3n RECORTAR <a href=\"https:\/\/exceladvisor.org\/es\/eliminar-espacios-adicionales\/\">elimina todos los espacios iniciales<\/a> del texto. <\/p>\n<div class=\"wp-block-image\">\n<figure class=\"aligncenter\"><img decoding=\"async\" src=\"https:\/\/exceladvisor.org\/wp-content\/uploads\/2023\/08\/troisieme-partie-de-la-formule-pour-obtenir-le-dernier-mot-dune-chaine-de-texte-a-partir-dune-cellule-dans-Excel-min-1.png\" sizes=\"\" srcset=\"\" alt=\"tercera parte de la f\u00f3rmula para obtener la \u00faltima palabra de una cadena de texto de una celda en Excel min\"><\/figure>\n<\/div>\n<div class=\"gb-container gb-container-be634180 gb-container-sample-file\">\n<h2 class=\"gb-headline gb-headline-ffd5700d gb-headline-text gb-headline-4f7959c2\"> Obtener el archivo Excel<\/h2>\n<p> <a class=\"gb-button gb-button-31f0a7bf gb-button-text gb-button-button1\" href=\"https:\/\/exceladvisor.org\/wp-content\/uploads\/2023\/08\/obtenir-le-premier-et-le-dernier-mot.xlsx\" rel=\"nofollow\">Descargar<\/a><\/p>\n<\/div>\n<h2 class=\"wp-block-heading\"> Conclusi\u00f3n<\/h2>\n<p> Con las f\u00f3rmulas anteriores, puede obtener f\u00e1cilmente la primera y la \u00faltima palabra de una cadena de texto. La f\u00f3rmula para la primera palabra es s\u00faper f\u00e1cil y para la \u00faltima palabra es un poco complicada, pero debes entenderla una vez que comienza.<\/p>\n<p> Espero que este consejo te haya resultado \u00fatil.<\/p>\n<p> Ahora dime una cosa. <strong><mark class=\"has-inline-color\" style=\"background-color: rgba(0, 0, 0, 0); color: #00a1a3;\">\u00bfTiene otro m\u00e9todo para obtener el primero y el \u00faltimo de una cadena?<\/mark><\/strong> Comparta sus pensamientos conmigo en la secci\u00f3n de comentarios, me encantar\u00eda saber de usted. Y no olvides compartir este consejo con tus amigos.<\/p>\n<div class=\"gb-container gb-container-4db6181c gb-container-mt\"> <a class=\"gb-button gb-button-c5897111 gb-button-text gb-button-mt-button\" href=\"https:\/\/exceladvisor.org\/es\/vba\/\">\u00bfQu\u00e9 es VBA?<\/a><\/p>\n<h2 class=\"gb-headline gb-headline-665e5f6b gb-headline-text gb-headline-mt-heading\"> Tutoriales relacionados <\/h2>\n<div class=\"gb-grid-wrapper gb-grid-wrapper-a20baf7c gb-grid-wrapper-mt-grid\">\n<div class=\"gb-grid-column gb-grid-column-65ddf67e\">\n<div class=\"gb-container gb-container-65ddf67e\">\n<ul>\n<li> Eliminar el primer car\u00e1cter de una celda en Excel<\/li>\n<li> <a href=\"https:\/\/exceladvisor.org\/es\/eliminar-espacios-adicionales\/\">Eliminar espacios adicionales en Excel<\/a><\/li>\n<li> <a href=\"https:\/\/exceladvisor.org\/es\/extraer-la-ultima-palabra-2\/\">Extraer la \u00faltima palabra de una celda.<\/a><\/li>\n<li> <a href=\"https:\/\/exceladvisor.org\/es\/eliminar-salto-de-linea-2\/\">Eliminar salto de l\u00ednea de una celda<\/a><\/li>\n<li> <a href=\"https:\/\/exceladvisor.org\/es\/eliminar-parentesis-2\/\">Eliminar par\u00e9ntesis en Excel (par\u00e9ntesis)<\/a> <\/li>\n<\/ul>\n<\/div>\n<\/div>\n<div class=\"gb-grid-column gb-grid-column-50067b57\">\n<div class=\"gb-container gb-container-50067b57\"><\/div>\n<\/div>\n<\/div>\n<\/div>\n","protected":false},"excerpt":{"rendered":"<p>A menudo nos enfrentamos a una situaci\u00f3n en la que necesitamos dividir nombres (obtener la primera y la \u00faltima palabra de una celda\/cadena de texto) en Excel. Supongamos que desea extraer el nombre de una celda que contiene tanto el nombre como el apellido o desea extraer el nombre del producto de la celda de [&hellip;]<\/p>\n","protected":false},"author":1,"featured_media":0,"parent":0,"menu_order":0,"comment_status":"open","ping_status":"closed","template":"","meta":{"ub_ctt_via":"","footnotes":""},"class_list":["post-161","page","type-page","status-publish","hentry"],"featured_image_src":null,"yoast_head":"<!-- This site is optimized with the Yoast SEO plugin v25.4 - https:\/\/yoast.com\/wordpress\/plugins\/seo\/ -->\n<title>C\u00f3mo separar nombres en excel \u2013 (nombre y apellido)<\/title>\n<meta name=\"robots\" content=\"index, follow, max-snippet:-1, max-image-preview:large, max-video-preview:-1\" \/>\n<link rel=\"canonical\" href=\"https:\/\/exceladvisor.org\/es\/obtener-la-primera-ultima-palabra\/\" \/>\n<meta property=\"og:locale\" content=\"es_ES\" \/>\n<meta property=\"og:type\" content=\"article\" \/>\n<meta property=\"og:title\" content=\"C\u00f3mo separar nombres en excel \u2013 (nombre y apellido)\" \/>\n<meta property=\"og:description\" content=\"A menudo nos enfrentamos a una situaci\u00f3n en la que necesitamos dividir nombres (obtener la primera y la \u00faltima palabra de una celda\/cadena de texto) en Excel. Supongamos que desea extraer el nombre de una celda que contiene tanto el nombre como el apellido o desea extraer el nombre del producto de la celda de [&hellip;]\" \/>\n<meta property=\"og:url\" content=\"https:\/\/exceladvisor.org\/es\/obtener-la-primera-ultima-palabra\/\" \/>\n<meta property=\"og:site_name\" content=\"Excel Advisor\" \/>\n<meta property=\"article:modified_time\" content=\"2023-12-25T10:32:43+00:00\" \/>\n<meta property=\"og:image\" content=\"https:\/\/exceladvisor.org\/wp-content\/uploads\/2023\/08\/donnees-pour-obtenir-nom-et-prenom-min-1.png\" \/>\n<meta name=\"twitter:card\" content=\"summary_large_image\" \/>\n<meta name=\"twitter:label1\" content=\"Tiempo de lectura\" \/>\n\t<meta name=\"twitter:data1\" content=\"3 minutos\" \/>\n<script type=\"application\/ld+json\" class=\"yoast-schema-graph\">{\"@context\":\"https:\/\/schema.org\",\"@graph\":[{\"@type\":\"WebPage\",\"@id\":\"https:\/\/exceladvisor.org\/es\/obtener-la-primera-ultima-palabra\/\",\"url\":\"https:\/\/exceladvisor.org\/es\/obtener-la-primera-ultima-palabra\/\",\"name\":\"C\u00f3mo separar nombres en excel \u2013 (nombre y apellido)\",\"isPartOf\":{\"@id\":\"https:\/\/exceladvisor.org\/es\/#website\"},\"primaryImageOfPage\":{\"@id\":\"https:\/\/exceladvisor.org\/es\/obtener-la-primera-ultima-palabra\/#primaryimage\"},\"image\":{\"@id\":\"https:\/\/exceladvisor.org\/es\/obtener-la-primera-ultima-palabra\/#primaryimage\"},\"thumbnailUrl\":\"https:\/\/exceladvisor.org\/wp-content\/uploads\/2023\/08\/donnees-pour-obtenir-nom-et-prenom-min-1.png\",\"datePublished\":\"2023-11-14T16:51:36+00:00\",\"dateModified\":\"2023-12-25T10:32:43+00:00\",\"breadcrumb\":{\"@id\":\"https:\/\/exceladvisor.org\/es\/obtener-la-primera-ultima-palabra\/#breadcrumb\"},\"inLanguage\":\"es\",\"potentialAction\":[{\"@type\":\"ReadAction\",\"target\":[\"https:\/\/exceladvisor.org\/es\/obtener-la-primera-ultima-palabra\/\"]}]},{\"@type\":\"ImageObject\",\"inLanguage\":\"es\",\"@id\":\"https:\/\/exceladvisor.org\/es\/obtener-la-primera-ultima-palabra\/#primaryimage\",\"url\":\"https:\/\/exceladvisor.org\/wp-content\/uploads\/2023\/08\/donnees-pour-obtenir-nom-et-prenom-min-1.png\",\"contentUrl\":\"https:\/\/exceladvisor.org\/wp-content\/uploads\/2023\/08\/donnees-pour-obtenir-nom-et-prenom-min-1.png\"},{\"@type\":\"BreadcrumbList\",\"@id\":\"https:\/\/exceladvisor.org\/es\/obtener-la-primera-ultima-palabra\/#breadcrumb\",\"itemListElement\":[{\"@type\":\"ListItem\",\"position\":1,\"name\":\"Hogar\",\"item\":\"https:\/\/exceladvisor.org\/es\/\"},{\"@type\":\"ListItem\",\"position\":2,\"name\":\"C\u00f3mo separar nombres en excel \u2013 (nombre y apellido)\"}]},{\"@type\":\"WebSite\",\"@id\":\"https:\/\/exceladvisor.org\/es\/#website\",\"url\":\"https:\/\/exceladvisor.org\/es\/\",\"name\":\"Excel Advisor\",\"description\":\"Su gu\u00eda para la dominaci\u00f3n de datos!\",\"publisher\":{\"@id\":\"https:\/\/exceladvisor.org\/es\/#organization\"},\"potentialAction\":[{\"@type\":\"SearchAction\",\"target\":{\"@type\":\"EntryPoint\",\"urlTemplate\":\"https:\/\/exceladvisor.org\/es\/?s={search_term_string}\"},\"query-input\":{\"@type\":\"PropertyValueSpecification\",\"valueRequired\":true,\"valueName\":\"search_term_string\"}}],\"inLanguage\":\"es\"},{\"@type\":\"Organization\",\"@id\":\"https:\/\/exceladvisor.org\/es\/#organization\",\"name\":\"Excel Advisor\",\"url\":\"https:\/\/exceladvisor.org\/es\/\",\"logo\":{\"@type\":\"ImageObject\",\"inLanguage\":\"es\",\"@id\":\"https:\/\/exceladvisor.org\/es\/#\/schema\/logo\/image\/\",\"url\":\"https:\/\/exceladvisor.org\/es\/wp-content\/uploads\/2023\/12\/exceladvisor.org_.png\",\"contentUrl\":\"https:\/\/exceladvisor.org\/es\/wp-content\/uploads\/2023\/12\/exceladvisor.org_.png\",\"width\":105,\"height\":36,\"caption\":\"Excel Advisor\"},\"image\":{\"@id\":\"https:\/\/exceladvisor.org\/es\/#\/schema\/logo\/image\/\"}}]}<\/script>\n<!-- \/ Yoast SEO plugin. -->","yoast_head_json":{"title":"C\u00f3mo separar nombres en excel \u2013 (nombre y apellido)","robots":{"index":"index","follow":"follow","max-snippet":"max-snippet:-1","max-image-preview":"max-image-preview:large","max-video-preview":"max-video-preview:-1"},"canonical":"https:\/\/exceladvisor.org\/es\/obtener-la-primera-ultima-palabra\/","og_locale":"es_ES","og_type":"article","og_title":"C\u00f3mo separar nombres en excel \u2013 (nombre y apellido)","og_description":"A menudo nos enfrentamos a una situaci\u00f3n en la que necesitamos dividir nombres (obtener la primera y la \u00faltima palabra de una celda\/cadena de texto) en Excel. Supongamos que desea extraer el nombre de una celda que contiene tanto el nombre como el apellido o desea extraer el nombre del producto de la celda de [&hellip;]","og_url":"https:\/\/exceladvisor.org\/es\/obtener-la-primera-ultima-palabra\/","og_site_name":"Excel Advisor","article_modified_time":"2023-12-25T10:32:43+00:00","og_image":[{"url":"https:\/\/exceladvisor.org\/wp-content\/uploads\/2023\/08\/donnees-pour-obtenir-nom-et-prenom-min-1.png","type":"","width":"","height":""}],"twitter_card":"summary_large_image","twitter_misc":{"Tiempo de lectura":"3 minutos"},"schema":{"@context":"https:\/\/schema.org","@graph":[{"@type":"WebPage","@id":"https:\/\/exceladvisor.org\/es\/obtener-la-primera-ultima-palabra\/","url":"https:\/\/exceladvisor.org\/es\/obtener-la-primera-ultima-palabra\/","name":"C\u00f3mo separar nombres en excel \u2013 (nombre y apellido)","isPartOf":{"@id":"https:\/\/exceladvisor.org\/es\/#website"},"primaryImageOfPage":{"@id":"https:\/\/exceladvisor.org\/es\/obtener-la-primera-ultima-palabra\/#primaryimage"},"image":{"@id":"https:\/\/exceladvisor.org\/es\/obtener-la-primera-ultima-palabra\/#primaryimage"},"thumbnailUrl":"https:\/\/exceladvisor.org\/wp-content\/uploads\/2023\/08\/donnees-pour-obtenir-nom-et-prenom-min-1.png","datePublished":"2023-11-14T16:51:36+00:00","dateModified":"2023-12-25T10:32:43+00:00","breadcrumb":{"@id":"https:\/\/exceladvisor.org\/es\/obtener-la-primera-ultima-palabra\/#breadcrumb"},"inLanguage":"es","potentialAction":[{"@type":"ReadAction","target":["https:\/\/exceladvisor.org\/es\/obtener-la-primera-ultima-palabra\/"]}]},{"@type":"ImageObject","inLanguage":"es","@id":"https:\/\/exceladvisor.org\/es\/obtener-la-primera-ultima-palabra\/#primaryimage","url":"https:\/\/exceladvisor.org\/wp-content\/uploads\/2023\/08\/donnees-pour-obtenir-nom-et-prenom-min-1.png","contentUrl":"https:\/\/exceladvisor.org\/wp-content\/uploads\/2023\/08\/donnees-pour-obtenir-nom-et-prenom-min-1.png"},{"@type":"BreadcrumbList","@id":"https:\/\/exceladvisor.org\/es\/obtener-la-primera-ultima-palabra\/#breadcrumb","itemListElement":[{"@type":"ListItem","position":1,"name":"Hogar","item":"https:\/\/exceladvisor.org\/es\/"},{"@type":"ListItem","position":2,"name":"C\u00f3mo separar nombres en excel \u2013 (nombre y apellido)"}]},{"@type":"WebSite","@id":"https:\/\/exceladvisor.org\/es\/#website","url":"https:\/\/exceladvisor.org\/es\/","name":"Excel Advisor","description":"Su gu\u00eda para la dominaci\u00f3n de datos!","publisher":{"@id":"https:\/\/exceladvisor.org\/es\/#organization"},"potentialAction":[{"@type":"SearchAction","target":{"@type":"EntryPoint","urlTemplate":"https:\/\/exceladvisor.org\/es\/?s={search_term_string}"},"query-input":{"@type":"PropertyValueSpecification","valueRequired":true,"valueName":"search_term_string"}}],"inLanguage":"es"},{"@type":"Organization","@id":"https:\/\/exceladvisor.org\/es\/#organization","name":"Excel Advisor","url":"https:\/\/exceladvisor.org\/es\/","logo":{"@type":"ImageObject","inLanguage":"es","@id":"https:\/\/exceladvisor.org\/es\/#\/schema\/logo\/image\/","url":"https:\/\/exceladvisor.org\/es\/wp-content\/uploads\/2023\/12\/exceladvisor.org_.png","contentUrl":"https:\/\/exceladvisor.org\/es\/wp-content\/uploads\/2023\/12\/exceladvisor.org_.png","width":105,"height":36,"caption":"Excel Advisor"},"image":{"@id":"https:\/\/exceladvisor.org\/es\/#\/schema\/logo\/image\/"}}]}},"yoast_meta":{"yoast_wpseo_title":"","yoast_wpseo_metadesc":"","yoast_wpseo_canonical":""},"_links":{"self":[{"href":"https:\/\/exceladvisor.org\/es\/wp-json\/wp\/v2\/pages\/161","targetHints":{"allow":["GET"]}}],"collection":[{"href":"https:\/\/exceladvisor.org\/es\/wp-json\/wp\/v2\/pages"}],"about":[{"href":"https:\/\/exceladvisor.org\/es\/wp-json\/wp\/v2\/types\/page"}],"author":[{"embeddable":true,"href":"https:\/\/exceladvisor.org\/es\/wp-json\/wp\/v2\/users\/1"}],"replies":[{"embeddable":true,"href":"https:\/\/exceladvisor.org\/es\/wp-json\/wp\/v2\/comments?post=161"}],"version-history":[{"count":1,"href":"https:\/\/exceladvisor.org\/es\/wp-json\/wp\/v2\/pages\/161\/revisions"}],"predecessor-version":[{"id":1434,"href":"https:\/\/exceladvisor.org\/es\/wp-json\/wp\/v2\/pages\/161\/revisions\/1434"}],"wp:attachment":[{"href":"https:\/\/exceladvisor.org\/es\/wp-json\/wp\/v2\/media?parent=161"}],"curies":[{"name":"wp","href":"https:\/\/api.w.org\/{rel}","templated":true}]}}