{"id":162,"date":"2023-11-14T15:53:37","date_gmt":"2023-11-14T15:53:37","guid":{"rendered":"https:\/\/exceladvisor.org\/es\/dias-del-mes\/"},"modified":"2023-12-25T10:26:20","modified_gmt":"2023-12-25T10:26:20","slug":"dias-del-mes","status":"publish","type":"page","link":"https:\/\/exceladvisor.org\/es\/dias-del-mes\/","title":{"rendered":"\u00bfc\u00f3mo obtener el n\u00famero total de d\u00edas del mes en excel?"},"content":{"rendered":"<div class=\"excel-antes-del-contenido\" id=\"excel-3965545019\"><script type=\"text\/javascript\">\r\n\tatOptions = {\r\n\t\t'key' : 'c1158f160081d6540a8409e6925dab94',\r\n\t\t'format' : 'iframe',\r\n\t\t'height' : 250,\r\n\t\t'width' : 300,\r\n\t\t'params' : {}\r\n\t};\r\n<\/script>\r\n<script type=\"text\/javascript\" src=\"\/\/www.highperformanceformat.com\/c1158f160081d6540a8409e6925dab94\/invoke.js\"><\/script><\/div><p>A veces es necesario calcular el n\u00famero total de d\u00edas de un mes para utilizarlo en otros c\u00e1lculos. Esto sucede espec\u00edficamente cuando se trabaja en plantillas y paneles. As\u00ed que hoy d\u00e9jame mostrarte una f\u00f3rmula sencilla que puede hacerlo por ti.<\/p>\n<p> Para calcular la cantidad de d\u00edas en un mes determinado a partir de una fecha, necesitamos usar una f\u00f3rmula basada en EOMONTH y DAY.<\/p>\n<h2 class=\"wp-block-heading\"> F\u00f3rmula: obtenga el n\u00famero total de d\u00edas en un mes <\/h2>\n<pre class=\"wp-block-code\"> <code class=\"language-excel-formula\" lang=\"excel-formula\">=DAY(EOMONTH(A2,0))<\/code><\/pre>\n<div class=\"wp-block-image\">\n<figure class=\"aligncenter\"><img decoding=\"async\" src=\"https:\/\/exceladvisor.org\/wp-content\/uploads\/2023\/08\/obtenir-le-nombre-total-dans-le-mois-en-utilisant-les-fonctions-jour-eomonth.png\" sizes=\"\" srcset=\"\" alt=\"obtener el recuento total en el mes usando las funciones del d\u00eda eomonth\"><\/figure>\n<\/div>\n<h3 class=\"wp-block-heading\"> \u00bfC\u00f3mo funciona esta f\u00f3rmula?<\/h3>\n<p> Como ves, esta f\u00f3rmula es una combinaci\u00f3n de dos funciones. Tenemos EOMONTH que est\u00e1 cubierto en D\u00cdA.<\/p>\n<ol>\n<li> Primero, cuando hace referencia a una fecha y &#8216;0&#8217; en EOMONTH, devuelve la \u00faltima fecha de ese mes. Aqu\u00ed, la fecha est\u00e1 en la celda A2.<\/li>\n<li> En segundo lugar, la funci\u00f3n D\u00cdA devuelve el d\u00eda desde el \u00faltimo d\u00eda devuelto por EOMONTH.<\/li>\n<\/ol>\n<p> El d\u00eda del \u00faltimo d\u00eda del mes es siempre el n\u00famero total de d\u00edas de un mes. Al 31 de marzo de 2017 arroja 31 que es el n\u00famero total de d\u00edas del mes de marzo.<\/p>\n<h2 class=\"wp-block-heading\"> F\u00f3rmula din\u00e1mica<\/h2>\n<p> Supongamos que desea obtener el n\u00famero total de d\u00edas de un mes para el mes actual y desea que esta f\u00f3rmula lo devuelva autom\u00e1ticamente cada vez que cambie el mes.<\/p>\n<p> La f\u00f3rmula ser\u00e1:<\/p>\n<pre class=\"wp-block-code\"> <code class=\"language-excel-formula\" lang=\"excel-formula\">=DAY(EOMONTH(TODAY(),0))<\/code><\/pre>\n<p> En esta f\u00f3rmula, en lugar de hacer referencia a una fecha, nos hemos referido a HOY en EOMONTH que devuelve la fecha actual y luego EOMONTH devuelve la \u00faltima fecha del mes de la fecha actual.<\/p>\n<p> Al final, D\u00cdA devuelve el n\u00famero del d\u00eda y obtiene el n\u00famero total de d\u00edas del mes actual.<\/p>\n<h2 class=\"wp-block-heading\"> Obtener los d\u00edas del mes usando el nombre del mes<\/h2>\n<p> Digamos que ingres\u00f3 el nombre de un mes en una celda, no una fecha apropiada, y ahora desea calcular el n\u00famero total de d\u00edas de ese mes. La f\u00f3rmula ser\u00e1: <\/p>\n<pre class=\"wp-block-code\"> <code class=\"language-excel-formula\" lang=\"excel-formula\">=DAY(EOMONTH(DATEVALUE(\"01-\"&amp;A2&amp;\"-\"&amp;YEAR(TODAY())),0))<\/code><\/pre>\n<div class=\"wp-block-image\">\n<figure class=\"aligncenter\"><img decoding=\"async\" src=\"https:\/\/exceladvisor.org\/wp-content\/uploads\/2023\/08\/obtenir-le-nombre-total-du-mois-en-utilisant-le-nom-du-mois.png\" sizes=\"\" srcset=\"\" alt=\"obtener el n\u00famero total del mes usando el nombre del mes\"><\/figure>\n<\/div>\n<p> Esta f\u00f3rmula crea la fecha del primer d\u00eda del mes que mencionaste, luego EOMONTH devuelve la \u00faltima fecha y DAY devuelve el \u00faltimo d\u00eda, que es el n\u00famero total de d\u00edas en un mes. Puede utilizar el nombre del mes tanto en formato corto como largo. <\/p>\n<div class=\"gb-container gb-container-52dfcee1 gb-container-sample-file\">\n<h2 class=\"gb-headline gb-headline-e289c143 gb-headline-text gb-headline-4f7959c2\"> Obtener el archivo Excel<\/h2>\n<p> <a class=\"gb-button gb-button-e88d6bee gb-button-text gb-button-button1\" href=\"https:\/\/exceladvisor.org\/wp-content\/uploads\/2023\/08\/obtenir-le-nombre-total-de-jours-3.xlsx\" rel=\"nofollow\">Descargar<\/a><\/p>\n<\/div>\n<div class=\"gb-container gb-container-0df56012 gb-container-mt\"> <a class=\"gb-button gb-button-f9f432f4 gb-button-text gb-button-mt-button\" href=\"https:\/\/exceladvisor.org\/es\/formulas\/\">Lista de f\u00f3rmulas de Excel<\/a><\/p>\n<h2 class=\"gb-headline gb-headline-233444e8 gb-headline-text gb-headline-mt-heading\"> F\u00f3rmulas relacionadas <\/h2>\n<div class=\"gb-grid-wrapper gb-grid-wrapper-a16fa65c gb-grid-wrapper-mt-grid\">\n<div class=\"gb-grid-column gb-grid-column-50d07e0d\">\n<div class=\"gb-container gb-container-50d07e0d\">\n<ul>\n<li> <a href=\"https:\/\/exceladvisor.org\/es\/agregar-la-fecha-de-la-semana\/\">Semana de suma y resta de una fecha en Excel<\/a><\/li>\n<li> <a href=\"https:\/\/exceladvisor.org\/es\/obtener-el-nombre-del-dia\/\">Obtener el nombre del d\u00eda a partir de una fecha en Excel<\/a><\/li>\n<li> <a href=\"https:\/\/exceladvisor.org\/es\/meses-dias-laborables\/\">D\u00edas laborables en un mes.<\/a><\/li>\n<li> <a href=\"https:\/\/exceladvisor.org\/es\/fecha-al-texto-2\/\">Convertir fecha a texto<\/a> <\/li>\n<\/ul>\n<\/div>\n<\/div>\n<div class=\"gb-grid-column gb-grid-column-5b4a0cf9\">\n<div class=\"gb-container gb-container-5b4a0cf9\">\n<ul>\n<li> <a href=\"https:\/\/exceladvisor.org\/es\/dias-de-cuenta-regresiva\/\">D\u00edas de cuenta regresiva<\/a><\/li>\n<li> <a href=\"https:\/\/exceladvisor.org\/es\/dias-entre-dos-fechas\/\">Cuente los d\u00edas entre dos fechas.<\/a><\/li>\n<li> <a href=\"https:\/\/exceladvisor.org\/es\/cita-en-juliana-2\/\">Convertir a fecha juliana<\/a><\/li>\n<li> <a href=\"https:\/\/exceladvisor.org\/es\/domingo-anterior-2\/\">Obtener el domingo anterior<\/a><\/li>\n<\/ul>\n<\/div>\n<\/div>\n<\/div>\n<\/div>\n","protected":false},"excerpt":{"rendered":"<p>A veces es necesario calcular el n\u00famero total de d\u00edas de un mes para utilizarlo en otros c\u00e1lculos. Esto sucede espec\u00edficamente cuando se trabaja en plantillas y paneles. As\u00ed que hoy d\u00e9jame mostrarte una f\u00f3rmula sencilla que puede hacerlo por ti. Para calcular la cantidad de d\u00edas en un mes determinado a partir de una [&hellip;]<\/p>\n","protected":false},"author":1,"featured_media":0,"parent":0,"menu_order":0,"comment_status":"open","ping_status":"closed","template":"","meta":{"ub_ctt_via":"","footnotes":""},"class_list":["post-162","page","type-page","status-publish","hentry"],"featured_image_src":null,"yoast_head":"<!-- This site is optimized with the Yoast SEO plugin v25.4 - https:\/\/yoast.com\/wordpress\/plugins\/seo\/ -->\n<title>\u00bfc\u00f3mo obtener el n\u00famero total de d\u00edas del mes en excel?<\/title>\n<meta name=\"robots\" content=\"index, follow, max-snippet:-1, max-image-preview:large, max-video-preview:-1\" \/>\n<link rel=\"canonical\" href=\"https:\/\/exceladvisor.org\/es\/dias-del-mes\/\" \/>\n<meta property=\"og:locale\" content=\"es_ES\" \/>\n<meta property=\"og:type\" content=\"article\" \/>\n<meta property=\"og:title\" content=\"\u00bfc\u00f3mo obtener el n\u00famero total de d\u00edas del mes en excel?\" \/>\n<meta property=\"og:description\" content=\"A veces es necesario calcular el n\u00famero total de d\u00edas de un mes para utilizarlo en otros c\u00e1lculos. Esto sucede espec\u00edficamente cuando se trabaja en plantillas y paneles. As\u00ed que hoy d\u00e9jame mostrarte una f\u00f3rmula sencilla que puede hacerlo por ti. Para calcular la cantidad de d\u00edas en un mes determinado a partir de una [&hellip;]\" \/>\n<meta property=\"og:url\" content=\"https:\/\/exceladvisor.org\/es\/dias-del-mes\/\" \/>\n<meta property=\"og:site_name\" content=\"Excel Advisor\" \/>\n<meta property=\"article:modified_time\" content=\"2023-12-25T10:26:20+00:00\" \/>\n<meta property=\"og:image\" content=\"https:\/\/exceladvisor.org\/wp-content\/uploads\/2023\/08\/obtenir-le-nombre-total-dans-le-mois-en-utilisant-les-fonctions-jour-eomonth.png\" \/>\n<meta name=\"twitter:card\" content=\"summary_large_image\" \/>\n<meta name=\"twitter:label1\" content=\"Tiempo de lectura\" \/>\n\t<meta name=\"twitter:data1\" content=\"2 minutos\" \/>\n<script type=\"application\/ld+json\" class=\"yoast-schema-graph\">{\"@context\":\"https:\/\/schema.org\",\"@graph\":[{\"@type\":\"WebPage\",\"@id\":\"https:\/\/exceladvisor.org\/es\/dias-del-mes\/\",\"url\":\"https:\/\/exceladvisor.org\/es\/dias-del-mes\/\",\"name\":\"\u00bfc\u00f3mo obtener el n\u00famero total de d\u00edas del mes en excel?\",\"isPartOf\":{\"@id\":\"https:\/\/exceladvisor.org\/es\/#website\"},\"primaryImageOfPage\":{\"@id\":\"https:\/\/exceladvisor.org\/es\/dias-del-mes\/#primaryimage\"},\"image\":{\"@id\":\"https:\/\/exceladvisor.org\/es\/dias-del-mes\/#primaryimage\"},\"thumbnailUrl\":\"https:\/\/exceladvisor.org\/wp-content\/uploads\/2023\/08\/obtenir-le-nombre-total-dans-le-mois-en-utilisant-les-fonctions-jour-eomonth.png\",\"datePublished\":\"2023-11-14T15:53:37+00:00\",\"dateModified\":\"2023-12-25T10:26:20+00:00\",\"breadcrumb\":{\"@id\":\"https:\/\/exceladvisor.org\/es\/dias-del-mes\/#breadcrumb\"},\"inLanguage\":\"es\",\"potentialAction\":[{\"@type\":\"ReadAction\",\"target\":[\"https:\/\/exceladvisor.org\/es\/dias-del-mes\/\"]}]},{\"@type\":\"ImageObject\",\"inLanguage\":\"es\",\"@id\":\"https:\/\/exceladvisor.org\/es\/dias-del-mes\/#primaryimage\",\"url\":\"https:\/\/exceladvisor.org\/wp-content\/uploads\/2023\/08\/obtenir-le-nombre-total-dans-le-mois-en-utilisant-les-fonctions-jour-eomonth.png\",\"contentUrl\":\"https:\/\/exceladvisor.org\/wp-content\/uploads\/2023\/08\/obtenir-le-nombre-total-dans-le-mois-en-utilisant-les-fonctions-jour-eomonth.png\"},{\"@type\":\"BreadcrumbList\",\"@id\":\"https:\/\/exceladvisor.org\/es\/dias-del-mes\/#breadcrumb\",\"itemListElement\":[{\"@type\":\"ListItem\",\"position\":1,\"name\":\"Hogar\",\"item\":\"https:\/\/exceladvisor.org\/es\/\"},{\"@type\":\"ListItem\",\"position\":2,\"name\":\"\u00bfc\u00f3mo obtener el n\u00famero total de d\u00edas del mes en excel?\"}]},{\"@type\":\"WebSite\",\"@id\":\"https:\/\/exceladvisor.org\/es\/#website\",\"url\":\"https:\/\/exceladvisor.org\/es\/\",\"name\":\"Excel Advisor\",\"description\":\"Su gu\u00eda para la dominaci\u00f3n de datos!\",\"publisher\":{\"@id\":\"https:\/\/exceladvisor.org\/es\/#organization\"},\"potentialAction\":[{\"@type\":\"SearchAction\",\"target\":{\"@type\":\"EntryPoint\",\"urlTemplate\":\"https:\/\/exceladvisor.org\/es\/?s={search_term_string}\"},\"query-input\":{\"@type\":\"PropertyValueSpecification\",\"valueRequired\":true,\"valueName\":\"search_term_string\"}}],\"inLanguage\":\"es\"},{\"@type\":\"Organization\",\"@id\":\"https:\/\/exceladvisor.org\/es\/#organization\",\"name\":\"Excel Advisor\",\"url\":\"https:\/\/exceladvisor.org\/es\/\",\"logo\":{\"@type\":\"ImageObject\",\"inLanguage\":\"es\",\"@id\":\"https:\/\/exceladvisor.org\/es\/#\/schema\/logo\/image\/\",\"url\":\"https:\/\/exceladvisor.org\/es\/wp-content\/uploads\/2023\/12\/exceladvisor.org_.png\",\"contentUrl\":\"https:\/\/exceladvisor.org\/es\/wp-content\/uploads\/2023\/12\/exceladvisor.org_.png\",\"width\":105,\"height\":36,\"caption\":\"Excel Advisor\"},\"image\":{\"@id\":\"https:\/\/exceladvisor.org\/es\/#\/schema\/logo\/image\/\"}}]}<\/script>\n<!-- \/ Yoast SEO plugin. -->","yoast_head_json":{"title":"\u00bfc\u00f3mo obtener el n\u00famero total de d\u00edas del mes en excel?","robots":{"index":"index","follow":"follow","max-snippet":"max-snippet:-1","max-image-preview":"max-image-preview:large","max-video-preview":"max-video-preview:-1"},"canonical":"https:\/\/exceladvisor.org\/es\/dias-del-mes\/","og_locale":"es_ES","og_type":"article","og_title":"\u00bfc\u00f3mo obtener el n\u00famero total de d\u00edas del mes en excel?","og_description":"A veces es necesario calcular el n\u00famero total de d\u00edas de un mes para utilizarlo en otros c\u00e1lculos. Esto sucede espec\u00edficamente cuando se trabaja en plantillas y paneles. As\u00ed que hoy d\u00e9jame mostrarte una f\u00f3rmula sencilla que puede hacerlo por ti. Para calcular la cantidad de d\u00edas en un mes determinado a partir de una [&hellip;]","og_url":"https:\/\/exceladvisor.org\/es\/dias-del-mes\/","og_site_name":"Excel Advisor","article_modified_time":"2023-12-25T10:26:20+00:00","og_image":[{"url":"https:\/\/exceladvisor.org\/wp-content\/uploads\/2023\/08\/obtenir-le-nombre-total-dans-le-mois-en-utilisant-les-fonctions-jour-eomonth.png","type":"","width":"","height":""}],"twitter_card":"summary_large_image","twitter_misc":{"Tiempo de lectura":"2 minutos"},"schema":{"@context":"https:\/\/schema.org","@graph":[{"@type":"WebPage","@id":"https:\/\/exceladvisor.org\/es\/dias-del-mes\/","url":"https:\/\/exceladvisor.org\/es\/dias-del-mes\/","name":"\u00bfc\u00f3mo obtener el n\u00famero total de d\u00edas del mes en excel?","isPartOf":{"@id":"https:\/\/exceladvisor.org\/es\/#website"},"primaryImageOfPage":{"@id":"https:\/\/exceladvisor.org\/es\/dias-del-mes\/#primaryimage"},"image":{"@id":"https:\/\/exceladvisor.org\/es\/dias-del-mes\/#primaryimage"},"thumbnailUrl":"https:\/\/exceladvisor.org\/wp-content\/uploads\/2023\/08\/obtenir-le-nombre-total-dans-le-mois-en-utilisant-les-fonctions-jour-eomonth.png","datePublished":"2023-11-14T15:53:37+00:00","dateModified":"2023-12-25T10:26:20+00:00","breadcrumb":{"@id":"https:\/\/exceladvisor.org\/es\/dias-del-mes\/#breadcrumb"},"inLanguage":"es","potentialAction":[{"@type":"ReadAction","target":["https:\/\/exceladvisor.org\/es\/dias-del-mes\/"]}]},{"@type":"ImageObject","inLanguage":"es","@id":"https:\/\/exceladvisor.org\/es\/dias-del-mes\/#primaryimage","url":"https:\/\/exceladvisor.org\/wp-content\/uploads\/2023\/08\/obtenir-le-nombre-total-dans-le-mois-en-utilisant-les-fonctions-jour-eomonth.png","contentUrl":"https:\/\/exceladvisor.org\/wp-content\/uploads\/2023\/08\/obtenir-le-nombre-total-dans-le-mois-en-utilisant-les-fonctions-jour-eomonth.png"},{"@type":"BreadcrumbList","@id":"https:\/\/exceladvisor.org\/es\/dias-del-mes\/#breadcrumb","itemListElement":[{"@type":"ListItem","position":1,"name":"Hogar","item":"https:\/\/exceladvisor.org\/es\/"},{"@type":"ListItem","position":2,"name":"\u00bfc\u00f3mo obtener el n\u00famero total de d\u00edas del mes en excel?"}]},{"@type":"WebSite","@id":"https:\/\/exceladvisor.org\/es\/#website","url":"https:\/\/exceladvisor.org\/es\/","name":"Excel Advisor","description":"Su gu\u00eda para la dominaci\u00f3n de datos!","publisher":{"@id":"https:\/\/exceladvisor.org\/es\/#organization"},"potentialAction":[{"@type":"SearchAction","target":{"@type":"EntryPoint","urlTemplate":"https:\/\/exceladvisor.org\/es\/?s={search_term_string}"},"query-input":{"@type":"PropertyValueSpecification","valueRequired":true,"valueName":"search_term_string"}}],"inLanguage":"es"},{"@type":"Organization","@id":"https:\/\/exceladvisor.org\/es\/#organization","name":"Excel Advisor","url":"https:\/\/exceladvisor.org\/es\/","logo":{"@type":"ImageObject","inLanguage":"es","@id":"https:\/\/exceladvisor.org\/es\/#\/schema\/logo\/image\/","url":"https:\/\/exceladvisor.org\/es\/wp-content\/uploads\/2023\/12\/exceladvisor.org_.png","contentUrl":"https:\/\/exceladvisor.org\/es\/wp-content\/uploads\/2023\/12\/exceladvisor.org_.png","width":105,"height":36,"caption":"Excel Advisor"},"image":{"@id":"https:\/\/exceladvisor.org\/es\/#\/schema\/logo\/image\/"}}]}},"yoast_meta":{"yoast_wpseo_title":"","yoast_wpseo_metadesc":"","yoast_wpseo_canonical":""},"_links":{"self":[{"href":"https:\/\/exceladvisor.org\/es\/wp-json\/wp\/v2\/pages\/162","targetHints":{"allow":["GET"]}}],"collection":[{"href":"https:\/\/exceladvisor.org\/es\/wp-json\/wp\/v2\/pages"}],"about":[{"href":"https:\/\/exceladvisor.org\/es\/wp-json\/wp\/v2\/types\/page"}],"author":[{"embeddable":true,"href":"https:\/\/exceladvisor.org\/es\/wp-json\/wp\/v2\/users\/1"}],"replies":[{"embeddable":true,"href":"https:\/\/exceladvisor.org\/es\/wp-json\/wp\/v2\/comments?post=162"}],"version-history":[{"count":1,"href":"https:\/\/exceladvisor.org\/es\/wp-json\/wp\/v2\/pages\/162\/revisions"}],"predecessor-version":[{"id":1134,"href":"https:\/\/exceladvisor.org\/es\/wp-json\/wp\/v2\/pages\/162\/revisions\/1134"}],"wp:attachment":[{"href":"https:\/\/exceladvisor.org\/es\/wp-json\/wp\/v2\/media?parent=162"}],"curies":[{"name":"wp","href":"https:\/\/api.w.org\/{rel}","templated":true}]}}