{"id":163,"date":"2023-11-14T15:37:40","date_gmt":"2023-11-14T15:37:40","guid":{"rendered":"https:\/\/exceladvisor.org\/es\/mango-de-llenado\/"},"modified":"2023-12-25T10:27:57","modified_gmt":"2023-12-25T10:27:57","slug":"mango-de-llenado","status":"publish","type":"page","link":"https:\/\/exceladvisor.org\/es\/mango-de-llenado\/","title":{"rendered":"\u00bfc\u00f3mo utilizar el controlador de relleno en excel?"},"content":{"rendered":"<div class=\"excel-antes-del-contenido\" id=\"excel-1811132085\"><script type=\"text\/javascript\">\r\n\tatOptions = {\r\n\t\t'key' : 'c1158f160081d6540a8409e6925dab94',\r\n\t\t'format' : 'iframe',\r\n\t\t'height' : 250,\r\n\t\t'width' : 300,\r\n\t\t'params' : {}\r\n\t};\r\n<\/script>\r\n<script type=\"text\/javascript\" src=\"\/\/www.highperformanceformat.com\/c1158f160081d6540a8409e6925dab94\/invoke.js\"><\/script><\/div><p>En Excel, Fill Handle es una herramienta que rellena autom\u00e1ticamente filas\/columnas siguiendo el patr\u00f3n de valores de las celdas seleccionadas y crea una lista de series.<\/p>\n<p> El controlador de relleno es un cuadro negro muy peque\u00f1o que siempre est\u00e1 disponible en la esquina inferior derecha de cada celda, y los usuarios solo necesitan hacer clic y arrastrarlo con el mouse o tocarlo dos veces y autom\u00e1ticamente llenar\u00e1 las celdas y crear\u00e1 una serie basada en sobre los valores que tienes en las celdas seleccionadas.<\/p>\n<p> El controlador de relleno se puede utilizar para rellenar celdas autom\u00e1ticamente seg\u00fan el valor que tiene en las celdas iniciales desde las que desea crear una lista.<\/p>\n<p> El proceso de usar el controlador de llenado para completar autom\u00e1ticamente la lista con cualquier tipo de valor, como n\u00fameros, fechas, d\u00edas de la semana y f\u00f3rmulas, es el mismo y tenemos algunos ejemplos que se enumeran a continuaci\u00f3n para ayudarlo a comprender c\u00f3mo funciona el controlador de llenado.<\/p>\n<h4 class=\"wp-block-heading\"> Utilice el controlador de relleno para rellenar autom\u00e1ticamente la plantilla de serie num\u00e9rica arrastrando y soltando.<\/h4>\n<ol>\n<li> Primero, ingrese el valor en una celda desde la que desea comenzar la serie y haga clic y mantenga presionado el controlador de relleno y arr\u00e1strelo a la celda en la que desea copiar la serie.<\/li>\n<li> Despu\u00e9s de eso, haga clic y abra el icono del controlador de relleno y seleccione la opci\u00f3n \u00abRellenar serie\u00bb y su lista se convertir\u00e1 en una serie con incrementos de 1. <br \/><img loading=\"lazy\" decoding=\"async\" title=\"1-n\u00famero-de-autocompletar-serie.gif\" src=\"https:\/\/exceladvisor.org\/wp-content\/uploads\/2023\/08\/1-serie-de-numeros-de-remplissage-automatique.gif\" sizes=\"auto, \" srcset=\"\" alt=\"auto-fill-number-series\" width=\"265\" height=\"328\"><\/li>\n<li> O ingrese el valor en al menos dos celdas para crear un patr\u00f3n que seguir\u00e1 el controlador de relleno.<\/li>\n<li> Despu\u00e9s de eso, seleccione ambas celdas y coloque el cursor del mouse sobre la esquina inferior derecha de la celda y aparecer\u00e1 un \u00edcono de signo m\u00e1s (+) (controlador de relleno). <br \/><img loading=\"lazy\" decoding=\"async\" title=\"2 botones de mango de llenado\" src=\"https:\/\/exceladvisor.org\/wp-content\/uploads\/2023\/08\/2-bouton-de-poignee-de-remplissage.png\" sizes=\"auto, \" srcset=\"\" alt=\"fill-handle-button\" width=\"188\" height=\"348\"><\/li>\n<li> Ahora haga clic y mantenga presionado el bot\u00f3n del mouse y arrastre hasta la celda hasta la cual desea autocompletar el patr\u00f3n. <br \/><img loading=\"lazy\" decoding=\"async\" title=\"3-auto-relleno-arrastrando-y-soltando.gif\" src=\"https:\/\/exceladvisor.org\/wp-content\/uploads\/2023\/08\/3-remplissage-automatique-par-glisser-deposer.gif\" sizes=\"auto, \" srcset=\"\" alt=\"auto-fill-by-drag-drop\" width=\"233\" height=\"330\"><\/li>\n<\/ol>\n<h2 class=\"wp-block-heading\"> Utilice el controlador de relleno para rellenar autom\u00e1ticamente la plantilla de serie num\u00e9rica con un doble clic<\/h2>\n<p> Tambi\u00e9n puede llenar celdas autom\u00e1ticamente simplemente haciendo doble clic en el controlador de relleno, pero para hacerlo debe tener datos en columnas adyacentes.<\/p>\n<ol>\n<li> Primero, ingrese los valores en al menos dos celdas para crear un patr\u00f3n que seguir\u00e1 el controlador de relleno.<\/li>\n<li> Despu\u00e9s de eso, seleccione ambas celdas y coloque el cursor del mouse en la esquina inferior derecha de la celda, y aparecer\u00e1 un \u00edcono de signo m\u00e1s (+).<\/li>\n<li> Ahora simplemente haga doble clic y su plantilla se copiar\u00e1 en celdas con datos en celdas adyacentes. <\/li>\n<\/ol>\n<div class=\"wp-block-image\">\n<figure class=\"aligncenter size-full is-resized\"><img loading=\"lazy\" decoding=\"async\" class=\"wp-image-66777\" src=\"https:\/\/exceladvisor.org\/wp-content\/uploads\/2023\/08\/4-poignee-de-remplissage-par-double-clic.gif\" sizes=\"auto, \" srcset=\"\" alt=\"manija de relleno con doble clic\" width=\"285\" height=\"324\"><\/figure>\n<\/div>\n<p> En los ejemplos anteriores, utilizamos el patr\u00f3n de incremento de 1 en las dos primeras celdas seleccionadas, por lo que el controlador de relleno sigui\u00f3 el mismo patr\u00f3n y llen\u00f3 autom\u00e1ticamente las celdas siguiendo el mismo patr\u00f3n incremental.<\/p>\n<h2 class=\"wp-block-heading\"> Utilice el controlador de llenado para completar fechas autom\u00e1ticamente<\/h2>\n<p> El controlador de relleno le ofrece diferentes opciones para elegir desde el icono del controlador de relleno seg\u00fan los valores que ingresa en la celda para crear una lista. En la imagen de abajo puedes ver que hemos tomado el valor de la celda como fecha.<\/p>\n<p> Y cuando usamos el controlador de relleno para autocompletar las celdas y hicimos clic en el icono del controlador de relleno, nos mostr\u00f3 m\u00e1s opciones relacionadas con fechas como \u00abRellenar d\u00edas, completar d\u00edas laborables, completar meses, completar a\u00f1os\u00bb.<\/p>\n<p> Y puede elegir cualquiera de las opciones seg\u00fan los requisitos de su lista. <\/p>\n<div class=\"wp-block-image\">\n<figure class=\"aligncenter size-full is-resized\"><img loading=\"lazy\" decoding=\"async\" class=\"wp-image-66778\" src=\"https:\/\/exceladvisor.org\/wp-content\/uploads\/2023\/08\/5-valeurs-de-date-de-remplissage-automatique.gif\" sizes=\"auto, \" srcset=\"\" alt=\"valores de fecha de autocompletar\" width=\"310\" height=\"414\"><\/figure>\n<\/div>\n<h2 class=\"wp-block-heading\"> Opciones de controlador de relleno<\/h2>\n<p> Algunas de las opciones del icono del controlador de relleno, como \u00abCopiar celdas, Rellenar series, Rellenar solo formato, Rellenar sin formato y Rellenar flash\u00bb permanecen constantes cada vez, pero algunas opciones pueden variar seg\u00fan la configuraci\u00f3n. valores de celda.<\/p>\n<p> Por ejemplo, si el valor de su celda es el nombre de un d\u00eda, le mostrar\u00e1 2 o 3 opciones adicionales relacionadas \u00fanicamente con el formato del nombre del d\u00eda. A continuaci\u00f3n, describimos algunas opciones de manijas de relleno ampliamente utilizadas:<\/p>\n<ol>\n<li> <strong>Copiar celdas:<\/strong> esta opci\u00f3n simplemente copia y pega el valor de las celdas seleccionadas.<\/li>\n<li> <strong>Rellenar serie:<\/strong> esta opci\u00f3n rellena celdas en serie con incrementos de 1.<\/li>\n<li> <strong>Rellenar s\u00f3lo formato:<\/strong> esta opci\u00f3n s\u00f3lo rellena el formato de las celdas en lugar de los valores.<\/li>\n<li> <strong>Rellenar sin formato:<\/strong> esta opci\u00f3n rellena las celdas seg\u00fan el patr\u00f3n de valor sin copiar el formato.<\/li>\n<li> <strong>Llenar d\u00edas:<\/strong> esta opci\u00f3n llena las celdas con una serie de nombres de d\u00edas.<\/li>\n<li> <strong>Llenar d\u00edas laborables:<\/strong> esta opci\u00f3n llena celdas con los nombres de los d\u00edas, excepto los fines de semana (s\u00e1bado y domingo).<\/li>\n<li> <strong>Llenar meses:<\/strong> esta opci\u00f3n crea la lista incrementando solo los meses y la fecha y el a\u00f1o permanecen constantes.<\/li>\n<li> <strong>Completar a\u00f1os:<\/strong> esta opci\u00f3n crea la lista incrementando solo los a\u00f1os y la fecha y el mes permanecen constantes.<\/li>\n<\/ol>\n<div class=\"gb-container gb-container-4db6181c gb-container-mt\"> <a class=\"gb-button gb-button-c5897111 gb-button-text gb-button-mt-button\" href=\"https:\/\/exceladvisor.org\/es\/conceptos-basicos-de-excel\/\">Conceptos b\u00e1sicos de Microsoft Excel (componentes, piezas y notas de conocimiento)<\/a><\/p>\n<h2 class=\"gb-headline gb-headline-665e5f6b gb-headline-text gb-headline-mt-heading\"> Tutoriales relacionados <\/h2>\n<div class=\"gb-grid-wrapper gb-grid-wrapper-a20baf7c gb-grid-wrapper-mt-grid\">\n<div class=\"gb-grid-column gb-grid-column-65ddf67e\">\n<div class=\"gb-container gb-container-65ddf67e\">\n<ul>\n<li> <a href=\"https:\/\/exceladvisor.org\/es\/justificar-completamente\/\">Llenar justificar en Excel<\/a><\/li>\n<li> <a href=\"https:\/\/exceladvisor.org\/es\/barra-de-formulas-de-excel\/\">Barra de f\u00f3rmulas en Excel<\/a><\/li>\n<li> <a href=\"https:\/\/exceladvisor.org\/es\/gobernante\/\">Mostrar regla en Excel<\/a><\/li>\n<li> <a href=\"https:\/\/exceladvisor.org\/es\/formato-pintor\/\">Copiar formato en Excel<\/a> <\/li>\n<\/ul>\n<\/div>\n<\/div>\n<div class=\"gb-grid-column gb-grid-column-50067b57\">\n<div class=\"gb-container gb-container-50067b57\">\n<ul>\n<li> <a href=\"https:\/\/exceladvisor.org\/es\/zoom\/\">Acercar o alejar en Excel<\/a><\/li>\n<li> <a href=\"https:\/\/exceladvisor.org\/es\/opciones\/\">Opciones de Excel (Mac y Windows)<\/a><\/li>\n<li> <a href=\"https:\/\/exceladvisor.org\/es\/caja-de-dialogo\/\">Cuadro de di\u00e1logo en Excel<\/a><\/li>\n<li> <a href=\"https:\/\/exceladvisor.org\/es\/congelar-las-contraventanas\/\">Congelar recipientes en Excel<\/a><\/li>\n<\/ul>\n<\/div>\n<\/div>\n<\/div>\n<\/div>\n","protected":false},"excerpt":{"rendered":"<p>En Excel, Fill Handle es una herramienta que rellena autom\u00e1ticamente filas\/columnas siguiendo el patr\u00f3n de valores de las celdas seleccionadas y crea una lista de series. El controlador de relleno es un cuadro negro muy peque\u00f1o que siempre est\u00e1 disponible en la esquina inferior derecha de cada celda, y los usuarios solo necesitan hacer clic [&hellip;]<\/p>\n","protected":false},"author":1,"featured_media":0,"parent":0,"menu_order":0,"comment_status":"open","ping_status":"closed","template":"","meta":{"ub_ctt_via":"","footnotes":""},"class_list":["post-163","page","type-page","status-publish","hentry"],"featured_image_src":null,"yoast_head":"<!-- This site is optimized with the Yoast SEO plugin v25.4 - https:\/\/yoast.com\/wordpress\/plugins\/seo\/ -->\n<title>\u00bfc\u00f3mo utilizar el controlador de relleno en excel?<\/title>\n<meta name=\"robots\" content=\"index, follow, max-snippet:-1, max-image-preview:large, max-video-preview:-1\" \/>\n<link rel=\"canonical\" href=\"https:\/\/exceladvisor.org\/es\/mango-de-llenado\/\" \/>\n<meta property=\"og:locale\" content=\"es_ES\" \/>\n<meta property=\"og:type\" content=\"article\" \/>\n<meta property=\"og:title\" content=\"\u00bfc\u00f3mo utilizar el controlador de relleno en excel?\" \/>\n<meta property=\"og:description\" content=\"En Excel, Fill Handle es una herramienta que rellena autom\u00e1ticamente filas\/columnas siguiendo el patr\u00f3n de valores de las celdas seleccionadas y crea una lista de series. El controlador de relleno es un cuadro negro muy peque\u00f1o que siempre est\u00e1 disponible en la esquina inferior derecha de cada celda, y los usuarios solo necesitan hacer clic [&hellip;]\" \/>\n<meta property=\"og:url\" content=\"https:\/\/exceladvisor.org\/es\/mango-de-llenado\/\" \/>\n<meta property=\"og:site_name\" content=\"Excel Advisor\" \/>\n<meta property=\"article:modified_time\" content=\"2023-12-25T10:27:57+00:00\" \/>\n<meta property=\"og:image\" content=\"https:\/\/exceladvisor.org\/wp-content\/uploads\/2023\/08\/1-serie-de-numeros-de-remplissage-automatique.gif\" \/>\n<meta name=\"twitter:card\" content=\"summary_large_image\" \/>\n<meta name=\"twitter:label1\" content=\"Tiempo de lectura\" \/>\n\t<meta name=\"twitter:data1\" content=\"4 minutos\" \/>\n<script type=\"application\/ld+json\" class=\"yoast-schema-graph\">{\"@context\":\"https:\/\/schema.org\",\"@graph\":[{\"@type\":\"WebPage\",\"@id\":\"https:\/\/exceladvisor.org\/es\/mango-de-llenado\/\",\"url\":\"https:\/\/exceladvisor.org\/es\/mango-de-llenado\/\",\"name\":\"\u00bfc\u00f3mo utilizar el controlador de relleno en excel?\",\"isPartOf\":{\"@id\":\"https:\/\/exceladvisor.org\/es\/#website\"},\"primaryImageOfPage\":{\"@id\":\"https:\/\/exceladvisor.org\/es\/mango-de-llenado\/#primaryimage\"},\"image\":{\"@id\":\"https:\/\/exceladvisor.org\/es\/mango-de-llenado\/#primaryimage\"},\"thumbnailUrl\":\"https:\/\/exceladvisor.org\/wp-content\/uploads\/2023\/08\/1-serie-de-numeros-de-remplissage-automatique.gif\",\"datePublished\":\"2023-11-14T15:37:40+00:00\",\"dateModified\":\"2023-12-25T10:27:57+00:00\",\"breadcrumb\":{\"@id\":\"https:\/\/exceladvisor.org\/es\/mango-de-llenado\/#breadcrumb\"},\"inLanguage\":\"es\",\"potentialAction\":[{\"@type\":\"ReadAction\",\"target\":[\"https:\/\/exceladvisor.org\/es\/mango-de-llenado\/\"]}]},{\"@type\":\"ImageObject\",\"inLanguage\":\"es\",\"@id\":\"https:\/\/exceladvisor.org\/es\/mango-de-llenado\/#primaryimage\",\"url\":\"https:\/\/exceladvisor.org\/wp-content\/uploads\/2023\/08\/1-serie-de-numeros-de-remplissage-automatique.gif\",\"contentUrl\":\"https:\/\/exceladvisor.org\/wp-content\/uploads\/2023\/08\/1-serie-de-numeros-de-remplissage-automatique.gif\"},{\"@type\":\"BreadcrumbList\",\"@id\":\"https:\/\/exceladvisor.org\/es\/mango-de-llenado\/#breadcrumb\",\"itemListElement\":[{\"@type\":\"ListItem\",\"position\":1,\"name\":\"Hogar\",\"item\":\"https:\/\/exceladvisor.org\/es\/\"},{\"@type\":\"ListItem\",\"position\":2,\"name\":\"\u00bfc\u00f3mo utilizar el controlador de relleno en excel?\"}]},{\"@type\":\"WebSite\",\"@id\":\"https:\/\/exceladvisor.org\/es\/#website\",\"url\":\"https:\/\/exceladvisor.org\/es\/\",\"name\":\"Excel Advisor\",\"description\":\"Su gu\u00eda para la dominaci\u00f3n de datos!\",\"publisher\":{\"@id\":\"https:\/\/exceladvisor.org\/es\/#organization\"},\"potentialAction\":[{\"@type\":\"SearchAction\",\"target\":{\"@type\":\"EntryPoint\",\"urlTemplate\":\"https:\/\/exceladvisor.org\/es\/?s={search_term_string}\"},\"query-input\":{\"@type\":\"PropertyValueSpecification\",\"valueRequired\":true,\"valueName\":\"search_term_string\"}}],\"inLanguage\":\"es\"},{\"@type\":\"Organization\",\"@id\":\"https:\/\/exceladvisor.org\/es\/#organization\",\"name\":\"Excel Advisor\",\"url\":\"https:\/\/exceladvisor.org\/es\/\",\"logo\":{\"@type\":\"ImageObject\",\"inLanguage\":\"es\",\"@id\":\"https:\/\/exceladvisor.org\/es\/#\/schema\/logo\/image\/\",\"url\":\"https:\/\/exceladvisor.org\/es\/wp-content\/uploads\/2023\/12\/exceladvisor.org_.png\",\"contentUrl\":\"https:\/\/exceladvisor.org\/es\/wp-content\/uploads\/2023\/12\/exceladvisor.org_.png\",\"width\":105,\"height\":36,\"caption\":\"Excel Advisor\"},\"image\":{\"@id\":\"https:\/\/exceladvisor.org\/es\/#\/schema\/logo\/image\/\"}}]}<\/script>\n<!-- \/ Yoast SEO plugin. -->","yoast_head_json":{"title":"\u00bfc\u00f3mo utilizar el controlador de relleno en excel?","robots":{"index":"index","follow":"follow","max-snippet":"max-snippet:-1","max-image-preview":"max-image-preview:large","max-video-preview":"max-video-preview:-1"},"canonical":"https:\/\/exceladvisor.org\/es\/mango-de-llenado\/","og_locale":"es_ES","og_type":"article","og_title":"\u00bfc\u00f3mo utilizar el controlador de relleno en excel?","og_description":"En Excel, Fill Handle es una herramienta que rellena autom\u00e1ticamente filas\/columnas siguiendo el patr\u00f3n de valores de las celdas seleccionadas y crea una lista de series. El controlador de relleno es un cuadro negro muy peque\u00f1o que siempre est\u00e1 disponible en la esquina inferior derecha de cada celda, y los usuarios solo necesitan hacer clic [&hellip;]","og_url":"https:\/\/exceladvisor.org\/es\/mango-de-llenado\/","og_site_name":"Excel Advisor","article_modified_time":"2023-12-25T10:27:57+00:00","og_image":[{"url":"https:\/\/exceladvisor.org\/wp-content\/uploads\/2023\/08\/1-serie-de-numeros-de-remplissage-automatique.gif","type":"","width":"","height":""}],"twitter_card":"summary_large_image","twitter_misc":{"Tiempo de lectura":"4 minutos"},"schema":{"@context":"https:\/\/schema.org","@graph":[{"@type":"WebPage","@id":"https:\/\/exceladvisor.org\/es\/mango-de-llenado\/","url":"https:\/\/exceladvisor.org\/es\/mango-de-llenado\/","name":"\u00bfc\u00f3mo utilizar el controlador de relleno en excel?","isPartOf":{"@id":"https:\/\/exceladvisor.org\/es\/#website"},"primaryImageOfPage":{"@id":"https:\/\/exceladvisor.org\/es\/mango-de-llenado\/#primaryimage"},"image":{"@id":"https:\/\/exceladvisor.org\/es\/mango-de-llenado\/#primaryimage"},"thumbnailUrl":"https:\/\/exceladvisor.org\/wp-content\/uploads\/2023\/08\/1-serie-de-numeros-de-remplissage-automatique.gif","datePublished":"2023-11-14T15:37:40+00:00","dateModified":"2023-12-25T10:27:57+00:00","breadcrumb":{"@id":"https:\/\/exceladvisor.org\/es\/mango-de-llenado\/#breadcrumb"},"inLanguage":"es","potentialAction":[{"@type":"ReadAction","target":["https:\/\/exceladvisor.org\/es\/mango-de-llenado\/"]}]},{"@type":"ImageObject","inLanguage":"es","@id":"https:\/\/exceladvisor.org\/es\/mango-de-llenado\/#primaryimage","url":"https:\/\/exceladvisor.org\/wp-content\/uploads\/2023\/08\/1-serie-de-numeros-de-remplissage-automatique.gif","contentUrl":"https:\/\/exceladvisor.org\/wp-content\/uploads\/2023\/08\/1-serie-de-numeros-de-remplissage-automatique.gif"},{"@type":"BreadcrumbList","@id":"https:\/\/exceladvisor.org\/es\/mango-de-llenado\/#breadcrumb","itemListElement":[{"@type":"ListItem","position":1,"name":"Hogar","item":"https:\/\/exceladvisor.org\/es\/"},{"@type":"ListItem","position":2,"name":"\u00bfc\u00f3mo utilizar el controlador de relleno en excel?"}]},{"@type":"WebSite","@id":"https:\/\/exceladvisor.org\/es\/#website","url":"https:\/\/exceladvisor.org\/es\/","name":"Excel Advisor","description":"Su gu\u00eda para la dominaci\u00f3n de datos!","publisher":{"@id":"https:\/\/exceladvisor.org\/es\/#organization"},"potentialAction":[{"@type":"SearchAction","target":{"@type":"EntryPoint","urlTemplate":"https:\/\/exceladvisor.org\/es\/?s={search_term_string}"},"query-input":{"@type":"PropertyValueSpecification","valueRequired":true,"valueName":"search_term_string"}}],"inLanguage":"es"},{"@type":"Organization","@id":"https:\/\/exceladvisor.org\/es\/#organization","name":"Excel Advisor","url":"https:\/\/exceladvisor.org\/es\/","logo":{"@type":"ImageObject","inLanguage":"es","@id":"https:\/\/exceladvisor.org\/es\/#\/schema\/logo\/image\/","url":"https:\/\/exceladvisor.org\/es\/wp-content\/uploads\/2023\/12\/exceladvisor.org_.png","contentUrl":"https:\/\/exceladvisor.org\/es\/wp-content\/uploads\/2023\/12\/exceladvisor.org_.png","width":105,"height":36,"caption":"Excel Advisor"},"image":{"@id":"https:\/\/exceladvisor.org\/es\/#\/schema\/logo\/image\/"}}]}},"yoast_meta":{"yoast_wpseo_title":"","yoast_wpseo_metadesc":"","yoast_wpseo_canonical":""},"_links":{"self":[{"href":"https:\/\/exceladvisor.org\/es\/wp-json\/wp\/v2\/pages\/163","targetHints":{"allow":["GET"]}}],"collection":[{"href":"https:\/\/exceladvisor.org\/es\/wp-json\/wp\/v2\/pages"}],"about":[{"href":"https:\/\/exceladvisor.org\/es\/wp-json\/wp\/v2\/types\/page"}],"author":[{"embeddable":true,"href":"https:\/\/exceladvisor.org\/es\/wp-json\/wp\/v2\/users\/1"}],"replies":[{"embeddable":true,"href":"https:\/\/exceladvisor.org\/es\/wp-json\/wp\/v2\/comments?post=163"}],"version-history":[{"count":1,"href":"https:\/\/exceladvisor.org\/es\/wp-json\/wp\/v2\/pages\/163\/revisions"}],"predecessor-version":[{"id":1252,"href":"https:\/\/exceladvisor.org\/es\/wp-json\/wp\/v2\/pages\/163\/revisions\/1252"}],"wp:attachment":[{"href":"https:\/\/exceladvisor.org\/es\/wp-json\/wp\/v2\/media?parent=163"}],"curies":[{"name":"wp","href":"https:\/\/api.w.org\/{rel}","templated":true}]}}