{"id":164,"date":"2023-11-14T15:29:45","date_gmt":"2023-11-14T15:29:45","guid":{"rendered":"https:\/\/exceladvisor.org\/es\/valores-maximos-promedio\/"},"modified":"2023-12-25T10:26:43","modified_gmt":"2023-12-25T10:26:43","slug":"valores-maximos-promedio","status":"publish","type":"page","link":"https:\/\/exceladvisor.org\/es\/valores-maximos-promedio\/","title":{"rendered":"\u00bfc\u00f3mo promediar los valores top 5 en excel?"},"content":{"rendered":"<div class=\"excel-antes-del-contenido\" id=\"excel-3111846929\"><script type=\"text\/javascript\">\r\n\tatOptions = {\r\n\t\t'key' : 'c1158f160081d6540a8409e6925dab94',\r\n\t\t'format' : 'iframe',\r\n\t\t'height' : 250,\r\n\t\t'width' : 300,\r\n\t\t'params' : {}\r\n\t};\r\n<\/script>\r\n<script type=\"text\/javascript\" src=\"\/\/www.highperformanceformat.com\/c1158f160081d6540a8409e6925dab94\/invoke.js\"><\/script><\/div><p>Supongamos que tiene una l\u00ednea de 20 productos en su negocio y tiene datos de ventas mensuales para los 20 productos.<\/p>\n<p> A partir de estos datos, desea calcular el promedio de los 5 productos principales. En resumen, desea obtener el promedio de los primeros 5 valores de estos datos. Mira el ejemplo de abajo. <\/p>\n<div class=\"wp-block-image\">\n<figure class=\"aligncenter\"><img decoding=\"async\" src=\"https:\/\/exceladvisor.org\/wp-content\/uploads\/2023\/08\/ventes-de-produits-pour-obtenir-la-moyenne-des-5-meilleurs.png\" sizes=\"\" srcset=\"\" alt=\"ventas de productos para obtener el promedio de los 5 primeros\"><\/figure>\n<\/div>\n<h2 class=\"wp-block-heading\"> F\u00f3rmula: Valores medios TOP 5<\/h2>\n<p> Para promediar las 5 puntuaciones principales de la lista, puede utilizar una f\u00f3rmula basada en la combinaci\u00f3n de GRANDE y PROMEDIO. Y la f\u00f3rmula ser\u00e1: <\/p>\n<pre class=\"wp-block-code\"> <code class=\"language-excel-formula\" lang=\"excel-formula\">=AVERAGE(LARGE(B2:B21,{1,2,3,4,5}))<\/code><\/pre>\n<div class=\"wp-block-image\">\n<figure class=\"aligncenter\"><img decoding=\"async\" src=\"https:\/\/exceladvisor.org\/wp-content\/uploads\/2023\/08\/formule-pour-obtenir-la-moyenne-des-5-premiers.png\" sizes=\"\" srcset=\"\" alt=\"f\u00f3rmula para obtener el promedio de los primeros 5\"><\/figure>\n<\/div>\n<h3 class=\"wp-block-heading\"> \u00bfC\u00f3mo funciona esta f\u00f3rmula?<\/h3>\n<p> Para entender esta f\u00f3rmula, es necesario dividirla en dos partes. En la primera parte utilizamos la funci\u00f3n GRANDE.<\/p>\n<h4 class=\"wp-block-heading\"> Funci\u00f3n ANCHA<\/h4>\n<p> La funci\u00f3n GRANDE puede devolver el en\u00e9simo valor m\u00e1s grande de los datos. Si especifica 2 como el en\u00e9simo valor, devolver\u00e1 el segundo valor m\u00e1s alto de los datos.<\/p>\n<p> Aqu\u00ed necesitas los primeros 5 valores, no solo uno, para promediarlos. Para esto, debe ingresar la siguiente tabla como en\u00e9simo valor.<\/p>\n<p> {1,2,3,4,5}<\/p>\n<p> Cuando ingresa esto en la funci\u00f3n, devuelve una matriz de los primeros 5 valores, como el que se muestra a continuaci\u00f3n. <\/p>\n<div class=\"wp-block-image\">\n<figure class=\"aligncenter\"><img decoding=\"async\" src=\"https:\/\/exceladvisor.org\/wp-content\/uploads\/2023\/08\/comment-la-grande-formule-fonctionne-pour-obtenir-la-moyenne-des-5-premiers.png\" sizes=\"\" srcset=\"\" alt=\"c\u00f3mo funciona la gran f\u00f3rmula para obtener el promedio de los 5 primeros\"><\/figure>\n<\/div>\n<p> <strong>En \u00faltima instancia,<\/strong> la funci\u00f3n promedio devuelve el promedio de estos valores. Aqu\u00ed debe comprender que la funci\u00f3n promedio puede tomar una matriz sin ingresar ninguna f\u00f3rmula como CTRL+SHIFT+ENTER. <\/p>\n<div class=\"gb-container gb-container-52dfcee1 gb-container-sample-file\">\n<h2 class=\"gb-headline gb-headline-e289c143 gb-headline-text gb-headline-4f7959c2\"> Obtener el archivo Excel<\/h2>\n<p> <a class=\"gb-button gb-button-e88d6bee gb-button-text gb-button-button1\" href=\"https:\/\/exceladvisor.org\/wp-content\/uploads\/2023\/11\/moyenne-des-cinq-premieres-valeurs.xlsx\" rel=\"nofollow\">Descargar<\/a><\/p>\n<\/div>\n<div class=\"gb-container gb-container-0df56012 gb-container-mt\"> <a class=\"gb-button gb-button-f9f432f4 gb-button-text gb-button-mt-button\" href=\"https:\/\/exceladvisor.org\/es\/formulas\/\">Lista de f\u00f3rmulas de Excel<\/a><\/p>\n<h2 class=\"gb-headline gb-headline-233444e8 gb-headline-text gb-headline-mt-heading\"> F\u00f3rmulas relacionadas <\/h2>\n<div class=\"gb-grid-wrapper gb-grid-wrapper-a16fa65c gb-grid-wrapper-mt-grid\">\n<div class=\"gb-grid-column gb-grid-column-50d07e0d\">\n<div class=\"gb-container gb-container-50d07e0d\">\n<ul>\n<li> <a href=\"https:\/\/exceladvisor.org\/es\/peso-promedio\/\">Calcular promedio ponderado en Excel<\/a><\/li>\n<li> <a href=\"https:\/\/exceladvisor.org\/es\/errores-promedio-ignorados-2\/\">Promedio pero ignorar errores (#N\/A y otros errores)<\/a><\/li>\n<li> <a href=\"https:\/\/exceladvisor.org\/es\/el-promedio-excluye-ceros-2\/\">N\u00famero promedio pero excluye ceros<\/a><\/li>\n<li> <a href=\"https:\/\/exceladvisor.org\/es\/promedio-de-celdas-no-vacias-2\/\">Promedio solo de celdas que no est\u00e1n en blanco<\/a><\/li>\n<li> <a href=\"https:\/\/exceladvisor.org\/es\/porcentaje-promedio-2\/\">Calcular el promedio de valores porcentuales.<\/a><\/li>\n<\/ul>\n<\/div>\n<\/div>\n<\/div>\n<\/div>\n","protected":false},"excerpt":{"rendered":"<p>Supongamos que tiene una l\u00ednea de 20 productos en su negocio y tiene datos de ventas mensuales para los 20 productos. A partir de estos datos, desea calcular el promedio de los 5 productos principales. En resumen, desea obtener el promedio de los primeros 5 valores de estos datos. Mira el ejemplo de abajo. F\u00f3rmula: [&hellip;]<\/p>\n","protected":false},"author":1,"featured_media":0,"parent":0,"menu_order":0,"comment_status":"open","ping_status":"closed","template":"","meta":{"ub_ctt_via":"","footnotes":""},"class_list":["post-164","page","type-page","status-publish","hentry"],"featured_image_src":null,"yoast_head":"<!-- This site is optimized with the Yoast SEO plugin v25.4 - https:\/\/yoast.com\/wordpress\/plugins\/seo\/ -->\n<title>\u00bfc\u00f3mo promediar los valores top 5 en excel?<\/title>\n<meta name=\"robots\" content=\"index, follow, max-snippet:-1, max-image-preview:large, max-video-preview:-1\" \/>\n<link rel=\"canonical\" href=\"https:\/\/exceladvisor.org\/es\/valores-maximos-promedio\/\" \/>\n<meta property=\"og:locale\" content=\"es_ES\" \/>\n<meta property=\"og:type\" content=\"article\" \/>\n<meta property=\"og:title\" content=\"\u00bfc\u00f3mo promediar los valores top 5 en excel?\" \/>\n<meta property=\"og:description\" content=\"Supongamos que tiene una l\u00ednea de 20 productos en su negocio y tiene datos de ventas mensuales para los 20 productos. A partir de estos datos, desea calcular el promedio de los 5 productos principales. En resumen, desea obtener el promedio de los primeros 5 valores de estos datos. Mira el ejemplo de abajo. F\u00f3rmula: [&hellip;]\" \/>\n<meta property=\"og:url\" content=\"https:\/\/exceladvisor.org\/es\/valores-maximos-promedio\/\" \/>\n<meta property=\"og:site_name\" content=\"Excel Advisor\" \/>\n<meta property=\"article:modified_time\" content=\"2023-12-25T10:26:43+00:00\" \/>\n<meta property=\"og:image\" content=\"https:\/\/exceladvisor.org\/wp-content\/uploads\/2023\/08\/ventes-de-produits-pour-obtenir-la-moyenne-des-5-meilleurs.png\" \/>\n<meta name=\"twitter:card\" content=\"summary_large_image\" \/>\n<meta name=\"twitter:label1\" content=\"Tiempo de lectura\" \/>\n\t<meta name=\"twitter:data1\" content=\"1 minuto\" \/>\n<script type=\"application\/ld+json\" class=\"yoast-schema-graph\">{\"@context\":\"https:\/\/schema.org\",\"@graph\":[{\"@type\":\"WebPage\",\"@id\":\"https:\/\/exceladvisor.org\/es\/valores-maximos-promedio\/\",\"url\":\"https:\/\/exceladvisor.org\/es\/valores-maximos-promedio\/\",\"name\":\"\u00bfc\u00f3mo promediar los valores top 5 en excel?\",\"isPartOf\":{\"@id\":\"https:\/\/exceladvisor.org\/es\/#website\"},\"primaryImageOfPage\":{\"@id\":\"https:\/\/exceladvisor.org\/es\/valores-maximos-promedio\/#primaryimage\"},\"image\":{\"@id\":\"https:\/\/exceladvisor.org\/es\/valores-maximos-promedio\/#primaryimage\"},\"thumbnailUrl\":\"https:\/\/exceladvisor.org\/wp-content\/uploads\/2023\/08\/ventes-de-produits-pour-obtenir-la-moyenne-des-5-meilleurs.png\",\"datePublished\":\"2023-11-14T15:29:45+00:00\",\"dateModified\":\"2023-12-25T10:26:43+00:00\",\"breadcrumb\":{\"@id\":\"https:\/\/exceladvisor.org\/es\/valores-maximos-promedio\/#breadcrumb\"},\"inLanguage\":\"es\",\"potentialAction\":[{\"@type\":\"ReadAction\",\"target\":[\"https:\/\/exceladvisor.org\/es\/valores-maximos-promedio\/\"]}]},{\"@type\":\"ImageObject\",\"inLanguage\":\"es\",\"@id\":\"https:\/\/exceladvisor.org\/es\/valores-maximos-promedio\/#primaryimage\",\"url\":\"https:\/\/exceladvisor.org\/wp-content\/uploads\/2023\/08\/ventes-de-produits-pour-obtenir-la-moyenne-des-5-meilleurs.png\",\"contentUrl\":\"https:\/\/exceladvisor.org\/wp-content\/uploads\/2023\/08\/ventes-de-produits-pour-obtenir-la-moyenne-des-5-meilleurs.png\"},{\"@type\":\"BreadcrumbList\",\"@id\":\"https:\/\/exceladvisor.org\/es\/valores-maximos-promedio\/#breadcrumb\",\"itemListElement\":[{\"@type\":\"ListItem\",\"position\":1,\"name\":\"Hogar\",\"item\":\"https:\/\/exceladvisor.org\/es\/\"},{\"@type\":\"ListItem\",\"position\":2,\"name\":\"\u00bfc\u00f3mo promediar los valores top 5 en excel?\"}]},{\"@type\":\"WebSite\",\"@id\":\"https:\/\/exceladvisor.org\/es\/#website\",\"url\":\"https:\/\/exceladvisor.org\/es\/\",\"name\":\"Excel Advisor\",\"description\":\"Su gu\u00eda para la dominaci\u00f3n de datos!\",\"publisher\":{\"@id\":\"https:\/\/exceladvisor.org\/es\/#organization\"},\"potentialAction\":[{\"@type\":\"SearchAction\",\"target\":{\"@type\":\"EntryPoint\",\"urlTemplate\":\"https:\/\/exceladvisor.org\/es\/?s={search_term_string}\"},\"query-input\":{\"@type\":\"PropertyValueSpecification\",\"valueRequired\":true,\"valueName\":\"search_term_string\"}}],\"inLanguage\":\"es\"},{\"@type\":\"Organization\",\"@id\":\"https:\/\/exceladvisor.org\/es\/#organization\",\"name\":\"Excel Advisor\",\"url\":\"https:\/\/exceladvisor.org\/es\/\",\"logo\":{\"@type\":\"ImageObject\",\"inLanguage\":\"es\",\"@id\":\"https:\/\/exceladvisor.org\/es\/#\/schema\/logo\/image\/\",\"url\":\"https:\/\/exceladvisor.org\/es\/wp-content\/uploads\/2023\/12\/exceladvisor.org_.png\",\"contentUrl\":\"https:\/\/exceladvisor.org\/es\/wp-content\/uploads\/2023\/12\/exceladvisor.org_.png\",\"width\":105,\"height\":36,\"caption\":\"Excel Advisor\"},\"image\":{\"@id\":\"https:\/\/exceladvisor.org\/es\/#\/schema\/logo\/image\/\"}}]}<\/script>\n<!-- \/ Yoast SEO plugin. -->","yoast_head_json":{"title":"\u00bfc\u00f3mo promediar los valores top 5 en excel?","robots":{"index":"index","follow":"follow","max-snippet":"max-snippet:-1","max-image-preview":"max-image-preview:large","max-video-preview":"max-video-preview:-1"},"canonical":"https:\/\/exceladvisor.org\/es\/valores-maximos-promedio\/","og_locale":"es_ES","og_type":"article","og_title":"\u00bfc\u00f3mo promediar los valores top 5 en excel?","og_description":"Supongamos que tiene una l\u00ednea de 20 productos en su negocio y tiene datos de ventas mensuales para los 20 productos. A partir de estos datos, desea calcular el promedio de los 5 productos principales. En resumen, desea obtener el promedio de los primeros 5 valores de estos datos. Mira el ejemplo de abajo. F\u00f3rmula: [&hellip;]","og_url":"https:\/\/exceladvisor.org\/es\/valores-maximos-promedio\/","og_site_name":"Excel Advisor","article_modified_time":"2023-12-25T10:26:43+00:00","og_image":[{"url":"https:\/\/exceladvisor.org\/wp-content\/uploads\/2023\/08\/ventes-de-produits-pour-obtenir-la-moyenne-des-5-meilleurs.png","type":"","width":"","height":""}],"twitter_card":"summary_large_image","twitter_misc":{"Tiempo de lectura":"1 minuto"},"schema":{"@context":"https:\/\/schema.org","@graph":[{"@type":"WebPage","@id":"https:\/\/exceladvisor.org\/es\/valores-maximos-promedio\/","url":"https:\/\/exceladvisor.org\/es\/valores-maximos-promedio\/","name":"\u00bfc\u00f3mo promediar los valores top 5 en excel?","isPartOf":{"@id":"https:\/\/exceladvisor.org\/es\/#website"},"primaryImageOfPage":{"@id":"https:\/\/exceladvisor.org\/es\/valores-maximos-promedio\/#primaryimage"},"image":{"@id":"https:\/\/exceladvisor.org\/es\/valores-maximos-promedio\/#primaryimage"},"thumbnailUrl":"https:\/\/exceladvisor.org\/wp-content\/uploads\/2023\/08\/ventes-de-produits-pour-obtenir-la-moyenne-des-5-meilleurs.png","datePublished":"2023-11-14T15:29:45+00:00","dateModified":"2023-12-25T10:26:43+00:00","breadcrumb":{"@id":"https:\/\/exceladvisor.org\/es\/valores-maximos-promedio\/#breadcrumb"},"inLanguage":"es","potentialAction":[{"@type":"ReadAction","target":["https:\/\/exceladvisor.org\/es\/valores-maximos-promedio\/"]}]},{"@type":"ImageObject","inLanguage":"es","@id":"https:\/\/exceladvisor.org\/es\/valores-maximos-promedio\/#primaryimage","url":"https:\/\/exceladvisor.org\/wp-content\/uploads\/2023\/08\/ventes-de-produits-pour-obtenir-la-moyenne-des-5-meilleurs.png","contentUrl":"https:\/\/exceladvisor.org\/wp-content\/uploads\/2023\/08\/ventes-de-produits-pour-obtenir-la-moyenne-des-5-meilleurs.png"},{"@type":"BreadcrumbList","@id":"https:\/\/exceladvisor.org\/es\/valores-maximos-promedio\/#breadcrumb","itemListElement":[{"@type":"ListItem","position":1,"name":"Hogar","item":"https:\/\/exceladvisor.org\/es\/"},{"@type":"ListItem","position":2,"name":"\u00bfc\u00f3mo promediar los valores top 5 en excel?"}]},{"@type":"WebSite","@id":"https:\/\/exceladvisor.org\/es\/#website","url":"https:\/\/exceladvisor.org\/es\/","name":"Excel Advisor","description":"Su gu\u00eda para la dominaci\u00f3n de datos!","publisher":{"@id":"https:\/\/exceladvisor.org\/es\/#organization"},"potentialAction":[{"@type":"SearchAction","target":{"@type":"EntryPoint","urlTemplate":"https:\/\/exceladvisor.org\/es\/?s={search_term_string}"},"query-input":{"@type":"PropertyValueSpecification","valueRequired":true,"valueName":"search_term_string"}}],"inLanguage":"es"},{"@type":"Organization","@id":"https:\/\/exceladvisor.org\/es\/#organization","name":"Excel Advisor","url":"https:\/\/exceladvisor.org\/es\/","logo":{"@type":"ImageObject","inLanguage":"es","@id":"https:\/\/exceladvisor.org\/es\/#\/schema\/logo\/image\/","url":"https:\/\/exceladvisor.org\/es\/wp-content\/uploads\/2023\/12\/exceladvisor.org_.png","contentUrl":"https:\/\/exceladvisor.org\/es\/wp-content\/uploads\/2023\/12\/exceladvisor.org_.png","width":105,"height":36,"caption":"Excel Advisor"},"image":{"@id":"https:\/\/exceladvisor.org\/es\/#\/schema\/logo\/image\/"}}]}},"yoast_meta":{"yoast_wpseo_title":"","yoast_wpseo_metadesc":"","yoast_wpseo_canonical":""},"_links":{"self":[{"href":"https:\/\/exceladvisor.org\/es\/wp-json\/wp\/v2\/pages\/164","targetHints":{"allow":["GET"]}}],"collection":[{"href":"https:\/\/exceladvisor.org\/es\/wp-json\/wp\/v2\/pages"}],"about":[{"href":"https:\/\/exceladvisor.org\/es\/wp-json\/wp\/v2\/types\/page"}],"author":[{"embeddable":true,"href":"https:\/\/exceladvisor.org\/es\/wp-json\/wp\/v2\/users\/1"}],"replies":[{"embeddable":true,"href":"https:\/\/exceladvisor.org\/es\/wp-json\/wp\/v2\/comments?post=164"}],"version-history":[{"count":1,"href":"https:\/\/exceladvisor.org\/es\/wp-json\/wp\/v2\/pages\/164\/revisions"}],"predecessor-version":[{"id":1157,"href":"https:\/\/exceladvisor.org\/es\/wp-json\/wp\/v2\/pages\/164\/revisions\/1157"}],"wp:attachment":[{"href":"https:\/\/exceladvisor.org\/es\/wp-json\/wp\/v2\/media?parent=164"}],"curies":[{"name":"wp","href":"https:\/\/api.w.org\/{rel}","templated":true}]}}