{"id":165,"date":"2023-11-14T15:17:07","date_gmt":"2023-11-14T15:17:07","guid":{"rendered":"https:\/\/exceladvisor.org\/es\/obtener-el-nombre-del-dia\/"},"modified":"2023-12-25T10:26:19","modified_gmt":"2023-12-25T10:26:19","slug":"obtener-el-nombre-del-dia","status":"publish","type":"page","link":"https:\/\/exceladvisor.org\/es\/obtener-el-nombre-del-dia\/","title":{"rendered":"\u00bfc\u00f3mo obtener el nombre del d\u00eda a partir de una fecha en excel?"},"content":{"rendered":"<div class=\"excel-antes-del-contenido\" id=\"excel-4238428831\"><script type=\"text\/javascript\">\r\n\tatOptions = {\r\n\t\t'key' : 'c1158f160081d6540a8409e6925dab94',\r\n\t\t'format' : 'iframe',\r\n\t\t'height' : 250,\r\n\t\t'width' : 300,\r\n\t\t'params' : {}\r\n\t};\r\n<\/script>\r\n<script type=\"text\/javascript\" src=\"\/\/www.highperformanceformat.com\/c1158f160081d6540a8409e6925dab94\/invoke.js\"><\/script><\/div><p class=\"has-text-align-left\">Digamos que tiene una fecha a partir de esta fecha para la cual desea obtener el nombre del d\u00eda, es decir, s\u00e1bado, domingo. Esto se puede hacer con una f\u00f3rmula. De hecho, se pueden utilizar varias f\u00f3rmulas.<\/p>\n<h2 class=\"wp-block-heading\"> Obtener el nombre del d\u00eda con la funci\u00f3n TEXTO<\/h2>\n<p> Puede utilizar la funci\u00f3n TEXTO para extraer el nombre de un d\u00eda de una fecha. Supongamos que tiene una fecha en la celda A2 y desea obtener el nombre del d\u00eda en la celda B2. La f\u00f3rmula ser\u00e1:<\/p>\n<pre class=\"wp-block-code\"> <code class=\"language-excel-formula\" lang=\"excel-formula\">=TEXT(A2,\"DDD\")<\/code><\/pre>\n<p> Esta f\u00f3rmula devolver\u00e1 el nombre de un d\u00eda corto a partir de la fecha. Y, si desea un nombre de d\u00eda completo, puede utilizar la siguiente f\u00f3rmula. <\/p>\n<pre class=\"wp-block-code\"> <code class=\"language-excel-formula\" lang=\"excel-formula\">=TEXT(A2,\"DDDD\")<\/code><\/pre>\n<div class=\"wp-block-image\">\n<figure class=\"aligncenter\"><img decoding=\"async\" src=\"https:\/\/exceladvisor.org\/wp-content\/uploads\/2023\/08\/obtenir-le-nom-du-mois-a-partir-dune-date-avec-une-fonction-de-texte.png\" sizes=\"\" srcset=\"\" alt=\"obtener el nombre del mes a partir de una fecha con una funci\u00f3n de texto\"><\/figure>\n<\/div>\n<h2 class=\"wp-block-heading\"> Funciona<\/h2>\n<p> Cuando haces referencia a la fecha en la funci\u00f3n TEXTO, est\u00e1s convirtiendo esos datos a un formato de texto espec\u00edfico que mencionaste.<\/p>\n<h2 class=\"wp-block-heading\"> Usando la funci\u00f3n SELECT Obtener el nombre del d\u00eda<\/h2>\n<p> Este es otro m\u00e9todo que puede utilizar para extraer el nombre de un d\u00eda de una fecha. Y este m\u00e9todo es m\u00e1s flexible.<\/p>\n<p> Supongamos que desea utilizar una abreviatura personalizada o desea obtener el nombre del d\u00eda en otro idioma. La f\u00f3rmula ser\u00e1: <\/p>\n<pre class=\"wp-block-code\"> <code class=\"language-excel-formula\" lang=\"excel-formula\">=CHOOSE(WEEKDAY(A3,2),\"M\",\"Tu\",\"W\",\"Th\",\"F\",\"Sa\",\"Su\")<\/code><\/pre>\n<div class=\"wp-block-image\">\n<figure class=\"aligncenter\"><img decoding=\"async\" src=\"https:\/\/exceladvisor.org\/wp-content\/uploads\/2023\/08\/obtenir-le-nom-du-mois-a-partir-dune-date-avec-la-fonction-de-choix.png\" sizes=\"\" srcset=\"\" alt=\"obtener el nombre del mes a partir de una fecha con la funci\u00f3n de selecci\u00f3n\"><\/figure>\n<\/div>\n<h2 class=\"wp-block-heading\"> C\u00f3mo funciona esto<\/h2>\n<p> Aqu\u00ed WEEKDAY devuelve el n\u00famero de d\u00edas de una semana, es decir, del 1 al 7. Si el d\u00eda es lunes devolver\u00e1 1 y el martes devolver\u00e1 2. Entonces para cada d\u00eda de la semana hay un n\u00famero.<\/p>\n<p> Despu\u00e9s de eso, en la funci\u00f3n ELEGIR has mencionado 7 valores diferentes para 7 d\u00edas de la semana y cuando D\u00cdASEMANA devuelve un n\u00famero, ELEGIR devuelve el valor en funci\u00f3n de ese n\u00famero. En resumen, obtienes un nombre de d\u00eda.<\/p>\n<h2 class=\"wp-block-heading\"> Aplicar formato personalizado<\/h2>\n<p> Si no desea extraer el nombre de un d\u00eda en otra celda, puede aplicar un formato personalizado para formatear una fecha como nombre de d\u00eda. Para eso:<\/p>\n<ol>\n<li> Seleccione todas las celdas y presione la tecla de acceso directo Ctrl + 1.<\/li>\n<li> En la pesta\u00f1a N\u00famero, seleccione Personalizado e ingrese \u00abddd\u00bb o \u00abdddd\u00bb en la barra de entrada.<\/li>\n<li> Al final, haga clic en Aceptar. <\/li>\n<\/ol>\n<div class=\"wp-block-image\">\n<figure class=\"aligncenter\"><img decoding=\"async\" src=\"https:\/\/exceladvisor.org\/wp-content\/uploads\/2023\/08\/obtenir-le-nom-du-mois-a-partir-dune-date-avec-un-formatage-personnalise.png\" sizes=\"\" srcset=\"\" alt=\"obtener el nombre del mes a partir de una fecha con formato personalizado\"><\/figure>\n<\/div>\n<p> Esto convertir\u00e1 la fecha en la celda seleccionada en el nombre de un d\u00eda.<\/p>\n<p class=\"grey-note\"> Cuando aplicas un formato personalizado, el valor en la celda siempre es una fecha, solo necesitas cambiar su formato. <\/p>\n<div class=\"gb-container gb-container-52dfcee1 gb-container-sample-file\">\n<h2 class=\"gb-headline gb-headline-e289c143 gb-headline-text gb-headline-4f7959c2\"> Obtener el archivo Excel<\/h2>\n<p> <a class=\"gb-button gb-button-e88d6bee gb-button-text gb-button-button1\" href=\"https:\/\/exceladvisor.org\/wp-content\/uploads\/2023\/08\/obtenir-le-nom-du-jour-2.xlsx\" rel=\"nofollow\">Descargar<\/a><\/p>\n<\/div>\n<div class=\"gb-container gb-container-0df56012 gb-container-mt\"> <a class=\"gb-button gb-button-f9f432f4 gb-button-text gb-button-mt-button\" href=\"https:\/\/exceladvisor.org\/es\/formulas\/\">Lista de f\u00f3rmulas de Excel<\/a><\/p>\n<h2 class=\"gb-headline gb-headline-233444e8 gb-headline-text gb-headline-mt-heading\"> F\u00f3rmulas relacionadas <\/h2>\n<div class=\"gb-grid-wrapper gb-grid-wrapper-a16fa65c gb-grid-wrapper-mt-grid\">\n<div class=\"gb-grid-column gb-grid-column-50d07e0d\">\n<div class=\"gb-container gb-container-50d07e0d\">\n<ul>\n<li> <a href=\"https:\/\/exceladvisor.org\/es\/agregar-la-fecha-de-la-semana\/\">Semana de suma y resta de una fecha en Excel<\/a><\/li>\n<li> <a href=\"https:\/\/exceladvisor.org\/es\/dias-del-mes\/\">Obtener el n\u00famero total de d\u00edas de meses en Excel<\/a><\/li>\n<li> <a href=\"https:\/\/exceladvisor.org\/es\/meses-dias-laborables\/\">D\u00edas laborables en un mes.<\/a><\/li>\n<li> <a href=\"https:\/\/exceladvisor.org\/es\/fecha-al-texto-2\/\">Convertir fecha a texto<\/a> <\/li>\n<\/ul>\n<\/div>\n<\/div>\n<div class=\"gb-grid-column gb-grid-column-5b4a0cf9\">\n<div class=\"gb-container gb-container-5b4a0cf9\">\n<ul>\n<li> <a href=\"https:\/\/exceladvisor.org\/es\/dias-de-cuenta-regresiva\/\">D\u00edas de cuenta regresiva<\/a><\/li>\n<li> <a href=\"https:\/\/exceladvisor.org\/es\/dias-entre-dos-fechas\/\">Cuente los d\u00edas entre dos fechas.<\/a><\/li>\n<li> <a href=\"https:\/\/exceladvisor.org\/es\/cita-en-juliana-2\/\">Convertir a fecha juliana<\/a><\/li>\n<li> <a href=\"https:\/\/exceladvisor.org\/es\/domingo-anterior-2\/\">Obtener el domingo anterior<\/a><\/li>\n<\/ul>\n<\/div>\n<\/div>\n<\/div>\n<\/div>\n","protected":false},"excerpt":{"rendered":"<p>Digamos que tiene una fecha a partir de esta fecha para la cual desea obtener el nombre del d\u00eda, es decir, s\u00e1bado, domingo. Esto se puede hacer con una f\u00f3rmula. De hecho, se pueden utilizar varias f\u00f3rmulas. Obtener el nombre del d\u00eda con la funci\u00f3n TEXTO Puede utilizar la funci\u00f3n TEXTO para extraer el nombre [&hellip;]<\/p>\n","protected":false},"author":1,"featured_media":0,"parent":0,"menu_order":0,"comment_status":"open","ping_status":"closed","template":"","meta":{"ub_ctt_via":"","footnotes":""},"class_list":["post-165","page","type-page","status-publish","hentry"],"featured_image_src":null,"yoast_head":"<!-- This site is optimized with the Yoast SEO plugin v25.4 - https:\/\/yoast.com\/wordpress\/plugins\/seo\/ -->\n<title>\u00bfc\u00f3mo obtener el nombre del d\u00eda a partir de una fecha en excel?<\/title>\n<meta name=\"robots\" content=\"index, follow, max-snippet:-1, max-image-preview:large, max-video-preview:-1\" \/>\n<link rel=\"canonical\" href=\"https:\/\/exceladvisor.org\/es\/obtener-el-nombre-del-dia\/\" \/>\n<meta property=\"og:locale\" content=\"es_ES\" \/>\n<meta property=\"og:type\" content=\"article\" \/>\n<meta property=\"og:title\" content=\"\u00bfc\u00f3mo obtener el nombre del d\u00eda a partir de una fecha en excel?\" \/>\n<meta property=\"og:description\" content=\"Digamos que tiene una fecha a partir de esta fecha para la cual desea obtener el nombre del d\u00eda, es decir, s\u00e1bado, domingo. Esto se puede hacer con una f\u00f3rmula. De hecho, se pueden utilizar varias f\u00f3rmulas. Obtener el nombre del d\u00eda con la funci\u00f3n TEXTO Puede utilizar la funci\u00f3n TEXTO para extraer el nombre [&hellip;]\" \/>\n<meta property=\"og:url\" content=\"https:\/\/exceladvisor.org\/es\/obtener-el-nombre-del-dia\/\" \/>\n<meta property=\"og:site_name\" content=\"Excel Advisor\" \/>\n<meta property=\"article:modified_time\" content=\"2023-12-25T10:26:19+00:00\" \/>\n<meta property=\"og:image\" content=\"https:\/\/exceladvisor.org\/wp-content\/uploads\/2023\/08\/obtenir-le-nom-du-mois-a-partir-dune-date-avec-une-fonction-de-texte.png\" \/>\n<meta name=\"twitter:card\" content=\"summary_large_image\" \/>\n<meta name=\"twitter:label1\" content=\"Tiempo de lectura\" \/>\n\t<meta name=\"twitter:data1\" content=\"2 minutos\" \/>\n<script type=\"application\/ld+json\" class=\"yoast-schema-graph\">{\"@context\":\"https:\/\/schema.org\",\"@graph\":[{\"@type\":\"WebPage\",\"@id\":\"https:\/\/exceladvisor.org\/es\/obtener-el-nombre-del-dia\/\",\"url\":\"https:\/\/exceladvisor.org\/es\/obtener-el-nombre-del-dia\/\",\"name\":\"\u00bfc\u00f3mo obtener el nombre del d\u00eda a partir de una fecha en excel?\",\"isPartOf\":{\"@id\":\"https:\/\/exceladvisor.org\/es\/#website\"},\"primaryImageOfPage\":{\"@id\":\"https:\/\/exceladvisor.org\/es\/obtener-el-nombre-del-dia\/#primaryimage\"},\"image\":{\"@id\":\"https:\/\/exceladvisor.org\/es\/obtener-el-nombre-del-dia\/#primaryimage\"},\"thumbnailUrl\":\"https:\/\/exceladvisor.org\/wp-content\/uploads\/2023\/08\/obtenir-le-nom-du-mois-a-partir-dune-date-avec-une-fonction-de-texte.png\",\"datePublished\":\"2023-11-14T15:17:07+00:00\",\"dateModified\":\"2023-12-25T10:26:19+00:00\",\"breadcrumb\":{\"@id\":\"https:\/\/exceladvisor.org\/es\/obtener-el-nombre-del-dia\/#breadcrumb\"},\"inLanguage\":\"es\",\"potentialAction\":[{\"@type\":\"ReadAction\",\"target\":[\"https:\/\/exceladvisor.org\/es\/obtener-el-nombre-del-dia\/\"]}]},{\"@type\":\"ImageObject\",\"inLanguage\":\"es\",\"@id\":\"https:\/\/exceladvisor.org\/es\/obtener-el-nombre-del-dia\/#primaryimage\",\"url\":\"https:\/\/exceladvisor.org\/wp-content\/uploads\/2023\/08\/obtenir-le-nom-du-mois-a-partir-dune-date-avec-une-fonction-de-texte.png\",\"contentUrl\":\"https:\/\/exceladvisor.org\/wp-content\/uploads\/2023\/08\/obtenir-le-nom-du-mois-a-partir-dune-date-avec-une-fonction-de-texte.png\"},{\"@type\":\"BreadcrumbList\",\"@id\":\"https:\/\/exceladvisor.org\/es\/obtener-el-nombre-del-dia\/#breadcrumb\",\"itemListElement\":[{\"@type\":\"ListItem\",\"position\":1,\"name\":\"Hogar\",\"item\":\"https:\/\/exceladvisor.org\/es\/\"},{\"@type\":\"ListItem\",\"position\":2,\"name\":\"\u00bfc\u00f3mo obtener el nombre del d\u00eda a partir de una fecha en excel?\"}]},{\"@type\":\"WebSite\",\"@id\":\"https:\/\/exceladvisor.org\/es\/#website\",\"url\":\"https:\/\/exceladvisor.org\/es\/\",\"name\":\"Excel Advisor\",\"description\":\"Su gu\u00eda para la dominaci\u00f3n de datos!\",\"publisher\":{\"@id\":\"https:\/\/exceladvisor.org\/es\/#organization\"},\"potentialAction\":[{\"@type\":\"SearchAction\",\"target\":{\"@type\":\"EntryPoint\",\"urlTemplate\":\"https:\/\/exceladvisor.org\/es\/?s={search_term_string}\"},\"query-input\":{\"@type\":\"PropertyValueSpecification\",\"valueRequired\":true,\"valueName\":\"search_term_string\"}}],\"inLanguage\":\"es\"},{\"@type\":\"Organization\",\"@id\":\"https:\/\/exceladvisor.org\/es\/#organization\",\"name\":\"Excel Advisor\",\"url\":\"https:\/\/exceladvisor.org\/es\/\",\"logo\":{\"@type\":\"ImageObject\",\"inLanguage\":\"es\",\"@id\":\"https:\/\/exceladvisor.org\/es\/#\/schema\/logo\/image\/\",\"url\":\"https:\/\/exceladvisor.org\/es\/wp-content\/uploads\/2023\/12\/exceladvisor.org_.png\",\"contentUrl\":\"https:\/\/exceladvisor.org\/es\/wp-content\/uploads\/2023\/12\/exceladvisor.org_.png\",\"width\":105,\"height\":36,\"caption\":\"Excel Advisor\"},\"image\":{\"@id\":\"https:\/\/exceladvisor.org\/es\/#\/schema\/logo\/image\/\"}}]}<\/script>\n<!-- \/ Yoast SEO plugin. -->","yoast_head_json":{"title":"\u00bfc\u00f3mo obtener el nombre del d\u00eda a partir de una fecha en excel?","robots":{"index":"index","follow":"follow","max-snippet":"max-snippet:-1","max-image-preview":"max-image-preview:large","max-video-preview":"max-video-preview:-1"},"canonical":"https:\/\/exceladvisor.org\/es\/obtener-el-nombre-del-dia\/","og_locale":"es_ES","og_type":"article","og_title":"\u00bfc\u00f3mo obtener el nombre del d\u00eda a partir de una fecha en excel?","og_description":"Digamos que tiene una fecha a partir de esta fecha para la cual desea obtener el nombre del d\u00eda, es decir, s\u00e1bado, domingo. Esto se puede hacer con una f\u00f3rmula. De hecho, se pueden utilizar varias f\u00f3rmulas. Obtener el nombre del d\u00eda con la funci\u00f3n TEXTO Puede utilizar la funci\u00f3n TEXTO para extraer el nombre [&hellip;]","og_url":"https:\/\/exceladvisor.org\/es\/obtener-el-nombre-del-dia\/","og_site_name":"Excel Advisor","article_modified_time":"2023-12-25T10:26:19+00:00","og_image":[{"url":"https:\/\/exceladvisor.org\/wp-content\/uploads\/2023\/08\/obtenir-le-nom-du-mois-a-partir-dune-date-avec-une-fonction-de-texte.png","type":"","width":"","height":""}],"twitter_card":"summary_large_image","twitter_misc":{"Tiempo de lectura":"2 minutos"},"schema":{"@context":"https:\/\/schema.org","@graph":[{"@type":"WebPage","@id":"https:\/\/exceladvisor.org\/es\/obtener-el-nombre-del-dia\/","url":"https:\/\/exceladvisor.org\/es\/obtener-el-nombre-del-dia\/","name":"\u00bfc\u00f3mo obtener el nombre del d\u00eda a partir de una fecha en excel?","isPartOf":{"@id":"https:\/\/exceladvisor.org\/es\/#website"},"primaryImageOfPage":{"@id":"https:\/\/exceladvisor.org\/es\/obtener-el-nombre-del-dia\/#primaryimage"},"image":{"@id":"https:\/\/exceladvisor.org\/es\/obtener-el-nombre-del-dia\/#primaryimage"},"thumbnailUrl":"https:\/\/exceladvisor.org\/wp-content\/uploads\/2023\/08\/obtenir-le-nom-du-mois-a-partir-dune-date-avec-une-fonction-de-texte.png","datePublished":"2023-11-14T15:17:07+00:00","dateModified":"2023-12-25T10:26:19+00:00","breadcrumb":{"@id":"https:\/\/exceladvisor.org\/es\/obtener-el-nombre-del-dia\/#breadcrumb"},"inLanguage":"es","potentialAction":[{"@type":"ReadAction","target":["https:\/\/exceladvisor.org\/es\/obtener-el-nombre-del-dia\/"]}]},{"@type":"ImageObject","inLanguage":"es","@id":"https:\/\/exceladvisor.org\/es\/obtener-el-nombre-del-dia\/#primaryimage","url":"https:\/\/exceladvisor.org\/wp-content\/uploads\/2023\/08\/obtenir-le-nom-du-mois-a-partir-dune-date-avec-une-fonction-de-texte.png","contentUrl":"https:\/\/exceladvisor.org\/wp-content\/uploads\/2023\/08\/obtenir-le-nom-du-mois-a-partir-dune-date-avec-une-fonction-de-texte.png"},{"@type":"BreadcrumbList","@id":"https:\/\/exceladvisor.org\/es\/obtener-el-nombre-del-dia\/#breadcrumb","itemListElement":[{"@type":"ListItem","position":1,"name":"Hogar","item":"https:\/\/exceladvisor.org\/es\/"},{"@type":"ListItem","position":2,"name":"\u00bfc\u00f3mo obtener el nombre del d\u00eda a partir de una fecha en excel?"}]},{"@type":"WebSite","@id":"https:\/\/exceladvisor.org\/es\/#website","url":"https:\/\/exceladvisor.org\/es\/","name":"Excel Advisor","description":"Su gu\u00eda para la dominaci\u00f3n de datos!","publisher":{"@id":"https:\/\/exceladvisor.org\/es\/#organization"},"potentialAction":[{"@type":"SearchAction","target":{"@type":"EntryPoint","urlTemplate":"https:\/\/exceladvisor.org\/es\/?s={search_term_string}"},"query-input":{"@type":"PropertyValueSpecification","valueRequired":true,"valueName":"search_term_string"}}],"inLanguage":"es"},{"@type":"Organization","@id":"https:\/\/exceladvisor.org\/es\/#organization","name":"Excel Advisor","url":"https:\/\/exceladvisor.org\/es\/","logo":{"@type":"ImageObject","inLanguage":"es","@id":"https:\/\/exceladvisor.org\/es\/#\/schema\/logo\/image\/","url":"https:\/\/exceladvisor.org\/es\/wp-content\/uploads\/2023\/12\/exceladvisor.org_.png","contentUrl":"https:\/\/exceladvisor.org\/es\/wp-content\/uploads\/2023\/12\/exceladvisor.org_.png","width":105,"height":36,"caption":"Excel Advisor"},"image":{"@id":"https:\/\/exceladvisor.org\/es\/#\/schema\/logo\/image\/"}}]}},"yoast_meta":{"yoast_wpseo_title":"","yoast_wpseo_metadesc":"","yoast_wpseo_canonical":""},"_links":{"self":[{"href":"https:\/\/exceladvisor.org\/es\/wp-json\/wp\/v2\/pages\/165","targetHints":{"allow":["GET"]}}],"collection":[{"href":"https:\/\/exceladvisor.org\/es\/wp-json\/wp\/v2\/pages"}],"about":[{"href":"https:\/\/exceladvisor.org\/es\/wp-json\/wp\/v2\/types\/page"}],"author":[{"embeddable":true,"href":"https:\/\/exceladvisor.org\/es\/wp-json\/wp\/v2\/users\/1"}],"replies":[{"embeddable":true,"href":"https:\/\/exceladvisor.org\/es\/wp-json\/wp\/v2\/comments?post=165"}],"version-history":[{"count":1,"href":"https:\/\/exceladvisor.org\/es\/wp-json\/wp\/v2\/pages\/165\/revisions"}],"predecessor-version":[{"id":1133,"href":"https:\/\/exceladvisor.org\/es\/wp-json\/wp\/v2\/pages\/165\/revisions\/1133"}],"wp:attachment":[{"href":"https:\/\/exceladvisor.org\/es\/wp-json\/wp\/v2\/media?parent=165"}],"curies":[{"name":"wp","href":"https:\/\/api.w.org\/{rel}","templated":true}]}}