{"id":166,"date":"2023-11-14T15:02:28","date_gmt":"2023-11-14T15:02:28","guid":{"rendered":"https:\/\/exceladvisor.org\/es\/suma-de-valores-entre-dos-fechas\/"},"modified":"2023-12-25T10:22:54","modified_gmt":"2023-12-25T10:22:54","slug":"suma-de-valores-entre-dos-fechas","status":"publish","type":"page","link":"https:\/\/exceladvisor.org\/es\/suma-de-valores-entre-dos-fechas\/","title":{"rendered":"\u00bfc\u00f3mo agregar dos tablas de fechas?"},"content":{"rendered":"<div class=\"excel-antes-del-contenido\" id=\"excel-116803711\"><script type=\"text\/javascript\">\r\n\tatOptions = {\r\n\t\t'key' : 'c1158f160081d6540a8409e6925dab94',\r\n\t\t'format' : 'iframe',\r\n\t\t'height' : 250,\r\n\t\t'width' : 300,\r\n\t\t'params' : {}\r\n\t};\r\n<\/script>\r\n<script type=\"text\/javascript\" src=\"\/\/www.highperformanceformat.com\/c1158f160081d6540a8409e6925dab94\/invoke.js\"><\/script><\/div><p>S\u00ed, escuchaste correctamente SUMIFS es el mejor y m\u00e1s simple m\u00e9todo para agregar valores entre dos fechas (es decir, rango de fechas).<\/p>\n<p> D\u00e9jame decirte algo. Digamos que trabaja en una empresa comercial y su jefe le pide que obtenga el monto total de las ventas de los \u00faltimos 15 d\u00edas.<\/p>\n<p> En este caso deber\u00e1s sumar el monto de las ventas desde la fecha actual hasta 15 d\u00edas antes, es decir entre dos fechas. D\u00e9jame decirte c\u00f3mo. Aqu\u00ed tienes un rango de dos fechas que incluye un total de 15 d\u00edas y debes sumar los valores de cada una de ellas.<\/p>\n<p> Y con SUMIFS, puedes agregar estas dos fechas como criterio, y funciona como un rango y resume todos los valores entre ese rango.<\/p>\n<p class=\"qt-tip\"> <strong>Introducci\u00f3n r\u00e1pida:<\/strong> SUMIFS puede ayudarlo a agregar valores especificando m\u00faltiples criterios. En resumen, solo resumir\u00e1 las celdas donde se cumplan todas las condiciones.<\/p>\n<pre class=\"wp-block-code\"> <code class=\"language-excel-formula\" lang=\"excel-formula\">=SUMIFS(sum_range,range1,criteria1,[range2],[criteria2],\u2026)<\/code><\/pre>\n<p> En la sintaxis anterior, primero debe hacer referencia al rango desde el cual desea sumar los valores, luego al rango para verificar los criterios, y luego a ese criterio para verificar, y as\u00ed sucesivamente.<\/p>\n<h2 class=\"wp-block-heading\"> F\u00f3rmula para sumar valores entre dos fechas en Excel<\/h2>\n<p> Aqu\u00ed tienes los datos de ventas del mes de enero y necesitas sumar los valores entre el 15 de enero de 2017 y el 25 de enero de 2017. <\/p>\n<div class=\"gb-container gb-container-52dfcee1 gb-container-sample-file\">\n<h2 class=\"gb-headline gb-headline-e289c143 gb-headline-text gb-headline-4f7959c2\"> Obtener el archivo Excel<\/h2>\n<p> <a class=\"gb-button gb-button-e88d6bee gb-button-text gb-button-button1\" href=\"https:\/\/exceladvisor.org\/wp-content\/uploads\/2023\/08\/somme-des-valeurs-entre-deux-donnees-de-dates.xlsx\" rel=\"nofollow\">Descargar<\/a> <\/div>\n<div class=\"wp-block-image\">\n<figure class=\"aligncenter\"><img decoding=\"async\" src=\"https:\/\/exceladvisor.org\/wp-content\/uploads\/2023\/08\/donnees-pour-additionner-les-valeurs-entre-deux-dates-min-1.png\" sizes=\"\" srcset=\"\" alt=\"datos para sumar valores entre dos fechas usando SUMIFS\"><\/figure>\n<\/div>\n<p> En la celda D2, inserte la siguiente f\u00f3rmula y presione Entrar:<\/p>\n<pre class=\"wp-block-code\"> <code class=\"language-excel-formula\" lang=\"excel-formula\">=SUMIFS(B2:B31,A2:A31,\"&gt;=15-Jan-2017\",A2:A31,\"&lt;=25-Jan-2017\")<\/code><\/pre>\n<p> Cuando presionas enter, esta funci\u00f3n devolver\u00e1 $15,682 en la celda, que es la suma del monto entre el 15 de enero de 2017 y el 25 de enero de 2017. Y aqu\u00ed en este c\u00e1lculo tambi\u00e9n has incluido las fechas de inicio y finalizaci\u00f3n. <\/p>\n<div class=\"wp-block-image\">\n<figure class=\"aligncenter\"><img decoding=\"async\" src=\"https:\/\/exceladvisor.org\/wp-content\/uploads\/2023\/08\/formule-pour-additionner-les-valeurs-entre-deux-dates-min-1.png\" sizes=\"\" srcset=\"\" alt=\"f\u00f3rmula para sumar valores entre dos fechas\"><\/figure>\n<\/div>\n<p> Para verificar este c\u00e1lculo, simplemente seleccione las celdas de monto del 15 de enero de 2017 al 25 de enero de 2017 y verifique la barra de estado para la suma de estos valores o tambi\u00e9n puede filtrar los valores para verificarlo. <\/p>\n<div class=\"wp-block-image\">\n<figure class=\"aligncenter\"><img decoding=\"async\" src=\"https:\/\/exceladvisor.org\/wp-content\/uploads\/2023\/08\/verifier-la-somme-de-la-barre-detat-pour-verifier-que-la-somme-des-valeurs-entre-les-dates-min-1.png\" sizes=\"\" srcset=\"\" alt=\"verifique la suma de la barra de estado para verificar que la suma de valores entre fechas\"><\/figure>\n<\/div>\n<h3 class=\"wp-block-heading\"> As\u00ed es como funciona.<\/h3>\n<p> En esta f\u00f3rmula hemos utilizado operadores l\u00f3gicos con SUMIFS que nos permiten agregar una condici\u00f3n al calcular la suma. Desglosemos la f\u00f3rmula para entenderla. <\/p>\n<div class=\"wp-block-image\">\n<figure class=\"aligncenter\"><img decoding=\"async\" src=\"https:\/\/exceladvisor.org\/wp-content\/uploads\/2023\/08\/comment-cette-formule-fonctionne-pour-additionner-les-valeurs-entre-deux-dates-min-1.png\" sizes=\"\" srcset=\"\" alt=\"c\u00f3mo funciona esta f\u00f3rmula para sumar los valores entre dos fechas\"><\/figure>\n<\/div>\n<ul>\n<li> Primero, usamos el rango B2:B31 como rango_suma donde tenemos la cantidad.<\/li>\n<li> <span style=\"color: #000000;\">Despu\u00e9s de eso<\/span> , nos referimos a A2:A31 como el primer rango de criterios y a \u201c&gt;=15-Jan-2017\u201d como el primer criterio.<\/li>\n<li> Luego volvimos a hacer referencia a A2:A31, pero esta vez como segundo rango de criterios y \u201c&lt;=25-Jan-2017\u201d como segundo criterio.<\/li>\n<\/ul>\n<p> Por lo tanto, estos dos criterios le indican a la funci\u00f3n que sume los valores iguales o mayores que el 15 de enero de 2017 e iguales o menores que el 25 de enero de 2017.<\/p>\n<p> En este <strong><span style=\"color: #000000;\">punto<\/span><\/strong> , tenemos dos criterios diferentes, uno para el l\u00edmite inferior y otro para el l\u00edmite superior, lo que crea un rango de fechas. Y la funci\u00f3n solo sumar\u00e1 los valores dentro de ese rango.<\/p>\n<h2 class=\"wp-block-heading\"> Suma de valores entre un <span style=\"color: #ea493f;\">rango din\u00e1mico<\/span> de fechas<\/h2>\n<p> Puede haber ocasiones en las que necesites agregar valores entre dos fechas de forma continua. Digamos que necesitas sumar los valores de los \u00faltimos 7 d\u00edas y debe ser din\u00e1mico para que cada d\u00eda obtengas la suma de los \u00faltimos 7 d\u00edas. Entonces las f\u00f3rmulas ser\u00e1n:<\/p>\n<pre class=\"wp-block-code\"> <code class=\"language-excel-formula\" lang=\"excel-formula\">=SUMIFS(B2:B31,A2:A31,\"&lt;=\"&amp;TODAY(),A2:A31,\"&gt;=\"&amp;(TODAY()-6))<\/code><\/pre>\n<h3 class=\"wp-block-heading\"> As\u00ed es como funciona<\/h3>\n<p> En la f\u00f3rmula anterior, hemos utilizado la funci\u00f3n HOY para obtener la fecha din\u00e1mica actual que cambiar\u00e1 autom\u00e1ticamente. El primer criterio le dice a la funci\u00f3n que solo agregue valores que sean iguales o menores que la fecha de hoy.<\/p>\n<p> Y el <span style=\"color: #000000;\">segundo<\/span> criterio le dice a la funci\u00f3n que solo agregue valores que sean iguales o menores que la fecha que es 6 d\u00edas antes de hoy.<\/p>\n<p> <span style=\"color: #000000;\"><strong>Ahora<\/strong><\/span> el rango de dos fechas ser\u00e1 algo como esto, <strong>desde hoy hasta hace seis d\u00edas<\/strong> , lo que significa que tienes un total de siete d\u00edas. Y la funci\u00f3n solo sumar\u00e1 los valores dentro de este rango. <\/p>\n<div class=\"gb-container gb-container-9b8f593d gb-container-sample-file\">\n<h2 class=\"gb-headline gb-headline-e7dd4817 gb-headline-text gb-headline-4f7959c2\"> Obtener el archivo Excel<\/h2>\n<p> <a class=\"gb-button gb-button-e0766fef gb-button-text gb-button-button1\" href=\"https:\/\/exceladvisor.org\/wp-content\/uploads\/2023\/08\/somme-des-valeurs-entre-deux-dates-2.xlsx\" rel=\"nofollow\">Descargar<\/a><\/div>\n<div class=\"gb-container gb-container-0df56012 gb-container-mt\"> <a class=\"gb-button gb-button-f9f432f4 gb-button-text gb-button-mt-button\" href=\"https:\/\/exceladvisor.org\/es\/formulas\/\">Lista de f\u00f3rmulas de Excel<\/a><\/p>\n<h2 class=\"gb-headline gb-headline-233444e8 gb-headline-text gb-headline-mt-heading\"> F\u00f3rmulas relacionadas <\/h2>\n<div class=\"gb-grid-wrapper gb-grid-wrapper-a16fa65c gb-grid-wrapper-mt-grid\">\n<div class=\"gb-grid-column gb-grid-column-50d07e0d\">\n<div class=\"gb-container gb-container-50d07e0d\">\n<ul>\n<li> <a href=\"https:\/\/exceladvisor.org\/es\/suma-si-es-mayor-que\/\">Suma mayor que valores usando SUMAR.SI<\/a><\/li>\n<li> <a href=\"https:\/\/exceladvisor.org\/es\/sumos-no-iguales\/\">Suma de valores no iguales (SUMIFS) en Excel<\/a><\/li>\n<li> <a href=\"https:\/\/exceladvisor.org\/es\/sumif-sumifs-o-logica\/\">SUMAR.SI\/SUMAR.SI con l\u00f3gica OR en Excel<\/a><\/li>\n<li> <a href=\"https:\/\/exceladvisor.org\/es\/sumif-con-comodines\/\">SUMAR.SI con comodines en Excel<\/a><\/li>\n<li> <a href=\"https:\/\/exceladvisor.org\/es\/busquedasumif\/\">Combina BUSCARV con SUMAR.SI<\/a> <\/li>\n<\/ul>\n<\/div>\n<\/div>\n<div class=\"gb-grid-column gb-grid-column-5b4a0cf9\">\n<div class=\"gb-container gb-container-5b4a0cf9\"><\/div>\n<\/div>\n<\/div>\n<\/div>\n","protected":false},"excerpt":{"rendered":"<p>S\u00ed, escuchaste correctamente SUMIFS es el mejor y m\u00e1s simple m\u00e9todo para agregar valores entre dos fechas (es decir, rango de fechas). D\u00e9jame decirte algo. Digamos que trabaja en una empresa comercial y su jefe le pide que obtenga el monto total de las ventas de los \u00faltimos 15 d\u00edas. En este caso deber\u00e1s sumar [&hellip;]<\/p>\n","protected":false},"author":1,"featured_media":0,"parent":0,"menu_order":0,"comment_status":"open","ping_status":"closed","template":"","meta":{"ub_ctt_via":"","footnotes":""},"class_list":["post-166","page","type-page","status-publish","hentry"],"featured_image_src":null,"yoast_head":"<!-- This site is optimized with the Yoast SEO plugin v25.4 - https:\/\/yoast.com\/wordpress\/plugins\/seo\/ -->\n<title>\u00bfc\u00f3mo agregar dos tablas de fechas?<\/title>\n<meta name=\"robots\" content=\"index, follow, max-snippet:-1, max-image-preview:large, max-video-preview:-1\" \/>\n<link rel=\"canonical\" href=\"https:\/\/exceladvisor.org\/es\/suma-de-valores-entre-dos-fechas\/\" \/>\n<meta property=\"og:locale\" content=\"es_ES\" \/>\n<meta property=\"og:type\" content=\"article\" \/>\n<meta property=\"og:title\" content=\"\u00bfc\u00f3mo agregar dos tablas de fechas?\" \/>\n<meta property=\"og:description\" content=\"S\u00ed, escuchaste correctamente SUMIFS es el mejor y m\u00e1s simple m\u00e9todo para agregar valores entre dos fechas (es decir, rango de fechas). D\u00e9jame decirte algo. Digamos que trabaja en una empresa comercial y su jefe le pide que obtenga el monto total de las ventas de los \u00faltimos 15 d\u00edas. En este caso deber\u00e1s sumar [&hellip;]\" \/>\n<meta property=\"og:url\" content=\"https:\/\/exceladvisor.org\/es\/suma-de-valores-entre-dos-fechas\/\" \/>\n<meta property=\"og:site_name\" content=\"Excel Advisor\" \/>\n<meta property=\"article:modified_time\" content=\"2023-12-25T10:22:54+00:00\" \/>\n<meta property=\"og:image\" content=\"https:\/\/exceladvisor.org\/wp-content\/uploads\/2023\/08\/donnees-pour-additionner-les-valeurs-entre-deux-dates-min-1.png\" \/>\n<meta name=\"twitter:card\" content=\"summary_large_image\" \/>\n<meta name=\"twitter:label1\" content=\"Tiempo de lectura\" \/>\n\t<meta name=\"twitter:data1\" content=\"4 minutos\" \/>\n<script type=\"application\/ld+json\" class=\"yoast-schema-graph\">{\"@context\":\"https:\/\/schema.org\",\"@graph\":[{\"@type\":\"WebPage\",\"@id\":\"https:\/\/exceladvisor.org\/es\/suma-de-valores-entre-dos-fechas\/\",\"url\":\"https:\/\/exceladvisor.org\/es\/suma-de-valores-entre-dos-fechas\/\",\"name\":\"\u00bfc\u00f3mo agregar dos tablas de fechas?\",\"isPartOf\":{\"@id\":\"https:\/\/exceladvisor.org\/es\/#website\"},\"primaryImageOfPage\":{\"@id\":\"https:\/\/exceladvisor.org\/es\/suma-de-valores-entre-dos-fechas\/#primaryimage\"},\"image\":{\"@id\":\"https:\/\/exceladvisor.org\/es\/suma-de-valores-entre-dos-fechas\/#primaryimage\"},\"thumbnailUrl\":\"https:\/\/exceladvisor.org\/wp-content\/uploads\/2023\/08\/donnees-pour-additionner-les-valeurs-entre-deux-dates-min-1.png\",\"datePublished\":\"2023-11-14T15:02:28+00:00\",\"dateModified\":\"2023-12-25T10:22:54+00:00\",\"breadcrumb\":{\"@id\":\"https:\/\/exceladvisor.org\/es\/suma-de-valores-entre-dos-fechas\/#breadcrumb\"},\"inLanguage\":\"es\",\"potentialAction\":[{\"@type\":\"ReadAction\",\"target\":[\"https:\/\/exceladvisor.org\/es\/suma-de-valores-entre-dos-fechas\/\"]}]},{\"@type\":\"ImageObject\",\"inLanguage\":\"es\",\"@id\":\"https:\/\/exceladvisor.org\/es\/suma-de-valores-entre-dos-fechas\/#primaryimage\",\"url\":\"https:\/\/exceladvisor.org\/wp-content\/uploads\/2023\/08\/donnees-pour-additionner-les-valeurs-entre-deux-dates-min-1.png\",\"contentUrl\":\"https:\/\/exceladvisor.org\/wp-content\/uploads\/2023\/08\/donnees-pour-additionner-les-valeurs-entre-deux-dates-min-1.png\"},{\"@type\":\"BreadcrumbList\",\"@id\":\"https:\/\/exceladvisor.org\/es\/suma-de-valores-entre-dos-fechas\/#breadcrumb\",\"itemListElement\":[{\"@type\":\"ListItem\",\"position\":1,\"name\":\"Hogar\",\"item\":\"https:\/\/exceladvisor.org\/es\/\"},{\"@type\":\"ListItem\",\"position\":2,\"name\":\"\u00bfc\u00f3mo agregar dos tablas de fechas?\"}]},{\"@type\":\"WebSite\",\"@id\":\"https:\/\/exceladvisor.org\/es\/#website\",\"url\":\"https:\/\/exceladvisor.org\/es\/\",\"name\":\"Excel Advisor\",\"description\":\"Su gu\u00eda para la dominaci\u00f3n de datos!\",\"publisher\":{\"@id\":\"https:\/\/exceladvisor.org\/es\/#organization\"},\"potentialAction\":[{\"@type\":\"SearchAction\",\"target\":{\"@type\":\"EntryPoint\",\"urlTemplate\":\"https:\/\/exceladvisor.org\/es\/?s={search_term_string}\"},\"query-input\":{\"@type\":\"PropertyValueSpecification\",\"valueRequired\":true,\"valueName\":\"search_term_string\"}}],\"inLanguage\":\"es\"},{\"@type\":\"Organization\",\"@id\":\"https:\/\/exceladvisor.org\/es\/#organization\",\"name\":\"Excel Advisor\",\"url\":\"https:\/\/exceladvisor.org\/es\/\",\"logo\":{\"@type\":\"ImageObject\",\"inLanguage\":\"es\",\"@id\":\"https:\/\/exceladvisor.org\/es\/#\/schema\/logo\/image\/\",\"url\":\"https:\/\/exceladvisor.org\/es\/wp-content\/uploads\/2023\/12\/exceladvisor.org_.png\",\"contentUrl\":\"https:\/\/exceladvisor.org\/es\/wp-content\/uploads\/2023\/12\/exceladvisor.org_.png\",\"width\":105,\"height\":36,\"caption\":\"Excel Advisor\"},\"image\":{\"@id\":\"https:\/\/exceladvisor.org\/es\/#\/schema\/logo\/image\/\"}}]}<\/script>\n<!-- \/ Yoast SEO plugin. -->","yoast_head_json":{"title":"\u00bfc\u00f3mo agregar dos tablas de fechas?","robots":{"index":"index","follow":"follow","max-snippet":"max-snippet:-1","max-image-preview":"max-image-preview:large","max-video-preview":"max-video-preview:-1"},"canonical":"https:\/\/exceladvisor.org\/es\/suma-de-valores-entre-dos-fechas\/","og_locale":"es_ES","og_type":"article","og_title":"\u00bfc\u00f3mo agregar dos tablas de fechas?","og_description":"S\u00ed, escuchaste correctamente SUMIFS es el mejor y m\u00e1s simple m\u00e9todo para agregar valores entre dos fechas (es decir, rango de fechas). D\u00e9jame decirte algo. Digamos que trabaja en una empresa comercial y su jefe le pide que obtenga el monto total de las ventas de los \u00faltimos 15 d\u00edas. En este caso deber\u00e1s sumar [&hellip;]","og_url":"https:\/\/exceladvisor.org\/es\/suma-de-valores-entre-dos-fechas\/","og_site_name":"Excel Advisor","article_modified_time":"2023-12-25T10:22:54+00:00","og_image":[{"url":"https:\/\/exceladvisor.org\/wp-content\/uploads\/2023\/08\/donnees-pour-additionner-les-valeurs-entre-deux-dates-min-1.png","type":"","width":"","height":""}],"twitter_card":"summary_large_image","twitter_misc":{"Tiempo de lectura":"4 minutos"},"schema":{"@context":"https:\/\/schema.org","@graph":[{"@type":"WebPage","@id":"https:\/\/exceladvisor.org\/es\/suma-de-valores-entre-dos-fechas\/","url":"https:\/\/exceladvisor.org\/es\/suma-de-valores-entre-dos-fechas\/","name":"\u00bfc\u00f3mo agregar dos tablas de fechas?","isPartOf":{"@id":"https:\/\/exceladvisor.org\/es\/#website"},"primaryImageOfPage":{"@id":"https:\/\/exceladvisor.org\/es\/suma-de-valores-entre-dos-fechas\/#primaryimage"},"image":{"@id":"https:\/\/exceladvisor.org\/es\/suma-de-valores-entre-dos-fechas\/#primaryimage"},"thumbnailUrl":"https:\/\/exceladvisor.org\/wp-content\/uploads\/2023\/08\/donnees-pour-additionner-les-valeurs-entre-deux-dates-min-1.png","datePublished":"2023-11-14T15:02:28+00:00","dateModified":"2023-12-25T10:22:54+00:00","breadcrumb":{"@id":"https:\/\/exceladvisor.org\/es\/suma-de-valores-entre-dos-fechas\/#breadcrumb"},"inLanguage":"es","potentialAction":[{"@type":"ReadAction","target":["https:\/\/exceladvisor.org\/es\/suma-de-valores-entre-dos-fechas\/"]}]},{"@type":"ImageObject","inLanguage":"es","@id":"https:\/\/exceladvisor.org\/es\/suma-de-valores-entre-dos-fechas\/#primaryimage","url":"https:\/\/exceladvisor.org\/wp-content\/uploads\/2023\/08\/donnees-pour-additionner-les-valeurs-entre-deux-dates-min-1.png","contentUrl":"https:\/\/exceladvisor.org\/wp-content\/uploads\/2023\/08\/donnees-pour-additionner-les-valeurs-entre-deux-dates-min-1.png"},{"@type":"BreadcrumbList","@id":"https:\/\/exceladvisor.org\/es\/suma-de-valores-entre-dos-fechas\/#breadcrumb","itemListElement":[{"@type":"ListItem","position":1,"name":"Hogar","item":"https:\/\/exceladvisor.org\/es\/"},{"@type":"ListItem","position":2,"name":"\u00bfc\u00f3mo agregar dos tablas de fechas?"}]},{"@type":"WebSite","@id":"https:\/\/exceladvisor.org\/es\/#website","url":"https:\/\/exceladvisor.org\/es\/","name":"Excel Advisor","description":"Su gu\u00eda para la dominaci\u00f3n de datos!","publisher":{"@id":"https:\/\/exceladvisor.org\/es\/#organization"},"potentialAction":[{"@type":"SearchAction","target":{"@type":"EntryPoint","urlTemplate":"https:\/\/exceladvisor.org\/es\/?s={search_term_string}"},"query-input":{"@type":"PropertyValueSpecification","valueRequired":true,"valueName":"search_term_string"}}],"inLanguage":"es"},{"@type":"Organization","@id":"https:\/\/exceladvisor.org\/es\/#organization","name":"Excel Advisor","url":"https:\/\/exceladvisor.org\/es\/","logo":{"@type":"ImageObject","inLanguage":"es","@id":"https:\/\/exceladvisor.org\/es\/#\/schema\/logo\/image\/","url":"https:\/\/exceladvisor.org\/es\/wp-content\/uploads\/2023\/12\/exceladvisor.org_.png","contentUrl":"https:\/\/exceladvisor.org\/es\/wp-content\/uploads\/2023\/12\/exceladvisor.org_.png","width":105,"height":36,"caption":"Excel Advisor"},"image":{"@id":"https:\/\/exceladvisor.org\/es\/#\/schema\/logo\/image\/"}}]}},"yoast_meta":{"yoast_wpseo_title":"","yoast_wpseo_metadesc":"","yoast_wpseo_canonical":""},"_links":{"self":[{"href":"https:\/\/exceladvisor.org\/es\/wp-json\/wp\/v2\/pages\/166","targetHints":{"allow":["GET"]}}],"collection":[{"href":"https:\/\/exceladvisor.org\/es\/wp-json\/wp\/v2\/pages"}],"about":[{"href":"https:\/\/exceladvisor.org\/es\/wp-json\/wp\/v2\/types\/page"}],"author":[{"embeddable":true,"href":"https:\/\/exceladvisor.org\/es\/wp-json\/wp\/v2\/users\/1"}],"replies":[{"embeddable":true,"href":"https:\/\/exceladvisor.org\/es\/wp-json\/wp\/v2\/comments?post=166"}],"version-history":[{"count":1,"href":"https:\/\/exceladvisor.org\/es\/wp-json\/wp\/v2\/pages\/166\/revisions"}],"predecessor-version":[{"id":801,"href":"https:\/\/exceladvisor.org\/es\/wp-json\/wp\/v2\/pages\/166\/revisions\/801"}],"wp:attachment":[{"href":"https:\/\/exceladvisor.org\/es\/wp-json\/wp\/v2\/media?parent=166"}],"curies":[{"name":"wp","href":"https:\/\/api.w.org\/{rel}","templated":true}]}}