{"id":167,"date":"2023-11-14T14:51:46","date_gmt":"2023-11-14T14:51:46","guid":{"rendered":"https:\/\/exceladvisor.org\/es\/eliminar-lineas-vacias\/"},"modified":"2023-12-25T10:24:59","modified_gmt":"2023-12-25T10:24:59","slug":"eliminar-lineas-vacias","status":"publish","type":"page","link":"https:\/\/exceladvisor.org\/es\/eliminar-lineas-vacias\/","title":{"rendered":"\u00bfc\u00f3mo eliminar l\u00edneas en blanco en excel?"},"content":{"rendered":"<div class=\"excel-antes-del-contenido\" id=\"excel-142183281\"><script type=\"text\/javascript\">\r\n\tatOptions = {\r\n\t\t'key' : 'c1158f160081d6540a8409e6925dab94',\r\n\t\t'format' : 'iframe',\r\n\t\t'height' : 250,\r\n\t\t'width' : 300,\r\n\t\t'params' : {}\r\n\t};\r\n<\/script>\r\n<script type=\"text\/javascript\" src=\"\/\/www.highperformanceformat.com\/c1158f160081d6540a8409e6925dab94\/invoke.js\"><\/script><\/div><p>En una hoja de c\u00e1lculo de Excel, puede haber filas en blanco en el conjunto de datos, lo que puede dificultar la navegaci\u00f3n por los datos, y Excel utiliza celdas y filas en blanco para determinar rangos, por lo que tambi\u00e9n puede dividir las f\u00f3rmulas.<\/p>\n<p> Pero los usuarios pueden eliminar r\u00e1pidamente estas l\u00edneas en blanco porque Excel tiene varias formas de eliminar l\u00edneas en blanco. A continuaci\u00f3n, tenemos pasos r\u00e1pidos y sencillos sobre c\u00f3mo eliminar filas en blanco en Excel.<\/p>\n<h2 class=\"wp-block-heading\"> Eliminar l\u00edneas en blanco usando la opci\u00f3n de filtro<\/h2>\n<p> La opci\u00f3n de filtro para eliminar filas en blanco es una de las formas m\u00e1s sencillas de eliminar o eliminar filas en blanco de su conjunto de datos.<\/p>\n<ol>\n<li> Primero, seleccione todo el rango de datos, incluidas las filas en blanco, luego vaya a la pesta\u00f1a \u00abDatos\u00bb y haga clic en el icono \u00abFiltro\u00bb debajo del grupo \u00abOrdenar y filtrar\u00bb.<\/li>\n<li> O seleccione todo el rango de datos, incluidas las filas en blanco, luego presione las teclas de acceso directo \u00abCtrl+Shift+L\u00bb para aplicar el filtro. <br \/><img loading=\"lazy\" decoding=\"async\" title=\"1-seleccione-el-rango-incluidas-las-l\u00edneas-vac\u00edas\" src=\"https:\/\/exceladvisor.org\/wp-content\/uploads\/2023\/08\/1-selectionnez-la-plage-comprenant-des-lignes-vides.png\" sizes=\"auto, \" srcset=\"\" alt=\"select-the-range-including-blank-rows\" width=\"540\" height=\"413\"><\/li>\n<li> Una vez que complete cualquiera de los pasos anteriores, se agregar\u00e1n los filtros a los encabezados del rango de datos.<\/li>\n<li> Ahora, haga clic en cualquiera de los botones de filtro aplicados, luego desmarque la opci\u00f3n \u00abSeleccionar todo\u00bb en el men\u00fa desplegable del filtro para anular la selecci\u00f3n de todas las opciones preseleccionadas, luego marque solo la opci\u00f3n \u00abVaciar\u00bb, luego presione Aceptar. <br \/><img loading=\"lazy\" decoding=\"async\" title=\"2-clic-en-el-bot\u00f3n-de-filtro\" src=\"https:\/\/exceladvisor.org\/wp-content\/uploads\/2023\/08\/2-cliquez-sur-le-bouton-filtre.png\" sizes=\"auto, \" srcset=\"\" alt=\"click-the-filter-button\" width=\"384\" height=\"483\"><\/li>\n<li> En este punto, se filtrar\u00e1n las filas vac\u00edas y solo tendr\u00e1 que seleccionarlas todas y hacer clic derecho y seleccionar \u00abEliminar fila\u00bb o presionar \u00abCtrl + (-) y sus l\u00edneas vac\u00edas se eliminar\u00e1n. <br \/><img loading=\"lazy\" decoding=\"async\" title=\"3 l\u00edneas en blanco filtradas\" src=\"https:\/\/exceladvisor.org\/wp-content\/uploads\/2023\/08\/3-lignes-vierges-filtrees.png\" sizes=\"auto, \" srcset=\"\" alt=\"filtered-blank-rows\" width=\"333\" height=\"343\"><\/li>\n<li> Al final, haga clic nuevamente en el bot\u00f3n del filtro aplicado y marque \u00abSeleccionar todo\u00bb o simplemente presione las teclas \u00abCtrl+Shift+L\u00bb para anular la selecci\u00f3n del filtro y obtendr\u00e1 sus datos ordenados. <br \/><img loading=\"lazy\" decoding=\"async\" title=\"4-marcar-seleccionar-todas-opciones\" src=\"https:\/\/exceladvisor.org\/wp-content\/uploads\/2023\/08\/4-coche-selectionner-toutes-les-options.png\" sizes=\"auto, \" srcset=\"\" alt=\"checkmark-select-all-option\" width=\"405\" height=\"443\"><\/li>\n<\/ol>\n<p> Cuando elimina una fila, Excel elimina toda la fila de la hoja de c\u00e1lculo, incluso si solo tiene datos en las columnas A a D, Excel eliminar\u00e1 toda la fila de la columna A al final de las columnas en la hoja de c\u00e1lculo y puede perder el valor si est\u00e1 en las celdas de esta fila fuera de su conjunto de datos.<\/p>\n<p class=\"formula\"> Por lo tanto, se recomienda convertir su conjunto de datos al formato de tabla usando las teclas \u00abCtrl + T\u00bb porque en el formato de tabla Excel solo elimina las filas de los datos de la tabla seleccionada.<\/p>\n<h2 class=\"wp-block-heading\"> Eliminar filas en blanco usando la opci\u00f3n de ordenar<\/h2>\n<ul>\n<li> Primero, seleccione todo el rango de datos, incluidas las filas en blanco, y vaya a la pesta\u00f1a \u00abDatos\u00bb.<\/li>\n<li> Despu\u00e9s de eso, haga clic en el icono \u00abOrdenar\u00bb debajo del grupo \u00abOrdenar y filtrar\u00bb y se abrir\u00e1 un cuadro de di\u00e1logo \u00abOrdenar\u00bb.<\/li>\n<li> Ahora seleccione las selecciones de clasificaci\u00f3n de datos y haga clic en Aceptar. <em>(En este ejemplo, hemos seleccionado ordenar los datos por \u201cMes\u201d) <br \/><img loading=\"lazy\" decoding=\"async\" title=\"5 l\u00edneas vac\u00edas usando la opci\u00f3n de ordenar\" src=\"https:\/\/exceladvisor.org\/wp-content\/uploads\/2023\/08\/5-lignes-vides-en-utilisant-loption-de-tri.png\" sizes=\"auto, \" srcset=\"\" alt=\"blank-rows-using-sort-option\" width=\"698\" height=\"369\"><\/em><\/li>\n<li> En este punto, ordenar\u00e1 sus datos y mover\u00e1 las filas vac\u00edas al final del conjunto de datos. <br \/><img loading=\"lazy\" decoding=\"async\" title=\"6-datos-ordenados-sin-filas-en-blanco\" src=\"https:\/\/exceladvisor.org\/wp-content\/uploads\/2023\/08\/6-donnees-triees-sans-lignes-vides.png\" sizes=\"auto, \" srcset=\"\" alt=\"sorted-data-without-blank-rows\" width=\"356\" height=\"441\"><\/li>\n<\/ul>\n<h2 class=\"wp-block-heading\"> Eliminar manualmente l\u00edneas en blanco<\/h2>\n<p> Eliminar manualmente filas en blanco es una buena opci\u00f3n cuando tiene un conjunto de datos peque\u00f1o con algunas filas en blanco y donde puede identificar f\u00e1cilmente estas filas en blanco en la pantalla.<\/p>\n<ul>\n<li> Seleccione las filas en blanco una por una, haga clic derecho y seleccione Eliminar para eliminar la fila en blanco seleccionada.<\/li>\n<li> O seleccione todas las filas en blanco juntas, luego haga clic derecho y seleccione Eliminar para eliminar todas las filas en blanco seleccionadas a la vez. <\/li>\n<\/ul>\n<div class=\"wp-block-image\">\n<figure class=\"aligncenter size-full is-resized\"><img loading=\"lazy\" decoding=\"async\" class=\"wp-image-66755\" src=\"https:\/\/exceladvisor.org\/wp-content\/uploads\/2023\/08\/7-supprimer-manuellement-les-lignes-vides.png\" sizes=\"auto, \" srcset=\"\" alt=\"eliminar-lineas-vacias-manualmente\" width=\"360\" height=\"429\"><\/figure>\n<\/div>\n<p> Puede usar las teclas de acceso r\u00e1pido <kbd>Shift<\/kbd> + <kbd>Espacio<\/kbd> para seleccionar la fila y luego <kbd>Ctrl<\/kbd> + <kbd>-<\/kbd> para eliminar esa fila seleccionada.<\/p>\n<h2 class=\"wp-block-heading\"> Elimine las l\u00edneas en blanco usando Ir a especial<\/h2>\n<ul>\n<li> Primero, seleccione todo el rango de datos y vaya a la pesta\u00f1a \u00abInicio\u00bb, luego haga clic en el icono \u00abBuscar y seleccionar\u00bb.<\/li>\n<li> Despu\u00e9s de eso, haga clic en la opci\u00f3n \u00abIr a Especial\u00bb de la lista desplegable. <br \/><img loading=\"lazy\" decoding=\"async\" title=\"8-ir-a-opci\u00f3n-especial\" src=\"https:\/\/exceladvisor.org\/wp-content\/uploads\/2023\/08\/8-aller-a-loption-speciale.png\" sizes=\"auto, \" srcset=\"\" alt=\"go-to-special-option\" width=\"531\" height=\"402\"><\/li>\n<li> Despu\u00e9s de hacer clic en \u00abIr a Especial\u00bb, se abre el cuadro de di\u00e1logo \u00abIr a Especial\u00bb.<\/li>\n<li> Ahora seleccione el bot\u00f3n de opci\u00f3n \u00abBlancos\u00bb y haga clic en Aceptar y obtendr\u00e1 las filas en blanco seleccionadas. <br \/><img loading=\"lazy\" decoding=\"async\" title=\"9-seleccionar-opci\u00f3n-vac\u00eda\" src=\"https:\/\/exceladvisor.org\/wp-content\/uploads\/2023\/08\/9-selectionnez-loption-vide.png\" sizes=\"auto, \" srcset=\"\" alt=\"select-blank-option\" width=\"306\" height=\"348\"><\/li>\n<li> Al final, haga clic derecho y seleccione la opci\u00f3n \u00abEliminar\u00bb y obtendr\u00e1 las opciones del cuadro de di\u00e1logo \u00abEliminar\u00bb que le pedir\u00e1 que seleccione la opci\u00f3n de desplazamiento de celda.<\/li>\n<li> Seleccione \u00abMover celdas hacia arriba\u00bb y haga clic en Aceptar y se eliminar\u00e1n las filas en blanco. <br \/><img loading=\"lazy\" decoding=\"async\" title=\"10-seleccionar-cambio-celdas-arriba\" src=\"https:\/\/exceladvisor.org\/wp-content\/uploads\/2023\/08\/10-selectionner-les-cellules-de-decalage-vers-le-haut.png\" sizes=\"auto, \" srcset=\"\" alt=\"select-shift-cells-up\" width=\"184\" height=\"192\"><\/li>\n<\/ul>\n<p class=\"qt-tip\"> <strong>Nota:<\/strong> Vaya a la opci\u00f3n Especial y seleccione filas y columnas en blanco. Entonces, si su conjunto de datos contiene una columna en blanco en cualquier fila, tambi\u00e9n eliminar\u00e1 esa columna en blanco y la reemplazar\u00e1 con otro valor de celda basado en las celdas desplazadas. opci\u00f3n que podr\u00eda estropear sus datos.<\/p>\n<div class=\"gb-container gb-container-4db6181c gb-container-mt\"> <a class=\"gb-button gb-button-c5897111 gb-button-text gb-button-mt-button\" href=\"https:\/\/exceladvisor.org\/es\/conceptos-basicos-de-excel\/\">Conceptos b\u00e1sicos de Microsoft Excel (componentes, piezas y notas de conocimiento)<\/a><\/p>\n<h2 class=\"gb-headline gb-headline-665e5f6b gb-headline-text gb-headline-mt-heading\"> Tutoriales relacionados <\/h2>\n<div class=\"gb-grid-wrapper gb-grid-wrapper-a20baf7c gb-grid-wrapper-mt-grid\">\n<div class=\"gb-grid-column gb-grid-column-65ddf67e\">\n<div class=\"gb-container gb-container-65ddf67e\">\n<ul>\n<li> <a href=\"https:\/\/exceladvisor.org\/es\/agregar-eliminar-hipervinculos\/\">Agregar y eliminar hiperv\u00ednculos en Excel<\/a><\/li>\n<li> <a href=\"https:\/\/exceladvisor.org\/es\/agregar-marca-de-agua\/\">Agregar una marca de agua en Excel<\/a><\/li>\n<li> <a href=\"https:\/\/exceladvisor.org\/es\/eliminar-columnas-de-filas-ocultas\/\">Eliminar filas ocultas en Excel<\/a><\/li>\n<li> <a href=\"https:\/\/exceladvisor.org\/es\/deseleccionar-celdas\/\">Deseleccionar celdas en Excel<\/a> <\/li>\n<\/ul>\n<\/div>\n<\/div>\n<div class=\"gb-grid-column gb-grid-column-50067b57\">\n<div class=\"gb-container gb-container-50067b57\">\n<ul>\n<li> <a href=\"https:\/\/exceladvisor.org\/es\/eliminar-lineas\/\">Eliminar una fila o varias filas en Excel<\/a><\/li>\n<li> <a href=\"https:\/\/exceladvisor.org\/es\/copiar-columna\/\">Copiar y pegar una columna en Excel<\/a><\/li>\n<li> <a href=\"https:\/\/exceladvisor.org\/es\/mover-fila-columna\/\">Mover una fila y columna en Excel<\/a><\/li>\n<li> <a href=\"https:\/\/exceladvisor.org\/es\/ancho-de-columna\/\">C\u00f3mo cambiar el ancho de las columnas en Excel<\/a><\/li>\n<\/ul>\n<\/div>\n<\/div>\n<\/div>\n<\/div>\n","protected":false},"excerpt":{"rendered":"<p>En una hoja de c\u00e1lculo de Excel, puede haber filas en blanco en el conjunto de datos, lo que puede dificultar la navegaci\u00f3n por los datos, y Excel utiliza celdas y filas en blanco para determinar rangos, por lo que tambi\u00e9n puede dividir las f\u00f3rmulas. Pero los usuarios pueden eliminar r\u00e1pidamente estas l\u00edneas en blanco [&hellip;]<\/p>\n","protected":false},"author":1,"featured_media":0,"parent":0,"menu_order":0,"comment_status":"open","ping_status":"closed","template":"","meta":{"ub_ctt_via":"","footnotes":""},"class_list":["post-167","page","type-page","status-publish","hentry"],"featured_image_src":null,"yoast_head":"<!-- This site is optimized with the Yoast SEO plugin v25.4 - https:\/\/yoast.com\/wordpress\/plugins\/seo\/ -->\n<title>\u00bfc\u00f3mo eliminar l\u00edneas en blanco en excel?<\/title>\n<meta name=\"robots\" content=\"index, follow, max-snippet:-1, max-image-preview:large, max-video-preview:-1\" \/>\n<link rel=\"canonical\" href=\"https:\/\/exceladvisor.org\/es\/eliminar-lineas-vacias\/\" \/>\n<meta property=\"og:locale\" content=\"es_ES\" \/>\n<meta property=\"og:type\" content=\"article\" \/>\n<meta property=\"og:title\" content=\"\u00bfc\u00f3mo eliminar l\u00edneas en blanco en excel?\" \/>\n<meta property=\"og:description\" content=\"En una hoja de c\u00e1lculo de Excel, puede haber filas en blanco en el conjunto de datos, lo que puede dificultar la navegaci\u00f3n por los datos, y Excel utiliza celdas y filas en blanco para determinar rangos, por lo que tambi\u00e9n puede dividir las f\u00f3rmulas. Pero los usuarios pueden eliminar r\u00e1pidamente estas l\u00edneas en blanco [&hellip;]\" \/>\n<meta property=\"og:url\" content=\"https:\/\/exceladvisor.org\/es\/eliminar-lineas-vacias\/\" \/>\n<meta property=\"og:site_name\" content=\"Excel Advisor\" \/>\n<meta property=\"article:modified_time\" content=\"2023-12-25T10:24:59+00:00\" \/>\n<meta property=\"og:image\" content=\"https:\/\/exceladvisor.org\/wp-content\/uploads\/2023\/08\/1-selectionnez-la-plage-comprenant-des-lignes-vides.png\" \/>\n<meta name=\"twitter:card\" content=\"summary_large_image\" \/>\n<meta name=\"twitter:label1\" content=\"Tiempo de lectura\" \/>\n\t<meta name=\"twitter:data1\" content=\"5 minutos\" \/>\n<script type=\"application\/ld+json\" class=\"yoast-schema-graph\">{\"@context\":\"https:\/\/schema.org\",\"@graph\":[{\"@type\":\"WebPage\",\"@id\":\"https:\/\/exceladvisor.org\/es\/eliminar-lineas-vacias\/\",\"url\":\"https:\/\/exceladvisor.org\/es\/eliminar-lineas-vacias\/\",\"name\":\"\u00bfc\u00f3mo eliminar l\u00edneas en blanco en excel?\",\"isPartOf\":{\"@id\":\"https:\/\/exceladvisor.org\/es\/#website\"},\"primaryImageOfPage\":{\"@id\":\"https:\/\/exceladvisor.org\/es\/eliminar-lineas-vacias\/#primaryimage\"},\"image\":{\"@id\":\"https:\/\/exceladvisor.org\/es\/eliminar-lineas-vacias\/#primaryimage\"},\"thumbnailUrl\":\"https:\/\/exceladvisor.org\/wp-content\/uploads\/2023\/08\/1-selectionnez-la-plage-comprenant-des-lignes-vides.png\",\"datePublished\":\"2023-11-14T14:51:46+00:00\",\"dateModified\":\"2023-12-25T10:24:59+00:00\",\"breadcrumb\":{\"@id\":\"https:\/\/exceladvisor.org\/es\/eliminar-lineas-vacias\/#breadcrumb\"},\"inLanguage\":\"es\",\"potentialAction\":[{\"@type\":\"ReadAction\",\"target\":[\"https:\/\/exceladvisor.org\/es\/eliminar-lineas-vacias\/\"]}]},{\"@type\":\"ImageObject\",\"inLanguage\":\"es\",\"@id\":\"https:\/\/exceladvisor.org\/es\/eliminar-lineas-vacias\/#primaryimage\",\"url\":\"https:\/\/exceladvisor.org\/wp-content\/uploads\/2023\/08\/1-selectionnez-la-plage-comprenant-des-lignes-vides.png\",\"contentUrl\":\"https:\/\/exceladvisor.org\/wp-content\/uploads\/2023\/08\/1-selectionnez-la-plage-comprenant-des-lignes-vides.png\"},{\"@type\":\"BreadcrumbList\",\"@id\":\"https:\/\/exceladvisor.org\/es\/eliminar-lineas-vacias\/#breadcrumb\",\"itemListElement\":[{\"@type\":\"ListItem\",\"position\":1,\"name\":\"Hogar\",\"item\":\"https:\/\/exceladvisor.org\/es\/\"},{\"@type\":\"ListItem\",\"position\":2,\"name\":\"\u00bfc\u00f3mo eliminar l\u00edneas en blanco en excel?\"}]},{\"@type\":\"WebSite\",\"@id\":\"https:\/\/exceladvisor.org\/es\/#website\",\"url\":\"https:\/\/exceladvisor.org\/es\/\",\"name\":\"Excel Advisor\",\"description\":\"Su gu\u00eda para la dominaci\u00f3n de datos!\",\"publisher\":{\"@id\":\"https:\/\/exceladvisor.org\/es\/#organization\"},\"potentialAction\":[{\"@type\":\"SearchAction\",\"target\":{\"@type\":\"EntryPoint\",\"urlTemplate\":\"https:\/\/exceladvisor.org\/es\/?s={search_term_string}\"},\"query-input\":{\"@type\":\"PropertyValueSpecification\",\"valueRequired\":true,\"valueName\":\"search_term_string\"}}],\"inLanguage\":\"es\"},{\"@type\":\"Organization\",\"@id\":\"https:\/\/exceladvisor.org\/es\/#organization\",\"name\":\"Excel Advisor\",\"url\":\"https:\/\/exceladvisor.org\/es\/\",\"logo\":{\"@type\":\"ImageObject\",\"inLanguage\":\"es\",\"@id\":\"https:\/\/exceladvisor.org\/es\/#\/schema\/logo\/image\/\",\"url\":\"https:\/\/exceladvisor.org\/es\/wp-content\/uploads\/2023\/12\/exceladvisor.org_.png\",\"contentUrl\":\"https:\/\/exceladvisor.org\/es\/wp-content\/uploads\/2023\/12\/exceladvisor.org_.png\",\"width\":105,\"height\":36,\"caption\":\"Excel Advisor\"},\"image\":{\"@id\":\"https:\/\/exceladvisor.org\/es\/#\/schema\/logo\/image\/\"}}]}<\/script>\n<!-- \/ Yoast SEO plugin. -->","yoast_head_json":{"title":"\u00bfc\u00f3mo eliminar l\u00edneas en blanco en excel?","robots":{"index":"index","follow":"follow","max-snippet":"max-snippet:-1","max-image-preview":"max-image-preview:large","max-video-preview":"max-video-preview:-1"},"canonical":"https:\/\/exceladvisor.org\/es\/eliminar-lineas-vacias\/","og_locale":"es_ES","og_type":"article","og_title":"\u00bfc\u00f3mo eliminar l\u00edneas en blanco en excel?","og_description":"En una hoja de c\u00e1lculo de Excel, puede haber filas en blanco en el conjunto de datos, lo que puede dificultar la navegaci\u00f3n por los datos, y Excel utiliza celdas y filas en blanco para determinar rangos, por lo que tambi\u00e9n puede dividir las f\u00f3rmulas. Pero los usuarios pueden eliminar r\u00e1pidamente estas l\u00edneas en blanco [&hellip;]","og_url":"https:\/\/exceladvisor.org\/es\/eliminar-lineas-vacias\/","og_site_name":"Excel Advisor","article_modified_time":"2023-12-25T10:24:59+00:00","og_image":[{"url":"https:\/\/exceladvisor.org\/wp-content\/uploads\/2023\/08\/1-selectionnez-la-plage-comprenant-des-lignes-vides.png","type":"","width":"","height":""}],"twitter_card":"summary_large_image","twitter_misc":{"Tiempo de lectura":"5 minutos"},"schema":{"@context":"https:\/\/schema.org","@graph":[{"@type":"WebPage","@id":"https:\/\/exceladvisor.org\/es\/eliminar-lineas-vacias\/","url":"https:\/\/exceladvisor.org\/es\/eliminar-lineas-vacias\/","name":"\u00bfc\u00f3mo eliminar l\u00edneas en blanco en excel?","isPartOf":{"@id":"https:\/\/exceladvisor.org\/es\/#website"},"primaryImageOfPage":{"@id":"https:\/\/exceladvisor.org\/es\/eliminar-lineas-vacias\/#primaryimage"},"image":{"@id":"https:\/\/exceladvisor.org\/es\/eliminar-lineas-vacias\/#primaryimage"},"thumbnailUrl":"https:\/\/exceladvisor.org\/wp-content\/uploads\/2023\/08\/1-selectionnez-la-plage-comprenant-des-lignes-vides.png","datePublished":"2023-11-14T14:51:46+00:00","dateModified":"2023-12-25T10:24:59+00:00","breadcrumb":{"@id":"https:\/\/exceladvisor.org\/es\/eliminar-lineas-vacias\/#breadcrumb"},"inLanguage":"es","potentialAction":[{"@type":"ReadAction","target":["https:\/\/exceladvisor.org\/es\/eliminar-lineas-vacias\/"]}]},{"@type":"ImageObject","inLanguage":"es","@id":"https:\/\/exceladvisor.org\/es\/eliminar-lineas-vacias\/#primaryimage","url":"https:\/\/exceladvisor.org\/wp-content\/uploads\/2023\/08\/1-selectionnez-la-plage-comprenant-des-lignes-vides.png","contentUrl":"https:\/\/exceladvisor.org\/wp-content\/uploads\/2023\/08\/1-selectionnez-la-plage-comprenant-des-lignes-vides.png"},{"@type":"BreadcrumbList","@id":"https:\/\/exceladvisor.org\/es\/eliminar-lineas-vacias\/#breadcrumb","itemListElement":[{"@type":"ListItem","position":1,"name":"Hogar","item":"https:\/\/exceladvisor.org\/es\/"},{"@type":"ListItem","position":2,"name":"\u00bfc\u00f3mo eliminar l\u00edneas en blanco en excel?"}]},{"@type":"WebSite","@id":"https:\/\/exceladvisor.org\/es\/#website","url":"https:\/\/exceladvisor.org\/es\/","name":"Excel Advisor","description":"Su gu\u00eda para la dominaci\u00f3n de datos!","publisher":{"@id":"https:\/\/exceladvisor.org\/es\/#organization"},"potentialAction":[{"@type":"SearchAction","target":{"@type":"EntryPoint","urlTemplate":"https:\/\/exceladvisor.org\/es\/?s={search_term_string}"},"query-input":{"@type":"PropertyValueSpecification","valueRequired":true,"valueName":"search_term_string"}}],"inLanguage":"es"},{"@type":"Organization","@id":"https:\/\/exceladvisor.org\/es\/#organization","name":"Excel Advisor","url":"https:\/\/exceladvisor.org\/es\/","logo":{"@type":"ImageObject","inLanguage":"es","@id":"https:\/\/exceladvisor.org\/es\/#\/schema\/logo\/image\/","url":"https:\/\/exceladvisor.org\/es\/wp-content\/uploads\/2023\/12\/exceladvisor.org_.png","contentUrl":"https:\/\/exceladvisor.org\/es\/wp-content\/uploads\/2023\/12\/exceladvisor.org_.png","width":105,"height":36,"caption":"Excel Advisor"},"image":{"@id":"https:\/\/exceladvisor.org\/es\/#\/schema\/logo\/image\/"}}]}},"yoast_meta":{"yoast_wpseo_title":"","yoast_wpseo_metadesc":"","yoast_wpseo_canonical":""},"_links":{"self":[{"href":"https:\/\/exceladvisor.org\/es\/wp-json\/wp\/v2\/pages\/167","targetHints":{"allow":["GET"]}}],"collection":[{"href":"https:\/\/exceladvisor.org\/es\/wp-json\/wp\/v2\/pages"}],"about":[{"href":"https:\/\/exceladvisor.org\/es\/wp-json\/wp\/v2\/types\/page"}],"author":[{"embeddable":true,"href":"https:\/\/exceladvisor.org\/es\/wp-json\/wp\/v2\/users\/1"}],"replies":[{"embeddable":true,"href":"https:\/\/exceladvisor.org\/es\/wp-json\/wp\/v2\/comments?post=167"}],"version-history":[{"count":1,"href":"https:\/\/exceladvisor.org\/es\/wp-json\/wp\/v2\/pages\/167\/revisions"}],"predecessor-version":[{"id":988,"href":"https:\/\/exceladvisor.org\/es\/wp-json\/wp\/v2\/pages\/167\/revisions\/988"}],"wp:attachment":[{"href":"https:\/\/exceladvisor.org\/es\/wp-json\/wp\/v2\/media?parent=167"}],"curies":[{"name":"wp","href":"https:\/\/api.w.org\/{rel}","templated":true}]}}