{"id":168,"date":"2023-11-14T14:34:20","date_gmt":"2023-11-14T14:34:20","guid":{"rendered":"https:\/\/exceladvisor.org\/es\/comodines-con-vlookup\/"},"modified":"2023-12-25T10:27:55","modified_gmt":"2023-12-25T10:27:55","slug":"comodines-con-vlookup","status":"publish","type":"page","link":"https:\/\/exceladvisor.org\/es\/comodines-con-vlookup\/","title":{"rendered":"\u00bfc\u00f3mo utilizar comodines con buscarv?"},"content":{"rendered":"<div class=\"excel-antes-del-contenido\" id=\"excel-2428528845\"><script type=\"text\/javascript\">\r\n\tatOptions = {\r\n\t\t'key' : 'c1158f160081d6540a8409e6925dab94',\r\n\t\t'format' : 'iframe',\r\n\t\t'height' : 250,\r\n\t\t'width' : 300,\r\n\t\t'params' : {}\r\n\t};\r\n<\/script>\r\n<script type=\"text\/javascript\" src=\"\/\/www.highperformanceformat.com\/c1158f160081d6540a8409e6925dab94\/invoke.js\"><\/script><\/div><p>Estoy seguro de que quieres que BUSCARV sea m\u00e1s potente. Bueno, usar comodines con BUSCARV puede hacerlo por ti. Puede ayudarle a buscar un valor mediante una coincidencia parcial.<\/p>\n<p> <strong>AHORA:<\/strong><\/p>\n<p> Digamos que tiene datos como la siguiente tabla donde tiene los nombres completos de los estudiantes en una columna y sus calificaciones en otra columna. <\/p>\n<div class=\"wp-block-image\">\n<figure class=\"aligncenter\"><img decoding=\"async\" src=\"https:\/\/exceladvisor.org\/wp-content\/uploads\/2023\/08\/table-de-donnees-utiliser-des-caracteres-generiques-avec-vlookup-min-1.png\" sizes=\"\" srcset=\"\" alt=\"la tabla de datos utiliza comodines con vlookup\"><\/figure>\n<\/div>\n<p> Y a partir de estos datos desea buscar las calificaciones de un estudiante en particular, pero solo con el nombre. Una BUSCARV normal no le permite buscar un valor como este.<\/p>\n<p> Pero, cuando combinas un asterisco que es un comod\u00edn, puedes obtener las calificaciones de un estudiante usando solo una coincidencia parcial. Entonces, hoy en este art\u00edculo, me gustar\u00eda compartir con ustedes c\u00f3mo usar comodines con BUSCARV.<\/p>\n<p> Y para ello, he enumerado <strong><span style=\"color: #000000;\">5 ejemplos concretos<\/span><\/strong> que pueden ayudarte a entender esta combinaci\u00f3n.<\/p>\n<h2 id=\"types-of-wildcards\" class=\"wp-block-heading\"> Tipos de comodines<\/h2>\n<p> Ahora la cuesti\u00f3n es: tienes un total de 3 comodines que puedes usar en Excel.<\/p>\n<ul>\n<li> <strong><span style=\"color: #000000;\">Asterisco (*):<\/span><\/strong> busca cualquier n\u00famero de caracteres despu\u00e9s del texto. Por ejemplo, puede utilizar \u00abEx*\u00bb para hacer coincidir el texto \u00abExcel\u00bb de una lista.<\/li>\n<li> <strong><span style=\"color: #000000;\">Signo de interrogaci\u00f3n (?):<\/span><\/strong> Utilice un signo de interrogaci\u00f3n para reemplazarlo con un car\u00e1cter. Por ejemplo, puede utilizar P?inter para buscar el texto \u00abPintor\u00bb o \u00abImpresora\u00bb.<\/li>\n<li> Tilde (~): Esto puede anular el impacto de los dos caracteres anteriores. Por ejemplo, si desea buscar un valor \u00abPD*\u00bb, puede utilizar \u00abPD~*\u00bb en su lugar.<\/li>\n<\/ul>\n<p> <a href=\"https:\/\/exceladvisor.org\/wp-content\/uploads\/2023\/11\/caracteres-generiques.xlsx\" data-wpil=\"url\">Obtenga m\u00e1s informaci\u00f3n sobre los comodines en esta gu\u00eda definitiva<\/a> .<\/p>\n<p> Aqu\u00ed he enumerado 5 ejemplos diferentes para ayudarle a comprender c\u00f3mo funciona esta combinaci\u00f3n de comod\u00edn y BUSCARV. Puede <a href=\"https:\/\/exceladvisor.org\/wp-content\/uploads\/2023\/08\/caracteres-generiques-avec-des-donnees-vlookup.xlsx\" rel=\"nofollow\">descargar este archivo de muestra aqu\u00ed<\/a> para seguirlo.<\/p>\n<h2 id=\"vlookup-with-a-first-name-and-an-asterisk\" class=\"wp-block-heading\"> BUSCARV con un nombre y un asterisco<\/h2>\n<p> Sigamos con el ejemplo que os mostr\u00e9 arriba. Aqu\u00ed tiene una lista de nombres (nombre + apellido) y necesita buscar las calificaciones de los estudiantes usando solo el nombre. <\/p>\n<div class=\"wp-block-image\">\n<figure class=\"aligncenter\"><img decoding=\"async\" src=\"https:\/\/exceladvisor.org\/wp-content\/uploads\/2023\/08\/table-de-donnees-utiliser-des-caracteres-generiques-avec-vlookup-min-1.png\" sizes=\"\" srcset=\"\" alt=\"la tabla de datos utiliza comodines con vlookup\"><\/figure>\n<\/div>\n<p> Cuando utiliza una BUSCARV normal, devolver\u00e1 un error #N\/A, lo que significa que el valor no est\u00e1 en la lista, lo cual es completamente correcto. <\/p>\n<div class=\"wp-block-image\">\n<figure class=\"aligncenter\"><img decoding=\"async\" src=\"https:\/\/exceladvisor.org\/wp-content\/uploads\/2023\/08\/utiliser-des-caracteres-generiques-avec-vlookup-pour-rechercher-le-prenom-min-1.png\" sizes=\"\" srcset=\"\" alt=\"use comodines con vlookup para buscar el nombre\"><\/figure>\n<\/div>\n<p> Pero, cuando combina el valor de b\u00fasqueda con un asterisco, obtiene las calificaciones de los estudiantes sin ning\u00fan error. <\/p>\n<div class=\"wp-block-image\">\n<figure class=\"aligncenter\"><img decoding=\"async\" src=\"https:\/\/exceladvisor.org\/wp-content\/uploads\/2023\/08\/utiliser-des-caracteres-generiques-avec-vlookup-pour-rechercher-le-prenom-avec-un-asterisque-min-1.png\" sizes=\"\" srcset=\"\" alt=\"use comodines con vlookup para buscar el nombre con un asterisco\"><\/figure>\n<\/div>\n<h3 id=\"this-is-how-this-formula-works-2\" class=\"wp-block-heading\"> As\u00ed funciona esta f\u00f3rmula<\/h3>\n<p> En la f\u00f3rmula anterior, ha utilizado un asterisco despu\u00e9s del nombre que ayuda a BUSCARV a buscar un valor que comience con el nombre que mencion\u00f3 y el resto del valor puede ser cualquier cosa.<\/p>\n<h2 id=\"combine-vlookup-and-an-asterisk-to-avoid-trailing-spaces\" class=\"wp-block-heading\"> Combine BUSCARV y un asterisco para evitar espacios finales<\/h2>\n<p> Ahora, en estos datos solo tienes nombres, pero nuevamente no puedes obtener las calificaciones. Y la raz\u00f3n es que despu\u00e9s de eliminar los apellidos, el espacio del medio queda ah\u00ed. <\/p>\n<div class=\"wp-block-image\">\n<figure class=\"aligncenter\"><img decoding=\"async\" src=\"https:\/\/exceladvisor.org\/wp-content\/uploads\/2023\/08\/donnees-de-prenom-a-utiliser-avec-des-caracteres-generiques-avec-vlookup-1.png\" sizes=\"\" srcset=\"\" alt=\"datos de nombre para usar con comodines con vlookup\"><\/figure>\n<\/div>\n<p> Y ahora, cuando intentas buscar marcas con el nombre, obtienes nuevamente el error #N\/A. <\/p>\n<div class=\"wp-block-image\">\n<figure class=\"aligncenter\"><img decoding=\"async\" src=\"https:\/\/exceladvisor.org\/wp-content\/uploads\/2023\/08\/utiliser-des-caracteres-generiques-avec-vlookup-pour-rechercher-le-prenom-avec-un-espace-minimum-1.png\" sizes=\"\" srcset=\"\" alt=\"use comodines con vlookup para buscar nombre con espacio\"><\/figure>\n<\/div>\n<p> Pero s\u00ed, puedes <a href=\"https:\/\/exceladvisor.org\/es\/eliminar-espacios-adicionales\/\">eliminar todos esos espacios no deseados<\/a> , pero aqu\u00ed nuestra motivaci\u00f3n es usar comodines con BUSCARV para resolver este problema. <\/p>\n<div class=\"wp-block-image\">\n<figure class=\"aligncenter\"><img decoding=\"async\" src=\"https:\/\/exceladvisor.org\/wp-content\/uploads\/2023\/08\/utiliser-des-caracteres-generiques-avec-vlookup-pour-rechercher-le-prenom-avec-un-espace-en-utilisant-un-asterisque-min-1.png\" sizes=\"\" srcset=\"\" alt=\"use comodines con vlookup para buscar nombre con espacio usando asterisco min\"><\/figure>\n<\/div>\n<p> Aqu\u00ed tambi\u00e9n debes usar la misma f\u00f3rmula que usaste anteriormente. Ignorar\u00e1 los espacios al hacer coincidir un valor y devolver\u00e1 marcas con el nombre del estudiante.<\/p>\n<h2 id=\"partial-invoice-look-up\" class=\"wp-block-heading\"> B\u00fasqueda de facturas parciales<\/h2>\n<p> En los dos ejemplos anteriores, utiliz\u00f3 un asterisco para hacer una coincidencia parcial para BUSCARV. Pero aqu\u00ed, en este ejemplo, tenemos datos de facturaci\u00f3n con el monto de las ventas.<\/p>\n<p> <strong><em>Aqu\u00ed hay un giro:<\/em><\/strong><\/p>\n<p> Cada n\u00famero de factura tiene un texto de prefijo \u201cINV\u201d al principio. Lamentablemente, con el n\u00famero de factura que est\u00e1s utilizando para consultar el importe, no tienes este texto. <\/p>\n<div class=\"wp-block-image\">\n<figure class=\"aligncenter\"><img decoding=\"async\" src=\"https:\/\/exceladvisor.org\/wp-content\/uploads\/2023\/08\/donnees-de-facturation-pour-utiliser-des-caracteres-generiques-avec-vlookup-1.png\" sizes=\"\" srcset=\"\" alt=\"datos de facturaci\u00f3n para utilizar comodines con vlookup\"><\/figure>\n<\/div>\n<p> Y con BUSCARV normal no es posible obtener el monto de las ventas. <\/p>\n<div class=\"wp-block-image\">\n<figure class=\"aligncenter\"><img decoding=\"async\" src=\"https:\/\/exceladvisor.org\/wp-content\/uploads\/2023\/08\/une-correspondance-partielle-de-recherche-de-facture-normale-min-1.png\" sizes=\"\" srcset=\"\" alt=\"una b\u00fasqueda de factura normal coincidencia parcial min\"><\/figure>\n<\/div>\n<p> Y usando un comod\u00edn, la f\u00f3rmula se ver\u00e1 as\u00ed: <\/p>\n<div class=\"wp-block-image\">\n<figure class=\"aligncenter\"><img decoding=\"async\" src=\"https:\/\/exceladvisor.org\/wp-content\/uploads\/2023\/08\/recherche-de-facture-partielle-avec-caracteres-generiques-min-1.png\" sizes=\"\" srcset=\"\" alt=\"b\u00fasqueda parcial de facturas con comodines min\"><\/figure>\n<\/div>\n<h3 id=\"how-this-formula-works\" class=\"wp-block-heading\"> \u00bfC\u00f3mo funciona esta f\u00f3rmula?<\/h3>\n<p> En la f\u00f3rmula anterior, ha combinado tres signos de interrogaci\u00f3n con el n\u00famero de factura como prefijo. Como mencion\u00e9 anteriormente, un signo de interrogaci\u00f3n representar\u00e1 personajes.<\/p>\n<p> Aqu\u00ed, estos 3 signos de interrogaci\u00f3n representan estos 3 caracteres que tienes al principio de los n\u00fameros de factura.<\/p>\n<p> Y esto permite buscar el monto de ventas para el uso con coincidencia parcial.<\/p>\n<h2 id=\"use-a-question-mark-with-vlookup-to-match-a-product-id\" class=\"wp-block-heading\"> Utilice un signo de interrogaci\u00f3n con BUSCARV para hacer coincidir una ID de producto<\/h2>\n<p> Comencemos de nuevo, en este ejemplo donde tiene ID de producto que son una combinaci\u00f3n de 4 d\u00edgitos, 3 texto y 3 d\u00edgitos. Ahora necesitas buscar la cantidad de un producto en particular. <\/p>\n<div class=\"wp-block-image\">\n<figure class=\"aligncenter\"><img decoding=\"async\" src=\"https:\/\/exceladvisor.org\/wp-content\/uploads\/2023\/08\/donnees-didentification-de-produit-pour-utiliser-des-caracteres-generiques-avec-vlookup-1.png\" sizes=\"\" srcset=\"\" alt=\"datos de identificaci\u00f3n del producto para utilizar comodines con vlookup\"><\/figure>\n<\/div>\n<p> <strong>Es una locura:<\/strong><\/p>\n<p> En estos datos solo conoce el n\u00famero inicial de la identificaci\u00f3n del producto y el \u00faltimo n\u00famero es el mismo en todas las identificaciones. Pero el problema es el texto de la parte central que no tienes. <\/p>\n<div class=\"wp-block-image\">\n<figure class=\"aligncenter\"><img decoding=\"async\" src=\"https:\/\/exceladvisor.org\/wp-content\/uploads\/2023\/08\/recherche-simple-dID-de-produit-avec-des-caracteres-generiques-min-1.png\" sizes=\"\" srcset=\"\" alt=\"b\u00fasqueda sencilla de ID de producto con comodines m\u00ednimos\"><\/figure>\n<\/div>\n<p> Para resolver este problema, debe volver a combinar los comodines del signo de interrogaci\u00f3n con una BUSCARV. Y la f\u00f3rmula se ver\u00e1 as\u00ed: <\/p>\n<div class=\"wp-block-image\">\n<figure class=\"aligncenter\"><img decoding=\"async\" src=\"https:\/\/exceladvisor.org\/wp-content\/uploads\/2023\/08\/recherche-dID-de-produit-avec-point-dinterrogation-generique-min-1.png\" sizes=\"\" srcset=\"\" alt=\"b\u00fasqueda de identificaci\u00f3n de producto con signo de interrogaci\u00f3n gen\u00e9rico m\u00ednimo\"><\/figure>\n<\/div>\n<h3 id=\"how-this-formula-works-1\" class=\"wp-block-heading\"> \u00bfC\u00f3mo funciona esta f\u00f3rmula?<\/h3>\n<p> En la f\u00f3rmula anterior, estos dos signos de interrogaci\u00f3n representan el texto que tenemos en la lista de ID del producto original.<\/p>\n<h2 id=\"nullifying-the-effect-of-wildcard-characters-in-vlookup\" class=\"wp-block-heading\"> Cancelar el efecto de los comodines en BUSCARV<\/h2>\n<p> Habr\u00e1 una situaci\u00f3n en la que necesitar\u00e1s eliminar el efecto de los comodines. Veamos los datos a continuaci\u00f3n donde tenemos valores en la columna con un asterisco. Y aqu\u00ed estos asteriscos no se utilizan como comod\u00edn, sino que forman parte de los valores reales. <\/p>\n<div class=\"wp-block-image\">\n<figure class=\"aligncenter\"><img decoding=\"async\" src=\"https:\/\/exceladvisor.org\/wp-content\/uploads\/2023\/08\/mauvaise-recherche-dun-asterisque-min-1.png\" sizes=\"\" srcset=\"\" alt=\"mala b\u00fasqueda de un asterisco min\"><\/figure>\n<\/div>\n<p> <strong>Quiz\u00e1s te est\u00e9s preguntando:<\/strong><\/p>\n<p> Pero cuando intenta buscar un valor que incluye un asterisco, Excel lo tratar\u00e1 como un comod\u00edn en lugar de un valor normal.<\/p>\n<p> Entonces aqu\u00ed debes deshacer el efecto de este comod\u00edn. Para hacer esto, debes usar una tilde. Y deber\u00edas usar una f\u00f3rmula como esta: <\/p>\n<div class=\"wp-block-image\">\n<figure class=\"aligncenter\"><img decoding=\"async\" src=\"https:\/\/exceladvisor.org\/wp-content\/uploads\/2023\/08\/annuler-leffet-du-joker-min-1.png\" sizes=\"\" srcset=\"\" alt=\"cancelar efecto comod\u00edn min\"><\/figure>\n<\/div>\n<p> Cuando usas una tilde antes de un asterisco y un signo de interrogaci\u00f3n, cancelar\u00e1 su efecto y Excel lo tratar\u00e1 como un car\u00e1cter de texto normal. <\/p>\n<div class=\"gb-container gb-container-52dfcee1 gb-container-sample-file\">\n<h2 class=\"gb-headline gb-headline-e289c143 gb-headline-text gb-headline-4f7959c2\"> Obtener el archivo Excel<\/h2>\n<p> <a class=\"gb-button gb-button-e88d6bee gb-button-text gb-button-button1\" href=\"https:\/\/exceladvisor.org\/wp-content\/uploads\/2023\/08\/caracteres-generiques-avec-vlookup-2.xlsx\" rel=\"nofollow\">Descargar<\/a><\/div>\n<div class=\"gb-container gb-container-0df56012 gb-container-mt\"> <a class=\"gb-button gb-button-f9f432f4 gb-button-text gb-button-mt-button\" href=\"https:\/\/exceladvisor.org\/es\/formulas\/\">Lista de f\u00f3rmulas de Excel<\/a><\/p>\n<h2 class=\"gb-headline gb-headline-233444e8 gb-headline-text gb-headline-mt-heading\"> F\u00f3rmulas relacionadas <\/h2>\n<div class=\"gb-grid-wrapper gb-grid-wrapper-a16fa65c gb-grid-wrapper-mt-grid\">\n<div class=\"gb-grid-column gb-grid-column-50d07e0d\">\n<div class=\"gb-container gb-container-50d07e0d\">\n<ul>\n<li> <a href=\"https:\/\/exceladvisor.org\/es\/si-error-busqueda-virtual\/\">IFERROR con BUSCARV en Excel para reemplazar #N\/A en Excel<\/a><\/li>\n<li> <a href=\"https:\/\/exceladvisor.org\/es\/busqueda-bidireccional\/\">Realizar una b\u00fasqueda bidireccional en Excel<\/a><\/li>\n<li> <a href=\"https:\/\/exceladvisor.org\/es\/busqueda-inversa\/\">BUSCARV inversa (hacia atr\u00e1s: de derecha a izquierda) en Excel<\/a><\/li>\n<li> <a href=\"https:\/\/exceladvisor.org\/es\/coincidencia-de-vsearch\/\">Combinando BUSCARV COINCIDIR en Excel<\/a><\/li>\n<li> <a href=\"https:\/\/exceladvisor.org\/es\/vlookup-varios-criterios\/\">BUSCARV con m\u00faltiples criterios en Excel<\/a> <\/li>\n<\/ul>\n<\/div>\n<\/div>\n<div class=\"gb-grid-column gb-grid-column-5b4a0cf9\">\n<div class=\"gb-container gb-container-5b4a0cf9\"><\/div>\n<\/div>\n<\/div>\n<\/div>\n","protected":false},"excerpt":{"rendered":"<p>Estoy seguro de que quieres que BUSCARV sea m\u00e1s potente. Bueno, usar comodines con BUSCARV puede hacerlo por ti. Puede ayudarle a buscar un valor mediante una coincidencia parcial. AHORA: Digamos que tiene datos como la siguiente tabla donde tiene los nombres completos de los estudiantes en una columna y sus calificaciones en otra columna. [&hellip;]<\/p>\n","protected":false},"author":1,"featured_media":0,"parent":0,"menu_order":0,"comment_status":"open","ping_status":"closed","template":"","meta":{"ub_ctt_via":"","footnotes":""},"class_list":["post-168","page","type-page","status-publish","hentry"],"featured_image_src":null,"yoast_head":"<!-- This site is optimized with the Yoast SEO plugin v25.4 - https:\/\/yoast.com\/wordpress\/plugins\/seo\/ -->\n<title>\u00bfc\u00f3mo utilizar comodines con buscarv?<\/title>\n<meta name=\"robots\" content=\"index, follow, max-snippet:-1, max-image-preview:large, max-video-preview:-1\" \/>\n<link rel=\"canonical\" href=\"https:\/\/exceladvisor.org\/es\/comodines-con-vlookup\/\" \/>\n<meta property=\"og:locale\" content=\"es_ES\" \/>\n<meta property=\"og:type\" content=\"article\" \/>\n<meta property=\"og:title\" content=\"\u00bfc\u00f3mo utilizar comodines con buscarv?\" \/>\n<meta property=\"og:description\" content=\"Estoy seguro de que quieres que BUSCARV sea m\u00e1s potente. Bueno, usar comodines con BUSCARV puede hacerlo por ti. Puede ayudarle a buscar un valor mediante una coincidencia parcial. AHORA: Digamos que tiene datos como la siguiente tabla donde tiene los nombres completos de los estudiantes en una columna y sus calificaciones en otra columna. [&hellip;]\" \/>\n<meta property=\"og:url\" content=\"https:\/\/exceladvisor.org\/es\/comodines-con-vlookup\/\" \/>\n<meta property=\"og:site_name\" content=\"Excel Advisor\" \/>\n<meta property=\"article:modified_time\" content=\"2023-12-25T10:27:55+00:00\" \/>\n<meta property=\"og:image\" content=\"https:\/\/exceladvisor.org\/wp-content\/uploads\/2023\/08\/table-de-donnees-utiliser-des-caracteres-generiques-avec-vlookup-min-1.png\" \/>\n<meta name=\"twitter:card\" content=\"summary_large_image\" \/>\n<meta name=\"twitter:label1\" content=\"Tiempo de lectura\" \/>\n\t<meta name=\"twitter:data1\" content=\"5 minutos\" \/>\n<script type=\"application\/ld+json\" class=\"yoast-schema-graph\">{\"@context\":\"https:\/\/schema.org\",\"@graph\":[{\"@type\":\"WebPage\",\"@id\":\"https:\/\/exceladvisor.org\/es\/comodines-con-vlookup\/\",\"url\":\"https:\/\/exceladvisor.org\/es\/comodines-con-vlookup\/\",\"name\":\"\u00bfc\u00f3mo utilizar comodines con buscarv?\",\"isPartOf\":{\"@id\":\"https:\/\/exceladvisor.org\/es\/#website\"},\"primaryImageOfPage\":{\"@id\":\"https:\/\/exceladvisor.org\/es\/comodines-con-vlookup\/#primaryimage\"},\"image\":{\"@id\":\"https:\/\/exceladvisor.org\/es\/comodines-con-vlookup\/#primaryimage\"},\"thumbnailUrl\":\"https:\/\/exceladvisor.org\/wp-content\/uploads\/2023\/08\/table-de-donnees-utiliser-des-caracteres-generiques-avec-vlookup-min-1.png\",\"datePublished\":\"2023-11-14T14:34:20+00:00\",\"dateModified\":\"2023-12-25T10:27:55+00:00\",\"breadcrumb\":{\"@id\":\"https:\/\/exceladvisor.org\/es\/comodines-con-vlookup\/#breadcrumb\"},\"inLanguage\":\"es\",\"potentialAction\":[{\"@type\":\"ReadAction\",\"target\":[\"https:\/\/exceladvisor.org\/es\/comodines-con-vlookup\/\"]}]},{\"@type\":\"ImageObject\",\"inLanguage\":\"es\",\"@id\":\"https:\/\/exceladvisor.org\/es\/comodines-con-vlookup\/#primaryimage\",\"url\":\"https:\/\/exceladvisor.org\/wp-content\/uploads\/2023\/08\/table-de-donnees-utiliser-des-caracteres-generiques-avec-vlookup-min-1.png\",\"contentUrl\":\"https:\/\/exceladvisor.org\/wp-content\/uploads\/2023\/08\/table-de-donnees-utiliser-des-caracteres-generiques-avec-vlookup-min-1.png\"},{\"@type\":\"BreadcrumbList\",\"@id\":\"https:\/\/exceladvisor.org\/es\/comodines-con-vlookup\/#breadcrumb\",\"itemListElement\":[{\"@type\":\"ListItem\",\"position\":1,\"name\":\"Hogar\",\"item\":\"https:\/\/exceladvisor.org\/es\/\"},{\"@type\":\"ListItem\",\"position\":2,\"name\":\"\u00bfc\u00f3mo utilizar comodines con buscarv?\"}]},{\"@type\":\"WebSite\",\"@id\":\"https:\/\/exceladvisor.org\/es\/#website\",\"url\":\"https:\/\/exceladvisor.org\/es\/\",\"name\":\"Excel Advisor\",\"description\":\"Su gu\u00eda para la dominaci\u00f3n de datos!\",\"publisher\":{\"@id\":\"https:\/\/exceladvisor.org\/es\/#organization\"},\"potentialAction\":[{\"@type\":\"SearchAction\",\"target\":{\"@type\":\"EntryPoint\",\"urlTemplate\":\"https:\/\/exceladvisor.org\/es\/?s={search_term_string}\"},\"query-input\":{\"@type\":\"PropertyValueSpecification\",\"valueRequired\":true,\"valueName\":\"search_term_string\"}}],\"inLanguage\":\"es\"},{\"@type\":\"Organization\",\"@id\":\"https:\/\/exceladvisor.org\/es\/#organization\",\"name\":\"Excel Advisor\",\"url\":\"https:\/\/exceladvisor.org\/es\/\",\"logo\":{\"@type\":\"ImageObject\",\"inLanguage\":\"es\",\"@id\":\"https:\/\/exceladvisor.org\/es\/#\/schema\/logo\/image\/\",\"url\":\"https:\/\/exceladvisor.org\/es\/wp-content\/uploads\/2023\/12\/exceladvisor.org_.png\",\"contentUrl\":\"https:\/\/exceladvisor.org\/es\/wp-content\/uploads\/2023\/12\/exceladvisor.org_.png\",\"width\":105,\"height\":36,\"caption\":\"Excel Advisor\"},\"image\":{\"@id\":\"https:\/\/exceladvisor.org\/es\/#\/schema\/logo\/image\/\"}}]}<\/script>\n<!-- \/ Yoast SEO plugin. -->","yoast_head_json":{"title":"\u00bfc\u00f3mo utilizar comodines con buscarv?","robots":{"index":"index","follow":"follow","max-snippet":"max-snippet:-1","max-image-preview":"max-image-preview:large","max-video-preview":"max-video-preview:-1"},"canonical":"https:\/\/exceladvisor.org\/es\/comodines-con-vlookup\/","og_locale":"es_ES","og_type":"article","og_title":"\u00bfc\u00f3mo utilizar comodines con buscarv?","og_description":"Estoy seguro de que quieres que BUSCARV sea m\u00e1s potente. Bueno, usar comodines con BUSCARV puede hacerlo por ti. Puede ayudarle a buscar un valor mediante una coincidencia parcial. AHORA: Digamos que tiene datos como la siguiente tabla donde tiene los nombres completos de los estudiantes en una columna y sus calificaciones en otra columna. [&hellip;]","og_url":"https:\/\/exceladvisor.org\/es\/comodines-con-vlookup\/","og_site_name":"Excel Advisor","article_modified_time":"2023-12-25T10:27:55+00:00","og_image":[{"url":"https:\/\/exceladvisor.org\/wp-content\/uploads\/2023\/08\/table-de-donnees-utiliser-des-caracteres-generiques-avec-vlookup-min-1.png","type":"","width":"","height":""}],"twitter_card":"summary_large_image","twitter_misc":{"Tiempo de lectura":"5 minutos"},"schema":{"@context":"https:\/\/schema.org","@graph":[{"@type":"WebPage","@id":"https:\/\/exceladvisor.org\/es\/comodines-con-vlookup\/","url":"https:\/\/exceladvisor.org\/es\/comodines-con-vlookup\/","name":"\u00bfc\u00f3mo utilizar comodines con buscarv?","isPartOf":{"@id":"https:\/\/exceladvisor.org\/es\/#website"},"primaryImageOfPage":{"@id":"https:\/\/exceladvisor.org\/es\/comodines-con-vlookup\/#primaryimage"},"image":{"@id":"https:\/\/exceladvisor.org\/es\/comodines-con-vlookup\/#primaryimage"},"thumbnailUrl":"https:\/\/exceladvisor.org\/wp-content\/uploads\/2023\/08\/table-de-donnees-utiliser-des-caracteres-generiques-avec-vlookup-min-1.png","datePublished":"2023-11-14T14:34:20+00:00","dateModified":"2023-12-25T10:27:55+00:00","breadcrumb":{"@id":"https:\/\/exceladvisor.org\/es\/comodines-con-vlookup\/#breadcrumb"},"inLanguage":"es","potentialAction":[{"@type":"ReadAction","target":["https:\/\/exceladvisor.org\/es\/comodines-con-vlookup\/"]}]},{"@type":"ImageObject","inLanguage":"es","@id":"https:\/\/exceladvisor.org\/es\/comodines-con-vlookup\/#primaryimage","url":"https:\/\/exceladvisor.org\/wp-content\/uploads\/2023\/08\/table-de-donnees-utiliser-des-caracteres-generiques-avec-vlookup-min-1.png","contentUrl":"https:\/\/exceladvisor.org\/wp-content\/uploads\/2023\/08\/table-de-donnees-utiliser-des-caracteres-generiques-avec-vlookup-min-1.png"},{"@type":"BreadcrumbList","@id":"https:\/\/exceladvisor.org\/es\/comodines-con-vlookup\/#breadcrumb","itemListElement":[{"@type":"ListItem","position":1,"name":"Hogar","item":"https:\/\/exceladvisor.org\/es\/"},{"@type":"ListItem","position":2,"name":"\u00bfc\u00f3mo utilizar comodines con buscarv?"}]},{"@type":"WebSite","@id":"https:\/\/exceladvisor.org\/es\/#website","url":"https:\/\/exceladvisor.org\/es\/","name":"Excel Advisor","description":"Su gu\u00eda para la dominaci\u00f3n de datos!","publisher":{"@id":"https:\/\/exceladvisor.org\/es\/#organization"},"potentialAction":[{"@type":"SearchAction","target":{"@type":"EntryPoint","urlTemplate":"https:\/\/exceladvisor.org\/es\/?s={search_term_string}"},"query-input":{"@type":"PropertyValueSpecification","valueRequired":true,"valueName":"search_term_string"}}],"inLanguage":"es"},{"@type":"Organization","@id":"https:\/\/exceladvisor.org\/es\/#organization","name":"Excel Advisor","url":"https:\/\/exceladvisor.org\/es\/","logo":{"@type":"ImageObject","inLanguage":"es","@id":"https:\/\/exceladvisor.org\/es\/#\/schema\/logo\/image\/","url":"https:\/\/exceladvisor.org\/es\/wp-content\/uploads\/2023\/12\/exceladvisor.org_.png","contentUrl":"https:\/\/exceladvisor.org\/es\/wp-content\/uploads\/2023\/12\/exceladvisor.org_.png","width":105,"height":36,"caption":"Excel Advisor"},"image":{"@id":"https:\/\/exceladvisor.org\/es\/#\/schema\/logo\/image\/"}}]}},"yoast_meta":{"yoast_wpseo_title":"","yoast_wpseo_metadesc":"","yoast_wpseo_canonical":""},"_links":{"self":[{"href":"https:\/\/exceladvisor.org\/es\/wp-json\/wp\/v2\/pages\/168","targetHints":{"allow":["GET"]}}],"collection":[{"href":"https:\/\/exceladvisor.org\/es\/wp-json\/wp\/v2\/pages"}],"about":[{"href":"https:\/\/exceladvisor.org\/es\/wp-json\/wp\/v2\/types\/page"}],"author":[{"embeddable":true,"href":"https:\/\/exceladvisor.org\/es\/wp-json\/wp\/v2\/users\/1"}],"replies":[{"embeddable":true,"href":"https:\/\/exceladvisor.org\/es\/wp-json\/wp\/v2\/comments?post=168"}],"version-history":[{"count":1,"href":"https:\/\/exceladvisor.org\/es\/wp-json\/wp\/v2\/pages\/168\/revisions"}],"predecessor-version":[{"id":1246,"href":"https:\/\/exceladvisor.org\/es\/wp-json\/wp\/v2\/pages\/168\/revisions\/1246"}],"wp:attachment":[{"href":"https:\/\/exceladvisor.org\/es\/wp-json\/wp\/v2\/media?parent=168"}],"curies":[{"name":"wp","href":"https:\/\/api.w.org\/{rel}","templated":true}]}}