{"id":169,"date":"2023-11-14T12:32:07","date_gmt":"2023-11-14T12:32:07","guid":{"rendered":"https:\/\/exceladvisor.org\/es\/eliminar-lineas\/"},"modified":"2023-12-25T10:25:06","modified_gmt":"2023-12-25T10:25:06","slug":"eliminar-lineas","status":"publish","type":"page","link":"https:\/\/exceladvisor.org\/es\/eliminar-lineas\/","title":{"rendered":"\u00bfc\u00f3mo eliminar una sola fila o varias filas en excel?"},"content":{"rendered":"<div class=\"excel-antes-del-contenido\" id=\"excel-290013459\"><script type=\"text\/javascript\">\r\n\tatOptions = {\r\n\t\t'key' : 'c1158f160081d6540a8409e6925dab94',\r\n\t\t'format' : 'iframe',\r\n\t\t'height' : 250,\r\n\t\t'width' : 300,\r\n\t\t'params' : {}\r\n\t};\r\n<\/script>\r\n<script type=\"text\/javascript\" src=\"\/\/www.highperformanceformat.com\/c1158f160081d6540a8409e6925dab94\/invoke.js\"><\/script><\/div><p>Cuando trabajas en Excel, puede suceder que necesites eliminar una o varias filas de tu hoja de c\u00e1lculo. En este tutorial, repasaremos los diferentes m\u00e9todos para esto.<\/p>\n<p> Entendamos cada m\u00e9todo uno por uno.<\/p>\n<h2 class=\"wp-block-heading\"> Pasos para eliminar una sola fila <\/h2>\n<div class=\"wp-block-image\">\n<figure class=\"aligncenter size-full is-resized\"><img loading=\"lazy\" decoding=\"async\" class=\"wp-image-70193\" src=\"https:\/\/exceladvisor.org\/wp-content\/uploads\/2023\/08\/supprimer-une-seule-ligne.gif\" sizes=\"auto, \" srcset=\"\" alt=\"eliminar una sola l\u00ednea\" width=\"365\" height=\"466\"><\/figure>\n<\/div>\n<ol type=\"1\">\n<li> Primero, coloque el cursor en el encabezado de la fila que desea eliminar de la hoja de trabajo.<\/li>\n<li> A continuaci\u00f3n, presione el bot\u00f3n derecho del mouse.<\/li>\n<li> Desde aqu\u00ed debes usar la opci\u00f3n de eliminar.<\/li>\n<li> Por lo tanto, haga clic en la opci\u00f3n eliminar para eliminar la fila de la hoja de trabajo.<\/li>\n<\/ol>\n<h2 class=\"wp-block-heading\"> Pasos para eliminar varias l\u00edneas continuas<\/h2>\n<p> Si necesita eliminar varias filas a la vez en su hoja de c\u00e1lculo. Luego siga los pasos a continuaci\u00f3n: <\/p>\n<div class=\"wp-block-image\">\n<figure class=\"aligncenter size-full is-resized\"><img loading=\"lazy\" decoding=\"async\" class=\"wp-image-70194\" src=\"https:\/\/exceladvisor.org\/wp-content\/uploads\/2023\/08\/supprimer-plusieurs-lignes-continues.gif\" sizes=\"auto, \" srcset=\"\" alt=\"eliminar varias l\u00edneas continuas\" width=\"352\" height=\"368\"><\/figure>\n<\/div>\n<ol type=\"1\">\n<li> Primero, seleccione todas las filas que desea eliminar del encabezado de fila.<\/li>\n<li> A continuaci\u00f3n, haga clic derecho en una de las filas de destino.<\/li>\n<li> Y ahora haga clic en la opci\u00f3n eliminar del men\u00fa.<\/li>\n<li> Una vez que haga clic en la opci\u00f3n de eliminar, ver\u00e1 que todas las filas seleccionadas se han eliminado correctamente de la hoja de trabajo.<\/li>\n<\/ol>\n<h2 class=\"wp-block-heading\"> Eliminar varias l\u00edneas no continuas<\/h2>\n<p> Eliminar varias filas no adyacentes de la hoja es algo f\u00e1cil y emocionante de hacer. A continuaci\u00f3n se detallan los pasos para esto: <\/p>\n<div class=\"wp-block-image\">\n<figure class=\"aligncenter size-full is-resized\"><img loading=\"lazy\" decoding=\"async\" class=\"wp-image-70195\" src=\"https:\/\/exceladvisor.org\/wp-content\/uploads\/2023\/08\/supprimer-plusieurs-lignes-non-continues.gif\" sizes=\"auto, \" srcset=\"\" alt=\"eliminar-m\u00faltiples-l\u00edneas-no-continuas\" width=\"445\" height=\"397\"><\/figure>\n<\/div>\n<ol>\n<li> Inicialmente, seleccione todas estas l\u00edneas no adyacentes una por una presionando y manteniendo presionada la tecla Ctrl.<\/li>\n<li> Despu\u00e9s de eso, mueva el cursor al encabezado de una de estas l\u00edneas.<\/li>\n<li> Ahora haga clic derecho sobre \u00e9l y haga clic en la opci\u00f3n <strong>Eliminar<\/strong> .<\/li>\n<li> En el momento en que haces clic en eliminar; eliminar\u00e1 todas las l\u00edneas no continuas seleccionadas.<\/li>\n<\/ol>\n<h2 class=\"wp-block-heading\"> Eliminar filas usando un comando de cinta<\/h2>\n<p> Otra forma de eliminar filas de la hoja de trabajo tambi\u00e9n es muy r\u00e1pida y emocionante. Ahora aqu\u00ed est\u00e1n los pasos para eso. <\/p>\n<div class=\"wp-block-image\">\n<figure class=\"aligncenter size-full is-resized\"><img loading=\"lazy\" decoding=\"async\" class=\"wp-image-70196\" src=\"https:\/\/exceladvisor.org\/wp-content\/uploads\/2023\/08\/supprimer-des-lignes-a-laide-du-ruban.gif\" sizes=\"auto, \" srcset=\"\" alt=\"eliminar l\u00edneas usando la cinta\" width=\"800\" height=\"361\"><\/figure>\n<\/div>\n<ol>\n<li> Para eliminar la fila en Excel, primero seleccione (las filas m\u00faltiples) que desea eliminar.<\/li>\n<li> Ahora, en la pesta\u00f1a Inicio de la cinta, haga clic en las celdas y luego haga clic en Eliminar.<\/li>\n<li> Despu\u00e9s de eso, seleccione la opci\u00f3n <strong>Eliminar filas de hoja<\/strong> de la lista desplegable.<\/li>\n<li> Una vez que haga clic en \u00e9l, ver\u00e1 que todas las filas seleccionadas se eliminan de la hoja.<\/li>\n<\/ol>\n<p> Tambi\u00e9n puede utilizar el m\u00e9todo abreviado de teclado Ctrl+ (-) para eliminar l\u00edneas r\u00e1pidamente.<\/p>\n<h2 class=\"wp-block-heading\"> Conclusi\u00f3n<\/h2>\n<p> Aqu\u00ed est\u00e1 la lista de formas de incluir un acceso directo para eliminar las filas que no desea en su hoja de c\u00e1lculo. Adem\u00e1s, tambi\u00e9n te ayuda a ahorrar tiempo y hacer las cosas mejor.<\/p>\n<p> Ahora dime una cosa. \u00ab\u00bfQu\u00e9 m\u00e9todo prefieres?\u00bb \u00bb Env\u00edeme un correo electr\u00f3nico en la secci\u00f3n de comentarios a continuaci\u00f3n. Me encantar\u00eda saber de usted.<\/p>\n<div class=\"gb-container gb-container-4db6181c gb-container-mt\"> <a class=\"gb-button gb-button-c5897111 gb-button-text gb-button-mt-button\" href=\"https:\/\/exceladvisor.org\/es\/conceptos-basicos-de-excel\/\">Conceptos b\u00e1sicos de Microsoft Excel (componentes, piezas y notas de conocimiento)<\/a><\/p>\n<h2 class=\"gb-headline gb-headline-665e5f6b gb-headline-text gb-headline-mt-heading\"> Tutoriales relacionados <\/h2>\n<div class=\"gb-grid-wrapper gb-grid-wrapper-a20baf7c gb-grid-wrapper-mt-grid\">\n<div class=\"gb-grid-column gb-grid-column-65ddf67e\">\n<div class=\"gb-container gb-container-65ddf67e\">\n<ul>\n<li> <a href=\"https:\/\/exceladvisor.org\/es\/agregar-eliminar-hipervinculos\/\">Agregar y eliminar hiperv\u00ednculos en Excel<\/a><\/li>\n<li> <a href=\"https:\/\/exceladvisor.org\/es\/agregar-marca-de-agua\/\">Agregar una marca de agua en Excel<\/a><\/li>\n<li> <a href=\"https:\/\/exceladvisor.org\/es\/eliminar-columnas-de-filas-ocultas\/\">Eliminar filas ocultas en Excel<\/a><\/li>\n<li> <a href=\"https:\/\/exceladvisor.org\/es\/deseleccionar-celdas\/\">Deseleccionar celdas en Excel<\/a><\/li>\n<li> <a href=\"https:\/\/exceladvisor.org\/es\/agregar-una-columna\/\">Agregar una columna en Excel<\/a> <\/li>\n<\/ul>\n<\/div>\n<\/div>\n<div class=\"gb-grid-column gb-grid-column-50067b57\">\n<div class=\"gb-container gb-container-50067b57\">\n<ul>\n<li> <a href=\"https:\/\/exceladvisor.org\/es\/copiar-columna\/\">Copiar y pegar una columna en Excel<\/a><\/li>\n<li> <a href=\"https:\/\/exceladvisor.org\/es\/mover-fila-columna\/\">Mover una fila y columna en Excel<\/a><\/li>\n<li> <a href=\"https:\/\/exceladvisor.org\/es\/ancho-de-columna\/\">C\u00f3mo cambiar el ancho de las columnas en Excel<\/a><\/li>\n<li> <a href=\"https:\/\/exceladvisor.org\/es\/intercambiar-la-celda\/\">Intercambie r\u00e1pidamente dos celdas en Excel<\/a><\/li>\n<li> <a href=\"https:\/\/exceladvisor.org\/es\/columna-2\/\">\u00bfQu\u00e9 es una columna en Excel?<\/a><\/li>\n<\/ul>\n<\/div>\n<\/div>\n<\/div>\n<\/div>\n","protected":false},"excerpt":{"rendered":"<p>Cuando trabajas en Excel, puede suceder que necesites eliminar una o varias filas de tu hoja de c\u00e1lculo. En este tutorial, repasaremos los diferentes m\u00e9todos para esto. Entendamos cada m\u00e9todo uno por uno. Pasos para eliminar una sola fila Primero, coloque el cursor en el encabezado de la fila que desea eliminar de la hoja [&hellip;]<\/p>\n","protected":false},"author":1,"featured_media":0,"parent":0,"menu_order":0,"comment_status":"open","ping_status":"closed","template":"","meta":{"ub_ctt_via":"","footnotes":""},"class_list":["post-169","page","type-page","status-publish","hentry"],"featured_image_src":null,"yoast_head":"<!-- This site is optimized with the Yoast SEO plugin v25.4 - https:\/\/yoast.com\/wordpress\/plugins\/seo\/ -->\n<title>\u00bfc\u00f3mo eliminar una sola fila o varias filas en excel?<\/title>\n<meta name=\"robots\" content=\"index, follow, max-snippet:-1, max-image-preview:large, max-video-preview:-1\" \/>\n<link rel=\"canonical\" href=\"https:\/\/exceladvisor.org\/es\/eliminar-lineas\/\" \/>\n<meta property=\"og:locale\" content=\"es_ES\" \/>\n<meta property=\"og:type\" content=\"article\" \/>\n<meta property=\"og:title\" content=\"\u00bfc\u00f3mo eliminar una sola fila o varias filas en excel?\" \/>\n<meta property=\"og:description\" content=\"Cuando trabajas en Excel, puede suceder que necesites eliminar una o varias filas de tu hoja de c\u00e1lculo. En este tutorial, repasaremos los diferentes m\u00e9todos para esto. Entendamos cada m\u00e9todo uno por uno. Pasos para eliminar una sola fila Primero, coloque el cursor en el encabezado de la fila que desea eliminar de la hoja [&hellip;]\" \/>\n<meta property=\"og:url\" content=\"https:\/\/exceladvisor.org\/es\/eliminar-lineas\/\" \/>\n<meta property=\"og:site_name\" content=\"Excel Advisor\" \/>\n<meta property=\"article:modified_time\" content=\"2023-12-25T10:25:06+00:00\" \/>\n<meta property=\"og:image\" content=\"https:\/\/exceladvisor.org\/wp-content\/uploads\/2023\/08\/supprimer-une-seule-ligne.gif\" \/>\n<meta name=\"twitter:card\" content=\"summary_large_image\" \/>\n<meta name=\"twitter:label1\" content=\"Tiempo de lectura\" \/>\n\t<meta name=\"twitter:data1\" content=\"3 minutos\" \/>\n<script type=\"application\/ld+json\" class=\"yoast-schema-graph\">{\"@context\":\"https:\/\/schema.org\",\"@graph\":[{\"@type\":\"WebPage\",\"@id\":\"https:\/\/exceladvisor.org\/es\/eliminar-lineas\/\",\"url\":\"https:\/\/exceladvisor.org\/es\/eliminar-lineas\/\",\"name\":\"\u00bfc\u00f3mo eliminar una sola fila o varias filas en excel?\",\"isPartOf\":{\"@id\":\"https:\/\/exceladvisor.org\/es\/#website\"},\"primaryImageOfPage\":{\"@id\":\"https:\/\/exceladvisor.org\/es\/eliminar-lineas\/#primaryimage\"},\"image\":{\"@id\":\"https:\/\/exceladvisor.org\/es\/eliminar-lineas\/#primaryimage\"},\"thumbnailUrl\":\"https:\/\/exceladvisor.org\/wp-content\/uploads\/2023\/08\/supprimer-une-seule-ligne.gif\",\"datePublished\":\"2023-11-14T12:32:07+00:00\",\"dateModified\":\"2023-12-25T10:25:06+00:00\",\"breadcrumb\":{\"@id\":\"https:\/\/exceladvisor.org\/es\/eliminar-lineas\/#breadcrumb\"},\"inLanguage\":\"es\",\"potentialAction\":[{\"@type\":\"ReadAction\",\"target\":[\"https:\/\/exceladvisor.org\/es\/eliminar-lineas\/\"]}]},{\"@type\":\"ImageObject\",\"inLanguage\":\"es\",\"@id\":\"https:\/\/exceladvisor.org\/es\/eliminar-lineas\/#primaryimage\",\"url\":\"https:\/\/exceladvisor.org\/wp-content\/uploads\/2023\/08\/supprimer-une-seule-ligne.gif\",\"contentUrl\":\"https:\/\/exceladvisor.org\/wp-content\/uploads\/2023\/08\/supprimer-une-seule-ligne.gif\"},{\"@type\":\"BreadcrumbList\",\"@id\":\"https:\/\/exceladvisor.org\/es\/eliminar-lineas\/#breadcrumb\",\"itemListElement\":[{\"@type\":\"ListItem\",\"position\":1,\"name\":\"Hogar\",\"item\":\"https:\/\/exceladvisor.org\/es\/\"},{\"@type\":\"ListItem\",\"position\":2,\"name\":\"\u00bfc\u00f3mo eliminar una sola fila o varias filas en excel?\"}]},{\"@type\":\"WebSite\",\"@id\":\"https:\/\/exceladvisor.org\/es\/#website\",\"url\":\"https:\/\/exceladvisor.org\/es\/\",\"name\":\"Excel Advisor\",\"description\":\"Su gu\u00eda para la dominaci\u00f3n de datos!\",\"publisher\":{\"@id\":\"https:\/\/exceladvisor.org\/es\/#organization\"},\"potentialAction\":[{\"@type\":\"SearchAction\",\"target\":{\"@type\":\"EntryPoint\",\"urlTemplate\":\"https:\/\/exceladvisor.org\/es\/?s={search_term_string}\"},\"query-input\":{\"@type\":\"PropertyValueSpecification\",\"valueRequired\":true,\"valueName\":\"search_term_string\"}}],\"inLanguage\":\"es\"},{\"@type\":\"Organization\",\"@id\":\"https:\/\/exceladvisor.org\/es\/#organization\",\"name\":\"Excel Advisor\",\"url\":\"https:\/\/exceladvisor.org\/es\/\",\"logo\":{\"@type\":\"ImageObject\",\"inLanguage\":\"es\",\"@id\":\"https:\/\/exceladvisor.org\/es\/#\/schema\/logo\/image\/\",\"url\":\"https:\/\/exceladvisor.org\/es\/wp-content\/uploads\/2023\/12\/exceladvisor.org_.png\",\"contentUrl\":\"https:\/\/exceladvisor.org\/es\/wp-content\/uploads\/2023\/12\/exceladvisor.org_.png\",\"width\":105,\"height\":36,\"caption\":\"Excel Advisor\"},\"image\":{\"@id\":\"https:\/\/exceladvisor.org\/es\/#\/schema\/logo\/image\/\"}}]}<\/script>\n<!-- \/ Yoast SEO plugin. -->","yoast_head_json":{"title":"\u00bfc\u00f3mo eliminar una sola fila o varias filas en excel?","robots":{"index":"index","follow":"follow","max-snippet":"max-snippet:-1","max-image-preview":"max-image-preview:large","max-video-preview":"max-video-preview:-1"},"canonical":"https:\/\/exceladvisor.org\/es\/eliminar-lineas\/","og_locale":"es_ES","og_type":"article","og_title":"\u00bfc\u00f3mo eliminar una sola fila o varias filas en excel?","og_description":"Cuando trabajas en Excel, puede suceder que necesites eliminar una o varias filas de tu hoja de c\u00e1lculo. En este tutorial, repasaremos los diferentes m\u00e9todos para esto. Entendamos cada m\u00e9todo uno por uno. Pasos para eliminar una sola fila Primero, coloque el cursor en el encabezado de la fila que desea eliminar de la hoja [&hellip;]","og_url":"https:\/\/exceladvisor.org\/es\/eliminar-lineas\/","og_site_name":"Excel Advisor","article_modified_time":"2023-12-25T10:25:06+00:00","og_image":[{"url":"https:\/\/exceladvisor.org\/wp-content\/uploads\/2023\/08\/supprimer-une-seule-ligne.gif","type":"","width":"","height":""}],"twitter_card":"summary_large_image","twitter_misc":{"Tiempo de lectura":"3 minutos"},"schema":{"@context":"https:\/\/schema.org","@graph":[{"@type":"WebPage","@id":"https:\/\/exceladvisor.org\/es\/eliminar-lineas\/","url":"https:\/\/exceladvisor.org\/es\/eliminar-lineas\/","name":"\u00bfc\u00f3mo eliminar una sola fila o varias filas en excel?","isPartOf":{"@id":"https:\/\/exceladvisor.org\/es\/#website"},"primaryImageOfPage":{"@id":"https:\/\/exceladvisor.org\/es\/eliminar-lineas\/#primaryimage"},"image":{"@id":"https:\/\/exceladvisor.org\/es\/eliminar-lineas\/#primaryimage"},"thumbnailUrl":"https:\/\/exceladvisor.org\/wp-content\/uploads\/2023\/08\/supprimer-une-seule-ligne.gif","datePublished":"2023-11-14T12:32:07+00:00","dateModified":"2023-12-25T10:25:06+00:00","breadcrumb":{"@id":"https:\/\/exceladvisor.org\/es\/eliminar-lineas\/#breadcrumb"},"inLanguage":"es","potentialAction":[{"@type":"ReadAction","target":["https:\/\/exceladvisor.org\/es\/eliminar-lineas\/"]}]},{"@type":"ImageObject","inLanguage":"es","@id":"https:\/\/exceladvisor.org\/es\/eliminar-lineas\/#primaryimage","url":"https:\/\/exceladvisor.org\/wp-content\/uploads\/2023\/08\/supprimer-une-seule-ligne.gif","contentUrl":"https:\/\/exceladvisor.org\/wp-content\/uploads\/2023\/08\/supprimer-une-seule-ligne.gif"},{"@type":"BreadcrumbList","@id":"https:\/\/exceladvisor.org\/es\/eliminar-lineas\/#breadcrumb","itemListElement":[{"@type":"ListItem","position":1,"name":"Hogar","item":"https:\/\/exceladvisor.org\/es\/"},{"@type":"ListItem","position":2,"name":"\u00bfc\u00f3mo eliminar una sola fila o varias filas en excel?"}]},{"@type":"WebSite","@id":"https:\/\/exceladvisor.org\/es\/#website","url":"https:\/\/exceladvisor.org\/es\/","name":"Excel Advisor","description":"Su gu\u00eda para la dominaci\u00f3n de datos!","publisher":{"@id":"https:\/\/exceladvisor.org\/es\/#organization"},"potentialAction":[{"@type":"SearchAction","target":{"@type":"EntryPoint","urlTemplate":"https:\/\/exceladvisor.org\/es\/?s={search_term_string}"},"query-input":{"@type":"PropertyValueSpecification","valueRequired":true,"valueName":"search_term_string"}}],"inLanguage":"es"},{"@type":"Organization","@id":"https:\/\/exceladvisor.org\/es\/#organization","name":"Excel Advisor","url":"https:\/\/exceladvisor.org\/es\/","logo":{"@type":"ImageObject","inLanguage":"es","@id":"https:\/\/exceladvisor.org\/es\/#\/schema\/logo\/image\/","url":"https:\/\/exceladvisor.org\/es\/wp-content\/uploads\/2023\/12\/exceladvisor.org_.png","contentUrl":"https:\/\/exceladvisor.org\/es\/wp-content\/uploads\/2023\/12\/exceladvisor.org_.png","width":105,"height":36,"caption":"Excel Advisor"},"image":{"@id":"https:\/\/exceladvisor.org\/es\/#\/schema\/logo\/image\/"}}]}},"yoast_meta":{"yoast_wpseo_title":"","yoast_wpseo_metadesc":"","yoast_wpseo_canonical":""},"_links":{"self":[{"href":"https:\/\/exceladvisor.org\/es\/wp-json\/wp\/v2\/pages\/169","targetHints":{"allow":["GET"]}}],"collection":[{"href":"https:\/\/exceladvisor.org\/es\/wp-json\/wp\/v2\/pages"}],"about":[{"href":"https:\/\/exceladvisor.org\/es\/wp-json\/wp\/v2\/types\/page"}],"author":[{"embeddable":true,"href":"https:\/\/exceladvisor.org\/es\/wp-json\/wp\/v2\/users\/1"}],"replies":[{"embeddable":true,"href":"https:\/\/exceladvisor.org\/es\/wp-json\/wp\/v2\/comments?post=169"}],"version-history":[{"count":1,"href":"https:\/\/exceladvisor.org\/es\/wp-json\/wp\/v2\/pages\/169\/revisions"}],"predecessor-version":[{"id":1004,"href":"https:\/\/exceladvisor.org\/es\/wp-json\/wp\/v2\/pages\/169\/revisions\/1004"}],"wp:attachment":[{"href":"https:\/\/exceladvisor.org\/es\/wp-json\/wp\/v2\/media?parent=169"}],"curies":[{"name":"wp","href":"https:\/\/api.w.org\/{rel}","templated":true}]}}