{"id":171,"date":"2023-11-14T10:17:28","date_gmt":"2023-11-14T10:17:28","guid":{"rendered":"https:\/\/exceladvisor.org\/es\/estilo-celular\/"},"modified":"2023-12-25T10:33:00","modified_gmt":"2023-12-25T10:33:00","slug":"estilo-celular","status":"publish","type":"page","link":"https:\/\/exceladvisor.org\/es\/estilo-celular\/","title":{"rendered":"Estilo de celda de excel: t\u00edtulo, c\u00e1lculo, total y encabezados"},"content":{"rendered":"<div class=\"excel-antes-del-contenido\" id=\"excel-3604271784\"><script type=\"text\/javascript\">\r\n\tatOptions = {\r\n\t\t'key' : 'c1158f160081d6540a8409e6925dab94',\r\n\t\t'format' : 'iframe',\r\n\t\t'height' : 250,\r\n\t\t'width' : 300,\r\n\t\t'params' : {}\r\n\t};\r\n<\/script>\r\n<script type=\"text\/javascript\" src=\"\/\/www.highperformanceformat.com\/c1158f160081d6540a8409e6925dab94\/invoke.js\"><\/script><\/div><p>En Excel, cuando se trabaja con datos, a veces es importante aplicar un estilo de formato espec\u00edfico a una celda o rango de celdas. La cuesti\u00f3n es que se necesita esfuerzo para crear un estilo de formato para datos espec\u00edficos.<\/p>\n<p> Pero la buena noticia es que en Excel, existen estilos predefinidos que puedes usar para aplicarlos a diferentes celdas. <\/p>\n<div class=\"wp-block-image\">\n<figure class=\"aligncenter size-full is-resized\"><img loading=\"lazy\" decoding=\"async\" class=\"wp-image-72345\" src=\"https:\/\/exceladvisor.org\/wp-content\/uploads\/2023\/08\/1-styles-Excel-predefinis.png\" sizes=\"auto, \" srcset=\"\" alt=\"Estilos predefinidos de Excel\" width=\"585\" height=\"458\"><\/figure>\n<\/div>\n<p> Aplicar cualquiera de estos estilos es sencillo y f\u00e1cil. Todo lo que necesita hacer es seleccionar la celda a la que desea aplicar estilo y luego aplicar el estilo desde el cuadro de di\u00e1logo de estilo de celda.<\/p>\n<p> En este tutorial, exploraremos estos estilos de celda e intentaremos usar algunos de los formatos m\u00e1s \u00fatiles (T\u00edtulo, C\u00e1lculo, Total y Encabezado).<\/p>\n<h2 class=\"wp-block-heading\"> C\u00e1lculo de estilo<\/h2>\n<p> Si trabaja con <a href=\"https:\/\/exceladvisor.org\/es\/formulas\/\">muchos c\u00e1lculos<\/a> en Excel, que es el uso principal de Excel en el mundo real, existe un estilo de celda espec\u00edfico que puede aplicar a la celda o a un rango de celdas con un c\u00e1lculo. <\/p>\n<div class=\"wp-block-image\">\n<figure class=\"aligncenter size-full is-resized\"><img loading=\"lazy\" decoding=\"async\" class=\"wp-image-72346\" src=\"https:\/\/exceladvisor.org\/wp-content\/uploads\/2023\/08\/2-styles-de-calcul.png\" sizes=\"auto, \" srcset=\"\" alt=\"estilo de c\u00e1lculo\" width=\"457\" height=\"293\"><\/figure>\n<\/div>\n<p> En el siguiente ejemplo, tiene una f\u00f3rmula de suma en la celda A15, y en esta celda hemos aplicado el estilo de c\u00e1lculo de estilos de celda de Excel. <\/p>\n<div class=\"wp-block-image\">\n<figure class=\"aligncenter size-full is-resized\"><img loading=\"lazy\" decoding=\"async\" class=\"wp-image-72347\" src=\"https:\/\/exceladvisor.org\/wp-content\/uploads\/2023\/08\/3-style-de-calcul-applique-a-une-cellule.png\" sizes=\"auto, \" srcset=\"\" alt=\"estilo-de-calculo-aplicado-a-una-celda\" width=\"384\" height=\"567\"><\/figure>\n<\/div>\n<p> Como puede ver, tiene un color de fuente naranja, gris claro como <a href=\"https:\/\/exceladvisor.org\/es\/color-de-celda\/\">color de celda<\/a> y un <a href=\"https:\/\/exceladvisor.org\/es\/aplicar-fronteras\/\">borde<\/a> claro alrededor de la celda. <\/p>\n<div class=\"wp-block-image\">\n<figure class=\"aligncenter size-full is-resized\"><img loading=\"lazy\" decoding=\"async\" class=\"wp-image-72348\" src=\"https:\/\/exceladvisor.org\/wp-content\/uploads\/2023\/08\/4-style-de-calcul-applique.png\" sizes=\"auto, \" srcset=\"\" alt=\"estilo de c\u00e1lculo aplicado\" width=\"388\" height=\"296\"><\/figure>\n<\/div>\n<p> Si intentas aplicar estos estilos manualmente, tendr\u00e1s que usar diferentes opciones, pero con Calculation Cell Style puedes hacerlo con solo un clic.<\/p>\n<h2 class=\"wp-block-heading\"> Estilo de t\u00edtulo<\/h2>\n<p> Si desea cambiar el valor de una celda como t\u00edtulo, puede aplicar el estilo del t\u00edtulo desde los estilos de celda. <\/p>\n<div class=\"wp-block-image\">\n<figure class=\"aligncenter size-full is-resized\"><img loading=\"lazy\" decoding=\"async\" class=\"wp-image-72349\" src=\"https:\/\/exceladvisor.org\/wp-content\/uploads\/2023\/08\/style-5-titres.png\" sizes=\"auto, \" srcset=\"\" alt=\"estilo del t\u00edtulo\" width=\"539\" height=\"356\"><\/figure>\n<\/div>\n<p> Con el estilo del t\u00edtulo, obtienes un estilo de fuente delgado y un tama\u00f1o de fuente de 18.<\/p>\n<h2 class=\"wp-block-heading\"> Secciones<\/h2>\n<p> Y tambi\u00e9n tiene estilos de encabezado (1-4) para usar en los datos de la celda. <\/p>\n<div class=\"wp-block-image\">\n<figure class=\"aligncenter size-full is-resized\"><img loading=\"lazy\" decoding=\"async\" class=\"wp-image-72350\" src=\"https:\/\/exceladvisor.org\/wp-content\/uploads\/2023\/08\/6-styles-de-titre.png\" sizes=\"auto, \" srcset=\"\" alt=\"estilos de encabezado\" width=\"584\" height=\"306\"><\/figure>\n<\/div>\n<p> En los estilos de t\u00edtulo, obtienes un estilo de fuente en negrita y un <a href=\"https:\/\/exceladvisor.org\/es\/borde\/\">borde en la parte inferior<\/a> de la celda.<\/p>\n<h2 class=\"wp-block-heading\"> Total<\/h2>\n<p> Tambi\u00e9n tiene un estilo de celda total que puede resultar \u00fatil si trabaja con <a href=\"https:\/\/exceladvisor.org\/es\/formato-del-numero-de-contabilidad\/\">datos contables<\/a> . <\/p>\n<div class=\"wp-block-image\">\n<figure class=\"aligncenter size-full is-resized\"><img loading=\"lazy\" decoding=\"async\" class=\"wp-image-72351\" src=\"https:\/\/exceladvisor.org\/wp-content\/uploads\/2023\/08\/7-styles-au-total.png\" sizes=\"auto, \" srcset=\"\" alt=\"estilo total\" width=\"593\" height=\"327\"><\/figure>\n<\/div>\n<h2 class=\"wp-block-heading\"> Creando un nuevo estilo<\/h2>\n<p> Adem\u00e1s de los estilos que tienes, puedes crear un estilo nuevo para ti. En la parte inferior del cuadro de di\u00e1logo, haga clic en \u00abNuevo estilo de celda\u00bb y esto abrir\u00e1 el cuadro de di\u00e1logo de estilo. <\/p>\n<div class=\"wp-block-image\">\n<figure class=\"aligncenter size-full is-resized\"><img loading=\"lazy\" decoding=\"async\" class=\"wp-image-72352\" src=\"https:\/\/exceladvisor.org\/wp-content\/uploads\/2023\/08\/8-creer-un-nouveau-style.png\" sizes=\"auto, \" srcset=\"\" alt=\"crear un nuevo estilo\" width=\"700\" height=\"410\"><\/figure>\n<\/div>\n<p> Desde aqu\u00ed, tienes seis opciones de formato diferentes que puedes incluir en tu estilo de celda. <\/p>\n<div class=\"wp-block-image\">\n<figure class=\"aligncenter size-full is-resized\"><img loading=\"lazy\" decoding=\"async\" class=\"wp-image-72353\" src=\"https:\/\/exceladvisor.org\/wp-content\/uploads\/2023\/08\/9-six-options-de-formatage-differentes.png\" sizes=\"auto, \" srcset=\"\" alt=\"seis opciones de formato diferentes\" width=\"315\" height=\"393\"><\/figure>\n<\/div>\n<p> Pero si desea aplicar un formato preciso, haga clic en el bot\u00f3n de formato para abrir el cuadro de di\u00e1logo de opciones de formato. <\/p>\n<div class=\"wp-block-image\">\n<figure class=\"aligncenter size-full is-resized\"><img loading=\"lazy\" decoding=\"async\" class=\"wp-image-72354\" src=\"https:\/\/exceladvisor.org\/wp-content\/uploads\/2023\/08\/Boite-de-dialogue-10-options-de-format.png\" sizes=\"auto, \" srcset=\"\" alt=\"cuadro de di\u00e1logo de opci\u00f3n de formato\" width=\"827\" height=\"517\"><\/figure>\n<\/div>\n<p> Al final, ingrese un nombre para su estilo y haga clic en Aceptar para guardar. <\/p>\n<div class=\"wp-block-image\">\n<figure class=\"aligncenter size-full is-resized\"><img loading=\"lazy\" decoding=\"async\" class=\"wp-image-72355\" src=\"https:\/\/exceladvisor.org\/wp-content\/uploads\/2023\/08\/11-entrez-le-nom-de-votre-style.png\" sizes=\"auto, \" srcset=\"\" alt=\"ingresa el nombre de tu estilo\" width=\"319\" height=\"277\"><\/figure>\n<\/div>\n<h2 class=\"wp-block-heading\"> Editar un estilo de celda<\/h2>\n<p> Tambi\u00e9n tiene la opci\u00f3n de editar uno de los estilos de celda editables y realizar cambios en \u00e9l. Puede ser un estilo personalizado que haya creado o uno de los estilos predefinidos. Todo lo que tienes que hacer es hacer clic derecho en el estilo y hacer clic en \u00abEditar\u00bb. <\/p>\n<div class=\"wp-block-image\">\n<figure class=\"aligncenter size-full is-resized\"><img loading=\"lazy\" decoding=\"async\" class=\"wp-image-72356\" src=\"https:\/\/exceladvisor.org\/wp-content\/uploads\/2023\/08\/12-modifier-un-style-de-cellule.png\" sizes=\"auto, \" srcset=\"\" alt=\"cambiar el estilo de una celda\" width=\"408\" height=\"249\"><\/figure>\n<\/div>\n<p> Esto abrir\u00e1 el cuadro de di\u00e1logo desde donde podr\u00e1 realizar cambios en el estilo y guardarlo.<\/p>\n<div class=\"gb-container gb-container-4db6181c gb-container-mt\"> <a class=\"gb-button gb-button-c5897111 gb-button-text gb-button-mt-button\" href=\"https:\/\/exceladvisor.org\/es\/conceptos-basicos-de-excel\/\">Conceptos b\u00e1sicos de Microsoft Excel (componentes, piezas y notas de conocimiento)<\/a><\/p>\n<h2 class=\"gb-headline gb-headline-665e5f6b gb-headline-text gb-headline-mt-heading\"> Tutoriales relacionados <\/h2>\n<div class=\"gb-grid-wrapper gb-grid-wrapper-a20baf7c gb-grid-wrapper-mt-grid\">\n<div class=\"gb-grid-column gb-grid-column-65ddf67e\">\n<div class=\"gb-container gb-container-65ddf67e\">\n<ul>\n<li> <a href=\"https:\/\/exceladvisor.org\/es\/agregar-un-numero-de-pagina\/\">Agregar un n\u00famero de p\u00e1gina en Excel<\/a><\/li>\n<li> <a href=\"https:\/\/exceladvisor.org\/es\/aplicar-estilo-de-coma\/\">Aplicar estilo coma en Excel<\/a><\/li>\n<li> <a href=\"https:\/\/exceladvisor.org\/es\/vara\/\">Aplicar tachado en Excel<\/a><\/li>\n<li> <a href=\"https:\/\/exceladvisor.org\/es\/resaltar-celdas-vacias\/\">Resaltar celdas vac\u00edas en Excel<\/a> <\/li>\n<\/ul>\n<\/div>\n<\/div>\n<div class=\"gb-grid-column gb-grid-column-50067b57\">\n<div class=\"gb-container gb-container-50067b57\"><\/div>\n<\/div>\n<\/div>\n<\/div>\n","protected":false},"excerpt":{"rendered":"<p>En Excel, cuando se trabaja con datos, a veces es importante aplicar un estilo de formato espec\u00edfico a una celda o rango de celdas. La cuesti\u00f3n es que se necesita esfuerzo para crear un estilo de formato para datos espec\u00edficos. Pero la buena noticia es que en Excel, existen estilos predefinidos que puedes usar para [&hellip;]<\/p>\n","protected":false},"author":1,"featured_media":0,"parent":0,"menu_order":0,"comment_status":"open","ping_status":"closed","template":"","meta":{"ub_ctt_via":"","footnotes":""},"class_list":["post-171","page","type-page","status-publish","hentry"],"featured_image_src":null,"yoast_head":"<!-- This site is optimized with the Yoast SEO plugin v25.4 - https:\/\/yoast.com\/wordpress\/plugins\/seo\/ -->\n<title>Estilo de celda de excel: t\u00edtulo, c\u00e1lculo, total y encabezados<\/title>\n<meta name=\"robots\" content=\"index, follow, max-snippet:-1, max-image-preview:large, max-video-preview:-1\" \/>\n<link rel=\"canonical\" href=\"https:\/\/exceladvisor.org\/es\/estilo-celular\/\" \/>\n<meta property=\"og:locale\" content=\"es_ES\" \/>\n<meta property=\"og:type\" content=\"article\" \/>\n<meta property=\"og:title\" content=\"Estilo de celda de excel: t\u00edtulo, c\u00e1lculo, total y encabezados\" \/>\n<meta property=\"og:description\" content=\"En Excel, cuando se trabaja con datos, a veces es importante aplicar un estilo de formato espec\u00edfico a una celda o rango de celdas. La cuesti\u00f3n es que se necesita esfuerzo para crear un estilo de formato para datos espec\u00edficos. Pero la buena noticia es que en Excel, existen estilos predefinidos que puedes usar para [&hellip;]\" \/>\n<meta property=\"og:url\" content=\"https:\/\/exceladvisor.org\/es\/estilo-celular\/\" \/>\n<meta property=\"og:site_name\" content=\"Excel Advisor\" \/>\n<meta property=\"article:modified_time\" content=\"2023-12-25T10:33:00+00:00\" \/>\n<meta property=\"og:image\" content=\"https:\/\/exceladvisor.org\/wp-content\/uploads\/2023\/08\/1-styles-Excel-predefinis.png\" \/>\n<meta name=\"twitter:card\" content=\"summary_large_image\" \/>\n<meta name=\"twitter:label1\" content=\"Tiempo de lectura\" \/>\n\t<meta name=\"twitter:data1\" content=\"3 minutos\" \/>\n<script type=\"application\/ld+json\" class=\"yoast-schema-graph\">{\"@context\":\"https:\/\/schema.org\",\"@graph\":[{\"@type\":\"WebPage\",\"@id\":\"https:\/\/exceladvisor.org\/es\/estilo-celular\/\",\"url\":\"https:\/\/exceladvisor.org\/es\/estilo-celular\/\",\"name\":\"Estilo de celda de excel: t\u00edtulo, c\u00e1lculo, total y encabezados\",\"isPartOf\":{\"@id\":\"https:\/\/exceladvisor.org\/es\/#website\"},\"primaryImageOfPage\":{\"@id\":\"https:\/\/exceladvisor.org\/es\/estilo-celular\/#primaryimage\"},\"image\":{\"@id\":\"https:\/\/exceladvisor.org\/es\/estilo-celular\/#primaryimage\"},\"thumbnailUrl\":\"https:\/\/exceladvisor.org\/wp-content\/uploads\/2023\/08\/1-styles-Excel-predefinis.png\",\"datePublished\":\"2023-11-14T10:17:28+00:00\",\"dateModified\":\"2023-12-25T10:33:00+00:00\",\"breadcrumb\":{\"@id\":\"https:\/\/exceladvisor.org\/es\/estilo-celular\/#breadcrumb\"},\"inLanguage\":\"es\",\"potentialAction\":[{\"@type\":\"ReadAction\",\"target\":[\"https:\/\/exceladvisor.org\/es\/estilo-celular\/\"]}]},{\"@type\":\"ImageObject\",\"inLanguage\":\"es\",\"@id\":\"https:\/\/exceladvisor.org\/es\/estilo-celular\/#primaryimage\",\"url\":\"https:\/\/exceladvisor.org\/wp-content\/uploads\/2023\/08\/1-styles-Excel-predefinis.png\",\"contentUrl\":\"https:\/\/exceladvisor.org\/wp-content\/uploads\/2023\/08\/1-styles-Excel-predefinis.png\"},{\"@type\":\"BreadcrumbList\",\"@id\":\"https:\/\/exceladvisor.org\/es\/estilo-celular\/#breadcrumb\",\"itemListElement\":[{\"@type\":\"ListItem\",\"position\":1,\"name\":\"Hogar\",\"item\":\"https:\/\/exceladvisor.org\/es\/\"},{\"@type\":\"ListItem\",\"position\":2,\"name\":\"Estilo de celda de excel: t\u00edtulo, c\u00e1lculo, total y encabezados\"}]},{\"@type\":\"WebSite\",\"@id\":\"https:\/\/exceladvisor.org\/es\/#website\",\"url\":\"https:\/\/exceladvisor.org\/es\/\",\"name\":\"Excel Advisor\",\"description\":\"Su gu\u00eda para la dominaci\u00f3n de datos!\",\"publisher\":{\"@id\":\"https:\/\/exceladvisor.org\/es\/#organization\"},\"potentialAction\":[{\"@type\":\"SearchAction\",\"target\":{\"@type\":\"EntryPoint\",\"urlTemplate\":\"https:\/\/exceladvisor.org\/es\/?s={search_term_string}\"},\"query-input\":{\"@type\":\"PropertyValueSpecification\",\"valueRequired\":true,\"valueName\":\"search_term_string\"}}],\"inLanguage\":\"es\"},{\"@type\":\"Organization\",\"@id\":\"https:\/\/exceladvisor.org\/es\/#organization\",\"name\":\"Excel Advisor\",\"url\":\"https:\/\/exceladvisor.org\/es\/\",\"logo\":{\"@type\":\"ImageObject\",\"inLanguage\":\"es\",\"@id\":\"https:\/\/exceladvisor.org\/es\/#\/schema\/logo\/image\/\",\"url\":\"https:\/\/exceladvisor.org\/es\/wp-content\/uploads\/2023\/12\/exceladvisor.org_.png\",\"contentUrl\":\"https:\/\/exceladvisor.org\/es\/wp-content\/uploads\/2023\/12\/exceladvisor.org_.png\",\"width\":105,\"height\":36,\"caption\":\"Excel Advisor\"},\"image\":{\"@id\":\"https:\/\/exceladvisor.org\/es\/#\/schema\/logo\/image\/\"}}]}<\/script>\n<!-- \/ Yoast SEO plugin. -->","yoast_head_json":{"title":"Estilo de celda de excel: t\u00edtulo, c\u00e1lculo, total y encabezados","robots":{"index":"index","follow":"follow","max-snippet":"max-snippet:-1","max-image-preview":"max-image-preview:large","max-video-preview":"max-video-preview:-1"},"canonical":"https:\/\/exceladvisor.org\/es\/estilo-celular\/","og_locale":"es_ES","og_type":"article","og_title":"Estilo de celda de excel: t\u00edtulo, c\u00e1lculo, total y encabezados","og_description":"En Excel, cuando se trabaja con datos, a veces es importante aplicar un estilo de formato espec\u00edfico a una celda o rango de celdas. La cuesti\u00f3n es que se necesita esfuerzo para crear un estilo de formato para datos espec\u00edficos. Pero la buena noticia es que en Excel, existen estilos predefinidos que puedes usar para [&hellip;]","og_url":"https:\/\/exceladvisor.org\/es\/estilo-celular\/","og_site_name":"Excel Advisor","article_modified_time":"2023-12-25T10:33:00+00:00","og_image":[{"url":"https:\/\/exceladvisor.org\/wp-content\/uploads\/2023\/08\/1-styles-Excel-predefinis.png","type":"","width":"","height":""}],"twitter_card":"summary_large_image","twitter_misc":{"Tiempo de lectura":"3 minutos"},"schema":{"@context":"https:\/\/schema.org","@graph":[{"@type":"WebPage","@id":"https:\/\/exceladvisor.org\/es\/estilo-celular\/","url":"https:\/\/exceladvisor.org\/es\/estilo-celular\/","name":"Estilo de celda de excel: t\u00edtulo, c\u00e1lculo, total y encabezados","isPartOf":{"@id":"https:\/\/exceladvisor.org\/es\/#website"},"primaryImageOfPage":{"@id":"https:\/\/exceladvisor.org\/es\/estilo-celular\/#primaryimage"},"image":{"@id":"https:\/\/exceladvisor.org\/es\/estilo-celular\/#primaryimage"},"thumbnailUrl":"https:\/\/exceladvisor.org\/wp-content\/uploads\/2023\/08\/1-styles-Excel-predefinis.png","datePublished":"2023-11-14T10:17:28+00:00","dateModified":"2023-12-25T10:33:00+00:00","breadcrumb":{"@id":"https:\/\/exceladvisor.org\/es\/estilo-celular\/#breadcrumb"},"inLanguage":"es","potentialAction":[{"@type":"ReadAction","target":["https:\/\/exceladvisor.org\/es\/estilo-celular\/"]}]},{"@type":"ImageObject","inLanguage":"es","@id":"https:\/\/exceladvisor.org\/es\/estilo-celular\/#primaryimage","url":"https:\/\/exceladvisor.org\/wp-content\/uploads\/2023\/08\/1-styles-Excel-predefinis.png","contentUrl":"https:\/\/exceladvisor.org\/wp-content\/uploads\/2023\/08\/1-styles-Excel-predefinis.png"},{"@type":"BreadcrumbList","@id":"https:\/\/exceladvisor.org\/es\/estilo-celular\/#breadcrumb","itemListElement":[{"@type":"ListItem","position":1,"name":"Hogar","item":"https:\/\/exceladvisor.org\/es\/"},{"@type":"ListItem","position":2,"name":"Estilo de celda de excel: t\u00edtulo, c\u00e1lculo, total y encabezados"}]},{"@type":"WebSite","@id":"https:\/\/exceladvisor.org\/es\/#website","url":"https:\/\/exceladvisor.org\/es\/","name":"Excel Advisor","description":"Su gu\u00eda para la dominaci\u00f3n de datos!","publisher":{"@id":"https:\/\/exceladvisor.org\/es\/#organization"},"potentialAction":[{"@type":"SearchAction","target":{"@type":"EntryPoint","urlTemplate":"https:\/\/exceladvisor.org\/es\/?s={search_term_string}"},"query-input":{"@type":"PropertyValueSpecification","valueRequired":true,"valueName":"search_term_string"}}],"inLanguage":"es"},{"@type":"Organization","@id":"https:\/\/exceladvisor.org\/es\/#organization","name":"Excel Advisor","url":"https:\/\/exceladvisor.org\/es\/","logo":{"@type":"ImageObject","inLanguage":"es","@id":"https:\/\/exceladvisor.org\/es\/#\/schema\/logo\/image\/","url":"https:\/\/exceladvisor.org\/es\/wp-content\/uploads\/2023\/12\/exceladvisor.org_.png","contentUrl":"https:\/\/exceladvisor.org\/es\/wp-content\/uploads\/2023\/12\/exceladvisor.org_.png","width":105,"height":36,"caption":"Excel Advisor"},"image":{"@id":"https:\/\/exceladvisor.org\/es\/#\/schema\/logo\/image\/"}}]}},"yoast_meta":{"yoast_wpseo_title":"","yoast_wpseo_metadesc":"","yoast_wpseo_canonical":""},"_links":{"self":[{"href":"https:\/\/exceladvisor.org\/es\/wp-json\/wp\/v2\/pages\/171","targetHints":{"allow":["GET"]}}],"collection":[{"href":"https:\/\/exceladvisor.org\/es\/wp-json\/wp\/v2\/pages"}],"about":[{"href":"https:\/\/exceladvisor.org\/es\/wp-json\/wp\/v2\/types\/page"}],"author":[{"embeddable":true,"href":"https:\/\/exceladvisor.org\/es\/wp-json\/wp\/v2\/users\/1"}],"replies":[{"embeddable":true,"href":"https:\/\/exceladvisor.org\/es\/wp-json\/wp\/v2\/comments?post=171"}],"version-history":[{"count":1,"href":"https:\/\/exceladvisor.org\/es\/wp-json\/wp\/v2\/pages\/171\/revisions"}],"predecessor-version":[{"id":1451,"href":"https:\/\/exceladvisor.org\/es\/wp-json\/wp\/v2\/pages\/171\/revisions\/1451"}],"wp:attachment":[{"href":"https:\/\/exceladvisor.org\/es\/wp-json\/wp\/v2\/media?parent=171"}],"curies":[{"name":"wp","href":"https:\/\/api.w.org\/{rel}","templated":true}]}}