{"id":172,"date":"2023-11-14T02:04:06","date_gmt":"2023-11-14T02:04:06","guid":{"rendered":"https:\/\/exceladvisor.org\/es\/resaltar-celdas-vacias\/"},"modified":"2023-12-25T10:32:42","modified_gmt":"2023-12-25T10:32:42","slug":"resaltar-celdas-vacias","status":"publish","type":"page","link":"https:\/\/exceladvisor.org\/es\/resaltar-celdas-vacias\/","title":{"rendered":"C\u00f3mo resaltar celdas vac\u00edas en excel"},"content":{"rendered":"<div class=\"excel-antes-del-contenido\" id=\"excel-3748262361\"><script type=\"text\/javascript\">\r\n\tatOptions = {\r\n\t\t'key' : 'c1158f160081d6540a8409e6925dab94',\r\n\t\t'format' : 'iframe',\r\n\t\t'height' : 250,\r\n\t\t'width' : 300,\r\n\t\t'params' : {}\r\n\t};\r\n<\/script>\r\n<script type=\"text\/javascript\" src=\"\/\/www.highperformanceformat.com\/c1158f160081d6540a8409e6925dab94\/invoke.js\"><\/script><\/div><p>Es dif\u00edcil reconocer celdas en blanco en datos de gran tama\u00f1o porque una celda en blanco es solo una celda blanca sin ning\u00fan valor. En la mayor\u00eda de los casos, las celdas vac\u00edas representan alg\u00fan tipo de datos faltantes, o una f\u00f3rmula devuelve una cadena vac\u00eda que da como resultado una celda vac\u00eda.<\/p>\n<p> Y por eso se recomienda resaltar con color estas c\u00e9lulas para que podamos reconocerlas.<\/p>\n<p> Quiz\u00e1s se pregunte: \u00bfcu\u00e1l es el mejor m\u00e9todo para buscar y resaltar celdas vac\u00edas? Pero aqu\u00ed est\u00e1 el problema: depende de usted porque hay m\u00e1s de una forma de hacer esto y puede utilizar cualquiera de esas formas para realizar su trabajo. Todos estos m\u00e9todos son \u00fanicos.<\/p>\n<p> Entonces, hoy en este art\u00edculo, me gustar\u00eda compartir con ustedes 3 m\u00e9todos diferentes que pueden usar para resaltar celdas en blanco en Excel. Entonces empecemos.<\/p>\n<p> Aqu\u00ed tenemos la siguiente tabla donde tenemos celdas vac\u00edas. Puedes descargarlo <a href=\"https:\/\/exceladvisor.org\/wp-content\/uploads\/2023\/08\/mettre-en-surbrillance-les-cellules-vides-2.xlsx\" target=\"_blank\" rel=\"noreferrer noopener nofollow\">aqu\u00ed<\/a> para seguirlo. <\/p>\n<div class=\"wp-block-image\">\n<figure class=\"aligncenter\"><img decoding=\"async\" title=\"resaltar la tabla de datos de celdas vac\u00edas\" src=\"https:\/\/exceladvisor.org\/wp-content\/uploads\/2023\/08\/comment-mettre-en-surbrillance-des-cellules-vides-avec-un-tableau-de-donnees-de-mise-en-forme-conditionnelle-1.png\" sizes=\"\" srcset=\"\" alt=\"highlight blank cells data table\"><\/figure>\n<\/div>\n<h2 class=\"wp-block-heading\"> Resalte celdas vac\u00edas con GoTo Special<\/h2>\n<p> <span style=\"font-size: 1em;\">Si desea aplicar un color a todas las celdas vac\u00edas de un rango, acceder a una<\/span> opci\u00f3n especial puede ser una <span style=\"font-size: 1em;\">forma f\u00e1cil de usar. Este m\u00e9todo es simple:<\/span> seleccione todas las celdas vac\u00edas y <a href=\"https:\/\/exceladvisor.org\/es\/color-de-celda\/\">aplique <span style=\"font-size: 1em;\">un color de celda<\/span><\/a> <span style=\"font-size: 1em;\">. Si eso es.<\/span> A continuaci\u00f3n se detallan los pasos para resaltar todas las celdas vac\u00edas.<\/p>\n<ol>\n<li> Primero, seleccione todos sus datos. <br \/><img decoding=\"async\" title=\"c\u00f3mo-resaltar-celdas-en-blanco-con-formato-condicional-seleccionar-datos\" src=\"https:\/\/exceladvisor.org\/wp-content\/uploads\/2023\/08\/comment-mettre-en-surbrillance-des-cellules-vides-avec-une-mise-en-forme-conditionnelle-selectionner-des-donnees-1.png\" sizes=\"\" srcset=\"\" alt=\"how to highlight blank cells select data\"><\/li>\n<li> Vaya a la pesta\u00f1a Inicio \u27a4 Buscar y seleccionar \u27a4 Haga clic en \u00abIr a Especial\u00bb. <br \/><img decoding=\"async\" title=\"seleccionar-ir-para-resaltar-celdas-en-blanco-en-excel\" src=\"https:\/\/exceladvisor.org\/wp-content\/uploads\/2023\/08\/selectionnez-goto-pour-mettre-en-surbrillance-les-cellules-vides-dans-excel-1.png\" sizes=\"\" srcset=\"\" alt=\"select goto to highlight blank cells in excel\"><\/li>\n<li> En la ventana Ir a especial, seleccione \u00abVac\u00edo\u00bb y haga clic en Aceptar. (Seleccionar\u00e1 todas las celdas vac\u00edas de la tabla). <br \/><img decoding=\"async\" title=\"seleccionar-en-blanco-para-resaltar-celdas-en-blanco-en-Excel\" src=\"https:\/\/exceladvisor.org\/wp-content\/uploads\/2023\/08\/selectionnez-vide-pour-mettre-en-surbrillance-les-cellules-vides-dans-excel-1.png\" sizes=\"\" srcset=\"\" alt=\"select blank to highlight blank cells in excel\"><\/li>\n<li> Despu\u00e9s de eso, vaya a la pesta\u00f1a Inicio y aplique color para resaltar las celdas. <br \/><img decoding=\"async\" title=\"aplicar-color-para-resaltar-celdas-en-blanco-en-Excel\" src=\"https:\/\/exceladvisor.org\/wp-content\/uploads\/2023\/08\/appliquer-une-couleur-pour-mettre-en-surbrillance-les-cellules-vides-dans-Excel-1.png\" sizes=\"\" srcset=\"\" alt=\"apply color to highlight blank cells in excel\"><\/li>\n<\/ol>\n<p class=\"content-box-blue\"> Si desea utilizar un m\u00e9todo din\u00e1mico, aplique el m\u00e9todo condicional, consulte el siguiente m\u00e9todo.<\/p>\n<h2 id=\"tab-con-2\" class=\"wp-block-heading\"> Formato condicional para resaltar celdas vac\u00edas<\/h2>\n<ol>\n<li> Primero, seleccione la tabla de datos. <br \/><img decoding=\"async\" title=\"c\u00f3mo-resaltar-celdas-en-blanco-con-formato-condicional-seleccionar-datos\" src=\"https:\/\/exceladvisor.org\/wp-content\/uploads\/2023\/08\/comment-mettre-en-surbrillance-des-cellules-vides-avec-une-mise-en-forme-conditionnelle-selectionner-des-donnees-1.png\" sizes=\"\" srcset=\"\" alt=\"how to highlight blank cells select data\"><\/li>\n<li> Vaya a \u27a4 pesta\u00f1a Inicio \u27a4 Formato condicional. <br \/><img decoding=\"async\" title=\"c\u00f3mo-resaltar-celdas-en-blanco-con-formato-condicional-ir-a-la-pesta\u00f1a-inicio\" src=\"https:\/\/exceladvisor.org\/wp-content\/uploads\/2023\/08\/comment-mettre-en-surbrillance-les-cellules-vides-avec-la-mise-en-forme-conditionnelle-aller-a-longlet-daccueil-1.png\" sizes=\"\" srcset=\"\" alt=\"how to highlight blank cells goto home tab\"><\/li>\n<li> En las opciones de formato condicional, seleccione \u00abresaltar reglas de celda\u00bb y haga clic en \u00abm\u00e1s reglas\u00bb. <br \/><img decoding=\"async\" title=\"c\u00f3mo-resaltar-celdas-en-blanco-con-formato-condicional-seleccionar-m\u00e1s-reglas\" src=\"https:\/\/exceladvisor.org\/wp-content\/uploads\/2023\/08\/comment-mettre-en-surbrillance-des-cellules-vides-avec-une-mise-en-forme-conditionnelle-selectionner-plus-de-regles-1.png\" sizes=\"\" srcset=\"\" alt=\"how to highlight blank cells select more rules\"><\/li>\n<li> Ahora, en la descripci\u00f3n de la regla, seleccione \u00abVac\u00edo\u00bb en el men\u00fa desplegable. <br \/><img decoding=\"async\" title=\"c\u00f3mo-resaltar-celdas-en-blanco-con-formato-condicional-seleccionar-en-blanco-del-men\u00fa desplegable\" src=\"https:\/\/exceladvisor.org\/wp-content\/uploads\/2023\/08\/comment-mettre-en-surbrillance-des-cellules-vides-avec-une-mise-en-forme-conditionnelle-selectionner-vide-dans-la-liste-deroulante-1.png\" sizes=\"\" srcset=\"\" alt=\"how to highlight blank cells select blank from drop down\"><\/li>\n<li> Despu\u00e9s de eso, haga clic en el bot\u00f3n \u00abformatear\u00bb para abrir la opci\u00f3n de formato. <br \/><img decoding=\"async\" title=\"c\u00f3mo-resaltar-celdas-en-blanco-con-formato-condicional-haga-clic-en-el-bot\u00f3n-de-formato\" src=\"https:\/\/exceladvisor.org\/wp-content\/uploads\/2023\/08\/comment-mettre-en-surbrillance-les-cellules-vides-avec-la-mise-en-forme-conditionnelle-cliquez-sur-le-bouton-de-format-1.png\" sizes=\"\" srcset=\"\" alt=\"how to highlight blank cells click format button\"><\/li>\n<li> En las opciones de Formato, seleccione el color que desea usar para resaltar.<\/li>\n<li> Haga clic en Aceptar. <br \/><img decoding=\"async\" title=\"use el color rojo para resaltar celdas vac\u00edas en Excel-1\" src=\"https:\/\/exceladvisor.org\/wp-content\/uploads\/2023\/08\/utiliser-la-couleur-rouge-pour-mettre-en-surbrillance-les-cellules-vides-dans-excel-1-1.png\" sizes=\"\" srcset=\"\" alt=\"use red color to highlight blank cells in excel\"><\/li>\n<\/ol>\n<p> Y lo mejor es que si tienes celdas vac\u00edas con una f\u00f3rmula, tambi\u00e9n la resaltar\u00e1 y si tienes una tabla din\u00e1mica en lugar de una tabla normal, los pasos ser\u00e1n los mismos.<\/p>\n<p class=\"content-box-grey\"> Es una configuraci\u00f3n \u00fanica, no es necesario aplicarla una y otra vez. Utilice una tabla en sus datos y <a href=\"https:\/\/exceladvisor.org\/es\/formato-condicional\/\">el formato condicional<\/a> se expandir\u00e1 cuando agregue nuevos datos a la tabla.<\/p>\n<h2 id=\"tab-con-3\" class=\"wp-block-heading\"> C\u00f3digo VBA para resaltar la celda vac\u00eda<\/h2>\n<p> S\u00e9 que tienes un amor incondicional por VBA. Y es por eso que tenemos un c\u00f3digo de macro para aplicar un color a todas las celdas vac\u00edas en un rango seleccionado.<\/p>\n<pre class=\"wp-block-code\"> <code class=\"language-visual-basic line-numbers\" lang=\"visual-basic\">Sub ColorBlankCells() Dim rng As Range Set rng = Selection rng.SpecialCells(xlCellTypeBlanks).Interior.Color = vbRed End Sub<\/code><\/pre>\n<p> Cuando <a href=\"https:\/\/exceladvisor.org\/es\/ejecutar-una-macro-2\/\">ejecuta este c\u00f3digo,<\/a> verifica cada celda del rango y luego aplica un color rojo si una celda est\u00e1 vac\u00eda.<\/p>\n<p> <strong>Leer:<\/strong> <a href=\"https:\/\/exceladvisor.org\/es\/vba\/\">Tutorial de VBA<\/a><\/p>\n<h2 id=\"tab-con-4\" class=\"wp-block-heading\"> Conclusi\u00f3n<\/h2>\n<p> Estos son los tres m\u00e9todos que puedes utilizar para resaltar celdas vac\u00edas. Puede utilizar cualquiera de estos m\u00e9todos que crea que es perfecto para usted. Y, si me preguntas, siempre prefiero usar el formato condicional porque es din\u00e1mico, por lo que no es necesario aplicarlo una y otra vez.<\/p>\n<p> Espero que estos m\u00e9todos te ayuden en tu trabajo diario.<\/p>\n<p> Ahora dime una cosa. <strong><em><span style=\"color: #ea493f;\">\u00bfTiene otro m\u00e9todo para aplicar color a celdas vac\u00edas?<\/span><\/em><\/strong> Por favor comp\u00e1rtelo conmigo en la secci\u00f3n de comentarios, me encantar\u00eda saber de ti. Y no olvides compartir este consejo con tus amigos.<\/p>\n<div class=\"gb-container gb-container-4db6181c gb-container-mt\"> <a class=\"gb-button gb-button-c5897111 gb-button-text gb-button-mt-button\" href=\"https:\/\/exceladvisor.org\/es\/conceptos-basicos-de-excel\/\">Conceptos b\u00e1sicos de Microsoft Excel (componentes, piezas y notas de conocimiento)<\/a><\/p>\n<h2 class=\"gb-headline gb-headline-665e5f6b gb-headline-text gb-headline-mt-heading\"> Tutoriales relacionados <\/h2>\n<div class=\"gb-grid-wrapper gb-grid-wrapper-a20baf7c gb-grid-wrapper-mt-grid\">\n<div class=\"gb-grid-column gb-grid-column-65ddf67e\">\n<div class=\"gb-container gb-container-65ddf67e\">\n<ul>\n<li> <a href=\"https:\/\/exceladvisor.org\/es\/formato-del-numero-de-contabilidad\/\">Aplicar formato de n\u00famero contable en Excel<\/a><\/li>\n<li> <a href=\"https:\/\/exceladvisor.org\/es\/color-de-celda\/\">Aplicar color de fondo a una celda o a toda la hoja en Excel<\/a><\/li>\n<li> <a href=\"https:\/\/exceladvisor.org\/es\/la-cuadricula\/\">Imprima l\u00edneas de cuadr\u00edcula de Excel (elimine, acorte y cambie de color)<\/a><\/li>\n<li> <a href=\"https:\/\/exceladvisor.org\/es\/agregar-un-numero-de-pagina\/\">Agregar un n\u00famero de p\u00e1gina en Excel<\/a><\/li>\n<li> <a href=\"https:\/\/exceladvisor.org\/es\/aplicar-estilo-de-coma\/\">Aplicar estilo coma en Excel<\/a><\/li>\n<\/ul>\n<\/div>\n<\/div>\n<\/div>\n<\/div>\n","protected":false},"excerpt":{"rendered":"<p>Es dif\u00edcil reconocer celdas en blanco en datos de gran tama\u00f1o porque una celda en blanco es solo una celda blanca sin ning\u00fan valor. En la mayor\u00eda de los casos, las celdas vac\u00edas representan alg\u00fan tipo de datos faltantes, o una f\u00f3rmula devuelve una cadena vac\u00eda que da como resultado una celda vac\u00eda. Y por [&hellip;]<\/p>\n","protected":false},"author":1,"featured_media":0,"parent":0,"menu_order":0,"comment_status":"open","ping_status":"closed","template":"","meta":{"ub_ctt_via":"","footnotes":""},"class_list":["post-172","page","type-page","status-publish","hentry"],"featured_image_src":null,"yoast_head":"<!-- This site is optimized with the Yoast SEO plugin v25.4 - https:\/\/yoast.com\/wordpress\/plugins\/seo\/ -->\n<title>C\u00f3mo resaltar celdas vac\u00edas en excel<\/title>\n<meta name=\"robots\" content=\"index, follow, max-snippet:-1, max-image-preview:large, max-video-preview:-1\" \/>\n<link rel=\"canonical\" href=\"https:\/\/exceladvisor.org\/es\/resaltar-celdas-vacias\/\" \/>\n<meta property=\"og:locale\" content=\"es_ES\" \/>\n<meta property=\"og:type\" content=\"article\" \/>\n<meta property=\"og:title\" content=\"C\u00f3mo resaltar celdas vac\u00edas en excel\" \/>\n<meta property=\"og:description\" content=\"Es dif\u00edcil reconocer celdas en blanco en datos de gran tama\u00f1o porque una celda en blanco es solo una celda blanca sin ning\u00fan valor. En la mayor\u00eda de los casos, las celdas vac\u00edas representan alg\u00fan tipo de datos faltantes, o una f\u00f3rmula devuelve una cadena vac\u00eda que da como resultado una celda vac\u00eda. Y por [&hellip;]\" \/>\n<meta property=\"og:url\" content=\"https:\/\/exceladvisor.org\/es\/resaltar-celdas-vacias\/\" \/>\n<meta property=\"og:site_name\" content=\"Excel Advisor\" \/>\n<meta property=\"article:modified_time\" content=\"2023-12-25T10:32:42+00:00\" \/>\n<meta property=\"og:image\" content=\"https:\/\/exceladvisor.org\/wp-content\/uploads\/2023\/08\/comment-mettre-en-surbrillance-des-cellules-vides-avec-un-tableau-de-donnees-de-mise-en-forme-conditionnelle-1.png\" \/>\n<meta name=\"twitter:card\" content=\"summary_large_image\" \/>\n<meta name=\"twitter:label1\" content=\"Tiempo de lectura\" \/>\n\t<meta name=\"twitter:data1\" content=\"4 minutos\" \/>\n<script type=\"application\/ld+json\" class=\"yoast-schema-graph\">{\"@context\":\"https:\/\/schema.org\",\"@graph\":[{\"@type\":\"WebPage\",\"@id\":\"https:\/\/exceladvisor.org\/es\/resaltar-celdas-vacias\/\",\"url\":\"https:\/\/exceladvisor.org\/es\/resaltar-celdas-vacias\/\",\"name\":\"C\u00f3mo resaltar celdas vac\u00edas en excel\",\"isPartOf\":{\"@id\":\"https:\/\/exceladvisor.org\/es\/#website\"},\"primaryImageOfPage\":{\"@id\":\"https:\/\/exceladvisor.org\/es\/resaltar-celdas-vacias\/#primaryimage\"},\"image\":{\"@id\":\"https:\/\/exceladvisor.org\/es\/resaltar-celdas-vacias\/#primaryimage\"},\"thumbnailUrl\":\"https:\/\/exceladvisor.org\/wp-content\/uploads\/2023\/08\/comment-mettre-en-surbrillance-des-cellules-vides-avec-un-tableau-de-donnees-de-mise-en-forme-conditionnelle-1.png\",\"datePublished\":\"2023-11-14T02:04:06+00:00\",\"dateModified\":\"2023-12-25T10:32:42+00:00\",\"breadcrumb\":{\"@id\":\"https:\/\/exceladvisor.org\/es\/resaltar-celdas-vacias\/#breadcrumb\"},\"inLanguage\":\"es\",\"potentialAction\":[{\"@type\":\"ReadAction\",\"target\":[\"https:\/\/exceladvisor.org\/es\/resaltar-celdas-vacias\/\"]}]},{\"@type\":\"ImageObject\",\"inLanguage\":\"es\",\"@id\":\"https:\/\/exceladvisor.org\/es\/resaltar-celdas-vacias\/#primaryimage\",\"url\":\"https:\/\/exceladvisor.org\/wp-content\/uploads\/2023\/08\/comment-mettre-en-surbrillance-des-cellules-vides-avec-un-tableau-de-donnees-de-mise-en-forme-conditionnelle-1.png\",\"contentUrl\":\"https:\/\/exceladvisor.org\/wp-content\/uploads\/2023\/08\/comment-mettre-en-surbrillance-des-cellules-vides-avec-un-tableau-de-donnees-de-mise-en-forme-conditionnelle-1.png\"},{\"@type\":\"BreadcrumbList\",\"@id\":\"https:\/\/exceladvisor.org\/es\/resaltar-celdas-vacias\/#breadcrumb\",\"itemListElement\":[{\"@type\":\"ListItem\",\"position\":1,\"name\":\"Hogar\",\"item\":\"https:\/\/exceladvisor.org\/es\/\"},{\"@type\":\"ListItem\",\"position\":2,\"name\":\"C\u00f3mo resaltar celdas vac\u00edas en excel\"}]},{\"@type\":\"WebSite\",\"@id\":\"https:\/\/exceladvisor.org\/es\/#website\",\"url\":\"https:\/\/exceladvisor.org\/es\/\",\"name\":\"Excel Advisor\",\"description\":\"Su gu\u00eda para la dominaci\u00f3n de datos!\",\"publisher\":{\"@id\":\"https:\/\/exceladvisor.org\/es\/#organization\"},\"potentialAction\":[{\"@type\":\"SearchAction\",\"target\":{\"@type\":\"EntryPoint\",\"urlTemplate\":\"https:\/\/exceladvisor.org\/es\/?s={search_term_string}\"},\"query-input\":{\"@type\":\"PropertyValueSpecification\",\"valueRequired\":true,\"valueName\":\"search_term_string\"}}],\"inLanguage\":\"es\"},{\"@type\":\"Organization\",\"@id\":\"https:\/\/exceladvisor.org\/es\/#organization\",\"name\":\"Excel Advisor\",\"url\":\"https:\/\/exceladvisor.org\/es\/\",\"logo\":{\"@type\":\"ImageObject\",\"inLanguage\":\"es\",\"@id\":\"https:\/\/exceladvisor.org\/es\/#\/schema\/logo\/image\/\",\"url\":\"https:\/\/exceladvisor.org\/es\/wp-content\/uploads\/2023\/12\/exceladvisor.org_.png\",\"contentUrl\":\"https:\/\/exceladvisor.org\/es\/wp-content\/uploads\/2023\/12\/exceladvisor.org_.png\",\"width\":105,\"height\":36,\"caption\":\"Excel Advisor\"},\"image\":{\"@id\":\"https:\/\/exceladvisor.org\/es\/#\/schema\/logo\/image\/\"}}]}<\/script>\n<!-- \/ Yoast SEO plugin. -->","yoast_head_json":{"title":"C\u00f3mo resaltar celdas vac\u00edas en excel","robots":{"index":"index","follow":"follow","max-snippet":"max-snippet:-1","max-image-preview":"max-image-preview:large","max-video-preview":"max-video-preview:-1"},"canonical":"https:\/\/exceladvisor.org\/es\/resaltar-celdas-vacias\/","og_locale":"es_ES","og_type":"article","og_title":"C\u00f3mo resaltar celdas vac\u00edas en excel","og_description":"Es dif\u00edcil reconocer celdas en blanco en datos de gran tama\u00f1o porque una celda en blanco es solo una celda blanca sin ning\u00fan valor. En la mayor\u00eda de los casos, las celdas vac\u00edas representan alg\u00fan tipo de datos faltantes, o una f\u00f3rmula devuelve una cadena vac\u00eda que da como resultado una celda vac\u00eda. Y por [&hellip;]","og_url":"https:\/\/exceladvisor.org\/es\/resaltar-celdas-vacias\/","og_site_name":"Excel Advisor","article_modified_time":"2023-12-25T10:32:42+00:00","og_image":[{"url":"https:\/\/exceladvisor.org\/wp-content\/uploads\/2023\/08\/comment-mettre-en-surbrillance-des-cellules-vides-avec-un-tableau-de-donnees-de-mise-en-forme-conditionnelle-1.png","type":"","width":"","height":""}],"twitter_card":"summary_large_image","twitter_misc":{"Tiempo de lectura":"4 minutos"},"schema":{"@context":"https:\/\/schema.org","@graph":[{"@type":"WebPage","@id":"https:\/\/exceladvisor.org\/es\/resaltar-celdas-vacias\/","url":"https:\/\/exceladvisor.org\/es\/resaltar-celdas-vacias\/","name":"C\u00f3mo resaltar celdas vac\u00edas en excel","isPartOf":{"@id":"https:\/\/exceladvisor.org\/es\/#website"},"primaryImageOfPage":{"@id":"https:\/\/exceladvisor.org\/es\/resaltar-celdas-vacias\/#primaryimage"},"image":{"@id":"https:\/\/exceladvisor.org\/es\/resaltar-celdas-vacias\/#primaryimage"},"thumbnailUrl":"https:\/\/exceladvisor.org\/wp-content\/uploads\/2023\/08\/comment-mettre-en-surbrillance-des-cellules-vides-avec-un-tableau-de-donnees-de-mise-en-forme-conditionnelle-1.png","datePublished":"2023-11-14T02:04:06+00:00","dateModified":"2023-12-25T10:32:42+00:00","breadcrumb":{"@id":"https:\/\/exceladvisor.org\/es\/resaltar-celdas-vacias\/#breadcrumb"},"inLanguage":"es","potentialAction":[{"@type":"ReadAction","target":["https:\/\/exceladvisor.org\/es\/resaltar-celdas-vacias\/"]}]},{"@type":"ImageObject","inLanguage":"es","@id":"https:\/\/exceladvisor.org\/es\/resaltar-celdas-vacias\/#primaryimage","url":"https:\/\/exceladvisor.org\/wp-content\/uploads\/2023\/08\/comment-mettre-en-surbrillance-des-cellules-vides-avec-un-tableau-de-donnees-de-mise-en-forme-conditionnelle-1.png","contentUrl":"https:\/\/exceladvisor.org\/wp-content\/uploads\/2023\/08\/comment-mettre-en-surbrillance-des-cellules-vides-avec-un-tableau-de-donnees-de-mise-en-forme-conditionnelle-1.png"},{"@type":"BreadcrumbList","@id":"https:\/\/exceladvisor.org\/es\/resaltar-celdas-vacias\/#breadcrumb","itemListElement":[{"@type":"ListItem","position":1,"name":"Hogar","item":"https:\/\/exceladvisor.org\/es\/"},{"@type":"ListItem","position":2,"name":"C\u00f3mo resaltar celdas vac\u00edas en excel"}]},{"@type":"WebSite","@id":"https:\/\/exceladvisor.org\/es\/#website","url":"https:\/\/exceladvisor.org\/es\/","name":"Excel Advisor","description":"Su gu\u00eda para la dominaci\u00f3n de datos!","publisher":{"@id":"https:\/\/exceladvisor.org\/es\/#organization"},"potentialAction":[{"@type":"SearchAction","target":{"@type":"EntryPoint","urlTemplate":"https:\/\/exceladvisor.org\/es\/?s={search_term_string}"},"query-input":{"@type":"PropertyValueSpecification","valueRequired":true,"valueName":"search_term_string"}}],"inLanguage":"es"},{"@type":"Organization","@id":"https:\/\/exceladvisor.org\/es\/#organization","name":"Excel Advisor","url":"https:\/\/exceladvisor.org\/es\/","logo":{"@type":"ImageObject","inLanguage":"es","@id":"https:\/\/exceladvisor.org\/es\/#\/schema\/logo\/image\/","url":"https:\/\/exceladvisor.org\/es\/wp-content\/uploads\/2023\/12\/exceladvisor.org_.png","contentUrl":"https:\/\/exceladvisor.org\/es\/wp-content\/uploads\/2023\/12\/exceladvisor.org_.png","width":105,"height":36,"caption":"Excel Advisor"},"image":{"@id":"https:\/\/exceladvisor.org\/es\/#\/schema\/logo\/image\/"}}]}},"yoast_meta":{"yoast_wpseo_title":"","yoast_wpseo_metadesc":"","yoast_wpseo_canonical":""},"_links":{"self":[{"href":"https:\/\/exceladvisor.org\/es\/wp-json\/wp\/v2\/pages\/172","targetHints":{"allow":["GET"]}}],"collection":[{"href":"https:\/\/exceladvisor.org\/es\/wp-json\/wp\/v2\/pages"}],"about":[{"href":"https:\/\/exceladvisor.org\/es\/wp-json\/wp\/v2\/types\/page"}],"author":[{"embeddable":true,"href":"https:\/\/exceladvisor.org\/es\/wp-json\/wp\/v2\/users\/1"}],"replies":[{"embeddable":true,"href":"https:\/\/exceladvisor.org\/es\/wp-json\/wp\/v2\/comments?post=172"}],"version-history":[{"count":1,"href":"https:\/\/exceladvisor.org\/es\/wp-json\/wp\/v2\/pages\/172\/revisions"}],"predecessor-version":[{"id":1433,"href":"https:\/\/exceladvisor.org\/es\/wp-json\/wp\/v2\/pages\/172\/revisions\/1433"}],"wp:attachment":[{"href":"https:\/\/exceladvisor.org\/es\/wp-json\/wp\/v2\/media?parent=172"}],"curies":[{"name":"wp","href":"https:\/\/api.w.org\/{rel}","templated":true}]}}